{"id":2030,"date":"2022-02-14T03:22:31","date_gmt":"2022-02-14T03:22:31","guid":{"rendered":"https:\/\/taizyagromachine.com\/"},"modified":"2025-12-18T15:04:00","modified_gmt":"2025-12-18T07:04:00","slug":"single-row-corn-harvester","status":"publish","type":"product","link":"https:\/\/taizyagromachine.com\/sw\/product\/single-row-corn-harvester\/","title":{"rendered":"Mvunaji wa Mahindi ya Mstari Mmoja"},"content":{"rendered":"<p class=\"translation-block\"><strong>Single row corn harvester<\/strong> \u00e4r sj\u00e4lvdriven majsavverkare, mest anv\u00e4nd i sm\u00e5 majsf\u00e4lt inom sm\u00e5 markblock, bergiga regioner, kuperad mark. Det \u00e4r en liten majsavverkare, drivas av diesel- eller bensinmotor. Dessutom har en-rads majsplockare funktioner f\u00f6r majsplockning och stammen krossas. De krossade stammarna \u00e5terg\u00e5r till f\u00e4ltet. <\/p>    <p class=\"translation-block\">Dessutom \u00e4r stubbh\u00f6jden p\u00e5 majsstj\u00e4lkarna justerbar baserat p\u00e5 dina krav. Det som mer \u00e4r, avharvaren delen av denna maskin \u00e4r utformad oberoende, vilket kan avl\u00e4gsnas. Och den \u00e5terst\u00e5ende delen kan anv\u00e4ndas som en mikrobearbetningsmaskin. Efter majsavkastningen kan du anv\u00e4nda <a href=\"https:\/\/taizyagromachine.com\/sw\/corn-machine\/maize-thresher\/\" target=\"_blank\" rel=\"noreferrer noopener\">majskvarn<\/a> f\u00f6r att f\u00e5 majsk\u00e4rnor. \u00c4r du intresserad av denna majs\u00e5gar? Kontakta oss s\u00e5 snart som m\u00f6jligt!<\/p>    <h2 class=\"wp-block-heading\" id=\"structure-of-one-row-maize-harvester-for-sale\"><strong>Muundo wa Mstari Mmoja wa Kuvuna Mahindi kwa Uuzaji<\/strong><\/h2>    <p>Kuwa waaminifu, mashine hii ya kuvuna mahindi ya safu mlalo moja ina muundo rahisi na fupi. Ina armrest kudhibiti mashine. Pia, kutokana na muundo wake, tunaweza kujua ni rahisi kufanya kazi, na ni rafiki sana kwa watumiaji.<\/p>   <div class=\"wp-block-image\"> <figure class=\"aligncenter size-full\"><img loading=\"lazy\" decoding=\"async\" width=\"720\" height=\"540\" src=\"https:\/\/taizyagromachine.com\/wp-content\/uploads\/2022\/02\/structure-1-row-corn-harvester.jpg\" alt=\"muundo wa safu moja ya kuvuna mahindi\" class=\"wp-image-2037\" srcset=\"https:\/\/taizyagromachine.com\/wp-content\/uploads\/2022\/02\/structure-1-row-corn-harvester.jpg 720w, https:\/\/taizyagromachine.com\/wp-content\/uploads\/2022\/02\/structure-1-row-corn-harvester-300x225.jpg 300w\" sizes=\"auto, (max-width: 720px) 100vw, 720px\" \/><figcaption class=\"wp-element-caption\">muundo<\/figcaption><\/figure> <\/div>   <h2 class=\"wp-block-heading\" id=\"features-of-corn-reaper\"><strong>Vipengele vya Mvunaji wa Mahindi Mmoja wa Mstari mmoja anauzwa<\/strong><\/h2>    <ul class=\"wp-block-list\"> <li>Vitendaji vingi. Mchumaji huyu wa safu 1 wa mahindi anaweza kukamilisha kuchuma mahindi na mabua kusagwa kurudi shambani kwa wakati mmoja.<\/li>    <li>Kubadilika kwa nguvu. wavunaji wa mahindi wa mstari mmoja wanaweza kufanya kazi chini ya wilaya ya milima na milima, mashamba madogo.<\/li>    <li>Ufanisi wa juu. Opereta aliye na ujuzi anaweza kufikia hekta 0.03-0.06 kwa saa.<\/li>    <li>Uendeshaji rahisi. Watu hawana haja ya utaalamu na mafunzo sana.<\/li>    <li>Uendeshaji rahisi, mashine ndogo ya kuvuna mahindi, muundo rahisi.<\/li>    <li>Matumizi ya chini ya mafuta, gharama nafuu, hivyo gharama nafuu.<\/li> <\/ul>    <h2 class=\"wp-block-heading\" id=\"working-principles-of-single-row-corn-picker\"><strong>Kanuni za Kazi za Kichagua Mahindi ya Mstari Mmoja<\/strong><\/h2>    <p>Kivunaji hiki cha mahindi kinachojiendesha kina vifaa vya injini inayolingana, ikitoa nguvu kupitia sanduku la gia. Matairi ya kutembea yanafanya kazi kwa nguvu zinazotolewa kupitia sanduku moja la gia. Kwa sanduku lingine la gia, huendesha magurudumu mawili ya kuvuna na seti moja ya kusagwa. Wakati mvunaji wa safu 1 anaposonga mbele, vuta bua kwenye sehemu ya kuvuna. Na kisha gurudumu la kuvuna huvuta bua ya mahindi chini. Lakini wakati wa kushuka, kutokana na ukubwa mkubwa wa mahindi, mahindi yanaweza kuvutwa kwenye ghala la wavunaji. Mabua ya mahindi yatavunjwa na kuweka blade ya kusagwa.<\/p>    <h2 class=\"wp-block-heading\" id=\"successful-cases-of-single-row-corn-harvesting-machine\"><strong>Kesi Zilizofaulu za Mashine ya Kuvuna Mahindi kwenye Mstari Mmoja<\/strong><\/h2>    <p>Mwaka huu, meneja wetu wa mauzo Winne alipata ombi kuhusu mashine ya kuvuna mahindi ya safu 1 kutoka Nigeria. Alinunua kwa ajili ya mashamba yake ya mahindi. Lakini mashamba yake yalikuwapo katika maeneo ya milima. Kwa hivyo, Winne alipendekeza aina hii ya mashine ya kuvuna mahindi yenye kujiendesha kwa ajili yake. Bila shaka, aliuliza kwa wazalishaji na wasambazaji wengine. Ikilinganishwa na kampuni hizi, aligundua kuwa sisi ni kampuni ya kitaalamu na ya kuaminika. Kwa hivyo, aliamua kununua seti 30 za mashine ya kuvuna mahindi ya safu 1 kutoka Kampuni yetu ya Taizy. Baada ya kupokea mashine, alituma maoni mazuri kwetu na alitumai tunaweza kushirikiana tena.<\/p>    <figure class=\"wp-block-gallery has-nested-images columns-default is-cropped wp-block-gallery-2 is-layout-flex wp-block-gallery-is-layout-flex\"> <figure class=\"wp-block-image size-full\"><img loading=\"lazy\" decoding=\"async\" width=\"720\" height=\"540\" data-id=\"2040\" src=\"https:\/\/taizyagromachine.com\/wp-content\/uploads\/2022\/02\/pack-in-the-woooden-case-1-row-corn-harvester.jpg\" alt=\"pakiti katika kesi ya mbao\" class=\"wp-image-2040\" srcset=\"https:\/\/taizyagromachine.com\/wp-content\/uploads\/2022\/02\/pack-in-the-woooden-case-1-row-corn-harvester.jpg 720w, https:\/\/taizyagromachine.com\/wp-content\/uploads\/2022\/02\/pack-in-the-woooden-case-1-row-corn-harvester-300x225.jpg 300w\" sizes=\"auto, (max-width: 720px) 100vw, 720px\" \/><figcaption class=\"wp-element-caption\">pakiti katika kesi ya mbao<\/figcaption><\/figure>    <figure class=\"wp-block-image size-full\"><img loading=\"lazy\" decoding=\"async\" width=\"720\" height=\"540\" data-id=\"2039\" src=\"https:\/\/taizyagromachine.com\/wp-content\/uploads\/2022\/02\/load-into-the-container-1-rowcorn-harvester.jpg\" alt=\"mzigo kwenye chombo\" class=\"wp-image-2039\" srcset=\"https:\/\/taizyagromachine.com\/wp-content\/uploads\/2022\/02\/load-into-the-container-1-rowcorn-harvester.jpg 720w, https:\/\/taizyagromachine.com\/wp-content\/uploads\/2022\/02\/load-into-the-container-1-rowcorn-harvester-300x225.jpg 300w\" sizes=\"auto, (max-width: 720px) 100vw, 720px\" \/><figcaption class=\"wp-element-caption\">mzigo kwenye chombo<\/figcaption><\/figure> <\/figure>    <h2 class=\"wp-block-heading\" id=\"faq\"><strong>Maswali Yanayoulizwa Mara kwa Mara ya Mvunaji wa Mahindi ya Safu Moja<\/strong><\/h2>   <div id=\"rank-math-faq\" class=\"rank-math-block\"> <div class=\"rank-math-list\"> <div id=\"faq-question-1663830814557\" class=\"rank-math-list-item\"> <h3 class=\"rank-math-question\"><strong>Swali: Je, mvunaji huyu anaweza kumenya ngozi ya mahindi?<\/strong><\/h3> <div class=\"rank-math-answer\">  <p>J: Hapana, haiwezi.<\/p>  <\/div> <\/div> <div id=\"faq-question-1663830821594\" class=\"rank-math-list-item\"> <h3 class=\"rank-math-question\"><strong>Swali: Mashina ya mahindi yako wapi baada ya kuvuna?<\/strong><\/h3> <div class=\"rank-math-answer\">  <p>J: Mashina ya mahindi yanarudi shambani baada ya kusagwa kupitia vile vile 10 chini ya mashine.<\/p>  <\/div> <\/div> <div id=\"faq-question-1663830840907\" class=\"rank-math-list-item\"> <h3 class=\"rank-math-question\"><strong>Swali: Vipi kuhusu urefu wa makapi?<\/strong><\/h3> <div class=\"rank-math-answer\">  <p>J: Inaweza kubadilishwa, lakini urefu wa chini ni 10cm.<\/p>  <\/div> <\/div> <div id=\"faq-question-1663830861138\" class=\"rank-math-list-item\"> <h3 class=\"rank-math-question\"><strong>Swali: Je, blade inaharibiwa kwa urahisi? Je, ninaweza kuitumia kwa muda gani?<\/strong><\/h3> <div class=\"rank-math-answer\">  <p>J: Ndiyo, vile vile vinavunjika kwa urahisi, hasa kukutana na mawe makubwa au vikwazo vingine vigumu sana. Kawaida, ina maisha ya huduma ya mwaka mmoja. Tunakutumia kitengo 1 cha ziada (pcs 10) bila malipo na kivuna mahindi wakati wa kujifungua.<\/p>  <\/div> <\/div> <div id=\"faq-question-1663830876948\" class=\"rank-math-list-item\"> <h3 class=\"rank-math-question\"><strong>Swali:\u00a0Hiki kivuna mahindi kinatumia nguvu gani?<\/strong><\/h3> <div class=\"rank-math-answer\">  <p>A: Injini ya petroli ya 188F au injini ya dizeli ya kupoza hewa ya 188F.<\/p>  <\/div> <\/div> <div id=\"faq-question-1663830896543\" class=\"rank-math-list-item\"> <h3 class=\"rank-math-question\"><strong>Swali: Je, kutakuwa na mahindi\u00a0ambayo hayawezi kuvunwa?<\/strong><\/h3> <div class=\"rank-math-answer\">  <p>J: Kwa uzoefu wa mazoezi, kiwango cha uvunaji wa mahindi ni zaidi ya 98%.<\/p>  <\/div> <\/div> <div id=\"faq-question-1663830913428\" class=\"rank-math-list-item\"> <h3 class=\"rank-math-question\">Swali: Ni mahindi ngapi yanaweza kukusanywa ghalani kando ya mashine?<\/h3> <div class=\"rank-math-answer\">  <p>A: Inategemea ukubwa wa mahindi, kwa kawaida inaweza kukusanya 30-50pcs.<\/p>  <\/div> <\/div> <\/div> <\/div>   <h2 class=\"wp-block-heading\"><strong>Video ya Mashine ya Kuvuna Mahindi ya Safu Moja<\/strong><\/h2>    <figure class=\"wp-block-embed is-type-video is-provider-youtube wp-block-embed-youtube wp-embed-aspect-16-9 wp-has-aspect-ratio\"><div class=\"wp-block-embed__wrapper\"> <iframe loading=\"lazy\" title=\"Mashine ya Kuvuna Mahindi ya Safu Moja kwa Mkono | Kiokota Mahindi ya Mstari 1 ya Mahindi Inauzwa #corn\" width=\"500\" height=\"281\" src=\"https:\/\/www.youtube.com\/embed\/oWVc9HTAemk?feature=oembed\" frameborder=\"0\" allow=\"accelerometer; autoplay; clipboard-write; encrypted-media; gyroscope; picture-in-picture; web-share\" referrerpolicy=\"strict-origin-when-cross-origin\" allowfullscreen><\/iframe> <\/div><\/figure>","protected":false},"excerpt":{"rendered":"<p>Single row corn harvester&nbsp;is self-propelled maize reaping equipment, mostly used in the small cornfields in small land blocks, mountainous regions, hilly grounds. It\u2019s small maize harvester, powered by diesel engine or gasoline engine. Besides, the one-row corn picker has functions of corn picking and stalks crushing. The crushed stalks get back to the field. Also, [&hellip;]<\/p>\n","protected":false},"author":1,"featured_media":2143,"parent":0,"template":"","tags":[],"product-type":[17],"class_list":["post-2030","product","type-product","status-publish","has-post-thumbnail","hentry","product-type-corn-machine"],"_links":{"self":[{"href":"https:\/\/taizyagromachine.com\/sw\/wp-json\/wp\/v2\/product\/2030","targetHints":{"allow":["GET"]}}],"collection":[{"href":"https:\/\/taizyagromachine.com\/sw\/wp-json\/wp\/v2\/product"}],"about":[{"href":"https:\/\/taizyagromachine.com\/sw\/wp-json\/wp\/v2\/types\/product"}],"author":[{"embeddable":true,"href":"https:\/\/taizyagromachine.com\/sw\/wp-json\/wp\/v2\/users\/1"}],"wp:featuredmedia":[{"embeddable":true,"href":"https:\/\/taizyagromachine.com\/sw\/wp-json\/wp\/v2\/media\/2143"}],"wp:attachment":[{"href":"https:\/\/taizyagromachine.com\/sw\/wp-json\/wp\/v2\/media?parent=2030"}],"wp:term":[{"taxonomy":"post_tag","embeddable":true,"href":"https:\/\/taizyagromachine.com\/sw\/wp-json\/wp\/v2\/tags?post=2030"},{"taxonomy":"product-type","embeddable":true,"href":"https:\/\/taizyagromachine.com\/sw\/wp-json\/wp\/v2\/product-type?post=2030"}],"curies":[{"name":"wp","href":"https:\/\/api.w.org\/{rel}","templated":true}]}}