{"id":2551,"date":"2022-05-07T02:48:46","date_gmt":"2022-05-07T02:48:46","guid":{"rendered":"https:\/\/taizyagromachine.com\/?post_type=product&#038;p=2551"},"modified":"2025-01-06T14:21:19","modified_gmt":"2025-01-06T06:21:19","slug":"chaff-cutter-and-grain-grinder","status":"publish","type":"product","link":"https:\/\/taizyagromachine.com\/sw\/product\/chaff-cutter-and-grain-grinder\/","title":{"rendered":"Kikata makapi na Kisaga cha Nafaka"},"content":{"rendered":"<p>Mashine hii ya kukata makapi na kusaga nafaka ni bidhaa yetu iliyoboreshwa ya kukata nyasi na kusaga nafaka. Mashine za mfululizo wa 9ZRF ni rahisi katika muundo, busara katika kubuni na rahisi kufanya kazi. Mashine hii ya kukata majani na ya kusaga nafaka inaweza kufanya usindikaji wa aina mbalimbali za majani ya mazao na inafaa kwa matumizi ya wanyama wa safu kubwa kama vile ng'ombe, nguruwe, bukini na farasi. Mashine inaweza kukata majani na nyasi katika vipande laini vya urefu sawa. Inaweza pia kusaga nafaka kama chakula cha mifugo kinachofaa kwa kuku. Ikiwa una nia, tafadhali jisikie huru kuwasiliana nasi.<\/p>    <h2 class=\"wp-block-heading\" id=\"h-working-video-of-combined-grass-grain-grinder-machine\"><strong>Video ya Kazi ya Mashine ya Kusaga Nafaka Mchanganyiko wa Nyasi<\/strong><\/h2>    <figure class=\"wp-block-embed is-type-video is-provider-youtube wp-block-embed-youtube wp-embed-aspect-16-9 wp-has-aspect-ratio\"><div class=\"wp-block-embed__wrapper\"> <iframe loading=\"lazy\" title=\"Kukata Nyasi na Kusaga Nafaka - Jinsi ya Kukata Nyasi &amp; Mashina na Kusaga Mahindi? #chaffcutter #silage\" width=\"500\" height=\"281\" src=\"https:\/\/www.youtube.com\/embed\/G5bzZxbTA6I?feature=oembed\" frameborder=\"0\" allow=\"accelerometer; autoplay; clipboard-write; encrypted-media; gyroscope; picture-in-picture; web-share\" referrerpolicy=\"strict-origin-when-cross-origin\" allowfullscreen><\/iframe> <\/div><\/figure>    <figure class=\"wp-block-embed is-type-video is-provider-youtube wp-block-embed-youtube wp-embed-aspect-16-9 wp-has-aspect-ratio\"><div class=\"wp-block-embed__wrapper\"> <iframe loading=\"lazy\" title=\"Kikata makapi na kisaga nafaka | CHrusher ya nafaka iliyochanganywa ya nyasi | mkataji wa majani na grinder ya nafaka\" width=\"500\" height=\"281\" src=\"https:\/\/www.youtube.com\/embed\/cF8y2xCfVfk?feature=oembed\" frameborder=\"0\" allow=\"accelerometer; autoplay; clipboard-write; encrypted-media; gyroscope; picture-in-picture; web-share\" referrerpolicy=\"strict-origin-when-cross-origin\" allowfullscreen><\/iframe> <\/div><\/figure>    <h2 class=\"wp-block-heading\"><strong>Muundo wa Kikata makapi na Mashine ya Kusaga Nafaka <\/strong><\/h2>    <p>Mashine hii ya kusaga nyasi inauzwa ina muundo unaomfaa mtumiaji sana. Kwa sababu inatengenezwa kulingana na maendeleo ya kilimo. Kwanza kabisa, nyasi na nafaka huingia kutoka kwa pembe tofauti. Mbali na hili, urefu wa nyasi iliyokatwa inaweza kubadilishwa. Pia kuna kimbunga, ambacho kinaweza kuunganishwa na mfuko wa kitambaa chini ili kupunguza vumbi. Kwa ujumla, mashine ya kusaga nafaka ya nyasi iliyounganishwa hutumia injini ya umeme, lakini pia inaweza kuwekwa na injini ya dizeli ili kutoa nguvu ya kutosha kwa mashine kufanya kazi.<\/p>   <div class=\"wp-block-image\"> <figure class=\"aligncenter size-full\"><img loading=\"lazy\" decoding=\"async\" width=\"720\" height=\"540\" src=\"https:\/\/taizyagromachine.com\/wp-content\/uploads\/2022\/05\/structure-of-chaff-cutter-and-grinder.jpg\" alt=\"muundo wa kukata makapi na grinder\" class=\"wp-image-2555\"\/><figcaption class=\"wp-element-caption\">muundo wa kukata makapi na grinder<\/figcaption><\/figure> <\/div>   <h2 class=\"wp-block-heading\"><strong>Vigezo vya Kiufundi vya Kikata makapi na Kisaga Nafaka<\/strong><\/h2>    <p>Mashine ya kukata makapi na mashine ya kusaga nafaka inapatikana kwa mazao tofauti, kwa hivyo unaweza kuchagua inayokufaa. Ingawa idadi ya vile vile ni sawa, vile vile si urefu sawa, hivyo matokeo hutofautiana.<\/p>    <figure class=\"wp-block-table\"><table><tbody><tr><td>Mfano<\/td><td>Nguvu<\/td><td>Uwezo<\/td><td>Urefu wa blade<\/td><td>Wingi wa blade<\/td><td>Ukubwa wa jumla<\/td><\/tr><tr><td>9ZRF-3.8<\/td><td>awamu mbili 4.5kW, awamu ya tatu 3kW<\/td><td>3800kg\/h<\/td><td>220*70*6mm<\/td><td>5<\/td><td>1700*1200*1500mm<\/td><\/tr><tr><td>9ZRF-4.8<\/td><td>awamu mbili 4.5kW, awamu ya tatu 3kW<\/td><td>4000kg\/h<\/td><td>280*70*6mm<\/td><td>5<\/td><td>1950*1200*1800mm<\/td><\/tr><\/tbody><\/table><\/figure>    <h2 class=\"wp-block-heading\" id=\"h-spotlights-of-straw-cutter-and-grain-grinder\"><strong>Viangazio vya Kikata Majani na Kisaga cha Nafaka<\/strong><\/h2>    <ul class=\"wp-block-list\"> <li>Kulisha moja kwa moja. Weka nyasi mvua au kavu kwenye mlango na nyasi itaingia moja kwa moja kwenye cavity ya kazi, rahisi sana na ya haraka, wakati wa kuokoa.<\/li>    <li>Mimea ni sugu ya kuvaa na hudumu kwa muda mrefu. Mkataji wa makapi na grinder ya nafaka hutengenezwa kwa vile vya hali ya juu kwa maisha marefu ya huduma.<\/li>    <li>Kipuliza hewa huwezesha nyasi na nafaka kutolewa haraka na kwa ufanisi.<\/li>    <li>Inabadilika. Mashine hii ya kukata nyasi na kusaga mahindi haiwezi tu kukata nyasi, bali pia kusaga nafaka.<\/li>    <li>Ina vifaa vya aina tatu za vile. Wakati nyenzo zinaingia kwenye warsha, blade hufanya nyasi iliyokatwa kuwa laini na nzuri zaidi.<\/li> <\/ul>    <figure class=\"wp-block-gallery aligncenter has-nested-images columns-default is-cropped wp-block-gallery-2 is-layout-flex wp-block-gallery-is-layout-flex\"> <figure class=\"wp-block-image size-large\"><img loading=\"lazy\" decoding=\"async\" width=\"720\" height=\"540\" data-id=\"2562\" src=\"https:\/\/taizyagromachine.com\/wp-content\/uploads\/2022\/05\/automatic-feeding.jpg\" alt=\"kulisha moja kwa moja\" class=\"wp-image-2562\"\/><figcaption class=\"wp-element-caption\">kulisha moja kwa moja<\/figcaption><\/figure>    <figure class=\"wp-block-image size-full\"><img loading=\"lazy\" decoding=\"async\" width=\"720\" height=\"540\" data-id=\"2561\" src=\"https:\/\/taizyagromachine.com\/wp-content\/uploads\/2022\/05\/internal-blades.jpg\" alt=\"blade za ndani\" class=\"wp-image-2561\"\/><figcaption class=\"wp-element-caption\">blade za ndani<\/figcaption><\/figure>    <figure class=\"wp-block-image size-full\"><img loading=\"lazy\" decoding=\"async\" width=\"720\" height=\"540\" data-id=\"2560\" src=\"https:\/\/taizyagromachine.com\/wp-content\/uploads\/2022\/05\/blower.jpg\" alt=\"kipulizia\" class=\"wp-image-2560\"\/><figcaption class=\"wp-element-caption\">kipulizia<\/figcaption><\/figure> <\/figure>    <h2 class=\"wp-block-heading\"><strong>Je! Utumiaji Gani wa Mashine ya Kukata makapi ya Chakula cha Wanyama?<\/strong><\/h2>    <p class=\"translation-block\">Como <a href=\"https:\/\/taizyagromachine.com\/sw\/\" target=\"_blank\" rel=\"noreferrer noopener\">un fabricante y proveedor profesional de maquinaria agr\u00edcola<\/a>, tenemos una amplia gama de productos. Este tipo de m\u00e1quina cortadora de paja para la agricultura es multifuncional. Esta m\u00e1quina es capaz de triturar hierba y moler granos. Hierbas secas y h\u00famedas como alfalfa, menta, tallos de ma\u00edz, menta p\u00farpura, paja de trigo, pasto, etc. Cereales como ma\u00edz, soja, avena, mijo, c\u00e1scaras de cacahuete, mazorcas, etc. De hecho, la gama de aplicaciones es muy amplia. Es una muy buena m\u00e1quina para comprar.<\/p>    <div class=\"wp-block-columns is-layout-flex wp-container-core-columns-is-layout-9d6595d7 wp-block-columns-is-layout-flex\"> <div class=\"wp-block-column is-layout-flow wp-block-column-is-layout-flow\"><div class=\"wp-block-image\"> <figure class=\"aligncenter size-full\"><img loading=\"lazy\" decoding=\"async\" width=\"720\" height=\"540\" src=\"https:\/\/taizyagromachine.com\/wp-content\/uploads\/2022\/05\/applicable-grass.jpg\" alt=\"nyasi husika\" class=\"wp-image-2558\"\/><figcaption class=\"wp-element-caption\">nyasi husika<\/figcaption><\/figure> <\/div><\/div>    <div class=\"wp-block-column is-layout-flow wp-block-column-is-layout-flow\"><div class=\"wp-block-image\"> <figure class=\"aligncenter size-full\"><img loading=\"lazy\" decoding=\"async\" width=\"720\" height=\"540\" src=\"https:\/\/taizyagromachine.com\/wp-content\/uploads\/2022\/05\/various-grains.jpg\" alt=\"nafaka mbalimbali\" class=\"wp-image-2559\"\/><figcaption class=\"wp-element-caption\">nafaka mbalimbali<\/figcaption><\/figure> <\/div><\/div> <\/div>    <h2 class=\"wp-block-heading\" id=\"h-working-principle-of-grass-cutting-and-grain-crushing-machine\"><strong>Kanuni ya Kazi ya Mashine ya Kukata Nyasi na Kusaga Nafaka<\/strong><\/h2>    <p>Nyenzo za nyasi huwekwa kwenye ghuba kwa mkono na kupitishwa moja kwa moja. Chini ya hatua ya pamoja ya vile vile vinavyozunguka kwa kasi ya juu na mtiririko wa hewa unaosababishwa na pala (blade ya upepo), vifaa huingia kwenye semina na kukatwa, kukatwa, kupasuka, na kukandamizwa na vile vinavyohamishika na vile vilivyowekwa kwenye hariri iliyolegea na iliyovunjika. vipande, ambavyo hutupwa nje ya mashine na blade ya upepo.<br>Nyenzo za nafaka zina sawa, isipokuwa kwamba hupitia skrini na hutolewa kupitia duka.<\/p>   <div class=\"wp-block-image\"> <figure class=\"aligncenter size-full\"><img loading=\"lazy\" decoding=\"async\" width=\"720\" height=\"540\" src=\"https:\/\/taizyagromachine.com\/wp-content\/uploads\/2022\/05\/combined-straw-cutter-and-grinder-machine.jpg\" alt=\"mashine ya kukata majani na mashine ya kusaga\" class=\"wp-image-2571\"\/><figcaption class=\"wp-element-caption\">mashine ya kukata majani na mashine ya kusaga<\/figcaption><\/figure> <\/div>   <h2 class=\"wp-block-heading\"><strong>Kwa Nini Uchague Chaff Cytter Inayodaiwa na Mashine ya Taizy na Mtengenezaji na Msambazaji wa Kisaga cha Nafaka?<\/strong><\/h2>    <ol class=\"wp-block-list\"> <li><strong>Gharama nafuu<\/strong>. Kwa sababu sisi ni kiwanda na biashara iliyojumuishwa, bei za mashine ni bei za kiwanda, kwa hivyo tunayo faida ya bei kwa kulinganisha. Wakati huo huo, ubora wa mashine zetu ni nzuri sana.<\/li>    <li><strong>Uzoefu katika usafirishaji<\/strong>. Tumekuwa tukijishughulisha na tasnia ya biashara ya nje kwa zaidi ya miaka kumi, ili wafanyikazi wetu wafahamu mchakato wa biashara ya nje, rahisi zaidi na haraka.<\/li>    <li><strong>Ujuzi thabiti wa kitaaluma<\/strong>. Wafanyakazi wetu wanafahamu na kuelewa bidhaa zetu za mashine za kilimo. Kwa mfano, ikiwa unahitaji mashine ya kukata makapi, wafanyikazi wetu wa mauzo watakupa mashine inayofaa kulingana na mahitaji yako.<\/li> <\/ol>    <h2 class=\"wp-block-heading\"><strong>Tahadhari na Tahadhari za Kikata makapi na Kisaga Nafaka<\/strong><\/h2>    <ol class=\"wp-block-list\"> <li>Wakati wa kuendesha mashine ya kukata makapi na mashine ya kusaga nafaka, vifaa vya ulinzi wa usalama lazima ziwe kamili.<\/li>    <li>Opereta anapaswa kuelewa kikamilifu utendaji wa mashine, na ni marufuku kabisa kuanza mashine baada ya kunywa, wakati mgonjwa au amechoka sana. <\/li>    <li>Tovuti ya kazi inapaswa kuwa ya wasaa na yenye vifaa vya kuzuia moto.<\/li>    <li>Guillotine lazima ifanye kazi kwa kasi iliyoagizwa na ni marufuku kabisa kufanya kazi kwa kasi kubwa au overload.<\/li>    <li>Kiasi cha kulisha nyenzo kinapaswa kuwa sahihi, kupita kiasi ni rahisi kusababisha kusimamishwa kwa mzigo. Bila shaka, si kidogo sana, kidogo sana itaathiri ufanisi wa kukata.<\/li>    <li>Kabla ya kusimamisha kazi, mpini wa kutofautisha unapaswa kuvutwa kwa nafasi 0, acha mashine ifanye kazi kwa karibu 2min, na kisha uache baada ya kupiga vumbi na magugu ndani ya mashine.<\/li> <\/ol>    <h2 class=\"wp-block-heading\"><strong>Kisa Lililofaulu: Kikata makapi ya Kibiashara na Mashine ya Kusaga Nafaka Imesafirishwa hadi Keyna<\/strong><\/h2>    <p class=\"translation-block\">En febrero de este a\u00f1o, un cliente de Kenia solicit\u00f3 informaci\u00f3n sobre los modelos de cortadoras de pasto y trituradoras. \u00c9l tiene una gran planta agr\u00edcola con ganado, ovejas y pollos. Por lo que se necesita una gran cantidad de alimento cada d\u00eda. Despu\u00e9s de entender la situaci\u00f3n, nuestra gerente de ventas, Coco, le recomend\u00f3 una m\u00e1quina combinada de cortador de paja y molino. Esto se debe a que la m\u00e1quina puede usarse tanto para cortar hierba como para moler granos. Es muy pr\u00e1ctica. Coco tambi\u00e9n envi\u00f3 videos y fotos de la m\u00e1quina. Despu\u00e9s de ver esto, el cliente keniano realiz\u00f3 un pedido de inmediato. Entregamos la m\u00e1quina en el contenedor a su destino por mar. Dos semanas despu\u00e9s, compr\u00f3 otro <a href=\"https:\/\/taizyagromachine.com\/sw\/product\/silage-baler\/\">engrasadora y m\u00e1quina empacadora<\/a>.<\/p>   <div class=\"wp-block-image\"> <figure class=\"aligncenter size-full\"><img loading=\"lazy\" decoding=\"async\" width=\"720\" height=\"540\" src=\"https:\/\/taizyagromachine.com\/wp-content\/uploads\/2022\/04\/load-into-the-container-maize-grits-milling-machine.jpg\" alt=\"pakia-kwenye-chombo-mashine-ya kusaga-mahindi\" class=\"wp-image-2385\" srcset=\"https:\/\/taizyagromachine.com\/wp-content\/uploads\/2022\/04\/load-into-the-container-maize-grits-milling-machine.jpg 720w, https:\/\/taizyagromachine.com\/wp-content\/uploads\/2022\/04\/load-into-the-container-maize-grits-milling-machine-300x225.jpg 300w\" sizes=\"auto, (max-width: 720px) 100vw, 720px\" \/><figcaption class=\"wp-element-caption\">mzigo kwenye chombo <\/figcaption><\/figure> <\/div>   <h2 class=\"wp-block-heading\"><strong>Maswali Yanayoulizwa Mara kwa Mara<\/strong><\/h2>   <div id=\"rank-math-faq\" class=\"rank-math-block\"> <div class=\"rank-math-list\"> <div id=\"faq-question-1666246457624\" class=\"rank-math-list-item\"> <h3 class=\"rank-math-question\"><strong>Swali: Je, vifaa vinapatikana?<\/strong><\/h3> <div class=\"rank-math-answer\">  <p>J: Unaweza kununua vile vya ziada.<\/p>  <\/div> <\/div> <div id=\"faq-question-1666246461628\" class=\"rank-math-list-item\"> <h3 class=\"rank-math-question\"><strong>Swali: Je, mashine ya kukata makapi na mashine ya kusaga nafaka inaweza kuponda miwa?<\/strong><\/h3> <div class=\"rank-math-answer\">  <p>J: Ndiyo, lakini vile vile vitachakaa.<\/p>  <\/div> <\/div> <div id=\"faq-question-1666246478374\" class=\"rank-math-list-item\"> <h3 class=\"rank-math-question\"><strong>Swali: Je, inaweza kuwekewa injini ya dizeli?<\/strong><\/h3> <div class=\"rank-math-answer\">  <p>J: Ndiyo, linganisha tu injini ya dizeli inayolingana na mahitaji yake ya nguvu.<\/p>  <\/div> <\/div> <div id=\"faq-question-1666246494123\" class=\"rank-math-list-item\"> <h3 class=\"rank-math-question\"><strong>Swali: Kuna tofauti gani kati ya hizo tatu ikilinganishwa na kikata makapi na kipondaponda?<\/strong><\/h3> <div class=\"rank-math-answer\">  <p class=\"translation-block\">A: La <a href=\"https:\/\/silagebaler.com\/chaff-chopper-corn-stalk-cutter\/\" target=\"_blank\" rel=\"noreferrer noopener\">m\u00e1quina cortadora de paja<\/a> corta la hierba en piezas peque\u00f1as; la m\u00e1quina cortadora de paja y molino corta la hierba en piezas m\u00e1s suaves y finas; la cortadora de paja y molino no solo corta la hierba sino que tambi\u00e9n muele granos.<\/p>  <\/div> <\/div> <div id=\"faq-question-1666246509069\" class=\"rank-math-list-item\"> <h3 class=\"rank-math-question\"><strong>Swali: Vipi kuhusu kipindi cha udhamini kwa kikata makapi na kisaga nafaka?<\/strong><\/h3> <div class=\"rank-math-answer\">  <p>A: mwaka 1.<\/p>  <\/div> <\/div> <div id=\"faq-question-1666246532341\" class=\"rank-math-list-item\"> <h3 class=\"rank-math-question\"><strong>Swali: Jinsi ya kutumia kikata majani na mashine ya kusaga?<\/strong><\/h3> <div class=\"rank-math-answer\">  <p>J: Uendeshaji ni rahisi sana na tutatoa usaidizi wa video na mwongozo wa mtandaoni ikiwa ni lazima.<\/p>  <\/div> <\/div> <\/div> <\/div>","protected":false},"excerpt":{"rendered":"<p>This chaff cutter and grain grinder machine is our upgraded product for grass cutting and grain grinding. 9ZRF series machines are simple in structure, reasonable in design and easy to operate. This straw cutter and grain crusher machine can carry out the processing of a wide range of crop straws and is suitable for the [&hellip;]<\/p>\n","protected":false},"author":1,"featured_media":2574,"parent":0,"template":"","tags":[],"product-type":[19],"class_list":["post-2551","product","type-product","status-publish","has-post-thumbnail","hentry","product-type-silage-machine"],"_links":{"self":[{"href":"https:\/\/taizyagromachine.com\/sw\/wp-json\/wp\/v2\/product\/2551","targetHints":{"allow":["GET"]}}],"collection":[{"href":"https:\/\/taizyagromachine.com\/sw\/wp-json\/wp\/v2\/product"}],"about":[{"href":"https:\/\/taizyagromachine.com\/sw\/wp-json\/wp\/v2\/types\/product"}],"author":[{"embeddable":true,"href":"https:\/\/taizyagromachine.com\/sw\/wp-json\/wp\/v2\/users\/1"}],"wp:featuredmedia":[{"embeddable":true,"href":"https:\/\/taizyagromachine.com\/sw\/wp-json\/wp\/v2\/media\/2574"}],"wp:attachment":[{"href":"https:\/\/taizyagromachine.com\/sw\/wp-json\/wp\/v2\/media?parent=2551"}],"wp:term":[{"taxonomy":"post_tag","embeddable":true,"href":"https:\/\/taizyagromachine.com\/sw\/wp-json\/wp\/v2\/tags?post=2551"},{"taxonomy":"product-type","embeddable":true,"href":"https:\/\/taizyagromachine.com\/sw\/wp-json\/wp\/v2\/product-type?post=2551"}],"curies":[{"name":"wp","href":"https:\/\/api.w.org\/{rel}","templated":true}]}}