{"id":2620,"date":"2022-05-10T03:11:54","date_gmt":"2022-05-10T03:11:54","guid":{"rendered":"https:\/\/taizyagromachine.com\/?post_type=product&#038;p=2620"},"modified":"2025-01-02T13:55:15","modified_gmt":"2025-01-02T05:55:15","slug":"straw-cutter-and-grain-grinder","status":"publish","type":"product","link":"https:\/\/taizyagromachine.com\/sw\/product\/straw-cutter-and-grain-grinder\/","title":{"rendered":"Kikata majani na Kisaga cha Nafaka"},"content":{"rendered":"<p class=\"translation-block\">Serien av halmkniv- og kornm\u00f8lle oppn\u00e5r multifunksjonell bruk, og muliggj\u00f8r giljotin og korns\u00f8ling. Denne giljotinen har h\u00f8y ytelse, lav st\u00f8y, h\u00f8y avkastning, sikkerhet og stabilitet, h\u00f8y effektivitet, lavt energiforbruk, soliditet og holdbarhet. <a href=\"https:\/\/taizyagromachine.com\/sw\/product\/chaff-cutter-and-grain-grinder\/\" target=\"_blank\" rel=\"noreferrer noopener\">halmkutter- og m\u00f8llekombimaskinen<\/a> kan ikke bare knuse t\u00f8rt og v\u00e5tt halm, riskalien, hvetehalm, bomullshalm, ulike gressarter, men ogs\u00e5 korn som korn, pean\u00f8ttskall, maiskolber, s\u00f8t halmknopper, osv. Den malte ferdige produktet kan brukes som dyref\u00f4r. Derfor er maskinen egnet for sm\u00e5 og mellomstore fabrikker, men ogs\u00e5 for husbruk.<br>Maskinene v\u00e5re er ogs\u00e5 sv\u00e6rt popul\u00e6re i utlandet, for eksempel i Kenya, Zimbabwe, Peru, Dubai, S\u00f8r-Afrika, Lesotho, osv.<\/p>    <h2 class=\"wp-block-heading\" id=\"h-type-one-9zf-500b-new-type-chaff-cutter-and-grinder-machine\"><strong>Aina ya Kwanza: 9ZF-500B (Aina Mpya) Kikata makapi na Mashine ya Kusaga<\/strong><\/h2>    <p>Kisaga hiki cha guillotine kina bandari tano, tatu ambazo ni za kutolea nje na mbili kati ya hizo ni za kuingilia. Mashine hii ni rahisi kufanya kazi, ina anuwai ya usindikaji na ina uwezo wa kusaga mazao anuwai. Ina athari nzuri ya kuponda kwenye nyenzo na ina muda mrefu wa kuhifadhi. Kwa hiyo, ni bora kwa matumizi kwenye mashamba.<\/p>   <div class=\"wp-block-image\"> <figure class=\"aligncenter size-full\"><img loading=\"lazy\" decoding=\"async\" width=\"720\" height=\"540\" src=\"https:\/\/taizyagromachine.com\/wp-content\/uploads\/2022\/05\/combined-hay-cutter-and-grain-grinder.jpg\" alt=\"mchanganyiko wa kukata nyasi na grinder ya nafaka\" class=\"wp-image-2635\"\/><figcaption class=\"wp-element-caption\">mchanganyiko wa kukata nyasi na grinder ya nafaka<\/figcaption><\/figure> <\/div>   <h3 class=\"wp-block-heading\"><strong>Muundo wa Kisaga Majani na Kisaga cha Nafaka <\/strong><\/h3>    <p class=\"translation-block\">Denne <a href=\"https:\/\/silagebaler.com\/combined-chaff-cutter-and-grain-crusher\/\" target=\"_blank\" rel=\"noreferrer noopener\">gresskutte- og malingsmaskinen<\/a> best\u00e5r av tre uttak, et \u00f8verst, et i midten og et nederst, og innganger for gress og korn henholdsvis. Maskinen er utstyrt med en rent kobbermotor og bevegelige hjul for \u00e5 lette flytting av maskinen. Blant de tre uttakene er \u00f8verste for t\u00f8rt gress, midten for v\u00e5tt gress og nederste for korn. Skjermen kan trekkes ut n\u00e5r gresset kuttes separat.<\/p>   <div class=\"wp-block-image\"> <figure class=\"aligncenter size-full\"><img loading=\"lazy\" decoding=\"async\" width=\"720\" height=\"540\" src=\"https:\/\/taizyagromachine.com\/wp-content\/uploads\/2022\/05\/structure-of-straw-cutting-and-grain-grinding-machine.jpg\" alt=\"muundo wa mashine ya kukata majani na kusaga nafaka\" class=\"wp-image-2632\"\/><figcaption class=\"wp-element-caption\">muundo wa mashine ya kukata majani na kusaga nafaka<\/figcaption><\/figure> <\/div>   <h3 class=\"wp-block-heading\"><strong>Maelezo ya Kiufundi ya Kikata Majani na Kisaga cha Nafaka<\/strong><\/h3>    <figure class=\"wp-block-table\"><table><tbody><tr><td>Mfano<\/td><td>9ZF-500B (Aina Mpya)<\/td><\/tr><tr><td>Skrini zinazolingana<\/td><td>4pcs(2\/3\/10\/30)<\/td><\/tr><tr><td>Nguvu inayolingana<\/td><td>3 kW injini<\/td><\/tr><tr><td>Kasi ya gari<\/td><td>2800rpm<\/td><\/tr><tr><td>Uzito wa mashine<\/td><td>68kg (bila kujumuisha motor)<\/td><\/tr><tr><td>Ilipimwa voltage<\/td><td>220V<\/td><\/tr><tr><td>Pato la mashine<\/td><td>1200kg\/h<\/td><\/tr><tr><td>Vipimo vya jumla<\/td><td>1220*1070*1190mm<\/td><\/tr><\/tbody><\/table><\/figure>    <h2 class=\"wp-block-heading\"><strong>Aina ya Pili: Kikata makapi cha 9ZF-500B na Kisaga <\/strong><\/h2>    <p>Ikilinganishwa na mashine hapo juu, hii ni rahisi na utendaji wake ni sawa. Ukali wa nyenzo iliyokandamizwa hudhibitiwa na ukubwa wa mashimo ya ungo wakati mashine hii ya kukata majani na mashine ya kusaga nafaka inapovunjwa. Na ungo unaweza kubadilishwa. Inawezekana pia kubinafsisha skrini kulingana na mahitaji ya mteja.<\/p>   <div class=\"wp-block-image\"> <figure class=\"aligncenter size-full\"><img loading=\"lazy\" decoding=\"async\" width=\"720\" height=\"540\" src=\"https:\/\/taizyagromachine.com\/wp-content\/uploads\/2022\/05\/chaff-cutter-and-grain-crusher-machine.jpg\" alt=\"mashine ya kukata makapi na mashine ya kusaga nafaka\" class=\"wp-image-2637\"\/><figcaption class=\"wp-element-caption\">mashine ya kukata makapi na mashine ya kusaga nafaka<\/figcaption><\/figure> <\/div>   <h3 class=\"wp-block-heading\"><strong>Muundo wa Mashine ya Kukata Makapi na Kusaga Nafaka <\/strong><\/h3>    <p>Mashine ya kukata majani na kiponda cha nafaka kinaundwa na kiingilio cha guillotine, kiingilio cha nafaka, sehemu ya juu ya kunyunyizia dawa, sehemu ya kusagwa, na mlinzi wa mkanda, injini safi ya msingi wa shaba, na castor za rununu. Baadhi ya usanidi unaweza kubinafsishwa kulingana na mahitaji ya mteja. Tafadhali piga simu kwa maelezo.<\/p>   <div class=\"wp-block-image\"> <figure class=\"aligncenter size-full\"><img loading=\"lazy\" decoding=\"async\" width=\"720\" height=\"540\" src=\"https:\/\/taizyagromachine.com\/wp-content\/uploads\/2022\/05\/construction-of-combined-chaff-cutter.jpg\" alt=\"ujenzi wa kikata makapi pamoja\" class=\"wp-image-2633\"\/><figcaption class=\"wp-element-caption\">ujenzi wa kikata makapi pamoja<\/figcaption><\/figure> <\/div>   <h3 class=\"wp-block-heading\"><strong>Vigezo vya Kiufundi vya Kikata Majani na Kisaga cha Nafaka<\/strong><\/h3>    <figure class=\"wp-block-table\"><table><tbody><tr><td>Mfano<\/td><td>9ZF-500B<\/td><\/tr><tr><td>Skrini zinazolingana<\/td><td>4pcs<\/td><\/tr><tr><td>Nguvu inayolingana<\/td><td>3 kW injini<\/td><\/tr><tr><td>Kasi ya gari<\/td><td>2800rpm<\/td><\/tr><tr><td>Uzito wa mashine<\/td><td>55kg (bila kujumuisha motor)<\/td><\/tr><tr><td>Vipimo vya jumla<\/td><td>920*930*1250mm<\/td><\/tr><tr><td>Pato la mashine<\/td><td>1200kg\/h<\/td><\/tr><tr><td>Ufanisi wa kusagwa<\/td><td>300-500kg \/ h<\/td><\/tr><tr><td>Idadi ya visu<\/td><td>3pcs<\/td><\/tr><tr><td>Kurusha visu<\/td><td>24pcs<\/td><\/tr><tr><td>Visu za kusugua za pembetatu<\/td><td>18pcs<\/td><\/tr><tr><td>Mbinu ya kulisha<\/td><td>kulisha kwa mikono<\/td><\/tr><tr><td>Athari ya kutokwa<\/td><td>Silky \/ Poda laini<\/td><\/tr><\/tbody><\/table><\/figure>    <h2 class=\"wp-block-heading\"><strong>Aina ya Tatu: 9ZF-1800 Mchanganyiko wa Kikata Nyasi na Mashine ya Kusaga<\/strong><\/h2>    <p>Kutoka kwa sura, ni dhahiri kwamba mashine hii ya kukata staw ina ufunguzi wa juu wa kutokwa kuliko mifano mingine miwili. Mashine hii ni konda zaidi na ndefu na ina fremu ya juu zaidi kwa kulinganisha. Pia ni rahisi sana kufanya kazi.<\/p>   <div class=\"wp-block-image\"> <figure class=\"aligncenter size-full\"><img loading=\"lazy\" decoding=\"async\" width=\"720\" height=\"540\" src=\"https:\/\/taizyagromachine.com\/wp-content\/uploads\/2022\/05\/multifunctional-chaff-cutter.jpg\" alt=\"multifunctional makapi cutter\" class=\"wp-image-2638\"\/><figcaption class=\"wp-element-caption\">multifunctional makapi cutter<\/figcaption><\/figure> <\/div>   <h3 class=\"wp-block-heading\"><strong>Muundo wa Mashine ya Kukata Majani Pamoja na Mashine ya Kusaga<\/strong><\/h3>    <p>Kitegaji hiki cha majani na kisaga nafaka kinaundwa na bandari ya juu ya kutokwa, mlango wa chini wa kutokwa, mlango wa nafaka, mlango wa makapi, injini na makapi yanayoweza kusongeshwa. <\/p>   <div class=\"wp-block-image\"> <figure class=\"aligncenter size-full\"><img loading=\"lazy\" decoding=\"async\" width=\"720\" height=\"540\" src=\"https:\/\/taizyagromachine.com\/wp-content\/uploads\/2022\/05\/structure-details-of-grass-cutting-machine.jpg\" alt=\"maelezo ya muundo wa mashine ya kukata nyasi\" class=\"wp-image-2634\"\/><figcaption class=\"wp-element-caption\">maelezo ya muundo wa mashine ya kukata nyasi<\/figcaption><\/figure> <\/div>   <h3 class=\"wp-block-heading\"><strong>Maelezo ya Kiufundi ya Kikata Majani na Kisaga cha Nafaka<\/strong><\/h3>    <figure class=\"wp-block-table\"><table><tbody><tr><td>Mfano<\/td><td>9ZF-1800<\/td><\/tr><tr><td>Nguvu inayolingana<\/td><td>3kW motor ya awamu moja<\/td><\/tr><tr><td>Kasi ya gari<\/td><td>2800rpm<\/td><\/tr><tr><td>Uzito wa mashine<\/td><td>75kg (bila kujumuisha motor)<\/td><\/tr><tr><td>Ilipimwa voltage<\/td><td>220V<\/td><\/tr><tr><td>Pato la mashine<\/td><td>1800kg\/h<\/td><\/tr><tr><td>Upeo unaotumika<\/td><td>ng\u2019ombe, kondoo, nguruwe, kuku, bata, sungura na mifugo mingineyo<\/td><\/tr><\/tbody><\/table><\/figure>    <h2 class=\"wp-block-heading\" id=\"h-how-does-straw-cutting-and-corn-grinding-machine-mill-grains\"><strong>Je! Mashine ya Kukata Majani na Kusaga Nafaka Inapataje Nafaka?<\/strong><\/h2>    <figure class=\"wp-block-embed is-type-video is-provider-youtube wp-block-embed-youtube wp-embed-aspect-16-9 wp-has-aspect-ratio\"><div class=\"wp-block-embed__wrapper\"> <iframe loading=\"lazy\" title=\"Kikata makapi na Kisaga Nafaka | Je! Mchanganyiko wa Kikata Majani na Kisaga Inafanyaje Kazi? #grinding #milling\" width=\"500\" height=\"281\" src=\"https:\/\/www.youtube.com\/embed\/Wafde3zwTtA?feature=oembed\" frameborder=\"0\" allow=\"accelerometer; autoplay; clipboard-write; encrypted-media; gyroscope; picture-in-picture; web-share\" referrerpolicy=\"strict-origin-when-cross-origin\" allowfullscreen><\/iframe> <\/div><\/figure>    <h2 class=\"wp-block-heading\"><strong>Faida za Kukata Nyasi na Kusaga Nafaka<\/strong><\/h2>    <ul class=\"wp-block-list\"> <li>Upana wa chuma wa manganese mnene, wenye nguvu na thabiti na wa kudumu.<\/li>    <li>Injini safi ya msingi wa shaba, kutoa nguvu kamili na maisha marefu ya huduma.<\/li>    <li>Kwa sababu ya kusimama imara, motor huwekwa imara zaidi, na hufanya kazi imara zaidi.<\/li>    <li>Kilisho cha nyasi zilizotiwa nene, kirefu na pana, hurahisisha kulisha na kwa haraka zaidi.<\/li>    <li>Uingizaji wa nafaka, mnene na wenye nguvu, hudumu zaidi.<\/li>    <li>Nyenzo mbalimbali zinazozalishwa kwa ajili ya kulisha, farasi, ng'ombe, kondoo, nguruwe, sungura, kuku, bata na bukini, nk.<\/li> <\/ul>    <h2 class=\"wp-block-heading\"><strong>Ufungaji na Uagizo wa Kikata Majani na Kisaga Nafaka<\/strong><\/h2>    <ol class=\"wp-block-list\"> <li>Mashine ya kukata majani na mashine ya kusaga nafaka inapaswa kuwekwa kwenye tovuti ya gorofa na imara.<\/li>    <li>Equippe na instaledl motor kulingana na mahitaji maalum.<\/li>    <li>Kabla ya kufunga ukanda, angalia ikiwa mwelekeo wa mzunguko wa nguvu ya indexing ni sawa na mwelekeo wa kukata wa mkataji wa makapi. Thibitisha kuwa ni sahihi na kisha urekebishe ukanda wa usakinishaji na uimarishe vizuri.<\/li>    <li>Kabla ya kuanza crusher ya majani na grainder, angalia na urekebishe pengo kati ya visu za kusonga na za kudumu, ili pengo lirekebishwe na kudhibitiwa kwa 0.8 mm au chini bila kupiga, na kisha ufunge bolts.<\/li>    <li>Baada ya sehemu zote kurekebishwa kwa kawaida na kuthibitishwa kuwa sahihi, washa nishati kwa ajili ya uendeshaji wa majaribio. Na angalia ikiwa kuna ulegevu wowote katika kiunganisho cha kufunga cha kila sehemu na kama kuna sauti isiyo ya kawaida katika kila sehemu inayozunguka.<\/li> <\/ol>    <h2 class=\"wp-block-heading\"><strong>Kisa Lililofaulu: Seti 20 za Kikata Majani na Kisusu Nafaka Kusafirishwa hadi Peru<\/strong><\/h2>    <p>Mteja wa Peru ana shamba kubwa la kufuga ng'ombe na kuku. Alitaka kununua mashine ya kukata majani na mashine ya kusagia nafaka kwa ajili ya ufugaji wa wanyama. Meneja wetu wa mauzo, Emily, alimtumia vigezo husika vya mashine, video na picha n.k. Baada ya kuangalia taarifa hii, mteja wa Peru alipendekeza marekebisho fulani kwenye mashine (magurudumu 4 makubwa, hopper yenye baffles). Tulifanya sampuli na kumtumia picha na video ili kuthibitisha. Mwishowe, mteja wa Peru alitupa agizo la vitengo 20, ambavyo tulimletea alikoenda kulingana na mahitaji yake.<\/p>    <div class=\"wp-block-columns is-layout-flex wp-container-core-columns-is-layout-9d6595d7 wp-block-columns-is-layout-flex\"> <div class=\"wp-block-column is-layout-flow wp-block-column-is-layout-flow\"><div class=\"wp-block-image\"> <figure class=\"aligncenter size-full\"><img loading=\"lazy\" decoding=\"async\" width=\"720\" height=\"540\" src=\"https:\/\/taizyagromachine.com\/wp-content\/uploads\/2022\/05\/customized-straw-cutter-and-grinder.jpg\" alt=\"kikata majani na grinder iliyobinafsishwa\" class=\"wp-image-2654\"\/><figcaption class=\"wp-element-caption\">kikata majani na grinder iliyobinafsishwa<\/figcaption><\/figure> <\/div><\/div>    <div class=\"wp-block-column is-layout-flow wp-block-column-is-layout-flow\"><div class=\"wp-block-image\"> <figure class=\"aligncenter size-full\"><img loading=\"lazy\" decoding=\"async\" width=\"720\" height=\"540\" src=\"https:\/\/taizyagromachine.com\/wp-content\/uploads\/2022\/05\/package-straw-cutter-and-grain-grinder-machine.jpg\" alt=\"kifurushi-majani cutter na mashine ya kusaga nafaka\" class=\"wp-image-2657\"\/><figcaption class=\"wp-element-caption\">kifurushi<\/figcaption><\/figure> <\/div><\/div> <\/div>    <h2 class=\"wp-block-heading\"><strong>Maswali Yanayoulizwa Mara kwa Mara<\/strong><\/h2>   <div id=\"rank-math-faq\" class=\"rank-math-block\"> <div class=\"rank-math-list\"> <div id=\"faq-question-1666246094471\" class=\"rank-math-list-item\"> <h3 class=\"rank-math-question\"><strong>Swali: Ni aina gani ya motisha inahitajika kwa mkataji wa majani na mashine ya kusagia nafaka?<\/strong><\/h3> <div class=\"rank-math-answer\">  <p>A: Enigne ya dizeli, injini ya umeme, injini ya petroli. Imewekwa kulingana na mashine.<\/p>  <\/div> <\/div> <div id=\"faq-question-1666246100452\" class=\"rank-math-list-item\"> <h3 class=\"rank-math-question\"><strong>Swali: Ndani na skrini 4, skrini inaweza kubadilishwa?<\/strong><\/h3> <div class=\"rank-math-answer\">  <p>A: Skrini zinaweza kubinafsishwa kulingana na mahitaji ya mteja.<\/p>  <\/div> <\/div> <div id=\"faq-question-1666246109190\" class=\"rank-math-list-item\"> <h3 class=\"rank-math-question\"><strong>Swali: 9ZF-500(aina mpya) iliyochanganywa ya kusaga nafaka ya nyasi ina maduka matatu, lishe hutokaje?<\/strong><\/h3> <div class=\"rank-math-answer\">  <p>J: Nyasi hutoka sehemu ya juu na ya kati, na nafaka hutoka kwenye sehemu ya chini.<\/p>  <\/div> <\/div> <div id=\"faq-question-1666246122276\" class=\"rank-math-list-item\"> <h3 class=\"rank-math-question\"><strong>Swali: Ni sehemu gani zinapatikana kama chaguo?<\/strong><\/h3> <div class=\"rank-math-answer\">  <p>J: Magurudumu na kifuniko cha kinga.<\/p>  <\/div> <\/div> <div id=\"faq-question-1666246133492\" class=\"rank-math-list-item\"> <h3 class=\"rank-math-question\"><strong>Swali: Kwa nini fremu ya mashine inaweza kusogezwa?<\/strong><\/h3> <div class=\"rank-math-answer\">  <p>J: Kwa sababu ukanda hufunguliwa kwa matumizi ya muda mrefu, na kusonga sura kunaweza kuimarisha ukanda.<\/p>  <\/div> <\/div> <\/div> <\/div>   <h2 class=\"wp-block-heading\"><strong>Video ya Kazi ya Kikata Majani ya Taizy na Kisaga cha Nafaka<\/strong><\/h2>    <figure class=\"wp-block-embed is-type-video is-provider-youtube wp-block-embed-youtube wp-embed-aspect-16-9 wp-has-aspect-ratio\"><div class=\"wp-block-embed__wrapper\"> <iframe loading=\"lazy\" title=\"2022 Taizy Combined Chaff Cutter Grinder kwa Mabua, Mirija, Nyasi, Nafaka #chaffcutter #grinder\" width=\"500\" height=\"281\" src=\"https:\/\/www.youtube.com\/embed\/qBfLwxNCu6k?feature=oembed\" frameborder=\"0\" allow=\"accelerometer; autoplay; clipboard-write; encrypted-media; gyroscope; picture-in-picture; web-share\" referrerpolicy=\"strict-origin-when-cross-origin\" allowfullscreen><\/iframe> <\/div><\/figure>","protected":false},"excerpt":{"rendered":"<p>This series of straw cutter and grain grinder achieves multi-purpose use, allowing for guillotine and grain crushing. This guillotine features high performance, low noise, high output, safety and stability, high efficiency, low energy consumption, sturdiness and durability. The chaff cutter and grinder combined machine can not only crush dry and wet straw, rice straw, wheat [&hellip;]<\/p>\n","protected":false},"author":1,"featured_media":2629,"parent":0,"template":"","tags":[],"product-type":[19],"class_list":["post-2620","product","type-product","status-publish","has-post-thumbnail","hentry","product-type-silage-machine"],"_links":{"self":[{"href":"https:\/\/taizyagromachine.com\/sw\/wp-json\/wp\/v2\/product\/2620","targetHints":{"allow":["GET"]}}],"collection":[{"href":"https:\/\/taizyagromachine.com\/sw\/wp-json\/wp\/v2\/product"}],"about":[{"href":"https:\/\/taizyagromachine.com\/sw\/wp-json\/wp\/v2\/types\/product"}],"author":[{"embeddable":true,"href":"https:\/\/taizyagromachine.com\/sw\/wp-json\/wp\/v2\/users\/1"}],"wp:featuredmedia":[{"embeddable":true,"href":"https:\/\/taizyagromachine.com\/sw\/wp-json\/wp\/v2\/media\/2629"}],"wp:attachment":[{"href":"https:\/\/taizyagromachine.com\/sw\/wp-json\/wp\/v2\/media?parent=2620"}],"wp:term":[{"taxonomy":"post_tag","embeddable":true,"href":"https:\/\/taizyagromachine.com\/sw\/wp-json\/wp\/v2\/tags?post=2620"},{"taxonomy":"product-type","embeddable":true,"href":"https:\/\/taizyagromachine.com\/sw\/wp-json\/wp\/v2\/product-type?post=2620"}],"curies":[{"name":"wp","href":"https:\/\/api.w.org\/{rel}","templated":true}]}}