{"id":3454,"date":"2022-09-21T08:14:33","date_gmt":"2022-09-21T08:14:33","guid":{"rendered":"https:\/\/taizyagromachine.com\/?post_type=product&#038;p=3454"},"modified":"2025-05-20T14:03:14","modified_gmt":"2025-05-20T06:03:14","slug":"corn-cleaning-machine","status":"publish","type":"product","link":"https:\/\/taizyagromachine.com\/sw\/product\/corn-cleaning-machine\/","title":{"rendered":"Mashine ya Kusafisha Mahindi"},"content":{"rendered":"<p>Mashine ya kusafisha mahindi inasafisha hasa nafaka za mahindi baada ya kupukutwa, ambayo inaweza kuondoa uchafu katika mahindi na kupata mbegu safi za mahindi. Mashine ya kusafisha mahindi ya Taizy ina faida za uendeshaji rahisi, matumizi rahisi, na ufanisi wa juu. Mashine hii ya kusafisha mahindi inaweza kuondoa mchanga, mawe madogo, makonde ya mahindi, n.k. ili kupata mbegu safi za mahindi. Hivyo, unaweza kuhifadhi mahindi kwa muda mrefu zaidi. Kwa hivyo, ikiwa unavutiwa, wasiliana nasi mara moja!<\/p>    <figure class=\"wp-block-embed is-type-video is-provider-youtube wp-block-embed-youtube wp-embed-aspect-16-9 wp-has-aspect-ratio\"><div class=\"wp-block-embed__wrapper\"> <iframe loading=\"lazy\" title=\"Maskin f\u00f6r effektiv reng\u00f6ring av majs f\u00f6r bearbetning av majs | Majsreng\u00f6rare som anv\u00e4nds f\u00f6r reng\u00f6ring av spannm\u00e5lsscreenar\" width=\"500\" height=\"281\" src=\"https:\/\/www.youtube.com\/embed\/y8_33pFPUaI?feature=oembed\" frameborder=\"0\" allow=\"accelerometer; autoplay; clipboard-write; encrypted-media; gyroscope; picture-in-picture; web-share\" referrerpolicy=\"strict-origin-when-cross-origin\" allowfullscreen><\/iframe> <\/div><figcaption class=\"wp-element-caption\">video ya mashine ya kusafisha mahindi<\/figcaption><\/figure>    <h2 class=\"wp-block-heading\"><strong>Muundo wa Vifaa vya Kusafisha Mahindi<\/strong><\/h2>    <p>Kwa kweli, mashine hii ya kusafisha mahindi ina muundo rahisi sana. Muundo wake una sehemu ya mahindi, sehemu ya mahindi, sehemu ya uchafu, sehemu ya mchanga, sehemu ya mawe, feni, injini na ukanda. Kutokana na hili, unaweza kuelewa kwa urahisi mashine na kutumia mashine vizuri &amp; kwa haraka. <\/p>    <figure class=\"wp-block-gallery aligncenter has-nested-images columns-default is-cropped wp-block-gallery-2 is-layout-flex wp-block-gallery-is-layout-flex\"> <figure class=\"wp-block-image size-full\"><img loading=\"lazy\" decoding=\"async\" width=\"720\" height=\"540\" data-id=\"3464\" src=\"https:\/\/taizyagromachine.com\/wp-content\/uploads\/2022\/09\/structure-of-the-maize-cleaner.webp\" alt=\"muundo-wa-kisafisha-mahindi\" class=\"wp-image-3464\"\/><figcaption class=\"wp-element-caption\">muundo wa kisafishaji mahindi<\/figcaption><\/figure>    <figure class=\"wp-block-image size-full\"><img loading=\"lazy\" decoding=\"async\" width=\"720\" height=\"540\" data-id=\"3463\" src=\"https:\/\/taizyagromachine.com\/wp-content\/uploads\/2022\/09\/structure-of-the-corn-cleaner.webp\" alt=\"muundo-wa-safi-mahindi\" class=\"wp-image-3463\"\/><figcaption class=\"wp-element-caption\">muundo wa kisafishaji cha mahindi<\/figcaption><\/figure> <\/figure>    <h2 class=\"wp-block-heading\"><strong>Faida za Kisafishaji mahindi<\/strong><\/h2>    <ol class=\"wp-block-list\"> <li>Muundo rahisi, matumizi rahisi, na ubora mzuri.<\/li>    <li>Utendaji thabiti, ubora wa hali ya juu, na maisha marefu ya huduma.<\/li>    <li>Nyepesi, na kiasi kidogo. <\/li>    <li>Matumizi ya chini ya nishati, kuokoa nguvu.<\/li>    <li>Muonekano mzuri, mchanganyiko wenye nguvu.<\/li>    <li>Kiwango cha juu cha otomatiki.<\/li>    <li>Chapa maarufu, mashine ya kusafisha mahindi inatolewa na Taizy Machinery.<\/li> <\/ol>    <h2 class=\"wp-block-heading\"><strong>Kisa Lililofaulu: Kisafishaji cha Mahindi cha kilo 400-600 Kimesafirishwa hadi Angola<\/strong><\/h2>    <p class=\"translation-block\">Mteja kutoka Angola alitaka kusafisha mahindi ili ubora wa punje uhakikishwe, iwe kwa ajili ya kuuza au kuhifadhi. Kwa hivyo, alipoona kuwa tunauza <a href=\"https:\/\/taizyagromachine.com\/sw\/product\/corn-machine\/\" target=\"_blank\" rel=\"noreferrer noopener\">mashine za mahindi<\/a> zinazofaa, aliuliza kama tunazo mashine kama hizo. Tunajua kuwa baada ya mahindi kupurugwa kwa <a href=\"https:\/\/taizyagromachine.com\/sw\/product\/maize-thresher\/\" target=\"_blank\" rel=\"noreferrer noopener\">kipura mahindi<\/a>, bado kuna uchafu mbalimbali kwenye mahindi (kama vile nywele za mahindi, mabua madogo ya mahindi, mawe madogo, n.k.). Kwa hivyo, mahindi yanahitaji kusafishwa zaidi. Meneja wetu wa mauzo alipendekeza mashine hii ya kusafisha mahindi kwake, akituma taarifa kuhusu mashine hiyo (vigezo, picha, video ya utendaji, usanidi, n.k.). Mteja wa Angola aliridhishwa na mashine hiyo na kuweka agizo mara moja.<\/p>   <div class=\"wp-block-image\"> <figure class=\"aligncenter size-full\"><img loading=\"lazy\" decoding=\"async\" width=\"720\" height=\"540\" src=\"https:\/\/taizyagromachine.com\/wp-content\/uploads\/2022\/09\/corn-cleaning-equipment.webp\" alt=\"vifaa vya kusafisha mahindi\" class=\"wp-image-3477\"\/><figcaption class=\"wp-element-caption\">vifaa vya kusafisha mahindi<\/figcaption><\/figure> <\/div>   <h2 class=\"wp-block-heading\"><strong>Vigezo vya Kisafishaji cha Nafaka ya Mahindi<\/strong><\/h2>    <figure class=\"wp-block-table\"><table><tbody><tr><td>Mfano<\/td><td>TY-57<\/td><td>TY-100<\/td><\/tr><tr><td>Uwezo<\/td><td>400-600kg<\/td><td>800-1200kg<\/td><\/tr><tr><td>Nguvu inayounga mkono<\/td><td>3 kW<\/td><td>4 kW<\/td><\/tr><tr><td>Ukubwa(L*W*H)<\/td><td>1.7*0.8*2.9m<\/td><td>1.9*1*3m<\/td><\/tr><tr><td>Uzito<\/td><td>300kg<\/td><td>\/<\/td><\/tr><\/tbody><\/table><\/figure>    <h2 class=\"wp-block-heading\"><strong>Maswali Yanayoulizwa Mara kwa Mara ya Kisafishaji Mahindi<\/strong><\/h2>   <div id=\"rank-math-faq\" class=\"rank-math-block\"> <div class=\"rank-math-list\"> <div id=\"faq-question-1663750458497\" class=\"rank-math-list-item\"> <h3 class=\"rank-math-question\">Swali la 1: Je, mashine hii ya kusafisha mahindi inafaa kwa mahindi pekee?<\/h3> <div class=\"rank-math-answer\">  <p>A1: Ndiyo, ni. Vifaa hivi vya kusafisha mahindi vinaweza kutumika tu kwa mahindi. Ikiwa unataka kusafisha ngano, mtama, n.k., tunaweza kukupendekezea kisafishaji kinachofaa, tafadhali wasiliana nasi na utuambie unachohitaji.  <\/p>  <\/div> <\/div> <div id=\"faq-question-1663750592473\" class=\"rank-math-list-item\"> <h3 class=\"rank-math-question\">Q2: Mfumo wa nguvu wa mashine ni nini?<\/h3> <div class=\"rank-math-answer\">  <p>A2: Kwa kawaida, sisi hutumia injini kwa kisafishaji cha mahindi kwa kuuza.<\/p>  <\/div> <\/div> <div id=\"faq-question-1663750758008\" class=\"rank-math-list-item\"> <h3 class=\"rank-math-question\">Q3: Jinsi ya kufikisha mahali ninapoenda?<\/h3> <div class=\"rank-math-answer\">  <p>A3: Kwa ujumla, tunatumia usafirishaji. Ikiwa una madai mengine, tuambie tu. Tunajaribu tuwezavyo kukuridhisha.<\/p>  <\/div> <\/div> <\/div> <\/div>   <h2 class=\"wp-block-heading\"><strong>Video ya Kazi ya Mashine ya Kusafisha Mahindi<\/strong><\/h2>    <figure class=\"wp-block-embed is-type-video is-provider-youtube wp-block-embed-youtube wp-embed-aspect-16-9 wp-has-aspect-ratio\"><div class=\"wp-block-embed__wrapper\"> <iframe loading=\"lazy\" title=\"Mashine Bora ya Kusafisha Mahindi | Vifaa vya Kusafisha Mahindi | Kisafishaji Mahindi kutoka Taizy, 2022 #corn\" width=\"500\" height=\"281\" src=\"https:\/\/www.youtube.com\/embed\/M8XF9pRwodI?feature=oembed\" frameborder=\"0\" allow=\"accelerometer; autoplay; clipboard-write; encrypted-media; gyroscope; picture-in-picture; web-share\" referrerpolicy=\"strict-origin-when-cross-origin\" allowfullscreen><\/iframe> <\/div><\/figure>","protected":false},"excerpt":{"rendered":"<p>The corn cleaning machine mainly cleans the corn kernels after threshing, which can remove the impurities in the corn and get a cleaner corn seed. Taizy corn cleaner has the advantages of simple operation, easy use, and high efficiency. This maize cleaner can remove sand, small stones, corn cobs, etc. for getting clean corn seeds. [&hellip;]<\/p>\n","protected":false},"author":1,"featured_media":3455,"parent":0,"template":"","tags":[196,195],"product-type":[17],"class_list":["post-3454","product","type-product","status-publish","has-post-thumbnail","hentry","tag-corn-cleaning-machine","tag-corn-thresher","product-type-corn-machine"],"_links":{"self":[{"href":"https:\/\/taizyagromachine.com\/sw\/wp-json\/wp\/v2\/product\/3454","targetHints":{"allow":["GET"]}}],"collection":[{"href":"https:\/\/taizyagromachine.com\/sw\/wp-json\/wp\/v2\/product"}],"about":[{"href":"https:\/\/taizyagromachine.com\/sw\/wp-json\/wp\/v2\/types\/product"}],"author":[{"embeddable":true,"href":"https:\/\/taizyagromachine.com\/sw\/wp-json\/wp\/v2\/users\/1"}],"wp:featuredmedia":[{"embeddable":true,"href":"https:\/\/taizyagromachine.com\/sw\/wp-json\/wp\/v2\/media\/3455"}],"wp:attachment":[{"href":"https:\/\/taizyagromachine.com\/sw\/wp-json\/wp\/v2\/media?parent=3454"}],"wp:term":[{"taxonomy":"post_tag","embeddable":true,"href":"https:\/\/taizyagromachine.com\/sw\/wp-json\/wp\/v2\/tags?post=3454"},{"taxonomy":"product-type","embeddable":true,"href":"https:\/\/taizyagromachine.com\/sw\/wp-json\/wp\/v2\/product-type?post=3454"}],"curies":[{"name":"wp","href":"https:\/\/api.w.org\/{rel}","templated":true}]}}