{"id":7410,"date":"2024-12-18T16:53:21","date_gmt":"2024-12-18T08:53:21","guid":{"rendered":"https:\/\/taizyagromachine.com\/?post_type=product&#038;p=7410"},"modified":"2024-12-18T17:01:22","modified_gmt":"2024-12-18T09:01:22","slug":"small-corn-harvesting-machine","status":"publish","type":"product","link":"https:\/\/taizyagromachine.com\/sw\/product\/small-corn-harvesting-machine\/","title":{"rendered":"Mashine ndogo ya kuvuna mahindi yenye kiti"},"content":{"rendered":"<p class=\"translation-block\">Taizy <strong>kifaa cha kuvuna mahindi<\/strong> kinachanganya kazi za kuchukua mahindi, kuondoa ganda, kusaga majani na kukusanya mahindi, kikikamilisha kazi ya kuvuna mahindi kwa ufanisi na haraka. Kinaweza kuvuna mahindi ya 0.05-0.12h\u33a1 kwa saa.<\/p>    <p>Mashine hii ya kuvunia mazie ina muundo wa viti, matairi makubwa, na inaendeshwa na 25hp. Kwa ufanisi wake wa juu, kuokoa kazi, kiuchumi na vitendo, inafaa kwa anuwai ya ardhi na mahitaji ya kazi. Mashine ni bora kwa shughuli za kuvuna mahindi mfululizo.<\/p>    <p>Ikiwa una nia ya kifaa hiki, karibu kuwasiliana nasi kwa maelezo zaidi!<\/p>    <figure class=\"wp-block-embed is-type-video is-provider-youtube wp-block-embed-youtube wp-embed-aspect-16-9 wp-has-aspect-ratio\"><div class=\"wp-block-embed__wrapper\"> <iframe loading=\"lazy\" title=\"Uvunaji mzuri wa mahindi kwa kivuna mahindi cha Taizy | Mchuma mahindi\" width=\"500\" height=\"281\" src=\"https:\/\/www.youtube.com\/embed\/RQLRhR-9diU?feature=oembed\" frameborder=\"0\" allow=\"accelerometer; autoplay; clipboard-write; encrypted-media; gyroscope; picture-in-picture; web-share\" referrerpolicy=\"strict-origin-when-cross-origin\" allowfullscreen><\/iframe> <\/div><figcaption class=\"wp-element-caption\">video ya kazi ya mashine ya kuokota mahindi<\/figcaption><\/figure>    <h2 class=\"wp-block-heading\"><strong>Faida za mashine ndogo ya kuvuna mahindi<\/strong><\/h2>    <ul class=\"wp-block-list\"> <li><strong>Kubuni na kiti<\/strong>: mashine ina vifaa vya kiti cha starehe, operator anaweza kukaa na kufanya kazi, kupunguza sana nguvu ya kazi na kuboresha faraja ya kazi.<\/li>    <li><strong>Uendeshaji wa safu moja<\/strong>: iliyoundwa kwa ajili ya kupanda kwa kiwango kidogo, kivunaji cha mahindi kinafaa kwa shamba lenye nafasi ndogo za mstari na ardhi ngumu.<\/li>    <li><strong>Uvunaji wa ufanisi wa juu<\/strong>: inakamilisha kazi ya kuokota, kutenganisha, na kukusanya kwa wakati mmoja, na kuokoa sana kazi na wakati.<\/li>    <li><strong>Flexible na rahisi<\/strong>: Mashine hii ina ukubwa wa kompakt, na radius ndogo ya kugeuka, inayofaa kwa tambarare, milima, na ardhi nyingine.<\/li>    <li>Ni ya bei nafuu, rahisi kufanya kazi, na rahisi kutunza.<\/li> <\/ul>   <div class=\"wp-block-image\"> <figure class=\"aligncenter size-full\"><img loading=\"lazy\" decoding=\"async\" width=\"720\" height=\"540\" src=\"https:\/\/taizyagromachine.com\/wp-content\/uploads\/2024\/12\/mini-corn-harvester-machine.webp\" alt=\"mashine ndogo ya kuvuna mahindi\" class=\"wp-image-7418\" srcset=\"https:\/\/taizyagromachine.com\/wp-content\/uploads\/2024\/12\/mini-corn-harvester-machine.webp 720w, https:\/\/taizyagromachine.com\/wp-content\/uploads\/2024\/12\/mini-corn-harvester-machine-16x12.webp 16w\" sizes=\"auto, (max-width: 720px) 100vw, 720px\" \/><figcaption class=\"wp-element-caption\">mashine ndogo ya kuvuna mahindi<\/figcaption><\/figure> <\/div>   <h2 class=\"wp-block-heading\"><strong>Data ya kiufundi ya kivuna mahindi<\/strong><\/h2>    <figure class=\"wp-block-table\"><table><tbody><tr><td>Mfano<\/td><td>CM4YZP-1<\/td><\/tr><tr><td>Nguvu&nbsp;<\/td><td>25 hp<\/td><\/tr><tr><td>Uzalishaji<\/td><td>0.05-0.12h\u33a1\/saa<\/td><\/tr><tr><td>Safu ya kazi<\/td><td>650 mm<\/td><\/tr><tr><td>Kibali cha chini cha ardhi<\/td><td>200 mm<\/td><\/tr><tr><td>Kasi iliyokadiriwa<\/td><td>2200r\/dak<\/td><\/tr><tr><td>Ukubwa<\/td><td>3650*1000*1270mm<\/td><\/tr><tr><td>Uzito<\/td><td>980kg<\/td><\/tr><\/tbody><\/table><figcaption class=\"wp-element-caption\">vipimo vya mashine ya kuvuna mahindi mini<\/figcaption><\/figure>    <h2 class=\"wp-block-heading\"><strong>Muundo<\/strong> <strong>ya mashine ya kuvuna mahindi<\/strong><\/h2>    <p>Mashine imeundwa kuwa compact na ufanisi, hasa linajumuisha kukata meza, kifaa kuwasilisha, kifaa peeling, ukusanyaji, mfumo wa nguvu, kiti, nk.<\/p>    <ul class=\"wp-block-list\"> <li>Jedwali la kukata: hutumiwa kukata mabua ya mahindi na kutenganisha masikio kutoka kwa mahindi.<\/li>    <li>Conveyor: kuhamisha cobs kutoka meza ya kukata hadi kifaa peeling.<\/li>    <li>Stripper: hupunguza kwa ufanisi vifuniko kutoka kwa mahindi ili kuhakikisha usafi wa bidhaa iliyokamilishwa.<\/li>    <li>Sanduku la ukusanyaji: sed kukusanya nafaka zilizopigwa.<\/li>    <li>Mfumo wa nguvu: toa nguvu ya kuendesha mashine ya kuvuna mahindi.<\/li> <\/ul>   <div class=\"wp-block-image\"> <figure class=\"aligncenter size-full\"><img loading=\"lazy\" decoding=\"async\" width=\"720\" height=\"540\" src=\"https:\/\/taizyagromachine.com\/wp-content\/uploads\/2024\/12\/small-corn-harvesting-machine-for-sale.webp\" alt=\"mashine ndogo ya kuvuna mahindi inauzwa\" class=\"wp-image-7416\" srcset=\"https:\/\/taizyagromachine.com\/wp-content\/uploads\/2024\/12\/small-corn-harvesting-machine-for-sale.webp 720w, https:\/\/taizyagromachine.com\/wp-content\/uploads\/2024\/12\/small-corn-harvesting-machine-for-sale-16x12.webp 16w\" sizes=\"auto, (max-width: 720px) 100vw, 720px\" \/><figcaption class=\"wp-element-caption\">mashine ndogo ya kuvuna mahindi inauzwa<\/figcaption><\/figure> <\/div>   <h2 class=\"wp-block-heading\"><strong>Mvunaji wa mahindi hufanyaje kazi?<\/strong><\/h2>    <p>Mashine ya kuvuna mahindi inapofanya kazi, jedwali la kukata huendeshwa na mfumo wa nguvu, ambao hukata mabua ya mahindi na kisha kuhamisha mabua kwa njia ya conveyor hadi kifaa cha kumenya kwa usindikaji. Kifaa cha kumenya huondoa vifuniko vya nje kutoka kwa mahindi na hatimaye kuhifadhi mahindi yaliyochakatwa kwenye sanduku la mkusanyiko. Mchakato wote ni mzuri na endelevu, ambao huokoa kazi na wakati kwa kiasi kikubwa.<\/p>    <h2 class=\"wp-block-heading\"><strong>Mashine ya kuvuna mahindi ya Taizy bei gani?<\/strong><\/h2>    <p>Mashine ya kuvuna mahindi inayotolewa na Taizy inajulikana kwa utendaji wake wa gharama kubwa, na bei zake hutofautiana kulingana na mifano, usanidi na kazi. Mashine ya kukoboa mahindi inayouzwa kutoka Taizy huwa na safu mlalo moja, lakini pia kuna kichagua mahindi cha safu 2 chenye usanidi tofauti. Mwisho ni ghali zaidi.<\/p>    <p>Pia tunaunga mkono suluhu zilizobinafsishwa ili kuhakikisha kuwa kila mteja anapata bidhaa inayofaa kwa mahitaji yake. Ikiwa unataka bei mahususi za mashine, tafadhali wasiliana nasi. Tuambie mahitaji yako, na tutatoa suluhisho linalofaa zaidi na bei nzuri zaidi!<\/p>   <div class=\"wp-block-image\"> <figure class=\"aligncenter size-full\"><img loading=\"lazy\" decoding=\"async\" width=\"720\" height=\"540\" src=\"https:\/\/taizyagromachine.com\/wp-content\/uploads\/2024\/12\/corn-picker-machine-with-seat.webp\" alt=\"mashine ya kuokota mahindi yenye kiti\" class=\"wp-image-7417\" srcset=\"https:\/\/taizyagromachine.com\/wp-content\/uploads\/2024\/12\/corn-picker-machine-with-seat.webp 720w, https:\/\/taizyagromachine.com\/wp-content\/uploads\/2024\/12\/corn-picker-machine-with-seat-16x12.webp 16w\" sizes=\"auto, (max-width: 720px) 100vw, 720px\" \/><figcaption class=\"wp-element-caption\">mashine ya kuokota mahindi yenye kiti<\/figcaption><\/figure> <\/div>   <h2 class=\"wp-block-heading\"><strong>Kivuna mahindi chenye kiti VS. kichagua mahindi kinachojiendesha chenye mstari mmoja<\/strong><\/h2>    <p class=\"translation-block\"><strong>Majsrensare med s\u00e4te<\/strong>: denna majsrensmaskin \u00e4r l\u00e4mplig f\u00f6r l\u00e5ngvarig drift, vilket ger operat\u00f6ren komfort och st\u00f6rre effektivitet. Den rekommenderas f\u00f6r medelstora till stora g\u00e5rdar eller i scenarier med h\u00f6g efterfr\u00e5gan p\u00e5 kontinuerlig drift.<\/p>    <p class=\"translation-block\"><strong>Kifaa cha kuvuna mahindi kinachojisukuma cha safu moja<\/strong>: hiki <a href=\"https:\/\/taizyagromachine.com\/sw\/product\/single-row-corn-harvester\/\">kivuna mahindi cha safu moja<\/a> ni kidogo zaidi na flexible, kinafaa kwa maeneo madogo, mashamba madogo, au mashamba madogo. Aina hii kwa kawaida hupatikana kwa jumla, ikipendwa na wasambazaji wa kimataifa.<\/p>    <p>Mifano zote mbili zina faida zao wenyewe. Mfano ulio na kiti unafaa kwa watumiaji wanaofuata ufanisi na faraja, wakati mfano wa kujitegemea unafaa zaidi kwa mahitaji ya uendeshaji rahisi. Kulingana na mazingira ya uendeshaji na bajeti, wateja ni huru kuchagua mfano sahihi.<\/p>    <figure class=\"wp-block-gallery has-nested-images columns-default is-cropped wp-block-gallery-2 is-layout-flex wp-block-gallery-is-layout-flex\"> <figure class=\"wp-block-image size-full\"><img loading=\"lazy\" decoding=\"async\" width=\"720\" height=\"540\" data-id=\"7420\" src=\"https:\/\/taizyagromachine.com\/wp-content\/uploads\/2024\/12\/new-type-corn-harvesting-machine.webp\" alt=\"mashine ya kuvuna mahindi ya aina mpya\" class=\"wp-image-7420\" srcset=\"https:\/\/taizyagromachine.com\/wp-content\/uploads\/2024\/12\/new-type-corn-harvesting-machine.webp 720w, https:\/\/taizyagromachine.com\/wp-content\/uploads\/2024\/12\/new-type-corn-harvesting-machine-16x12.webp 16w\" sizes=\"auto, (max-width: 720px) 100vw, 720px\" \/><figcaption class=\"wp-element-caption\">mashine ya kuvuna mahindi ya aina mpya<\/figcaption><\/figure>    <figure class=\"wp-block-image size-full\"><img loading=\"lazy\" decoding=\"async\" width=\"720\" height=\"540\" data-id=\"7364\" src=\"https:\/\/taizyagromachine.com\/wp-content\/uploads\/2024\/12\/1-row-corn-picker.webp\" alt=\"Kitega mahindi cha safu 1\" class=\"wp-image-7364\" srcset=\"https:\/\/taizyagromachine.com\/wp-content\/uploads\/2024\/12\/1-row-corn-picker.webp 720w, https:\/\/taizyagromachine.com\/wp-content\/uploads\/2024\/12\/1-row-corn-picker-16x12.webp 16w\" sizes=\"auto, (max-width: 720px) 100vw, 720px\" \/><figcaption class=\"wp-element-caption\">Kitega mahindi cha safu 1<\/figcaption><\/figure> <\/figure>    <h2 class=\"wp-block-heading\"><strong>Huduma ya baada ya mauzo unaweza kufurahia kutoka Taizy<\/strong><\/h2>    <p>Baada ya kununua mashine ya kuvuna mahindi ya Taize, utafurahia huduma ya kina baada ya mauzo, ikiwa ni pamoja na:<\/p>    <ul class=\"wp-block-list\"> <li>Mwongozo wa kiufundi<\/li>    <li>Ugavi wa kutosha wa vipuri<\/li>    <li>Ushauri wa matengenezo ya vifaa<\/li>    <li>FQA ya mtandaoni<\/li> <\/ul>    <p>Huduma zilizo hapo juu ni kwako kutazama. Huduma yetu ya baada ya mauzo huhakikisha kwamba mashine yako ya kuchuma mahindi inaweza kufanya kazi kwa utulivu kwa muda mrefu.<\/p>    <h2 class=\"wp-block-heading\"><strong>Wasiliana nasi kwa maelezo zaidi!<\/strong><\/h2>    <p class=\"translation-block\">Ikiwa una nia ya kifaa cha kuvuna mahindi cha Taizy, tafadhali jisikie huru kuwasiliana nasi. Tutakupa taarifa za kina na <a href=\"https:\/\/en.wikipedia.org\/wiki\/Maize\" target=\"_blank\" rel=\"noopener\">suluhisho za kuvuna mahindi!<\/a><\/p>","protected":false},"excerpt":{"rendered":"<p>Mashine ya kuvuna mahindi ya Taizy inachanganya kazi za kuchuma mahindi, kumenya, kusagwa majani na kukusanya mahindi, yenye uwezo wa 0.05-0.12h\u33a1\/h.<\/p>","protected":false},"author":1,"featured_media":7412,"parent":0,"template":"","tags":[79,240],"product-type":[17],"class_list":["post-7410","product","type-product","status-publish","has-post-thumbnail","hentry","tag-corn-machine","tag-harvester","product-type-corn-machine"],"_links":{"self":[{"href":"https:\/\/taizyagromachine.com\/sw\/wp-json\/wp\/v2\/product\/7410","targetHints":{"allow":["GET"]}}],"collection":[{"href":"https:\/\/taizyagromachine.com\/sw\/wp-json\/wp\/v2\/product"}],"about":[{"href":"https:\/\/taizyagromachine.com\/sw\/wp-json\/wp\/v2\/types\/product"}],"author":[{"embeddable":true,"href":"https:\/\/taizyagromachine.com\/sw\/wp-json\/wp\/v2\/users\/1"}],"wp:featuredmedia":[{"embeddable":true,"href":"https:\/\/taizyagromachine.com\/sw\/wp-json\/wp\/v2\/media\/7412"}],"wp:attachment":[{"href":"https:\/\/taizyagromachine.com\/sw\/wp-json\/wp\/v2\/media?parent=7410"}],"wp:term":[{"taxonomy":"post_tag","embeddable":true,"href":"https:\/\/taizyagromachine.com\/sw\/wp-json\/wp\/v2\/tags?post=7410"},{"taxonomy":"product-type","embeddable":true,"href":"https:\/\/taizyagromachine.com\/sw\/wp-json\/wp\/v2\/product-type?post=7410"}],"curies":[{"name":"wp","href":"https:\/\/api.w.org\/{rel}","templated":true}]}}