{"id":7953,"date":"2025-04-30T18:25:49","date_gmt":"2025-04-30T10:25:49","guid":{"rendered":"https:\/\/taizyagromachine.com\/?post_type=product&#038;p=7953"},"modified":"2025-05-06T14:43:41","modified_gmt":"2025-05-06T06:43:41","slug":"manure-and-fertilizer-spreader-truck","status":"publish","type":"product","link":"https:\/\/taizyagromachine.com\/sw\/product\/manure-and-fertilizer-spreader-truck\/","title":{"rendered":"Lastbilen f\u00f6r g\u00f6dsel och g\u00f6dningsmedel"},"content":{"rendered":"<p class=\"translation-block\">Lori ya kusambaza mbolea ya Taizy imeundwa kwa ajili ya kusambaza mbolea mbalimbali kavu na mvua, mbolea ya punjepunje, mbolea hai, mbolea ya kemikali, n.k., katika mashamba. Inafaa kwa ushirika wa ufugaji na besi kubwa za upanzi.<\/p>    <p>Denna traktorspridare f\u00f6r g\u00f6dsel \u00e4r av PTO-typ, med en traktor p\u00e5 \u226550HK, har en volym av 3m\u00b3, 6m\u00b3, 8m\u00b3, 10m\u00b3 och 12m\u00b3, och ett spridningsavst\u00e5nd p\u00e5 4-16m. Spridningsmaskinen kan kasta g\u00f6dsel fr\u00e5n en lastbil inom 5-10 minuter, en kapacitet p\u00e5 cirka 500 Mu per dag.<\/p>    <p>Mashine nzima inasimamiwa kwa njia ya hidroliki, imeundwa kwa njia ya ukingo wa pamoja, haina kulehemu, na ni ya kudumu zaidi na sugu kwa kutu. Inaweza kusambaza kwa ufanisi na kwa usawa aina zote za mbolea za granuli, mbolea za kikaboni na mbolea za samadi kavu, ambayo ni chombo bora cha kuongeza ufanisi wa mbolea za kilimo na kuokoa nguvu kazi. Unavutiwa? Wasiliana nasi ili kupata maelezo zaidi.<\/p>    <figure class=\"wp-block-embed is-type-video is-provider-youtube wp-block-embed-youtube wp-embed-aspect-16-9 wp-has-aspect-ratio\"><div class=\"wp-block-embed__wrapper\"> <iframe loading=\"lazy\" title=\"Traktorleverant\u00f6r g\u00f6dsel spridare | Hur fungerar lastbilen f\u00f6r spridning av g\u00f6dselmedel? H\u00e4st- och fj\u00e4derf\u00e4 g\u00f6dsel.\" width=\"500\" height=\"281\" src=\"https:\/\/www.youtube.com\/embed\/JDF1syW7Qso?feature=oembed\" frameborder=\"0\" allow=\"accelerometer; autoplay; clipboard-write; encrypted-media; gyroscope; picture-in-picture; web-share\" referrerpolicy=\"strict-origin-when-cross-origin\" allowfullscreen><\/iframe> <\/div><figcaption class=\"wp-element-caption\">video av g\u00f6dningsspridare lastbil<\/figcaption><\/figure>    <h2 class=\"wp-block-heading\"><strong>F\u00f6rdelar med 3-punkts g\u00f6dningsspridare lastbil<\/strong><\/h2>    <ul class=\"wp-block-list\"> <li>Ramen ya kuvuta ya mtaalamu wa mbolea ni <strong>tubu ya mraba ya 20*20cm<\/strong>, imara zaidi na ya kudumu.<\/li>    <li>Mnyororo wa kulisha mbolea unatumia <strong>tubu ya mraba ya 4*6cm yenye ukuta wa unene wa 5mm<\/strong>l, och c<strong>kedjesp\u00e4nnet antar gruvklass<\/strong>, vilket inte \u00e4r l\u00e4tt att deformera och bryta vid l\u00e5ngvarig utfodring och spridning av g\u00f6dselmedel.<\/li>    <li>Den stora hydrauliska oljetanken \u00e4r utrustad med en <strong>luftkylare<\/strong>, vilket s\u00e4kerst\u00e4ller kylningen av hydrauloljan.<\/li>    <li>V\u00e5r dragtyp g\u00f6dsel spridare lastbil \u00e4r utrustad med en <strong>fl\u00f6desregulatorventil (10 v\u00e4xlar)<\/strong>, justerbar. Ju st\u00f6rre v\u00e4xeln \u00e4r, desto snabbare \u00e4r hastigheten.<\/li>    <li>Med en 6m\u00b3 g\u00f6dsel spridare lastbil som exempel, \u00e4r den utrustad med <strong>en diameter p\u00e5 68 cm dubbel skiva, en kastavst\u00e5nd p\u00e5 4-15 m<\/strong>som kan justeras fritt.<\/li> <\/ul>    <figure class=\"wp-block-gallery has-nested-images columns-default is-cropped wp-block-gallery-2 is-layout-flex wp-block-gallery-is-layout-flex\"> <figure class=\"wp-block-image size-large\"><img loading=\"lazy\" decoding=\"async\" width=\"720\" height=\"540\" data-id=\"7961\" src=\"https:\/\/taizyagromachine.com\/wp-content\/uploads\/2025\/04\/3-point-fertilizer-spreader-truck-1.webp\" alt=\"Gari la kusambaza mbolea la pointi 3\" class=\"wp-image-7961\" srcset=\"https:\/\/taizyagromachine.com\/wp-content\/uploads\/2025\/04\/3-point-fertilizer-spreader-truck-1.webp 720w, https:\/\/taizyagromachine.com\/wp-content\/uploads\/2025\/04\/3-point-fertilizer-spreader-truck-1-16x12.webp 16w\" sizes=\"auto, (max-width: 720px) 100vw, 720px\" \/><figcaption class=\"wp-element-caption\">Gari la kusambaza mbolea la pointi 3<\/figcaption><\/figure>    <figure class=\"wp-block-image size-large\"><img loading=\"lazy\" decoding=\"async\" width=\"720\" height=\"540\" data-id=\"7962\" src=\"https:\/\/taizyagromachine.com\/wp-content\/uploads\/2025\/04\/3-point-hitch-fertilizer-spreader.webp\" alt=\"Kusambaza mbolea kwa kutumia pointi 3\" class=\"wp-image-7962\" srcset=\"https:\/\/taizyagromachine.com\/wp-content\/uploads\/2025\/04\/3-point-hitch-fertilizer-spreader.webp 720w, https:\/\/taizyagromachine.com\/wp-content\/uploads\/2025\/04\/3-point-hitch-fertilizer-spreader-16x12.webp 16w\" sizes=\"auto, (max-width: 720px) 100vw, 720px\" \/><figcaption class=\"wp-element-caption\">Kusambaza mbolea kwa kutumia pointi 3<\/figcaption><\/figure> <\/figure>    <h2 class=\"wp-block-heading\"><strong>Tekniska parametrar f\u00f6r lastbil f\u00f6r spridning av torrt g\u00f6dselmedel.<\/strong><\/h2>    <p>V\u00e5r spridare f\u00f6r torr och flytande g\u00f6dsel erbjuder flera kapacitetsalternativ, inklusive 3m\u00b3, 6m\u00b3, 8m\u00b3, 10m\u00b3 och 12m\u00b3, som kan v\u00e4ljas fritt beroende p\u00e5 arbetsomr\u00e5de och g\u00f6dseltyp. H\u00e4r \u00e4r parametrarna f\u00f6r de tre modeller som vanligtvis s\u00e4ljs f\u00f6r din referens.<\/p>    <figure class=\"wp-block-table\"><table class=\"has-fixed-layout\"><tbody><tr><td><strong>Kipengee <\/strong><strong><\/strong><\/td><td><strong>2FGH-3<\/strong><strong><\/strong><\/td><td><strong>2FGH-6<\/strong><\/td><td><strong>2FGH-8<\/strong><\/td><\/tr><tr><td>Silo volym &nbsp;<\/td><td>3m\u00b3<\/td><td>6m\u00b3<\/td><td>8m\u00b3<\/td><\/tr><tr><td>Ukubwa wa jumla<\/td><td>4850*1800*2050mm<\/td><td>5750*2050*2430mm<\/td><td>6350*2200*2430mm<\/td><\/tr><tr><td>Strukturell form<\/td><td>L\u00e5da typ<\/td><td>L\u00e5da typ<\/td><td>L\u00e5da typ<\/td><\/tr><tr><td>Arbetsmetod<\/td><td>Bak\u00e5t kast<\/td><td>Bak\u00e5t kast<\/td><td>Bak\u00e5t kast<\/td><\/tr><tr><td>Leveransmetod f\u00f6r organiskt g\u00f6dningsmedel<\/td><td>Hydraulisk kedjedrivning<\/td><td>Hydraulisk kedjedrivning<\/td><td>Hydraulisk kedjedrivning<\/td><\/tr><tr><td>Spridningsanordningstyp<\/td><td>Bakre dubbelskiva<\/td><td>Bakre dubbelskiva<\/td><td>Bakre dubbelskiva<\/td><\/tr><tr><td>Spridningsbredd<\/td><td>\u22655m<\/td><td>\u22655m<\/td><td>\u22655m<\/td><\/tr><tr><td>Kvantitet skivor<\/td><td>2pcs<\/td><td>2pcs<\/td><td>2pcs<\/td><\/tr><tr><td>D\u00e4ck<\/td><td>2pcs<\/td><td>2pcs<\/td><td>2pcs<\/td><\/tr><tr><td>D\u00e4ck nr.<\/td><td>20.5\/70-16<\/td><td>298\/60R22.5<\/td><td>295\/60R22.5<\/td><\/tr><tr><td>Nguvu inayolingana<\/td><td>\u226550HP<\/td><td>\u226560.3kw<\/td><td>\u226570kw<\/td><\/tr><tr><td>Maksimal kapacitet ya y\u00fck<\/td><td>2400kg<\/td><td>4800kg<\/td><td>6000kg<\/td><\/tr><tr><td>Ufanisi wa kazi<\/td><td>Cirka 5-10 min\/lastebil (spridningstid beroende p\u00e5 olika g\u00f6dningsmedel)<\/td><td>Cirka 5-10 min\/lastebil (spridningstid beroende p\u00e5 olika g\u00f6dningsmedel)<\/td><td>Cirka 5-10 min\/lastebil (spridningstid beroende p\u00e5 olika g\u00f6dningsmedel)<\/td><\/tr><\/tbody><\/table><figcaption class=\"wp-element-caption\">vigezo vya lori la kusambaza mbolea kavu na ya maji<\/figcaption><\/figure>    <figure class=\"wp-block-gallery has-nested-images columns-default is-cropped wp-block-gallery-3 is-layout-flex wp-block-gallery-is-layout-flex\"> <figure class=\"wp-block-image size-large\"><img loading=\"lazy\" decoding=\"async\" width=\"720\" height=\"540\" data-id=\"7956\" src=\"https:\/\/taizyagromachine.com\/wp-content\/uploads\/2025\/04\/pto-driven-manure-spreader-truck.webp\" alt=\"lastbil f\u00f6r g\u00f6dselutspridning driven av PTO\" class=\"wp-image-7956\" srcset=\"https:\/\/taizyagromachine.com\/wp-content\/uploads\/2025\/04\/pto-driven-manure-spreader-truck.webp 720w, https:\/\/taizyagromachine.com\/wp-content\/uploads\/2025\/04\/pto-driven-manure-spreader-truck-16x12.webp 16w\" sizes=\"auto, (max-width: 720px) 100vw, 720px\" \/><figcaption class=\"wp-element-caption\">lastbil f\u00f6r g\u00f6dselutspridning driven av PTO<\/figcaption><\/figure>    <figure class=\"wp-block-image size-large\"><img loading=\"lazy\" decoding=\"async\" width=\"720\" height=\"540\" data-id=\"7957\" src=\"https:\/\/taizyagromachine.com\/wp-content\/uploads\/2025\/04\/tractor-manure-spreader.webp\" alt=\"traktor g\u00f6dselutspridare\" class=\"wp-image-7957\" srcset=\"https:\/\/taizyagromachine.com\/wp-content\/uploads\/2025\/04\/tractor-manure-spreader.webp 720w, https:\/\/taizyagromachine.com\/wp-content\/uploads\/2025\/04\/tractor-manure-spreader-16x12.webp 16w\" sizes=\"auto, (max-width: 720px) 100vw, 720px\" \/><figcaption class=\"wp-element-caption\">traktor g\u00f6dselutspridare<\/figcaption><\/figure> <\/figure>    <h2 class=\"wp-block-heading\"><strong>Till\u00e4mpningar av g\u00f6dningsspridare lastbil<\/strong><\/h2>    <p>Lastbilen med g\u00f6dselspridare som \u00e4r monterad p\u00e5 Taizy-traktorn \u00e4r l\u00e4mplig f\u00f6r alla typer av torr och v\u00e5t g\u00f6dsel, organiskt g\u00f6dsel, granulerat g\u00f6dsel och kemiskt g\u00f6dselkastningsoperation, som anv\u00e4nds i stor utstr\u00e4ckning i:<\/p>    <ul class=\"wp-block-list\"> <li>\u00c5terf\u00f6ring av g\u00f6dsel fr\u00e5n g\u00e5rdar<\/li>    <li>Spridning av organiskt g\u00f6dsel i odlingsbaser<\/li>    <li>Skala g\u00f6dselapplikationsprojekt av jordbrukskooperativ<\/li> <\/ul>    <h2 class=\"wp-block-heading\"><strong>Ni kiasi gani cha meli ya kusambaza samadi?<\/strong><\/h2>    <p>Mifumo ya bei za magari ya kusambaza mbolea hutofautiana kulingana na uwezo tofauti, usanidi na ikiwa zimeandaliwa maalum au la. Kwa mfano, bei ya kusambaza mbolea ya trekta ya 6m\u00b3 yenye mfumo wa screw wima itakuwa juu zaidi kuliko mashine yenye udhibiti wa hydraulic na mfumo wa diski mbili.<\/p>    <p>Tunasaidia suluhu zilizobinafsishwa kulingana na bajeti na mahitaji ya uendeshaji ya wateja. Karibu kuwasiliana nasi ili kupata nukuu mpya na suluhu za usafirishaji.<\/p>    <figure class=\"wp-block-gallery has-nested-images columns-default is-cropped wp-block-gallery-4 is-layout-flex wp-block-gallery-is-layout-flex\"> <figure class=\"wp-block-image size-large\"><img loading=\"lazy\" decoding=\"async\" width=\"720\" height=\"540\" data-id=\"7959\" src=\"https:\/\/taizyagromachine.com\/wp-content\/uploads\/2025\/04\/3-point-fertilizer-spreader-truck.webp\" alt=\"Gari la kusambaza mbolea la pointi 3\" class=\"wp-image-7959\" srcset=\"https:\/\/taizyagromachine.com\/wp-content\/uploads\/2025\/04\/3-point-fertilizer-spreader-truck.webp 720w, https:\/\/taizyagromachine.com\/wp-content\/uploads\/2025\/04\/3-point-fertilizer-spreader-truck-16x12.webp 16w\" sizes=\"auto, (max-width: 720px) 100vw, 720px\" \/><figcaption class=\"wp-element-caption\">Gari la kusambaza mbolea la pointi 3<\/figcaption><\/figure>    <figure class=\"wp-block-image size-large\"><img loading=\"lazy\" decoding=\"async\" width=\"720\" height=\"540\" data-id=\"7960\" src=\"https:\/\/taizyagromachine.com\/wp-content\/uploads\/2025\/04\/compact-manure-spreader-truck.webp\" alt=\"kompakt lastbil f\u00f6r g\u00f6dselutspridning\" class=\"wp-image-7960\" srcset=\"https:\/\/taizyagromachine.com\/wp-content\/uploads\/2025\/04\/compact-manure-spreader-truck.webp 720w, https:\/\/taizyagromachine.com\/wp-content\/uploads\/2025\/04\/compact-manure-spreader-truck-16x12.webp 16w\" sizes=\"auto, (max-width: 720px) 100vw, 720px\" \/><figcaption class=\"wp-element-caption\">kompakt lastbil f\u00f6r g\u00f6dselutspridning<\/figcaption><\/figure> <\/figure>    <h2 class=\"wp-block-heading\"><strong>Tips f\u00f6r att v\u00e4lja en l\u00e4mplig g\u00e5rd g\u00f6dsel spridare lastbil.<\/strong><\/h2>    <p>Enligt v\u00e5r erfarenhet \u00e4r f\u00f6ljande ink\u00f6psf\u00f6rslag f\u00f6r en g\u00f6dselutbrederlastbil, fr\u00e4mst inkluderande:<\/p>    <ul class=\"wp-block-list\"> <li>Definiera anv\u00e4ndningsscen och g\u00f6dseltyp<\/li>    <li>Valbar val av kapacitet<\/li>    <li>Var uppm\u00e4rksam p\u00e5 g\u00f6dselns spridningsbredd och effektivitet<\/li>    <li>Traktor matchande kraft<\/li>    <li>Var uppm\u00e4rksam p\u00e5 det hydrauliska systemet och driftens bekv\u00e4mlighet<\/li>    <li>V\u00e4lj p\u00e5litliga leverant\u00f6rer<\/li> <\/ul>    <p>Ovanst\u00e5ende \u00e4r n\u00e5gra f\u00f6rslag som ges n\u00e4r du handlar. Om du beh\u00f6ver ytterligare detaljer, tveka inte att kontakta oss!<\/p>    <h2 class=\"wp-block-heading\"><strong>Varf\u00f6r v\u00e4lja Taizy som leverant\u00f6r av g\u00f6dsel spridare lastbilar?<\/strong><\/h2>    <p>Att v\u00e4lja Taizy bland m\u00e5nga leverant\u00f6rer av g\u00f6dselutbreder till salu beror p\u00e5:<\/p>    <ul class=\"wp-block-list\"> <li><strong>Uzoefu tajiri<\/strong>M\u00e5nga \u00e5rs erfarenhet av export av jordbruksmaskiner, produkter exporteras till Asien, Afrika, Europa och andra l\u00e4nder.<\/li>    <li><strong>P\u00e5litlig teknik<\/strong>Genom att anv\u00e4nda komponenter av f\u00f6rstklassig kvalitet \u00e4r hela g\u00f6dsel spridaren formad i ett stycke, vilket ger l\u00e4ngre livsl\u00e4ngd.<\/li>    <li><strong>St\u00f6d f\u00f6r anpassning<\/strong>: Vi erbjuder exklusiva l\u00f6sningar enligt kundens terr\u00e4ng, gr\u00f6da och effektbehov.<\/li>    <li><strong>Garanti efter f\u00f6rs\u00e4ljning<\/strong>Kompletta tillbeh\u00f6r, fj\u00e4rrvideo v\u00e4gledning och mer p\u00e5litlig service f\u00f6r Taizy g\u00e5rd g\u00f6dsel spridare lastbil.<\/li> <\/ul>    <figure class=\"wp-block-gallery has-nested-images columns-default is-cropped wp-block-gallery-5 is-layout-flex wp-block-gallery-is-layout-flex\"> <figure class=\"wp-block-image size-large\"><img loading=\"lazy\" decoding=\"async\" width=\"720\" height=\"540\" data-id=\"7963\" src=\"https:\/\/taizyagromachine.com\/wp-content\/uploads\/2025\/04\/three-point-hitch-fertilizer-spreader-truck.webp\" alt=\"lastbil med trepunktsf\u00e4ste f\u00f6r g\u00f6dselutspridning\" class=\"wp-image-7963\" srcset=\"https:\/\/taizyagromachine.com\/wp-content\/uploads\/2025\/04\/three-point-hitch-fertilizer-spreader-truck.webp 720w, https:\/\/taizyagromachine.com\/wp-content\/uploads\/2025\/04\/three-point-hitch-fertilizer-spreader-truck-16x12.webp 16w\" sizes=\"auto, (max-width: 720px) 100vw, 720px\" \/><figcaption class=\"wp-element-caption\">lastbil med trepunktsf\u00e4ste f\u00f6r g\u00f6dselutspridning<\/figcaption><\/figure>    <figure class=\"wp-block-image size-large\"><img loading=\"lazy\" decoding=\"async\" width=\"720\" height=\"540\" data-id=\"7964\" src=\"https:\/\/taizyagromachine.com\/wp-content\/uploads\/2025\/04\/truck-mounted-manure-spreader.webp\" alt=\"lastbil monterad g\u00f6dselutspridare\" class=\"wp-image-7964\" srcset=\"https:\/\/taizyagromachine.com\/wp-content\/uploads\/2025\/04\/truck-mounted-manure-spreader.webp 720w, https:\/\/taizyagromachine.com\/wp-content\/uploads\/2025\/04\/truck-mounted-manure-spreader-16x12.webp 16w\" sizes=\"auto, (max-width: 720px) 100vw, 720px\" \/><figcaption class=\"wp-element-caption\">lastbil monterad g\u00f6dselutspridare<\/figcaption><\/figure> <\/figure>    <h2 class=\"wp-block-heading\"><strong>Kontakta oss f\u00f6r en gratis offert och videoinformation!<\/strong><\/h2>    <p class=\"translation-block\">Iwe wewe ni ushirika wa kilimo, shamba, au eneo la kupanda, Taizy ina suluhisho la kueneza mbolea linalofaa na la kudumu.<\/p>    <ul class=\"wp-block-list\"> <li>Snabb kommunikation via WhatsApp, WeChat och e-post.<\/li>    <li>Gratis arbetsvideo f\u00f6r utrustning, lista \u00f6ver reservdelar och transportplan.<\/li>    <li>En-till-en service av professionella f\u00f6rs\u00e4ljningskonsulter f\u00f6r att s\u00e4kerst\u00e4lla en bekymmersfri ink\u00f6psupplevelse.<\/li> <\/ul>    <p class=\"translation-block\">Pia tuna mashine zingine za kulifungashia nyasi zinazouzwa, kama vile <a href=\"https:\/\/taizyagromachine.com\/sw\/product\/silage-baler\/\">mashine ya kufungashia nyasi<\/a>, <a href=\"https:\/\/taizyagromachine.com\/sw\/product\/straw-crushing-and-recycling-machine\/\">mashine ya kuvuna nyasi<\/a> kwa maisha yako ya kilimo. Wasiliana nasi kwa maelezo zaidi!<\/p>","protected":false},"excerpt":{"rendered":"<p>Lastbil ya Taizy ya kusambaza mbolea inatumika kusambaza aina mbalimbali za samadi kavu na mvua, mbolea ya granula, mbolea ya kikaboni, mbolea ya kemikali, n.k., katika mashamba, ikiwa na ujazo wa 3m\u00b3, 6m\u00b3, 8m\u00b3, 10m\u00b3 na 12m\u00b3.<\/p>","protected":false},"author":1,"featured_media":7955,"parent":0,"template":"","tags":[116],"product-type":[19],"class_list":["post-7953","product","type-product","status-publish","has-post-thumbnail","hentry","tag-silage","product-type-silage-machine"],"_links":{"self":[{"href":"https:\/\/taizyagromachine.com\/sw\/wp-json\/wp\/v2\/product\/7953","targetHints":{"allow":["GET"]}}],"collection":[{"href":"https:\/\/taizyagromachine.com\/sw\/wp-json\/wp\/v2\/product"}],"about":[{"href":"https:\/\/taizyagromachine.com\/sw\/wp-json\/wp\/v2\/types\/product"}],"author":[{"embeddable":true,"href":"https:\/\/taizyagromachine.com\/sw\/wp-json\/wp\/v2\/users\/1"}],"wp:featuredmedia":[{"embeddable":true,"href":"https:\/\/taizyagromachine.com\/sw\/wp-json\/wp\/v2\/media\/7955"}],"wp:attachment":[{"href":"https:\/\/taizyagromachine.com\/sw\/wp-json\/wp\/v2\/media?parent=7953"}],"wp:term":[{"taxonomy":"post_tag","embeddable":true,"href":"https:\/\/taizyagromachine.com\/sw\/wp-json\/wp\/v2\/tags?post=7953"},{"taxonomy":"product-type","embeddable":true,"href":"https:\/\/taizyagromachine.com\/sw\/wp-json\/wp\/v2\/product-type?post=7953"}],"curies":[{"name":"wp","href":"https:\/\/api.w.org\/{rel}","templated":true}]}}