{"id":8326,"date":"2025-10-13T15:06:47","date_gmt":"2025-10-13T07:06:47","guid":{"rendered":"https:\/\/taizyagromachine.com\/?post_type=product&#038;p=8326"},"modified":"2025-10-13T16:49:26","modified_gmt":"2025-10-13T08:49:26","slug":"small-scale-grain-thresher-machine","status":"publish","type":"product","link":"https:\/\/taizyagromachine.com\/sw\/product\/small-scale-grain-thresher-machine\/","title":{"rendered":"Liten skala spannm\u00e5l sk\u00f6rdemaskin"},"content":{"rendered":"<p class=\"translation-block\">Taizy MT-1500 m\u00e5ngsidig <strong>spannm\u00e5lsrivare<\/strong> kombinerar h\u00f6g effektivitet med m\u00e5ngsidighet, anv\u00e4nds mycket f\u00f6r rivning av majs (med lock), hirs, sorgum, sojab\u00f6nor, ris, vete och andra spannm\u00e5l och s\u00e4deslag. Den m\u00f6ter \u00e5ret-runt bearbetningsbehov f\u00f6r flera gr\u00f6dor p\u00e5 en g\u00e5rd med en maskin. Kapaciteten ligger mellan 2-5 t\/8, f\u00f6redras av jordbrukets anbud-projekt.<\/p>    <p>Denna gr\u00f6da rivningsmaskin kan drivas av dieselmotor (med el-start) eller elektrisk motor som kraft, utrustad med stora hjul och en ram, mycket omtyckt av afrikanska kunder. Oavsett om det \u00e4r f\u00f6r familjeg\u00e5rdar, kooperativ eller spannm\u00e5lsbearbetningsanl\u00e4ggningar levererar v\u00e5r spannm\u00e5lsrivare effektiv rivning, minskar arbetskostnaderna och \u00f6kar output.<\/p>    <figure class=\"wp-block-embed is-type-video is-provider-youtube wp-block-embed-youtube wp-embed-aspect-16-9 wp-has-aspect-ratio\"><div class=\"wp-block-embed__wrapper\"> <iframe loading=\"lazy\" title=\"MT-1500 multifunktionell  spannm\u00e5lsrivare f\u00f6r majs, hirs, sorgum | Flerskorn rievare f\u00f6r majsen.\" width=\"500\" height=\"281\" src=\"https:\/\/www.youtube.com\/embed\/q6hb9pE17o4?feature=oembed\" frameborder=\"0\" allow=\"accelerometer; autoplay; clipboard-write; encrypted-media; gyroscope; picture-in-picture; web-share\" referrerpolicy=\"strict-origin-when-cross-origin\" allowfullscreen><\/iframe> <\/div><figcaption class=\"wp-element-caption\">arbetsvideo av multi spannm\u00e5lsrivare<\/figcaption><\/figure>    <h2 class=\"wp-block-heading\"><strong>F\u00f6rdelar med multifunktionell spannm\u00e5lsrivare<\/strong><\/h2>    <p>H\u00f6g m\u00e5ngsk\u00f6rdes-kompatibilitet: Uppfyller rivningskrav f\u00f6r olika gr\u00f6dor (majs, vete, ris, hirs, sorgum, b\u00f6nor, etc.) \u00f6ver olika s\u00e4songer.<\/p>    <ul class=\"wp-block-list\"> <li>Dubbelkammars design: m\u00f6jligg\u00f6r sekund\u00e4rk\u00e4rning f\u00f6r renare k\u00e4rnor och l\u00e4gre f\u00f6rluster.<\/li>    <li>Dubbelfl\u00e4ktssystem: F\u00f6rb\u00e4ttrad reng\u00f6ring med h\u00f6gre renhet.<\/li>    <li>Robust konstruktion: Stabil chassi med stora hjul f\u00f6r landsbygden eller oj\u00e4mn terr\u00e4ng.<\/li>    <li>Anv\u00e4ndarv\u00e4nlig drift och underh\u00e5ll: Perfekt f\u00f6r dagligt bruk av jordbrukare, kooperativ och jordbruksbearbetningsanl\u00e4ggningar.<\/li> <\/ul>    <figure class=\"wp-block-gallery has-nested-images columns-default is-cropped wp-block-gallery-2 is-layout-flex wp-block-gallery-is-layout-flex\"> <figure class=\"wp-block-image size-large\"><img loading=\"lazy\" decoding=\"async\" width=\"720\" height=\"540\" data-id=\"8332\" src=\"https:\/\/taizyagromachine.com\/wp-content\/uploads\/2025\/10\/multi-crop-threshing-machine.webp\" alt=\"mashine ya kukoboa mazao mengi\" class=\"wp-image-8332\" srcset=\"https:\/\/taizyagromachine.com\/wp-content\/uploads\/2025\/10\/multi-crop-threshing-machine.webp 720w, https:\/\/taizyagromachine.com\/wp-content\/uploads\/2025\/10\/multi-crop-threshing-machine-16x12.webp 16w\" sizes=\"auto, (max-width: 720px) 100vw, 720px\" \/><figcaption class=\"wp-element-caption\">mashine ya kukoboa mazao mengi<\/figcaption><\/figure>    <figure class=\"wp-block-image size-large\"><img loading=\"lazy\" decoding=\"async\" width=\"720\" height=\"540\" data-id=\"8333\" src=\"https:\/\/taizyagromachine.com\/wp-content\/uploads\/2025\/10\/multifunctional-grain-thresher-machine-for-sale.webp\" alt=\"flerfunktions spannm\u00e5lsrivare till salu\" class=\"wp-image-8333\" srcset=\"https:\/\/taizyagromachine.com\/wp-content\/uploads\/2025\/10\/multifunctional-grain-thresher-machine-for-sale.webp 720w, https:\/\/taizyagromachine.com\/wp-content\/uploads\/2025\/10\/multifunctional-grain-thresher-machine-for-sale-16x12.webp 16w\" sizes=\"auto, (max-width: 720px) 100vw, 720px\" \/><figcaption class=\"wp-element-caption\">flerfunktions spannm\u00e5lsrivare till salu<\/figcaption><\/figure> <\/figure>    <figure class=\"wp-block-gallery has-nested-images columns-default is-cropped wp-block-gallery-3 is-layout-flex wp-block-gallery-is-layout-flex\"> <figure class=\"wp-block-image size-large\"><img loading=\"lazy\" decoding=\"async\" width=\"720\" height=\"540\" data-id=\"8336\" src=\"https:\/\/taizyagromachine.com\/wp-content\/uploads\/2025\/10\/new-type-multipurpose-threshing-machine.webp\" alt=\"ny typ m\u00e5ngsidig rivare\" class=\"wp-image-8336\" srcset=\"https:\/\/taizyagromachine.com\/wp-content\/uploads\/2025\/10\/new-type-multipurpose-threshing-machine.webp 720w, https:\/\/taizyagromachine.com\/wp-content\/uploads\/2025\/10\/new-type-multipurpose-threshing-machine-16x12.webp 16w\" sizes=\"auto, (max-width: 720px) 100vw, 720px\" \/><figcaption class=\"wp-element-caption\">ny typ m\u00e5ngsidig rivare<\/figcaption><\/figure>    <figure class=\"wp-block-image size-large\"><img loading=\"lazy\" decoding=\"async\" width=\"720\" height=\"540\" data-id=\"8334\" src=\"https:\/\/taizyagromachine.com\/wp-content\/uploads\/2025\/10\/multifunctional-thresher-machine-for-grains.webp\" alt=\"flerfunktions rivare maskin f\u00f6r spannm\u00e5l\" class=\"wp-image-8334\" srcset=\"https:\/\/taizyagromachine.com\/wp-content\/uploads\/2025\/10\/multifunctional-thresher-machine-for-grains.webp 720w, https:\/\/taizyagromachine.com\/wp-content\/uploads\/2025\/10\/multifunctional-thresher-machine-for-grains-16x12.webp 16w\" sizes=\"auto, (max-width: 720px) 100vw, 720px\" \/><figcaption class=\"wp-element-caption\">flerfunktions rivare maskin f\u00f6r spannm\u00e5l<\/figcaption><\/figure> <\/figure>    <h2 class=\"wp-block-heading\"><strong>Parametrar f\u00f6r spannm\u00e5lsrivare<\/strong><\/h2>    <figure class=\"wp-block-table\"><table class=\"has-fixed-layout\"><tbody><tr><td>Mfano<\/td><td>MT-1500<\/td><\/tr><tr><td>Str\u00f6mkonfiguration<\/td><td>Diesel: 15\u201318 hp, el-start<br>Elektrisk motor: Tre-fas 7,5 kW<\/td><\/tr><tr><td>Uwezo<\/td><td>Hirs: 3 t\/h<br>Majs: 5t\/h<br>Ris\/Vete: 2t\/h<\/td><\/tr><tr><td>Maombi<\/td><td>Majs, hirs, sorgum, sojab\u00f6na, ris, vete, etc.<\/td><\/tr><\/tbody><\/table><figcaption class=\"wp-element-caption\">specifikationer f\u00f6r multifunktionell spannm\u00e5lsrivare<\/figcaption><\/figure>    <h2 class=\"wp-block-heading\"><strong>Struktur av Taizy spannm\u00e5lsrivare<\/strong><\/h2>    <p>Som professionell tillverkare och leverant\u00f6r av jordbruksmotorer uppgraderar vi maskinen f\u00f6r att b\u00e4ttre tillgodose afrikanska kunder och anbud. Dess konstruktion inkluderar inlopp, utlopp, kraft, ram, rivningskammare, etc. Se nedanst\u00e5ende diagram f\u00f6r detaljer.<\/p>    <div class=\"wp-block-columns is-layout-flex wp-container-core-columns-is-layout-9d6595d7 wp-block-columns-is-layout-flex\"> <div class=\"wp-block-column is-layout-flow wp-block-column-is-layout-flow\"> <figure class=\"wp-block-image size-full\"><img loading=\"lazy\" decoding=\"async\" width=\"720\" height=\"540\" src=\"https:\/\/taizyagromachine.com\/wp-content\/uploads\/2025\/10\/components-of-multi-grain-thresher.webp\" alt=\"komponenter av multi spannm\u00e5lsrivare\" class=\"wp-image-8327\" srcset=\"https:\/\/taizyagromachine.com\/wp-content\/uploads\/2025\/10\/components-of-multi-grain-thresher.webp 720w, https:\/\/taizyagromachine.com\/wp-content\/uploads\/2025\/10\/components-of-multi-grain-thresher-16x12.webp 16w\" sizes=\"auto, (max-width: 720px) 100vw, 720px\" \/><figcaption class=\"wp-element-caption\">komponenter av multi spannm\u00e5lsrivare<\/figcaption><\/figure> <\/div>    <div class=\"wp-block-column is-layout-flow wp-block-column-is-layout-flow\"> <figure class=\"wp-block-image size-full\"><img loading=\"lazy\" decoding=\"async\" width=\"720\" height=\"540\" src=\"https:\/\/taizyagromachine.com\/wp-content\/uploads\/2025\/10\/structure-of-grain-threshing-machine.webp\" alt=\"struktur av spannm\u00e5lsrivare\" class=\"wp-image-8328\" srcset=\"https:\/\/taizyagromachine.com\/wp-content\/uploads\/2025\/10\/structure-of-grain-threshing-machine.webp 720w, https:\/\/taizyagromachine.com\/wp-content\/uploads\/2025\/10\/structure-of-grain-threshing-machine-16x12.webp 16w\" sizes=\"auto, (max-width: 720px) 100vw, 720px\" \/><figcaption class=\"wp-element-caption\">struktur av spannm\u00e5lsrivare<\/figcaption><\/figure> <\/div> <\/div>    <h2 class=\"wp-block-heading\"><strong>Varf\u00f6r \u00e4r Taizy gr\u00f6dor rivare l\u00e4mplig f\u00f6r anbudprojekt?<\/strong><\/h2>    <p>Taizy MT-1500 multifunktionella spannm\u00e5lsrivare levererar inte bara enast\u00e5ende prestanda utan ocks\u00e5 flera f\u00f6rdelar som passar f\u00f6r internationella anbud och jordbruksprojekt-upphandling:<\/p>    <ol class=\"wp-block-list\"> <li>Teknologiskt mogen med stabil prestanda <ul class=\"wp-block-list\"> <li>Brett anv\u00e4nd \u00f6ver Afrika, Sydasien och andra regioner, denna maskin fungerar p\u00e5litligt med enkel underh\u00e5ll och h\u00f6g komponentutbytbarhet.<\/li> <\/ul> <\/li>    <li>H\u00f6g kostnadseffektivitet <ul class=\"wp-block-list\"> <li>Varje enhet kostar bara n\u00e5gra hundra dollar (exklusive kraft), vilket \u00e4r mer prisv\u00e4rt \u00e4n liknande importerad utrustning. Dess prestanda \u00e4r j\u00e4mf\u00f6rbar med modellerna som anbud i Afrika.<\/li> <\/ul> <\/li>    <li>Flexibla kraftalternativ <ul class=\"wp-block-list\"> <li>Kunder kan v\u00e4lja diesel- eller elektrisk drift baserat p\u00e5 lokala f\u00f6rh\u00e5llanden, uppfyller behoven i omr\u00e5den utan elektricitet eller stora g\u00e5rdar.<\/li> <\/ul> <\/li>    <li>F\u00f6ljer flera jordbrukstandarder <ul class=\"wp-block-list\"> <li>Produktstrukturen uppfyller exportkrav med standardiserad f\u00f6rpackning och tillhandah\u00e5ller CE, ISO och andra certifieringar, l\u00e4mpliga f\u00f6r bist\u00e5nds- och statliga upphandlingsprojekt.<\/li> <\/ul> <\/li> <\/ol>    <figure class=\"wp-block-gallery has-nested-images columns-default is-cropped wp-block-gallery-4 is-layout-flex wp-block-gallery-is-layout-flex\"> <figure class=\"wp-block-image size-large\"><img loading=\"lazy\" decoding=\"async\" width=\"720\" height=\"540\" data-id=\"8337\" src=\"https:\/\/taizyagromachine.com\/wp-content\/uploads\/2025\/10\/grain-thresher-with-traction.webp\" alt=\"spannm\u00e5lsrivare med dragkraft\" class=\"wp-image-8337\" srcset=\"https:\/\/taizyagromachine.com\/wp-content\/uploads\/2025\/10\/grain-thresher-with-traction.webp 720w, https:\/\/taizyagromachine.com\/wp-content\/uploads\/2025\/10\/grain-thresher-with-traction-16x12.webp 16w\" sizes=\"auto, (max-width: 720px) 100vw, 720px\" \/><figcaption class=\"wp-element-caption\">spannm\u00e5lsrivare med dragkraft<\/figcaption><\/figure>    <figure class=\"wp-block-image size-large\"><img loading=\"lazy\" decoding=\"async\" width=\"720\" height=\"540\" data-id=\"8338\" src=\"https:\/\/taizyagromachine.com\/wp-content\/uploads\/2025\/10\/multi-grain-threshing-machine-from-Taizy.webp\" alt=\"multi spannm\u00e5lsrivare fr\u00e5n Taizy\" class=\"wp-image-8338\" srcset=\"https:\/\/taizyagromachine.com\/wp-content\/uploads\/2025\/10\/multi-grain-threshing-machine-from-Taizy.webp 720w, https:\/\/taizyagromachine.com\/wp-content\/uploads\/2025\/10\/multi-grain-threshing-machine-from-Taizy-16x12.webp 16w\" sizes=\"auto, (max-width: 720px) 100vw, 720px\" \/><figcaption class=\"wp-element-caption\">multi spannm\u00e5lsrivare fr\u00e5n Taizy<\/figcaption><\/figure> <\/figure>    <figure class=\"wp-block-gallery has-nested-images columns-default is-cropped wp-block-gallery-5 is-layout-flex wp-block-gallery-is-layout-flex\"> <figure class=\"wp-block-image size-large\"><img loading=\"lazy\" decoding=\"async\" width=\"720\" height=\"540\" data-id=\"8341\" src=\"https:\/\/taizyagromachine.com\/wp-content\/uploads\/2025\/10\/multi-grain-thresher-for-corn.webp\" alt=\"multi spannm\u00e5lsrivare f\u00f6r majs\" class=\"wp-image-8341\" srcset=\"https:\/\/taizyagromachine.com\/wp-content\/uploads\/2025\/10\/multi-grain-thresher-for-corn.webp 720w, https:\/\/taizyagromachine.com\/wp-content\/uploads\/2025\/10\/multi-grain-thresher-for-corn-16x12.webp 16w\" sizes=\"auto, (max-width: 720px) 100vw, 720px\" \/><figcaption class=\"wp-element-caption\">multi spannm\u00e5lsrivare f\u00f6r majs<\/figcaption><\/figure>    <figure class=\"wp-block-image size-large\"><img loading=\"lazy\" decoding=\"async\" width=\"719\" height=\"540\" data-id=\"8340\" src=\"https:\/\/taizyagromachine.com\/wp-content\/uploads\/2025\/10\/grain-threshing-machine-for-millet.webp\" alt=\"spannm\u00e5lsrivare f\u00f6r hirs\" class=\"wp-image-8340\" srcset=\"https:\/\/taizyagromachine.com\/wp-content\/uploads\/2025\/10\/grain-threshing-machine-for-millet.webp 719w, https:\/\/taizyagromachine.com\/wp-content\/uploads\/2025\/10\/grain-threshing-machine-for-millet-16x12.webp 16w\" sizes=\"auto, (max-width: 719px) 100vw, 719px\" \/><figcaption class=\"wp-element-caption\">spannm\u00e5lsrivare f\u00f6r hirs<\/figcaption><\/figure>    <figure class=\"wp-block-image size-large\"><img loading=\"lazy\" decoding=\"async\" width=\"720\" height=\"540\" data-id=\"8339\" src=\"https:\/\/taizyagromachine.com\/wp-content\/uploads\/2025\/10\/crop-thresher-for-sorghum.webp\" alt=\"spannm\u00e5l rivare f\u00f6r sorgum\" class=\"wp-image-8339\" srcset=\"https:\/\/taizyagromachine.com\/wp-content\/uploads\/2025\/10\/crop-thresher-for-sorghum.webp 720w, https:\/\/taizyagromachine.com\/wp-content\/uploads\/2025\/10\/crop-thresher-for-sorghum-16x12.webp 16w\" sizes=\"auto, (max-width: 720px) 100vw, 720px\" \/><figcaption class=\"wp-element-caption\">spannm\u00e5l rivare f\u00f6r sorgum<\/figcaption><\/figure> <\/figure>    <h2 class=\"wp-block-heading\"><strong>Hur best\u00e4ller man denna m\u00e5ngsidiga rivare fr\u00e5n Taizy?<\/strong><\/h2>    <p>Best\u00e4llning av Taizy MT-1500 spannm\u00e5lsrivare \u00e4r enkel:<\/p>    <ol class=\"wp-block-list\"> <li>Kontakta oss <ul class=\"wp-block-list\"> <li>Du kan n\u00e5 Taizy via e-post, WhatsApp eller v\u00e5rt officiella webbforms.<\/li> <\/ul> <\/li>    <li>Bekr\u00e4fta krav <ul class=\"wp-block-list\"> <li>Specificera m\u00e5lgr\u00f6da (t.ex. majs, hirs, ris), kraftk\u00e4lla (elektrisk motor\/diesel) och ber\u00e4knad produktion. Vi kommer att rekommendera den optimala maskinkonfigurationen.<\/li> <\/ul> <\/li>    <li>Offert &amp; kontrakt <ul class=\"wp-block-list\"> <li>Vi kommer att tillhandah\u00e5lla detaljerade tekniska specifikationer, prisuppgifter, leveranstid och fraktarrangemang.<\/li> <\/ul> <\/li>    <li>Inbetalning &amp; produktion ELLER full betalning <ul class=\"wp-block-list\"> <li>Betala handpenning och vi startar produktionen. Efter produktionen tar vi maskinvideos och foton f\u00f6r din bekr\u00e4ftelse.<\/li>    <li>Mara tu mashine itakapokuwa na hisa, tutapakia bidhaa mara tu pembayaran yako kamili itakapopokelewa.<\/li> <\/ul> <\/li>    <li>Frakt &amp; eftermarknadsservice <ul class=\"wp-block-list\"> <li>Taizy uppr\u00e4tth\u00e5ller en bepr\u00f6vad exportprocess och st\u00f6d n\u00e4tverk f\u00f6r att s\u00e4kerst\u00e4lla leverans i tid, teknisk v\u00e4gledning och driftsutbildning.<\/li> <\/ul> <\/li> <\/ol>    <p>V\u00e5r spannm\u00e5lsrivare integrerar h\u00f6g effektivitet, stark anpassningsf\u00f6rm\u00e5ga och l\u00e5gt underh\u00e5ll, l\u00e4mplig f\u00f6r g\u00e5rdar, kooperativ och jordbruksbearbetningsf\u00f6retag av alla storlekar. Oavsett om det \u00e4r f\u00f6r inhemsk produktion eller exportprojekt, vinner den marknadens gunst med sin enast\u00e5ende prestanda och rimliga pris.<\/p>    <p>Vi har ocks\u00e5 andra majsk\u00f6dningsmaskiner, s\u00e5som:<\/p>    <ul class=\"wp-block-list\"> <li><a href=\"https:\/\/taizyagromachine.com\/sw\/product\/no-till-corn-planter-machine\/\">Mashine ya kupanda mahindi<\/a><\/li>    <li><a href=\"https:\/\/taizyagromachine.com\/sw\/product\/single-row-corn-harvester\/\">Kuchukua mahindi kwa safu moja<\/a><\/li>    <li><a href=\"https:\/\/taizyagromachine.com\/sw\/product\/fresh-corn-sheller\/\">Kichuja mahindi safi<\/a><\/li>    <li><a href=\"https:\/\/taizyagromachine.com\/sw\/product\/maize-grits-milling-machine\/\">Mashine ya kusaga mahindi<\/a><\/li> <\/ul>    <p>Om du \u00e4r intresserad, v\u00e4lkommen att kontakta oss n\u00e4r som helst!<\/p>","protected":false},"excerpt":{"rendered":"<p>Masin ya Taizy MT-1500 ya matumizi mengi ya kupunguza mzai kwa ufanisi inachakata mahindi, mtama, mtama wa ngano, kunde na mazao mengine. Muundo wake wa vyumba viwili na mtiririko wa hewa wawili unaweka safi na kuondoa uchafu kwa ukamilifu. Kwa chaguo za nguvu zinazoweza kubadilishwa na bei inayoshindana, inafaa sana kwa mashamba na miradi ya ununuzi wa serikali katika masoko ya Afrika na Asia ya Kusini.<\/p>","protected":false},"author":1,"featured_media":8346,"parent":0,"template":"","tags":[235],"product-type":[17],"class_list":["post-8326","product","type-product","status-publish","has-post-thumbnail","hentry","tag-corn","product-type-corn-machine"],"_links":{"self":[{"href":"https:\/\/taizyagromachine.com\/sw\/wp-json\/wp\/v2\/product\/8326","targetHints":{"allow":["GET"]}}],"collection":[{"href":"https:\/\/taizyagromachine.com\/sw\/wp-json\/wp\/v2\/product"}],"about":[{"href":"https:\/\/taizyagromachine.com\/sw\/wp-json\/wp\/v2\/types\/product"}],"author":[{"embeddable":true,"href":"https:\/\/taizyagromachine.com\/sw\/wp-json\/wp\/v2\/users\/1"}],"wp:featuredmedia":[{"embeddable":true,"href":"https:\/\/taizyagromachine.com\/sw\/wp-json\/wp\/v2\/media\/8346"}],"wp:attachment":[{"href":"https:\/\/taizyagromachine.com\/sw\/wp-json\/wp\/v2\/media?parent=8326"}],"wp:term":[{"taxonomy":"post_tag","embeddable":true,"href":"https:\/\/taizyagromachine.com\/sw\/wp-json\/wp\/v2\/tags?post=8326"},{"taxonomy":"product-type","embeddable":true,"href":"https:\/\/taizyagromachine.com\/sw\/wp-json\/wp\/v2\/product-type?post=8326"}],"curies":[{"name":"wp","href":"https:\/\/api.w.org\/{rel}","templated":true}]}}