{"id":8359,"date":"2025-10-22T14:52:26","date_gmt":"2025-10-22T06:52:26","guid":{"rendered":"https:\/\/taizyagromachine.com\/?post_type=product&#038;p=8359"},"modified":"2025-10-22T15:16:22","modified_gmt":"2025-10-22T07:16:22","slug":"multi-rice-and-wheat-thresher-machine","status":"publish","type":"product","link":"https:\/\/taizyagromachine.com\/sw\/product\/multi-rice-and-wheat-thresher-machine\/","title":{"rendered":"Sj\u00e4lvg\u00e5ende multi ris- och veteh\u00f6sningsmaskin"},"content":{"rendered":"<p class=\"translation-block\">Taizy <strong>ris- och veteavknusningsmaskin<\/strong> kan bearbeta inte bara ris och vete, utan ocks\u00e5 en m\u00e4ngd olika s\u00e4desslag, inklusive sorgum, hirs, quinoa, sojab\u00f6nor och raps. F\u00f6r olika gr\u00f6dor kan du byta motsvarande filter. <\/p>    <p>Denna multi ris- och veteavknusare kan anv\u00e4nda bensinmotor, dieselmotor eller elmotor som kraftk\u00e4lla, och du kan v\u00e4lja baserat p\u00e5 dina behov. Den har en kapacitet p\u00e5 600-800kg\/h, stora d\u00e4ck, l\u00e4tt att flytta. F\u00f6r fler detaljer, kontakta oss omedelbart!<\/p>    <figure class=\"wp-block-embed is-type-video is-provider-youtube wp-block-embed-youtube wp-embed-aspect-16-9 wp-has-aspect-ratio\"><div class=\"wp-block-embed__wrapper\"> <iframe loading=\"lazy\" title=\"Flerkorns ris- och veteavknusningsmaskin arbetsvideo | H\u00f6gpresterande kornavknusningsmaskin\" width=\"500\" height=\"281\" src=\"https:\/\/www.youtube.com\/embed\/xAsettSXftw?feature=oembed\" frameborder=\"0\" allow=\"accelerometer; autoplay; clipboard-write; encrypted-media; gyroscope; picture-in-picture; web-share\" referrerpolicy=\"strict-origin-when-cross-origin\" allowfullscreen><\/iframe> <\/div><figcaption class=\"wp-element-caption\">video av ris- och vetegrainsavknusningsmaskin<\/figcaption><\/figure>    <h2 class=\"wp-block-heading\"><strong>F\u00f6rdelar med Taizy ris- och veteavknusare<\/strong><\/h2>    <ul class=\"wp-block-list\"> <li>Inaweza kushughulikia <strong>600-800kg kwa saa<\/strong>, ambayo ni yenye ufanisi mkubwa kwa mashamba madogo na ya kati.<\/li>    <li>Mashine hii ya kuvuna yenye kazi nyingi <strong>haraka hutenganisha mchele, ngano, mahindi, mtama, quinoa, soya, mtama, ufuta,<\/strong> na mazao mengine, kutoa utendaji wa matumizi mengi halisi.<\/li>    <li>Kwa <strong>kiwango cha kuvuna kinachozidi 98%<\/strong> na a <strong>kiwango cha kuvunjika chini ya 2%<\/strong>, inahifadhi ubora wa nafaka kwa ufanisi.<\/li>    <li>Taizy rice wheat thresher ina <strong>magurudumu makubwa<\/strong> na muundo mdogo, <strong>rahisi kusonga<\/strong>, inafaa kwa wakulima binafsi, ushirika, na mashamba madogo.<\/li> <\/ul>    <figure class=\"wp-block-gallery has-nested-images columns-default is-cropped wp-block-gallery-2 is-layout-flex wp-block-gallery-is-layout-flex\"> <figure class=\"wp-block-image size-large\"><img loading=\"lazy\" decoding=\"async\" width=\"720\" height=\"540\" data-id=\"8366\" src=\"https:\/\/taizyagromachine.com\/wp-content\/uploads\/2025\/10\/grain-threshing-machine-for-rice-wheat.webp\" alt=\"kornavknusningsmaskin f\u00f6r ris och vete\" class=\"wp-image-8366\" srcset=\"https:\/\/taizyagromachine.com\/wp-content\/uploads\/2025\/10\/grain-threshing-machine-for-rice-wheat.webp 720w, https:\/\/taizyagromachine.com\/wp-content\/uploads\/2025\/10\/grain-threshing-machine-for-rice-wheat-16x12.webp 16w\" sizes=\"auto, (max-width: 720px) 100vw, 720px\" \/><figcaption class=\"wp-element-caption\">kornavknusningsmaskin f\u00f6r ris och vete<\/figcaption><\/figure>    <figure class=\"wp-block-image size-large\"><img loading=\"lazy\" decoding=\"async\" width=\"720\" height=\"540\" data-id=\"8367\" src=\"https:\/\/taizyagromachine.com\/wp-content\/uploads\/2025\/10\/rice-and-wheat-threshing-machine-for-sale.webp\" alt=\"ris- och veteavknusningsmaskin till salu\" class=\"wp-image-8367\" srcset=\"https:\/\/taizyagromachine.com\/wp-content\/uploads\/2025\/10\/rice-and-wheat-threshing-machine-for-sale.webp 720w, https:\/\/taizyagromachine.com\/wp-content\/uploads\/2025\/10\/rice-and-wheat-threshing-machine-for-sale-16x12.webp 16w\" sizes=\"auto, (max-width: 720px) 100vw, 720px\" \/><figcaption class=\"wp-element-caption\">ris- och veteavknusningsmaskin till salu<\/figcaption><\/figure> <\/figure>    <figure class=\"wp-block-gallery has-nested-images columns-default is-cropped wp-block-gallery-3 is-layout-flex wp-block-gallery-is-layout-flex\"> <figure class=\"wp-block-image size-large\"><img loading=\"lazy\" decoding=\"async\" width=\"405\" height=\"540\" data-id=\"8364\" src=\"https:\/\/taizyagromachine.com\/wp-content\/uploads\/2025\/10\/multifunctional-thresher-for-rice-and-millet.webp\" alt=\"flerfunktionell avknusare f\u00f6r ris och hirs\" class=\"wp-image-8364\" srcset=\"https:\/\/taizyagromachine.com\/wp-content\/uploads\/2025\/10\/multifunctional-thresher-for-rice-and-millet.webp 405w, https:\/\/taizyagromachine.com\/wp-content\/uploads\/2025\/10\/multifunctional-thresher-for-rice-and-millet-9x12.webp 9w\" sizes=\"auto, (max-width: 405px) 100vw, 405px\" \/><figcaption class=\"wp-element-caption\">flerfunktionell avknusare f\u00f6r ris och hirs<\/figcaption><\/figure>    <figure class=\"wp-block-image size-large\"><img loading=\"lazy\" decoding=\"async\" width=\"473\" height=\"540\" data-id=\"8365\" src=\"https:\/\/taizyagromachine.com\/wp-content\/uploads\/2025\/10\/rice-wheat-thresher-for-beans-and-wheat.webp\" alt=\"ris- och veteavknusare f\u00f6r b\u00f6nor och vete\" class=\"wp-image-8365\" srcset=\"https:\/\/taizyagromachine.com\/wp-content\/uploads\/2025\/10\/rice-wheat-thresher-for-beans-and-wheat.webp 473w, https:\/\/taizyagromachine.com\/wp-content\/uploads\/2025\/10\/rice-wheat-thresher-for-beans-and-wheat-11x12.webp 11w\" sizes=\"auto, (max-width: 473px) 100vw, 473px\" \/><figcaption class=\"wp-element-caption\">ris- och veteavknusare f\u00f6r b\u00f6nor och vete<\/figcaption><\/figure>    <figure class=\"wp-block-image size-large\"><img loading=\"lazy\" decoding=\"async\" width=\"562\" height=\"540\" data-id=\"8363\" src=\"https:\/\/taizyagromachine.com\/wp-content\/uploads\/2025\/10\/multi-crop-thresher-for-sorghum-and-rapeseed.webp\" alt=\"flerkornsavknusare f\u00f6r sorgum och raps\" class=\"wp-image-8363\" srcset=\"https:\/\/taizyagromachine.com\/wp-content\/uploads\/2025\/10\/multi-crop-thresher-for-sorghum-and-rapeseed.webp 562w, https:\/\/taizyagromachine.com\/wp-content\/uploads\/2025\/10\/multi-crop-thresher-for-sorghum-and-rapeseed-12x12.webp 12w\" sizes=\"auto, (max-width: 562px) 100vw, 562px\" \/><figcaption class=\"wp-element-caption\">flerkornsavknusare f\u00f6r sorgum och raps<\/figcaption><\/figure> <\/figure>    <h2 class=\"wp-block-heading\"><strong>Parametrar f\u00f6r multifunktionell ris- och veteavknusare<\/strong><\/h2>    <p>Taizy m\u00e5ngsidiga ris- och veteavknusare tillh\u00f6r serien 5TYC, med en timmeoutput p\u00e5 600kg till 800kg. Maskinen kan utrustas med diesel-, elektriska eller bensinmotorer f\u00f6r att anpassa sig till olika energif\u00f6rh\u00e5llanden i olika l\u00e4nder och regioner. Den har en v\u00e4lutformad struktur med tillr\u00e4cklig kraft. Se tabellen nedan f\u00f6r mer information.<\/p>    <figure class=\"wp-block-table\"><table class=\"has-fixed-layout\"><tbody><tr><td>Mfano<\/td><td>5TYC1-90<\/td><\/tr><tr><td>Nguvu<\/td><td>\u22659hp dieselmotor monterad, startsystem med rekyl<br>170F bensinmotor<\/td><\/tr><tr><td>Uwezo<\/td><td>600-800kg \/ h<\/td><\/tr><tr><td>Kasi iliyokadiriwa<\/td><td>3600rpm<\/td><\/tr><tr><td>Avknusningscylinder<\/td><td>Dia 360*Urefu 900mm<\/td><\/tr><tr><td>Silstorlek<\/td><td>870*610mm<\/td><\/tr><tr><td>Uzito<\/td><td>90kg utan motor<\/td><\/tr><tr><td>Total storlek (L*W*H)<\/td><td>1640*1640*1280mm<\/td><\/tr><tr><td>Kiwango cha kupuria<\/td><td>\u226598%<\/td><\/tr><tr><td>Krossningshastighet<\/td><td>\u22642%<\/td><\/tr><tr><td>Med olika filter<\/td><td>Raps 4mm filter, sorgum 6mm, vete 8mm, ris 8mm eller 10mm, b\u00f6nor 10mm<\/td><\/tr><tr><td>ANTAL\/20GP<\/td><td>24pcs <\/td><\/tr><tr><td>ANTAL\/40GP<\/td><td>66st<\/td><\/tr><\/tbody><\/table><figcaption class=\"wp-element-caption\">Specifikationer f\u00f6r 5TYC1-90<\/figcaption><\/figure>    <h2 class=\"wp-block-heading\"><strong>Strukturdesign av ris- och veteavknusningsmaskin<\/strong><\/h2>    <p>Denna m\u00e5ngsidiga gr\u00f6davknusare har en mycket enkel struktur, inklusive inlopp, utlopp (str\u00e5 och fr\u00f6n), kraftmotor, stora d\u00e4ck, avknusningscylinder och armst\u00f6d.<\/p>   <div class=\"wp-block-image\"> <figure class=\"aligncenter size-full\"><img loading=\"lazy\" decoding=\"async\" width=\"504\" height=\"540\" src=\"https:\/\/taizyagromachine.com\/wp-content\/uploads\/2025\/10\/structure-of-rice-and-wheat-thresher-machine.webp\" alt=\"struktur av ris- och veteavknusningsmaskin\" class=\"wp-image-8360\" srcset=\"https:\/\/taizyagromachine.com\/wp-content\/uploads\/2025\/10\/structure-of-rice-and-wheat-thresher-machine.webp 504w, https:\/\/taizyagromachine.com\/wp-content\/uploads\/2025\/10\/structure-of-rice-and-wheat-thresher-machine-11x12.webp 11w\" sizes=\"auto, (max-width: 504px) 100vw, 504px\" \/><figcaption class=\"wp-element-caption\">struktur av ris- och veteavknusningsmaskin<\/figcaption><\/figure> <\/div>   <ul class=\"wp-block-list\"> <li>Hjulen anv\u00e4nder ett trumtypssystem f\u00f6r sk\u00f6rd, integrerat med en kraftfull bl\u00e5sa och vibrerande sk\u00e4rmmontering, vilket m\u00f6jligg\u00f6r effektiv separation av korn fr\u00e5n f\u00f6roreningar. <\/li>    <li>En spann f\u00f6r utsl\u00e4pp av spannm\u00e5l l\u00e4ngst ner m\u00f6jligg\u00f6r direkt p\u00e5seinsamling, vilket avsev\u00e4rt f\u00f6renklar arbetsprocessen. <\/li>    <li>Tillverkad av h\u00f6gh\u00e5llfast st\u00e5l ger kroppen slit- och korrosionsbest\u00e4ndighet f\u00f6r l\u00e4ngre livsl\u00e4ngd. <\/li>    <li>Utrustad med breda d\u00e4ck, anpassar den sig till olika terr\u00e4nger f\u00f6r f\u00f6rb\u00e4ttrad r\u00f6rlighet.<\/li> <\/ul>    <figure class=\"wp-block-gallery has-nested-images columns-default is-cropped wp-block-gallery-4 is-layout-flex wp-block-gallery-is-layout-flex\"> <figure class=\"wp-block-image size-large\"><img loading=\"lazy\" decoding=\"async\" width=\"540\" height=\"540\" data-id=\"8368\" src=\"https:\/\/taizyagromachine.com\/wp-content\/uploads\/2025\/10\/inner-design-of-rice-wheat-thresher.webp\" alt=\"Inre design av ris- och veteavknusare\" class=\"wp-image-8368\" srcset=\"https:\/\/taizyagromachine.com\/wp-content\/uploads\/2025\/10\/inner-design-of-rice-wheat-thresher.webp 540w, https:\/\/taizyagromachine.com\/wp-content\/uploads\/2025\/10\/inner-design-of-rice-wheat-thresher-12x12.webp 12w\" sizes=\"auto, (max-width: 540px) 100vw, 540px\" \/><figcaption class=\"wp-element-caption\">Inre design av ris- och veteavknusare<\/figcaption><\/figure>    <figure class=\"wp-block-image size-large\"><img loading=\"lazy\" decoding=\"async\" width=\"540\" height=\"540\" data-id=\"8369\" src=\"https:\/\/taizyagromachine.com\/wp-content\/uploads\/2025\/10\/working-scene-of-Taizy-rice-and-wheat-thresher-machine.webp\" alt=\"Arbetsmilj\u00f6 f\u00f6r Taizy ris- och veteavknusningsmaskin\" class=\"wp-image-8369\" srcset=\"https:\/\/taizyagromachine.com\/wp-content\/uploads\/2025\/10\/working-scene-of-Taizy-rice-and-wheat-thresher-machine.webp 540w, https:\/\/taizyagromachine.com\/wp-content\/uploads\/2025\/10\/working-scene-of-Taizy-rice-and-wheat-thresher-machine-12x12.webp 12w\" sizes=\"auto, (max-width: 540px) 100vw, 540px\" \/><figcaption class=\"wp-element-caption\">Arbetsmilj\u00f6 f\u00f6r Taizy ris- och veteavknusningsmaskin<\/figcaption><\/figure> <\/figure>    <h2 class=\"wp-block-heading\"><strong>What&#8217;s the rice and wheat thresher machine price?<\/strong><\/h2>    <p>Taizy m\u00e5ngfunktionella ris- och veteavknusare \u00e4r k\u00e4nda f\u00f6r sin h\u00f6ga kostnadseffektivitet. Priser varierar beroende p\u00e5 modell, kapacitet och konfiguration. Denna avknusningsutrustning passar f\u00f6r hush\u00e5ll, kooperativ eller mindre projekt till ett \u00f6verkomligt pris. Taizy erbjuder fabrikspriss\u00e4ttning samt anpassningstj\u00e4nster och teknisk v\u00e4gledning, vilket s\u00e4kerst\u00e4ller att kunder kan k\u00f6pa med f\u00f6rtroende och anv\u00e4nda med sinnesro.<\/p>    <h2 class=\"wp-block-heading\"><strong>Taizy: en erk\u00e4nd tillverkare av multifunktionella ris- och veteavknusare<\/strong><\/h2>    <ul class=\"wp-block-list\"> <li>Taizy Machinery har \u00f6ver ett decennium av erfarenhet inom jordbruksmaskinsektorn, med produkter som exporteras till mer \u00e4n 60 l\u00e4nder i Afrika, Sydostasien, Mellan\u00f6stern och Sydamerika. <\/li>    <li>F\u00f6retaget levererar inte bara h\u00f6gkvalitativ utrustning utan erbjuder ocks\u00e5 installations- och drifts\u00e4ttningstj\u00e4nster, eftermarknadssupport och reservdelsf\u00f6rs\u00f6rjning. <\/li>    <li>Med sin stabila prestanda och enast\u00e5ende kundupplevelse har Taizy blivit en p\u00e5litlig partner f\u00f6r jordbrukare v\u00e4rlden \u00f6ver.<\/li>    <li>Tunatoa suluhisho kamili kwa kilimo cha mchele na ngano, kama <a href=\"https:\/\/taizyagromachine.com\/sw\/product\/wheat-planter\/\">mashine ya kupanda ngano<\/a>, <a href=\"https:\/\/taizyagromachine.com\/sw\/product\/rice-combine-harvester\/\">mashine ya kuvuna mchele na ngano<\/a>, mashine ya kuvuna mchele na ngano, mill ya unga wa ngano, nk. <\/li> <\/ul>    <figure class=\"wp-block-gallery has-nested-images columns-2 is-cropped wp-block-gallery-5 is-layout-flex wp-block-gallery-is-layout-flex\"> <figure class=\"wp-block-image size-large\"><img loading=\"lazy\" decoding=\"async\" width=\"540\" height=\"540\" data-id=\"8373\" src=\"https:\/\/taizyagromachine.com\/wp-content\/uploads\/2025\/10\/rice-and-wheat-threshing-machine-factory-visit.webp\" alt=\"Bes\u00f6k till fabrik f\u00f6r ris- och veteavknusare\" class=\"wp-image-8373\" srcset=\"https:\/\/taizyagromachine.com\/wp-content\/uploads\/2025\/10\/rice-and-wheat-threshing-machine-factory-visit.webp 540w, https:\/\/taizyagromachine.com\/wp-content\/uploads\/2025\/10\/rice-and-wheat-threshing-machine-factory-visit-12x12.webp 12w\" sizes=\"auto, (max-width: 540px) 100vw, 540px\" \/><figcaption class=\"wp-element-caption\">Bes\u00f6k till fabrik f\u00f6r ris- och veteavknusare<\/figcaption><\/figure>    <figure class=\"wp-block-image size-large\"><img loading=\"lazy\" decoding=\"async\" width=\"540\" height=\"540\" data-id=\"8370\" src=\"https:\/\/taizyagromachine.com\/wp-content\/uploads\/2025\/10\/batch-of-thresher-machines-for-export.webp\" alt=\"batch av avknusare f\u00f6r export\" class=\"wp-image-8370\" srcset=\"https:\/\/taizyagromachine.com\/wp-content\/uploads\/2025\/10\/batch-of-thresher-machines-for-export.webp 540w, https:\/\/taizyagromachine.com\/wp-content\/uploads\/2025\/10\/batch-of-thresher-machines-for-export-12x12.webp 12w\" sizes=\"auto, (max-width: 540px) 100vw, 540px\" \/><figcaption class=\"wp-element-caption\">batch av avknusare f\u00f6r export<\/figcaption><\/figure>    <figure class=\"wp-block-image size-large\"><img loading=\"lazy\" decoding=\"async\" width=\"540\" height=\"540\" data-id=\"8371\" src=\"https:\/\/taizyagromachine.com\/wp-content\/uploads\/2025\/10\/dozens-of-threshers-ready-to-ship.webp\" alt=\"flera avknusare klara f\u00f6r leverans\" class=\"wp-image-8371\" srcset=\"https:\/\/taizyagromachine.com\/wp-content\/uploads\/2025\/10\/dozens-of-threshers-ready-to-ship.webp 540w, https:\/\/taizyagromachine.com\/wp-content\/uploads\/2025\/10\/dozens-of-threshers-ready-to-ship-12x12.webp 12w\" sizes=\"auto, (max-width: 540px) 100vw, 540px\" \/><figcaption class=\"wp-element-caption\">flera avknusare klara f\u00f6r leverans<\/figcaption><\/figure>    <figure class=\"wp-block-image size-large\"><img loading=\"lazy\" decoding=\"async\" width=\"540\" height=\"540\" data-id=\"8372\" src=\"https:\/\/taizyagromachine.com\/wp-content\/uploads\/2025\/10\/one-container-of-grain-rice-wheat-thresher.webp\" alt=\"en container med ris- och veteavknusare\" class=\"wp-image-8372\" srcset=\"https:\/\/taizyagromachine.com\/wp-content\/uploads\/2025\/10\/one-container-of-grain-rice-wheat-thresher.webp 540w, https:\/\/taizyagromachine.com\/wp-content\/uploads\/2025\/10\/one-container-of-grain-rice-wheat-thresher-12x12.webp 12w\" sizes=\"auto, (max-width: 540px) 100vw, 540px\" \/><figcaption class=\"wp-element-caption\">en container med ris- och veteavknusare<\/figcaption><\/figure> <\/figure>    <h2 class=\"wp-block-heading\"><strong>Hur best\u00e4ller jag denna avknusare snabbt?<\/strong><\/h2>    <p>Att best\u00e4lla en Taizy ris- och veteavknusare \u00e4r enkelt:<\/p>    <ol class=\"wp-block-list\"> <li>Kontakta oss via WhatsApp\/WeChat, v\u00e5r webbplats eller e-post, ange den \u00f6nskade modellen och gr\u00f6dtypen.<\/li>    <li>Vi kommer att tillhandah\u00e5lla en detaljerad offert, maskinspecifikationer och fraktalternativ.<\/li>    <li>Efter orderbekr\u00e4ftelse ordnas produktion och leverans, med st\u00f6d f\u00f6r sj\u00f6frakt, flygfrakt och andra transportmetoder.<\/li>    <li>Installations- och drifts\u00e4ttningsr\u00e5dgivning efter leverans s\u00e4kerst\u00e4ller smidig anv\u00e4ndning f\u00f6r kunden.<\/li> <\/ol>    <p>Ovanst\u00e5ende beskriver en str\u00f6mlinjeformad process. F\u00f6r detaljerade best\u00e4llningsinstruktioner, kontakta oss omedelbart.<\/p>    <figure class=\"wp-block-gallery has-nested-images columns-default is-cropped wp-block-gallery-6 is-layout-flex wp-block-gallery-is-layout-flex\"> <figure class=\"wp-block-image size-large\"><img loading=\"lazy\" decoding=\"async\" width=\"540\" height=\"540\" data-id=\"8374\" src=\"https:\/\/taizyagromachine.com\/wp-content\/uploads\/2025\/10\/grain-threshing-machine-for-sale.webp\" alt=\"kornavknusningsmaskin till salu\" class=\"wp-image-8374\" srcset=\"https:\/\/taizyagromachine.com\/wp-content\/uploads\/2025\/10\/grain-threshing-machine-for-sale.webp 540w, https:\/\/taizyagromachine.com\/wp-content\/uploads\/2025\/10\/grain-threshing-machine-for-sale-12x12.webp 12w\" sizes=\"auto, (max-width: 540px) 100vw, 540px\" \/><figcaption class=\"wp-element-caption\">kornavknusningsmaskin till salu<\/figcaption><\/figure>    <figure class=\"wp-block-image size-large\"><img loading=\"lazy\" decoding=\"async\" width=\"540\" height=\"540\" data-id=\"8375\" src=\"https:\/\/taizyagromachine.com\/wp-content\/uploads\/2025\/10\/multi-crop-rice-and-wheat-thresher-machine.webp\" alt=\"flerkorns ris- och veteavknusare\" class=\"wp-image-8375\" srcset=\"https:\/\/taizyagromachine.com\/wp-content\/uploads\/2025\/10\/multi-crop-rice-and-wheat-thresher-machine.webp 540w, https:\/\/taizyagromachine.com\/wp-content\/uploads\/2025\/10\/multi-crop-rice-and-wheat-thresher-machine-12x12.webp 12w\" sizes=\"auto, (max-width: 540px) 100vw, 540px\" \/><figcaption class=\"wp-element-caption\">flerkorns ris- och veteavknusare<\/figcaption><\/figure> <\/figure>","protected":false},"excerpt":{"rendered":"<p>Mashine ya kusaga mchele na ngano ya Taizy inafaa kwa kusaga mchele, ngano, mahindi, mtama, soya, quinoa, mbegu za mafuta, na mazao mengine. Inapata uwezo wa kusindika wa kilogramu 600-800 kwa saa, kwa kiwango cha kusaga \u226598% na kiwango cha mchele uliovunjika \u22642%.<\/p>","protected":false},"author":1,"featured_media":8362,"parent":0,"template":"","tags":[218,219],"product-type":[20],"class_list":["post-8359","product","type-product","status-publish","has-post-thumbnail","hentry","tag-rice","tag-wheat","product-type-rice-and-wheat-machine"],"_links":{"self":[{"href":"https:\/\/taizyagromachine.com\/sw\/wp-json\/wp\/v2\/product\/8359","targetHints":{"allow":["GET"]}}],"collection":[{"href":"https:\/\/taizyagromachine.com\/sw\/wp-json\/wp\/v2\/product"}],"about":[{"href":"https:\/\/taizyagromachine.com\/sw\/wp-json\/wp\/v2\/types\/product"}],"author":[{"embeddable":true,"href":"https:\/\/taizyagromachine.com\/sw\/wp-json\/wp\/v2\/users\/1"}],"wp:featuredmedia":[{"embeddable":true,"href":"https:\/\/taizyagromachine.com\/sw\/wp-json\/wp\/v2\/media\/8362"}],"wp:attachment":[{"href":"https:\/\/taizyagromachine.com\/sw\/wp-json\/wp\/v2\/media?parent=8359"}],"wp:term":[{"taxonomy":"post_tag","embeddable":true,"href":"https:\/\/taizyagromachine.com\/sw\/wp-json\/wp\/v2\/tags?post=8359"},{"taxonomy":"product-type","embeddable":true,"href":"https:\/\/taizyagromachine.com\/sw\/wp-json\/wp\/v2\/product-type?post=8359"}],"curies":[{"name":"wp","href":"https:\/\/api.w.org\/{rel}","templated":true}]}}