{"id":8405,"date":"2025-10-31T15:27:26","date_gmt":"2025-10-31T07:27:26","guid":{"rendered":"https:\/\/taizyagromachine.com\/?post_type=product&#038;p=8405"},"modified":"2025-11-03T17:14:15","modified_gmt":"2025-11-03T09:14:15","slug":"self-propelled-forage-harvester-machine","status":"publish","type":"product","link":"https:\/\/taizyagromachine.com\/sw\/product\/self-propelled-forage-harvester-machine\/","title":{"rendered":"Mashine ya kukamua malimango yenye kuendesha yenyewe\u00a0"},"content":{"rendered":"<p class=\"translation-block\">Taizy<strong>foderharvsmaskin<\/strong>\u00e4r s\u00e4rskilt utformad f\u00f6r att sk\u00e4ra,hugga och lasta silagegr\u00f6dor som majsstj\u00e4lkar, elefantgr\u00e4s, naipergr\u00e4s och sudan gr\u00e4s. Den genomf\u00f6r klippning, hackning, transport och lastning i en enda operation, vilket kraftigt \u00f6kar silageinsamlingen samtidigt som man minskar manuellt arbete. Hackad silagel\u00e4ngd \u00e4r cirka 15 mm, justerbar mellan 10-40 mm. I Taizy finns det tv\u00e5 typer av majs silageharvar tillg\u00e4ngliga: crawler-typ och hjultyp. Om intresserad, forts\u00e4tt l\u00e4sa f\u00f6r mer information!<\/p>    <figure class=\"wp-block-embed is-type-video is-provider-youtube wp-block-embed-youtube wp-embed-aspect-16-9 wp-has-aspect-ratio\"><div class=\"wp-block-embed__wrapper\"> <iframe loading=\"lazy\" title=\"Effektiv silageharv som arbetar i f\u00e4ltet | Majs- och gr\u00e4s silage sk\u00e4rare f\u00f6r boskap\" width=\"500\" height=\"281\" src=\"https:\/\/www.youtube.com\/embed\/oQGKm1c9ynQ?feature=oembed\" frameborder=\"0\" allow=\"accelerometer; autoplay; clipboard-write; encrypted-media; gyroscope; picture-in-picture; web-share\" referrerpolicy=\"strict-origin-when-cross-origin\" allowfullscreen><\/iframe> <\/div><figcaption class=\"wp-element-caption\">video av sj\u00e4lvdriven silageharv<\/figcaption><\/figure>    <h2 class=\"wp-block-heading\"><strong>Typer av foderharvsmaskiner till salu<\/strong><\/h2>    <p>Som en professionell jordbruksutrustningstillverkare och leverant\u00f6r \u00e4r Taizy sj\u00e4lvdrivna foderharvar fr\u00e4mst uppdelade i tv\u00e5 typer: <\/p>    <ul class=\"wp-block-list\"> <li>Sp\u00e5rbunden silageharv (med solsken eller avskild hytt)<\/li>    <li>Hjuliserad silageharv (med solskydd eller avskild hytt)<\/li> <\/ul>    <p>Kumbuka: Katika kabati lililofunikwa la dereva, kiyasha hewa kinaweza kuwekwa.<\/p>    <figure class=\"wp-block-gallery has-nested-images columns-default is-cropped wp-block-gallery-2 is-layout-flex wp-block-gallery-is-layout-flex\"> <figure class=\"wp-block-image size-large\"><img loading=\"lazy\" decoding=\"async\" width=\"540\" height=\"670\" data-id=\"8419\" src=\"https:\/\/taizyagromachine.com\/wp-content\/uploads\/2025\/10\/silage-harvester-with-sunshed.webp\" alt=\"silageharv med solsken skydd\" class=\"wp-image-8419\" srcset=\"https:\/\/taizyagromachine.com\/wp-content\/uploads\/2025\/10\/silage-harvester-with-sunshed.webp 540w, https:\/\/taizyagromachine.com\/wp-content\/uploads\/2025\/10\/silage-harvester-with-sunshed-10x12.webp 10w\" sizes=\"auto, (max-width: 540px) 100vw, 540px\" \/><figcaption class=\"wp-element-caption\">silageharv med solsken skydd<\/figcaption><\/figure>    <figure class=\"wp-block-image size-large\"><img loading=\"lazy\" decoding=\"async\" width=\"540\" height=\"720\" data-id=\"8420\" src=\"https:\/\/taizyagromachine.com\/wp-content\/uploads\/2025\/10\/self-propelled-forage-harvester-with-enclosed-cab.webp\" alt=\"sj\u00e4lvdriven foderharvsmaskin med avskild hytt\" class=\"wp-image-8420\" srcset=\"https:\/\/taizyagromachine.com\/wp-content\/uploads\/2025\/10\/self-propelled-forage-harvester-with-enclosed-cab.webp 540w, https:\/\/taizyagromachine.com\/wp-content\/uploads\/2025\/10\/self-propelled-forage-harvester-with-enclosed-cab-9x12.webp 9w\" sizes=\"auto, (max-width: 540px) 100vw, 540px\" \/><figcaption class=\"wp-element-caption\">sj\u00e4lvdriven foderharvsmaskin med avskild hytt<\/figcaption><\/figure> <\/figure>    <p>Dessa tv\u00e5 modeller passar olika operationella milj\u00f6er och g\u00e5rdsbehov och kan hantera olika arbetsf\u00f6rh\u00e5llanden fr\u00e5n sl\u00e4tor till kuperad terr\u00e4ng och fr\u00e5n torr till lerig mark. L\u00e4s vidare f\u00f6r mer detaljer.<\/p>    <h3 class=\"wp-block-heading\"><strong>Typ 1: Crawler-typ silage-sk\u00f6rdare<\/strong><\/h3>    <p>Crawler-typen majsfoderharv \u00e4r idealisk f\u00f6r komplexa terr\u00e4nger som leriga, hala och kuperade omr\u00e5den i Sydostasien, centrala Afrika och delar av Sydamerika. Med stark dragkraft och h\u00f6g sj\u00e4lv\u00e5terh\u00e4mtningsf\u00f6rm\u00e5ga \u00e4r denna modell den perfekta l\u00f6sningen f\u00f6r regniga s\u00e4songer och h\u00f6gfuktiga milj\u00f6er.<\/p>    <figure class=\"wp-block-gallery aligncenter has-nested-images columns-default is-cropped wp-block-gallery-3 is-layout-flex wp-block-gallery-is-layout-flex\"> <figure class=\"wp-block-image size-full\"><img loading=\"lazy\" decoding=\"async\" width=\"720\" height=\"540\" data-id=\"8417\" src=\"https:\/\/taizyagromachine.com\/wp-content\/uploads\/2025\/10\/tracked-forage-harvester-machine-for-grass-cutting.webp\" alt=\"sp\u00e5rad foderharvsmaskin f\u00f6r gr\u00e4sbesk\u00e4rning\" class=\"wp-image-8417\" srcset=\"https:\/\/taizyagromachine.com\/wp-content\/uploads\/2025\/10\/tracked-forage-harvester-machine-for-grass-cutting.webp 720w, https:\/\/taizyagromachine.com\/wp-content\/uploads\/2025\/10\/tracked-forage-harvester-machine-for-grass-cutting-16x12.webp 16w\" sizes=\"auto, (max-width: 720px) 100vw, 720px\" \/><figcaption class=\"wp-element-caption\">sp\u00e5rad foderharvsmaskin f\u00f6r gr\u00e4sbesk\u00e4rning<\/figcaption><\/figure>    <figure class=\"wp-block-image size-full\"><img loading=\"lazy\" decoding=\"async\" width=\"720\" height=\"540\" data-id=\"8425\" src=\"https:\/\/taizyagromachine.com\/wp-content\/uploads\/2025\/10\/crawler-type-corn-silage-forage-harvesting-machine.webp\" alt=\"crawler-typ majs silage foderharvsmaskin\" class=\"wp-image-8425\" srcset=\"https:\/\/taizyagromachine.com\/wp-content\/uploads\/2025\/10\/crawler-type-corn-silage-forage-harvesting-machine.webp 720w, https:\/\/taizyagromachine.com\/wp-content\/uploads\/2025\/10\/crawler-type-corn-silage-forage-harvesting-machine-16x12.webp 16w\" sizes=\"auto, (max-width: 720px) 100vw, 720px\" \/><figcaption class=\"wp-element-caption\">crawler-typ majs silage foderharvsmaskin<\/figcaption><\/figure> <\/figure>    <h4 class=\"wp-block-heading\"><strong>Funktioner hos sp\u00e5rbunden foderharvsmaskin<\/strong><\/h4>    <ul class=\"wp-block-list\"> <li>Kraftfull prestanda: Utrustad med 100HP-160HP h\u00f6g\/hastighet motorer med longitudinell drivtransmission utan bandf\u00f6rlust.<\/li>    <li>Exceptionell terr\u00e4nganpassning: 350 mm breda sp\u00e5r m\u00f6jligg\u00f6r drift p\u00e5 leriga, lutande och sandiga ytor.<\/li>    <li>H\u00f6g operativ effektivitet: integrerad klipp-, hack- och lastfunktion.<\/li>    <li>Justerbar hackl\u00e4ngd: Variabel fr\u00e5n 10-40 mm s\u00e4kerst\u00e4ller j\u00e4mn matningssegmentering.<\/li>    <li>Hydraulikstyrning: Helt hydraulisk justering av f\u00e4steh\u00f6jd, f\u00e4rd och avlastning.<\/li>    <li>Stabil och tillf\u00f6rlitlig: L\u00e5g tyngdpunkt och stark st\u00f6td\u00e4mpning m\u00f6jligg\u00f6r l\u00e5ngvarig kontinuerlig drift.<\/li> <\/ul>    <h4 class=\"wp-block-heading\"><strong>Tekniska parametrar f\u00f6r denna majs silageharv<\/strong><\/h4>    <p>Hii modeli ni 4QZL-1600 yenye kabati la dereva lililofunikwa. Mazao yanayofaa ni pamoja na mahindi, nyasi za tembo, nyasi za Sudan, mtama, na nyasi za malisho. Tafadhali rejea jedwali hapa chini kwa vigezo vya mashine.<\/p>    <figure class=\"wp-block-table\"><table class=\"has-fixed-layout\"><tbody><tr><td>Mfano<\/td><td>4QZL-1600<\/td><\/tr><tr><td>Typ<\/td><td>Sj\u00e4lvdriven<\/td><\/tr><tr><td>Nguvu<\/td><td>110,3 kW (150 hp)<\/td><\/tr><tr><td>Motorens nominella varvtal<\/td><td>2400 r\/min<\/td><\/tr><tr><td>Kukata upana<\/td><td>1550 mm<\/td><\/tr><tr><td>Sk\u00e4rhuvudets typ<\/td><td>Skivkniv<\/td><\/tr><tr><td>Stoppmekanismens typ av h\u00f6visselkande\u0301<\/td><td>Skivtyp<\/td><\/tr><tr><td>Hyttyp<\/td><td>Standard hytt<\/td><\/tr><tr><td>Njia ya maambukizi<\/td><td>Manuell v\u00e4xell\u00e5da<\/td><\/tr><tr><td>Drivmetod<\/td><td>Hydraulisk drivning<\/td><\/tr><tr><td>Sp\u00e5rbredd<\/td><td>350 mm<\/td><\/tr><tr><td>Sp\u00e5rkontakt l\u00e4ngd med marken<\/td><td>1400 mm<\/td><\/tr><tr><td>Sp\u00e5rbredd<\/td><td>1240 mm<\/td><\/tr><tr><td>Drivhastighetsintervall<\/td><td>1-3 km\/h<\/td><\/tr><tr><td>Designad sk\u00e4gl\u00e4ngd<\/td><td>15 mm<\/td><\/tr><tr><td>Bin ya kuhifadhi<\/td><td>3,1 m\u00b3<\/td><\/tr><tr><td>Storlek n\u00e4r maskinen arbetar<\/td><td>5200\u00d71680\u00d74200 mm<\/td><\/tr><\/tbody><\/table><figcaption class=\"wp-element-caption\">specifikationer f\u00f6r sp\u00e5rbunden foderharvsmaskin<\/figcaption><\/figure>    <figure class=\"wp-block-gallery has-nested-images columns-default is-cropped wp-block-gallery-4 is-layout-flex wp-block-gallery-is-layout-flex\"> <figure class=\"wp-block-image size-large\"><img loading=\"lazy\" decoding=\"async\" width=\"720\" height=\"540\" data-id=\"8423\" src=\"https:\/\/taizyagromachine.com\/wp-content\/uploads\/2025\/10\/corn-silage-harvester-for-forage.webp\" alt=\"majs ensilage sk\u00f6rdare f\u00f6r foder\" class=\"wp-image-8423\" srcset=\"https:\/\/taizyagromachine.com\/wp-content\/uploads\/2025\/10\/corn-silage-harvester-for-forage.webp 720w, https:\/\/taizyagromachine.com\/wp-content\/uploads\/2025\/10\/corn-silage-harvester-for-forage-16x12.webp 16w\" sizes=\"auto, (max-width: 720px) 100vw, 720px\" \/><figcaption class=\"wp-element-caption\">majs ensilage sk\u00f6rdare f\u00f6r foder<\/figcaption><\/figure>    <figure class=\"wp-block-image size-large\"><img loading=\"lazy\" decoding=\"async\" width=\"720\" height=\"540\" data-id=\"8424\" src=\"https:\/\/taizyagromachine.com\/wp-content\/uploads\/2025\/10\/maize-forage-harvester-machine-for-silage-making.webp\" alt=\"majs foderharvsmaskin f\u00f6r silagesk\u00e4rning\" class=\"wp-image-8424\" srcset=\"https:\/\/taizyagromachine.com\/wp-content\/uploads\/2025\/10\/maize-forage-harvester-machine-for-silage-making.webp 720w, https:\/\/taizyagromachine.com\/wp-content\/uploads\/2025\/10\/maize-forage-harvester-machine-for-silage-making-16x12.webp 16w\" sizes=\"auto, (max-width: 720px) 100vw, 720px\" \/><figcaption class=\"wp-element-caption\">majs foderharvsmaskin f\u00f6r silagesk\u00e4rning<\/figcaption><\/figure> <\/figure>    <h3 class=\"wp-block-heading\"><strong>Typ 2: Hjultyp majsfoderharv<\/strong><\/h3>    <p>Taizy framtagna majs silageharvsmaskiner erbjuder h\u00f6g r\u00f6rlighet och flexibel omplacering, vilket g\u00f6r dem idealiska f\u00f6r platt terr\u00e4ng eller g\u00e5rdar med utspridda f\u00e4lt, som i Afrika, Sydamerika och Mellan\u00f6stern. Den ger h\u00f6g effektivitet samtidigt som underh\u00e5ll och driftskostnader \u00e4r l\u00e4gre.<\/p>    <h4 class=\"wp-block-heading\"> <strong>Funktioner hos majsfoderharv<\/strong><\/h4>    <ul class=\"wp-block-list\"> <li>Enkel omplacering: Den h\u00f6gsta resetiden \u00e4r 20 km\/h vilket m\u00f6jligg\u00f6r snabb flytt mellan f\u00e4lten.<\/li>    <li>Enkelt att anv\u00e4nda: Automatiseringssystemet s\u00e4kerst\u00e4ller enkel k\u00f6rning.<\/li>    <li>L\u00e5ga underh\u00e5llskostnader: Kompakt struktur med h\u00f6g komponent-utbytbarhet.<\/li>    <li>Enhetlig kapning: H\u00f6ghastighetsknivdesign garanterar silagekvalitet.<\/li>    <li>H\u00f6g tillf\u00f6rlitlighet: Stabilt hydrauliskt system s\u00e4kerst\u00e4ller kontinuerlig drift.<\/li> <\/ul>   <div class=\"wp-block-image\"> <figure class=\"aligncenter size-full\"><img loading=\"lazy\" decoding=\"async\" width=\"720\" height=\"540\" src=\"https:\/\/taizyagromachine.com\/wp-content\/uploads\/2025\/10\/commercial-corn-silage-harvester-machine-for-sale.webp\" alt=\"kommersiell majs silageharvsmaskin till salu\" class=\"wp-image-8413\" srcset=\"https:\/\/taizyagromachine.com\/wp-content\/uploads\/2025\/10\/commercial-corn-silage-harvester-machine-for-sale.webp 720w, https:\/\/taizyagromachine.com\/wp-content\/uploads\/2025\/10\/commercial-corn-silage-harvester-machine-for-sale-16x12.webp 16w\" sizes=\"auto, (max-width: 720px) 100vw, 720px\" \/><figcaption class=\"wp-element-caption\">kommersiell majs silageharvsmaskin till salu<\/figcaption><\/figure> <\/div>   <h4 class=\"wp-block-heading\"><strong>Tekniska data f\u00f6r hjulbaserad foderharvsmaskin<\/strong><\/h4>    <p>Ni kukusanya majani ya mahindi 4QZ-1800 yenye kabati lililofunikwa, na inaweza kukusanya nyasi za Napier, mahindi, n.k. Hapa chini ni maelezo ya vigezo vya mashine hii ya kukusanya malisho yenye kujitegemea. <\/p>    <figure class=\"wp-block-table\"><table class=\"has-fixed-layout\"><tbody><tr><td>Mfano<\/td><td>4QZ-1800<\/td><\/tr><tr><td>Typ<\/td><td>Sj\u00e4lvdriven<\/td><\/tr><tr><td>Nguvu<\/td><td>150 hp<\/td><\/tr><tr><td>Motorens nominella varvtal<\/td><td>2400 r\/min<\/td><\/tr><tr><td>Kukata upana<\/td><td>1800 mm<\/td><\/tr><tr><td>Sk\u00e4rhuvudets typ<\/td><td>Skivkniv<\/td><\/tr><tr><td>Stoppmekanismens typ av h\u00f6visselkande\u0301<\/td><td>Skivtyp<\/td><\/tr><tr><td>Hyttyp<\/td><td>Standard hytt<\/td><\/tr><tr><td>Njia ya maambukizi<\/td><td>Manuell v\u00e4xell\u00e5da<\/td><\/tr><tr><td>Drivmetod<\/td><td>Hydraulisk drivning<\/td><\/tr><tr><td>\u00c4rskallstensp\u00e5rl\u00e4ngd<\/td><td>1290 mm<\/td><\/tr><tr><td>Guidehjulsd\u00e4ckspecifikation<\/td><td>27\u00d78.5-15<\/td><\/tr><tr><td>Drivhjulens sp\u00e5rl\u00e4ngd<\/td><td>1290 mm<\/td><\/tr><tr><td>Drivhjulens d\u00e4ckspecifikation<\/td><td>12-16.5<\/td><\/tr><tr><td>Msingi wa magurudumu<\/td><td>2200 mm<\/td><\/tr><tr><td>Drivhastighetsintervall<\/td><td>2-5 km\/h<\/td><\/tr><tr><td>Designad sk\u00e4gl\u00e4ngd<\/td><td>15 mm<\/td><\/tr><tr><td>Bin ya kuhifadhi<\/td><td>3,1 m\u00b3<\/td><\/tr><tr><td>Storlek n\u00e4r maskinen arbetar<\/td><td>5400\u00d71900\u00d73800 mm<\/td><\/tr><\/tbody><\/table><figcaption class=\"wp-element-caption\">specifikationer f\u00f6r hjultyp foderharvsmaskin<\/figcaption><\/figure>    <figure class=\"wp-block-gallery has-nested-images columns-default is-cropped wp-block-gallery-5 is-layout-flex wp-block-gallery-is-layout-flex\"> <figure class=\"wp-block-image size-large\"><img loading=\"lazy\" decoding=\"async\" width=\"720\" height=\"540\" data-id=\"8415\" src=\"https:\/\/taizyagromachine.com\/wp-content\/uploads\/2025\/10\/maize-forage-harvester-for-silage-chopping.webp\" alt=\"majsfoderharv f\u00f6r silagesk\u00e4rning\" class=\"wp-image-8415\" srcset=\"https:\/\/taizyagromachine.com\/wp-content\/uploads\/2025\/10\/maize-forage-harvester-for-silage-chopping.webp 720w, https:\/\/taizyagromachine.com\/wp-content\/uploads\/2025\/10\/maize-forage-harvester-for-silage-chopping-16x12.webp 16w\" sizes=\"auto, (max-width: 720px) 100vw, 720px\" \/><figcaption class=\"wp-element-caption\">majsfoderharv f\u00f6r silagesk\u00e4rning<\/figcaption><\/figure>    <figure class=\"wp-block-image size-large\"><img loading=\"lazy\" decoding=\"async\" width=\"720\" height=\"540\" data-id=\"8414\" src=\"https:\/\/taizyagromachine.com\/wp-content\/uploads\/2025\/10\/corn-forage-harvester-for-silage-cutting.webp\" alt=\"majsfoderharv f\u00f6r silagesk\u00e4rning\" class=\"wp-image-8414\" srcset=\"https:\/\/taizyagromachine.com\/wp-content\/uploads\/2025\/10\/corn-forage-harvester-for-silage-cutting.webp 720w, https:\/\/taizyagromachine.com\/wp-content\/uploads\/2025\/10\/corn-forage-harvester-for-silage-cutting-16x12.webp 16w\" sizes=\"auto, (max-width: 720px) 100vw, 720px\" \/><figcaption class=\"wp-element-caption\">majsfoderharv f\u00f6r silagesk\u00e4rning<\/figcaption><\/figure> <\/figure>    <h2 class=\"wp-block-heading\"><strong>Struktur hos majs silage sk\u00f6rdare<\/strong><\/h2>    <p>Faktiskt \u00e4r dess struktur tydlig och enkel, inklusive sk\u00e4rsystem, driftdel, insamlingssystem och g\u00e5ngl\u00e4ge. Ta det sp\u00e5rbundna foderharvsmaskinen som exempel:<\/p>    <figure class=\"wp-block-table\"><table class=\"has-fixed-layout\"><tbody><tr><td>Jina la sehemu ya mashine<\/td><td>Kazi<\/td><\/tr><tr><td>Sk\u00e4rsystemet<\/td><td>Sk\u00e4r majs, Napier-gr\u00e4s eller sorgum effektivt och j\u00e4mnt med skivsnittan.<\/td><\/tr><tr><td>Driftsdel<\/td><td>En bekv\u00e4m f\u00f6rarstol med hydraulsystem f\u00f6r kontrollpanel, vilket g\u00f6r det enkelt att justera sk\u00e4rh\u00f6jd, matningshastighet och avlastningsriktning.<\/td><\/tr><tr><td>Insamlingssystemet<\/td><td>Samla och \u00f6verf\u00f6r den hackade fodret smidigt till lagringsbeh\u00e5llaren genom en sprutmodd.<\/td><\/tr><tr><td>Walking mode<\/td><td>En 350 mm bred gummiremsa som s\u00e4kerst\u00e4ller utm\u00e4rkt stabilitet och grepp \u00e4ven i leriga eller oj\u00e4mna f\u00e4lt.<\/td><\/tr><\/tbody><\/table><figcaption class=\"wp-element-caption\">Strukturf\u00f6rteckning f\u00f6r sj\u00e4lvdriven gr\u00e4s harvester <\/figcaption><\/figure>   <div class=\"wp-block-image\"> <figure class=\"aligncenter size-full\"><img loading=\"lazy\" decoding=\"async\" width=\"720\" height=\"540\" src=\"https:\/\/taizyagromachine.com\/wp-content\/uploads\/2025\/10\/structure-of-self-propelled-forage-harvester-machine.webp\" alt=\"strukturen hos sj\u00e4lvdriven fodergr\u00e4s harvester maskin\" class=\"wp-image-8408\" srcset=\"https:\/\/taizyagromachine.com\/wp-content\/uploads\/2025\/10\/structure-of-self-propelled-forage-harvester-machine.webp 720w, https:\/\/taizyagromachine.com\/wp-content\/uploads\/2025\/10\/structure-of-self-propelled-forage-harvester-machine-16x12.webp 16w\" sizes=\"auto, (max-width: 720px) 100vw, 720px\" \/><figcaption class=\"wp-element-caption\">strukturen hos sj\u00e4lvdriven fodergr\u00e4s harvester maskin<\/figcaption><\/figure> <\/div>   <h2 class=\"wp-block-heading\"><strong>Maombi ya <strong>yenye kujitegemea<\/strong> mashine ya kuvuna malisho<\/strong><\/h2>    <p>Denna majs silage sk\u00f6rdare anv\u00e4nds \u00f6verallt i:<\/p>    <ul class=\"wp-block-list\"> <li>St\u00f6rre djurb\u00f6nder <ul class=\"wp-block-list\"> <li>S\u00e5dana som mj\u00f6lkg\u00e5rdar, n\u00f6tk\u00f6ttsgrisar, f\u00e5r, etc., f\u00f6r sk\u00f6rd och lagring av silagefoder.<\/li> <\/ul> <\/li>    <li>Foderbearbetningsanl\u00e4ggningar <ul class=\"wp-block-list\"> <li>Direkt producera silagefoder genom att krossa foder.<\/li> <\/ul> <\/li>    <li>Vyama vya ushirika vya kilimo <ul class=\"wp-block-list\"> <li>Tillhandah\u00e5lla silage-sk\u00f6rde-tj\u00e4nster till omgivande g\u00e5rdar.<\/li> <\/ul> <\/li>    <li>Statliga jordbruksprojekt <ul class=\"wp-block-list\"> <li>F\u00f6r jordbruksutrustningssubventionsfr\u00e4mjande och mekanisering demonstrationsprogram.<\/li> <\/ul> <\/li> <\/ul>    <p>L\u00e4mpliga gr\u00f6dor: Majsstj\u00e4lkar, elefantgr\u00e4s, Sudan gr\u00e4s, sorgum, fodergr\u00e4s, oats, naipergr\u00e4s etc.<\/p>    <figure class=\"wp-block-gallery has-nested-images columns-default is-cropped wp-block-gallery-6 is-layout-flex wp-block-gallery-is-layout-flex\"> <figure class=\"wp-block-image size-large\"><img loading=\"lazy\" decoding=\"async\" width=\"720\" height=\"540\" data-id=\"8429\" src=\"https:\/\/taizyagromachine.com\/wp-content\/uploads\/2025\/10\/chopped-silage.webp\" alt=\"hackad silage\" class=\"wp-image-8429\" srcset=\"https:\/\/taizyagromachine.com\/wp-content\/uploads\/2025\/10\/chopped-silage.webp 720w, https:\/\/taizyagromachine.com\/wp-content\/uploads\/2025\/10\/chopped-silage-16x12.webp 16w\" sizes=\"auto, (max-width: 720px) 100vw, 720px\" \/><figcaption class=\"wp-element-caption\">hackad silage<\/figcaption><\/figure>    <figure class=\"wp-block-image size-large\"><img loading=\"lazy\" decoding=\"async\" width=\"720\" height=\"540\" data-id=\"8430\" src=\"https:\/\/taizyagromachine.com\/wp-content\/uploads\/2025\/10\/silage-cutting-effect.webp\" alt=\"matokeo ya kukata silage\" class=\"wp-image-8430\" srcset=\"https:\/\/taizyagromachine.com\/wp-content\/uploads\/2025\/10\/silage-cutting-effect.webp 720w, https:\/\/taizyagromachine.com\/wp-content\/uploads\/2025\/10\/silage-cutting-effect-16x12.webp 16w\" sizes=\"auto, (max-width: 720px) 100vw, 720px\" \/><figcaption class=\"wp-element-caption\">matokeo ya kukata silage<\/figcaption><\/figure> <\/figure>    <h2 class=\"wp-block-heading\"><strong>Vad kostar Taizy silageharv? bubbles<\/strong><\/h2>    <p>Priserna p\u00e5 foderharvar skiljer sig beroende p\u00e5 modell, konfiguration och motorstyrka. Generellt sett kostar st\u00f6rre modeller med h\u00f6gre specifikationer h\u00f6gre totalkostnad.<\/p>    <p>Till exempel, f\u00f6r banddrivna sj\u00e4lvdrivna silage-harvarmaskiner \u00e4r den helt avskilda f\u00f6rarhytts version dyrare \u00e4n den med solskydd. Dessutom kan kunder v\u00e4lja olika konfigurationer baserat p\u00e5 deras behov (t.ex. antal blad, motorstyrka, tankkapacitet).<\/p>    <p>Taizy erbjuder konsekvent fabriksdirekt pris, omfattande maskin garanti och reservdelstillg\u00e5ng. Vi tillhandah\u00e5ller ocks\u00e5 allt n\u00f6dv\u00e4ndigt exportdokument (t.ex. frihandelscertifikat, ursprungsintyg).<\/p>   <div class=\"wp-block-image\"> <figure class=\"aligncenter size-full\"><img loading=\"lazy\" decoding=\"async\" width=\"720\" height=\"540\" src=\"https:\/\/taizyagromachine.com\/wp-content\/uploads\/2025\/10\/Taizy-self-propelled-silage-forage-harvester-machine-for-sale.webp\" alt=\"Taizy sj\u00e4lvdrivna silage foderharvsmaskin till salu\" class=\"wp-image-8427\" srcset=\"https:\/\/taizyagromachine.com\/wp-content\/uploads\/2025\/10\/Taizy-self-propelled-silage-forage-harvester-machine-for-sale.webp 720w, https:\/\/taizyagromachine.com\/wp-content\/uploads\/2025\/10\/Taizy-self-propelled-silage-forage-harvester-machine-for-sale-16x12.webp 16w\" sizes=\"auto, (max-width: 720px) 100vw, 720px\" \/><figcaption class=\"wp-element-caption\">Taizy sj\u00e4lvdrivna silage foderharvsmaskin till salu<\/figcaption><\/figure> <\/div>   <h2 class=\"wp-block-heading\"><strong>Hur f\u00e5r man en l\u00e4mplig majsfoderharv?<\/strong><\/h2>    <p>N\u00e4r du v\u00e4ljer en majsfoder-harv f\u00f6r silagesk\u00f6rd, ta h\u00e4nsyn till f\u00f6ljande faktorer:<\/p>    <ul class=\"wp-block-list\"> <li>Terr\u00e4ngf\u00f6rh\u00e5llanden: Rekommenderar hjulmodeller f\u00f6r plana sl\u00e4tter; v\u00e4lj bandmodeller f\u00f6r kuperad eller lerig terr\u00e4ng.<\/li>    <li>Sk\u00f6rdeart och avkastning: V\u00e4lj olika h\u00e4stkrafter beroende p\u00e5 majs- eller foderavkastning.<\/li>    <li>Budget och anv\u00e4ndningsfrekvens: V\u00e4lj medelh\u00f6g effekt f\u00f6r daglig anv\u00e4ndning; rekommendera h\u00f6g-spec modeller f\u00f6r kommersiella till\u00e4mpningar.<\/li>    <li>Eftermarknadstj\u00e4nst: V\u00e4lj tillverkare som Taizy med stor erfarenhet, l\u00e5ngsiktig reservdelstillg\u00e5ng och teknisk support.<\/li> <\/ul>    <p class=\"translation-block\">Taizy Machinery har 22 \u00e5rs erfarenhet av tillverkning av jordbruksutrustning. V\u00e5ra produkter exporteras till \u00f6ver 40 l\u00e4nder i Afrika, Sydostasien, Sydamerika och mer, vilket ger starkt kundf\u00f6rtroende. Vi har ocks\u00e5 en one-stop-l\u00f6sning f\u00f6r silage: klippning till baling- och wrapning med<a href=\"https:\/\/taizyagromachine.com\/sw\/product\/silage-baler\/\">silage bale wrapping machine<\/a>.<\/p>    <p>Om intresserad, v\u00e4nligen kontakta oss omedelbart!<\/p>","protected":false},"excerpt":{"rendered":"<p>Taizy inatoa mashine za kukusanya malisho za kitaalamu kwa mashamba na viwanda vya malisho. Chagua kati ya aina za magurudumu au za mguu kwa ukusanyaji wa malisho wenye ufanisi na wa kuaminika. Imesanifiwa kwa ufanisi wa hali ya juu, uimara, na uzalishaji wa malisho bora.<\/p>","protected":false},"author":1,"featured_media":8406,"parent":0,"template":"","tags":[235,116],"product-type":[19],"class_list":["post-8405","product","type-product","status-publish","has-post-thumbnail","hentry","tag-corn","tag-silage","product-type-silage-machine"],"_links":{"self":[{"href":"https:\/\/taizyagromachine.com\/sw\/wp-json\/wp\/v2\/product\/8405","targetHints":{"allow":["GET"]}}],"collection":[{"href":"https:\/\/taizyagromachine.com\/sw\/wp-json\/wp\/v2\/product"}],"about":[{"href":"https:\/\/taizyagromachine.com\/sw\/wp-json\/wp\/v2\/types\/product"}],"author":[{"embeddable":true,"href":"https:\/\/taizyagromachine.com\/sw\/wp-json\/wp\/v2\/users\/1"}],"wp:featuredmedia":[{"embeddable":true,"href":"https:\/\/taizyagromachine.com\/sw\/wp-json\/wp\/v2\/media\/8406"}],"wp:attachment":[{"href":"https:\/\/taizyagromachine.com\/sw\/wp-json\/wp\/v2\/media?parent=8405"}],"wp:term":[{"taxonomy":"post_tag","embeddable":true,"href":"https:\/\/taizyagromachine.com\/sw\/wp-json\/wp\/v2\/tags?post=8405"},{"taxonomy":"product-type","embeddable":true,"href":"https:\/\/taizyagromachine.com\/sw\/wp-json\/wp\/v2\/product-type?post=8405"}],"curies":[{"name":"wp","href":"https:\/\/api.w.org\/{rel}","templated":true}]}}