{"id":8627,"date":"2025-12-04T13:22:32","date_gmt":"2025-12-04T05:22:32","guid":{"rendered":"https:\/\/taizyagromachine.com\/?post_type=product&#038;p=8627"},"modified":"2025-12-04T16:00:49","modified_gmt":"2025-12-04T08:00:49","slug":"automatic-cocoa-pod-splitting-machine","status":"publish","type":"product","link":"https:\/\/taizyagromachine.com\/sw\/product\/automatic-cocoa-pod-splitting-machine\/","title":{"rendered":"M\u00e1quina autom\u00e1tica de separaci\u00f3n de vainas de cacao"},"content":{"rendered":"<p class=\"translation-block\">Taizy <strong> mashine ya kugawanya nazi<\/strong> ni mashine ya usindikaji wa nazi inayotumika kuvunjisha mazao ya nazi, kuyagawanya, na kutenganisha maganda kutoka kwa sehemu za nazi. Imeundwa kwa muundo rahisi na ufanisi wa juu, ni moja ya vifaa muhimu zaidi katika mstari wa usindikaji wa nazi wa awali.<\/p>    <p>Reemplaza los m\u00e9todos tradicionales de fractura manual, aumentando significativamente la eficiencia de procesamiento (300-1000 kg\/h) mientras se conserva la integridad de los nibs de cacao. Esto sienta las bases para etapas posteriores como tueste, molienda, extracci\u00f3n de aceite o producci\u00f3n de chocolate.<\/p>    <figure class=\"wp-block-embed is-type-video is-provider-youtube wp-block-embed-youtube wp-embed-aspect-16-9 wp-has-aspect-ratio\"><div class=\"wp-block-embed__wrapper\"> <iframe loading=\"lazy\" title=\"Mashine ya kuvunjisha nazi ya ajabu | Mashine ya haraka ya kuvunjisha mazao ya nazi kwa kufungua na kugawanya nazi\" width=\"500\" height=\"281\" src=\"https:\/\/www.youtube.com\/embed\/iFeTgLBExrc?feature=oembed\" frameborder=\"0\" allow=\"accelerometer; autoplay; clipboard-write; encrypted-media; gyroscope; picture-in-picture; web-share\" referrerpolicy=\"strict-origin-when-cross-origin\" allowfullscreen><\/iframe> <\/div><figcaption class=\"wp-element-caption\">video ya kazi ya kugawanya nazi<\/figcaption><\/figure>    <h2 class=\"wp-block-heading\"><strong>Ventajas de la m\u00e1quina autom\u00e1 tica de separaci\u00f3n de vainas de cacao frescas<\/strong><\/h2>    <p>Nuestra m\u00e1quina autom\u00e1tica de rotura de vainas de cacao tiene las siguientes ventajas para atraer a los clientes:<\/p>    <ul class=\"wp-block-list\"> <li>Puede fracturar 300\u20131000 kg de vainas de cacao por hora, 10\u201320 veces m\u00e1s r\u00e1pido que el trabajo manual, lo cual es altamente eficiente.<\/li>    <li>Adoptando una apertura de grieta totalmente mec\u00e1nica, esta m\u00e1quina de pelado de granos de cacao elimina la necesidad de machetes manuales, previniendo lesiones en las manos.<\/li>    <li>Sus \u00e1ngulos de cuchilla optimizados aseguran que los granos de cacao permanezcan 99.9% intactos, facilitando la fermentaci\u00f3n o el secado.<\/li>    <li>La m\u00e1quina de fractura de vainas de cacao puede ajustar el espaciado de fractura seg\u00fan los granos de cacao, y es adecuada para varias variedades de \u00c1frica, Asia sudoriental y otras regiones.<\/li>    <li>Encendido con un solo bot\u00f3n, estructura simple y limpieza f\u00e1cil. Una persona es suficiente para operar.<\/li>    <li>El material de la m\u00e1quina es acero inoxidable o acero al carbono, apto para uso alimentario, asegurando la higiene alimentaria.<\/li>    <li>Podemos personalizar diferentes modelos basados en los requisitos reales del cliente y apoyar la personalizaci\u00f3n de voltaje, material y estructura.<\/li> <\/ul>   <div class=\"wp-block-image\"> <figure class=\"aligncenter size-full\"><img loading=\"lazy\" decoding=\"async\" width=\"720\" height=\"540\" src=\"https:\/\/taizyagromachine.com\/wp-content\/uploads\/2025\/12\/automatic-cocoa-pods-opening-machine-for-cocoa-pod-splitting.webp\" alt=\"m\u00e1quina autom\u00e1tica de apertura de vainas de cacao para separaci\u00f3n de vainas\" class=\"wp-image-8629\" srcset=\"https:\/\/taizyagromachine.com\/wp-content\/uploads\/2025\/12\/automatic-cocoa-pods-opening-machine-for-cocoa-pod-splitting.webp 720w, https:\/\/taizyagromachine.com\/wp-content\/uploads\/2025\/12\/automatic-cocoa-pods-opening-machine-for-cocoa-pod-splitting-16x12.webp 16w\" sizes=\"auto, (max-width: 720px) 100vw, 720px\" \/><figcaption class=\"wp-element-caption\">m\u00e1quina autom\u00e1tica de apertura de vainas de cacao para separaci\u00f3n de vainas<\/figcaption><\/figure> <\/div>   <h2 class=\"wp-block-heading\"><strong>Par\u00e1metros t\u00e9cnicos de la m\u00e1quina de rotura de vainas de cacao<\/strong><\/h2>    <p>We have two cocoa pod crushers for sale: a large one and a small one. The main difference between them is their processing capacity. We can customize the voltage according to the customer&#8217;s usage requirements.<\/p>    <p class=\"translation-block\"><strong>Grandes par\u00e1metros de modelo<\/strong>:<\/p>    <figure class=\"wp-block-table\"><table class=\"has-fixed-layout\"><tbody><tr><td>Jina la mashine<\/td><td>Paramters<\/td><\/tr><tr><td>M\u00e1quina cortadora de vainas de cacao<\/td><td>Producci\u00f3n: Aproximadamente 800 kg\/h<br>Potencia: 0.75 kW<br>Voltaje: 380 V, 50 Hz<br>Dimensiones: 1.6 \u00d7 0.6 \u00d7 2 m<br>Material: Acero al carbono<br>Peso: 160 kg<\/td><\/tr><tr><td>Separador de vainas y n\u00facleo<\/td><td>Capacidad de producci\u00f3n: Aproximadamente 1000 kg\/h<br>Potencia: 1.1 kW<br>Voltaje: 380 V, 50 Hz<br>Dimensiones externas: 2.8 \u00d7 1.1 \u00d7 2.2 m<br>Materiales: Acero inoxidable (superficies de contacto con alimentos) y Acero al carbono (componentes de transmisi\u00f3n y marco)<br>Peso: 380 kg<\/td><\/tr><\/tbody><\/table><figcaption class=\"wp-element-caption\">Especificaciones de la gran m\u00e1quina de separaci\u00f3n de vainas de cacao<\/figcaption><\/figure>    <p class=\"translation-block\"><strong>Par\u00e1metros de modelo peque\u00f1os<\/strong>:<\/p>    <figure class=\"wp-block-table\"><table class=\"has-fixed-layout\"><tbody><tr><td>Jina la mashine<\/td><td>Paramters<\/td><\/tr><tr><td>M\u00e1quina de apertura de vainas de cacao<\/td><td>Producci\u00f3n: Aproximadamente 300\u2013400 kg\/h<br>Potencia: 0.75 kW<br>Voltaje: 380 V, 50 Hz<br>Dimensiones: 1.6 \u00d7 0.6 \u00d7 1.6 m<br>Materiales: banda de acero inoxidable 201; marco y componentes de transmisi\u00f3n de acero al carbono<br>Peso: 150 kg<\/td><\/tr><tr><td>Separador de vainas y n\u00facleo<\/td><td>Producci\u00f3n: 300\u2013400 kg\/h<br>Potencia: 1.1 kW<br>Voltaje: 380 V, 50 Hz<br>Dimensiones: 2 \u00d7 1.3 \u00d7 1.7 m<br>Materiales: 201 acero inoxidable (partes en contacto con alimentos ( tambor, tolva)); acero al carbono (componentes de transmisi\u00f3n, marco)<br>Peso: 180 kg<\/td><\/tr><\/tbody><\/table><figcaption class=\"wp-element-caption\">Especificaciones de la peque\u00f1a cortadora de granos de cacao<\/figcaption><\/figure>    <h2 class=\"wp-block-heading\"><strong>Aplicaciones de la m\u00e1quina africana de rotura y apertura de vainas de cacao<\/strong><\/h2>    <p>Esta m\u00e1quina de separaci\u00f3n de vainas de cacao se usa ampliamente en:<\/p>    <ul class=\"wp-block-list\"> <li>granjas de cacao<\/li>    <li>Vyama vya ushirika vya kilimo<\/li>    <li>Estaciones de procesamiento primarias del cacao<\/li>    <li>Proveedores de ingredientes de chocolate<\/li>    <li>Plantas procesadoras de cacao peque\u00f1as y medianas<\/li> <\/ul>    <p>It&#8217;s applied in the following processes:<\/p>    <p>\u2714 Rompimiento de vainas de cacao frescas<\/p>    <p>\u2714 Obtenci\u00f3n de granos de cacao enteros para fermentaci\u00f3n<\/p>    <p>\u2714 Mejorando la eficiencia del procesamiento en la granja<\/p>    <p>\u2714 Mejorando la calidad del grano de cacao (fractura uniforme sin da\u00f1ar los granos)<\/p>   <div class=\"wp-block-image\"> <figure class=\"aligncenter size-full\"><img loading=\"lazy\" decoding=\"async\" width=\"820\" height=\"450\" src=\"https:\/\/taizyagromachine.com\/wp-content\/uploads\/2025\/12\/applications-of-fresh-cocoa-pod-splitting-machine.webp\" alt=\"maombi ya mashine ya kugawanya nazi safi\" class=\"wp-image-8632\" srcset=\"https:\/\/taizyagromachine.com\/wp-content\/uploads\/2025\/12\/applications-of-fresh-cocoa-pod-splitting-machine.webp 820w, https:\/\/taizyagromachine.com\/wp-content\/uploads\/2025\/12\/applications-of-fresh-cocoa-pod-splitting-machine-18x10.webp 18w\" sizes=\"auto, (max-width: 820px) 100vw, 820px\" \/><figcaption class=\"wp-element-caption\">maombi ya mashine ya kugawanya nazi safi<\/figcaption><\/figure> <\/div>   <h2 class=\"wp-block-heading\"><strong>\u00bfC\u00f3mo funciona la m\u00e1quina de separaci\u00f3n de vainas de cacao Taizy?<\/strong><\/h2>    <p>El flujo de trabajo de nuestra m\u00e1quina de rotura de vainas de cacao es el siguiente:<\/p>    <ol class=\"wp-block-list\"> <li>Alimentaci\u00f3n manual: las vainas de cacao frescas se colocan en la entrada de alimentaci\u00f3n.<\/li>    <li>Posicionamiento autom\u00e1tico: el equipo ajusta autom\u00e1ticamente la posici\u00f3n seg\u00fan la forma.<\/li>    <li>Conjunto de corte: las cuchillas giratorias cortan las vainas a lo largo del centro con precisi\u00f3n.<\/li>    <li>Separaci\u00f3n de vainas: la c\u00e1scara de la vaina y los granos de cacao se separan autom\u00e1ticamente.<\/li>    <li>Extracci\u00f3n completa de granos: los granos de cacao se recuperan intactos sin roturas ni deformaciones<\/li> <\/ol>    <p>Todo este proceso de la m\u00e1quina de procesamiento de cacao fresco es completamente autom\u00e1tico, reduciendo significativamente la demanda de mano de obra y la p\u00e9rdida de material.<\/p>    <figure class=\"wp-block-gallery has-nested-images columns-default is-cropped wp-block-gallery-2 is-layout-flex wp-block-gallery-is-layout-flex\"> <figure class=\"wp-block-image size-large\"><img loading=\"lazy\" decoding=\"async\" width=\"720\" height=\"540\" data-id=\"8633\" src=\"https:\/\/taizyagromachine.com\/wp-content\/uploads\/2025\/12\/blade-of-machine-for-cocoa-pod-opening.webp\" alt=\"blade ya mashine ya kufungua nazi\" class=\"wp-image-8633\" srcset=\"https:\/\/taizyagromachine.com\/wp-content\/uploads\/2025\/12\/blade-of-machine-for-cocoa-pod-opening.webp 720w, https:\/\/taizyagromachine.com\/wp-content\/uploads\/2025\/12\/blade-of-machine-for-cocoa-pod-opening-16x12.webp 16w\" sizes=\"auto, (max-width: 720px) 100vw, 720px\" \/><figcaption class=\"wp-element-caption\">blade ya mashine ya kufungua nazi<\/figcaption><\/figure>    <figure class=\"wp-block-image size-large\"><img loading=\"lazy\" decoding=\"async\" width=\"720\" height=\"540\" data-id=\"8634\" src=\"https:\/\/taizyagromachine.com\/wp-content\/uploads\/2025\/12\/cocoa-pod-and-kernel-separator.webp\" alt=\"separator ya nazi na mbegu\" class=\"wp-image-8634\" srcset=\"https:\/\/taizyagromachine.com\/wp-content\/uploads\/2025\/12\/cocoa-pod-and-kernel-separator.webp 720w, https:\/\/taizyagromachine.com\/wp-content\/uploads\/2025\/12\/cocoa-pod-and-kernel-separator-16x12.webp 16w\" sizes=\"auto, (max-width: 720px) 100vw, 720px\" \/><figcaption class=\"wp-element-caption\">separator ya nazi na mbegu<\/figcaption><\/figure> <\/figure>    <h2 class=\"wp-block-heading\"><strong>\u00bfCu\u00e1l es el precio de la m\u00e1quina de pelado de granos de cacao?<\/strong><\/h2>    <p>El precio de la m\u00e1quina de fractura de granos de cacao Taizy est\u00e1 influenciado por los siguientes factores:<\/p>    <ul class=\"wp-block-list\"> <li>Capacidad de producci\u00f3n y tama\u00f1o de modelo<\/li>    <li>Requisitos de construcci\u00f3n completamente en acero inoxidable<\/li>    <li>Especificaciones de voltaje personalizadas (p. ej., 380V com\u00fan en \u00c1frica)<\/li>    <li>Necesidad de una l\u00ednea completa de procesamiento de cacao (pelar, secado, clasificaci\u00f3n por aire, etc.)<\/li>    <li>Exportaci\u00f3n a puertos remotos (impacta en costos de flete)<\/li> <\/ul>    <p>Cada factor difiere, dando como resultado precios finales variables de la m\u00e1quina. Para el precio detallado del cortador de vainas de cacao, bienvenido a contactarnos en cualquier momento!<\/p>   <div class=\"wp-block-image\"> <figure class=\"aligncenter size-full\"><img loading=\"lazy\" decoding=\"async\" width=\"720\" height=\"540\" src=\"https:\/\/taizyagromachine.com\/wp-content\/uploads\/2025\/12\/African-fresh-cocoa-pod-breaking-opening-peeling-machine.webp\" alt=\"Mashine ya kufungua na kugawanya nazi safi ya Afrika\" class=\"wp-image-8630\" srcset=\"https:\/\/taizyagromachine.com\/wp-content\/uploads\/2025\/12\/African-fresh-cocoa-pod-breaking-opening-peeling-machine.webp 720w, https:\/\/taizyagromachine.com\/wp-content\/uploads\/2025\/12\/African-fresh-cocoa-pod-breaking-opening-peeling-machine-16x12.webp 16w\" sizes=\"auto, (max-width: 720px) 100vw, 720px\" \/><figcaption class=\"wp-element-caption\">Mashine ya kufungua na kugawanya nazi safi ya Afrika<\/figcaption><\/figure> <\/div>   <h2 class=\"wp-block-heading\"><strong>\u00bfPor qu\u00e9 elegir la m\u00e1quina de separaci\u00f3n de vainas de cacao Taizy?<\/strong><\/h2>    <p>Taizy, como el mejor fabricante de m\u00e1quinas de fractura de granos de cacao, es un proveedor confiable para clientes de todo el mundo para el procesamiento de granos de cacao, debido a:<\/p>    <ul class=\"wp-block-list\"> <li>M\u00e1s de 20 a\u00f1os de experiencia en exportaci\u00f3n de equipos de procesamiento de cacao<\/li>    <li>Numerous verified case studies from African clients (Ghana, C\u00f4te d&#8217;Ivoire, Nigeria, Cameroon)<\/li>    <li>Servicio de repuestos para cuchillas, redes, etc.<\/li>    <li>Soporte de personalizaci\u00f3n OEM\/ODM<\/li>    <li>Gu\u00eda de instalaci\u00f3n por video y soporte t\u00e9cnico remoto<\/li>    <li>L\u00edneas completas de procesamiento de cacao disponibles<\/li> <\/ul>    <p>Taizy se especializa en maquinaria agr\u00edcola y de procesamiento de alimentos con un sistema de control de calidad integral. Para cualquier necesidad de equipo relacionada, por favor contacte con nosotros.<\/p>    <h2 class=\"wp-block-heading\"><strong>Caso exitoso: m\u00e1quina de fractura de granos de cacao vendida a Filipinas<\/strong><\/h2>    <p>El cliente filipino es una planta de procesamiento de alimentos de tama\u00f1o medio que requiere un procesamiento a gran escala de vainas de cacao frescas para la fermentaci\u00f3n de granos de cacao. Las preocupaciones clave incluyen:<\/p>    <ul class=\"wp-block-list\"> <li>Si la m\u00e1quina de separaci\u00f3n de vainas de cacao puede procesar los granos sin da\u00f1arlos<\/li>    <li>Compatibilidad con voltaje local (220V)<\/li>    <li>Producci\u00f3n horaria real<\/li>    <li>Disponibilidad de videos de demostraci\u00f3n de fractura<\/li>    <li>Si puede ser enviado r\u00e1pidamente<\/li> <\/ul>    <p>Despu\u00e9s de recibir nuestro video de operaci\u00f3n de prueba de la m\u00e1quina de rotura de granos de cacao, el cliente confirm\u00f3:<\/p>    <p>\u2714 Afinado uniforme<\/p>    <p>\u2714 Firmeza alta de los granos<\/p>    <p>\u2714 Cumplir con sus requisitos de producci\u00f3n<\/p>    <p>Finalizaron la compra de 2 unidades de m\u00e1quinas de eliminaci\u00f3n de c\u00e1scaras de cacao y expresaron intenci\u00f3n de adquirir una l\u00ednea completa de procesamiento de cacao en el futuro.<\/p>    <figure class=\"wp-block-gallery has-nested-images columns-default is-cropped wp-block-gallery-3 is-layout-flex wp-block-gallery-is-layout-flex\"> <figure class=\"wp-block-image size-large\"><img loading=\"lazy\" decoding=\"async\" width=\"720\" height=\"540\" data-id=\"8637\" src=\"https:\/\/taizyagromachine.com\/wp-content\/uploads\/2025\/12\/industrial-cocoa-bean-shelling-machine.webp\" alt=\"mashine ya kubeba maganda ya nazi ya viwanda\" class=\"wp-image-8637\" srcset=\"https:\/\/taizyagromachine.com\/wp-content\/uploads\/2025\/12\/industrial-cocoa-bean-shelling-machine.webp 720w, https:\/\/taizyagromachine.com\/wp-content\/uploads\/2025\/12\/industrial-cocoa-bean-shelling-machine-16x12.webp 16w\" sizes=\"auto, (max-width: 720px) 100vw, 720px\" \/><figcaption class=\"wp-element-caption\">mashine ya kubeba maganda ya nazi ya viwanda<\/figcaption><\/figure>    <figure class=\"wp-block-image size-large\"><img loading=\"lazy\" decoding=\"async\" width=\"720\" height=\"540\" data-id=\"8636\" src=\"https:\/\/taizyagromachine.com\/wp-content\/uploads\/2025\/12\/cocoa-pod-splitting-machine-packing-with-wood-crate.webp\" alt=\"Mashine ya kugawanya nazi ikifungwa na sanduku la mbao\" class=\"wp-image-8636\" srcset=\"https:\/\/taizyagromachine.com\/wp-content\/uploads\/2025\/12\/cocoa-pod-splitting-machine-packing-with-wood-crate.webp 720w, https:\/\/taizyagromachine.com\/wp-content\/uploads\/2025\/12\/cocoa-pod-splitting-machine-packing-with-wood-crate-16x12.webp 16w\" sizes=\"auto, (max-width: 720px) 100vw, 720px\" \/><figcaption class=\"wp-element-caption\">Mashine ya kugawanya nazi ikifungwa na sanduku la mbao<\/figcaption><\/figure> <\/figure>    <h2 class=\"wp-block-heading\"><strong><strong>\u00bfC\u00f3mo obtener una cotizaci\u00f3n?<\/strong><\/strong><\/h2>    <p>Para proporcionar la cortadora de vainas de cacao m\u00e1s adecuada, por favor ind\u00edquenos:<\/p>    <ul class=\"wp-block-list\"> <li>Volumen planificado de procesamiento de vainas de cacao (diario\/hora)<\/li>    <li>Si se requiere exportaci\u00f3n a voltaje local (p. ej., 220V\/380V)<\/li>    <li>\u00bfSe necesita una l\u00ednea completa de procesamiento de cacao?<\/li>    <li>Si se requiere construcci\u00f3n en acero inoxidable<\/li>    <li>Puerto de entrega o pa\u00eds de destino<\/li> <\/ul>    <p>Haremos:<\/p>    <p>\u2713 Ofrecer una cotizaci\u00f3n en 24 horas<\/p>    <p>\u2713 Proporcionar videos, documentaci\u00f3n t\u00e9cnica y estudios de casos operativos<\/p>    <p>\u2713 Soporte para asociaciones de venta mayorista y distribuci\u00f3n<\/p>","protected":false},"excerpt":{"rendered":"<p>Taizy Cocoa Pod Splitter inafanya kazi kwa ufanisi na kwa usalama, ikitenganisha haraka maharagwe ya kakao bila kuharibu. Inafaa kwa usindikaji wa kakao barani Afrika na Asia. Uwekaji wa desturi unapatikana, voltage inaweza kubadilishwa, na video za majaribio na masomo ya kesi za usafirishaji zinapatikana.<\/p>","protected":false},"author":1,"featured_media":8628,"parent":0,"template":"","tags":[245],"product-type":[22],"class_list":["post-8627","product","type-product","status-publish","has-post-thumbnail","hentry","tag-cocoa-pod","product-type-others"],"_links":{"self":[{"href":"https:\/\/taizyagromachine.com\/sw\/wp-json\/wp\/v2\/product\/8627","targetHints":{"allow":["GET"]}}],"collection":[{"href":"https:\/\/taizyagromachine.com\/sw\/wp-json\/wp\/v2\/product"}],"about":[{"href":"https:\/\/taizyagromachine.com\/sw\/wp-json\/wp\/v2\/types\/product"}],"author":[{"embeddable":true,"href":"https:\/\/taizyagromachine.com\/sw\/wp-json\/wp\/v2\/users\/1"}],"wp:featuredmedia":[{"embeddable":true,"href":"https:\/\/taizyagromachine.com\/sw\/wp-json\/wp\/v2\/media\/8628"}],"wp:attachment":[{"href":"https:\/\/taizyagromachine.com\/sw\/wp-json\/wp\/v2\/media?parent=8627"}],"wp:term":[{"taxonomy":"post_tag","embeddable":true,"href":"https:\/\/taizyagromachine.com\/sw\/wp-json\/wp\/v2\/tags?post=8627"},{"taxonomy":"product-type","embeddable":true,"href":"https:\/\/taizyagromachine.com\/sw\/wp-json\/wp\/v2\/product-type?post=8627"}],"curies":[{"name":"wp","href":"https:\/\/api.w.org\/{rel}","templated":true}]}}