{"id":8928,"date":"2026-03-02T16:42:42","date_gmt":"2026-03-02T08:42:42","guid":{"rendered":"https:\/\/taizyagromachine.com\/product\/\/"},"modified":"2026-03-02T17:39:37","modified_gmt":"2026-03-02T09:39:37","slug":"cattle-farm-manure-cleaning-machine-manure-collector","status":"publish","type":"product","link":"https:\/\/taizyagromachine.com\/sw\/product\/cattle-farm-manure-cleaning-machine-manure-collector\/","title":{"rendered":"M\u00e1quina de limpieza de esti\u00e9rcol de granja de ganado"},"content":{"rendered":"<p class=\"translation-block\">Taizy <strong>m\u00e1quina de limpieza de esti\u00e9rcol<\/strong> est\u00e1 dise\u00f1ada con funciones de eliminaci\u00f3n de esti\u00e9rcol, transporte y descarga autom\u00e1tica para operaciones ganaderas a gran escala, como granjas de ganado, lecher\u00eda y ovejas. Funciona con camiones de tres o cuatro ruedas accionados por diesel, manejando eficientemente el esti\u00e9rcol con una capacidad de 3-5 min o 5-8 min por veh\u00edculo, dependiendo de la espesor del esti\u00e9rcol.<\/p>    <p>Su volumen com\u00fan es 3m\u00b3, 5m\u00b3, etc. En comparaci\u00f3n con los m\u00e9todos tradicionales de limpieza manual, el recolector de esti\u00e9rcol del corral mejora significativamente la eficiencia de limpieza, reduce costos laborales, mejora la sanidad de la granja y minimiza el crecimiento de amon\u00edaco y bacterias. Esto conduce a una mejor salud animal y una gesti\u00f3n de rancho m\u00e1s estandarizada. <\/p>    <p>Como equipo esencial para granjas modernas que buscan gesti\u00f3n mecanizada y automatizada, esta m\u00e1quina de limpieza de establos se ha convertido en una opci\u00f3n clave para aumentar la eficiencia de la producci\u00f3n y optimizar los costos operativos.<\/p>    <figure class=\"wp-block-embed is-type-video is-provider-youtube wp-block-embed-youtube wp-embed-aspect-16-9 wp-has-aspect-ratio\"><div class=\"wp-block-embed__wrapper\"> <iframe loading=\"lazy\" title=\"Video de funcionamiento de la m\u00e1quina de limpieza de esti\u00e9rcol a diesel | Cosechadora autom\u00e1tica de esti\u00e9rcol para granja de ganado #manure\" width=\"500\" height=\"281\" src=\"https:\/\/www.youtube.com\/embed\/5JxMkd7zD5o?feature=oembed\" frameborder=\"0\" allow=\"accelerometer; autoplay; clipboard-write; encrypted-media; gyroscope; picture-in-picture; web-share\" referrerpolicy=\"strict-origin-when-cross-origin\" allowfullscreen><\/iframe> <\/div><figcaption class=\"wp-element-caption\">vide de la m\u00e1quina recolectora de esti\u00e9rcol<\/figcaption><\/figure>    <h2 class=\"wp-block-heading\"><strong>\u00bfQu\u00e9 es una m\u00e1quina de limpieza de esti\u00e9rcol?<\/strong><\/h2>    <p>La m\u00e1quina de limpieza de esti\u00e9rcol es un dispositivo automatizado dise\u00f1ado espec\u00edficamente para limpiar esti\u00e9rcol y desechos dentro de instalaciones ganaderas como establos de ganado y corral de ovejas. Su funci\u00f3n principal es eliminar excrementos animales de forma peri\u00f3dica o continua, manteniendo suelos de establos limpios y secos mientras mejora los est\u00e1ndares de higiene en el entorno de la granja.<\/p>    <p>La esti\u00e9rcol se recoge a trav\u00e9s de una tolva frontal y se transporta a trav\u00e9s de un sistema de cadena y raspa hacia un contenedor de recolecci\u00f3n para su procesamiento centralizado. Por ello, tambi\u00e9n se le conoce com\u00fanmente como raspa de esti\u00e9rcol autom\u00e1tica o m\u00e1quina de eliminaci\u00f3n de esti\u00e9rcol en establos.<\/p>   <div class=\"wp-block-image\"> <figure class=\"aligncenter size-full\"><img loading=\"lazy\" decoding=\"async\" width=\"720\" height=\"540\" src=\"https:\/\/taizyagromachine.com\/wp-content\/uploads\/2026\/03\/cow-manure-cleaning-machine.jpg\" alt=\"Mashine ya kusafisha kinyesi cha ng&#039;ombe\" class=\"wp-image-8939\" srcset=\"https:\/\/taizyagromachine.com\/wp-content\/uploads\/2026\/03\/cow-manure-cleaning-machine.jpg 720w, https:\/\/taizyagromachine.com\/wp-content\/uploads\/2026\/03\/cow-manure-cleaning-machine-16x12.jpg 16w\" sizes=\"auto, (max-width: 720px) 100vw, 720px\" \/><figcaption class=\"wp-element-caption\">Mashine ya kusafisha kinyesi cha ng'ombe<\/figcaption><\/figure> <\/div>   <h2 class=\"wp-block-heading\"><strong>Ventajas principales de la m\u00e1quina de limpieza de excrementos de vaca<\/strong><\/h2>    <ul class=\"wp-block-list\"> <li>Funcionamiento totalmente autom\u00e1tico con una persona<\/li>    <li>Eliminaci\u00f3n eficiente de desechos de ganado con 3-5 minutos o 5-8 minutos por cami\u00f3n<\/li>    <li>Tasa de limpieza de \u226599% para mejorar la higiene del establo y la salud animal<\/li>    <li>Opciones de cami\u00f3n: cami\u00f3n de 3 ruedas o 4 ruedas disponibles<\/li>    <li>Estructura duradera con estructura de acero reforzado y dise\u00f1o de raspar desgaste para uso a largo plazo<\/li>    <li>Apto para granjas lecheras medianas y grandes<\/li> <\/ul>    <h2 class=\"wp-block-heading\"><strong>Especificaciones t\u00e9cnicas de la m\u00e1quina de limpieza de esti\u00e9rcol<\/strong><\/h2>    <div class=\"wp-block-columns is-layout-flex wp-container-core-columns-is-layout-9d6595d7 wp-block-columns-is-layout-flex\"> <div class=\"wp-block-column is-layout-flow wp-block-column-is-layout-flow\"><div class=\"wp-block-image\"> <figure class=\"aligncenter size-full\"><img loading=\"lazy\" decoding=\"async\" width=\"720\" height=\"540\" src=\"https:\/\/taizyagromachine.com\/wp-content\/uploads\/2026\/03\/three-wheel-paddock-manure-collector.jpg\" alt=\"recolectora de esti\u00e9rcol de tres ruedas en el corral\" class=\"wp-image-8933\" srcset=\"https:\/\/taizyagromachine.com\/wp-content\/uploads\/2026\/03\/three-wheel-paddock-manure-collector.jpg 720w, https:\/\/taizyagromachine.com\/wp-content\/uploads\/2026\/03\/three-wheel-paddock-manure-collector-16x12.jpg 16w\" sizes=\"auto, (max-width: 720px) 100vw, 720px\" \/><figcaption class=\"wp-element-caption\">recolectora de esti\u00e9rcol de tres ruedas en el corral<\/figcaption><\/figure> <\/div><\/div>    <div class=\"wp-block-column is-vertically-aligned-center is-layout-flow wp-block-column-is-layout-flow\"> <p class=\"has-text-align-center translation-block\"><strong>Par\u00e1metros del recolector de ensilaje de esti\u00e9rcol 3cbm<\/strong><\/p>    <ul class=\"wp-block-list\"> <li>Modelo: QF-3<\/li>    <li>Dimensiones: 4500*1450*2450mm<\/li>    <li>Potencia: motor di\u00e9sel de 25hp<\/li>    <li>Movimiento a pie: triciclo<\/li>    <li>Capacidad de producci\u00f3n: 3-5 minutos por veh\u00edculo<\/li>    <li>Volumen de la carretilla: 3m\u00b3<\/li>    <li>Triciclo: Futian Five Star<\/li> <\/ul> <\/div> <\/div>    <div class=\"wp-block-columns is-layout-flex wp-container-core-columns-is-layout-9d6595d7 wp-block-columns-is-layout-flex\"> <div class=\"wp-block-column is-layout-flow wp-block-column-is-layout-flow\"><div class=\"wp-block-image\"> <figure class=\"aligncenter size-full\"><img loading=\"lazy\" decoding=\"async\" width=\"720\" height=\"540\" src=\"https:\/\/taizyagromachine.com\/wp-content\/uploads\/2026\/03\/four-wheel-cattle-farm-cleaning-machine.jpg\" alt=\"M\u00e1quina de limpieza de granja de ganado de cuatro ruedas\" class=\"wp-image-8936\" srcset=\"https:\/\/taizyagromachine.com\/wp-content\/uploads\/2026\/03\/four-wheel-cattle-farm-cleaning-machine.jpg 720w, https:\/\/taizyagromachine.com\/wp-content\/uploads\/2026\/03\/four-wheel-cattle-farm-cleaning-machine-16x12.jpg 16w\" sizes=\"auto, (max-width: 720px) 100vw, 720px\" \/><figcaption class=\"wp-element-caption\">M\u00e1quina de limpieza de granja de ganado de cuatro ruedas<\/figcaption><\/figure> <\/div><\/div>    <div class=\"wp-block-column is-vertically-aligned-center is-layout-flow wp-block-column-is-layout-flow\"> <p class=\"has-text-align-center translation-block\"><strong>Par\u00e1metros de limpiador de pasto de 5cbm<\/strong><\/p>    <ul class=\"wp-block-list\"> <li>Modelo: QF-5<\/li>    <li>Volumen de la carretilla: 5m\u00b3<\/li>    <li>Dimensiones: 5200*2200*2600mm<\/li>    <li>Anchura de limpieza de esti\u00e9rcol: 2000mm<\/li>    <li>Capacidad de producci\u00f3n: 5-8 minutos por veh\u00edculo ((dependiendo del grosor de la capa fecal))<\/li>    <li>Peso: 3500kg<\/li>    <li>Velocidad de conducci\u00f3n: \u226430km\/h<\/li>    <li>N\u00famero de neum\u00e1ticos: 4 piezas<\/li>    <li>Sistema de recolecci\u00f3n de esti\u00e9rcol: recolecci\u00f3n frontal agitador, transportador de tornillo y cadena<\/li>    <li>M\u00e9todo de descarga del carrito trasero: cami\u00f3n volquete hidr\u00e1ulico<\/li> <\/ul> <\/div> <\/div>    <h2 class=\"wp-block-heading\"><strong>\u00bfC\u00f3mo funciona el limpia-raspador de esti\u00e9rcol para l\u00e1cteos?<\/strong><\/h2>    <p>El equipo de limpieza autom\u00e1tico de esti\u00e9rcol funciona principalmente mediante recolecci\u00f3n por tornillo, raspado por correa, recogida del veh\u00edculo y descarga por volquete hidr\u00e1ulico. El flujo de trabajo principal es el siguiente:<\/p>    <ol class=\"wp-block-list\"> <li>Una persona inicia el recolector de esti\u00e9rcol para la granja lechera.<\/li>    <li>Cuando la persona conduce el equipo de limpieza hacia adelante, el soplete frontal recoge los desechos.<\/li>    <li>Luego, los desechos recogidos se transportan a la carretilla mediante la raspa de cadena.<\/li>    <li>El tornillo agitador y la raspa de cadena operan de forma continua a medida que la m\u00e1quina avanza, recogiendo el esti\u00e9rcol animal en la carretilla hasta que se llena.<\/li>    <li>Por \u00faltimo, el mecanismo de volcado hidr\u00e1ulico descarga autom\u00e1ticamente el contenido, completando el ciclo de limpieza de esti\u00e9rcol. La m\u00e1quina luego pasa a la siguiente ronda de operaci\u00f3n.<\/li> <\/ol>    <figure class=\"wp-block-gallery has-nested-images columns-default is-cropped wp-block-gallery-2 is-layout-flex wp-block-gallery-is-layout-flex\"> <figure class=\"wp-block-image size-large\"><img loading=\"lazy\" decoding=\"async\" width=\"720\" height=\"540\" data-id=\"8941\" src=\"https:\/\/taizyagromachine.com\/wp-content\/uploads\/2026\/03\/efficient-barn-cleaning-equipment-for-manure-removal.jpg\" alt=\"Vifaa vya kusafisha banda kwa ufanisi kwa kuondoa kinyesi\" class=\"wp-image-8941\" srcset=\"https:\/\/taizyagromachine.com\/wp-content\/uploads\/2026\/03\/efficient-barn-cleaning-equipment-for-manure-removal.jpg 720w, https:\/\/taizyagromachine.com\/wp-content\/uploads\/2026\/03\/efficient-barn-cleaning-equipment-for-manure-removal-16x12.jpg 16w\" sizes=\"auto, (max-width: 720px) 100vw, 720px\" \/><figcaption class=\"wp-element-caption\">Vifaa vya kusafisha banda kwa ufanisi kwa kuondoa kinyesi<\/figcaption><\/figure>    <figure class=\"wp-block-image size-large\"><img loading=\"lazy\" decoding=\"async\" width=\"720\" height=\"540\" data-id=\"8942\" src=\"https:\/\/taizyagromachine.com\/wp-content\/uploads\/2026\/03\/Hydraulic-tipper-truck.jpg\" alt=\"Gari la lori la hydraulic\" class=\"wp-image-8942\" srcset=\"https:\/\/taizyagromachine.com\/wp-content\/uploads\/2026\/03\/Hydraulic-tipper-truck.jpg 720w, https:\/\/taizyagromachine.com\/wp-content\/uploads\/2026\/03\/Hydraulic-tipper-truck-16x12.jpg 16w\" sizes=\"auto, (max-width: 720px) 100vw, 720px\" \/><figcaption class=\"wp-element-caption\">Gari la lori la hydraulic<\/figcaption><\/figure> <\/figure>    <h2 class=\"wp-block-heading\"><strong>Escenarios de aplicaci\u00f3n de la m\u00e1quina recolectora de esti\u00e9rcol Taizy<\/strong><\/h2>    <p>Con el desarrollo de la ganader\u00eda a gran escala, el equipo de eliminaci\u00f3n autom\u00e1tica de esti\u00e9rcol se ha adoptado ampliamente en varios entornos ganaderos. Como una m\u00e1quina eficiente de eliminaci\u00f3n de esti\u00e9rcol, desempe\u00f1a un papel vital en numerosos escenarios de cr\u00eda. <\/p>    <ul class=\"wp-block-list\"> <li>Granjas de leche<\/li>    <li>Establos de ganado<\/li>    <li>Establos ganaderos<\/li>    <li>Instalaciones modernas de cr\u00eda intensiva<\/li> <\/ul>    <h2 class=\"wp-block-heading\"><strong>Bei ya mashine ya kusafisha kinyesi cha ng'ombe ya Taizy ni nini?<\/strong><\/h2>    <p>Cuando seleccionar equipos de limpieza de esti\u00e9rcol, los clientes normalmente se centran en preguntas clave: precio y personalizaci\u00f3n.<\/p>    <p class=\"translation-block\"><strong>Precio del recolector de Taizy a la venta<\/strong><\/p>    <p>Factores clave que influyen en el precio de la m\u00e1quina de limpieza de esti\u00e9rcol incluyen:<\/p>    <ul class=\"wp-block-list\"> <li>Volumen de la carretilla de la m\u00e1quina<\/li>    <li>Cantidad de neum\u00e1ticos del veh\u00edculo<\/li>    <li>Configuraci\u00f3n de potencia di\u00e9sel de la m\u00e1quina<\/li>    <li>Ugavi wa vipuri<\/li>    <li>Distancia de transporte<\/li> <\/ul>    <p>Generalmente, configuraciones m\u00e1s altas y pasillos m\u00e1s largos aumentan los costos generales de equipo de limpieza de granja lechera. Por lo tanto, se recomienda seleccionar soluciones basadas en necesidades reales en lugar de buscar \u00fanicamente precios bajos.<\/p>   <div class=\"wp-block-image\"> <figure class=\"aligncenter size-full\"><img loading=\"lazy\" decoding=\"async\" width=\"720\" height=\"540\" src=\"https:\/\/taizyagromachine.com\/wp-content\/uploads\/2026\/03\/cattle-farm-manure-cleaning-equipment.jpg\" alt=\"Vifaa vya kusafisha kinyesi cha ng&#039;ombe shambani\" class=\"wp-image-8943\" srcset=\"https:\/\/taizyagromachine.com\/wp-content\/uploads\/2026\/03\/cattle-farm-manure-cleaning-equipment.jpg 720w, https:\/\/taizyagromachine.com\/wp-content\/uploads\/2026\/03\/cattle-farm-manure-cleaning-equipment-16x12.jpg 16w\" sizes=\"auto, (max-width: 720px) 100vw, 720px\" \/><figcaption class=\"wp-element-caption\">Vifaa vya kusafisha kinyesi cha ng'ombe shambani<\/figcaption><\/figure> <\/div>   <h2 class=\"wp-block-heading\"><strong>\u00bfPor qu\u00e9 elegir nuestro recolector autom\u00e1tico de esti\u00e9rcol?<\/strong><\/h2>    <p>Nuestras soluciones de eliminaci\u00f3n de esti\u00e9rcol para establos de ganado est\u00e1n dise\u00f1adas espec\u00edficamente para granjas modernas, equilibrando eficiencia, costo y operaci\u00f3n estable a largo plazo. Son equipos modernos confiables de manejo de desechos ganaderos.<\/p>    <p>\u2714 Soluci\u00f3n rentable de gesti\u00f3n de esti\u00e9rcol<\/p>    <p>\u2714 Reducir la mano de obra en hasta un 40-60%<\/p>    <p>\u2714 Mejora la eficiencia de la granja<\/p>    <p>\u2714 Equipo moderno de manejo de desechos ganaderos<\/p>    <h2 class=\"wp-block-heading\"><strong>Preguntas frecuentes (FAQ) de la limpiadora de pastizales Taizy<\/strong><\/h2>   <div id=\"rank-math-faq\" class=\"rank-math-block\"> <div class=\"rank-math-list\"> <div id=\"faq-question-1772440719924\" class=\"rank-math-list-item\"> <h3 class=\"rank-math-question\">\u00bfCu\u00e1l es la diferencia entre un esparcidor de esti\u00e9rcol y una m\u00e1quina de limpieza de esti\u00e9rcol?<\/h3> <div class=\"rank-math-answer\">  <p class=\"translation-block\">The two serve entirely different functions:<br \/><strong><a href=\"https:\/\/taizyagromachine.com\/sw\/product\/manure-and-fertilizer-spreader-truck\/\">Manure spreader<\/a><\/strong>: Primarily used to evenly distribute fermented manure across farmland for fertilization purposes.<br \/><strong>Manure cleaning machine<\/strong>: Employed inside cattle or sheep barns to collect and remove fecal waste from the floor.<\/p>  <\/div> <\/div> <div id=\"faq-question-1772440837790\" class=\"rank-math-list-item\"> <h3 class=\"rank-math-question\">\u00bfEs adecuado el recolector autom\u00e1tico de esti\u00e9rcol para granjas peque\u00f1as?<\/h3> <div class=\"rank-math-answer\">  <p>S\u00ed, tambi\u00e9n se aplica a granjas medianas y grandes.<\/p>  <\/div> <\/div> <div id=\"faq-question-1772440877524\" class=\"rank-math-list-item\"> <h3 class=\"rank-math-question\">\u00bfCon qu\u00e9 frecuencia debe operar la m\u00e1quina de eliminaci\u00f3n de esti\u00e9rcol del establo?<\/h3> <div class=\"rank-math-answer\">  <p>La frecuencia de operaci\u00f3n depende de la densidad de animales y de las condiciones ambientales estacionales.<\/p>  <\/div> <\/div> <div id=\"faq-question-1772440918053\" class=\"rank-math-list-item\"> <h3 class=\"rank-math-question\">\u00bfPuede funcionar en condiciones de esti\u00e9rcol mojado?<\/h3> <div class=\"rank-math-answer\">  <p>S\u00ed. El limpiador de pasto Taizy est\u00e1 dise\u00f1ado para manejar entornos de esti\u00e9rcol mojado.<\/p>  <\/div> <\/div> <\/div> <\/div>","protected":false},"excerpt":{"rendered":"<p>Mashine ya Taizy ya kusafisha kinyesi cha ng'ombe imeundwa na kazi za kuondoa kinyesi, usafirishaji, na kujisukuma yenyewe, na inachukua dakika 3-5 au 5-8 kwa kila gari kwa shamba la ng'ombe.<\/p>","protected":false},"author":1,"featured_media":8929,"parent":0,"template":"","tags":[116],"product-type":[19],"class_list":["post-8928","product","type-product","status-publish","has-post-thumbnail","hentry","tag-silage","product-type-silage-machine"],"_links":{"self":[{"href":"https:\/\/taizyagromachine.com\/sw\/wp-json\/wp\/v2\/product\/8928","targetHints":{"allow":["GET"]}}],"collection":[{"href":"https:\/\/taizyagromachine.com\/sw\/wp-json\/wp\/v2\/product"}],"about":[{"href":"https:\/\/taizyagromachine.com\/sw\/wp-json\/wp\/v2\/types\/product"}],"author":[{"embeddable":true,"href":"https:\/\/taizyagromachine.com\/sw\/wp-json\/wp\/v2\/users\/1"}],"wp:featuredmedia":[{"embeddable":true,"href":"https:\/\/taizyagromachine.com\/sw\/wp-json\/wp\/v2\/media\/8929"}],"wp:attachment":[{"href":"https:\/\/taizyagromachine.com\/sw\/wp-json\/wp\/v2\/media?parent=8928"}],"wp:term":[{"taxonomy":"post_tag","embeddable":true,"href":"https:\/\/taizyagromachine.com\/sw\/wp-json\/wp\/v2\/tags?post=8928"},{"taxonomy":"product-type","embeddable":true,"href":"https:\/\/taizyagromachine.com\/sw\/wp-json\/wp\/v2\/product-type?post=8928"}],"curies":[{"name":"wp","href":"https:\/\/api.w.org\/{rel}","templated":true}]}}