{"id":11,"date":"2022-01-11T03:21:20","date_gmt":"2022-01-11T03:21:20","guid":{"rendered":"http:\/\/taizyagromachine.local\/?page_id=11"},"modified":"2022-01-24T06:09:57","modified_gmt":"2022-01-24T06:09:57","slug":"about-us","status":"publish","type":"page","link":"https:\/\/taizyagromachine.com\/tr\/about-us\/","title":{"rendered":"Hakk\u0131m\u0131zda"},"content":{"rendered":"<div class=\"wp-block-media-text alignwide is-stacked-on-mobile\"><figure class=\"wp-block-media-text__media\"><img loading=\"lazy\" decoding=\"async\" width=\"720\" height=\"540\" src=\"https:\/\/taizyagromachine.com\/wp-content\/uploads\/2022\/01\/cooperation-with-government.jpg\" alt=\"i\u015fbirli\u011fi\" class=\"wp-image-1801 size-full\"\/><\/figure><div class=\"wp-block-media-text__content\"> <p class=\"translation-block\">\u00d6nde gelen ve profesyonel bir tar\u0131m makineleri \u00fcreticisi ve tedarik\u00e7isi olarak, Taizy Agro Machine Co., Ltd olarak m\u00fc\u015fterilerimize hizmet etmek i\u00e7in \u201c<strong><em>\u00c7ift\u00e7iler \u0130\u00e7in<\/em>, <em>Tar\u0131m \u0130\u00e7in<\/em>, <em>Daha \u0130yi Bir Ya\u015fam \u0130\u00e7in<\/em><\/strong>\u201d slogan\u0131n\u0131 benimsiyoruz. Ayr\u0131ca, 15 y\u0131l\u0131 a\u015fk\u0131n s\u00fcredir tar\u0131m makineleri ihracat\u0131nda zengin bir deneyime sahibiz. Ana \u00fcr\u00fcnlerimiz aras\u0131nda <strong><em>Pirin\u00e7 De\u011firmeni, M\u0131s\u0131r Makinesi, Pirin\u00e7 ve Bu\u011fday Makinesi, Yer F\u0131st\u0131\u011f\u0131 Makinesi, Silaj Makinesi, Saman Makinesi, Fide Makinesi, Sebze Fidesi Makinesi, Bal\u0131k Yemi Pelet Makinesi, Hayvan Yemi Pelet Makinesi<\/em><\/strong> vb. bulunmaktad\u0131r. Dahas\u0131, <strong><em>STK, FAO, UNDP ve Devlet \u0130haleleri<\/em><\/strong>nden Proje yapma konusunda uzman\u0131z. <\/p>    <p class=\"translation-block\">Daha fazla bilgi i\u00e7in WhatsApp\/Wechat\/Tel: <strong><em>+86 13673689272<\/em><\/strong> \u00fczerinden bizimle ileti\u015fime ge\u00e7ebilirsiniz.<\/p> <\/div><\/div>    <h2 class=\"has-huge-font-size wp-block-heading\">Neden Bizi Se\u00e7melisiniz?<\/h2>    <div class=\"wp-block-columns is-layout-flex wp-container-core-columns-is-layout-9d6595d7 wp-block-columns-is-layout-flex\"> <div class=\"wp-block-column is-layout-flow wp-block-column-is-layout-flow\"> <ul class=\"wp-block-list\"><li>\u00dcretici makinelere g\u00fc\u00e7l\u00fc fabrika g\u00fcc\u00fc<\/li><li>Yurtd\u0131\u015f\u0131na ihracatta zengin deneyimler<\/li><li>M\u00fc\u015fterilere sunulan m\u00fckemmel sat\u0131\u015f \u00f6ncesi, sat\u0131\u015f sonras\u0131, sat\u0131\u015f sonras\u0131 hizmetler<\/li><li>Sat\u0131n almaya de\u011fer olacak g\u00fcvenilir marka<\/li><li>Makine performans\u0131n\u0131 ve \u00f6zelli\u011fini garanti alt\u0131na almak i\u00e7in garantili kalite<\/li><li>Farkl\u0131 m\u00fc\u015fterilerin taleplerini kar\u015f\u0131lamak i\u00e7in \u00e7e\u015fitli tar\u0131m makineleri<\/li><li>M\u00fc\u015fterilere fayda sa\u011flayacak rekabet\u00e7i fiyat<\/li><\/ul> <\/div>    <div class=\"wp-block-column is-layout-flow wp-block-column-is-layout-flow\"> <figure class=\"wp-block-gallery aligncenter columns-2 is-cropped wp-block-gallery-2 is-layout-flex wp-block-gallery-is-layout-flex\"><ul class=\"blocks-gallery-grid\"><li class=\"blocks-gallery-item\"><figure><img loading=\"lazy\" decoding=\"async\" width=\"720\" height=\"540\" src=\"https:\/\/taizyagromachine.com\/wp-content\/uploads\/2022\/01\/factory-display-why-choose-us.jpg\" alt=\"fabrika ekran\u0131\" data-id=\"1809\" data-full-url=\"https:\/\/taizyagromachine.com\/wp-content\/uploads\/2022\/01\/factory-display-why-choose-us.jpg\" data-link=\"https:\/\/taizyagromachine.com\/about\/factory-display-why-choose-us\/\" class=\"wp-image-1809\"\/><figcaption class=\"blocks-gallery-item__caption\">fabrika ekran\u0131<\/figcaption><\/figure><\/li><li class=\"blocks-gallery-item\"><figure><img loading=\"lazy\" decoding=\"async\" width=\"720\" height=\"540\" src=\"https:\/\/taizyagromachine.com\/wp-content\/uploads\/2022\/01\/150pcs-corn-sheller-to-Zimbabwe.jpg\" alt=\"Zimbabve&#039;ye 150 adet m\u0131s\u0131r soyma makinesi\" data-id=\"1810\" data-full-url=\"https:\/\/taizyagromachine.com\/wp-content\/uploads\/2022\/01\/150pcs-corn-sheller-to-Zimbabwe.jpg\" data-link=\"https:\/\/taizyagromachine.com\/about\/150pcs-corn-sheller-to-zimbabwe\/\" class=\"wp-image-1810\"\/><figcaption class=\"blocks-gallery-item__caption\">Zimbabve'ye m\u0131s\u0131r daneleme makinesi<\/figcaption><\/figure><\/li><\/ul><\/figure> <\/div> <\/div>    <h2 class=\"wp-block-heading\">Olaylar<\/h2>    <p>Henan Eyaletindeki en profesyonel tar\u0131m makinesi tedarik\u00e7ilerinden biri olarak, geli\u015fmekte olan \u00fclke pazar\u0131n\u0131 derinlemesine ara\u015ft\u0131r\u0131yor ve yerel talebi kar\u015f\u0131lamak i\u00e7in en uygun tar\u0131m makinelerini se\u00e7iyoruz. Ayr\u0131ca \u00c7in'deki ve yurt d\u0131\u015f\u0131ndaki bir\u00e7ok \u00fcnl\u00fc etkinli\u011fe kat\u0131lmaya davet ediliyoruz.  Nijerya'da 2018, Yiwu'da 2018, Nijerya'da 2019, Vietnam'da 2019 vb.<\/p>    <div class=\"wp-block-image\"><figure class=\"aligncenter size-full\"><img loading=\"lazy\" decoding=\"async\" width=\"1200\" height=\"600\" src=\"https:\/\/taizyagromachine.com\/wp-content\/uploads\/2022\/01\/events.jpg\" alt=\"olaylar\" class=\"wp-image-1820\"\/><figcaption>olaylar<\/figcaption><\/figure><\/div>    <h2 class=\"wp-block-heading\">Ayak izi<\/h2>    <p>15 y\u0131ldan fazla ihracat tecr\u00fcbemiz var. \u00dcr\u00fcnlerimiz Afrika, G\u00fcney Do\u011fu Asya ve Nijerya, Gana, Peru, Endonezya, Kongo, Etiyopya, Namibya, Fas, Botsvana vb. gibi G\u00fcney Amerika'da b\u00fcy\u00fck pop\u00fclerli\u011fe sahiptir. <\/p>    <div class=\"wp-block-image\"><figure class=\"aligncenter size-full\"><img loading=\"lazy\" decoding=\"async\" width=\"1024\" height=\"486\" src=\"https:\/\/taizyagromachine.com\/wp-content\/uploads\/2022\/01\/footprints-Taizy-Agro.jpg\" alt=\"ayak izleri\" class=\"wp-image-1805\"\/><figcaption>ayak izleri<\/figcaption><\/figure><\/div>    <h2 class=\"wp-block-heading\">Sertifika<\/h2>    <p>Firmam\u0131z ISO 9001 belgesine sahiptir ve \u00e7o\u011fu \u00fcr\u00fcn CE belgesine sahiptir. Ayr\u0131ca m\u00fc\u015fterilerin ithalat g\u00fcmr\u00fckleme i\u015flemlerini kolayca yapmalar\u0131na yard\u0131mc\u0131 olmak i\u00e7in PVOC, SONCAP, SABRE ve Tercihli C\/O'yu da alabiliriz. Her yurti\u00e7i ve yurtd\u0131\u015f\u0131 m\u00fc\u015fteriye uygun \u00fcr\u00fcnler ve tam hizmet sunmay\u0131 taahh\u00fct ediyoruz.<\/p>    <div class=\"wp-block-columns is-layout-flex wp-container-core-columns-is-layout-9d6595d7 wp-block-columns-is-layout-flex\"> <div class=\"wp-block-column is-layout-flow wp-block-column-is-layout-flow\"> <div class=\"wp-block-image\"><figure class=\"aligncenter size-full\"><img loading=\"lazy\" decoding=\"async\" width=\"2468\" height=\"3425\" src=\"https:\/\/taizyagromachine.com\/wp-content\/uploads\/2022\/01\/PVOC-.jpg\" alt=\"PVOC\" class=\"wp-image-1832\"\/><figcaption>PVOC<\/figcaption><\/figure><\/div> <\/div>    <div class=\"wp-block-column is-layout-flow wp-block-column-is-layout-flow\"> <div class=\"wp-block-image\"><figure class=\"aligncenter size-full\"><img loading=\"lazy\" decoding=\"async\" width=\"2468\" height=\"3425\" src=\"https:\/\/taizyagromachine.com\/wp-content\/uploads\/2022\/01\/SONCAP-.jpg\" alt=\"SONCAP\" class=\"wp-image-1833\"\/><figcaption>SONCAP<\/figcaption><\/figure><\/div> <\/div>    <div class=\"wp-block-column is-layout-flow wp-block-column-is-layout-flow\"> <div class=\"wp-block-image\"><figure class=\"aligncenter size-full\"><img loading=\"lazy\" decoding=\"async\" width=\"2468\" height=\"3425\" src=\"https:\/\/taizyagromachine.com\/wp-content\/uploads\/2022\/01\/ISO9001-.jpg\" alt=\"ISO9001\" class=\"wp-image-1834\"\/><figcaption>ISO9001<\/figcaption><\/figure><\/div> <\/div> <\/div>    <p><\/p>","protected":false},"excerpt":{"rendered":"<p>As a leading and professional agricultural machines manufacturer and provider, Taizy Agro Machine Co., Ltd, we consider &#8220;For Farmers, For Agriculture, For Better Life&#8221; as our slogan to serve our customers. Besides, we have rich experience in exporting agricultural machines for more than 15 years. Our main products include Rice Mill, Corn Machine, Rice and [&hellip;]<\/p>\n","protected":false},"author":1,"featured_media":0,"parent":0,"menu_order":0,"comment_status":"closed","ping_status":"closed","template":"","meta":{"footnotes":""},"class_list":["post-11","page","type-page","status-publish","hentry"],"_links":{"self":[{"href":"https:\/\/taizyagromachine.com\/tr\/wp-json\/wp\/v2\/pages\/11","targetHints":{"allow":["GET"]}}],"collection":[{"href":"https:\/\/taizyagromachine.com\/tr\/wp-json\/wp\/v2\/pages"}],"about":[{"href":"https:\/\/taizyagromachine.com\/tr\/wp-json\/wp\/v2\/types\/page"}],"author":[{"embeddable":true,"href":"https:\/\/taizyagromachine.com\/tr\/wp-json\/wp\/v2\/users\/1"}],"replies":[{"embeddable":true,"href":"https:\/\/taizyagromachine.com\/tr\/wp-json\/wp\/v2\/comments?post=11"}],"version-history":[{"count":0,"href":"https:\/\/taizyagromachine.com\/tr\/wp-json\/wp\/v2\/pages\/11\/revisions"}],"wp:attachment":[{"href":"https:\/\/taizyagromachine.com\/tr\/wp-json\/wp\/v2\/media?parent=11"}],"curies":[{"name":"wp","href":"https:\/\/api.w.org\/{rel}","templated":true}]}}