{"id":1131,"date":"2021-12-01T09:41:24","date_gmt":"2021-12-01T09:41:24","guid":{"rendered":"https:\/\/taizyagromachine.com\/?p=1131"},"modified":"2022-09-29T11:31:03","modified_gmt":"2022-09-29T03:31:03","slug":"18tpd-automatic-rice-mill-production-line","status":"publish","type":"product","link":"https:\/\/taizyagromachine.com\/tr\/product\/18tpd-automatic-rice-mill-production-line\/","title":{"rendered":"18TPD Otomatik Pirin\u00e7 De\u011firmeni \u00dcretim Hatt\u0131"},"content":{"rendered":"<p class=\"translation-block\"><strong>18TPD otomatik pirin\u00e7 i\u015fleme \u00fcretim hatt\u0131<\/strong>, \u00e7eltik pirinci beyaz pirince i\u015flemek i\u00e7in pratik bir \u00fcretim hatt\u0131d\u0131r. \u00c7\u0131kt\u0131s\u0131 saatte 700-800 kg'd\u0131r. Tam otomasyon sa\u011flayan eksiksiz bir pirin\u00e7 i\u015fleme tesisidir. Hem yuvarlak hem de uzun \u00e7eltik pirinci kullanabilir, sadece farkl\u0131 pirin\u00e7 i\u015fleme makineleri se\u00e7erek. Tek bir hatta temizleme, ta\u015f ay\u0131rma, kabuk soyma, ay\u0131rma, i\u015fleme, parlatma, ay\u0131klama, s\u0131n\u0131fland\u0131rma, depolama ve paketleme yapar. \u0130lgileniyor musunuz? L\u00fctfen bizimle ileti\u015fime ge\u00e7in. Ger\u00e7ek gereksinimlerinize g\u00f6re uygun \u00e7\u00f6z\u00fcmler sunaca\u011f\u0131z.<\/p>   <div class=\"wp-block-image\"> <figure class=\"aligncenter size-full\"><img loading=\"lazy\" decoding=\"async\" width=\"720\" height=\"540\" src=\"https:\/\/taizyagromachine.com\/wp-content\/uploads\/2022\/01\/18t-rice-mill-production-line.jpg\" alt=\"18 tonluk pirin\u00e7 de\u011firmeni \u00fcretim hatt\u0131\" class=\"wp-image-1780\"\/><figcaption>18 tonluk pirin\u00e7 de\u011firmeni \u00fcretim hatt\u0131<\/figcaption><\/figure> <\/div>   <h2 class=\"wp-block-heading\" id=\"overview-of-modern-18tpd-rice-mill-production-line\"><strong>Modern 18TPD Pirin\u00e7 De\u011firmeni \u00dcretim Hatt\u0131na Genel Bak\u0131\u015f<\/strong><\/h2>   <div class=\"wp-block-image\"> <figure class=\"aligncenter size-full\"><img loading=\"lazy\" decoding=\"async\" width=\"720\" height=\"400\" src=\"https:\/\/taizyagromachine.com\/wp-content\/uploads\/2022\/01\/18t-display.jpg\" alt=\"18 tpd komple \u00fcretim hatt\u0131 \" class=\"wp-image-1781\"\/><figcaption>18 tpd komple \u00fcretim hatt\u0131 <\/figcaption><\/figure> <\/div>   <h2 class=\"wp-block-heading\" id=\"structure-of-18tpd-fully-automatic-rice-mill-production-line\"><strong>18TPD Tam Otomatik Pirin\u00e7 De\u011firmeni \u00dcretim Hatt\u0131n\u0131n Yap\u0131s\u0131<\/strong><\/h2>    <p class=\"translation-block\">Bu pirin\u00e7 i\u015fleme \u00fcretim hatt\u0131, kombine temizleyici ve ta\u015f ay\u0131r\u0131c\u0131, pirin\u00e7 kabu\u011fu soyucu, yer\u00e7ekimi ay\u0131r\u0131c\u0131, birinci pirin\u00e7 i\u015fleyici, manyetik ay\u0131r\u0131c\u0131, ikinci pirin\u00e7 i\u015fleyici, su ile pirin\u00e7 parlat\u0131c\u0131, <a href=\"https:\/\/en.wikipedia.org\/wiki\/Colour_sorter\" target=\"_blank\" rel=\"noreferrer noopener\">renk ay\u0131r\u0131c\u0131<\/a>, pirin\u00e7 s\u0131n\u0131fland\u0131r\u0131c\u0131, depolama silosu, tart\u0131m ve paketleme makinesini i\u00e7erir.<\/p>   <div class=\"wp-block-image\"> <figure class=\"aligncenter size-full\"><img loading=\"lazy\" decoding=\"async\" width=\"720\" height=\"300\" src=\"https:\/\/taizyagromachine.com\/wp-content\/uploads\/2022\/01\/18t-drawing.jpg\" alt=\"yap\u0131-18tpd otomatik pirin\u00e7 de\u011firmeni tesisi\" class=\"wp-image-1783\"\/><figcaption>yap\u0131-18tpd otomatik pirin\u00e7 de\u011firmeni tesisi<\/figcaption><\/figure> <\/div>   <h2 class=\"wp-block-heading\" id=\"why-choose-rice-mill-machine-twice\"><strong>Neden Pirin\u00e7 De\u011firmeni Makinesini \u0130ki Kez Se\u00e7melisiniz?<\/strong><\/h2>    <p>18T\/D tam otomatik pirin\u00e7 de\u011firmeni \u00fcretim hatt\u0131nda birinci pirin\u00e7 \u00f6\u011f\u00fctme ve ikinci pirin\u00e7 \u00f6\u011f\u00fctme i\u015fleminin bulundu\u011funu g\u00f6r\u00fcyoruz. Sebepler a\u015fa\u011f\u0131daki gibidir:<\/p>    <ol class=\"wp-block-list\" type=\"1\"><li>D\u00fc\u015f\u00fck k\u0131r\u0131lma. \u0130ki kez pirin\u00e7 \u00f6\u011f\u00fctmeyi benimsemek, k\u0131r\u0131k pirin\u00e7 oran\u0131n\u0131 b\u00fcy\u00fck \u00f6l\u00e7\u00fcde azalt\u0131r ve y\u00fcksek kaliteli beyaz pirin\u00e7 elde edebilirsiniz.<\/li><li>B\u00fcy\u00fck \u00e7\u0131kt\u0131. \u0130ki pirin\u00e7 de\u011firmeni makinesi, pirinci kesintisiz olarak \u00f6\u011f\u00fctebilir.<\/li><\/ol>    <h2 class=\"wp-block-heading\" id=\"spare-parts-list-necessary-parts-for-1-production-line-in-one-year\"><strong>Yedek Par\u00e7a Listesi (1 adet otomatik pirin\u00e7 fabrikas\u0131 \u00fcretim hatt\u0131n\u0131n 1 y\u0131ll\u0131k ihtiyac\u0131 i\u00e7in gerekli par\u00e7alar)<\/strong><\/h2>    <figure class=\"wp-block-table is-style-stripes\"><table><tbody><tr><td>G\/G<\/td><td>Makine<\/td><td>\u0130sim<\/td><td>Adet<\/td><\/tr><tr><td>1<\/td><td>Paddy Rice Kabu\u011fu i\u00e7in yedek par\u00e7alar<\/td><td>Kau\u00e7uk rulo<\/td><td>4 adet<\/td><\/tr><tr><td>2<\/td><td>Birinci Pirin\u00e7 De\u011firmeni yedek par\u00e7alar\u0131<\/td><td>Elek<\/td><td>8 adet<\/td><\/tr><tr><td>3<\/td><td>Birinci Pirin\u00e7 De\u011firmeni yedek par\u00e7alar\u0131<\/td><td>Bas\u0131n \u00e7ubu\u011fu<\/td><td>16 adet<\/td><\/tr><tr><td>4<\/td><td>Birinci Pirin\u00e7 De\u011firmeni yedek par\u00e7alar\u0131<\/td><td>Z\u0131mpara silindiri<\/td><td>1 adet<\/td><\/tr><tr><td>5<\/td><td>Birinci Pirin\u00e7 De\u011firmeni yedek par\u00e7alar\u0131<\/td><td>Vida<\/td><td>2 adet<\/td><\/tr><tr><td>6<\/td><td>\u0130kinci Pirin\u00e7 De\u011firmeni yedek par\u00e7alar\u0131<\/td><td>Elek<\/td><td>12 adet<\/td><\/tr><tr><td>7<\/td><td>\u0130kinci Pirin\u00e7 De\u011firmeni yedek par\u00e7alar\u0131<\/td><td>Bas\u0131n \u00e7ubu\u011fu<\/td><td>6 adet<\/td><\/tr><tr><td>8<\/td><td>\u0130kinci Pirin\u00e7 De\u011firmeni yedek par\u00e7alar\u0131<\/td><td>Z\u0131mpara silindiri<\/td><td>1 adet<\/td><\/tr><tr><td>9<\/td><td>\u0130kinci Pirin\u00e7 De\u011firmeni yedek par\u00e7alar\u0131<\/td><td>Vida<\/td><td>2 adet<\/td><\/tr><\/tbody><\/table><\/figure>    <h2 class=\"wp-block-heading\" id=\"features-of-18t-rice-mill-plant-production-line\"><strong>18 ton Pirin\u00e7 De\u011firmeni Fabrikas\u0131 \u00dcretim Hatt\u0131n\u0131n \u00d6zellikleri<\/strong><\/h2>    <ul class=\"wp-block-list\" type=\"1\"><li>Kararl\u0131 performans, kompakt yap\u0131 ve s\u00fcper kalite.<\/li><li>Daha az k\u0131r\u0131k pirin\u00e7. \u00c7\u00fcnk\u00fc bu otomatik pirin\u00e7 de\u011firmeni \u00fcretim hatt\u0131nda iki pirin\u00e7 \u00f6\u011f\u00fctme makinesi bulunmaktad\u0131r.<\/li><li>Kolay kullan\u0131m, y\u00fcksek pirin\u00e7 hassasiyeti ve uygun bak\u0131m.<\/li><li>T\u00fcm yedek par\u00e7alar y\u00fcksek kaliteli, dayan\u0131kl\u0131 ve g\u00fcvenilir malzemelerden yap\u0131lm\u0131\u015ft\u0131r.<\/li><li>\u0130\u015f\u00e7ilikten tasarruf edin ve i\u015f verimlili\u011fini art\u0131r\u0131n. Depolama kutusu sayesinde i\u015f\u00e7ilerin paketleme i\u00e7in uzun s\u00fcre beklemesine gerek kalm\u0131yor. Belirli bir miktar kadar depolama yap\u0131ld\u0131ktan sonra verimli bir \u015fekilde paket \u00e7al\u0131\u015fmalar\u0131na ba\u015flanabilir.<\/li><\/ul>    <h2 class=\"wp-block-heading\" id=\"differences-between-15t-and-18t-rice-mill-production-line\"><strong>15t ve 18t Otomatik Pirin\u00e7 De\u011firmeni \u00dcretim hatt\u0131 aras\u0131ndaki farklar<\/strong><\/h2>    <ol class=\"wp-block-list\" type=\"1\"><li>\u00c7\u0131k\u0131\u015f. A\u00e7\u0131k\u00e7as\u0131, \u00e7\u0131kt\u0131 farkl\u0131d\u0131r. Biri g\u00fcnde 15 ton, di\u011feri ise g\u00fcnde 18 ton.<\/li><li>Su ile pirin\u00e7 parlat\u0131c\u0131. Nazaran <a href=\"https:\/\/taizyagromachine.com\/tr\/product\/15tpd-complete-rice-mill-production-line\/\" target=\"_blank\" rel=\"noreferrer noopener\">15t pirin\u00e7 de\u011firmeni tesisi \u00fcretim hatt\u0131<\/a>18 tonluk komple \u00fcretim hatt\u0131nda su ile pirin\u00e7 parlat\u0131c\u0131 bulunmaktad\u0131r. Beyaz pirinci sprey su ile parlatarak daha beyaz ve hafif olmas\u0131n\u0131 sa\u011flar.<\/li><\/ol>    <h2 class=\"wp-block-heading\" id=\"why-choose-us\"><strong>Neden Bizi Se\u00e7melisiniz?<\/strong><strong><\/strong><\/h2>    <p class=\"translation-block\">Biz, <a href=\"https:\/\/taizyagromachine.com\/tr\/\" target=\"_blank\" rel=\"noreferrer noopener\">Taizy Company<\/a>, deneyimli bir tar\u0131m makinesi \u00fcreticisi ve tedarik\u00e7isiyiz. Sadece bir dizi pirin\u00e7 i\u015fleme tesisi de\u011fil, ayn\u0131 zamanda balya makinesi, m\u0131s\u0131r ekme makinesi, <a href=\"https:\/\/taizyagromachine.com\/tr\/product\/nursery-transplanter\/\" target=\"_blank\" rel=\"noreferrer noopener\">sebze ekme makinesi<\/a> vb. de sa\u011fl\u0131yoruz. Bunun nedeni a\u015fa\u011f\u0131daki avantajlara sahip olmam\u0131zd\u0131r:<\/p>    <ol class=\"wp-block-list\" type=\"1\"><li>Marka etkisi.<\/li><li>Sat\u0131\u015f sonras\u0131 servis.<\/li><li>Profesyonel ve yetenekli memurlar.<\/li><\/ol>   <div class=\"wp-block-image\"> <figure class=\"aligncenter size-full\"><img loading=\"lazy\" decoding=\"async\" width=\"720\" height=\"400\" src=\"https:\/\/taizyagromachine.com\/wp-content\/uploads\/2022\/01\/18t-company-factory-strength.jpg\" alt=\"\u015firket fabrika g\u00fcc\u00fc\" class=\"wp-image-1784\"\/><figcaption>\u015firket fabrika g\u00fcc\u00fc<\/figcaption><\/figure> <\/div>   <h2 class=\"wp-block-heading\" id=\"successful-case-4-sets-18tpd-rice-mill-plants-to-burkina-faso\"><strong>Ba\u015far\u0131l\u0131 Durum: Burkina Faso'ya 4 Tak\u0131m 18TPD Pirin\u00e7 De\u011firmeni Tesisi<\/strong><\/h2>    <p>Bu y\u0131l Burkina Faso'dan bir m\u00fc\u015fteri otomatik pirin\u00e7 de\u011firmeni \u00fcretim hatt\u0131n\u0131 sordu. B\u00fcy\u00fck \u00f6l\u00e7ekli bir fabrika i\u015fletiyor ve gerekli \u00fcretim saatte 700-800 kg'd\u0131. Ayr\u0131ca y\u00fcksek kaliteli beyaz pirincin de sat\u0131l\u0131k olmas\u0131n\u0131 istiyordu. Bu nedenle sat\u0131\u015f m\u00fcd\u00fcr\u00fcm\u00fcz Emily, i\u015fini tatmin etmek i\u00e7in 18TPD Pirin\u00e7 De\u011firmeni \u00dcretim hatt\u0131n\u0131 \u00f6nerdi. \u00dcretim hatt\u0131n\u0131 inceledi ve \u00e7ok memnun kald\u0131. Bir keresinde 4 tak\u0131m sipari\u015f etmi\u015fti. Eyl\u00fcl ay\u0131nda da \u00fclkesi Burkina Faso'ya ba\u015far\u0131yla ihracat ger\u00e7ekle\u015ftirdik. Makineleri teslim ald\u0131 ve bize g\u00fczel geri d\u00f6n\u00fc\u015fler geldi.<\/p>   <div class=\"wp-block-image\"> <figure class=\"aligncenter size-full\"><img loading=\"lazy\" decoding=\"async\" width=\"720\" height=\"540\" src=\"https:\/\/taizyagromachine.com\/wp-content\/uploads\/2022\/01\/loading-into-container-18t.jpg\" alt=\"y\u00fckleniyor\" class=\"wp-image-1786\"\/><figcaption>y\u00fckleniyor<\/figcaption><\/figure> <\/div>","protected":false},"excerpt":{"rendered":"<p>18TPD automatic rice mill production line\u00a0is a practical production line to process the paddy rice into white rice. Its output is 700-800kg per hour. It\u2019s a complete rice mill plant, realizing full automation. Both round-shaped and long-shaped paddy rice can use, just choosing different rice millers. It can clean, de-stone, hull, separate, mill, polish, sort, [&hellip;]<\/p>\n","protected":false},"author":1,"featured_media":2077,"parent":0,"template":"","tags":[54,58,53,49,35,56,37,57,48],"product-type":[27],"class_list":["post-1131","product","type-product","status-publish","has-post-thumbnail","hentry","tag-18tpd","tag-18tpd-rice-mill-production-line","tag-automatic-rice-mill-production-line","tag-complete-rice-milling-plant","tag-rice-mill","tag-rice-mill-machine","tag-rice-mill-plant","tag-rice-milling-machine","tag-rice-milling-plant-for-sale","product-type-solutions"],"_links":{"self":[{"href":"https:\/\/taizyagromachine.com\/tr\/wp-json\/wp\/v2\/product\/1131","targetHints":{"allow":["GET"]}}],"collection":[{"href":"https:\/\/taizyagromachine.com\/tr\/wp-json\/wp\/v2\/product"}],"about":[{"href":"https:\/\/taizyagromachine.com\/tr\/wp-json\/wp\/v2\/types\/product"}],"author":[{"embeddable":true,"href":"https:\/\/taizyagromachine.com\/tr\/wp-json\/wp\/v2\/users\/1"}],"wp:featuredmedia":[{"embeddable":true,"href":"https:\/\/taizyagromachine.com\/tr\/wp-json\/wp\/v2\/media\/2077"}],"wp:attachment":[{"href":"https:\/\/taizyagromachine.com\/tr\/wp-json\/wp\/v2\/media?parent=1131"}],"wp:term":[{"taxonomy":"post_tag","embeddable":true,"href":"https:\/\/taizyagromachine.com\/tr\/wp-json\/wp\/v2\/tags?post=1131"},{"taxonomy":"product-type","embeddable":true,"href":"https:\/\/taizyagromachine.com\/tr\/wp-json\/wp\/v2\/product-type?post=1131"}],"curies":[{"name":"wp","href":"https:\/\/api.w.org\/{rel}","templated":true}]}}