{"id":1133,"date":"2021-12-01T09:41:58","date_gmt":"2021-12-01T09:41:58","guid":{"rendered":"https:\/\/taizyagromachine.com\/?p=1133"},"modified":"2022-09-29T13:55:04","modified_gmt":"2022-09-29T05:55:04","slug":"20tpd-rice-mill-plant","status":"publish","type":"product","link":"https:\/\/taizyagromachine.com\/tr\/product\/20tpd-rice-mill-plant\/","title":{"rendered":"20TPD Pirin\u00e7 \u00d6\u011f\u00fctme Tesisi"},"content":{"rendered":"<p class=\"translation-block\"><strong>20TPD pirin\u00e7 de\u011firmeni tesisi<\/strong>, beyaz pirinci beyaz pirince i\u015fleyerek g\u00fcnl\u00fck 20 t \u00fcretmektedir. Bu temel tip, besleme haznesi, vinc, ay\u0131r\u0131c\u0131, pirin\u00e7 de\u011firmeni, yer\u00e7ekimi ay\u0131r\u0131c\u0131 ve<strong> <\/strong>pirin\u00e7 de\u011firmeni dahil olmak \u00fczere tam otomatik bir pirin\u00e7 de\u011firmeni tesisidir. Sadece yenilebilir beyaz pirin\u00e7 \u00fcreten temel bir \u00fcretim hatt\u0131d\u0131r; Nijerya taraf\u0131ndan \u00f6zellikle iyi kar\u015f\u0131lanmaktad\u0131r. \u00c7ift\u00e7iler, \u015firketler veya fabrikalar bu birle\u015fik pirin\u00e7 de\u011firmeni tesisini i\u015flerini fayda sa\u011flamak i\u00e7in sat\u0131n alabilirler. Bu t\u00fcr bir makineyle ilgileniyor musunuz? Sorgunuz i\u00e7in sab\u0131rs\u0131zlan\u0131yoruz!<\/p>    <h2 class=\"wp-block-heading\" id=\"h-working-flow\"><strong>\u00c7al\u0131\u015fma Ak\u0131\u015f\u0131<\/strong><strong><\/strong><\/h2>    <ol class=\"wp-block-list\" type=\"1\"><li>\u00c7eltik pirincini hazneye besleyin. Daha sonra temizleyici arac\u0131l\u0131\u011f\u0131yla yabanc\u0131 maddeleri giderin. \u00c7eltik pirinci asans\u00f6rle ta\u015f ay\u0131r\u0131c\u0131ya ula\u015f\u0131r.<\/li><li>Ta\u015f ay\u0131r\u0131c\u0131, \u00e7eltik pirincinde mevcut olan ta\u015f\u0131 ve yabanc\u0131 maddeleri temizleyecektir. Daha sonra \u00e7eltik pirinci \u00e7ift asans\u00f6rden ge\u00e7erek <a href=\"https:\/\/en.wikipedia.org\/wiki\/Rice_huller\" target=\"_blank\" rel=\"noreferrer noopener\">pirin\u00e7 ay\u0131klay\u0131c\u0131<\/a>.<\/li><li>Pirin\u00e7 soyucu \u00e7eltik pirincinin kabu\u011funu \u00e7\u0131karacakt\u0131r. Bir sonraki ad\u0131m, \u00e7eltik pirincini ve kahverengi pirinci ay\u0131ran yer\u00e7ekimi ay\u0131r\u0131c\u0131s\u0131na gitmektir. Kahverengi pirin\u00e7, pirin\u00e7 \u00f6\u011f\u00fctme makinesine gelirken, \u00e7eltik pirinci, pirin\u00e7 soyucuya geri d\u00f6necektir.<\/li><li>Pirin\u00e7 \u00f6\u011f\u00fctme makinesi kahverengi pirinci beyaz pirin\u00e7 haline getirecek \u015fekilde \u00f6\u011f\u00fct\u00fclecektir. Daha sonra not verme ekran\u0131na gelin. Son olarak nitelikli beyaz pirinci al\u0131n.<\/li><\/ol>    <figure class=\"wp-block-embed is-type-video is-provider-youtube wp-block-embed-youtube wp-embed-aspect-16-9 wp-has-aspect-ratio\"><div class=\"wp-block-embed__wrapper\"> <iframe loading=\"lazy\" title=\"20T\/D pirin\u00e7 fabrikas\u0131 tesisi tam otomatik pirin\u00e7 i\u015fleme makinesi sat\u0131l\u0131k entegre pirin\u00e7 fabrikas\u0131 tesisi\" width=\"500\" height=\"281\" src=\"https:\/\/www.youtube.com\/embed\/mmUFiYX-sAg?feature=oembed\" frameborder=\"0\" allow=\"accelerometer; autoplay; clipboard-write; encrypted-media; gyroscope; picture-in-picture; web-share\" referrerpolicy=\"strict-origin-when-cross-origin\" allowfullscreen><\/iframe> <\/div><\/figure>    <h2 class=\"wp-block-heading\" id=\"h-structure-of-20tpd-rice-mill-plant-for-sale\"><strong>Sat\u0131l\u0131k 20TPD Pirin\u00e7 De\u011firmeni Tesisinin Yap\u0131s\u0131<\/strong><\/h2>    <p>Bu 20 tonluk pirin\u00e7 \u00f6\u011f\u00fctme ekipman\u0131n\u0131n a\u015fa\u011f\u0131da listelenen birka\u00e7 par\u00e7as\u0131 vard\u0131r:<\/p>   <div class=\"wp-block-image\"> <figure class=\"aligncenter size-full\"><img loading=\"lazy\" decoding=\"async\" width=\"720\" height=\"540\" src=\"https:\/\/taizyagromachine.com\/wp-content\/uploads\/2022\/02\/structure-of-20tpd-rice-mill-plant.jpg\" alt=\"20 tonluk pirin\u00e7 de\u011firmeni tesisinin yap\u0131s\u0131\" class=\"wp-image-2167\" srcset=\"https:\/\/taizyagromachine.com\/wp-content\/uploads\/2022\/02\/structure-of-20tpd-rice-mill-plant.jpg 720w, https:\/\/taizyagromachine.com\/wp-content\/uploads\/2022\/02\/structure-of-20tpd-rice-mill-plant-300x225.jpg 300w\" sizes=\"auto, (max-width: 720px) 100vw, 720px\" \/><figcaption>20 tonluk pirin\u00e7 de\u011firmeni tesisinin yap\u0131s\u0131<\/figcaption><\/figure> <\/div>   <h2 class=\"wp-block-heading\" id=\"h-machine-details\"><strong>Makine Detaylar\u0131 <\/strong><\/h2>    <figure class=\"wp-block-gallery aligncenter has-nested-images columns-default is-cropped wp-block-gallery-2 is-layout-flex wp-block-gallery-is-layout-flex\"> <figure class=\"wp-block-image size-large\"><img loading=\"lazy\" decoding=\"async\" width=\"720\" height=\"540\" data-id=\"1751\" src=\"https:\/\/taizyagromachine.com\/wp-content\/uploads\/2022\/01\/destoner-screen.jpg\" alt=\"ta\u015f ay\u0131r\u0131c\u0131 ekran\" class=\"wp-image-1751\"\/><figcaption>ta\u015f ay\u0131r\u0131c\u0131 ekran<\/figcaption><\/figure>    <figure class=\"wp-block-image size-large\"><img loading=\"lazy\" decoding=\"async\" width=\"720\" height=\"540\" data-id=\"1752\" src=\"https:\/\/taizyagromachine.com\/wp-content\/uploads\/2022\/01\/control-cabinet.jpg\" alt=\"kontrol kabini\" class=\"wp-image-1752\"\/><figcaption>kontrol kabini<\/figcaption><\/figure> <\/figure>    <h2 class=\"wp-block-heading\" id=\"h-features-of-20tpd-modern-rice-milling-plant\"><strong>20TPD Modern Pirin\u00e7 De\u011firmen Tesisinin \u00d6zellikleri<\/strong><\/h2>    <ul class=\"wp-block-list\" type=\"1\"><li>Temizleme ekran\u0131n\u0131n k\u0131sm\u0131, d\u00f6ner i\u015flemi, p\u00fcr\u00fczs\u00fcz temizleme yolunu, uzun temizleme etkisini benimser.<\/li><li>Ta\u015f ay\u0131r\u0131c\u0131, benzersiz iletim modunu ve uzun makine \u00f6mr\u00fcn\u00fc benimser.<\/li><li>Pirin\u00e7 kabu\u011fu, kay\u0131\u015fla tahrik edilir, e\u011fik di\u015f y\u00fczeyi ters \u00e7evrilir, d\u00fc\u015f\u00fck g\u00fcr\u00fclt\u00fc ve istikrarl\u0131 performans.<\/li><li>Pirin\u00e7 \u00f6\u011f\u00fctme makinesi g\u00fc\u00e7l\u00fc \u00e7eki\u015fle \u00e7al\u0131\u015ft\u0131r\u0131l\u0131r, pirin\u00e7 kepe\u011fi tozu i\u00e7eri\u011fi azd\u0131r, s\u0131cakl\u0131k d\u00fc\u015f\u00fckt\u00fcr.<\/li><li>Pirin\u00e7 kabu\u011fu \u00e7\u0131kar\u0131c\u0131, pirin\u00e7 de\u011firmencisi vb. gibi tek makinelerden olu\u015fan eksiksiz bir pirin\u00e7 \u00f6\u011f\u00fctme ekipman\u0131 seti.<\/li><\/ul>    <h2 class=\"wp-block-heading\" id=\"h-finished-products-effect-of-automatic-rice-processing-plant\"><strong>Otomatik R'nin Bitmi\u015f \u00dcr\u00fcnler Etkisi<\/strong><strong>buz <\/strong><strong>P<\/strong><strong>i\u015fleme <\/strong><strong>P<\/strong><strong>lan<\/strong><strong><\/strong><\/h2>    <p>A\u015fa\u011f\u0131daki resimlerden \u00e7eltik pirincinin bir dizi i\u015flemden sonra beyaz pirin\u00e7 haline geldi\u011fi a\u00e7\u0131k\u00e7a g\u00f6r\u00fclmektedir.<\/p>   <div class=\"wp-block-image\"> <figure class=\"aligncenter size-full\"><img loading=\"lazy\" decoding=\"async\" width=\"720\" height=\"540\" src=\"https:\/\/taizyagromachine.com\/wp-content\/uploads\/2022\/01\/finished-products.jpg\" alt=\"bitmi\u015f \u00fcr\u00fcnler\" class=\"wp-image-1753\"\/><figcaption>bitmi\u015f \u00fcr\u00fcnler<\/figcaption><\/figure> <\/div>   <h2 class=\"wp-block-heading\" id=\"h-rice-mill-plant-applications\"><strong>Pirin\u00e7 De\u011firmeni Tesisi Uygulamalar\u0131<\/strong><strong><\/strong><\/h2>    <ol class=\"wp-block-list\" type=\"1\"><li>Tar\u0131m arazileri.<\/li><li>Kasabalar.<\/li><li>Tah\u0131l d\u00fckkan\u0131.<\/li><li>Uzmanla\u015fm\u0131\u015f evler.<\/li><\/ol>    <h2 class=\"wp-block-heading\" id=\"h-differences-between-15t-rice-mill-plant-and-20t-rice-mill-plant\"><strong>15TPD Pirin\u00e7 De\u011firmeni Tesisi ile 20TPD Pirin\u00e7 De\u011firmeni Tesisi aras\u0131ndaki farklar<\/strong><\/h2>    <p class=\"translation-block\"><span>Taizy Tar\u0131m Makineleri \u015eirketi<\/span> <a href=\"https:\/\/taizyagromachine.com\/tr\/\" target=\"_blank\" rel=\"noreferrer noopener\">Taizy Machinery Company<\/a>'de, temel t\u00fcre g\u00f6re, 15t pirin\u00e7 de\u011firmeni tesisi 20t pirin\u00e7 de\u011firmeni ekipman\u0131ndan farkl\u0131d\u0131r.<\/p>    <ol class=\"wp-block-list\" type=\"1\"><li>\u00c7\u0131k\u0131\u015f. Bu iki tesisin \u00fcretim farkl\u0131l\u0131klar\u0131n\u0131n oldu\u011fu \u00e7ok belirgindir. 15 tonluk komple pirin\u00e7 \u00f6\u011f\u00fctme tesisi saatte 600-700 kg, 20 tonluk otomatik pirin\u00e7 de\u011firmeni tesisi ise saatte 800-1000 kg'd\u0131r.<\/li><li>Yap\u0131land\u0131rma. 15 tonluk entegre pirin\u00e7 de\u011firmeni \u00fcretim hatt\u0131yla kar\u015f\u0131la\u015ft\u0131r\u0131ld\u0131\u011f\u0131nda, 20 tonluk pirin\u00e7 \u00f6\u011f\u00fctme tesisi temizleyiciye ve kabine sahiptir.<\/li><li>Boyut. 20t'lik komple pirin\u00e7 \u00f6\u011f\u00fctme ekipman\u0131 seti daha b\u00fcy\u00fck bir boyuta sahiptir.<\/li><\/ol>    <h2 class=\"wp-block-heading\" id=\"h-related-machines\"><strong>\u0130lgili Makineler<\/strong><strong><\/strong><\/h2>    <figure class=\"wp-block-gallery aligncenter has-nested-images columns-default is-cropped wp-block-gallery-3 is-layout-flex wp-block-gallery-is-layout-flex\"> <figure class=\"wp-block-image size-large\"><img loading=\"lazy\" decoding=\"async\" width=\"720\" height=\"540\" data-id=\"1756\" src=\"https:\/\/taizyagromachine.com\/wp-content\/uploads\/2022\/01\/15tpd-rice-milling.jpg\" alt=\"15 tpd pirin\u00e7 \u00f6\u011f\u00fctme tesisi\" class=\"wp-image-1756\"\/><figcaption>15 tpd pirin\u00e7 \u00f6\u011f\u00fctme tesisi<\/figcaption><\/figure>    <figure class=\"wp-block-image size-large\"><img loading=\"lazy\" decoding=\"async\" width=\"720\" height=\"540\" data-id=\"1758\" src=\"https:\/\/taizyagromachine.com\/wp-content\/uploads\/2022\/01\/30tpd-rice-milling.jpg\" alt=\"30 ton\/g\u00fcnl\u00fck pirin\u00e7 \u00f6\u011f\u00fctme tesisi\" class=\"wp-image-1758\"\/><figcaption>30 ton\/g\u00fcnl\u00fck pirin\u00e7 \u00f6\u011f\u00fctme tesisi<\/figcaption><\/figure> <\/figure>","protected":false},"excerpt":{"rendered":"<p>20TPD rice milling plant\u00a0is processing the paddy rice into white rice, production of 20t per day. This is the basic type, including the feed hopper, elevator, destoner, rice huller, gravity separator, and rice miller. It\u2019s fully automatic rice milling plant, producing satisfied edible white rice. It\u2019s a basic production line for processing white rice, especially [&hellip;]<\/p>\n","protected":false},"author":1,"featured_media":2165,"parent":0,"template":"","tags":[49,35,56,37,57,48],"product-type":[18],"class_list":["post-1133","product","type-product","status-publish","has-post-thumbnail","hentry","tag-complete-rice-milling-plant","tag-rice-mill","tag-rice-mill-machine","tag-rice-mill-plant","tag-rice-milling-machine","tag-rice-milling-plant-for-sale","product-type-rice-mill"],"_links":{"self":[{"href":"https:\/\/taizyagromachine.com\/tr\/wp-json\/wp\/v2\/product\/1133","targetHints":{"allow":["GET"]}}],"collection":[{"href":"https:\/\/taizyagromachine.com\/tr\/wp-json\/wp\/v2\/product"}],"about":[{"href":"https:\/\/taizyagromachine.com\/tr\/wp-json\/wp\/v2\/types\/product"}],"author":[{"embeddable":true,"href":"https:\/\/taizyagromachine.com\/tr\/wp-json\/wp\/v2\/users\/1"}],"wp:featuredmedia":[{"embeddable":true,"href":"https:\/\/taizyagromachine.com\/tr\/wp-json\/wp\/v2\/media\/2165"}],"wp:attachment":[{"href":"https:\/\/taizyagromachine.com\/tr\/wp-json\/wp\/v2\/media?parent=1133"}],"wp:term":[{"taxonomy":"post_tag","embeddable":true,"href":"https:\/\/taizyagromachine.com\/tr\/wp-json\/wp\/v2\/tags?post=1133"},{"taxonomy":"product-type","embeddable":true,"href":"https:\/\/taizyagromachine.com\/tr\/wp-json\/wp\/v2\/product-type?post=1133"}],"curies":[{"name":"wp","href":"https:\/\/api.w.org\/{rel}","templated":true}]}}