{"id":1135,"date":"2021-12-02T03:26:04","date_gmt":"2021-12-02T03:26:04","guid":{"rendered":"https:\/\/taizyagromachine.com\/?p=1135"},"modified":"2022-11-22T10:32:14","modified_gmt":"2022-11-22T02:32:14","slug":"vegetable-seed-planter","status":"publish","type":"product","link":"https:\/\/taizyagromachine.com\/tr\/product\/vegetable-seed-planter\/","title":{"rendered":"Sebze Tohumu Ekici"},"content":{"rendered":"<p class=\"translation-block\"><strong>Meyve Tohumu Ekme Makinesi<\/strong> \u00e7e\u015fitli sebze tohumlar\u0131n\u0131 ekmek i\u00e7in tasarlanm\u0131\u015ft\u0131r. Uygulamalar\u0131, pancar tohumu, lahana tohumu, brokoli tohumu, hardal tohumu vb. gibi neredeyse t\u00fcm sebze tohumlar\u0131n\u0131 kapsar. Bu sebze tohumu ekme makinesi \u00e7ok basit bir yap\u0131ya, kolay kullan\u0131ma ve uzun hizmet \u00f6mr\u00fcne sahiptir. Ayr\u0131ca, olduk\u00e7a otomatik bir ekim makinesidir. Ancak bir ki\u015fi y\u00f6n\u00fc tutmal\u0131d\u0131r. Taleplerinize g\u00f6re istedi\u011finiz s\u0131ralar\u0131 se\u00e7ebilirsiniz. Ayr\u0131ca makine s\u0131ralar\u0131n\u0131 fiili durumunuza g\u00f6re uyarlayabiliriz. S\u0131ralar 1 ila 12 aras\u0131nda de\u011fi\u015fir. Ayr\u0131ca, bir sebze ekim makinesi sat\u0131n al\u0131rsan\u0131z, sebze tohumlar\u0131n\u0131 ekmek i\u00e7in s\u0131ralar\u0131 esnek bir \u015fekilde se\u00e7ebilirsiniz. B\u00f6ylece istedi\u011finiz bo\u015flu\u011fu elde edebilirsiniz. Daha fazla bilgi i\u00e7in bizimle ileti\u015fime ge\u00e7ebilirsiniz!<\/p>    <h2 class=\"wp-block-heading\" id=\"working-video-of-vegetable-seeder-machine\"><strong>Sebze Tohumu Ekme Makinas\u0131n\u0131n \u00c7al\u0131\u015fma Videosu<\/strong>  <\/h2>    <figure class=\"wp-block-embed aligncenter is-type-video is-provider-youtube wp-block-embed-youtube\"><div class=\"wp-block-embed__wrapper\"> <iframe loading=\"lazy\" title=\"Sebze tohumlar\u0131 ekici\" width=\"500\" height=\"281\" src=\"https:\/\/www.youtube.com\/embed\/PG3LXZ-K9Bw?feature=oembed\" frameborder=\"0\" allow=\"accelerometer; autoplay; clipboard-write; encrypted-media; gyroscope; picture-in-picture; web-share\" referrerpolicy=\"strict-origin-when-cross-origin\" allowfullscreen><\/iframe> <\/div><\/figure>    <h2 class=\"wp-block-heading\" id=\"structure-of-vegetable-seeder-for-sale\"><strong>Sat\u0131l\u0131k Sebze Tohum Ekici Yap\u0131s\u0131<\/strong><\/h2>    <p>Bu sebze tohumlar\u0131 ekme makinesi tasar\u0131m\u0131 yeti\u015ftiriciler i\u00e7in \u00e7ok uygundur. \u00d6ncelikle sebze tohumlar\u0131n\u0131n ekimine g\u00fc\u00e7 sa\u011flayan benzinli motor mevcuttur. Ayr\u0131ca ki\u015filerin y\u00f6n\u00fc kontrol etmek i\u00e7in yaln\u0131zca kol dayana\u011f\u0131n\u0131 tutmas\u0131 yeterlidir. Daha sonra alet kutusu makineye tak\u0131l\u0131r. Silindir topra\u011f\u0131 d\u00fczle\u015ftirme i\u015flevi g\u00f6r\u00fcr.<\/p>   <div class=\"wp-block-image\"> <figure class=\"aligncenter size-full\"><img loading=\"lazy\" decoding=\"async\" width=\"720\" height=\"540\" src=\"https:\/\/taizyagromachine.com\/wp-content\/uploads\/2022\/01\/structure-of-vegetable-seed-planter.jpg\" alt=\"sebze tohumu ekicinin yap\u0131s\u0131\" class=\"wp-image-1711\"\/><figcaption class=\"wp-element-caption\">sebze ekme makinesinin yap\u0131s\u0131<\/figcaption><\/figure> <\/div>   <h2 class=\"wp-block-heading\" id=\"advantages-of-vegetable-seeding-machine\"><strong>Sat\u0131l\u0131k Sebze Tohumu Ekicinin Avantajlar\u0131<\/strong><\/h2>    <ul class=\"wp-block-list\" type=\"1\"> <li>Sebze tohumlar\u0131n\u0131n ekimi i\u00e7in farkl\u0131 s\u0131ralar. Sat\u0131rlar 1-12 aras\u0131nda de\u011fi\u015fir. Arazi durumunuza g\u00f6re tohum ekebilirsiniz.<\/li>    <li>Benzinli motor. Bu benzinli motor, sebze tohumu ekicisinin ihtiya\u00e7 duydu\u011fu g\u00fcc\u00fc sa\u011flar.<\/li>    <li>Geni\u015f uygulamalar. Sebze ekim makinesinin kereviz, amaranth, bok choi, roka, Yu choi vb. gibi \u00e7e\u015fitli uygulamalar\u0131 vard\u0131r.<\/li>    <li>Her t\u00fcrl\u00fc sebze tohumu i\u00e7in ekim diski seti. Bu set t\u00fcm sebze tohumlar\u0131 ekim sorunlar\u0131n\u0131z\u0131 \u00e7\u00f6zebilir.<\/li>    <li>Basit operasyon. Y\u00f6nden yaln\u0131zca bir ki\u015fi sorumludur ve bu durumda makine \u00e7ok iyi \u00e7al\u0131\u015fabilir.<\/li>    <li>Esnek ekim. Arazi ihtiyac\u0131n\u0131za g\u00f6re uygun ekim kutular\u0131n\u0131 gerekli aral\u0131klarla se\u00e7ebilirsiniz.<\/li> <\/ul>    <figure class=\"wp-block-gallery has-nested-images columns-default is-cropped wp-block-gallery-2 is-layout-flex wp-block-gallery-is-layout-flex\"> <figure class=\"wp-block-image size-large\"><img loading=\"lazy\" decoding=\"async\" width=\"1685\" height=\"1263\" data-id=\"1715\" src=\"https:\/\/taizyagromachine.com\/wp-content\/uploads\/2022\/01\/equipped-gasoline.jpg\" alt=\"sebze tohumu ekme makinesi i\u00e7in donat\u0131lm\u0131\u015f benzin\" class=\"wp-image-1715\"\/><figcaption class=\"wp-element-caption\">benzin donan\u0131ml\u0131<\/figcaption><\/figure>    <figure class=\"wp-block-image size-large\"><img loading=\"lazy\" decoding=\"async\" width=\"720\" height=\"540\" data-id=\"1716\" src=\"https:\/\/taizyagromachine.com\/wp-content\/uploads\/2022\/01\/seeding-disc.jpg\" alt=\"sebze tohumu ekicinin tohumlama diski\" class=\"wp-image-1716\"\/><figcaption class=\"wp-element-caption\">ekim diski<\/figcaption><\/figure> <\/figure>    <h2 class=\"wp-block-heading\" id=\"wide-applications\"><strong>El Sebze Tohumu Ekicilerinin Geni\u015f Uygulamalar\u0131<\/strong><\/h2>    <p class=\"translation-block\"><a href=\"https:\/\/taizyagromachine.com\/tr\/\" target=\"_blank\" rel=\"noreferrer noopener\">Taizy Company<\/a>'den gelen sebze ekme makinesinin \u00e7ok geni\u015f bir uygulama alan\u0131 vard\u0131r. Sebze tohumlar\u0131 \u00f6rne\u011fin pancar, lahana, brokoli, hardal, kereviz, amarant, Bok choi, roka, Yu Choi, Tayvan lahanas\u0131, \u0131spanak, paz\u0131, taze so\u011fan, p\u0131rasa, ki\u015fni\u015f, Kan Kong (ong Choi)(su \u0131spana\u011f\u0131), \u00c7in lahanas\u0131, havu\u00e7, turp (Daikin ve Asya t\u00fcrleri), \u015falgam vb.dir. T\u00fcm sebze tohumu t\u00fcrleri bu sebze tohumu ekme makinesine uygundur. Emin de\u011filseniz, \u00e7ok yak\u0131nda bizimle ileti\u015fime ge\u00e7in, size profesyonel \u00e7\u00f6z\u00fcmler sunabiliriz.<\/p>   <div class=\"wp-block-image\"> <figure class=\"aligncenter size-full\"><img loading=\"lazy\" decoding=\"async\" width=\"2100\" height=\"500\" src=\"https:\/\/taizyagromachine.com\/wp-content\/uploads\/2022\/01\/wide-applications-of-vegetable-seeder.jpg\" alt=\"sebze ekim makinesinin geni\u015f uygulamalar\u0131\" class=\"wp-image-1717\"\/><figcaption class=\"wp-element-caption\">sebze ekim makinesinin geni\u015f uygulamalar\u0131<\/figcaption><\/figure> <\/div>   <h2 class=\"wp-block-heading\" id=\"differences-between-standard-configuration-and-high-configuration\"><strong>Standart konfig\u00fcrasyon ve y\u00fcksek konfig\u00fcrasyon aras\u0131ndaki farklar - Bitkisel tohum ekici itin<\/strong><\/h2>    <p>Temel fark, elde ta\u015f\u0131nan sebze tohumu ekim makinesinin yap\u0131s\u0131d\u0131r.<\/p>    <p class=\"translation-block\"><strong>Standart konfig\u00fcrasyon<\/strong>: tek \u015faft tasar\u0131m\u0131. T\u00fcm tohum kutular\u0131 bir \u015faftla birbirine vidalanm\u0131\u015ft\u0131r.<\/p>    <p class=\"translation-block\"><strong>Y\u00fcksek konfig\u00fcrasyon<\/strong>: tohum kutusu sabit konuma monte edilmi\u015ftir, s\u00f6k\u00fclmesi kolayd\u0131r.<\/p>    <p>Farkl\u0131 tohumlar ekmek i\u00e7in ekim diskini de\u011fi\u015ftirmek istedi\u011finizde, standart konfig\u00fcrasyon i\u00e7in t\u00fcm \u015faft\u0131 \u00e7\u0131karman\u0131z gerekir, bu daha zahmetlidir.<\/p>    <figure class=\"wp-block-gallery has-nested-images columns-default is-cropped wp-block-gallery-3 is-layout-flex wp-block-gallery-is-layout-flex\"> <figure class=\"wp-block-image size-large\"><img loading=\"lazy\" decoding=\"async\" width=\"720\" height=\"540\" data-id=\"1718\" src=\"https:\/\/taizyagromachine.com\/wp-content\/uploads\/2022\/01\/standard-configuration.jpg\" alt=\"standart konfig\u00fcrasyon\" class=\"wp-image-1718\"\/><figcaption class=\"wp-element-caption\">standart konfig\u00fcrasyon<\/figcaption><\/figure>    <figure class=\"wp-block-image size-large\"><img loading=\"lazy\" decoding=\"async\" width=\"720\" height=\"540\" data-id=\"1719\" src=\"https:\/\/taizyagromachine.com\/wp-content\/uploads\/2022\/01\/high-configuration.jpg\" alt=\"y\u00fcksek konfig\u00fcrasyon\" class=\"wp-image-1719\"\/><figcaption class=\"wp-element-caption\">y\u00fcksek konfig\u00fcrasyon<\/figcaption><\/figure> <\/figure>    <h2 class=\"wp-block-heading\" id=\"package-and-shipping\"><strong>K\u00fc\u00e7\u00fck Ticari Sebze Tohumu Ekicilerinin Paketlenmesi ve Nakliyesi<\/strong><\/h2>    <p class=\"translation-block\">Bu sebze tohumu ekme makinesi ayr\u0131ca yabanc\u0131 \u00fclkelere ve b\u00f6lgelere ihra\u00e7 edilmektedir. Sadece bu makineyi de\u011fil, ayn\u0131 zamanda <a href=\"https:\/\/cornmachines.com\/corn-planter-machine\/\" target=\"_blank\" rel=\"noreferrer noopener\">m\u0131s\u0131r tohumu ekme makinesini<\/a>, <a href=\"https:\/\/taizyagromachine.com\/tr\/wheat-planter\/\" target=\"_blank\" rel=\"noreferrer noopener\">bu\u011fday ekme makinesini<\/a> vb. de ihra\u00e7 ediyoruz. \u0130hracattan \u00f6nce makineyi ah\u015fap kasalara paketliyoruz. Nakliye s\u0131ras\u0131nda makine, hasara neden olan \u00e7arpmalardan ka\u00e7\u0131narak korunabilir. &nbsp;<\/p>   <div class=\"wp-block-image\"> <figure class=\"aligncenter size-full\"><img loading=\"lazy\" decoding=\"async\" width=\"720\" height=\"540\" src=\"https:\/\/taizyagromachine.com\/wp-content\/uploads\/2022\/01\/packing-and-shipping-vegetable-seeder.jpg\" alt=\"paketleme ve nakliye-sebze ekme makinesi\" class=\"wp-image-1721\"\/><figcaption class=\"wp-element-caption\">paketleme ve nakliye-sebze ekme makinesi<\/figcaption><\/figure> <\/div>   <h2 class=\"wp-block-heading\"><strong>Sebze Tohumu Sat\u0131r Ekici Teknik Parametreler<\/strong><\/h2>    <figure class=\"wp-block-table\"><table><tbody><tr><td>Modeli<\/td><td>SC-9<\/td><\/tr><tr><td>Sat\u0131rlar<\/td><td>1-14<\/td><\/tr><tr><td>Tohumlar<\/td><td>\u0131spanak, havu\u00e7, kereviz vb.<\/td><\/tr><tr><td>G\u00fc\u00e7<\/td><td>Benzinli Motor<\/td><\/tr><tr><td>Ambalaj Boyutu<\/td><td>116*126*87cm<\/td><\/tr><tr><td>A\u011f\u0131rl\u0131k<\/td><td>160kg<\/td><\/tr><\/tbody><\/table><\/figure>","protected":false},"excerpt":{"rendered":"<p>Vegetable seed planter&nbsp;is designed for&nbsp;sowing various vegetable seeds. Its applications cover almost all kinds of vegetable seeds, such as beets seeds, kale seeds, broccoli seeds, mustard seeds, etc. This vegetable seed planter has very simple structure, easy operation, and long service life. Besides, it\u2019s a highly automatic sowing machine. But one person should hold the [&hellip;]<\/p>\n","protected":false},"author":1,"featured_media":2162,"parent":0,"template":"","tags":[],"product-type":[22],"class_list":["post-1135","product","type-product","status-publish","has-post-thumbnail","hentry","product-type-others"],"_links":{"self":[{"href":"https:\/\/taizyagromachine.com\/tr\/wp-json\/wp\/v2\/product\/1135","targetHints":{"allow":["GET"]}}],"collection":[{"href":"https:\/\/taizyagromachine.com\/tr\/wp-json\/wp\/v2\/product"}],"about":[{"href":"https:\/\/taizyagromachine.com\/tr\/wp-json\/wp\/v2\/types\/product"}],"author":[{"embeddable":true,"href":"https:\/\/taizyagromachine.com\/tr\/wp-json\/wp\/v2\/users\/1"}],"wp:featuredmedia":[{"embeddable":true,"href":"https:\/\/taizyagromachine.com\/tr\/wp-json\/wp\/v2\/media\/2162"}],"wp:attachment":[{"href":"https:\/\/taizyagromachine.com\/tr\/wp-json\/wp\/v2\/media?parent=1135"}],"wp:term":[{"taxonomy":"post_tag","embeddable":true,"href":"https:\/\/taizyagromachine.com\/tr\/wp-json\/wp\/v2\/tags?post=1135"},{"taxonomy":"product-type","embeddable":true,"href":"https:\/\/taizyagromachine.com\/tr\/wp-json\/wp\/v2\/product-type?post=1135"}],"curies":[{"name":"wp","href":"https:\/\/api.w.org\/{rel}","templated":true}]}}