{"id":1137,"date":"2021-12-02T01:28:02","date_gmt":"2021-12-02T01:28:02","guid":{"rendered":"https:\/\/taizyagromachine.com\/?p=1137"},"modified":"2025-01-02T13:56:04","modified_gmt":"2025-01-02T05:56:04","slug":"wheat-planter","status":"publish","type":"product","link":"https:\/\/taizyagromachine.com\/tr\/product\/wheat-planter\/","title":{"rendered":"Bu\u011fday Ekici"},"content":{"rendered":"<p class=\"translation-block\"><strong>Bu\u011fday ekici<\/strong> <a href=\"https:\/\/en.wikipedia.org\/wiki\/Wheat\" target=\"_blank\" rel=\"noreferrer noopener\">bu\u011fday<\/a> ekimi i\u00e7in \u00f6zel bir tohum ekim makinesidir. Bu bu\u011fday tohum ekim makinesi ayn\u0131 anda tohum ekebilir ve g\u00fcbreleyebilir. Elbette, sadece tohum ekmeyi de se\u00e7ebilirsiniz. Bu size ba\u011fl\u0131. Ayr\u0131ca, bu\u011fday, yonca, tah\u0131l, arpa, kuru pirin\u00e7, susam vb. ekimi i\u00e7in uygundur. Makine boyutu, farkl\u0131 s\u0131ralardaki bu\u011fday ekim makineleri ile birlikte de\u011fi\u015fir. Bu, bu\u011fday ekim i\u015fini otomatik olarak tamamlamak i\u00e7in trakt\u00f6rle \u00e7al\u0131\u015fmal\u0131d\u0131r. Ancak herkesin bildi\u011fi gibi, bu makine haz\u0131rlanm\u0131\u015f tarlada kullan\u0131l\u0131r. \u015e\u00fcpheleriniz varsa, l\u00fctfen detaylar i\u00e7in bizimle en k\u0131sa s\u00fcrede ileti\u015fime ge\u00e7in!<\/p>    <h2 class=\"wp-block-heading\" id=\"h-wheat-planter-for-sale\"><strong>Sat\u0131l\u0131k Bu\u011fday Ekici<\/strong><strong><\/strong><\/h2>    <p class=\"translation-block\"><a href=\"https:\/\/taizyagromachine.com\/tr\/\" target=\"_blank\" rel=\"noreferrer noopener\">Taizy Machine Company<\/a> olarak, bir\u00e7ok \u00e7e\u015fit bu\u011fday ekici sunmaktay\u0131z. Bu 2BXF serisi makineler yeni modellerdir, bo\u015faltma miktar\u0131n\u0131 ayarlamak i\u00e7in di\u015fli kutusu ile donat\u0131lm\u0131\u015ft\u0131r. Ana t\u00fcrler a\u015fa\u011f\u0131da a\u00e7\u0131klanm\u0131\u015ft\u0131r:<\/p>    <h3 class=\"wp-block-heading\" id=\"h-type-a\"><strong>Sat\u0131l\u0131k 2BFX-9 (9 S\u0131ral\u0131) Bu\u011fday Ekim Makinas\u0131<\/strong><\/h3>    <p>Bu ekim \u00e7e\u015fidinde bu\u011fday ekimi i\u00e7in 9 s\u0131ra bulunur. 3 noktal\u0131 ba\u011flant\u0131y\u0131 uyarlar ve k\u00fc\u00e7\u00fck trakt\u00f6rle uyumludur. Operasyon s\u0131ras\u0131nda tarlay\u0131 d\u00fczleyebilir, kar\u0131k a\u00e7abilir ve topra\u011f\u0131 vb. kaplayabilir.<\/p>   <div class=\"wp-block-image\"> <figure class=\"aligncenter size-full\"><img loading=\"lazy\" decoding=\"async\" width=\"720\" height=\"540\" src=\"https:\/\/taizyagromachine.com\/wp-content\/uploads\/2021\/12\/9-row-wheat-planting-machine.jpg\" alt=\"9 s\u0131ral\u0131 bu\u011fday ekici\" class=\"wp-image-1731\"\/><figcaption class=\"wp-element-caption\">9 s\u0131ral\u0131 bu\u011fday ekici<\/figcaption><\/figure> <\/div>   <h3 class=\"wp-block-heading\" id=\"h-type-b\"><strong> Sat\u0131l\u0131k 2BFX-12 (12 S\u0131ral\u0131) Bu\u011fday Ekme Makinas\u0131<\/strong><\/h3>    <p>Bu\u011fday ekim makinas\u0131n\u0131n \u00e7al\u0131\u015fmas\u0131 i\u00e7in 12 s\u0131ra bulunmaktad\u0131r. Tesviye, toprak a\u00e7ma, g\u00fcbreleme, tohumlama, kaplama ve presleme dahil t\u00fcm g\u00f6revler tamamlanabilir. 2BXF-9 ile kar\u015f\u0131la\u015ft\u0131r\u0131ld\u0131\u011f\u0131nda bu daha y\u00fcksek \u00e7al\u0131\u015fma verimlili\u011fine sahiptir.<\/p>   <div class=\"wp-block-image\"> <figure class=\"aligncenter size-full\"><img loading=\"lazy\" decoding=\"async\" width=\"720\" height=\"540\" src=\"https:\/\/taizyagromachine.com\/wp-content\/uploads\/2022\/01\/12-row-wheat-seeder.jpg\" alt=\"12 s\u0131ral\u0131 bu\u011fday ekim makinesi\" class=\"wp-image-1732\"\/><figcaption class=\"wp-element-caption\">12 s\u0131ral\u0131 bu\u011fday ekim makinesi<\/figcaption><\/figure> <\/div>   <h3 class=\"wp-block-heading\" id=\"h-type-c\"><strong>Sat\u0131l\u0131k 2BFX-20 (20 S\u0131ral\u0131) Bu\u011fday Ekim Makinas\u0131<\/strong><\/h3>    <p>Bu bu\u011fday ekicinin ekim i\u015fini ger\u00e7ekle\u015ftirmek i\u00e7in 20 s\u0131ras\u0131 vard\u0131r. E\u015fle\u015fen trakt\u00f6rle i\u015fbirli\u011fi yaparak ekim verimlili\u011fini b\u00fcy\u00fck \u00f6l\u00e7\u00fcde art\u0131rabilir.<\/p>   <div class=\"wp-block-image\"> <figure class=\"aligncenter size-full\"><img loading=\"lazy\" decoding=\"async\" width=\"720\" height=\"540\" src=\"https:\/\/taizyagromachine.com\/wp-content\/uploads\/2022\/01\/20-row-wheat-seeder.jpg\" alt=\"20 s\u0131ral\u0131 bu\u011fday ekim makinas\u0131\" class=\"wp-image-1734\"\/><figcaption class=\"wp-element-caption\">20 s\u0131ral\u0131 bu\u011fday ekim makinesi<\/figcaption><\/figure> <\/div>   <h2 class=\"wp-block-heading\" id=\"h-advantages-of-wheat-planter-machine\"><strong>Bu\u011fday Ekme Makinesinin Avantajlar\u0131<\/strong><strong><\/strong><\/h2>    <ul class=\"wp-block-list\" type=\"1\"> <li>Ekim oran\u0131nda daha hassas. Uygulanan yeni model sayesinde makine bu\u011fday\u0131 daha hassas ekebilmektedir.<\/li>    <li>Yeni g\u00fcbre hunisi paslanmaz \u00e7elikten yap\u0131lm\u0131\u015ft\u0131r. Bu nedenle kullan\u0131mda daha dayan\u0131kl\u0131 ve g\u00fcvenilirdir.<\/li>    <li>Bu\u011fday ekici, bu\u011fday, pirin\u00e7, yonca, arpa, \u00e7imen, kuru pirin\u00e7, \u00e7imen vb. gibi k\u00fc\u00e7\u00fck taneli \u00fcr\u00fcnlere uygulan\u0131r.<\/li>    <li>Bu makine 6, 9, 12, 14, 16, 20 s\u0131ral\u0131 olarak \u00fcretilebilmektedir.<\/li>    <li>Trakt\u00f6rle s\u00fcspansiyon ba\u011flant\u0131s\u0131n\u0131, 3 noktal\u0131 ba\u011flant\u0131y\u0131 benimser.<\/li>    <li>Bu makine ayn\u0131 kar\u0131kta tohum ekiyor ve g\u00fcbreliyor.<\/li> <\/ul>    <h2 class=\"wp-block-heading\" id=\"h-machine-details\"><strong>Taizy Bu\u011fday Ekme Makinas\u0131n\u0131n Makina Detaylar\u0131<\/strong><\/h2>    <p>A\u015fa\u011f\u0131daki foto\u011frafta g\u00f6r\u00fcld\u00fc\u011f\u00fc gibi ilk k\u0131s\u0131m ekimden sonra topra\u011f\u0131n kapland\u0131\u011f\u0131n\u0131 g\u00f6stermektedir. Bir di\u011feri ise ekim yaparken net bir \u015fekilde g\u00f6rebildi\u011fimizi g\u00f6steriyor.<\/p>   <div class=\"wp-block-image\"> <figure class=\"aligncenter size-full\"><img loading=\"lazy\" decoding=\"async\" width=\"720\" height=\"720\" src=\"https:\/\/taizyagromachine.com\/wp-content\/uploads\/2022\/01\/wheat-machine-details.jpg\" alt=\"bu\u011fday makinesi detaylar\u0131\" class=\"wp-image-1736\"\/><figcaption class=\"wp-element-caption\">bu\u011fday makinesi detaylar\u0131<\/figcaption><\/figure> <\/div>   <h2 class=\"wp-block-heading\" id=\"h-questions-you-will-ask\"><strong>Bu\u011fday Ekici Se\u00e7iminde Soraca\u011f\u0131n\u0131z Sorular <\/strong><\/h2>    <h3 class=\"wp-block-heading\" id=\"h-tractor-horsepower\"><strong>Trakt\u00f6r beygir g\u00fcc\u00fc<\/strong><\/h3>    <p>Farkl\u0131 bu\u011fday ekim mibzerleri nedeniyle ilgili trakt\u00f6rle e\u015fle\u015fmelidir. \u00d6rne\u011fin 9 s\u0131ral\u0131 bu\u011fday ekim makinesi k\u00fc\u00e7\u00fck trakt\u00f6rle \u00e7al\u0131\u015f\u0131rken, 20 s\u0131ral\u0131 ekim makinesi daha g\u00fc\u00e7l\u00fc bir trakt\u00f6re ihtiya\u00e7 duymaktad\u0131r.<\/p>    <h3 class=\"wp-block-heading\" id=\"h-planting-rows\"><strong>Sat\u0131r dikim<\/strong><\/h3>    <p>Ekim s\u0131ralar\u0131n\u0131 belirledikten sonra bu\u011fday ekim makinas\u0131 \u00e7e\u015fitlerine de karar verebilirsiniz. 6, 9, 12, 14, 16 ve 20'li s\u0131ralar mevcuttur.<\/p>    <h3 class=\"wp-block-heading\" id=\"h-fertilizing-and-sowing-quantity\"><strong>G\u00fcbreleme ve ekim miktar\u0131<\/strong><\/h3>    <p>Bu, g\u00fcbre ve tohum sand\u0131klar\u0131n\u0131n bulundu\u011fu makineyle yak\u0131ndan ba\u011flant\u0131l\u0131d\u0131r. Bu makineyi kullan\u0131rken g\u00fcbre miktar\u0131n\u0131n ekim miktar\u0131na uygun olmas\u0131na dikkat ediniz. Belli bir oranlar\u0131 var. Kafan\u0131z kar\u0131\u015ft\u0131ysa l\u00fctfen destek i\u00e7in bizimle ileti\u015fime ge\u00e7in!<\/p>    <h2 class=\"wp-block-heading\" id=\"h-maintenance-of-wheat-seed-drill\"><strong>Bu\u011fday Ekim Mibzerinin Bak\u0131m\u0131<\/strong><strong><\/strong><\/h2>    <ol class=\"wp-block-list\" type=\"1\"> <li>Makine yolda y\u00fcksek h\u0131zda s\u00fcr\u00fcld\u00fc\u011f\u00fcnde, trakt\u00f6r kald\u0131r\u0131c\u0131n\u0131n kilitlenmesi gerekir ve makineyi s\u00fcrmek i\u00e7in \u00e7ekmek kesinlikle yasakt\u0131r.<\/li>    <li>Ekimden \u00f6nce ba\u011flant\u0131 elemanlar\u0131n\u0131 ve konekt\u00f6rleri kontrol edin ve gev\u015fek olmalar\u0131 durumunda zaman\u0131nda s\u0131k\u0131n.<\/li>    <li>Operasyon s\u0131ras\u0131nda operat\u00f6r, tak\u0131m tezgahlar\u0131ndaki gereksiz a\u015f\u0131nma ve y\u0131pranmay\u0131 azaltmak i\u00e7in g\u00fcvenli \u00e7al\u0131\u015fma kurallar\u0131na kesinlikle uymal\u0131d\u0131r.<\/li>    <li>Her vardiyadan sonra makinenin t\u00fcm par\u00e7alar\u0131ndaki kiri temizleyin.<\/li>    <li>\u00dc\u00e7 ayl\u0131k kullan\u0131mdan sonra zaman\u0131nda temizleyin ve bak\u0131m\u0131n\u0131 yap\u0131n. G\u00fcbreyi temizleyin, her par\u00e7ay\u0131 kontrol edin ve ard\u0131ndan korozyon \u00f6nleyici ya\u011f ekleyin ve son olarak depoda saklay\u0131n. &nbsp;<\/li> <\/ol>    <h2 class=\"wp-block-heading\" id=\"h-related-machines\"><strong>\u0130lgili Makineler<\/strong><strong><\/strong><\/h2>    <p class=\"translation-block\">Profesyonel bir tar\u0131m makinesi \u015firketi olarak, yaln\u0131zca \u00e7ok s\u0131ral\u0131 bu\u011fday ekim makineleri sa\u011flamakla kalm\u0131yor, ayn\u0131 zamanda m\u0131s\u0131r ekici ve <a href=\"https:\/\/taizyagromachine.com\/tr\/others\/vegetable-seed-planter\/\" target=\"_blank\" rel=\"noreferrer noopener\">sebze ekici<\/a> de tedarik ediyoruz. \u0130lginiz varsa, her zaman bizimle ileti\u015fime ge\u00e7mekten \u00e7ekinmeyin.<\/p>    <figure class=\"wp-block-gallery aligncenter has-nested-images columns-default is-cropped wp-block-gallery-2 is-layout-flex wp-block-gallery-is-layout-flex\"> <figure class=\"wp-block-image size-large\"><img loading=\"lazy\" decoding=\"async\" width=\"720\" height=\"540\" data-id=\"1739\" src=\"https:\/\/taizyagromachine.com\/wp-content\/uploads\/2021\/12\/6-row-wheat-seeding-machine.jpg\" alt=\"6 s\u0131ral\u0131 bu\u011fday ekim makinas\u0131\" class=\"wp-image-1739\"\/><figcaption class=\"wp-element-caption\">6 s\u0131ral\u0131 bu\u011fday ekim makinas\u0131<\/figcaption><\/figure>    <figure class=\"wp-block-image size-large\"><img loading=\"lazy\" decoding=\"async\" width=\"720\" height=\"540\" data-id=\"1740\" src=\"https:\/\/taizyagromachine.com\/wp-content\/uploads\/2022\/01\/16-row-wheat-seeding-machine.jpg\" alt=\"16 s\u0131ral\u0131 bu\u011fday ekim makinas\u0131\" class=\"wp-image-1740\"\/><figcaption class=\"wp-element-caption\">16 s\u0131ral\u0131 bu\u011fday ekim makinas\u0131<\/figcaption><\/figure> <\/figure>","protected":false},"excerpt":{"rendered":"<p>Wheat planter&nbsp;is a seed drill specially for wheat sowing. This wheat seed drill can simultaneously seed and fertilize. Of course, you can choose only seeding. It depends on you. Besides, it is suitable for sowing wheat, alfalfa, grain, barley, dry-rice, sesame, etc. The machine size varies along with the wheat sowing machine of different rows. [&hellip;]<\/p>\n","protected":false},"author":1,"featured_media":2145,"parent":0,"template":"","tags":[],"product-type":[20],"class_list":["post-1137","product","type-product","status-publish","has-post-thumbnail","hentry","product-type-rice-and-wheat-machine"],"_links":{"self":[{"href":"https:\/\/taizyagromachine.com\/tr\/wp-json\/wp\/v2\/product\/1137","targetHints":{"allow":["GET"]}}],"collection":[{"href":"https:\/\/taizyagromachine.com\/tr\/wp-json\/wp\/v2\/product"}],"about":[{"href":"https:\/\/taizyagromachine.com\/tr\/wp-json\/wp\/v2\/types\/product"}],"author":[{"embeddable":true,"href":"https:\/\/taizyagromachine.com\/tr\/wp-json\/wp\/v2\/users\/1"}],"wp:featuredmedia":[{"embeddable":true,"href":"https:\/\/taizyagromachine.com\/tr\/wp-json\/wp\/v2\/media\/2145"}],"wp:attachment":[{"href":"https:\/\/taizyagromachine.com\/tr\/wp-json\/wp\/v2\/media?parent=1137"}],"wp:term":[{"taxonomy":"post_tag","embeddable":true,"href":"https:\/\/taizyagromachine.com\/tr\/wp-json\/wp\/v2\/tags?post=1137"},{"taxonomy":"product-type","embeddable":true,"href":"https:\/\/taizyagromachine.com\/tr\/wp-json\/wp\/v2\/product-type?post=1137"}],"curies":[{"name":"wp","href":"https:\/\/api.w.org\/{rel}","templated":true}]}}