{"id":1217,"date":"2021-12-04T01:18:15","date_gmt":"2021-12-04T01:18:15","guid":{"rendered":"https:\/\/taizyagromachine.com\/?p=1217"},"modified":"2022-09-29T13:59:15","modified_gmt":"2022-09-29T05:59:15","slug":"15tpd-rice-mill-plant-with-package","status":"publish","type":"product","link":"https:\/\/taizyagromachine.com\/tr\/product\/15tpd-rice-mill-plant-with-package\/","title":{"rendered":"15TPD Paketli Pirin\u00e7 De\u011firmeni Tesisi"},"content":{"rendered":"<p class=\"translation-block\"><strong>15TPD pirin\u00e7 de\u011firmeni tesisi paketiyle<\/strong> ta\u015f ay\u0131r\u0131c\u0131, pirin\u00e7 kabu\u011fu soyucu, \u00e7eltik ay\u0131r\u0131c\u0131, birinci pirin\u00e7 \u00f6\u011f\u00fct\u00fcc\u00fc, ikinci pirin\u00e7 \u00f6\u011f\u00fct\u00fcc\u00fc, beyaz pirin\u00e7 s\u0131n\u0131fland\u0131r\u0131c\u0131 ve paketlemeyi entegre eder. Bu i\u015flemden, \u00e7elti\u011fin iki kez \u00f6\u011f\u00fct\u00fcld\u00fc\u011f\u00fc a\u00e7\u0131k\u00e7a g\u00f6r\u00fclmektedir. B\u00f6ylece, y\u00fcksek kaliteli pirin\u00e7 elde edebilirsiniz. Ayr\u0131ca, i\u015f\u00e7ilik ve zamandan tasarruf sa\u011flayan eksiksiz bir pirin\u00e7 \u00f6\u011f\u00fctme \u00fcretim hatt\u0131d\u0131r. Dahas\u0131, y\u00fcksek i\u015f verimlili\u011fine sahiptir. Bu pirin\u00e7 de\u011firmeni makine tesisi i\u00e7in kapasitesi g\u00fcnde 15 ton, saatte 600-700 kg'd\u0131r. \u0130\u015f gereksinimlerinizi kar\u015f\u0131layabilir. Bizimle ileti\u015fime ge\u00e7menizi bekliyoruz, \u00e7ok yak\u0131nda size geri d\u00f6n\u00fc\u015f yapaca\u011f\u0131z!<\/p>    <h2 class=\"wp-block-heading\" id=\"h-structure-of-automatic-rice-mill-machine-for-sale\"><strong>Paketli Otomatik Pirin\u00e7 De\u011firmeni Tesisinin Yap\u0131s\u0131<\/strong><\/h2>    <p class=\"translation-block\"><a href=\"https:\/\/taizyagromachine.com\/tr\/product\/15tpd-rice-mill-plant\/\" target=\"_blank\" rel=\"noreferrer noopener\">15TPD pirin\u00e7 de\u011firmeni tesisi<\/a> ta\u015f ay\u0131r\u0131c\u0131, <a href=\"https:\/\/en.wikipedia.org\/wiki\/Rice_huller\" target=\"_blank\" rel=\"noreferrer noopener\">pirin\u00e7 kabu\u011fu soyucu<\/a>, \u00e7eltik ay\u0131r\u0131c\u0131, birinci pirin\u00e7 \u00f6\u011f\u00fct\u00fcc\u00fc, ikinci pirin\u00e7 \u00f6\u011f\u00fct\u00fcc\u00fc, beyaz pirin\u00e7 s\u0131n\u0131fland\u0131r\u0131c\u0131, paketleme makinesi i\u00e7erir.<\/p>   <div class=\"wp-block-image\"> <figure class=\"aligncenter size-full\"><img loading=\"lazy\" decoding=\"async\" width=\"720\" height=\"540\" src=\"https:\/\/taizyagromachine.com\/wp-content\/uploads\/2022\/01\/structure-15tpd-with-package.jpg\" alt=\"yap\u0131\" class=\"wp-image-1775\"\/><figcaption>yap\u0131<\/figcaption><\/figure> <\/div>   <h2 class=\"wp-block-heading\" id=\"h-which-place-is-applicable\"><strong>Paketli Pirin\u00e7 De\u011firmeni Tesisi Hangi Yere Uygulanabilir?<\/strong><\/h2>    <ol class=\"wp-block-list\" type=\"1\"><li>Pirin\u00e7 da\u011f\u0131t\u0131m istasyonu<\/li><li>\u00c7iftlikler<\/li><li>Pirin\u00e7 fabrikas\u0131<\/li><li>Serbest \u00e7al\u0131\u015fanlar<\/li><\/ol>    <h2 class=\"wp-block-heading\" id=\"h-advantages-of-15t-integrated-rice-mill-plant\"><strong>15 Tonluk Paket Entegre Pirin\u00e7 De\u011firmeni Tesisinin Avantajlar\u0131<\/strong><\/h2>    <ul class=\"wp-block-list\" type=\"1\"><li>Kompakt yap\u0131, \u00e7ekici g\u00f6r\u00fcn\u00fcm, uygun boyut.<\/li><li>S\u00fcper kalite, istikrarl\u0131 performans, az bak\u0131m.<\/li><li>Kolay kullan\u0131m, y\u00fcksek derecede otomasyon.<\/li><li>Y\u00fcksek verim, kirlilik yok.<\/li><li>Kabuklar\u0131 k\u0131rman\u0131n y\u00fcksek h\u0131z\u0131, t\u00fcm makinenin d\u00fc\u015f\u00fck titre\u015fimi, h\u0131zl\u0131 pirin\u00e7 \u00e7\u0131k\u0131\u015f\u0131.<\/li><\/ul>    <h2 class=\"wp-block-heading\" id=\"h-work-flow\"><strong>Paketli Pirin\u00e7 De\u011firmeni Tesisinin \u0130\u015f Ak\u0131\u015f\u0131 <\/strong><\/h2>    <p>Bu 15TPD paketli pirin\u00e7 de\u011firmeni tesisi a\u015fa\u011f\u0131daki \u015fekilde \u00e7al\u0131\u015f\u0131r:<\/p>    <ol class=\"wp-block-list\" type=\"1\"><li>\u00c7eltik pirincini hazneye besleyin;<\/li><li>Daha sonra \u00e7eltik, ta\u015f ay\u0131r\u0131c\u0131ya gelir. \u00dcfleyici \u0131\u015f\u0131ktaki yabanc\u0131 maddeleri d\u0131\u015far\u0131 \u00fcfler. Perde sayesinde \u00e7eltiklerin aras\u0131ndaki ta\u015flar d\u0131\u015far\u0131 \u00e7\u0131k\u0131yor.<\/li><li>Daha sonra \u00e7eltik, \u00e7ift elevat\u00f6r arac\u0131l\u0131\u011f\u0131yla pirin\u00e7 soyma makinesine gelir. Pirin\u00e7 kabu\u011fu \u00e7\u0131kar\u0131c\u0131, \u00e7eltik pirincinin kabu\u011funu \u00e7\u0131karma i\u015flevi g\u00f6r\u00fcr.<\/li><li>Kabu\u011fu soyulmu\u015f \u00e7eltik, \u00e7eltik separat\u00f6r\u00fcne ula\u015f\u0131r. \u00dc\u00e7 \u00e7e\u015fide b\u00f6l\u00fcn: kahverengi pirin\u00e7, kahverengi pirin\u00e7 ve \u00e7eltik pirinci ve \u00e7eltik pirinci. Kahverengi pirin\u00e7 do\u011frudan pirin\u00e7 de\u011firmeni makinesine gider. Esmer pirin\u00e7 ve \u00e7eltik ise \u00e7ift elevat\u00f6r vas\u0131tas\u0131yla separat\u00f6re geri d\u00f6ner. Son olarak \u00e7eltik pirinci do\u011frudan pirin\u00e7 kabu\u011fu \u00e7\u0131kar\u0131c\u0131ya gider.<\/li><li>Pirin\u00e7 de\u011firmeni makinesi kahverengi pirinci beyaz pirince \u00f6\u011f\u00fct\u00fcr. Ayn\u0131 zamanda ilk pirin\u00e7 de\u011firmenidir.<\/li><li>Ard\u0131ndan, pirincin parlat\u0131lmas\u0131 ve y\u00fcksek kaliteli beyaz pirin\u00e7 elde edilmesi i\u00e7in ikinci pirin\u00e7 de\u011firmeni ba\u015fl\u0131yor.<\/li><li>Beyaz pirin\u00e7 tasnif makinesi, b\u00fct\u00fcn beyaz pirinci ve k\u0131r\u0131k beyaz pirinci tasnif edecektir.<\/li><li>Son olarak beyaz pirincin tamam\u0131 paketleme makinesi taraf\u0131ndan 5 kg'dan 50 kg'a kadar torbalara paketlenir.<\/li><\/ol>   <div class=\"wp-block-image\"> <figure class=\"aligncenter size-full\"><img loading=\"lazy\" decoding=\"async\" width=\"720\" height=\"320\" src=\"https:\/\/taizyagromachine.com\/wp-content\/uploads\/2022\/01\/working-scene-15tpd.jpg\" alt=\"\u00e7al\u0131\u015fma sahnesi\" class=\"wp-image-1777\"\/><figcaption>\u00e7al\u0131\u015fma sahnesi<\/figcaption><\/figure> <\/div>   <h2 class=\"wp-block-heading\" id=\"h-services-you-will-enjoy\"><strong>Keyfini \u00c7\u0131karaca\u011f\u0131n\u0131z Hizmetler<\/strong><strong><\/strong><\/h2>    <ol class=\"wp-block-list\" type=\"1\"><li>Profesyonel bilgi deste\u011fi.<\/li><li>Zaman\u0131nda teknik destek.<\/li><li>Sat\u0131\u015f sonras\u0131 servis.<\/li><li>Video ve \u00e7evrimi\u00e7i rehberlik.<\/li><li>\u00d6zelle\u015ftirme. \u0130\u015fletmelerinize g\u00f6re en uygun \u00e7\u00f6z\u00fcmleri sunuyoruz.<\/li><\/ol>    <h2 class=\"wp-block-heading\" id=\"h-why-choose-us\"><strong>Neden Bizi Se\u00e7melisiniz?<\/strong><strong><\/strong><\/h2>    <p class=\"translation-block\"><a href=\"https:\/\/taizyagromachine.com\/tr\/\" target=\"_blank\" rel=\"noreferrer noopener\">Taizy Company<\/a> olarak, sadece paketli 15tpd pirin\u00e7 de\u011firmeni tesisi de\u011fil, ayn\u0131 zamanda 20TPD pirin\u00e7 de\u011firmeni tesisi, 18t pirin\u00e7 de\u011firmeni \u00fcretim hatt\u0131 vb. gibi di\u011fer pirin\u00e7 de\u011firmeni tesisi t\u00fcrlerini de tedarik ediyoruz. Di\u011fer \u00fcreticiler ve tedarik\u00e7ilerle kar\u015f\u0131la\u015ft\u0131r\u0131ld\u0131\u011f\u0131nda, di\u011fer \u00fcreticiler ve tedarik\u00e7ilere g\u00f6re benzersiz g\u00fc\u00e7l\u00fc y\u00f6nlerimiz var.<\/p>    <ol class=\"wp-block-list\" type=\"1\"><li>Zengin deneyim. Onlarca y\u0131l\u0131 a\u015fk\u0131n bir s\u00fcredir tar\u0131m makinesinin i\u00e7indeyiz.<\/li><li>\u00c7e\u015fitli tiplerde pirin\u00e7 de\u011firmeni makinesi. Ayr\u0131ca farkl\u0131 kapasitelerde pirin\u00e7 de\u011firmeni tesislerimiz mevcuttur.<\/li><li>80'den fazla \u00fclke ve b\u00f6lgeye ihra\u00e7 edildi. Makinelerimiz Nijerya, Burkina Faso, Vietnam, Malezya, Kenya, Brezilya, Madagaskar, Peru vb. \u00fclkelere geldi.<\/li><\/ol>   <div class=\"wp-block-image\"> <figure class=\"aligncenter size-full\"><img loading=\"lazy\" decoding=\"async\" width=\"720\" height=\"400\" src=\"https:\/\/taizyagromachine.com\/wp-content\/uploads\/2022\/01\/factory-display.jpg\" alt=\"fabrika ekran\u0131\" class=\"wp-image-1778\"\/><figcaption>fabrika ekran\u0131<\/figcaption><\/figure> <\/div>","protected":false},"excerpt":{"rendered":"<p>15TPD rice mill plant with package\u00a0integrates destoning, rice hulling, paddy rice separating, first rice milling, second rice milling, white rice grading, and packaging. From this process, it\u2019s clearly found that the paddy rice is milled twice. So, you can get high-quality rice. Besides, it\u2019s a complete rice milling production line, saving labor and time. Moreover, [&hellip;]<\/p>\n","protected":false},"author":1,"featured_media":1774,"parent":0,"template":"","tags":[51,50,52,35,37,38],"product-type":[18],"class_list":["post-1217","product","type-product","status-publish","has-post-thumbnail","hentry","tag-automatic-rice-mill-machine-for-sale","tag-integrated-rice-mill-plant","tag-package-machine","tag-rice-mill","tag-rice-mill-plant","tag-rice-mill-production-line","product-type-rice-mill"],"_links":{"self":[{"href":"https:\/\/taizyagromachine.com\/tr\/wp-json\/wp\/v2\/product\/1217","targetHints":{"allow":["GET"]}}],"collection":[{"href":"https:\/\/taizyagromachine.com\/tr\/wp-json\/wp\/v2\/product"}],"about":[{"href":"https:\/\/taizyagromachine.com\/tr\/wp-json\/wp\/v2\/types\/product"}],"author":[{"embeddable":true,"href":"https:\/\/taizyagromachine.com\/tr\/wp-json\/wp\/v2\/users\/1"}],"wp:featuredmedia":[{"embeddable":true,"href":"https:\/\/taizyagromachine.com\/tr\/wp-json\/wp\/v2\/media\/1774"}],"wp:attachment":[{"href":"https:\/\/taizyagromachine.com\/tr\/wp-json\/wp\/v2\/media?parent=1217"}],"wp:term":[{"taxonomy":"post_tag","embeddable":true,"href":"https:\/\/taizyagromachine.com\/tr\/wp-json\/wp\/v2\/tags?post=1217"},{"taxonomy":"product-type","embeddable":true,"href":"https:\/\/taizyagromachine.com\/tr\/wp-json\/wp\/v2\/product-type?post=1217"}],"curies":[{"name":"wp","href":"https:\/\/api.w.org\/{rel}","templated":true}]}}