{"id":1274,"date":"2021-12-04T07:34:00","date_gmt":"2021-12-04T07:34:00","guid":{"rendered":"https:\/\/taizyagromachine.com\/?p=1274"},"modified":"2022-12-16T18:00:22","modified_gmt":"2022-12-16T10:00:22","slug":"3-cylinder-hydraulic-silage-baler","status":"publish","type":"product","link":"https:\/\/taizyagromachine.com\/tr\/product\/3-cylinder-hydraulic-silage-baler\/","title":{"rendered":"3 Silindirli Hidrolik Silaj Balya Makinas\u0131"},"content":{"rendered":"<p class=\"translation-block\"><strong>3 silindirli hidrolik silaj balyalama makinesi<\/strong>, saman\u0131 kare \u015fekiller halinde s\u0131k\u0131\u015ft\u0131rmak, paketlemek ve istiflemek i\u00e7in i\u015flev g\u00f6r\u00fcr. Ad\u0131ndan da anla\u015f\u0131laca\u011f\u0131 gibi, balyalama i\u015flerini y\u00fcr\u00fctmek i\u00e7in 3 hidrolik silindire sahiptir. Ancak g\u00fc\u00e7 kayna\u011f\u0131 i\u00e7in bu hidrolik pres balyalama makinesi yaln\u0131zca elektrik motorunu kullan\u0131r. Ayr\u0131ca, elektrik motorunun g\u00fcc\u00fc 22kW'd\u0131r. Bale boyutu, <a href=\"https:\/\/silagebaler.com\/double-cylinder-hydraulic-silage-baler\/\" target=\"_blank\" rel=\"noreferrer noopener\">\u00e7ift silindirli hidrolik balyalama makinesi<\/a> ile ayn\u0131d\u0131r, 700*400*300mm. <\/p>    <p class=\"translation-block\">Ayr\u0131ca, m\u00fc\u015fteriler balyalanm\u0131\u015f samanlar\u0131 paketlemek i\u00e7in her zaman PE&amp;PP torbalar\u0131 kullan\u0131rlar. Bunun nedeni, daha uzun s\u00fcre saklanabilmesidir. Bu <a href=\"https:\/\/taizyagromachine.com\/tr\/silage-machine\/silage-baler-50-type\/\" target=\"_blank\" rel=\"noreferrer noopener\">silaj balyalama makinesi<\/a>, \u00e7iftlik, yem bitkileri tesisi ve mera i\u015fletenler i\u00e7in iyi bir ortakt\u0131r. Sorunuzu bekliyoruz!<\/p>    <h2 class=\"wp-block-heading\" id=\"h-structure-of-3-cylinder-hydraulic-baler-for-sale\"><strong>Sat\u0131l\u0131k 3 Silindirli Hidrolik Balya Yap\u0131s\u0131<\/strong><\/h2>    <p>Profesyonel bir silaj makinesi \u00fcreticisi ve tedarik\u00e7isi olarak, 3 silindirli saman balyas\u0131 makinesini harika tasar\u0131ma ve \u00e7ekici g\u00f6r\u00fcn\u00fcme sahip olarak \u00fcretiyoruz. Motor, kontrol kabini, ya\u011f deposu, giri\u015f ve \u00e7\u0131k\u0131\u015fa sahiptir. Asl\u0131nda yap\u0131n\u0131n anla\u015f\u0131lmas\u0131 \u00e7ok kolayd\u0131r, hidrolik silaj balya makinesini kullan\u0131rken kilit nokta her par\u00e7an\u0131n fonksiyonunun net olmas\u0131d\u0131r.<\/p>   <div class=\"wp-block-image\"> <figure class=\"aligncenter size-full\"><img loading=\"lazy\" decoding=\"async\" width=\"720\" height=\"540\" src=\"https:\/\/taizyagromachine.com\/wp-content\/uploads\/2022\/01\/structure-3-cylinder-hydraulic-baler.jpg\" alt=\"yap\u0131-3-silindirli-hidrolik-balya makinesi\" class=\"wp-image-1697\"\/><figcaption class=\"wp-element-caption\">yap\u0131-3 silindirli hidrolik balya makinesi<\/figcaption><\/figure> <\/div>  <div class=\"wp-block-image\"> <figure class=\"aligncenter size-full\"><img loading=\"lazy\" decoding=\"async\" width=\"720\" height=\"540\" src=\"https:\/\/taizyagromachine.com\/wp-content\/uploads\/2022\/01\/structure-3-cylinder-hydraulic-baling-machine.jpg\" alt=\"yap\u0131-3-silindirli-hidrolik-balyalama-makinesi\" class=\"wp-image-1698\"\/><figcaption class=\"wp-element-caption\">yap\u0131-3 silindirli hidrolik balyalama makinesi<\/figcaption><\/figure> <\/div>   <h2 class=\"wp-block-heading\" id=\"h-advantages-of-hydraulic-hay-baler\"><strong>Hidrolik Saman Balyalay\u0131c\u0131n\u0131n Avantajlar\u0131<\/strong><strong><\/strong><\/h2>    <ul class=\"wp-block-list\" type=\"1\"> <li>Geni\u015f uygulamalar. Bu 3 silindirli hidrolik silaj balya makinesi, m\u0131s\u0131r saman\u0131, silaj, m\u0131s\u0131r sap\u0131, saman, \u00e7imen, sorgum, bu\u011fday saman\u0131 vb. gibi hemen hemen her t\u00fcrl\u00fc saman\u0131 balyalayabilir.\u00a0<\/li>    <li>Y\u00fcksek i\u015f verimlili\u011fi. \u00c7\u00fcnk\u00fc saatte 120-180 paket balyalayabilmektedir.<\/li>    <li>Tam otomatik. Bu hidrolik pres balyalama makinesi, s\u0131k\u0131\u015ft\u0131rma, demetleme ve balyalama i\u015flemlerini tek bir i\u015flemde otomatik olarak tamamlar.<\/li>    <li>Dayan\u0131kl\u0131 malzeme. A\u015f\u0131nmaya dayan\u0131kl\u0131 karbon \u00e7eli\u011fini benimser.<\/li>    <li>Uzun depolama s\u00fcresi. Do\u011fal olarak 3 y\u0131l kadar s\u00fcrebilmektedir.<\/li> <\/ul>    <h2 class=\"wp-block-heading\" id=\"h-materials-to-be-baled\"><strong>Silaj Balya Makinas\u0131yla Balyalanacak Malzemeler<\/strong><\/h2>    <p>Genel olarak, bu 3 silindirli hidrolik silaj balyalay\u0131c\u0131 saman, ot, m\u0131s\u0131r saplar\u0131, sorgum ve bu\u011fday saman\u0131 gibi malzemeleri i\u015fleyebilir. Elbette, yukar\u0131dakiler dahil ama bunlarla s\u0131n\u0131rl\u0131 de\u011fildir. Daha \u00f6nce kar\u015f\u0131la\u015fmad\u0131\u011f\u0131n\u0131z baz\u0131 malzemeler hakk\u0131nda \u015f\u00fcpheleriniz varsa, s\u0131n\u0131fland\u0131rmalar i\u00e7in bizimle ileti\u015fime ge\u00e7ebilirsiniz!<\/p>   <div class=\"wp-block-image\"> <figure class=\"aligncenter size-full\"><img loading=\"lazy\" decoding=\"async\" width=\"720\" height=\"540\" src=\"https:\/\/taizyagromachine.com\/wp-content\/uploads\/2022\/01\/materials.jpg\" alt=\"balyalanm\u0131\u015f malzemeler\" class=\"wp-image-1700\"\/><figcaption class=\"wp-element-caption\">balyalanm\u0131\u015f malzemeler<\/figcaption><\/figure> <\/div>   <h2 class=\"wp-block-heading\" id=\"h-applicable-animals\"><strong>Silajla \u00dcretilen Ge\u00e7erli Hayvanlar <\/strong><\/h2>    <p>Bu 3 silindirli hidrolik silaj balya makinesi esas olarak \u00e7e\u015fitli hayvanlar\u0131 beslemek ve b\u00fcy\u00fck hayvanc\u0131l\u0131k \u00e7iftliklerine yard\u0131mc\u0131 olmak amac\u0131yla silaj depolamak i\u00e7in kullan\u0131l\u0131r. Genel olarak bu silajlar s\u0131\u011f\u0131r, at, koyun, tav\u015fan vb. hayvanlar\u0131 beslemek i\u00e7in kullan\u0131labilir. Hayvanlar ot\u00e7ul oldu\u011fu s\u00fcrece silaj kullan\u0131labilir.<\/p>   <div class=\"wp-block-image\"> <figure class=\"aligncenter size-full\"><img loading=\"lazy\" decoding=\"async\" width=\"720\" height=\"540\" src=\"https:\/\/taizyagromachine.com\/wp-content\/uploads\/2022\/01\/application-range.jpg\" alt=\"uygulanabilir hayvanlar\" class=\"wp-image-1702\"\/><figcaption class=\"wp-element-caption\">uygulanabilir hayvanlar<\/figcaption><\/figure> <\/div>   <h2 class=\"wp-block-heading\" id=\"h-finished-products\"><strong>3 Silindirli Hidrolik Silaj Balya Makinas\u0131 ile Bitmi\u015f \u00dcr\u00fcnler<\/strong><\/h2>    <p>Bu 3 silindirli hidrolik silaj balyalama makinesi silaj\u0131 kare \u015fekillerde balyalayabilir. Bitmi\u015f \u00fcr\u00fcnler genellikle PE\/PP torbalarda saklan\u0131r. Silaj paketlemede bu torbalar\u0131n kullan\u0131lmas\u0131n\u0131n as\u0131l amac\u0131 silaj\u0131 nemden ve k\u00fcften korumakt\u0131r. Ayr\u0131ca bu t\u00fcr balyalar, \u00e7ift\u00e7inin depolama amac\u0131na uygun olarak silaj\u0131n uzun s\u00fcreli depolanmas\u0131na olanak tan\u0131r.<\/p>   <div class=\"wp-block-image\"> <figure class=\"aligncenter size-full\"><img loading=\"lazy\" decoding=\"async\" width=\"638\" height=\"478\" src=\"https:\/\/taizyagromachine.com\/wp-content\/uploads\/2022\/01\/finished-products-3-cylinder.jpg\" alt=\"bitmi\u015f \u00fcr\u00fcnler\" class=\"wp-image-1703\"\/><figcaption class=\"wp-element-caption\">bitmi\u015f \u00fcr\u00fcnler<\/figcaption><\/figure> <\/div>   <h2 class=\"wp-block-heading\" id=\"h-necessary-equipment\"><strong>3 Silindirli Hidrolik Silaj Balya Makinas\u0131 \u0130\u00e7in Gerekli Ekipmanlar <\/strong><\/h2>    <p class=\"translation-block\">E\u011fer hidrolik balyalama makinesini <a href=\"https:\/\/taizyagromachine.com\/tr\/\" target=\"_blank\" rel=\"noreferrer noopener\">Taizy Company<\/a>'den sat\u0131n al\u0131rsan\u0131z, profesyonel g\u00f6r\u00fc\u015f\u00fcm\u00fcze g\u00f6re, ayr\u0131ca ezici ve konvey\u00f6r de alman\u0131z\u0131 \u00f6neririz. \u00c7\u00fcnk\u00fc:<\/p>    <ol class=\"wp-block-list\" type=\"1\"> <li>Bu 3 silindirli hidrolik balyalama makinesi o kadar y\u00fcksek ki i\u015f\u00e7ilerin \u00e7im koymas\u0131 \u00e7ok zor.<\/li>    <li>Hidrolik pres balya makinesi de \u00e7ok y\u00fcksek \u00e7\u0131kt\u0131ya sahiptir. Bu nedenle sadece elle beslemenin ihtiyac\u0131n\u0131 kar\u015f\u0131lamas\u0131 zordur.<\/li> <\/ol>   <div class=\"wp-block-image\"> <figure class=\"aligncenter size-full\"><img loading=\"lazy\" decoding=\"async\" width=\"720\" height=\"540\" src=\"https:\/\/taizyagromachine.com\/wp-content\/uploads\/2022\/01\/crusher-and-conveyor.jpg\" alt=\"k\u0131r\u0131c\u0131 ve konvey\u00f6r\" class=\"wp-image-1705\"\/><figcaption class=\"wp-element-caption\">k\u0131r\u0131c\u0131 ve konvey\u00f6r<\/figcaption><\/figure> <\/div>   <h2 class=\"wp-block-heading\" id=\"h-similarities-differences-of-hydraulic-press-baler\"><strong>Hidrolik Silaj Balya Makinas\u0131n\u0131n Benzerlikleri ve Farkl\u0131l\u0131klar\u0131<\/strong><\/h2>    <p>Genel olarak, Taizy \u015eirketimizde hidrolik silaj balyalay\u0131c\u0131 2 silindirli ve 3 silindirli modeller bulunmaktad\u0131r. Bunlar\u0131 kar\u015f\u0131la\u015ft\u0131rd\u0131\u011f\u0131m\u0131zda baz\u0131 benzerlikler ve farkl\u0131l\u0131klar vard\u0131r. Bunlar\u0131 netle\u015ftirmek i\u00e7in devam edelim.<\/p>    <h3 class=\"wp-block-heading\" id=\"h-similarities\"><strong>Hidrolik Saman Balyalay\u0131c\u0131n\u0131n Benzerlikleri<\/strong><\/h3>    <ol class=\"wp-block-list\" type=\"1\"> <li>Balya \u015fekli. Her ikisi de kare \u015fekillerde balyalan\u0131r.<\/li>    <li>Balya boyutu. Boyut da ayn\u0131, 700*400*300mm.<\/li> <\/ol>    <h3 class=\"wp-block-heading\" id=\"h-differences\"><strong>2\/3 Silindir Hidrolik Farklar\u0131 <strong>Silaj<\/strong> Balya makinesi<\/strong><\/h3>    <ol class=\"wp-block-list\" type=\"1\"> <li>G\u00fc\u00e7. \u00c7ift silindirli silaj hidrolik pres balya makinesinde dizel motor ve elektrik motoru alternatifi mevcut olup, 3 silindirlide sadece elektrik motoru mevcuttur.<\/li>    <li>\u00c7\u0131k\u0131\u015f. \u00c7ift silindir saatte 100-120 torba, 3 silindir ise saatte 120-180 torba balyalayabilmektedir.<\/li> <\/ol>    <h2 class=\"wp-block-heading\"><strong>Hidrolik Silaj Balya Makinas\u0131 \u00c7al\u0131\u015fma Videosu<\/strong><\/h2>    <figure class=\"wp-block-embed is-type-video is-provider-youtube wp-block-embed-youtube wp-embed-aspect-16-9 wp-has-aspect-ratio\"><div class=\"wp-block-embed__wrapper\"> <iframe loading=\"lazy\" title=\"Kare Silaj Balyalama i\u00e7in Hidrolik Pres Silaj Balya Makinesi - Silaj Paketleme Makinalar\u0131 #silage\" width=\"500\" height=\"281\" src=\"https:\/\/www.youtube.com\/embed\/hkYSZuUMRCA?feature=oembed\" frameborder=\"0\" allow=\"accelerometer; autoplay; clipboard-write; encrypted-media; gyroscope; picture-in-picture; web-share\" referrerpolicy=\"strict-origin-when-cross-origin\" allowfullscreen><\/iframe> <\/div><\/figure>","protected":false},"excerpt":{"rendered":"<p>3 cylinder hydraulic silage baler\u00a0functions to compact, bundle, and pack hay straw into square shapes. From its name, it has 3 hydraulic cylinders to carry out the baling works. But for the power supply, this hydraulic press baler only utilizes the electric motor. Besides, the power of the electric motor is 22kW. Also, the bale [&hellip;]<\/p>\n","protected":false},"author":1,"featured_media":2146,"parent":0,"template":"","tags":[76,78,77,75],"product-type":[19],"class_list":["post-1274","product","type-product","status-publish","has-post-thumbnail","hentry","tag-hydraulic-silage-baler","tag-silage-baler-machine","tag-silage-baling-machine","tag-silage-machine","product-type-silage-machine"],"_links":{"self":[{"href":"https:\/\/taizyagromachine.com\/tr\/wp-json\/wp\/v2\/product\/1274","targetHints":{"allow":["GET"]}}],"collection":[{"href":"https:\/\/taizyagromachine.com\/tr\/wp-json\/wp\/v2\/product"}],"about":[{"href":"https:\/\/taizyagromachine.com\/tr\/wp-json\/wp\/v2\/types\/product"}],"author":[{"embeddable":true,"href":"https:\/\/taizyagromachine.com\/tr\/wp-json\/wp\/v2\/users\/1"}],"wp:featuredmedia":[{"embeddable":true,"href":"https:\/\/taizyagromachine.com\/tr\/wp-json\/wp\/v2\/media\/2146"}],"wp:attachment":[{"href":"https:\/\/taizyagromachine.com\/tr\/wp-json\/wp\/v2\/media?parent=1274"}],"wp:term":[{"taxonomy":"post_tag","embeddable":true,"href":"https:\/\/taizyagromachine.com\/tr\/wp-json\/wp\/v2\/tags?post=1274"},{"taxonomy":"product-type","embeddable":true,"href":"https:\/\/taizyagromachine.com\/tr\/wp-json\/wp\/v2\/product-type?post=1274"}],"curies":[{"name":"wp","href":"https:\/\/api.w.org\/{rel}","templated":true}]}}