{"id":1447,"date":"2021-12-07T07:35:01","date_gmt":"2021-12-07T07:35:01","guid":{"rendered":"https:\/\/taizyagromachine.com\/?p=1447"},"modified":"2022-09-29T09:26:12","modified_gmt":"2022-09-29T01:26:12","slug":"30tpd-rice-mill-production-line","status":"publish","type":"product","link":"https:\/\/taizyagromachine.com\/tr\/product\/30tpd-rice-mill-production-line\/","title":{"rendered":"30TPD Pirin\u00e7 De\u011firmeni \u00dcretim Hatt\u0131"},"content":{"rendered":"<p class=\"translation-block\"><strong>30TPD pirin\u00e7 i\u015fleme \u00fcretim hatt\u0131<\/strong>, pirin\u00e7 \u00f6\u011f\u00fctme i\u00e7in y\u00fcksek \u00e7\u0131kt\u0131l\u0131 bir \u00fcretim hatt\u0131d\u0131r. Bu pirin\u00e7 i\u015fleme tesisi g\u00fcnde 30 ton kapasiteye sahiptir. Ayr\u0131ca, <a href=\"https:\/\/taizyagromachine.com\/tr\/product\/solutions\/\" target=\"_blank\" rel=\"noreferrer noopener\">tam otomatik \u00fcretim hatt\u0131<\/a> olup, i\u015f\u00e7ilik ve zamandan tasarruf sa\u011flar. \u00dcst kat\u0131 kontrol ve bak\u0131m, alt kat\u0131 ise \u00e7al\u0131\u015fma i\u00e7in olmak \u00fczere iki kat platforma sahiptir. Ayn\u0131 zamanda, \u00e7e\u015fitli i\u015f gereksinimlerinizi kar\u015f\u0131layabilen y\u00fcksek \u00e7al\u0131\u015fma verimlili\u011fine sahiptir. Ancak bu tam 30tdp pirin\u00e7 i\u015fleme \u00fcretim hatt\u0131n\u0131n iki veya \u00fc\u00e7 pirin\u00e7 i\u015fleme makinesine sahip oldu\u011funu unutmamal\u0131s\u0131n\u0131z. Bu, taleplerinize ba\u011fl\u0131d\u0131r. Pirin\u00e7 fabrikas\u0131 \u00f6l\u00e7e\u011finize g\u00f6re esnek bir se\u00e7im yapabilirsiniz. Bu pirin\u00e7 i\u015fleme tesisi, sat\u0131\u015f i\u00e7in daha beyaz ve daha kaliteli pirin\u00e7 elde etmenize yard\u0131mc\u0131 oldu\u011fu i\u00e7in i\u015fletmenize fayda sa\u011flayabilir. \u0130\u015fletmenizi kolayla\u015ft\u0131rmak i\u00e7in bir tane ister misiniz? Daha fazla bilgi i\u00e7in l\u00fctfen bizimle ileti\u015fime ge\u00e7in!<\/p>   <div class=\"wp-block-image\"> <figure class=\"aligncenter size-full\"><img loading=\"lazy\" decoding=\"async\" width=\"720\" height=\"540\" src=\"https:\/\/taizyagromachine.com\/wp-content\/uploads\/2022\/02\/30tpd-rice-mill-production-line.jpg\" alt=\"30tpd pirin\u00e7 de\u011firmeni \u00fcretim hatt\u0131\" class=\"wp-image-1936\" srcset=\"https:\/\/taizyagromachine.com\/wp-content\/uploads\/2022\/02\/30tpd-rice-mill-production-line.jpg 720w, https:\/\/taizyagromachine.com\/wp-content\/uploads\/2022\/02\/30tpd-rice-mill-production-line-300x225.jpg 300w\" sizes=\"auto, (max-width: 720px) 100vw, 720px\" \/><figcaption>30tpd pirin\u00e7 de\u011firmeni \u00fcretim hatt\u0131<\/figcaption><\/figure> <\/div>   <h2 class=\"wp-block-heading\" id=\"structure-of-30t-rice-mill-plant-for-sale\"><strong>Sat\u0131l\u0131k 30 Ton Pirin\u00e7 De\u011firmeni Tesisinin Yap\u0131s\u0131<\/strong><strong><\/strong><\/h2>    <p class=\"translation-block\">Kombine temizleyici, ta\u015f ay\u0131r\u0131c\u0131, pirin\u00e7 kabuk soyucu, <a href=\"https:\/\/taizyagromachine.com\/tr\/product\/gravity-paddy-separator\/\" target=\"_blank\" rel=\"noreferrer noopener\">kavuzlu pirin\u00e7 ay\u0131r\u0131c\u0131<\/a>, birinci pirin\u00e7 i\u015fleme makinesi, ikinci pirin\u00e7 i\u015fleme makinesi, \u00fc\u00e7\u00fcnc\u00fc pirin\u00e7 i\u015fleme makinesi, beyaz pirin\u00e7 ay\u0131r\u0131c\u0131, pirin\u00e7 su parlat\u0131c\u0131, <a href=\"https:\/\/en.wikipedia.org\/wiki\/Colour_sorter\" target=\"_blank\" rel=\"noreferrer noopener\">renk ay\u0131r\u0131c\u0131<\/a>, paketleme makinesi<\/p>   <div class=\"wp-block-image\"> <figure class=\"aligncenter size-full\"><img loading=\"lazy\" decoding=\"async\" width=\"720\" height=\"450\" src=\"https:\/\/taizyagromachine.com\/wp-content\/uploads\/2022\/02\/structure-30tpd-production-line.jpg\" alt=\"yap\u0131-30tpd-\u00fcretim hatt\u0131\" class=\"wp-image-1937\" srcset=\"https:\/\/taizyagromachine.com\/wp-content\/uploads\/2022\/02\/structure-30tpd-production-line.jpg 720w, https:\/\/taizyagromachine.com\/wp-content\/uploads\/2022\/02\/structure-30tpd-production-line-300x188.jpg 300w\" sizes=\"auto, (max-width: 720px) 100vw, 720px\" \/><figcaption>yap\u0131<\/figcaption><\/figure> <\/div>   <h2 class=\"wp-block-heading\" id=\"features-of-complete-30t-rice-mill-machine-plant\"><strong>Komple 30 tonluk Pirin\u00e7 De\u011firmeni Makine Fabrikas\u0131n\u0131n \u00d6zellikleri<\/strong><strong><\/strong><\/h2>    <ul class=\"wp-block-list\" type=\"1\"><li>Tam otomatik 30 ton\/g\u00fcn pirin\u00e7 de\u011firmeni \u00fcretim hatt\u0131, y\u00fcksek verimli \u00e7\u0131kt\u0131.<\/li><li>Modern pirin\u00e7 de\u011firmeninin harika tasar\u0131m\u0131, bak\u0131m\u0131 ve kullan\u0131m\u0131 kolayd\u0131r.<\/li><li>Kompakt yap\u0131, istikrarl\u0131 performans, y\u00fcksek kaliteli beyaz pirin\u00e7.<\/li><li>Pirin\u00e7 \u00e7\u0131k\u0131\u015f oran\u0131 70% civar\u0131nda, k\u0131r\u0131k pirin\u00e7 oran\u0131 ise 2%'dir.<\/li><li>D\u00fc\u015f\u00fck g\u00fc\u00e7 t\u00fcketimi.<\/li><li>Pirin\u00e7 de\u011firmeni tesisi m\u00fc\u015fterilerin ihtiya\u00e7lar\u0131na g\u00f6re \u00f6zelle\u015ftirilebilir.<\/li><\/ul>    <h2 class=\"wp-block-heading\" id=\"what-functions-of-combined-cleaner\"><strong>Kombine Temizleyicinin \u0130\u015flevleri Nelerdir?<\/strong><strong><\/strong><\/h2>    <p>15 tonluk pirin\u00e7 de\u011firmeni \u00fcretim hatt\u0131 gibi di\u011fer \u00fcretim hatlar\u0131yla kar\u015f\u0131la\u015ft\u0131r\u0131ld\u0131\u011f\u0131nda, bu 30 tonluk otomatik pirin\u00e7 i\u015fleme tesisi kombine temizleyiciye sahiptir. Profesyonel bir \u00fcretici ve tedarik\u00e7i olarak, b\u00fcy\u00fck pirin\u00e7 de\u011firmeni \u00fcretim hatt\u0131 i\u00e7in kombine temizleyiciyi \u00f6neriyoruz. Esas olarak b\u00fcy\u00fck ve k\u00fc\u00e7\u00fck yabanc\u0131 maddeleri giderme i\u015flevi g\u00f6r\u00fcr. \u00a0\u00c7\u00fcnk\u00fc hasat s\u0131ras\u0131nda \u00e7eltik i\u00e7erisine baz\u0131 yabanc\u0131 maddeler girmektedir.<\/p>    <p>\u00c7al\u0131\u015fma prensibi ele\u011fe dayanmaktad\u0131r. Kombine temizleyici, ele\u011fin delik boyutuna uygun olarak yabanc\u0131 maddeleri uzakla\u015ft\u0131rmakt\u0131r. &nbsp;<\/p>    <h2 class=\"wp-block-heading\" id=\"choose-multiple-rice-milling\"><strong>\u00c7oklu Pirin\u00e7 \u00d6\u011f\u00fctmeyi Se\u00e7in<\/strong><strong><\/strong><\/h2>    <p>B\u00fcy\u00fck pirin\u00e7 de\u011firmeni \u00fcretim hatt\u0131 i\u00e7in, pirin\u00e7 de\u011firmeni tesisi her zaman birden fazla pirin\u00e7 \u00f6\u011f\u00fctmeyi benimser. \u0130ki nedeni var:<\/p>    <ol class=\"wp-block-list\" type=\"1\"><li>\u00c7oklu pirin\u00e7 \u00f6\u011f\u00fctme, k\u0131r\u0131k pirin\u00e7 oran\u0131n\u0131 verimli bir \u015fekilde azaltarak beyaz pirincin tamam\u0131n\u0131n kalitesini garanti edebilir.<\/li><li>Ayr\u0131ca b\u00fcy\u00fck \u00e7\u0131kt\u0131y\u0131 garanti edebilir.<\/li><\/ol>    <p>Yukar\u0131daki nedenlere dayanarak, yaln\u0131zca 30 ton\/g\u00fcnl\u00fck \u00fcretim hatt\u0131 de\u011fil, b\u00fcy\u00fck pirin\u00e7 de\u011firmeni \u00fcretim hatt\u0131 da gerekli hedefe ula\u015fmak i\u00e7in \u00e7oklu pirin\u00e7 \u00f6\u011f\u00fctmeyi kullanabilir.<\/p>   <div class=\"wp-block-image\"> <figure class=\"aligncenter size-full\"><img loading=\"lazy\" decoding=\"async\" width=\"720\" height=\"400\" src=\"https:\/\/taizyagromachine.com\/wp-content\/uploads\/2022\/02\/multiple-rice-milling-30tpd.jpg\" alt=\"\u00e7oklu pirin\u00e7 \u00f6\u011f\u00fctme\" class=\"wp-image-1939\" srcset=\"https:\/\/taizyagromachine.com\/wp-content\/uploads\/2022\/02\/multiple-rice-milling-30tpd.jpg 720w, https:\/\/taizyagromachine.com\/wp-content\/uploads\/2022\/02\/multiple-rice-milling-30tpd-300x167.jpg 300w\" sizes=\"auto, (max-width: 720px) 100vw, 720px\" \/><figcaption>\u00e7oklu pirin\u00e7 \u00f6\u011f\u00fctme<\/figcaption><\/figure> <\/div>   <h2 class=\"wp-block-heading\" id=\"why-use-air-compressor\"><strong>Neden Hava Kompres\u00f6r\u00fc Kullanmal\u0131?<\/strong><strong><\/strong><\/h2>    <p>30 tonluk pirin\u00e7 de\u011firmeni tesisi \u00fcretim hatt\u0131n\u0131n tamam\u0131n\u0131 sat\u0131n ald\u0131\u011f\u0131n\u0131zda hava kompres\u00f6r\u00fc gereklidir. Bu \u00fcretim hatt\u0131nda renk ay\u0131r\u0131c\u0131, pirin\u00e7 suyu parlat\u0131c\u0131 ve paketleme makinesinde hava kompres\u00f6r\u00fc kullan\u0131lmal\u0131d\u0131r. Sebepler a\u015fa\u011f\u0131daki gibidir:<\/p>    <ol class=\"wp-block-list\" type=\"1\"><li>Renk ayr\u0131m\u0131n\u0131n ard\u0131ndan hava kompres\u00f6r\u00fc niteliksiz pirinci \u00fcfler.<\/li><li>Pirin\u00e7 suyu parlat\u0131c\u0131 i\u00e7in hava kompres\u00f6r\u00fc su sisi olu\u015fturma, so\u011futma ve tozu uzakla\u015ft\u0131rma i\u015flevi g\u00f6r\u00fcr.<\/li><li>Paketleme makinesiyle ilgili olarak, hava kompres\u00f6r\u00fcn\u00fcn iki i\u015flevi bo\u015faltma miktar\u0131n\u0131 kontrol etmek ve torbalar\u0131 klipslemektir.<\/li><\/ol>   <div class=\"wp-block-image\"> <figure class=\"aligncenter size-full\"><img loading=\"lazy\" decoding=\"async\" width=\"720\" height=\"400\" src=\"https:\/\/taizyagromachine.com\/wp-content\/uploads\/2022\/02\/air-compressor-30tpd.jpg\" alt=\"hava kompres\u00f6r\u00fc-30tpd\" class=\"wp-image-1941\" srcset=\"https:\/\/taizyagromachine.com\/wp-content\/uploads\/2022\/02\/air-compressor-30tpd.jpg 720w, https:\/\/taizyagromachine.com\/wp-content\/uploads\/2022\/02\/air-compressor-30tpd-300x167.jpg 300w\" sizes=\"auto, (max-width: 720px) 100vw, 720px\" \/><figcaption>hava kompres\u00f6r\u00fc<\/figcaption><\/figure> <\/div>   <h2 class=\"wp-block-heading\" id=\"which-places-are-applicable\"><strong>Hangi Yerlere Uygulanabilir?<\/strong><strong><\/strong><\/h2>    <ol class=\"wp-block-list\" type=\"1\"><li>Pirin\u00e7 fabrikalar\u0131.<\/li><li>Tar\u0131m arazisi sahipleri.<\/li><li>Distrib\u00fct\u00f6rler\/acenteler.<\/li><\/ol>    <h2 class=\"wp-block-heading\" id=\"related-production-line\"><strong>\u0130lgili \u00dcretim Hatt\u0131<\/strong><strong><\/strong><\/h2>    <p class=\"translation-block\"><a href=\"https:\/\/taizyagromachine.com\/tr\/\" target=\"_blank\" rel=\"noreferrer noopener\">Taizy Machine Company<\/a> olarak sadece 30tdp pirin\u00e7 i\u015fleme \u00fcretim hatt\u0131 de\u011fil, ayn\u0131 zamanda 15tpd \u00fcretim hatt\u0131, 20tpd \u00fcretim hatt\u0131 vb. de tedarik ediyoruz.<\/p>","protected":false},"excerpt":{"rendered":"<p>30TPD rice mill production line&nbsp;is a large output production line for rice milling. This rice mill plant has the capacity of 30t per day. Besides, it\u2019s fully automatic production line, saving labor and time. It also has two layers of platforms: the upper is for check and maintenance, the lower is for work. At the [&hellip;]<\/p>\n","protected":false},"author":1,"featured_media":2082,"parent":0,"template":"","tags":[38],"product-type":[27],"class_list":["post-1447","product","type-product","status-publish","has-post-thumbnail","hentry","tag-rice-mill-production-line","product-type-solutions"],"_links":{"self":[{"href":"https:\/\/taizyagromachine.com\/tr\/wp-json\/wp\/v2\/product\/1447","targetHints":{"allow":["GET"]}}],"collection":[{"href":"https:\/\/taizyagromachine.com\/tr\/wp-json\/wp\/v2\/product"}],"about":[{"href":"https:\/\/taizyagromachine.com\/tr\/wp-json\/wp\/v2\/types\/product"}],"author":[{"embeddable":true,"href":"https:\/\/taizyagromachine.com\/tr\/wp-json\/wp\/v2\/users\/1"}],"wp:featuredmedia":[{"embeddable":true,"href":"https:\/\/taizyagromachine.com\/tr\/wp-json\/wp\/v2\/media\/2082"}],"wp:attachment":[{"href":"https:\/\/taizyagromachine.com\/tr\/wp-json\/wp\/v2\/media?parent=1447"}],"wp:term":[{"taxonomy":"post_tag","embeddable":true,"href":"https:\/\/taizyagromachine.com\/tr\/wp-json\/wp\/v2\/tags?post=1447"},{"taxonomy":"product-type","embeddable":true,"href":"https:\/\/taizyagromachine.com\/tr\/wp-json\/wp\/v2\/product-type?post=1447"}],"curies":[{"name":"wp","href":"https:\/\/api.w.org\/{rel}","templated":true}]}}