{"id":1496,"date":"2021-12-10T03:12:00","date_gmt":"2021-12-10T03:12:00","guid":{"rendered":"https:\/\/taizyagromachine.com\/?p=1496"},"modified":"2022-09-29T14:04:15","modified_gmt":"2022-09-29T06:04:15","slug":"38tpd-rice-mill-plant","status":"publish","type":"product","link":"https:\/\/taizyagromachine.com\/tr\/product\/38tpd-rice-mill-plant\/","title":{"rendered":"38TPD Pirin\u00e7 \u0130\u015fleme Tesisi"},"content":{"rendered":"<p class=\"translation-block\"><strong>38TPD pirin\u00e7 i\u015fleme tesisi<\/strong>, b\u00fcy\u00fck \u00f6l\u00e7ekli \u00e7eltik \u00f6\u011f\u00fctme i\u00e7in ideal bir tesistir. G\u00fcnde 38 ton beyaz pirin\u00e7 \u00fcretebildi\u011fi i\u00e7in y\u00fcksek verimlili\u011fe sahiptir. Pirin\u00e7 fabrikalar\u0131, \u00e7iftlik sahipleri vb. i\u00e7in \u00e7ok uygundur. Tam otomatik ve eksiksiz bir \u00fcretim hatt\u0131 olarak tasarlanm\u0131\u015ft\u0131r. Elbette taleplerinize g\u00f6re uygun bir pirin\u00e7 de\u011firmeni tesisi \u00f6nerebiliriz. Bu 38 tonluk pirin\u00e7 de\u011firmeni tesisi \u00e7ekici bir g\u00f6r\u00fcn\u00fcme, istikrarl\u0131 performansa ve \u00fcst\u00fcn kaliteye sahiptir. Ayr\u0131ca platformlar\u0131 da bulunmaktad\u0131r. \u00dcst platform kontrol ve bak\u0131m i\u00e7in, alt platform ise \u00e7al\u0131\u015fma platformu i\u00e7indir. Herhangi bir ihtiyac\u0131n\u0131z olursa, detaylar i\u00e7in bizimle ileti\u015fime ge\u00e7menizi rica ederiz!<\/p>    <h2 class=\"wp-block-heading\" id=\"working-flow-of-38t-production-line\"><strong>38t \u00dcretim Hatt\u0131n\u0131n \u00c7al\u0131\u015fma Ak\u0131\u015f\u0131<\/strong><\/h2>    <p>A\u015fa\u011f\u0131daki proses ak\u0131\u015f\u0131ndan pirin\u00e7 de\u011firmeni tesisinin tamam\u0131n\u0131n nas\u0131l \u00e7al\u0131\u015ft\u0131\u011f\u0131n\u0131 a\u00e7\u0131k\u00e7a g\u00f6rebiliriz. Prosed\u00fcr ve s\u0131ra a\u00e7\u0131k\u00e7a g\u00f6sterilmi\u015ftir.<\/p>   <div class=\"wp-block-image\"> <figure class=\"aligncenter size-full\"><img loading=\"lazy\" decoding=\"async\" width=\"720\" height=\"540\" src=\"https:\/\/taizyagromachine.com\/wp-content\/uploads\/2022\/02\/work-flow-38tpd.jpg\" alt=\"i\u015f ak\u0131\u015f\u0131\" class=\"wp-image-1983\" srcset=\"https:\/\/taizyagromachine.com\/wp-content\/uploads\/2022\/02\/work-flow-38tpd.jpg 720w, https:\/\/taizyagromachine.com\/wp-content\/uploads\/2022\/02\/work-flow-38tpd-300x225.jpg 300w\" sizes=\"auto, (max-width: 720px) 100vw, 720px\" \/><figcaption>i\u015f ak\u0131\u015f\u0131<\/figcaption><\/figure> <\/div>   <h2 class=\"wp-block-heading\" id=\"structure-of-integrated-38tpd-rice-milling-plant-for-sale\"><strong>Sat\u0131l\u0131k Entegre 38 tonluk Pirin\u00e7 \u0130\u015fleme Tesisinin Yap\u0131s\u0131<\/strong><\/h2>    <p>Bu yap\u0131 kompakt ve makuld\u00fcr \u00e7\u00fcnk\u00fc \u00e7al\u0131\u015fma s\u0131ras\u0131 d\u00fczg\u00fcnd\u00fcr. Y\u00fcksek kaliteli ve daha iyi yenilebilir beyaz pirin\u00e7 elde etmek i\u00e7in kesinlikle bu prosed\u00fcre birka\u00e7 makine eklenebilir.<\/p>   <div class=\"wp-block-image\"> <figure class=\"aligncenter size-full\"><img loading=\"lazy\" decoding=\"async\" width=\"720\" height=\"540\" src=\"https:\/\/taizyagromachine.com\/wp-content\/uploads\/2022\/02\/structure-38t-rice-milling-plant.jpg\" alt=\"38 tonluk pirin\u00e7 i\u015fleme tesisinin yap\u0131s\u0131\" class=\"wp-image-1984\" srcset=\"https:\/\/taizyagromachine.com\/wp-content\/uploads\/2022\/02\/structure-38t-rice-milling-plant.jpg 720w, https:\/\/taizyagromachine.com\/wp-content\/uploads\/2022\/02\/structure-38t-rice-milling-plant-300x225.jpg 300w\" sizes=\"auto, (max-width: 720px) 100vw, 720px\" \/><figcaption>38 tonluk pirin\u00e7 i\u015fleme tesisinin yap\u0131s\u0131<\/figcaption><\/figure> <\/div>   <h2 class=\"wp-block-heading\" id=\"features-of-complete-38tpd-rice-mill-plant\"><strong>Komple 38 tonluk Pirin\u00e7 De\u011firmeni Tesisinin \u00d6zellikleri<\/strong><\/h2>    <ul class=\"wp-block-list\" type=\"1\"><li>Kolay kurulum, \u00e7\u00fcnk\u00fc bu d\u00fczenli prosese g\u00f6re d\u00fczenlenmi\u015ftir.<\/li><li>\u00c7ekici g\u00f6r\u00fcn\u00fcm. G\u00f6r\u00fcn\u00fcm\u00fc d\u00fczg\u00fcn ve g\u00fczel, insanlar\u0131 cezbediyor ve rahat duygular yarat\u0131yor.<\/li><li>Basit operasyon. Kullan\u0131m k\u0131lavuzunu sa\u011fl\u0131yoruz. Ayr\u0131ca makine \u00fczerinde \u0130ngilizce a\u00e7\u0131klamalar bulunmaktad\u0131r.<\/li><li>At\u00f6lye i\u00e7in d\u00fc\u015f\u00fck gereksinim. Tah\u0131l istasyonu, pirin\u00e7 fabrikas\u0131 ve \u00e7iftlikler i\u00e7in ideal pirin\u00e7 i\u015fleme ekipman\u0131d\u0131r.<\/li><li>\u00d6zelle\u015ftirme. Beyaz pirin\u00e7 tasnif makinesi ihtiya\u00e7lar\u0131n\u0131z\u0131 kar\u015f\u0131layacak \u015fekilde \u00f6zelle\u015ftirilebilir.<\/li><\/ul>    <h2 class=\"wp-block-heading\" id=\"optional-equipment\"><strong>Pirin\u00e7 \u0130\u015fleme Tesisi i\u00e7in Opsiyonel Ekipmanlar<\/strong><\/h2>    <p class=\"translation-block\"><a href=\"https:\/\/taizyagromachine.com\/tr\/\" target=\"_blank\" rel=\"noreferrer noopener\">Deneyimli bir \u00fcretici ve tedarik\u00e7i<\/a> olarak, i\u015fletmenizi geli\u015ftirmek i\u00e7in uygun bir pirin\u00e7 de\u011firmeni tesisi sunabiliriz. \u00d6rne\u011fin, tam 38 ton\/g\u00fcn pirin\u00e7 de\u011firmeni \u00fcretim hatt\u0131nda ta\u015f ay\u0131r\u0131c\u0131, <a href=\"https:\/\/en.wikipedia.org\/wiki\/Rice_huller\" target=\"_blank\" rel=\"noreferrer noopener\">\u00e7eltik kabu\u011fu soyucu<\/a>, yer\u00e7ekimi \u00e7eltik ay\u0131r\u0131c\u0131, pirin\u00e7 de\u011firmeni ve beyaz pirin\u00e7 s\u0131n\u0131fland\u0131r\u0131c\u0131 makineleri bulunmaktad\u0131r.<\/p>   <div class=\"wp-block-image\"> <figure class=\"aligncenter size-full\"><img loading=\"lazy\" decoding=\"async\" width=\"720\" height=\"540\" src=\"https:\/\/taizyagromachine.com\/wp-content\/uploads\/2022\/02\/complete-rice-mill-plant-38t.jpg\" alt=\"komple pirin\u00e7 de\u011firmeni tesisi\" class=\"wp-image-1987\" srcset=\"https:\/\/taizyagromachine.com\/wp-content\/uploads\/2022\/02\/complete-rice-mill-plant-38t.jpg 720w, https:\/\/taizyagromachine.com\/wp-content\/uploads\/2022\/02\/complete-rice-mill-plant-38t-300x225.jpg 300w\" sizes=\"auto, (max-width: 720px) 100vw, 720px\" \/><figcaption>komple pirin\u00e7 de\u011firmeni tesisi<\/figcaption><\/figure> <\/div>   <p>Dahas\u0131, gerekli hedeflere ula\u015fmak i\u00e7in i\u015fbirli\u011fi yap\u0131labilecek ba\u015fka ekipmanlar da mevcuttur. Renk ay\u0131r\u0131c\u0131, pirin\u00e7 parlat\u0131c\u0131, paketleme makinesi, depolama kutusu vb. \u00dcretim ihtiya\u00e7lar\u0131n\u0131z\u0131 bize bildirdi\u011finiz s\u00fcrece m\u00fckemmel \u00e7\u00f6z\u00fcm\u00fc sunaca\u011f\u0131z. &nbsp;&nbsp;<\/p>    <p>Ayr\u0131ca \u00fcretim hatt\u0131n\u0131n aras\u0131na yerle\u015ftirece\u011finiz kurutucuyu da se\u00e7ebilirsiniz.<\/p>    <h2 class=\"wp-block-heading\" id=\"why-choose-us\"><strong>Neden Bizi Se\u00e7melisiniz?<\/strong><strong><\/strong><\/h2>    <p>Biz profesyonel bir tar\u0131m makinesi \u00fcreticisi ve tedarik\u00e7isiyiz. Taizy Machine Company, uluslararas\u0131 tar\u0131m ticaretinde y\u00fcksek bir itibara sahiptir. Bunlar\u0131n d\u0131\u015f\u0131nda onlarca y\u0131l\u0131 a\u015fk\u0131n bir s\u00fcredir bu alanda derinlemesine faaliyet g\u00f6steriyoruz. Yani zengin deneyimlerimiz var. Ve m\u00fc\u015fterilerimize uygun tar\u0131m makinelerini \u00f6nerece\u011fimizden eminiz.<\/p>   <div class=\"wp-block-image\"> <figure class=\"aligncenter size-full\"><img loading=\"lazy\" decoding=\"async\" width=\"720\" height=\"540\" src=\"https:\/\/taizyagromachine.com\/wp-content\/uploads\/2022\/02\/stregth-display-38t.jpg\" alt=\"fabrika g\u00fcc\u00fc\" class=\"wp-image-1986\" srcset=\"https:\/\/taizyagromachine.com\/wp-content\/uploads\/2022\/02\/stregth-display-38t.jpg 720w, https:\/\/taizyagromachine.com\/wp-content\/uploads\/2022\/02\/stregth-display-38t-300x225.jpg 300w\" sizes=\"auto, (max-width: 720px) 100vw, 720px\" \/><figcaption>fabrika g\u00fcc\u00fc<\/figcaption><\/figure> <\/div>   <p>\u00d6rnek olarak 38 tonluk bir pirin\u00e7 i\u015fleme tesisini ele al\u0131rsak, tamamen eksiksiz bir \u00fcretim hatt\u0131, besleme hunisi, kurutucu, kombine temizleyici, ta\u015f ay\u0131r\u0131c\u0131, pirin\u00e7 kabu\u011fu \u00e7\u0131kar\u0131c\u0131, yer\u00e7ekimi ay\u0131r\u0131c\u0131, pirin\u00e7 de\u011firmeni makinesi (\u00fc\u00e7 set), pirin\u00e7 parlat\u0131c\u0131, beyaz pirin\u00e7 tasnif makinesi, renk s\u0131ralay\u0131c\u0131y\u0131 i\u00e7erir. depolama kutusu, paketleme makinesi. Bu makineler aras\u0131nda pirin\u00e7 de\u011firmeni pantolonunu ihtiyac\u0131n\u0131za g\u00f6re kombinleyebiliriz.<\/p>    <h2 class=\"wp-block-heading\" id=\"related-machines\"><strong>\u0130lgili Makineler<\/strong><strong><\/strong><\/h2>    <div class=\"wp-block-columns is-layout-flex wp-container-core-columns-is-layout-9d6595d7 wp-block-columns-is-layout-flex\"> <div class=\"wp-block-column is-layout-flow wp-block-column-is-layout-flow\"><div class=\"wp-block-image\"> <figure class=\"aligncenter size-full\"><img loading=\"lazy\" decoding=\"async\" width=\"720\" height=\"540\" src=\"https:\/\/taizyagromachine.com\/wp-content\/uploads\/2022\/01\/30tpd-rice-milling.jpg\" alt=\"30 ton\/g\u00fcnl\u00fck pirin\u00e7 \u00f6\u011f\u00fctme tesisi\" class=\"wp-image-1758\"\/><figcaption>30 ton\/g\u00fcnl\u00fck pirin\u00e7 \u00f6\u011f\u00fctme tesisi<\/figcaption><\/figure> <\/div><\/div>    <div class=\"wp-block-column is-layout-flow wp-block-column-is-layout-flow\"><div class=\"wp-block-image\"> <figure class=\"aligncenter size-full\"><a href=\"https:\/\/taizyagromachine.com\/tr\/product\/20tpd-rice-mill-plant\/\"><img loading=\"lazy\" decoding=\"async\" width=\"720\" height=\"540\" src=\"https:\/\/taizyagromachine.com\/wp-content\/uploads\/2022\/01\/20t-rice-milling-standard-1.jpg\" alt=\"20 tpd pirin\u00e7 \u00f6\u011f\u00fctme tesisi\" class=\"wp-image-1768\"\/><\/a><figcaption>20 tpd pirin\u00e7 \u00f6\u011f\u00fctme tesisi<\/figcaption><\/figure> <\/div><\/div> <\/div>","protected":false},"excerpt":{"rendered":"<p>38TPD rice processing plant\u00a0is an ideal plant for the large output of rice milling. Because it can produce white rice for 38t per day, it has high efficiency. It\u2019s very suitable for rice factories, farm owners, etc. It\u2019s designed to be a fully automatic and complete production line. Of course, we can recommend a suitable [&hellip;]<\/p>\n","protected":false},"author":1,"featured_media":1981,"parent":0,"template":"","tags":[156,155,35,56,37,38,57,55],"product-type":[18],"class_list":["post-1496","product","type-product","status-publish","has-post-thumbnail","hentry","tag-38tpd-rice-mill-plant","tag-auto-rice-mill-plant","tag-rice-mill","tag-rice-mill-machine","tag-rice-mill-plant","tag-rice-mill-production-line","tag-rice-milling-machine","tag-rice-milling-plant","product-type-rice-mill"],"_links":{"self":[{"href":"https:\/\/taizyagromachine.com\/tr\/wp-json\/wp\/v2\/product\/1496","targetHints":{"allow":["GET"]}}],"collection":[{"href":"https:\/\/taizyagromachine.com\/tr\/wp-json\/wp\/v2\/product"}],"about":[{"href":"https:\/\/taizyagromachine.com\/tr\/wp-json\/wp\/v2\/types\/product"}],"author":[{"embeddable":true,"href":"https:\/\/taizyagromachine.com\/tr\/wp-json\/wp\/v2\/users\/1"}],"wp:featuredmedia":[{"embeddable":true,"href":"https:\/\/taizyagromachine.com\/tr\/wp-json\/wp\/v2\/media\/1981"}],"wp:attachment":[{"href":"https:\/\/taizyagromachine.com\/tr\/wp-json\/wp\/v2\/media?parent=1496"}],"wp:term":[{"taxonomy":"post_tag","embeddable":true,"href":"https:\/\/taizyagromachine.com\/tr\/wp-json\/wp\/v2\/tags?post=1496"},{"taxonomy":"product-type","embeddable":true,"href":"https:\/\/taizyagromachine.com\/tr\/wp-json\/wp\/v2\/product-type?post=1496"}],"curies":[{"name":"wp","href":"https:\/\/api.w.org\/{rel}","templated":true}]}}