{"id":1498,"date":"2021-12-10T03:12:22","date_gmt":"2021-12-10T03:12:22","guid":{"rendered":"https:\/\/taizyagromachine.com\/?p=1498"},"modified":"2023-02-09T10:40:33","modified_gmt":"2023-02-09T02:40:33","slug":"rice-milling-production-line","status":"publish","type":"product","link":"https:\/\/taizyagromachine.com\/tr\/product\/rice-milling-production-line\/","title":{"rendered":"25TPD Entegre Pirin\u00e7 \u00d6\u011f\u00fctme \u00dcretim Hatt\u0131"},"content":{"rendered":"<p class=\"translation-block\"><strong>G\u00fcnde 25 ton entegre pirin\u00e7 i\u015fleme \u00fcretim hatt\u0131<\/strong>, g\u00fcnde 25 ton \u00fcretim i\u00e7in \u00f6zel pirin\u00e7 i\u015fleme ekipman\u0131d\u0131r. \u00c7eltik pirinci beyaz pirince d\u00f6n\u00fc\u015ft\u00fcrmek i\u00e7in i\u015flev g\u00f6r\u00fcr. Bu pirin\u00e7 i\u015fleme tesisi, \u00e7al\u0131\u015fma platformuna sahiptir, yaln\u0131zca tek katmanl\u0131d\u0131r. Ayr\u0131ca, kompakt bir yap\u0131ya, d\u00fc\u015f\u00fck t\u00fcketime ve kolay kullan\u0131ma sahiptir. G\u00fcvenilir bir tar\u0131m makineleri \u00fcreticisi ve tedarik\u00e7isi olarak, sat\u0131\u015fa sundu\u011fumuz \u00e7e\u015fitli \u00e7\u0131kt\u0131 pirin\u00e7 i\u015fleme makinesi tesislerimiz bulunmaktad\u0131r. Farkl\u0131 \u00e7\u0131kt\u0131lar \u00e7e\u015fitli gereksinimlerinizi kar\u015f\u0131layabilir. K\u00fc\u00e7\u00fck ve orta \u00f6l\u00e7ekli pirin\u00e7 i\u015fleme tesisleri i\u00e7in ideal bir se\u00e7imdir. Daha fazla bilgi i\u00e7in bizimle ileti\u015fime ge\u00e7menizi rica ederiz! 25 ton\/g\u00fcn pirin\u00e7 i\u015fleme \u00fcretim hatt\u0131.<\/p>   <div class=\"wp-block-image\"> <figure class=\"aligncenter size-full\"><img loading=\"lazy\" decoding=\"async\" width=\"720\" height=\"540\" src=\"https:\/\/taizyagromachine.com\/wp-content\/uploads\/2022\/02\/25TPD-rice-mill-production-line.jpg\" alt=\"25TPD pirin\u00e7 fabrikas\u0131 \u00fcretim hatt\u0131\" class=\"wp-image-1923\" srcset=\"https:\/\/taizyagromachine.com\/wp-content\/uploads\/2022\/02\/25TPD-rice-mill-production-line.jpg 720w, https:\/\/taizyagromachine.com\/wp-content\/uploads\/2022\/02\/25TPD-rice-mill-production-line-300x225.jpg 300w\" sizes=\"auto, (max-width: 720px) 100vw, 720px\" \/><figcaption class=\"wp-element-caption\">25TPD pirin\u00e7 fabrikas\u0131 \u00fcretim hatt\u0131<\/figcaption><\/figure> <\/div>   <h2 class=\"wp-block-heading\" id=\"structure-of-25tpd-rice-mill-plant-for-sale\"><strong>Sat\u0131l\u0131k 25 tonluk Pirin\u00e7 De\u011firmeni Tesisinin Yap\u0131s\u0131<\/strong><strong><\/strong><\/h2>    <p class=\"translation-block\">Bu entegre pirin\u00e7 i\u015fleme \u00fcretim hatt\u0131 7 elevat\u00f6r ve ayr\u0131ca paketleme makinesi i\u00e7erir. Bireysel makineler, ta\u015f ay\u0131r\u0131c\u0131, <a href=\"https:\/\/en.wikipedia.org\/wiki\/Rice_huller\" target=\"_blank\" rel=\"noreferrer noopener\">pirin\u00e7 kabuk soyucu<\/a>, iki kez pirin\u00e7 de\u011firmeni, renk ay\u0131r\u0131c\u0131, pirin\u00e7 parlat\u0131c\u0131, <a href=\"https:\/\/taizyagromachine.com\/tr\/product\/rice-grader\/\" target=\"_blank\" rel=\"noreferrer noopener\">beyaz pirin\u00e7 ay\u0131r\u0131c\u0131<\/a> ve paketleme makinesini i\u00e7eren bu komple pirin\u00e7 i\u015fleme \u00fcretim hatt\u0131n\u0131 olu\u015fturur. Gereksinimlerinizi kar\u015f\u0131lamak i\u00e7in farkl\u0131 konfig\u00fcrasyonlar yapabiliriz.<\/p>   <div class=\"wp-block-image\"> <figure class=\"aligncenter size-full\"><img loading=\"lazy\" decoding=\"async\" width=\"720\" height=\"450\" src=\"https:\/\/taizyagromachine.com\/wp-content\/uploads\/2022\/02\/structure-25TPD-production-line.jpg\" alt=\"yap\u0131\" class=\"wp-image-1927\" srcset=\"https:\/\/taizyagromachine.com\/wp-content\/uploads\/2022\/02\/structure-25TPD-production-line.jpg 720w, https:\/\/taizyagromachine.com\/wp-content\/uploads\/2022\/02\/structure-25TPD-production-line-300x188.jpg 300w\" sizes=\"auto, (max-width: 720px) 100vw, 720px\" \/><figcaption class=\"wp-element-caption\">yap\u0131<\/figcaption><\/figure> <\/div>   <h2 class=\"wp-block-heading\" id=\"work-process-for-rice-milling-production-line\"><strong>\u0130\u015f S\u00fcreci<\/strong> <strong>Pirin\u00e7 \u00d6\u011f\u00fctme \u00dcretim Hatt\u0131 i\u00e7in<\/strong><\/h2>    <p>Besleme hunisi \u2192 patlat\u0131c\u0131 \u2192 pirin\u00e7 kabu\u011fu \u2192 yer\u00e7ekimi ay\u0131r\u0131c\u0131 \u2192 pirin\u00e7 de\u011firmeni makinesi \u2192 pirin\u00e7 de\u011firmeni makinesi \u2192 renk s\u0131ralay\u0131c\u0131 \u2192 pirin\u00e7 parlat\u0131c\u0131 \u2192 beyaz pirin\u00e7 tasnif makinesi \u2192 paketleme makinesi<\/p>   <div class=\"wp-block-image\"> <figure class=\"aligncenter size-full\"><img loading=\"lazy\" decoding=\"async\" width=\"720\" height=\"540\" src=\"https:\/\/taizyagromachine.com\/wp-content\/uploads\/2022\/02\/work-process-25TPD-production-line.jpg\" alt=\"i\u015f s\u00fcreci\" class=\"wp-image-1928\" srcset=\"https:\/\/taizyagromachine.com\/wp-content\/uploads\/2022\/02\/work-process-25TPD-production-line.jpg 720w, https:\/\/taizyagromachine.com\/wp-content\/uploads\/2022\/02\/work-process-25TPD-production-line-300x225.jpg 300w\" sizes=\"auto, (max-width: 720px) 100vw, 720px\" \/><figcaption class=\"wp-element-caption\">i\u015f s\u00fcreci<\/figcaption><\/figure> <\/div>   <h2 class=\"wp-block-heading\" id=\"features\"><strong>25TPD Pirin\u00e7 \u00d6\u011f\u00fctme \u00dcretim Hatt\u0131n\u0131n \u00d6zellikleri<\/strong><\/h2>    <ul class=\"wp-block-list\" type=\"1\"> <li>\u0130yi ta\u015f \u00e7\u0131karma etkisi, h\u0131zl\u0131 kabuk k\u0131rma h\u0131z\u0131 ve iyi tane ay\u0131rma etkisi.<\/li>    <li>Pirinci otomatik olarak y\u00fckseltmek, geli\u015fmi\u015f uluslararas\u0131 standartlar.<\/li>    <li>K\u00fc\u00e7\u00fck makine titre\u015fimi, basit kullan\u0131m, h\u0131zl\u0131 pirin\u00e7 \u00e7\u0131k\u0131\u015f\u0131.<\/li>    <li>Tam otomatik komple pirin\u00e7 de\u011firmeni tesisi, d\u00fc\u015f\u00fck t\u00fcketim.<\/li>    <li>\u00d6zelle\u015ftirme. Ger\u00e7ek taleplerinize g\u00f6re farkl\u0131 pirin\u00e7 de\u011firmeni tesislerini birle\u015ftirebiliriz.<\/li> <\/ul>    <h2 class=\"wp-block-heading\" id=\"services-you-ll-enjoy\"><strong>Sat\u0131l\u0131k Pirin\u00e7 De\u011firmeni Tesisi Hakk\u0131nda Keyfini \u00c7\u0131karaca\u011f\u0131n\u0131z Hizmetler<\/strong><\/h2>    <p class=\"translation-block\"><a href=\"https:\/\/taizyagromachine.com\/tr\/\" target=\"_blank\" rel=\"noreferrer noopener\">Profesyonel bir \u015firket<\/a> olarak, sizi rahat ettirmek i\u00e7in bir\u00e7ok hizmet sunuyoruz. \u015eimdi \u00f6n sat\u0131\u015f hizmetini, sat\u0131\u015f s\u0131ras\u0131ndaki hizmeti ve sat\u0131\u015f sonras\u0131 hizmeti tan\u0131t\u0131yoruz.<\/p>    <h3 class=\"wp-block-heading\" id=\"pre-sale-service\"><strong>Sat\u0131\u015f \u00f6ncesi hizmet<\/strong><strong><\/strong><\/h3>    <p>\u00d6rne\u011fin 25 tonluk pirin\u00e7 de\u011firmeni \u00fcretim hatt\u0131 istiyorsunuz. Daha sonra bu s\u00fcre\u00e7te sat\u0131l\u0131k pirin\u00e7 de\u011firmeni tesisini anlaman\u0131za yard\u0131mc\u0131 oluyoruz. \u00dcstelik teknik destek de sa\u011fl\u0131yoruz.<\/p>    <h3 class=\"wp-block-heading\" id=\"on-sale-service\"><strong>Sat\u0131\u015fta hizmet<\/strong><strong><\/strong><\/h3>    <p>Proses resimlerini verece\u011fiz ve i\u015fleme s\u00fcrecini tan\u0131man\u0131z\u0131 sa\u011flayaca\u011f\u0131z. Ayr\u0131ca teslimattan \u00f6nce makinenin s\u00fcper kalitede ve iyi durumda oldu\u011funa kararl\u0131y\u0131z.<\/p>    <h3 class=\"wp-block-heading\" id=\"after-sale-service\"><strong>Sat\u0131\u015f sonras\u0131 servis<\/strong><strong><\/strong><\/h3>    <p>\u00c7evrimi\u00e7i rehberlik ve video deste\u011fi temeldir. Makine ile birlikte kullan\u0131m k\u0131lavuzunu ve bak\u0131m\u0131n\u0131 da haz\u0131rl\u0131yoruz.<\/p>    <h2 class=\"wp-block-heading\" id=\"packing-and-shipping\"><strong>Pirin\u00e7 \u00d6\u011f\u00fctme \u00dcretim Hatt\u0131n\u0131n Paketlenmesi ve Nakliyesi<\/strong><\/h2>    <p>25 tpd pirin\u00e7 \u00f6\u011f\u00fctme \u00fcretim hatt\u0131na ait makineyi teslim ederken, sevkiyat s\u0131ras\u0131nda \u00e7arpmay\u0131 \u00f6nlemek amac\u0131yla, makineleri daima ah\u015fap kasalara paketliyoruz. \u00c7\u00fcnk\u00fc \u00fcretiminin kolay olmas\u0131, hafif olmas\u0131, mukavemetinin y\u00fcksek olmas\u0131, dayan\u0131kl\u0131l\u0131\u011f\u0131n\u0131n iyi olmas\u0131 ve nispeten ucuz olmas\u0131 gibi pek \u00e7ok avantaj\u0131 bulunmaktad\u0131r.<\/p>   <div class=\"wp-block-image\"> <figure class=\"aligncenter size-full\"><img loading=\"lazy\" decoding=\"async\" width=\"720\" height=\"540\" src=\"https:\/\/taizyagromachine.com\/wp-content\/uploads\/2022\/01\/package.jpg\" alt=\"paket\" class=\"wp-image-1765\"\/><figcaption class=\"wp-element-caption\">paket<\/figcaption><\/figure> <\/div>   <h2 class=\"wp-block-heading\" id=\"related-machine\"><strong>\u0130lgili Makine<\/strong><strong><\/strong><\/h2>    <div class=\"wp-block-columns is-layout-flex wp-container-core-columns-is-layout-9d6595d7 wp-block-columns-is-layout-flex\"> <div class=\"wp-block-column is-layout-flow wp-block-column-is-layout-flow\"><div class=\"wp-block-image\"> <figure class=\"aligncenter size-full\"><a href=\"https:\/\/taizyagromachine.com\/tr\/product\/20tpd-rice-mill-plant\/\"><img loading=\"lazy\" decoding=\"async\" width=\"720\" height=\"540\" src=\"https:\/\/taizyagromachine.com\/wp-content\/uploads\/2022\/01\/20t-rice-milling-standard-1.jpg\" alt=\"20 tpd pirin\u00e7 \u00f6\u011f\u00fctme tesisi\" class=\"wp-image-1768\"\/><\/a><figcaption class=\"wp-element-caption\">20 tpd pirin\u00e7 \u00f6\u011f\u00fctme tesisi<\/figcaption><\/figure> <\/div><\/div>    <div class=\"wp-block-column is-layout-flow wp-block-column-is-layout-flow\"><div class=\"wp-block-image\"> <figure class=\"aligncenter size-full\"><img loading=\"lazy\" decoding=\"async\" width=\"720\" height=\"540\" src=\"https:\/\/taizyagromachine.com\/wp-content\/uploads\/2022\/01\/30tpd-rice-milling.jpg\" alt=\"30 ton\/g\u00fcnl\u00fck pirin\u00e7 \u00f6\u011f\u00fctme tesisi\" class=\"wp-image-1758\"\/><figcaption class=\"wp-element-caption\">30 ton\/g\u00fcnl\u00fck pirin\u00e7 \u00f6\u011f\u00fctme tesisi<\/figcaption><\/figure> <\/div><\/div> <\/div>","protected":false},"excerpt":{"rendered":"<p>25tpd integrated rice milling production line&nbsp;is special rice processing equipment for the production of 25t per day. It functions to turn paddy rice into white rice. This rice mill plant has the platform to work, only one layer. Besides, it has compact structure, low consumption, easy operation. We, as a reliable agricultural machine manufacturer and [&hellip;]<\/p>\n","protected":false},"author":1,"featured_media":2079,"parent":0,"template":"","tags":[59,49,60,35,56,37,38,57,48,61],"product-type":[27],"class_list":["post-1498","product","type-product","status-publish","has-post-thumbnail","hentry","tag-25tpd-rice-mill-producion-line","tag-complete-rice-milling-plant","tag-integrated-rice-milling-production-line","tag-rice-mill","tag-rice-mill-machine","tag-rice-mill-plant","tag-rice-mill-production-line","tag-rice-milling-machine","tag-rice-milling-plant-for-sale","tag-rice-milling-production-line","product-type-solutions"],"_links":{"self":[{"href":"https:\/\/taizyagromachine.com\/tr\/wp-json\/wp\/v2\/product\/1498","targetHints":{"allow":["GET"]}}],"collection":[{"href":"https:\/\/taizyagromachine.com\/tr\/wp-json\/wp\/v2\/product"}],"about":[{"href":"https:\/\/taizyagromachine.com\/tr\/wp-json\/wp\/v2\/types\/product"}],"author":[{"embeddable":true,"href":"https:\/\/taizyagromachine.com\/tr\/wp-json\/wp\/v2\/users\/1"}],"wp:featuredmedia":[{"embeddable":true,"href":"https:\/\/taizyagromachine.com\/tr\/wp-json\/wp\/v2\/media\/2079"}],"wp:attachment":[{"href":"https:\/\/taizyagromachine.com\/tr\/wp-json\/wp\/v2\/media?parent=1498"}],"wp:term":[{"taxonomy":"post_tag","embeddable":true,"href":"https:\/\/taizyagromachine.com\/tr\/wp-json\/wp\/v2\/tags?post=1498"},{"taxonomy":"product-type","embeddable":true,"href":"https:\/\/taizyagromachine.com\/tr\/wp-json\/wp\/v2\/product-type?post=1498"}],"curies":[{"name":"wp","href":"https:\/\/api.w.org\/{rel}","templated":true}]}}