{"id":1512,"date":"2021-12-13T07:19:45","date_gmt":"2021-12-13T07:19:45","guid":{"rendered":"https:\/\/taizyagromachine.com\/?p=1512"},"modified":"2024-02-06T10:28:46","modified_gmt":"2024-02-06T02:28:46","slug":"60tpd-rice-mill-plant","status":"publish","type":"product","link":"https:\/\/taizyagromachine.com\/tr\/product\/60tpd-rice-mill-plant\/","title":{"rendered":"60TPD Pirin\u00e7 De\u011firmeni \u0130\u015fleme Tesisi"},"content":{"rendered":"<p class=\"translation-block\"><strong>G\u00fcnl\u00fck 60 ton pirin\u00e7 i\u015fleme tesisi<\/strong>, g\u00fcnl\u00fck 60 ton kapasiteli bir pirin\u00e7 i\u015fleme ekipman\u0131d\u0131r. Bu pirin\u00e7 de\u011firmeni i\u015fleme \u00fcnitesi, geli\u015fmi\u015f teknoloji sayesinde y\u00fcksek oranda kaliteli pirin\u00e7 ve d\u00fc\u015f\u00fck k\u0131r\u0131lma oran\u0131 sunar. Ta\u015f ay\u0131klama, pirin\u00e7 kabuk ay\u0131rma, pirin\u00e7 \u00f6\u011f\u00fctme, pirin\u00e7 ay\u0131klama, renk ay\u0131rma ve paketleme i\u015flemlerini entegre eder. <\/p>    <p>Yani pirin\u00e7 \u00f6\u011f\u00fctme fabrikas\u0131 ve \u00e7iftlik sahipleri i\u00e7in harika bir pirin\u00e7 de\u011firmeni makine tesisidir. Ayr\u0131ca taleplerinize g\u00f6re 60 ton\/g\u00fcnl\u00fck komple pirin\u00e7 de\u011firmeni tesisi de sa\u011flayabiliriz. Ayr\u0131ca, bu ticari pirin\u00e7 \u00f6\u011f\u00fctme makinesi do\u011frudan fabrika taraf\u0131ndan tedarik edildi\u011finden kalite garanti edilebilir. <\/p>    <p>Pirin\u00e7 \u00f6\u011f\u00fctme ekipmanlar\u0131na ilginiz var m\u0131? Daha fazla bilgi i\u00e7in bizimle ileti\u015fime ge\u00e7mekten memnuniyet duyar\u0131z!<\/p>    <figure class=\"wp-block-embed is-type-video is-provider-youtube wp-block-embed-youtube wp-embed-aspect-16-9 wp-has-aspect-ratio\"><div class=\"wp-block-embed__wrapper\"> <iframe loading=\"lazy\" title=\"M\u00fckemmelli\u011fi Ortaya \u00c7\u0131kar\u0131yoruz: 60 Tonluk Pirin\u00e7 \u00d6\u011f\u00fctme Makinesi Vitrini ve G\u00f6sterimi! \ud83c\udf3e\u2728#ricemill #ricemiling\" width=\"500\" height=\"281\" src=\"https:\/\/www.youtube.com\/embed\/DFJ1pZxTMuU?feature=oembed\" frameborder=\"0\" allow=\"accelerometer; autoplay; clipboard-write; encrypted-media; gyroscope; picture-in-picture; web-share\" referrerpolicy=\"strict-origin-when-cross-origin\" allowfullscreen><\/iframe> <\/div><figcaption class=\"wp-element-caption\">pirin\u00e7 de\u011firmeni tan\u0131t\u0131m ve \u00e7al\u0131\u015fma videosu <\/figcaption><\/figure>    <h2 class=\"wp-block-heading\"><strong>Pirin\u00e7 \u00f6\u011f\u00fctmede hangi makine kullan\u0131l\u0131r?<\/strong><\/h2>    <p>60 tpd'lik pirin\u00e7 de\u011firmeni i\u015fleme tesisimiz, farkl\u0131 say\u0131da makineyle e\u015fle\u015ftirilmi\u015f farkl\u0131 konfig\u00fcrasyonlarla farkl\u0131 konfig\u00fcrasyonlarda gelir, ancak genel olarak konu\u015fursak, freze \u00fcnitesindeki ekipman kabaca ayn\u0131d\u0131r. <\/p>    <figure class=\"wp-block-gallery aligncenter has-nested-images columns-default is-cropped wp-block-gallery-2 is-layout-flex wp-block-gallery-is-layout-flex\"> <figure class=\"wp-block-image size-large\"><img loading=\"lazy\" decoding=\"async\" width=\"720\" height=\"540\" data-id=\"6384\" src=\"https:\/\/taizyagromachine.com\/wp-content\/uploads\/2021\/12\/auto-rice-mill-plant-with-3-rice-millers.webp\" alt=\"3 pirin\u00e7 de\u011firmenine sahip otomatik pirin\u00e7 de\u011firmeni tesisi\" class=\"wp-image-6384\"\/><figcaption class=\"wp-element-caption\">3 pirin\u00e7 de\u011firmenine sahip otomatik pirin\u00e7 de\u011firmeni tesisi<\/figcaption><\/figure>    <figure class=\"wp-block-image size-large\"><img loading=\"lazy\" decoding=\"async\" width=\"720\" height=\"540\" data-id=\"6385\" src=\"https:\/\/taizyagromachine.com\/wp-content\/uploads\/2021\/12\/industrial-rice-milling-machine-with-2-rice-millers.webp\" alt=\"2 pirin\u00e7 de\u011firmeni ile end\u00fcstriyel pirin\u00e7 freze makinesi\" class=\"wp-image-6385\"\/><figcaption class=\"wp-element-caption\">2 pirin\u00e7 de\u011firmeni ile end\u00fcstriyel pirin\u00e7 freze makinesi<\/figcaption><\/figure> <\/figure>    <p>Pirin\u00e7 de\u011firmeninde kullan\u0131lan makinelerin listesi a\u015fa\u011f\u0131da g\u00f6sterilmi\u015ftir:<\/p>    <p class=\"translation-block\"><strong>\u00d6n temizleyici ve ta\u015f ay\u0131klay\u0131c\u0131<\/strong>: \u00c7eltikteki ta\u015flar\u0131, topra\u011f\u0131, saman\u0131, tohumlar\u0131 ve di\u011fer yabanc\u0131 maddeleri temizler. Eleme ve r\u00fczgarla ay\u0131rma kullanarak, bir sonraki i\u015fleme giren \u00e7elti\u011fin temiz ve yabanc\u0131 maddelerden ar\u0131nd\u0131r\u0131lm\u0131\u015f olmas\u0131n\u0131 sa\u011flar.<\/p>    <p class=\"translation-block\"><strong>Pirin\u00e7 kabuk soyucu<\/strong>: Mekanik kuvvet kullanarak \u00e7elti\u011fin d\u0131\u015f kabu\u011funu (husk) i\u00e7 taneden (kahverengi pirin\u00e7) ay\u0131rarak kabuk soyma i\u015flemini ger\u00e7ekle\u015ftirir.<\/p>    <p class=\"translation-block\"><strong>Yer\u00e7ekimi ile \u00e7eltik ay\u0131r\u0131c\u0131<\/strong>: Kabuk soyma i\u015fleminden sonra elde edilen kar\u0131\u015f\u0131m\u0131 (kahverengi pirin\u00e7 ve kepek) etkili bir \u015fekilde ay\u0131rarak, kahverengi pirinci kepekten ay\u0131r\u0131r ve kahverengi pirincin safl\u0131\u011f\u0131n\u0131 art\u0131r\u0131r.<\/p>    <p class=\"translation-block\"><strong>Pirin\u00e7 \u00f6\u011f\u00fctme makinesi<\/strong>: \u00d6\u011f\u00fctme prensibini benimseyerek, kahverengi pirincin y\u00fczeyindeki kepek tabakas\u0131n\u0131 pirincin endospermini bozmadan kademeli olarak kald\u0131r\u0131r ve beyaz pirin\u00e7 elde edilir. \u0130\u015flem gereksinimlerine ba\u011fl\u0131 olarak, kaliteyi sa\u011flamak i\u00e7in birka\u00e7 parlatma i\u015fleminden ge\u00e7mesi gerekebilir.<\/p>    <p class=\"translation-block\"><strong>Parlatma makinesi<\/strong>: \u00d6\u011f\u00fct\u00fclm\u00fc\u015f pirinci parlatarak kalan mikroskobik kepe\u011fi daha da temizler, pirince p\u00fcr\u00fczs\u00fcz ve parlak bir g\u00f6r\u00fcn\u00fcm kazand\u0131r\u0131r ve ticari de\u011ferini art\u0131r\u0131r.<\/p>    <p class=\"translation-block\"><strong>Pirin\u00e7 ay\u0131klay\u0131c\u0131<\/strong>: Pirin\u00e7 tanelerinin boyutuna, \u015fekline ve kalitesine g\u00f6re eleme ve s\u0131n\u0131fland\u0131rma yaparak, nihai \u00fcr\u00fcn\u00fcn standart \u00f6zelliklere sahip olmas\u0131n\u0131 ve farkl\u0131 pazarlar\u0131n pirin\u00e7 tanesi boyutu gereksinimlerini kar\u015f\u0131lamas\u0131n\u0131 sa\u011flar.<\/p>    <p class=\"translation-block\"><strong>Renk ay\u0131r\u0131c\u0131<\/strong>: Fotoelektrik sens\u00f6rler arac\u0131l\u0131\u011f\u0131yla farkl\u0131 renkli taneler ve hastal\u0131kl\u0131 taneler gibi kusurlu \u00fcr\u00fcnleri tan\u0131mlar ve reddeder, b\u00f6ylece bitmi\u015f pirincin genel kalitesini ve g\u0131da g\u00fcvenli\u011fini art\u0131r\u0131r.<\/p>    <p class=\"translation-block\"><strong>Paketleme makinesi<\/strong>: Otomatik tart\u0131m, doldurma, s\u0131zd\u0131rmazl\u0131k ve i\u015faretleme yaparak \u00fcr\u00fcnlerin standartla\u015ft\u0131r\u0131lm\u0131\u015f paketlemesini tamamlar, bu da nakliye, depolama ve sat\u0131\u015f i\u00e7in uygundur.<\/p>    <figure class=\"wp-block-gallery aligncenter has-nested-images columns-default is-cropped wp-block-gallery-3 is-layout-flex wp-block-gallery-is-layout-flex\"> <figure class=\"wp-block-image size-large\"><img loading=\"lazy\" decoding=\"async\" width=\"720\" height=\"540\" data-id=\"6391\" src=\"https:\/\/taizyagromachine.com\/wp-content\/uploads\/2021\/12\/complete-rice-milling-plant-machinery-in-the-rice-mill-factory.webp\" alt=\"pirin\u00e7 de\u011firmeni fabrikas\u0131nda komple pirin\u00e7 \u00f6\u011f\u00fctme tesisi makineleri\" class=\"wp-image-6391\"\/><figcaption class=\"wp-element-caption\">pirin\u00e7 de\u011firmeni fabrikas\u0131nda komple pirin\u00e7 \u00f6\u011f\u00fctme tesisi makineleri<\/figcaption><\/figure>    <figure class=\"wp-block-image size-large\"><img loading=\"lazy\" decoding=\"async\" width=\"720\" height=\"540\" data-id=\"6392\" src=\"https:\/\/taizyagromachine.com\/wp-content\/uploads\/2021\/12\/machine-for-rice-mill.webp\" alt=\"pirin\u00e7 de\u011firmeni i\u00e7in makine\" class=\"wp-image-6392\"\/><figcaption class=\"wp-element-caption\">pirin\u00e7 de\u011firmeni i\u00e7in makine<\/figcaption><\/figure> <\/figure>    <h2 class=\"wp-block-heading\"><strong>Modern Pirin\u00e7 De\u011firmeni Tesisinin Teknik Parametreleri<\/strong><\/h2>    <figure class=\"wp-block-table\"><table><tbody><tr><td>Marka<\/td><td>Taizy<\/td><\/tr><tr><td>Makine ad\u0131<\/td><td>60TPD pirin\u00e7 de\u011firmeni tesisi<\/td><\/tr><tr><td>Modeli<\/td><td>MCTP60<\/td><\/tr><tr><td>Kapasite<\/td><td>2200-2600kg\/saat<\/td><\/tr><tr><td>Uygulanabilir tah\u0131l<\/td><td>\u00c7eltik pirinci<\/td><\/tr><tr><td>G\u00fc\u00e7<\/td><td>143kw<\/td><\/tr><tr><td>Boyut<\/td><td>13500*2900*4500mm<\/td><\/tr><\/tbody><\/table><figcaption class=\"wp-element-caption\">sat\u0131l\u0131k pirin\u00e7 de\u011firmeni i\u015fleme tesisinin teknik parametreleri<\/figcaption><\/figure>    <h2 class=\"wp-block-heading\"><strong>Sat\u0131l\u0131k 60 tonluk Otomatik Pirin\u00e7 De\u011firmeni \u0130\u015fleme Tesisinin Yap\u0131s\u0131<\/strong><\/h2>    <p>Taizy Machine Company'de sat\u0131l\u0131k 60 tonluk modern pirin\u00e7 de\u011firmeni tesisi temizleyici, ta\u015f ay\u0131r\u0131c\u0131, pirin\u00e7 kabuk soyucu, \u00fc\u00e7 pirin\u00e7 de\u011firmeni makinesi ve beyaz pirin\u00e7 tasnif makinesini i\u00e7eriyor.<\/p>   <div class=\"wp-block-image\"> <figure class=\"aligncenter size-full\"><img loading=\"lazy\" decoding=\"async\" width=\"720\" height=\"540\" src=\"https:\/\/taizyagromachine.com\/wp-content\/uploads\/2022\/02\/structure-of-60t.jpg\" alt=\"60 tonluk pirin\u00e7 de\u011firmeni tesisinin yap\u0131s\u0131\" class=\"wp-image-2034\" srcset=\"https:\/\/taizyagromachine.com\/wp-content\/uploads\/2022\/02\/structure-of-60t.jpg 720w, https:\/\/taizyagromachine.com\/wp-content\/uploads\/2022\/02\/structure-of-60t-300x225.jpg 300w\" sizes=\"auto, (max-width: 720px) 100vw, 720px\" \/><figcaption class=\"wp-element-caption\">60 tonluk pirin\u00e7 de\u011firmeni i\u015fleme tesisinin yap\u0131s\u0131<\/figcaption><\/figure> <\/div>   <h2 class=\"wp-block-heading\" id=\"process-flow-chart\"><strong>Pirin\u00e7 De\u011firmeni \u0130\u015fleme Tesisinin Proses Ak\u0131\u015f \u015eemas\u0131<\/strong><\/h2>    <p>Bu ak\u0131\u015f \u015femas\u0131ndan pirin\u00e7 \u00f6\u011f\u00fctme tesisinin nas\u0131l \u00e7al\u0131\u015ft\u0131\u011f\u0131n\u0131 g\u00f6rebilirsiniz. \u00c7al\u0131\u015fma s\u00fcrecini anlaman\u0131za ve makine tesisine a\u015fina olman\u0131za \u00f6nemli \u00f6l\u00e7\u00fcde yard\u0131mc\u0131 olur.<\/p>   <div class=\"wp-block-image\"> <figure class=\"aligncenter size-full\"><img loading=\"lazy\" decoding=\"async\" width=\"720\" height=\"540\" src=\"https:\/\/taizyagromachine.com\/wp-content\/uploads\/2022\/02\/work-flow-38tpd.jpg\" alt=\"pirin\u00e7 de\u011firmeni i\u015fleme tesisinin i\u015f ak\u0131\u015f\u0131\" class=\"wp-image-1983\" srcset=\"https:\/\/taizyagromachine.com\/wp-content\/uploads\/2022\/02\/work-flow-38tpd.jpg 720w, https:\/\/taizyagromachine.com\/wp-content\/uploads\/2022\/02\/work-flow-38tpd-300x225.jpg 300w\" sizes=\"auto, (max-width: 720px) 100vw, 720px\" \/><figcaption class=\"wp-element-caption\">pirin\u00e7 de\u011firmeni i\u015fleme tesisinin i\u015f ak\u0131\u015f\u0131<\/figcaption><\/figure> <\/div>   <h2 class=\"wp-block-heading\" id=\"advantages\"><strong>Kombine Pirin\u00e7 De\u011firmeni Makinesinin Avantajlar\u0131<\/strong><\/h2>    <ul class=\"wp-block-list\"> <li>60 tonluk pirin\u00e7 de\u011firmeni tesisine ait bireysel makineler tek bir sat\u0131rda d\u00fczg\u00fcn ve g\u00fczel bir \u015fekilde sergileniyor.<\/li>    <li>Ekipman\u0131n pirin\u00e7 \u00f6\u011f\u00fctme k\u0131sm\u0131, geli\u015fmi\u015f pirin\u00e7 \u00f6\u011f\u00fctme teknolojisi, d\u00fc\u015f\u00fck pirin\u00e7 s\u0131cakl\u0131\u011f\u0131, az kepek ve d\u00fc\u015f\u00fck k\u0131r\u0131lma oran\u0131n\u0131 benimser.<\/li>    <li>Ana i\u015flem, kullan\u0131m\u0131 kolay bir tarafta yo\u011funla\u015fm\u0131\u015ft\u0131r.<\/li>    <li>Enerji tasarrufu, \u00e7evre koruma, basit kullan\u0131m, uygun bak\u0131m ve dayan\u0131kl\u0131l\u0131k.<\/li>    <li>B\u00fcy\u00fck kapasite, h\u0131zl\u0131 h\u0131z, istikrarl\u0131 performans.<\/li>    <li>Farkl\u0131 s\u0131ralama. Gereksinimlerinizi kar\u015f\u0131lamak i\u00e7in uygun 60 ton\/g\u00fcnl\u00fck pirin\u00e7 de\u011firmeni tesisini \u00f6nerebiliriz.<\/li> <\/ul>    <h2 class=\"wp-block-heading\" id=\"machines-that-can-be-equipped\"><strong>Komple Pirin\u00e7 De\u011firmeni \u00dcnitesi i\u00e7in Opsiyonel Makineler<\/strong><\/h2>    <p>60tpd pirin\u00e7 de\u011firmeni i\u015fleme tesisi makinesi, gerekli hedefe ula\u015fmak i\u00e7in farkl\u0131 s\u0131ralamalara sahiptir. G\u00fcnde 60 ton kapasiteli bu pirin\u00e7 de\u011firmeni tesisine dayanarak, bir araya getirmemiz gereken ba\u015fka makinelerimiz de var.<\/p>    <p class=\"translation-block\"><strong>Pirin\u00e7 parlat\u0131c\u0131<\/strong><\/p>    <p>Bu makine, pirinci daha beyaz ve p\u00fcr\u00fczs\u00fcz hale getirmek i\u00e7in \u00e7al\u0131\u015fan pirin\u00e7 de\u011firmeni \u00fcretim hatt\u0131nda kullan\u0131l\u0131r.<\/p>    <p class=\"translation-block\"><strong>Renk ay\u0131r\u0131c\u0131<\/strong><\/p>    <p>Renk s\u0131ralay\u0131c\u0131, iyi beyaz pirin\u00e7 ile k\u00fcfl\u00fc siyah pirin\u00e7 aras\u0131nda ayr\u0131m yapabilir. Kaliteli beyaz pirin\u00e7 i\u00e7in \u00e7ok yard\u0131mc\u0131 olur.<\/p>    <p class=\"translation-block\"><strong>Paketleme makinesi<\/strong><\/p>    <p>Nihai ama\u00e7 sat\u0131\u015fa sunulan beyaz pirin\u00e7 oldu\u011fundan paketlenmesi gerekli ad\u0131md\u0131r. Bu pirin\u00e7 \u00f6\u011f\u00fctme tesisi i\u00e7in bu paketleme makinesinin a\u011f\u0131rl\u0131\u011f\u0131 5 kg ile 50 kg aras\u0131nda de\u011fi\u015fmektedir. Bu nedenle olduk\u00e7a pratiktir.<\/p>    <p>Yukar\u0131dakilerden, sat\u0131l\u0131k komple bir pirin\u00e7 de\u011firmeni \u00fcretim hatt\u0131n\u0131n i\u015f gereksinimlerinizi kar\u015f\u0131lamak i\u00e7in farkl\u0131 bir s\u0131ralamaya sahip oldu\u011funu g\u00f6rebiliriz.<\/p>   <div class=\"wp-block-image\"> <figure class=\"aligncenter size-full\"><img loading=\"lazy\" decoding=\"async\" width=\"720\" height=\"540\" src=\"https:\/\/taizyagromachine.com\/wp-content\/uploads\/2022\/02\/60tpd-complete-rice-mill-production-line.jpg\" alt=\"60tpd komple pirin\u00e7 fabrikas\u0131 \u00fcretim hatt\u0131\" class=\"wp-image-2035\" srcset=\"https:\/\/taizyagromachine.com\/wp-content\/uploads\/2022\/02\/60tpd-complete-rice-mill-production-line.jpg 720w, https:\/\/taizyagromachine.com\/wp-content\/uploads\/2022\/02\/60tpd-complete-rice-mill-production-line-300x225.jpg 300w\" sizes=\"auto, (max-width: 720px) 100vw, 720px\" \/><figcaption class=\"wp-element-caption\">60tpd komple pirin\u00e7 fabrikas\u0131 \u00fcretim hatt\u0131<\/figcaption><\/figure> <\/div>   <h2 class=\"wp-block-heading\"><strong>Kombine Pirin\u00e7 \u00d6\u011f\u00fctme Makinesinde Sunulan Hizmet<\/strong><\/h2>    <p>Pirin\u00e7 \u00f6\u011f\u00fctme \u00fcniteleri i\u00e7in a\u015fa\u011f\u0131daki hizmetler sa\u011flanabilmektedir:<\/p>    <ul class=\"wp-block-list\"> <li><strong>Ekipman sat\u0131\u015f\u0131 ve \u00f6zelle\u015ftirme<\/strong>: A\u015fa\u011f\u0131dakiler gibi farkl\u0131 \u00e7\u0131kt\u0131 \u00f6l\u00e7eklerine sahip komple pirin\u00e7 de\u011firmeni i\u015fleme tesisi ekipman\u0131 setleri sa\u011flay\u0131n: <a href=\"https:\/\/taizyagromachine.com\/tr\/product\/15tpd-rice-mill-plant\/\">15TPD pirin\u00e7 de\u011firmeni \u00fcnitesi<\/a>, 25TPD, vb. ve pirin\u00e7 freze makinelerini ihtiya\u00e7lar\u0131n\u0131za g\u00f6re \u00f6zel \u00f6zellikler ve konfig\u00fcrasyonlarla \u00f6zelle\u015ftirebilirsiniz.<\/li>    <li><strong>Teknik dan\u0131\u015fmanl\u0131k ve tasar\u0131m<\/strong>: \u00d6zel ihtiya\u00e7lar\u0131n\u0131za, hammadde \u00f6zelliklerine ve saha ko\u015fullar\u0131na g\u00f6re profesyonel pirin\u00e7 \u00f6\u011f\u00fctme \u00fcretim hatt\u0131 tasar\u0131m\u0131 ve teknik dan\u0131\u015fmanl\u0131k hizmetleri sa\u011fl\u0131yoruz.<\/li>    <li><strong>Sat\u0131\u015f sonras\u0131 destek ve bak\u0131m<\/strong>: Ekipman\u0131n garanti s\u00fcresi boyunca \u00fccretsiz onar\u0131m\u0131 veya hatal\u0131 par\u00e7alar\u0131n de\u011fi\u015ftirilmesi; garanti s\u00fcresi d\u0131\u015f\u0131nda zaman\u0131nda teknik destek ve \u00fccretli bak\u0131m hizmetleri sa\u011flamak.<\/li>    <li><strong>Par\u00e7a temini<\/strong>: Pirin\u00e7 de\u011firmeni i\u015fleme tesisinin ihtiya\u00e7 duydu\u011fu her t\u00fcrl\u00fc orijinal yedek par\u00e7an\u0131n, ekipmanlar\u0131n kullan\u0131m s\u00fcrecinde ihtiya\u00e7 duyulan yedek par\u00e7alar\u0131n kalitesini ve uyumlulu\u011funu sa\u011flamak i\u00e7in uzun vadeli temini.<\/li> <\/ul>    <figure class=\"wp-block-gallery aligncenter has-nested-images columns-default is-cropped wp-block-gallery-4 is-layout-flex wp-block-gallery-is-layout-flex\"> <figure class=\"wp-block-image size-large\"><img loading=\"lazy\" decoding=\"async\" width=\"720\" height=\"540\" data-id=\"6394\" src=\"https:\/\/taizyagromachine.com\/wp-content\/uploads\/2021\/12\/industrial-rice-milling-machine-for-sale.webp\" alt=\"sat\u0131l\u0131k end\u00fcstriyel pirin\u00e7 freze makinesi\" class=\"wp-image-6394\"\/><figcaption class=\"wp-element-caption\">sat\u0131l\u0131k end\u00fcstriyel pirin\u00e7 freze makinesi<\/figcaption><\/figure>    <figure class=\"wp-block-image size-large\"><img loading=\"lazy\" decoding=\"async\" width=\"720\" height=\"540\" data-id=\"6395\" src=\"https:\/\/taizyagromachine.com\/wp-content\/uploads\/2021\/12\/rice-mill-processing-plant-for-sale.webp\" alt=\"sat\u0131l\u0131k pirin\u00e7 de\u011firmeni i\u015fleme tesisi\" class=\"wp-image-6395\"\/><figcaption class=\"wp-element-caption\">sat\u0131l\u0131k pirin\u00e7 de\u011firmeni i\u015fleme tesisi<\/figcaption><\/figure> <\/figure>    <h2 class=\"wp-block-heading\"><strong>\u015eimdi Pirin\u00e7 \u00d6\u011f\u00fctme \u0130\u015fine Ba\u015flay\u0131n!<\/strong><\/h2>    <p class=\"translation-block\">Bize ula\u015fmak i\u00e7in acele edin, \u00f6zel ihtiya\u00e7lar\u0131n\u0131za g\u00f6re sizin i\u00e7in makul bir makine e\u015fle\u015fmesi tasarlayaca\u011f\u0131z, b\u00f6ylece <a href=\"https:\/\/en.wikipedia.org\/wiki\/Rice_mill\" target=\"_blank\" rel=\"noopener\">pirin\u00e7 \u00f6\u011f\u00fctme<\/a> i\u015flemini ger\u00e7ekle\u015ftirmek i\u00e7in farkl\u0131 ihtiya\u00e7lar\u0131n\u0131z\u0131 kar\u015f\u0131layabiliriz.<\/p>","protected":false},"excerpt":{"rendered":"<p>60TPD Pirin\u00e7 De\u011firmeni \u0130\u015fleme Tesisi, pirin\u00e7 \u00f6\u011f\u00fctme i\u015fleminden pirin\u00e7 paketlemeye kadar g\u00fcnl\u00fck 60 ton kapasiteyle sat\u0131\u015fa sunulan beyaz pirin\u00e7 \u00fcretecek. Pirin\u00e7 de\u011firmeninde kullan\u0131lan t\u00fcm makineleri tan\u0131t\u0131yoruz.<\/p>","protected":false},"author":1,"featured_media":2033,"parent":0,"template":"","tags":[],"product-type":[18],"class_list":["post-1512","product","type-product","status-publish","has-post-thumbnail","hentry","product-type-rice-mill"],"_links":{"self":[{"href":"https:\/\/taizyagromachine.com\/tr\/wp-json\/wp\/v2\/product\/1512","targetHints":{"allow":["GET"]}}],"collection":[{"href":"https:\/\/taizyagromachine.com\/tr\/wp-json\/wp\/v2\/product"}],"about":[{"href":"https:\/\/taizyagromachine.com\/tr\/wp-json\/wp\/v2\/types\/product"}],"author":[{"embeddable":true,"href":"https:\/\/taizyagromachine.com\/tr\/wp-json\/wp\/v2\/users\/1"}],"wp:featuredmedia":[{"embeddable":true,"href":"https:\/\/taizyagromachine.com\/tr\/wp-json\/wp\/v2\/media\/2033"}],"wp:attachment":[{"href":"https:\/\/taizyagromachine.com\/tr\/wp-json\/wp\/v2\/media?parent=1512"}],"wp:term":[{"taxonomy":"post_tag","embeddable":true,"href":"https:\/\/taizyagromachine.com\/tr\/wp-json\/wp\/v2\/tags?post=1512"},{"taxonomy":"product-type","embeddable":true,"href":"https:\/\/taizyagromachine.com\/tr\/wp-json\/wp\/v2\/product-type?post=1512"}],"curies":[{"name":"wp","href":"https:\/\/api.w.org\/{rel}","templated":true}]}}