{"id":1535,"date":"2021-12-14T06:35:13","date_gmt":"2021-12-14T06:35:13","guid":{"rendered":"https:\/\/taizyagromachine.com\/?p=1535"},"modified":"2022-09-29T11:16:10","modified_gmt":"2022-09-29T03:16:10","slug":"vibration-cleaner","status":"publish","type":"product","link":"https:\/\/taizyagromachine.com\/tr\/product\/vibration-cleaner\/","title":{"rendered":"Titre\u015fim Temizleyici"},"content":{"rendered":"<p class=\"translation-block\"><strong>Titre\u015fimli temizlik makineleri<\/strong> tah\u0131llardan b\u00fcy\u00fck, k\u00fc\u00e7\u00fck ve hafif <a href=\"https:\/\/en.wikipedia.org\/wiki\/Impurity\" target=\"_blank\" rel=\"noreferrer noopener\">kirleticileri<\/a> temizler. \u00d6zellikle, b\u00fcy\u00fck kapasiteli tam pirin\u00e7 de\u011firmeni tesisinde, pirin\u00e7 titre\u015fimli temizleme makinesi ilk ve gerekli ad\u0131md\u0131r. Bu makine sadece pirin\u00e7 i\u00e7in de\u011fil, ayn\u0131 zamanda bu\u011fday, yer f\u0131st\u0131\u011f\u0131, susam, soya fasulyesi vb. i\u00e7in de uygundur. Ayr\u0131ca, iki titre\u015fim motoru ile donat\u0131lm\u0131\u015ft\u0131r. Bazen, yar\u0131 mamul veya mamul \u00fcr\u00fcnlerin s\u0131n\u0131fland\u0131r\u0131lmas\u0131 i\u00e7in kullan\u0131l\u0131r. K\u0131sacas\u0131, titre\u015fimli eleme makinesi tam pirin\u00e7 i\u015fleme tesisi i\u00e7in gereklidir. Herhangi bir \u015f\u00fcpheniz varsa, daha fazla bilgi i\u00e7in <a href=\"https:\/\/taizyagromachine.com\/tr\/contact\/\" target=\"_blank\" rel=\"noreferrer noopener\">bizimle ileti\u015fime ge\u00e7mekten<\/a> \u00e7ekinmeyin!<\/p>    <h2 class=\"wp-block-heading\" id=\"structure-of-paddy-vibration-cleaner\"><strong>\u00c7eltik Titre\u015fim Temizleyicinin Yap\u0131s\u0131<\/strong><\/h2>    <p>Makinemiz, s\u0131ras\u0131yla yabanc\u0131 maddeler ve \u00e7eltik i\u00e7in giri\u015f, \u00e7\u0131k\u0131\u015f, titre\u015fim motoru i\u00e7erir.<\/p>   <div class=\"wp-block-image\"> <figure class=\"aligncenter size-full\"><img loading=\"lazy\" decoding=\"async\" width=\"720\" height=\"540\" src=\"https:\/\/taizyagromachine.com\/wp-content\/uploads\/2022\/01\/structure-of-vibration-cleaner.jpg\" alt=\"titre\u015fim temizleyicinin yap\u0131s\u0131\" class=\"wp-image-1869\"\/><figcaption>titre\u015fim temizleyicinin yap\u0131s\u0131<\/figcaption><\/figure> <\/div>   <h2 class=\"wp-block-heading\" id=\"advantages-of-vibrating-sieve-cleaner\"><strong>Titre\u015fimli Elek Temizleyicinin Avantajlar\u0131<\/strong><strong><\/strong><\/h2>    <ul class=\"wp-block-list\" type=\"1\"><li>Makul yap\u0131, s\u00fcper kalite, istikrarl\u0131 performans.<\/li><li>Y\u00fcksek temizleme verimlili\u011fi ve d\u00fc\u015f\u00fck enerji t\u00fcketimi.<\/li><li>K\u00fc\u00e7\u00fck makineler, az yer kaplar.<\/li><li>Uluslararas\u0131 pazarlarda tan\u0131nm\u0131\u015f bir marka.<\/li><li>\u00d6zelle\u015ftirme. \u0130lgili elekleri \u00e7eltik pirincine g\u00f6re e\u015fle\u015ftirebilirsiniz.<\/li><\/ul>    <h2 class=\"wp-block-heading\" id=\"working-principle\"><strong>\u00c7al\u0131\u015fma Prensibi<\/strong><strong><\/strong><\/h2>    <p class=\"translation-block\">Titre\u015fimli temizleme makinesi, ele\u011fin delik boyutuna g\u00f6re \u00e7al\u0131\u015fmaktad\u0131r. \u00d6rne\u011fin, modern <a href=\"https:\/\/taizyagromachine.com\/tr\/product\/solutions\/\" target=\"_blank\" rel=\"noreferrer noopener\">sat\u0131l\u0131k pirin\u00e7 de\u011firmeni \u00fcretim hatt\u0131nda<\/a>, titre\u015fimli temizlik makinesi iki katmanl\u0131 bir ele\u011fi benimsemektedir. Genel olarak, \u00fc\u00e7 \u00e7\u0131k\u0131\u015f\u0131 vard\u0131r. Biri b\u00fcy\u00fck kirleticiler i\u00e7in, biri k\u00fc\u00e7\u00fck ve hafif kirleticiler i\u00e7in, di\u011feri ise pirin\u00e7 i\u00e7in. Anlamak kolay. Herhangi bir \u015f\u00fcpheniz varsa, daha fazla bilgi i\u00e7in bizimle ileti\u015fime ge\u00e7iniz!<\/p>    <figure class=\"wp-block-embed is-type-video is-provider-youtube wp-block-embed-youtube wp-embed-aspect-16-9 wp-has-aspect-ratio\"><div class=\"wp-block-embed__wrapper\"> <iframe loading=\"lazy\" title=\"Titre\u015fimli temizleyici, pirin\u00e7 de\u011firmeni tesisinde \u00e7eltikteki yabanc\u0131 maddeleri temizleme i\u015flevi g\u00f6r\u00fcr.\" width=\"500\" height=\"281\" src=\"https:\/\/www.youtube.com\/embed\/L9lQfmDcAsw?feature=oembed\" frameborder=\"0\" allow=\"accelerometer; autoplay; clipboard-write; encrypted-media; gyroscope; picture-in-picture; web-share\" referrerpolicy=\"strict-origin-when-cross-origin\" allowfullscreen><\/iframe> <\/div><\/figure>","protected":false},"excerpt":{"rendered":"<p>Vibration cleaner\u00a0is cleaning the large, small, and light impurities from grains. Especially, in the large capacity complete rice mill plant, the paddy vibrating cleaner machine is the initial and necessary step. It\u2019s suitable for not only paddy rice but also wheat, peanuts, sesame, soybeans, etc. Besides, it is equipped with two vibration motors. Sometimes, it [&hellip;]<\/p>\n","protected":false},"author":1,"featured_media":1867,"parent":0,"template":"","tags":[],"product-type":[18],"class_list":["post-1535","product","type-product","status-publish","has-post-thumbnail","hentry","product-type-rice-mill"],"_links":{"self":[{"href":"https:\/\/taizyagromachine.com\/tr\/wp-json\/wp\/v2\/product\/1535","targetHints":{"allow":["GET"]}}],"collection":[{"href":"https:\/\/taizyagromachine.com\/tr\/wp-json\/wp\/v2\/product"}],"about":[{"href":"https:\/\/taizyagromachine.com\/tr\/wp-json\/wp\/v2\/types\/product"}],"author":[{"embeddable":true,"href":"https:\/\/taizyagromachine.com\/tr\/wp-json\/wp\/v2\/users\/1"}],"wp:featuredmedia":[{"embeddable":true,"href":"https:\/\/taizyagromachine.com\/tr\/wp-json\/wp\/v2\/media\/1867"}],"wp:attachment":[{"href":"https:\/\/taizyagromachine.com\/tr\/wp-json\/wp\/v2\/media?parent=1535"}],"wp:term":[{"taxonomy":"post_tag","embeddable":true,"href":"https:\/\/taizyagromachine.com\/tr\/wp-json\/wp\/v2\/tags?post=1535"},{"taxonomy":"product-type","embeddable":true,"href":"https:\/\/taizyagromachine.com\/tr\/wp-json\/wp\/v2\/product-type?post=1535"}],"curies":[{"name":"wp","href":"https:\/\/api.w.org\/{rel}","templated":true}]}}