{"id":1560,"date":"2021-12-15T08:25:49","date_gmt":"2021-12-15T08:25:49","guid":{"rendered":"https:\/\/taizyagromachine.com\/?p=1560"},"modified":"2025-01-02T13:54:13","modified_gmt":"2025-01-02T05:54:13","slug":"rice-grader","status":"publish","type":"product","link":"https:\/\/taizyagromachine.com\/tr\/product\/rice-grader\/","title":{"rendered":"Pirin\u00e7 S\u0131n\u0131fland\u0131r\u0131c\u0131"},"content":{"rendered":"<p class=\"translation-block\"><strong>Pirin\u00e7 Kalite Ay\u0131r\u0131c\u0131<\/strong>, b\u00fct\u00fcn beyaz pirinci ve k\u0131r\u0131k beyaz pirinci boyutlar\u0131na g\u00f6re ay\u0131r\u0131r. Pirin\u00e7 i\u015fleme tesisinde \u00f6nemli bir role sahip olan MMJP serisi beyaz pirin\u00e7 kalite ay\u0131r\u0131c\u0131ya aittir. Genellikle, <a href=\"https:\/\/taizyagromachine.com\/tr\/product\/solutions\/\" target=\"_blank\" rel=\"noreferrer noopener\">tam otomatik pirin\u00e7 de\u011firmeni \u00fcretim hatt\u0131nda<\/a> kullan\u0131l\u0131r. Genel olarak, g\u00f6r\u00fcn\u00fc\u015flerinde \u00e7aplar bulunur. Ayr\u0131ca, elekte lastik top bulunur. Bunun nedeni, topun elek <a href=\"https:\/\/en.wikipedia.org\/wiki\/Clog\" target=\"_blank\" rel=\"noreferrer noopener\">t\u0131kan\u0131kl\u0131\u011f\u0131n\u0131<\/a> temizlemek i\u00e7indir. Farkl\u0131 pirin\u00e7 de\u011firmeni tesislerinde farkl\u0131 kapasiteli pirin\u00e7 kalite ay\u0131r\u0131c\u0131 makineleri uygulayabilirsiniz. Ayr\u0131ca, pirin\u00e7 kalite ay\u0131r\u0131c\u0131 ve renk ay\u0131r\u0131c\u0131 s\u0131ras\u0131n\u0131 de\u011fi\u015ftirebilir. Daha fazla ayr\u0131nt\u0131 i\u00e7in bizimle ileti\u015fime ge\u00e7ebilirsiniz!<\/p>    <h2 class=\"wp-block-heading\" id=\"advantages-of-rice-grading-machine\"><strong>Pirin\u00e7 S\u0131n\u0131fland\u0131r\u0131c\u0131n\u0131n Avantajlar\u0131<\/strong><\/h2>    <ul class=\"wp-block-list\" type=\"1\"><li>Makul yap\u0131, istikrarl\u0131 \u00e7al\u0131\u015fma, s\u00fcper kalite.<\/li><li>Y\u00fcksek i\u015f verimlili\u011fi ve d\u00fc\u015f\u00fck enerji t\u00fcketimi.<\/li><li>Otomatik temizleme ekipman\u0131 sayesinde ekranlar kolayca t\u0131kanmaz.<\/li><li>Uzun servis \u00f6mr\u00fc, kullan\u0131m\u0131 ve bak\u0131m\u0131 kolayd\u0131r.<\/li><li>Farkl\u0131 pirin\u00e7 s\u0131n\u0131fland\u0131rma kapasitelerine uygulanabilen \u00e7ok katmanl\u0131 elek mevcuttur.<\/li><li>K\u00fc\u00e7\u00fck g\u00fcr\u00fclt\u00fc, g\u00fc\u00e7l\u00fc uyarlanabilirlik, y\u00fcksek \u00e7\u0131k\u0131\u015f.<\/li><\/ul>    <figure class=\"wp-block-gallery has-nested-images columns-default is-cropped wp-block-gallery-2 is-layout-flex wp-block-gallery-is-layout-flex\"> <figure class=\"wp-block-image size-large\"><img loading=\"lazy\" decoding=\"async\" width=\"720\" height=\"540\" data-id=\"1890\" src=\"https:\/\/taizyagromachine.com\/wp-content\/uploads\/2022\/02\/screen-rice-grader.jpg\" alt=\"ekran\" class=\"wp-image-1890\"\/><figcaption>ekran<\/figcaption><\/figure>    <figure class=\"wp-block-image size-large\"><img loading=\"lazy\" decoding=\"async\" width=\"720\" height=\"540\" data-id=\"1891\" src=\"https:\/\/taizyagromachine.com\/wp-content\/uploads\/2022\/02\/separating-rice.jpg\" alt=\"pirin\u00e7 s\u0131n\u0131fland\u0131rma\" class=\"wp-image-1891\"\/><figcaption>pirin\u00e7 s\u0131n\u0131fland\u0131rma<\/figcaption><\/figure> <\/figure>    <h2 class=\"wp-block-heading\" id=\"rice-grader-machine-price\"><strong>R<\/strong><strong>buz <\/strong><strong>G<\/strong><strong>Rader <\/strong><strong>M<\/strong><strong>makine <\/strong><strong>P<\/strong><strong>pirin\u00e7<\/strong><strong><\/strong><\/h2>    <p class=\"translation-block\"><a href=\"https:\/\/taizyagromachine.com\/tr\/\" target=\"_blank\" rel=\"noreferrer noopener\">Profesyonel bir pirin\u00e7 de\u011firmeni \u00fcreticisi ve tedarik\u00e7isi<\/a> olarak, \u00e7e\u015fitli pirin\u00e7 de\u011firmeni tesislerimiz bulunmaktad\u0131r. Tam pirin\u00e7 de\u011firmeni tesisi, kar\u015f\u0131l\u0131k gelen bir pirin\u00e7 kalite ay\u0131r\u0131c\u0131ya ihtiya\u00e7 duyar. Ancak, farkl\u0131 \u00e7\u0131kt\u0131, kar\u015f\u0131l\u0131k gelen bir pirin\u00e7 ay\u0131r\u0131c\u0131 gerektirir. Pirin\u00e7 kalite ay\u0131r\u0131c\u0131 makine fiyat\u0131 de\u011fi\u015fiklik g\u00f6sterir. Bu nedenle, gereksinimlerinizi bize bildirebilirsiniz, biz de uygun olan\u0131 tavsiye eder ve en k\u0131sa s\u00fcrede en iyi fiyat\u0131 g\u00f6ndeririz!<\/p>   <div class=\"wp-block-image\"> <figure class=\"aligncenter size-full\"><img loading=\"lazy\" decoding=\"async\" width=\"720\" height=\"540\" src=\"https:\/\/taizyagromachine.com\/wp-content\/uploads\/2022\/02\/functions-in-the-complete-ric-emill-plant.jpg\" alt=\"komple pirin\u00e7 de\u011firmeni tesisindeki faaliyetler\" class=\"wp-image-1893\"\/><figcaption>komple pirin\u00e7 de\u011firmeni tesisindeki faaliyetler<\/figcaption><\/figure> <\/div>","protected":false},"excerpt":{"rendered":"<p>Rice grader\u00a0is separating the whole white rice and broken white rice according to size. It belongs to MMJP series white rice grader, an important role in the rice processing plant. Often, it is used in the fully automatic rice mill plant production line. Generally speaking, there are diameters in their appearances. Besides, there is the [&hellip;]<\/p>\n","protected":false},"author":1,"featured_media":1889,"parent":0,"template":"","tags":[],"product-type":[18],"class_list":["post-1560","product","type-product","status-publish","has-post-thumbnail","hentry","product-type-rice-mill"],"_links":{"self":[{"href":"https:\/\/taizyagromachine.com\/tr\/wp-json\/wp\/v2\/product\/1560","targetHints":{"allow":["GET"]}}],"collection":[{"href":"https:\/\/taizyagromachine.com\/tr\/wp-json\/wp\/v2\/product"}],"about":[{"href":"https:\/\/taizyagromachine.com\/tr\/wp-json\/wp\/v2\/types\/product"}],"author":[{"embeddable":true,"href":"https:\/\/taizyagromachine.com\/tr\/wp-json\/wp\/v2\/users\/1"}],"wp:featuredmedia":[{"embeddable":true,"href":"https:\/\/taizyagromachine.com\/tr\/wp-json\/wp\/v2\/media\/1889"}],"wp:attachment":[{"href":"https:\/\/taizyagromachine.com\/tr\/wp-json\/wp\/v2\/media?parent=1560"}],"wp:term":[{"taxonomy":"post_tag","embeddable":true,"href":"https:\/\/taizyagromachine.com\/tr\/wp-json\/wp\/v2\/tags?post=1560"},{"taxonomy":"product-type","embeddable":true,"href":"https:\/\/taizyagromachine.com\/tr\/wp-json\/wp\/v2\/product-type?post=1560"}],"curies":[{"name":"wp","href":"https:\/\/api.w.org\/{rel}","templated":true}]}}