{"id":1601,"date":"2021-12-18T01:14:32","date_gmt":"2021-12-18T01:14:32","guid":{"rendered":"https:\/\/taizyagromachine.com\/?p=1601"},"modified":"2025-01-02T13:52:00","modified_gmt":"2025-01-02T05:52:00","slug":"emery-roller-rice-mill-machine","status":"publish","type":"product","link":"https:\/\/taizyagromachine.com\/tr\/product\/emery-roller-rice-mill-machine\/","title":{"rendered":"Z\u0131mpara Silindirli Pirin\u00e7 De\u011firmeni Makinesi"},"content":{"rendered":"<p class=\"translation-block\"><strong>Z\u0131mpara Rulolu Pirin\u00e7 Soyma Makinesi<\/strong> kahverengi pirinci beyaz pirince i\u015flemek i\u00e7in ideal bir ekipmand\u0131r. Genel olarak, bu z\u0131mpara rulolu pirin\u00e7 soyma ekipman\u0131 MNMS serisi olarak adland\u0131r\u0131l\u0131r. Bu pirin\u00e7 soyma makinesi, pirin\u00e7 soyma tesisinde ve <a href=\"https:\/\/taizyagromachine.com\/tr\/product\/solutions\/\" target=\"_blank\" rel=\"noreferrer noopener\">pirin\u00e7 soyma \u00fcretim hatt\u0131nda<\/a> yayg\u0131n olarak kullan\u0131l\u0131r. Ayr\u0131ca, basit yap\u0131s\u0131, kolay kullan\u0131m\u0131 ve uygun bak\u0131m\u0131 gibi avantajlara sahiptir. Daha da \u00f6nemlisi, uzun \u015fekilli pirin\u00e7 i\u00e7in daha uygundur. Daha fazla bilgi i\u00e7in l\u00fctfen bizimle ileti\u015fime ge\u00e7in!<\/p>   <div class=\"wp-block-image\"> <figure class=\"aligncenter size-full\"><img loading=\"lazy\" decoding=\"async\" width=\"720\" height=\"540\" src=\"https:\/\/taizyagromachine.com\/wp-content\/uploads\/2022\/02\/emery-roller-rice-mill-machine.jpg\" alt=\"z\u0131mpara silindiri pirin\u00e7 de\u011firmeni makinesi\" class=\"wp-image-1903\"\/><figcaption>z\u0131mpara silindiri pirin\u00e7 de\u011firmeni makinesi<\/figcaption><\/figure> <\/div>   <h2 class=\"wp-block-heading\" id=\"structure-of-rice-milling-machine-for-sale\"><strong>Sat\u0131l\u0131k Pirin\u00e7 Freze Makinesinin Yap\u0131s\u0131<\/strong><\/h2>   <div class=\"wp-block-image\"> <figure class=\"aligncenter size-full\"><img loading=\"lazy\" decoding=\"async\" width=\"720\" height=\"540\" src=\"https:\/\/taizyagromachine.com\/wp-content\/uploads\/2022\/02\/machine-structure-emery-roll-rice-mill-machine.jpg\" alt=\"makine yap\u0131s\u0131\" class=\"wp-image-1905\"\/><figcaption>makine yap\u0131s\u0131<\/figcaption><\/figure> <\/div>   <h2 class=\"wp-block-heading\" id=\"features\"><strong>Z\u0131mpara Silindirli Pirin\u00e7 De\u011firmeni Makinesinin \u00d6zellikleri<\/strong><\/h2>    <ul class=\"wp-block-list\" type=\"1\"><li>Makul yap\u0131, kaliteli, istikrarl\u0131 performans.<\/li><li>Y\u00fcksek \u00fcretim hacmi, daha az k\u0131r\u0131k pirin\u00e7.<\/li><li>Y\u00fcksek kaliteli ve hassas pirin\u00e7 i\u00e7in kontrol edilmesi ve ayarlanmas\u0131 kolayd\u0131r.<\/li><li>\u0130yi teknoloji ve geni\u015f uygulanabilirlik.<\/li><li>\u0130htiya\u00e7lar\u0131n\u0131z\u0131 kar\u015f\u0131lamak i\u00e7in \u00e7e\u015fitli modeller.<\/li><\/ul>    <h2 class=\"wp-block-heading\" id=\"machine-details\"><strong>Makine Detaylar\u0131<\/strong><strong><\/strong><\/h2>    <h3 class=\"wp-block-heading\" id=\"emery-roller\">Z\u0131mpara silindiri<\/h3>    <p>Bu z\u0131mpara silindiri, pirin\u00e7 de\u011firmeni makinesinin kahverengi pirinci \u00f6\u011f\u00fctmesi i\u00e7in kullan\u0131l\u0131r. D\u00fc\u015f\u00fck g\u00fc\u00e7 t\u00fcketimi, y\u00fcksek pirin\u00e7 verimi ve y\u00fcksek \u00fcretim verimlili\u011fi avantajlar\u0131na sahiptir.<\/p>   <div class=\"wp-block-image\"> <figure class=\"aligncenter size-full\"><img loading=\"lazy\" decoding=\"async\" width=\"720\" height=\"450\" src=\"https:\/\/taizyagromachine.com\/wp-content\/uploads\/2022\/02\/emery-roller.jpg\" alt=\"z\u0131mpara rulosu\" class=\"wp-image-1908\"\/><figcaption>z\u0131mpara rulosu<\/figcaption><\/figure> <\/div>   <h3 class=\"wp-block-heading\" id=\"feed-hopper\">Besleme hunisi<\/h3>    <p>Kahverengi pirincin h\u0131z\u0131n\u0131 g\u00f6zlemlemek i\u00e7in uygun g\u00f6rsel bir pencereye sahiptir. \u00dcstelik bir g\u00f6sterge paneli var. Kontrol panelinden besleme bas\u0131nc\u0131n\u0131 do\u011fru bir \u015fekilde g\u00f6zlemleyebilirsiniz.<\/p>    <h3 class=\"wp-block-heading\" id=\"blower\">\u00dcfleyici<\/h3>    <p>\u00dcfleyici, daha iyi bir uzant\u0131ya sahip olan al\u00fcminyum malzemeyi benimser. Bu nedenle iyi bir mekanik performansa sahiptir.<\/p>   <div class=\"wp-block-image\"> <figure class=\"aligncenter size-full\"><img loading=\"lazy\" decoding=\"async\" width=\"720\" height=\"450\" src=\"https:\/\/taizyagromachine.com\/wp-content\/uploads\/2022\/02\/air-cleaner.jpg\" alt=\"\u00fcfleyici\" class=\"wp-image-1907\"\/><figcaption>\u00fcfleyici<\/figcaption><\/figure> <\/div>   <h3 class=\"wp-block-heading\" id=\"outlet\">\u00c7\u0131k\u0131\u015f<\/h3>    <p class=\"translation-block\">\u00c7\u0131k\u0131\u015ftan, pirin\u00e7 kalitesiyle ilgili bir sorun olup olmad\u0131\u011f\u0131n\u0131 g\u00f6zlemleyebiliriz ve pirin\u00e7 <a href=\"https:\/\/en.wikipedia.org\/wiki\/Bran\" target=\"_blank\" rel=\"noreferrer noopener\">kepe\u011fi<\/a> ayr\u0131m\u0131 i\u00e7in nettir.<\/p>    <h2 class=\"wp-block-heading\" id=\"functions-in-complete-rice-mill-plant\"><strong>Komple Pirin\u00e7 De\u011firmeni Tesisindeki Fonksiyonlar<\/strong><strong><\/strong><\/h2>    <p>Z\u0131mpara silindirli pirin\u00e7 \u00f6\u011f\u00fctme makinesi, entegre pirin\u00e7 \u00f6\u011f\u00fctme \u00fcnitesinde \u00e7ok \u00f6nemli bir rol oynar. Herkesin bildi\u011fi gibi pirin\u00e7 \u00f6\u011f\u00fctme makinesi s\u00fcrecin \u00f6nemli bir ad\u0131m\u0131d\u0131r. Esas olarak kahverengi pirincin beyaz pirince \u00f6\u011f\u00fct\u00fclmesi i\u015flevi g\u00f6r\u00fcr. Ve kapasite, farkl\u0131 pirin\u00e7 de\u011firmeni \u00fcretim hatlar\u0131na g\u00f6re de\u011fi\u015fmektedir. Yani pirin\u00e7 de\u011firmeni tesisi fiyat\u0131 farkl\u0131d\u0131r. Pirin\u00e7 \u00f6\u011f\u00fctme makinesi hakk\u0131nda hi\u00e7bir fikriniz yoksa destek i\u00e7in l\u00fctfen bizimle ileti\u015fime ge\u00e7in!<\/p>   <div class=\"wp-block-image\"> <figure class=\"aligncenter size-full\"><img loading=\"lazy\" decoding=\"async\" width=\"720\" height=\"540\" src=\"https:\/\/taizyagromachine.com\/wp-content\/uploads\/2022\/02\/functions-in-the-complete-ric-emill-plant.jpg\" alt=\"komple pirin\u00e7 de\u011firmeni tesisindeki faaliyetler\" class=\"wp-image-1893\"\/><figcaption>komple pirin\u00e7 de\u011firmeni tesisindeki faaliyetler<\/figcaption><\/figure> <\/div>","protected":false},"excerpt":{"rendered":"<p>Emery roller rice mill machine&nbsp;is the ideal equipment for processing brown rice into white rice. Generally, this emery roller rice milling equipment is called as MNMS series. This rice milling machine has wide applications in the rice milling plant and rice mill production line. Besides, it has the advantages of simple structure, easy operation, and [&hellip;]<\/p>\n","protected":false},"author":1,"featured_media":1903,"parent":0,"template":"","tags":[],"product-type":[18],"class_list":["post-1601","product","type-product","status-publish","has-post-thumbnail","hentry","product-type-rice-mill"],"_links":{"self":[{"href":"https:\/\/taizyagromachine.com\/tr\/wp-json\/wp\/v2\/product\/1601","targetHints":{"allow":["GET"]}}],"collection":[{"href":"https:\/\/taizyagromachine.com\/tr\/wp-json\/wp\/v2\/product"}],"about":[{"href":"https:\/\/taizyagromachine.com\/tr\/wp-json\/wp\/v2\/types\/product"}],"author":[{"embeddable":true,"href":"https:\/\/taizyagromachine.com\/tr\/wp-json\/wp\/v2\/users\/1"}],"wp:featuredmedia":[{"embeddable":true,"href":"https:\/\/taizyagromachine.com\/tr\/wp-json\/wp\/v2\/media\/1903"}],"wp:attachment":[{"href":"https:\/\/taizyagromachine.com\/tr\/wp-json\/wp\/v2\/media?parent=1601"}],"wp:term":[{"taxonomy":"post_tag","embeddable":true,"href":"https:\/\/taizyagromachine.com\/tr\/wp-json\/wp\/v2\/tags?post=1601"},{"taxonomy":"product-type","embeddable":true,"href":"https:\/\/taizyagromachine.com\/tr\/wp-json\/wp\/v2\/product-type?post=1601"}],"curies":[{"name":"wp","href":"https:\/\/api.w.org\/{rel}","templated":true}]}}