{"id":1622,"date":"2021-12-18T01:14:22","date_gmt":"2021-12-18T01:14:22","guid":{"rendered":"https:\/\/taizyagromachine.com\/?p=1622"},"modified":"2025-01-02T13:52:32","modified_gmt":"2025-01-02T05:52:32","slug":"gravity-paddy-separator","status":"publish","type":"product","link":"https:\/\/taizyagromachine.com\/tr\/product\/gravity-paddy-separator\/","title":{"rendered":"Yer\u00e7ekimi \u00c7eltik Ay\u0131r\u0131c\u0131"},"content":{"rendered":"<p class=\"translation-block\"><strong>Yer\u00e7ekimi \u00e7eltik ay\u0131r\u0131c\u0131<\/strong>, kahverengi pirinci yer\u00e7ekimine g\u00f6re \u00e7eltik pirincinden ay\u0131rmak i\u00e7indir. Genel olarak MGCZ serisi olarak adland\u0131r\u0131r\u0131z. Pirin\u00e7 i\u015fleme tesisinde, b\u00fct\u00fcn pirin\u00e7 verimini b\u00fcy\u00fck \u00f6l\u00e7\u00fcde art\u0131rmakla kalmaz, ayn\u0131 zamanda ekonomik fayday\u0131 da b\u00fcy\u00fck \u00f6l\u00e7\u00fcde art\u0131r\u0131r. Sat\u0131l\u0131k yer\u00e7ekimi \u00e7eltik ay\u0131r\u0131c\u0131lar\u0131n\u0131n \u00e7e\u015fitli modelleri bulunmaktad\u0131r. B\u00fcy\u00fck kapasiteli pirin\u00e7 fabrikas\u0131 i\u00e7in bu yer\u00e7ekimi ay\u0131r\u0131c\u0131 tek ba\u015f\u0131na yerle\u015ftirilir. B\u00fcy\u00fck pirin\u00e7 fabrikas\u0131 ile kar\u015f\u0131la\u015ft\u0131r\u0131ld\u0131\u011f\u0131nda, standart konfig\u00fcrasyon ve k\u00fc\u00e7\u00fck kapasite i\u00e7in yer\u00e7ekimi ay\u0131r\u0131c\u0131 her zaman pirin\u00e7 \u00f6\u011f\u00fctme makinesinin \u00fcst k\u0131sm\u0131na yerle\u015ftirilir. Daha fazla bilgi i\u00e7in bizimle ileti\u015fime ge\u00e7ebilirsiniz!<\/p>    <h2 class=\"wp-block-heading\" id=\"gravity-separator-design\"><strong>Yer\u00e7ekimi Ay\u0131r\u0131c\u0131 Tasar\u0131m\u0131<\/strong><\/h2>    <p>Bu yer\u00e7ekimi \u00e7eltik ay\u0131r\u0131c\u0131 benzersiz ve basit bir tasar\u0131ma sahiptir. Bak\u0131r motor, bu makinenin \u00e7al\u0131\u015fmas\u0131n\u0131 destekleyecek g\u00fcc\u00fc sa\u011flar ve elek, \u00e7eltik pirinci ile kahverengi pirinci ay\u0131rmaya karar verir. Birbirlerini tamamlarlar ve vazge\u00e7ilmezdirler.<\/p>    <figure class=\"wp-block-gallery has-nested-images columns-default is-cropped wp-block-gallery-2 is-layout-flex wp-block-gallery-is-layout-flex\"> <figure class=\"wp-block-image size-large\"><img loading=\"lazy\" decoding=\"async\" width=\"720\" height=\"540\" data-id=\"1897\" src=\"https:\/\/taizyagromachine.com\/wp-content\/uploads\/2022\/02\/copper-motor-gravity-separator.jpg\" alt=\"bak\u0131r motor\" class=\"wp-image-1897\"\/><figcaption>bak\u0131r motor<\/figcaption><\/figure>    <figure class=\"wp-block-image size-large\"><img loading=\"lazy\" decoding=\"async\" width=\"720\" height=\"540\" data-id=\"1898\" src=\"https:\/\/taizyagromachine.com\/wp-content\/uploads\/2022\/02\/sieve-plate.jpg\" alt=\"elek plakas\u0131\" class=\"wp-image-1898\"\/><figcaption>elek plakas\u0131<\/figcaption><\/figure> <\/figure>    <h2 class=\"wp-block-heading\" id=\"features\"><strong>\u00d6zellikler<\/strong><strong><\/strong><\/h2>    <ul class=\"wp-block-list\" type=\"1\"><li>Kolay kullan\u0131m, kompakt yap\u0131 ve istikrarl\u0131 performans.<\/li><li>Geni\u015f uygulamalar. \u00c7\u00fcnk\u00fc bu makine hem uzun taneli hem de yuvarlak taneli kahverengi pirince uygulanabilir.<\/li><li>Benzersiz denge tasar\u0131m\u0131 m\u00fckemmel mekanizma performans\u0131 sa\u011flar.<\/li><li>D\u00fc\u015f\u00fck mekanik a\u011f\u0131rl\u0131k merkezi, makul d\u00f6ner, kararl\u0131 i\u015fleme \u00f6zelli\u011fi.<\/li><li>\u00c7e\u015fitli modeller m\u00fc\u015fterilerin farkl\u0131 gereksinimlerini kar\u015f\u0131lar.<\/li><\/ul>    <h2 class=\"wp-block-heading\" id=\"gravity-separator-working-principle\"><strong>Yer\u00e7ekimi Ay\u0131r\u0131c\u0131 \u00c7al\u0131\u015fma Prensibi<\/strong><strong><\/strong><\/h2>    <p class=\"translation-block\">Entegre tam otomatik pirin\u00e7 fabrikas\u0131nda, yer\u00e7ekimi \u00e7eltik ay\u0131r\u0131c\u0131 esast\u0131r. Farkl\u0131 <a href=\"https:\/\/en.wikipedia.org\/wiki\/Gravity\" target=\"_blank\" rel=\"noreferrer noopener\">yer\u00e7ekimi<\/a> ve s\u00fcrt\u00fcnme katsay\u0131lar\u0131 nedeniyle, \u00e7eltik pirinci ve kahverengi pirin\u00e7 eleklerin kar\u015f\u0131l\u0131kl\u0131 hareketi ile ayr\u0131l\u0131r.<\/p>    <h2 class=\"wp-block-heading\" id=\"conclusion\"><strong>\u00c7\u00f6z\u00fcm<\/strong><strong><\/strong><\/h2>    <p class=\"translation-block\">Taizy \u015eirketinde, yer\u00e7ekimi \u00e7eltik ay\u0131r\u0131c\u0131 her zaman <a href=\"https:\/\/taizyagromachine.com\/tr\/product\/solutions\/\" target=\"_blank\" rel=\"noreferrer noopener\">pirin\u00e7 \u00f6\u011f\u00fctme \u00fcretim hatt\u0131<\/a> ile birlikte kullan\u0131l\u0131r. Farkl\u0131 tam pirin\u00e7 \u00f6\u011f\u00fctme hatlar\u0131, ilgili yer\u00e7ekimi ay\u0131r\u0131c\u0131 ile e\u015fle\u015ftirilmelidir. B\u00f6ylece, yer\u00e7ekimi ay\u0131r\u0131c\u0131 fiyat\u0131, farkl\u0131 kapasiteli pirin\u00e7 \u00f6\u011f\u00fctme tesislerine g\u00f6re de\u011fi\u015fiklik g\u00f6sterir. Ayr\u0131ca, pirin\u00e7 s\u0131n\u0131fland\u0131r\u0131c\u0131, <a href=\"https:\/\/taizyagromachine.com\/tr\/product\/vibration-cleaner\/\" target=\"_blank\" rel=\"noreferrer noopener\">titre\u015fimli temizleyici<\/a> vb. ile ayn\u0131 \u015fekilde. \u0130\u015fletmeniz i\u00e7in uygun bir pirin\u00e7 \u00f6\u011f\u00fctme tesisi nas\u0131l kurulur? Detayl\u0131 ihtiya\u00e7lar\u0131n\u0131z\u0131 bize s\u00f6yleyebilirsiniz, ard\u0131ndan profesyonel sat\u0131\u015f m\u00fcd\u00fcr\u00fcm\u00fcz sizi memnun edecek uygun \u00e7\u00f6z\u00fcmler sunacakt\u0131r.<\/p>   <div class=\"wp-block-image\"> <figure class=\"aligncenter size-full\"><img loading=\"lazy\" decoding=\"async\" width=\"720\" height=\"540\" src=\"https:\/\/taizyagromachine.com\/wp-content\/uploads\/2022\/02\/functions-in-the-complete-ric-emill-plant.jpg\" alt=\"komple pirin\u00e7 de\u011firmeni tesisindeki faaliyetler\" class=\"wp-image-1893\"\/><figcaption>komple pirin\u00e7 de\u011firmeni tesisindeki faaliyetler<\/figcaption><\/figure> <\/div>","protected":false},"excerpt":{"rendered":"<p>Gravity paddy separator&nbsp;is to divide brown rice from the paddy rice according to gravity.&nbsp;Generally, we call it MGCZ series. In the rice processing plant, it not only improves whole rice output greatly, also promotes economic benefit enormously. There are various models of gravity paddy rice separator for sale. For the large capacity rice mill plant, [&hellip;]<\/p>\n","protected":false},"author":1,"featured_media":1896,"parent":0,"template":"","tags":[],"product-type":[18],"class_list":["post-1622","product","type-product","status-publish","has-post-thumbnail","hentry","product-type-rice-mill"],"_links":{"self":[{"href":"https:\/\/taizyagromachine.com\/tr\/wp-json\/wp\/v2\/product\/1622","targetHints":{"allow":["GET"]}}],"collection":[{"href":"https:\/\/taizyagromachine.com\/tr\/wp-json\/wp\/v2\/product"}],"about":[{"href":"https:\/\/taizyagromachine.com\/tr\/wp-json\/wp\/v2\/types\/product"}],"author":[{"embeddable":true,"href":"https:\/\/taizyagromachine.com\/tr\/wp-json\/wp\/v2\/users\/1"}],"wp:featuredmedia":[{"embeddable":true,"href":"https:\/\/taizyagromachine.com\/tr\/wp-json\/wp\/v2\/media\/1896"}],"wp:attachment":[{"href":"https:\/\/taizyagromachine.com\/tr\/wp-json\/wp\/v2\/media?parent=1622"}],"wp:term":[{"taxonomy":"post_tag","embeddable":true,"href":"https:\/\/taizyagromachine.com\/tr\/wp-json\/wp\/v2\/tags?post=1622"},{"taxonomy":"product-type","embeddable":true,"href":"https:\/\/taizyagromachine.com\/tr\/wp-json\/wp\/v2\/product-type?post=1622"}],"curies":[{"name":"wp","href":"https:\/\/api.w.org\/{rel}","templated":true}]}}