{"id":1646,"date":"2022-01-20T08:04:29","date_gmt":"2022-01-20T08:04:29","guid":{"rendered":"https:\/\/taizyagromachine.com\/"},"modified":"2025-01-02T13:54:01","modified_gmt":"2025-01-02T05:54:01","slug":"paddy-wheat-thresher-for-sorghum-rice-beans-rapeseed","status":"publish","type":"product","link":"https:\/\/taizyagromachine.com\/tr\/product\/paddy-wheat-thresher-for-sorghum-rice-beans-rapeseed\/","title":{"rendered":"Sorgum, Pirin\u00e7, Fasulye, Kolza Tohumu i\u00e7in \u00c7eltik Bu\u011fday Harman\u0131"},"content":{"rendered":"<p class=\"translation-block\"><strong>Pirin\u00e7 bu\u011fday harman makinesi<\/strong> ba\u015fl\u0131ca pirin\u00e7 ve bu\u011fday\u0131 harmanlamak i\u00e7indir. Ayr\u0131ca <a href=\"https:\/\/en.wikipedia.org\/wiki\/Sorghum\" target=\"_blank\" rel=\"noreferrer noopener\">sorgum<\/a> ve fasulye i\u00e7in de uygundur. Dikkat edilmesi gereken bir di\u011fer husus da fasulye ay\u0131klama makinesini \u00f6zelle\u015ftirmemiz gerekti\u011fidir. Bunun nedeni farkl\u0131 i\u015f mili h\u0131zlar\u0131d\u0131r. Dahas\u0131, bu pirin\u00e7 harman makinesi 5TD serisine aittir. Bug\u00fcn tan\u0131t\u0131lan model 5TD-125'tir. Bu tip bu\u011fday harman makinesi, safs\u0131zl\u0131klar\u0131 gidermek i\u00e7in \u00e7ift hava temizleme sistemini benimser. Daha b\u00fcy\u00fck kapasitesi nedeniyle, g\u00fc\u00e7 sistemi olarak elektrik motoru veya dizel motor donatabiliriz. Daha fazla bilgi i\u00e7in bizimle ileti\u015fime ge\u00e7ebilirsiniz! \u00c7ok yak\u0131nda cevap verece\u011fiz!<\/p>    <h2 class=\"wp-block-heading\" id=\"h-characteristics-of-paddy-wheat-thresher\"><strong>\u00c7eltik Bu\u011fday Harman\u0131n\u0131n \u00d6zellikleri<\/strong><\/h2>    <ul class=\"wp-block-list\" type=\"1\"><li>Makul yap\u0131, y\u00fcksek harman oran\u0131, d\u00fc\u015f\u00fck kay\u0131p oran\u0131.<\/li><li>\u00c7ift hava temizleyiciler. \u00c7eltik pirinci ve bu\u011fday\u0131 daha temiz hale getirmek i\u00e7in yabanc\u0131 maddeleri daha iyi \u00e7\u0131kar\u0131n.<\/li><li>M\u00fc\u015fterilerin taleplerine g\u00f6re yap\u0131land\u0131rma. Gibi <a href=\"https:\/\/taizyagromachine.com\/tr\/\" target=\"_blank\" rel=\"noreferrer noopener\">tecr\u00fcbeli ve profesyonel bir firma<\/a>, bu\u011fday harman makinemiz tekerlekleri, \u00e7er\u00e7eveyi, PTO'yu vb. bir araya getirebilir. Elbette \u00e7eltik harman makinesinin fiyat\u0131 farkl\u0131l\u0131k g\u00f6sterir.<\/li><li>Mahsuller fasulye ise \u00e7eltik harman makinesini \u00f6zelle\u015ftirin. Farkl\u0131 h\u0131z nedeniyle pirin\u00e7 bu\u011fday harman makinesi \u00f6zelle\u015ftirilebilir.<\/li><li>Ele\u011fin, kar\u015f\u0131l\u0131k gelen bu\u011fday, pirin\u00e7 kabu\u011funa de\u011fi\u015ftirilmesi.<\/li><\/ul>    <h2 class=\"wp-block-heading\" id=\"h-paddy-wheat-thresher-structure\"><strong>\u00c7eltik Bu\u011fday\u0131 Harman Yap\u0131s\u0131<\/strong><strong><\/strong><\/h2>    <p>K\u00fc\u00e7\u00fck bu\u011fday harmanlay\u0131c\u0131yla kar\u015f\u0131la\u015ft\u0131r\u0131ld\u0131\u011f\u0131nda bu tip b\u00fcy\u00fck kapasiteye sahiptir. Besleme giri\u015fi, yabanc\u0131 madde \u00e7\u0131k\u0131\u015f\u0131, elek a\u011f\u0131, fanlar, braketten olu\u015fur. Sonu\u00e7ta anla\u015f\u0131lmas\u0131 ve \u00e7al\u0131\u015ft\u0131r\u0131lmas\u0131 kolayd\u0131r.<\/p>    <figure class=\"wp-block-gallery aligncenter has-nested-images columns-default is-cropped wp-block-gallery-2 is-layout-flex wp-block-gallery-is-layout-flex\"> <figure class=\"wp-block-image size-large\"><img loading=\"lazy\" decoding=\"async\" width=\"720\" height=\"540\" data-id=\"1648\" src=\"https:\/\/taizyagromachine.com\/wp-content\/uploads\/2022\/01\/structure-125.jpg\" alt=\"\u00e7eltik bu\u011fday harman makinesinin yap\u0131s\u0131\" class=\"wp-image-1648\"\/><figcaption>yap\u0131<\/figcaption><\/figure>    <figure class=\"wp-block-image size-large\"><img loading=\"lazy\" decoding=\"async\" width=\"720\" height=\"540\" data-id=\"1649\" src=\"https:\/\/taizyagromachine.com\/wp-content\/uploads\/2022\/01\/structure-side-125.jpg\" alt=\"PTO&#039;lu yap\u0131\" class=\"wp-image-1649\"\/><figcaption>PTO'lu yap\u0131<\/figcaption><\/figure> <\/figure>    <h2 class=\"wp-block-heading\" id=\"h-applications-of-rice-thresher\"><strong>Pirin\u00e7 Harman\u0131 Uygulamalar\u0131<\/strong><\/h2>    <p>Genel olarak konu\u015fursak, \u00e7eltik harman makinesi pirin\u00e7, bu\u011fday, sorgum, fasulye, kolza tohumu vb. i\u00e7in uygundur. Fasulye hari\u00e7 di\u011ferleri i\u00e7in yaln\u0131zca ele\u011fi de\u011fi\u015ftirin ve ard\u0131ndan mahsulleri harmanlay\u0131n.<\/p>    <figure class=\"wp-block-gallery aligncenter has-nested-images columns-default is-cropped wp-block-gallery-3 is-layout-flex wp-block-gallery-is-layout-flex\"> <figure class=\"wp-block-image size-large\"><img loading=\"lazy\" decoding=\"async\" width=\"720\" height=\"300\" data-id=\"1650\" src=\"https:\/\/taizyagromachine.com\/wp-content\/uploads\/2022\/01\/applications-125.jpg\" alt=\"uygulanabilir bu\u011fday, pirin\u00e7\" class=\"wp-image-1650\"\/><figcaption>uygulanabilir bu\u011fday, pirin\u00e7<\/figcaption><\/figure> <\/figure>    <figure class=\"wp-block-gallery aligncenter has-nested-images columns-default is-cropped wp-block-gallery-4 is-layout-flex wp-block-gallery-is-layout-flex\"> <figure class=\"wp-block-image size-large\"><img loading=\"lazy\" decoding=\"async\" width=\"720\" height=\"300\" data-id=\"1651\" src=\"https:\/\/taizyagromachine.com\/wp-content\/uploads\/2022\/01\/applications-beans-125.jpg\" alt=\"uygulanabilir fasulye\" class=\"wp-image-1651\"\/><figcaption>uygulanabilir fasulye<\/figcaption><\/figure>    <figure class=\"wp-block-image size-large\"><img loading=\"lazy\" decoding=\"async\" width=\"720\" height=\"300\" data-id=\"1653\" src=\"https:\/\/taizyagromachine.com\/wp-content\/uploads\/2022\/01\/applications-rapeseed-125-1.jpg\" alt=\"uygulanabilir kolza tohumu\" class=\"wp-image-1653\"\/><figcaption>uygulanabilir kolza tohumu<\/figcaption><\/figure> <\/figure>    <h2 class=\"wp-block-heading\" id=\"h-successful-case-5td-125-paddy-thresher-exported-to-zimbabwe\"><strong>Ba\u015far\u0131l\u0131 \u00d6rnek: 5TD-125 \u00c7eltik Harman Makinesi Zimbabve'ye \u0130hra\u00e7 Edildi<\/strong><strong><\/strong><\/h2>    <p>Zimbabwe'den bir m\u00fc\u015fteri, bu\u011fday \u00e7iftlikleri i\u00e7in bu\u011fday harmanlay\u0131c\u0131 hakk\u0131nda bilgi ald\u0131. \u00c7iftlik \u00f6l\u00e7e\u011fine g\u00f6re saatte 1200 kg'l\u0131k b\u00fcy\u00fck bir kapasiteye ihtiyac\u0131 vard\u0131. Bunun \u00fczerine sat\u0131\u015f m\u00fcd\u00fcr\u00fcm\u00fcz Lena ona 5TD-125'i tavsiye etti. Bu \u00e7eltik harman makinesi b\u00fcy\u00fck tekerlekler, braketler ve ayr\u0131ca trakt\u00f6re ba\u011flanmak i\u00e7in PTO ile donat\u0131labilir. Zimbabwe m\u00fc\u015fterisi de di\u011fer \u015firketlerle kar\u015f\u0131la\u015ft\u0131r\u0131ld\u0131\u011f\u0131nda. Sonunda bizden Taizy Agro Machine Company'den sipari\u015f verdi. Ve a\u015fa\u011f\u0131da listelenen geri bildirim foto\u011fraf\u0131n\u0131 geri g\u00f6nderdi.<\/p>    <figure class=\"wp-block-gallery aligncenter has-nested-images columns-default is-cropped wp-block-gallery-5 is-layout-flex wp-block-gallery-is-layout-flex\"> <figure class=\"wp-block-image size-large\"><img loading=\"lazy\" decoding=\"async\" width=\"720\" height=\"300\" data-id=\"1654\" src=\"https:\/\/taizyagromachine.com\/wp-content\/uploads\/2022\/01\/check-scene.jpg\" alt=\"kontrol sahnesi\" class=\"wp-image-1654\"\/><figcaption>sahneyi kontrol et<\/figcaption><\/figure>    <figure class=\"wp-block-image size-large\"><img loading=\"lazy\" decoding=\"async\" width=\"720\" height=\"300\" data-id=\"1655\" src=\"https:\/\/taizyagromachine.com\/wp-content\/uploads\/2022\/01\/working-scene.jpg\" alt=\"\u00e7al\u0131\u015fma sahnesi\" class=\"wp-image-1655\"\/><figcaption>\u00e7al\u0131\u015fma sahnesi<\/figcaption><\/figure> <\/figure>    <figure class=\"wp-block-gallery aligncenter has-nested-images columns-default is-cropped wp-block-gallery-6 is-layout-flex wp-block-gallery-is-layout-flex\"> <figure class=\"wp-block-image size-large\"><img loading=\"lazy\" decoding=\"async\" width=\"720\" height=\"300\" data-id=\"1656\" src=\"https:\/\/taizyagromachine.com\/wp-content\/uploads\/2022\/01\/threshing-effect.jpg\" alt=\"harman etkisi\" class=\"wp-image-1656\"\/><figcaption>harman etkisi<\/figcaption><\/figure> <\/figure>","protected":false},"excerpt":{"rendered":"<p>Paddy wheat thresher\u00a0is mainly to thresh the paddy rice and wheat. Also, it\u2019s suitable for sorghum and beans. One more thing needing attention is that we should customize the machine of shelling beans. That\u2019s because of the different spindle speeds. What\u2019s more, this rice thresher belongs to the 5TD series. The model introduced today is [&hellip;]<\/p>\n","protected":false},"author":1,"featured_media":2144,"parent":0,"template":"","tags":[],"product-type":[20],"class_list":["post-1646","product","type-product","status-publish","has-post-thumbnail","hentry","product-type-rice-and-wheat-machine"],"_links":{"self":[{"href":"https:\/\/taizyagromachine.com\/tr\/wp-json\/wp\/v2\/product\/1646","targetHints":{"allow":["GET"]}}],"collection":[{"href":"https:\/\/taizyagromachine.com\/tr\/wp-json\/wp\/v2\/product"}],"about":[{"href":"https:\/\/taizyagromachine.com\/tr\/wp-json\/wp\/v2\/types\/product"}],"author":[{"embeddable":true,"href":"https:\/\/taizyagromachine.com\/tr\/wp-json\/wp\/v2\/users\/1"}],"wp:featuredmedia":[{"embeddable":true,"href":"https:\/\/taizyagromachine.com\/tr\/wp-json\/wp\/v2\/media\/2144"}],"wp:attachment":[{"href":"https:\/\/taizyagromachine.com\/tr\/wp-json\/wp\/v2\/media?parent=1646"}],"wp:term":[{"taxonomy":"post_tag","embeddable":true,"href":"https:\/\/taizyagromachine.com\/tr\/wp-json\/wp\/v2\/tags?post=1646"},{"taxonomy":"product-type","embeddable":true,"href":"https:\/\/taizyagromachine.com\/tr\/wp-json\/wp\/v2\/product-type?post=1646"}],"curies":[{"name":"wp","href":"https:\/\/api.w.org\/{rel}","templated":true}]}}