{"id":1671,"date":"2022-01-21T08:59:57","date_gmt":"2022-01-21T08:59:57","guid":{"rendered":"https:\/\/taizyagromachine.com\/"},"modified":"2025-01-02T13:52:52","modified_gmt":"2025-01-02T05:52:52","slug":"groundnut-sheller","status":"publish","type":"product","link":"https:\/\/taizyagromachine.com\/tr\/product\/groundnut-sheller\/","title":{"rendered":"Yer F\u0131st\u0131\u011f\u0131 Soyucu"},"content":{"rendered":"<p class=\"translation-block\"><strong>Yer f\u0131st\u0131\u011f\u0131 kabuk soyma makinesi<\/strong>, f\u0131st\u0131k kabuklar\u0131n\u0131 ve i\u00e7lerini, i\u00e7lere zarar vermeden ay\u0131rmak i\u00e7in \u00f6zel olarak tasarlanm\u0131\u015ft\u0131r. Bu tip TBH serisine aittir ve bug\u00fcn tan\u0131t\u0131lan model TBH-800'd\u00fcr. Bu yer f\u0131st\u0131\u011f\u0131 kabuk soyma makinesi, g\u00fc\u00e7 sistemi olarak elektrik motoru, benzinli motor veya dizel motor kullanabilir. Ayr\u0131ca, bu sat\u0131l\u0131k yer f\u0131st\u0131\u011f\u0131 kabuk soyma makinesi i\u00e7inde iki elek bulunur. B\u00f6ylece iki fan mevcuttur. Dahas\u0131, bu yer f\u0131st\u0131\u011f\u0131 kabu\u011fu \u00e7\u0131karma makinesi iki kez kabuk soyma i\u015flemi yapabilir. Elbette, \u00e7ok pratiktir. Yer f\u0131st\u0131\u011f\u0131 tarlalar\u0131n\u0131z varsa, ev i\u00e7in bir yer f\u0131st\u0131\u011f\u0131 kabuk soyma makinesi sat\u0131n alabilirsiniz. Sorular\u0131n\u0131z\u0131 bekliyoruz!<\/p>   <div class=\"wp-block-image\"> <figure class=\"aligncenter size-full\"><img loading=\"lazy\" decoding=\"async\" width=\"720\" height=\"540\" src=\"https:\/\/taizyagromachine.com\/wp-content\/uploads\/2022\/01\/peanut-sheller.jpg\" alt=\"f\u0131st\u0131k soyucu-yerf\u0131st\u0131\u011f\u0131 soyucu\" class=\"wp-image-1672\"\/><figcaption class=\"wp-element-caption\">f\u0131st\u0131k soyucu<\/figcaption><\/figure> <\/div>   <h2 class=\"wp-block-heading\" id=\"h-working-process-of-groundnut-sheller\"><strong>Yerf\u0131st\u0131\u011f\u0131 Sheller'\u0131n \u00c7al\u0131\u015fma S\u00fcreci<\/strong><\/h2>    <ol class=\"wp-block-list\" type=\"1\"> <li>F\u0131st\u0131\u011f\u0131 besleme hunisinden \u00f6n tambura besleyin.<\/li>    <li>Yer f\u0131st\u0131\u011f\u0131, ask\u0131 man\u015fonunun d\u00f6n\u00fc\u015f\u00fc ve i\u00e7b\u00fckey plakan\u0131n s\u00fcrt\u00fcnme kuvveti ile soyulacakt\u0131r.<\/li>    <li>Ayr\u0131lan f\u0131st\u0131k \u00e7ekirde\u011fi ve kabu\u011fu a\u015fa\u011f\u0131ya d\u00fc\u015fer. R\u00fczgar kanal\u0131 arac\u0131l\u0131\u011f\u0131yla f\u0131st\u0131k kabu\u011fu, birincil se\u00e7im i\u00e7in r\u00fczgar kuvveti taraf\u0131ndan \u00fcflenir.<\/li>    <li>Yer f\u0131st\u0131\u011f\u0131 \u00e7ekirde\u011fi ve kabuksuz yer f\u0131st\u0131\u011f\u0131 birlikte se\u00e7im i\u00e7in yer\u00e7ekimi ay\u0131r\u0131c\u0131s\u0131na gelir.<\/li>    <li>Se\u00e7ilen f\u0131st\u0131k \u00e7ekirde\u011fi, f\u0131st\u0131k \u00e7ekirde\u011fi \u00e7\u0131k\u0131\u015f\u0131ndan \u00e7\u0131kacakt\u0131r. Kabuksuz yer f\u0131st\u0131\u011f\u0131 r\u00fczgar konvey\u00f6r\u00fcne geri d\u00f6nerken, iki kez bombard\u0131mana ba\u015flamaya haz\u0131rlan\u0131n.<\/li>    <li>3. ad\u0131ma devam edin, yerf\u0131st\u0131\u011f\u0131 soyucu nihayet tam bombard\u0131man\u0131 ba\u015far\u0131r.<\/li> <\/ol>    <h2 class=\"wp-block-heading\" id=\"h-advantages-of-peanut-sheller-for-sale\"><strong>Sat\u0131l\u0131k F\u0131st\u0131k Soyucunun Avantajlar\u0131<\/strong><strong><\/strong><\/h2>    <ul class=\"wp-block-list\" type=\"1\"> <li>Otomatik yer f\u0131st\u0131\u011f\u0131 ay\u0131klama ve eleme. F\u0131st\u0131k kabu\u011funu ve iki kez bombard\u0131man\u0131 otomatik olarak tamamlay\u0131n. Bozuk f\u0131st\u0131k \u00e7ekirdeklerini ay\u0131r\u0131n. &nbsp;<\/li>    <li>Kompakt yap\u0131, esnek \u00e7al\u0131\u015fma, kolay bak\u0131m.<\/li>    <li>Y\u00fcksek bombard\u0131man verimlili\u011fi, y\u00fcksek performans, emek tasarrufu.<\/li>    <li>F\u0131st\u0131k ay\u0131klay\u0131c\u0131 \u00e7er\u00e7evesinin tamam\u0131 dayan\u0131kl\u0131, y\u00fcksek kaliteli \u00e7elik kullan\u0131r.<\/li>    <li>Bombard\u0131man oran\u0131\u226595% olabilir, ayr\u0131ca k\u0131r\u0131lma oran\u0131\u22645%'dir.<\/li> <\/ul>   <div class=\"wp-block-image\"> <figure class=\"aligncenter size-full\"><img loading=\"lazy\" decoding=\"async\" width=\"720\" height=\"150\" src=\"https:\/\/taizyagromachine.com\/wp-content\/uploads\/2022\/01\/features-of-peanut-husk-removing-machine.jpg\" alt=\"rulo, ekran ve di\u011ferleri\" class=\"wp-image-1673\"\/><figcaption class=\"wp-element-caption\">rulo, ekran ve di\u011ferleri<\/figcaption><\/figure> <\/div>   <h2 class=\"wp-block-heading\" id=\"h-groundnut-peeling-machine-design\"><strong>Yer F\u0131st\u0131\u011f\u0131 Soyma Makinesi Tasar\u0131m\u0131<\/strong><\/h2>    <p class=\"translation-block\"><a href=\"https:\/\/taizyagromachine.com\/tr\/\" target=\"_blank\" rel=\"noreferrer noopener\">Profesyonel bir yer f\u0131st\u0131\u011f\u0131 kabuk soyma makinesi \u00fcreticisi<\/a> olarak biz, Taizy Company, g\u00fcveniliriz. Yer f\u0131st\u0131\u011f\u0131 kabuk soyma makinesi, besleme hunisi, yer f\u0131st\u0131\u011f\u0131 i\u00e7leri \u00e7\u0131k\u0131\u015f\u0131, yer f\u0131st\u0131\u011f\u0131 kabuklar\u0131 \u00e7\u0131k\u0131\u015f\u0131 i\u00e7erir.<\/p>   <div class=\"wp-block-image\"> <figure class=\"aligncenter size-full\"><img loading=\"lazy\" decoding=\"async\" width=\"720\" height=\"540\" src=\"https:\/\/taizyagromachine.com\/wp-content\/uploads\/2022\/01\/structure-of-peanut-shelling-machine.jpg\" alt=\"f\u0131st\u0131k bombard\u0131man\u0131 makinesinin yap\u0131s\u0131\" class=\"wp-image-1674\"\/><figcaption class=\"wp-element-caption\">f\u0131st\u0131k bombard\u0131man\u0131 makinesinin yap\u0131s\u0131<\/figcaption><\/figure> <\/div>   <h2 class=\"wp-block-heading\" id=\"h-conclusion\"><strong>Sonu\u00e7 \u2013 Yerf\u0131st\u0131\u011f\u0131 Soyucu Uygulamalar\u0131<\/strong><\/h2>    <p class=\"translation-block\">Yer f\u0131st\u0131\u011f\u0131 i\u015fleme ekipman\u0131, t\u00fcm yer f\u0131st\u0131\u011f\u0131 kabuklar\u0131n\u0131 ve i\u00e7lerini i\u015fleyebilir. Yer f\u0131st\u0131\u011f\u0131 i\u00e7leri g\u0131da olarak veya ya\u011f fabrikalar\u0131 i\u00e7in hammadde olarak kullan\u0131labilir. Ayr\u0131ca, yer f\u0131st\u0131\u011f\u0131 kabuklar\u0131 yak\u0131t i\u00e7in <a href=\"https:\/\/cornmachines.com\/pellet-mill-machine\/\" target=\"_blank\" rel=\"noreferrer noopener\">ah\u015fap pelet yapmak<\/a> veya k\u00f6m\u00fcr briketleri yapmak i\u00e7in kullan\u0131labilir.<\/p>    <p>Sonu\u00e7 olarak, yer f\u0131st\u0131\u011f\u0131 soyma makinesi a\u015fa\u011f\u0131daki yer f\u0131st\u0131\u011f\u0131 ay\u0131klama i\u015flemleri i\u00e7in tamamen uygundur:<\/p>    <p class=\"translation-block\"><em><strong>bireysel yer f\u0131st\u0131\u011f\u0131 i\u015fleme haneleri<\/strong><\/em><\/p>    <p class=\"translation-block\"><em><strong>tah\u0131l depolar\u0131<\/strong><\/em><\/p>    <p class=\"translation-block\"><em><strong>ya\u011f i\u015fleme tesisleri ve g\u0131da end\u00fcstrileri<\/strong><\/em><\/p>    <p>Geni\u015f f\u0131st\u0131k \u00fcretim alanlar\u0131 ve bireysel profesyonel haneler i\u00e7in yat\u0131r\u0131m i\u00e7in iyi bir f\u0131st\u0131k ay\u0131klama ekipman\u0131d\u0131r.<\/p>   <div class=\"wp-block-image\"> <figure class=\"aligncenter size-full\"><img loading=\"lazy\" decoding=\"async\" width=\"720\" height=\"400\" src=\"https:\/\/taizyagromachine.com\/wp-content\/uploads\/2022\/01\/strength-machine-display.jpg\" alt=\"fabrika g\u00fcc\u00fc\" class=\"wp-image-1675\"\/><figcaption class=\"wp-element-caption\">fabrika g\u00fcc\u00fc<\/figcaption><\/figure> <\/div>   <h2 class=\"wp-block-heading\"><strong>TBH-800 Yer F\u0131st\u0131\u011f\u0131 Soyma Makinesinin \u00c7al\u0131\u015fma Videosu<\/strong><\/h2>    <figure class=\"wp-block-embed is-type-video is-provider-youtube wp-block-embed-youtube wp-embed-aspect-16-9 wp-has-aspect-ratio\"><div class=\"wp-block-embed__wrapper\"> <iframe loading=\"lazy\" title=\"Y\u00fcksek Verimli Yer F\u0131st\u0131\u011f\u0131 Soyucu - Yer F\u0131st\u0131\u011f\u0131 Yeti\u015ftiricili\u011finde Pop\u00fcler Yer F\u0131st\u0131\u011f\u0131 Bombard\u0131man Makinesi #peanuts\" width=\"500\" height=\"281\" src=\"https:\/\/www.youtube.com\/embed\/3O-OeI0zGjE?feature=oembed\" frameborder=\"0\" allow=\"accelerometer; autoplay; clipboard-write; encrypted-media; gyroscope; picture-in-picture; web-share\" referrerpolicy=\"strict-origin-when-cross-origin\" allowfullscreen><\/iframe> <\/div><\/figure>","protected":false},"excerpt":{"rendered":"<p>Groundnut sheller&nbsp;is specially designed for separating peanut shells and kernels, without damage to kernels. This type belongs to TBH series, and today model introduced is TBH-800. This groundnut sheller can use the electric motor, gasoline engine, or diesel engine as the power system. Besides, this peanut shelling machine for sale installs two screens inside. Thus, [&hellip;]<\/p>\n","protected":false},"author":1,"featured_media":1672,"parent":0,"template":"","tags":[],"product-type":[21],"class_list":["post-1671","product","type-product","status-publish","has-post-thumbnail","hentry","product-type-peanut-machine"],"_links":{"self":[{"href":"https:\/\/taizyagromachine.com\/tr\/wp-json\/wp\/v2\/product\/1671","targetHints":{"allow":["GET"]}}],"collection":[{"href":"https:\/\/taizyagromachine.com\/tr\/wp-json\/wp\/v2\/product"}],"about":[{"href":"https:\/\/taizyagromachine.com\/tr\/wp-json\/wp\/v2\/types\/product"}],"author":[{"embeddable":true,"href":"https:\/\/taizyagromachine.com\/tr\/wp-json\/wp\/v2\/users\/1"}],"wp:featuredmedia":[{"embeddable":true,"href":"https:\/\/taizyagromachine.com\/tr\/wp-json\/wp\/v2\/media\/1672"}],"wp:attachment":[{"href":"https:\/\/taizyagromachine.com\/tr\/wp-json\/wp\/v2\/media?parent=1671"}],"wp:term":[{"taxonomy":"post_tag","embeddable":true,"href":"https:\/\/taizyagromachine.com\/tr\/wp-json\/wp\/v2\/tags?post=1671"},{"taxonomy":"product-type","embeddable":true,"href":"https:\/\/taizyagromachine.com\/tr\/wp-json\/wp\/v2\/product-type?post=1671"}],"curies":[{"name":"wp","href":"https:\/\/api.w.org\/{rel}","templated":true}]}}