{"id":1849,"date":"2022-01-25T07:19:19","date_gmt":"2022-01-25T07:19:19","guid":{"rendered":"https:\/\/taizyagromachine.com\/"},"modified":"2025-01-02T13:49:54","modified_gmt":"2025-01-02T05:49:54","slug":"combined-groundnut-sheller-and-cleaner-for-sale","status":"publish","type":"product","link":"https:\/\/taizyagromachine.com\/tr\/product\/combined-groundnut-sheller-and-cleaner-for-sale\/","title":{"rendered":"Sat\u0131l\u0131k Kombine Yer F\u0131st\u0131\u011f\u0131 Soyucu ve Temizleyici"},"content":{"rendered":"<p class=\"translation-block\"><strong>Yer f\u0131st\u0131\u011f\u0131 ay\u0131klama ve temizleme makinesi<\/strong>, temizleme ve harmanlama ekipman\u0131yla birle\u015ftirilmi\u015ftir, \u00f6zellikle yer f\u0131st\u0131\u011f\u0131 i\u00e7in. 6BHX- 3500 bug\u00fcn tan\u0131t\u0131l\u0131yor. Bu <a href=\"https:\/\/taizyagromachine.com\/tr\/product\/combined-groundnut-shelling-and-cleaning-machine\/\" target=\"_blank\" rel=\"noreferrer noopener\">yer f\u0131st\u0131\u011f\u0131 ay\u0131klama makinesi \u00fcnitesi<\/a> en son tasar\u0131ma sahiptir. Ayr\u0131ca, sat\u0131l\u0131k kombine yer f\u0131st\u0131\u011f\u0131 ay\u0131klama makinesi fabrika do\u011frudan sat\u0131\u015f, y\u00fcksek ay\u0131klama oran\u0131 ve b\u00fcy\u00fck kapasite avantajlar\u0131na sahiptir. Ayr\u0131ca, bu yer f\u0131st\u0131\u011f\u0131 ay\u0131klama makinesi \u00e7evre dostu modellere aittir. Taizy Agro Machine Company'de, bu t\u00fcr yer f\u0131st\u0131\u011f\u0131 ay\u0131klama makinesinin yer f\u0131st\u0131\u011f\u0131n\u0131 \u00e7ok daha temiz ay\u0131klamak i\u00e7in \u00fc\u00e7 ele\u011fi vard\u0131r. Daha fazla s\u0131n\u0131fland\u0131rma i\u00e7in bizimle ileti\u015fime ge\u00e7menizi rica ederiz!<\/p>    <h2 class=\"wp-block-heading\" id=\"h-why-using-combined-groundnut-shelling-and-cleaning-machine\"><strong>Neden Kombine Yer F\u0131st\u0131\u011f\u0131 Soyma ve Temizleme Makinas\u0131 Kullan\u0131lmal\u0131d\u0131r?<\/strong><strong><\/strong><\/h2>    <p class=\"translation-block\">Yer f\u0131st\u0131\u011f\u0131 <a href=\"https:\/\/taizyagromachine.com\/tr\/peanut-machine\/small-groundnut-harvester\/\" target=\"_blank\" rel=\"noreferrer noopener\">hasat edilirken<\/a>, yer f\u0131st\u0131\u011f\u0131 meyvesi \u00e7ok say\u0131da toprak y\u0131\u011f\u0131n\u0131, ta\u015f, yer f\u0131st\u0131\u011f\u0131 yapra\u011f\u0131, toz vb. i\u00e7erir. Zaman\u0131nda temizlenmezse, sadece \u00e7ok say\u0131da k\u0131r\u0131k yer f\u0131st\u0131\u011f\u0131na neden olmakla kalmaz, ayn\u0131 zamanda yer f\u0131st\u0131\u011f\u0131n\u0131n rengini de etkiler. Yer f\u0131st\u0131\u011f\u0131 ay\u0131klama ve temizleme makinesi \u00e7al\u0131\u015ft\u0131\u011f\u0131nda, makine par\u00e7alar\u0131 farkl\u0131 derecelerde hasar g\u00f6recektir.<\/p>   <div class=\"wp-block-image\"> <figure class=\"aligncenter size-full\"><img loading=\"lazy\" decoding=\"async\" width=\"720\" height=\"250\" src=\"https:\/\/taizyagromachine.com\/wp-content\/uploads\/2022\/01\/functions-3500.jpg\" alt=\"i\u015flevler\" class=\"wp-image-1857\"\/><figcaption class=\"wp-element-caption\">i\u015flevler<\/figcaption><\/figure> <\/div>   <h2 class=\"wp-block-heading\" id=\"h-features-of-groundnut-thresher-with-cleaner\"><strong>Temizleyicili Yer F\u0131st\u0131\u011f\u0131 Harman\u0131n\u0131n \u00d6zellikleri<\/strong><strong><\/strong><\/h2>    <ul class=\"wp-block-list\" type=\"1\"> <li>Y\u00fcksek bombard\u0131man oran\u0131 ve y\u00fcksek temizleme oran\u0131.<\/li>    <li>Basit kullan\u0131m ve verimli \u00e7\u0131kt\u0131.<\/li>    <li>B\u00fcy\u00fck \u00e7\u0131k\u0131\u015fl\u0131 f\u0131st\u0131k soyucu, saatte 1500-2200 kg.<\/li>    <li>D\u00fc\u015f\u00fck k\u0131r\u0131lma oran\u0131 ve d\u00fc\u015f\u00fck kay\u0131p oran\u0131.<\/li>    <li>Tak\u0131lacak \u00fc\u00e7 elek, f\u0131st\u0131k b\u00fcy\u00fckl\u00fc\u011f\u00fcne g\u00f6re elek boyutunu se\u00e7in.<\/li> <\/ul>    <h2 class=\"wp-block-heading\" id=\"h-structure-of-groundnut-sheller-and-cleaner\"><strong>Yer F\u0131st\u0131\u011f\u0131 Soyucu ve Temizleyicinin Yap\u0131s\u0131<\/strong><strong><\/strong><\/h2>    <p class=\"translation-block\">Yer f\u0131st\u0131\u011f\u0131 kabuklama makinesi tasar\u0131m\u0131 ve <a href=\"https:\/\/en.wikipedia.org\/wiki\/Manufacturing\" target=\"_blank\" rel=\"noreferrer noopener\">imalat<\/a>\u00a0benzersiz d\u00fc\u015f\u00fcncelere sahiptir. Bu makinenin temizleme sistemi ve \u00e7arpma sistemi vard\u0131r. Temizleme b\u00f6l\u00fcm\u00fcnde temizleyici, yer f\u0131st\u0131klar\u0131ndaki safs\u0131zl\u0131klar\u0131 giderir. \u00c7arpma b\u00f6l\u00fcm\u00fcnde, yer f\u0131st\u0131\u011f\u0131 kabuk \u00e7\u00f6z\u00fcc\u00fc \u00e7ekirdektir. \u0130\u00e7inde yer f\u0131st\u0131\u011f\u0131 giri\u015fi, yer f\u0131st\u0131\u011f\u0131 \u00e7ekirdekleri \u00e7\u0131k\u0131\u015f\u0131, safs\u0131zl\u0131klar \u00e7\u0131k\u0131\u015f\u0131 bulunur. Dahas\u0131, temizleyici ile yer f\u0131st\u0131\u011f\u0131 soyan makina aras\u0131nda bir iletici kald\u0131r\u0131c\u0131 vard\u0131r.<\/p>   <div class=\"wp-block-image\"> <figure class=\"aligncenter size-full\"><img loading=\"lazy\" decoding=\"async\" width=\"720\" height=\"540\" src=\"https:\/\/taizyagromachine.com\/wp-content\/uploads\/2022\/01\/structure-of-peanut-sheller-and-cleaner.jpg\" alt=\"f\u0131st\u0131k soyucu ve temizleyicinin yap\u0131s\u0131\" class=\"wp-image-1852\"\/><figcaption class=\"wp-element-caption\">f\u0131st\u0131k soyucu ve temizleyicinin yap\u0131s\u0131<\/figcaption><\/figure> <\/div>   <h2 class=\"wp-block-heading\" id=\"h-working-principle-of-groundnut-shelling-machine\"><strong>Yer F\u0131st\u0131\u011f\u0131 Bombard\u0131man\u0131 Makinas\u0131n\u0131n \u00c7al\u0131\u015fma Prensibi<\/strong><strong><\/strong><\/h2>    <p>Sat\u0131l\u0131k f\u0131st\u0131k ay\u0131klama makinas\u0131 prosed\u00fcrlere uygun olarak \u00e7al\u0131\u015farak en sonunda f\u0131st\u0131k \u00e7ekirde\u011fi elde etmektedir. Yer f\u0131st\u0131\u011f\u0131 soyma ve temizleme i\u015flemi a\u015fa\u011f\u0131dad\u0131r:<\/p>    <ol class=\"wp-block-list\" type=\"1\"> <li>F\u0131st\u0131\u011f\u0131 temizleyici giri\u015fine d\u00f6k\u00fcn. Temizleme makinesi kiri, kayalar\u0131, f\u0131st\u0131k yapraklar\u0131n\u0131, tozu ve di\u011fer yabanc\u0131 maddeleri temizleme i\u015flevi g\u00f6r\u00fcr.<\/li>    <li>Temizlenen f\u0131st\u0131klar asans\u00f6rle yer f\u0131st\u0131\u011f\u0131 k\u0131rma tesisine teslim edilir.<\/li>    <li>Yer f\u0131st\u0131\u011f\u0131 harman makinesi, s\u00fcspansiyon s\u0131n\u0131fland\u0131rma ve bombard\u0131man\u0131n\u0131 ger\u00e7ekle\u015ftirmek i\u00e7in kapal\u0131 elek kutusu ve \u00f6zel fan kombinasyonunu benimser.<\/li>    <li>F\u0131st\u0131k taneleri \u00f6zenle se\u00e7ilip ay\u0131kland\u0131ktan sonra elek yard\u0131m\u0131yla bo\u015faltma deli\u011finden \u00e7\u0131kar.<\/li> <\/ol>   <div class=\"wp-block-image\"> <figure class=\"aligncenter size-full\"><img loading=\"lazy\" decoding=\"async\" width=\"720\" height=\"540\" src=\"https:\/\/taizyagromachine.com\/wp-content\/uploads\/2022\/01\/working-process-model-3500.jpg\" alt=\"yer f\u0131st\u0131\u011f\u0131 soyucu ve temizleyicinin \u00e7al\u0131\u015fma s\u00fcreci\" class=\"wp-image-1856\"\/><figcaption class=\"wp-element-caption\">\u00e7al\u0131\u015fma s\u00fcreci<\/figcaption><\/figure> <\/div>   <h2 class=\"wp-block-heading\"><strong>Kombine Yer F\u0131st\u0131\u011f\u0131 Soyma ve Temizleme Makinesi Videosu<\/strong><\/h2>    <figure class=\"wp-block-embed is-type-video is-provider-youtube wp-block-embed-youtube wp-embed-aspect-16-9 wp-has-aspect-ratio\"><div class=\"wp-block-embed__wrapper\"> <iframe loading=\"lazy\" title=\"Kombine F\u0131st\u0131k Soyma Makinesi - Temizleme Makinesi ile Y\u00fcksek Verimli Yer F\u0131st\u0131\u011f\u0131 Soyucu #peanuts\" width=\"500\" height=\"281\" src=\"https:\/\/www.youtube.com\/embed\/6I6Itc8PI9o?feature=oembed\" frameborder=\"0\" allow=\"accelerometer; autoplay; clipboard-write; encrypted-media; gyroscope; picture-in-picture; web-share\" referrerpolicy=\"strict-origin-when-cross-origin\" allowfullscreen><\/iframe> <\/div><\/figure>","protected":false},"excerpt":{"rendered":"<p>Groundnut sheller and cleaner&nbsp;is combined with cleaning and&nbsp;threshing equipment, especially for peanuts. 6BHX- 3500&nbsp;is introduced today. This peanut shelling machine unit&nbsp;has the latest design. Besides, the combined groundnut sheller for sale&nbsp;has the advantages of factory direct sales, high shelling rate, and large capacity.&nbsp;Also, this peanut sheller machine belongs to environmentally-friendly models. In Taizy Agro Machine [&hellip;]<\/p>\n","protected":false},"author":1,"featured_media":2153,"parent":0,"template":"","tags":[],"product-type":[21],"class_list":["post-1849","product","type-product","status-publish","has-post-thumbnail","hentry","product-type-peanut-machine"],"_links":{"self":[{"href":"https:\/\/taizyagromachine.com\/tr\/wp-json\/wp\/v2\/product\/1849","targetHints":{"allow":["GET"]}}],"collection":[{"href":"https:\/\/taizyagromachine.com\/tr\/wp-json\/wp\/v2\/product"}],"about":[{"href":"https:\/\/taizyagromachine.com\/tr\/wp-json\/wp\/v2\/types\/product"}],"author":[{"embeddable":true,"href":"https:\/\/taizyagromachine.com\/tr\/wp-json\/wp\/v2\/users\/1"}],"wp:featuredmedia":[{"embeddable":true,"href":"https:\/\/taizyagromachine.com\/tr\/wp-json\/wp\/v2\/media\/2153"}],"wp:attachment":[{"href":"https:\/\/taizyagromachine.com\/tr\/wp-json\/wp\/v2\/media?parent=1849"}],"wp:term":[{"taxonomy":"post_tag","embeddable":true,"href":"https:\/\/taizyagromachine.com\/tr\/wp-json\/wp\/v2\/tags?post=1849"},{"taxonomy":"product-type","embeddable":true,"href":"https:\/\/taizyagromachine.com\/tr\/wp-json\/wp\/v2\/product-type?post=1849"}],"curies":[{"name":"wp","href":"https:\/\/api.w.org\/{rel}","templated":true}]}}