{"id":1858,"date":"2022-01-26T07:17:33","date_gmt":"2022-01-26T07:17:33","guid":{"rendered":"https:\/\/taizyagromachine.com\/"},"modified":"2023-12-12T17:46:13","modified_gmt":"2023-12-12T09:46:13","slug":"4-row-groundnut-sowing-machine","status":"publish","type":"product","link":"https:\/\/taizyagromachine.com\/tr\/product\/4-row-groundnut-sowing-machine\/","title":{"rendered":"F\u0131st\u0131k Ekimi \u0130\u00e7in Yer F\u0131st\u0131\u011f\u0131 Ekim Makinas\u0131"},"content":{"rendered":"<p class=\"translation-block\"><strong>Yer f\u0131st\u0131\u011f\u0131 ekim makinesi<\/strong>, kumlu arazilerde, bu\u011fday sap\u0131 bulunan arazilerde ve yumu\u015fak arazilerde (ta\u015fs\u0131z) yer f\u0131st\u0131\u011f\u0131 ekimi i\u00e7in tasarlanm\u0131\u015ft\u0131r. Yer f\u0131st\u0131\u011f\u0131 ekici, 40-70HP trakt\u00f6r ile ve 3 noktal\u0131 ask\u0131 sistemi kullanarak \u00e7al\u0131\u015fmal\u0131d\u0131r. \u00c7\u00fcnk\u00fc yer f\u0131st\u0131\u011f\u0131 ekicinin kendi kendine g\u00fc\u00e7 \u00fcretecek bir mekanizmas\u0131 bulunmamaktad\u0131r. Yer f\u0131st\u0131\u011f\u0131 ekme makinesi hassas ekim, y\u00fcksek verimlilik ve kararl\u0131 performans gibi avantajlara sahiptir. <a href=\"https:\/\/taizyagromachine.com\/tr\/rice-and-wheat-machine\/wheat-planter\/\" target=\"_blank\" rel=\"noreferrer noopener\">Bu\u011fday ekici<\/a> ile kar\u015f\u0131la\u015ft\u0131r\u0131ld\u0131\u011f\u0131nda, bu yer f\u0131st\u0131\u011f\u0131 ekicisinin 2 s\u0131ral\u0131, 6 s\u0131ral\u0131 ve 8 s\u0131ral\u0131 modelleri mevcuttur. Ekim s\u0131ralar\u0131 m\u00fc\u015fterilerin taleplerine g\u00f6re ayarlanabilir. Sorular\u0131n\u0131z\u0131 bekliyoruz!<\/p>    <h2 class=\"wp-block-heading\"><strong>Mevcut F\u0131st\u0131k Ekme Makinesi \u00c7e\u015fitleri<\/strong><\/h2>    <p>Yer f\u0131st\u0131\u011f\u0131 ekim makinemiz 2 s\u0131ral\u0131, 4 s\u0131ral\u0131, 6 s\u0131ral\u0131 ve 8 s\u0131ral\u0131 olmak \u00fczere farkl\u0131 modellerde mevcuttur. Yer f\u0131st\u0131\u011f\u0131 ekim makinelerinin bu farkl\u0131 modelleri, farkl\u0131 boyutlardaki \u00e7iftliklere hitap ederek f\u0131st\u0131k yeti\u015ftiricilerinin en uygun se\u00e7ene\u011fi se\u00e7mesine olanak tan\u0131r. Tar\u0131m faaliyetlerinin b\u00fcy\u00fckl\u00fc\u011f\u00fcne ve ihtiya\u00e7lar\u0131na uygun model.<\/p>    <div class=\"wp-block-columns is-layout-flex wp-container-core-columns-is-layout-9d6595d7 wp-block-columns-is-layout-flex\"> <div class=\"wp-block-column is-layout-flow wp-block-column-is-layout-flow\"> <figure class=\"wp-block-image size-full\"><img loading=\"lazy\" decoding=\"async\" width=\"720\" height=\"540\" src=\"https:\/\/taizyagromachine.com\/wp-content\/uploads\/2023\/12\/twin-row-peanut-planter.webp\" alt=\"ikiz s\u0131ral\u0131 f\u0131st\u0131k ekme makinesi\" class=\"wp-image-6147\"\/><figcaption class=\"wp-element-caption\">ikiz s\u0131ral\u0131 f\u0131st\u0131k ekme makinesi<\/figcaption><\/figure> <\/div>    <div class=\"wp-block-column is-vertically-aligned-center is-layout-flow wp-block-column-is-layout-flow\"> <p class=\"has-text-align-center translation-block\"><strong>\u0130ki s\u0131ral\u0131 yer f\u0131st\u0131\u011f\u0131 ekici<\/strong><\/p>    <p>2 s\u0131ral\u0131 f\u0131st\u0131k ekim makinesi, k\u00fc\u00e7\u00fck \u00e7iftlikler i\u00e7in uygun olup, ayn\u0131 anda iki s\u0131ra f\u0131st\u0131k tohumunu verimli bir \u015fekilde ekme kapasitesine sahip olup, k\u00fc\u00e7\u00fck \u00f6l\u00e7ekli tar\u0131msal \u00fcretim i\u00e7in pratik ve uygun maliyetli bir \u00e7\u00f6z\u00fcm sunar.<\/p> <\/div> <\/div>    <div class=\"wp-block-columns is-layout-flex wp-container-core-columns-is-layout-9d6595d7 wp-block-columns-is-layout-flex\"> <div class=\"wp-block-column is-vertically-aligned-center is-layout-flow wp-block-column-is-layout-flow\"> <p class=\"has-text-align-center translation-block\"><strong>4 s\u0131ral\u0131 yer f\u0131st\u0131\u011f\u0131 hassas ekici<\/strong><\/p>    <p>4 s\u0131ral\u0131 f\u0131st\u0131k ekim makinemiz orta \u00f6l\u00e7ekli \u00e7iftlikler i\u00e7in uygundur ve ayn\u0131 anda d\u00f6rt s\u0131ra yer f\u0131st\u0131\u011f\u0131 tohumu ekme kapasitesine sahip olup, y\u00f6netim kolayl\u0131\u011f\u0131n\u0131 korurken verimlili\u011fi art\u0131r\u0131r.<\/p> <\/div>    <div class=\"wp-block-column is-layout-flow wp-block-column-is-layout-flow\"> <figure class=\"wp-block-image size-full\"><img loading=\"lazy\" decoding=\"async\" width=\"720\" height=\"540\" src=\"https:\/\/taizyagromachine.com\/wp-content\/uploads\/2023\/12\/4-row-peanut-precision-planter.webp\" alt=\"4 s\u0131ral\u0131 f\u0131st\u0131k hassas ekim makinesi\" class=\"wp-image-6149\"\/><figcaption class=\"wp-element-caption\">4 s\u0131ral\u0131 f\u0131st\u0131k hassas ekim makinesi<\/figcaption><\/figure> <\/div> <\/div>    <div class=\"wp-block-columns is-layout-flex wp-container-core-columns-is-layout-9d6595d7 wp-block-columns-is-layout-flex\"> <div class=\"wp-block-column is-layout-flow wp-block-column-is-layout-flow\"> <figure class=\"wp-block-image size-full\"><img loading=\"lazy\" decoding=\"async\" width=\"720\" height=\"540\" src=\"https:\/\/taizyagromachine.com\/wp-content\/uploads\/2023\/12\/6-row-groundnut-planter.webp\" alt=\"6 s\u0131ral\u0131 yer f\u0131st\u0131\u011f\u0131 ekme makinesi\" class=\"wp-image-6153\"\/><figcaption class=\"wp-element-caption\">6 s\u0131ral\u0131 yer f\u0131st\u0131\u011f\u0131 ekme makinesi<\/figcaption><\/figure> <\/div>    <div class=\"wp-block-column is-vertically-aligned-center is-layout-flow wp-block-column-is-layout-flow\"> <p class=\"has-text-align-center translation-block\"><strong>6 s\u0131ral\u0131 yer f\u0131st\u0131\u011f\u0131 ekici makinesi<\/strong><\/p>    <p>Daha b\u00fcy\u00fck \u00f6l\u00e7ekli tar\u0131m operasyonlar\u0131 i\u00e7in tasarlanan 6 s\u0131ral\u0131 yerf\u0131st\u0131\u011f\u0131 tohumu ekim makinesi, geni\u015f yer f\u0131st\u0131\u011f\u0131 tarlalar\u0131na alt\u0131 s\u0131ra yer f\u0131st\u0131\u011f\u0131 tohumunun e\u015f zamanl\u0131 ekimini sa\u011flayarak ekim verimlili\u011fini art\u0131r\u0131r ve yer f\u0131st\u0131\u011f\u0131 ekimi i\u00e7in gereken s\u00fcreyi azalt\u0131r.<\/p> <\/div> <\/div>    <div class=\"wp-block-columns is-layout-flex wp-container-core-columns-is-layout-9d6595d7 wp-block-columns-is-layout-flex\"> <div class=\"wp-block-column is-vertically-aligned-center is-layout-flow wp-block-column-is-layout-flow\"> <p class=\"has-text-align-center translation-block\"><strong>8 s\u0131ral\u0131 yer f\u0131st\u0131\u011f\u0131 ekme makinesi<\/strong><\/p>    <p>B\u00fcy\u00fck \u00f6l\u00e7ekli yer f\u0131st\u0131\u011f\u0131 tar\u0131m\u0131 i\u00e7in tasarlanm\u0131\u015f g\u00fc\u00e7l\u00fc bir \u00e7\u00f6z\u00fcm olan 8 s\u0131ral\u0131 yer f\u0131st\u0131\u011f\u0131 ekim makinesi, ayn\u0131 anda sekiz s\u0131ra yer f\u0131st\u0131\u011f\u0131 tohumunu ekme kapasitesine sahip olup verimlili\u011fi ve \u00fcretkenli\u011fi en \u00fcst d\u00fczeye \u00e7\u0131kar\u0131r ve bu da onu geni\u015f yer f\u0131st\u0131\u011f\u0131 tarlalar\u0131 ve ticari tar\u0131m i\u015fletmeleri i\u00e7in m\u00fckemmel bir se\u00e7im haline getirir.<\/p> <\/div>    <div class=\"wp-block-column is-layout-flow wp-block-column-is-layout-flow\"> <figure class=\"wp-block-image size-full\"><img loading=\"lazy\" decoding=\"async\" width=\"720\" height=\"540\" src=\"https:\/\/taizyagromachine.com\/wp-content\/uploads\/2023\/12\/8-row-groundnut-seed-sowing-machine.webp\" alt=\"8 s\u0131ral\u0131 yer f\u0131st\u0131\u011f\u0131 ekim makinas\u0131\" class=\"wp-image-6155\"\/><figcaption class=\"wp-element-caption\">8 s\u0131ral\u0131 yer f\u0131st\u0131\u011f\u0131 ekim makinas\u0131<\/figcaption><\/figure> <\/div> <\/div>    <h2 class=\"wp-block-heading\"><strong>Yerf\u0131st\u0131\u011f\u0131 Ekicinin \u0130\u015flevleri Nelerdir?<\/strong><\/h2>    <p>Yer f\u0131st\u0131\u011f\u0131 ekme makinesi, bir\u00e7ok \u00f6nemli i\u015flevi olan \u00e7ok i\u015flevli bir tar\u0131m makinesidir.<\/p>    <ul class=\"wp-block-list\"> <li><strong>S\u0131rtlanma<\/strong>: S\u0131rtlama i\u015flemini ger\u00e7ekle\u015ftirebilir, topra\u011f\u0131 etkili bir \u015fekilde d\u00fczenleyebilir ve d\u00fczle\u015ftirebilir ve yer f\u0131st\u0131\u011f\u0131n\u0131n b\u00fcy\u00fcmesi i\u00e7in uygun ko\u015fullar yaratabilir.<\/li>    <li><strong>Mal\u00e7lama<\/strong>: Yerf\u0131st\u0131\u011f\u0131 ekici ayn\u0131 zamanda tohumlama i\u015flemi s\u0131ras\u0131nda toprak s\u0131cakl\u0131\u011f\u0131n\u0131 artt\u0131rmak, topra\u011f\u0131 nemlendirmek ve yabani otlar\u0131n b\u00fcy\u00fcmesini engellemek i\u00e7in filmi kaplayabilen, yer f\u0131st\u0131\u011f\u0131n\u0131n verimini ve kalitesini art\u0131rmaya yard\u0131mc\u0131 olan mal\u00e7lama i\u015fleviyle donat\u0131lm\u0131\u015ft\u0131r. .<\/li>    <li><strong>Sulama<\/strong>: Makinam\u0131z ayn\u0131 zamanda f\u0131st\u0131k b\u00fcy\u00fcmesi i\u00e7in yeterli suyu sa\u011flayarak, nemli toprakta tohumlar\u0131n d\u00fczg\u00fcn k\u00f6klenmesini ve \u00e7imlenmesini sa\u011flayacak sulama i\u015flemlerini de yapabilmektedir.<\/li> <\/ul>    <figure class=\"wp-block-gallery aligncenter has-nested-images columns-default is-cropped wp-block-gallery-2 is-layout-flex wp-block-gallery-is-layout-flex\"> <figure class=\"wp-block-image size-large\"><img loading=\"lazy\" decoding=\"async\" width=\"720\" height=\"540\" data-id=\"6165\" src=\"https:\/\/taizyagromachine.com\/wp-content\/uploads\/2022\/01\/normal-type-mounted-peanut-planter-for-tractor.webp\" alt=\"Trakt\u00f6r i\u00e7in normal tip monteli f\u0131st\u0131k ekme makinesi\" class=\"wp-image-6165\"\/><figcaption class=\"wp-element-caption\">Trakt\u00f6r i\u00e7in normal tip monteli f\u0131st\u0131k ekme makinesi<\/figcaption><\/figure>    <figure class=\"wp-block-image size-large\"><img loading=\"lazy\" decoding=\"async\" width=\"720\" height=\"540\" data-id=\"6166\" src=\"https:\/\/taizyagromachine.com\/wp-content\/uploads\/2022\/01\/peanut-seed-drill-planter-with-rigiding-function.webp\" alt=\"Sertle\u015ftirme fonksiyonlu f\u0131st\u0131k ekim makinesi ekici\" class=\"wp-image-6166\"\/><figcaption class=\"wp-element-caption\">Sertle\u015ftirme fonksiyonlu f\u0131st\u0131k ekim makinesi ekici<\/figcaption><\/figure> <\/figure>    <figure class=\"wp-block-gallery aligncenter has-nested-images columns-default is-cropped wp-block-gallery-3 is-layout-flex wp-block-gallery-is-layout-flex\"> <figure class=\"wp-block-image size-large\"><img loading=\"lazy\" decoding=\"async\" width=\"720\" height=\"540\" data-id=\"6167\" src=\"https:\/\/taizyagromachine.com\/wp-content\/uploads\/2022\/01\/groundnut-planter-with-watering-and-mulching.webp\" alt=\"sulama ve mal\u00e7lama ile yer f\u0131st\u0131\u011f\u0131 ekici\" class=\"wp-image-6167\"\/><figcaption class=\"wp-element-caption\">sulama ve mal\u00e7lama ile yer f\u0131st\u0131\u011f\u0131 ekici<\/figcaption><\/figure>    <figure class=\"wp-block-image size-large\"><img loading=\"lazy\" decoding=\"async\" width=\"720\" height=\"540\" data-id=\"6168\" src=\"https:\/\/taizyagromachine.com\/wp-content\/uploads\/2022\/01\/groundnut-sowing-machine-with-rigiding-and-baffle.webp\" alt=\"Sertle\u015ftirme ve b\u00f6lmeli yer f\u0131st\u0131\u011f\u0131 ekim makinesi\" class=\"wp-image-6168\"\/><figcaption class=\"wp-element-caption\">Sertle\u015ftirme ve b\u00f6lmeli yer f\u0131st\u0131\u011f\u0131 ekim makinesi<\/figcaption><\/figure> <\/figure>    <h2 class=\"wp-block-heading\" id=\"characteristics-pf-peanut-sowing-machine-for-sale\"><strong>Sat\u0131l\u0131k Yer F\u0131st\u0131\u011f\u0131 Ekim Makinas\u0131n\u0131n \u00d6zellikleri <\/strong><\/h2>    <ul class=\"wp-block-list\"> <li>Geni\u015f tasar\u0131m alan\u0131. Yer f\u0131st\u0131\u011f\u0131 ekim makinesinde s\u0131rtl\u0131 ve d\u00fcz ekim se\u00e7enekleri mevcuttur.\u00a0Yer f\u0131st\u0131\u011f\u0131 ekim makinesi an\u0131z tarlalar\u0131nda da kullan\u0131labilmektedir.<\/li>    <li>\u0130\u015flevler eklendi. Bu makine ayn\u0131 zamanda film ve sulama i\u00e7eren kapa\u011f\u0131 da ekleyebilir.<\/li>    <li>Bitki alan\u0131 ayarlamas\u0131. Tesis alan\u0131, reg\u00fclat\u00f6r\u00fcn h\u0131z\u0131 ayarlanarak ayarlanabilir.<\/li>    <li>Yer f\u0131st\u0131\u011f\u0131 ekim i\u015finin yap\u0131labilmesi i\u00e7in yer f\u0131st\u0131\u011f\u0131 ekim makinesinin trakt\u00f6re ba\u011flanmas\u0131 gerekir.<\/li>    <li>G\u00fcvenilir \u00e7al\u0131\u015fma, daha az bak\u0131m s\u00fcresi, y\u00fcksek verimlilik ve uzun servis \u00f6mr\u00fc.<\/li> <\/ul>    <figure class=\"wp-block-gallery has-nested-images columns-default is-cropped wp-block-gallery-4 is-layout-flex wp-block-gallery-is-layout-flex\"> <figure class=\"wp-block-image size-full\"><img loading=\"lazy\" decoding=\"async\" width=\"720\" height=\"540\" data-id=\"1864\" src=\"https:\/\/taizyagromachine.com\/wp-content\/uploads\/2022\/01\/ridge.jpg\" alt=\"yer f\u0131st\u0131\u011f\u0131 ekim makinas\u0131 s\u0131rt\u0131\" class=\"wp-image-1864\"\/><figcaption class=\"wp-element-caption\">s\u0131rt<\/figcaption><\/figure>    <figure class=\"wp-block-image size-full\"><img loading=\"lazy\" decoding=\"async\" width=\"720\" height=\"540\" data-id=\"1865\" src=\"https:\/\/taizyagromachine.com\/wp-content\/uploads\/2022\/01\/governor.jpg\" alt=\"Vali\" class=\"wp-image-1865\"\/><figcaption class=\"wp-element-caption\">Vali<\/figcaption><\/figure> <\/figure>    <h2 class=\"wp-block-heading\" id=\"advantages-of-groundnut-seeder-machine\"><strong>Yer F\u0131st\u0131\u011f\u0131 Ekim Makinas\u0131n\u0131n Avantajlar\u0131<\/strong><\/h2>    <ol class=\"wp-block-list\" style=\"list-style-type:1\"> <li>\u00d6nce \u00e7\u0131k\u0131nt\u0131 olu\u015fturma, tutarl\u0131 tohum derinli\u011fi ve h\u0131zl\u0131 \u00e7imlenme sa\u011flayabilir.<\/li>    <li>Geleneksel modellerle kar\u015f\u0131la\u015ft\u0131r\u0131ld\u0131\u011f\u0131nda yer f\u0131st\u0131\u011f\u0131 ekim makinesi \u00e7imlenme oran\u0131n\u0131 garanti edebilir ve ortalama verimi art\u0131rabilir.<\/li>    <li>65#'yi benimseyin <a href=\"https:\/\/en.wikipedia.org\/wiki\/Mangalloy\" target=\"_blank\" rel=\"noreferrer noopener\">manganez \u00e7eli\u011fi<\/a>Y\u00fcksek sertli\u011fe ve iyi a\u015f\u0131nma direncine sahip olan.<\/li>    <li>Tohumlama cihaz\u0131 tohumlama, tekd\u00fcze tohumlar, daha az \u00e7\u00fcr\u00fck tohumlar ve garantili bitki alan\u0131 i\u00e7in daha hassast\u0131r.&nbsp;<\/li> <\/ol>    <h2 class=\"wp-block-heading\" id=\"peanut-planter-design\"><strong>P<\/strong><strong>f\u0131nd\u0131k <\/strong><strong>P<\/strong><strong>fener <\/strong><strong>D<\/strong><strong>e-tasar\u0131m<\/strong><strong><\/strong><\/h2>    <p class=\"translation-block\"><a href=\"https:\/\/taizyagromachine.com\/tr\/about-us\/\" target=\"_blank\" rel=\"noreferrer noopener\">\u00d6nde gelen tar\u0131m makineleri \u015firketlerinden biri<\/a> olarak, sat\u0131l\u0131k yer f\u0131st\u0131\u011f\u0131 ekici makinemiz makul bir yap\u0131ya sahiptir. Yer f\u0131st\u0131\u011f\u0131 ekim makinesinde g\u00fcbre kutusu ve tohum kutusu bulunur, b\u00f6ylece ayn\u0131 anda hem g\u00fcbreleme hem de ekim yap\u0131l\u0131r. S\u0131ra olu\u015fturma cihaz\u0131, yer f\u0131st\u0131\u011f\u0131 tohumu ekimini kolayla\u015ft\u0131rmak i\u00e7in s\u0131ra olu\u015fturma i\u015flevi g\u00f6r\u00fcr.<\/p>   <div class=\"wp-block-image\"> <figure class=\"aligncenter size-full\"><img loading=\"lazy\" decoding=\"async\" width=\"720\" height=\"540\" src=\"https:\/\/taizyagromachine.com\/wp-content\/uploads\/2022\/01\/structure-of-4-row-peanut-planter.jpg\" alt=\"4 s\u0131ral\u0131 f\u0131st\u0131k ekicinin yap\u0131s\u0131\" class=\"wp-image-1863\"\/><figcaption class=\"wp-element-caption\">4 s\u0131ral\u0131 f\u0131st\u0131k ekicinin yap\u0131s\u0131<\/figcaption><\/figure> <\/div>   <h2 class=\"wp-block-heading\" id=\"working-process-of-peanut-sowing-machine\"><strong>Yer F\u0131st\u0131\u011f\u0131 Ekim Makinas\u0131n\u0131n \u00c7al\u0131\u015fma S\u00fcreci<\/strong><\/h2>    <p>Trakt\u00f6re monte edildikten sonra yerf\u0131st\u0131\u011f\u0131 ekim makinesi \u00e7al\u0131\u015fmaya ba\u015flar. \u0130\u015flem \u00e7ok basittir; \u00f6nce g\u00fcbreleme, ard\u0131ndan tohum ekimi ve son olarak s\u0131rt d\u00fczeltme.<\/p>    <p>Yerf\u0131st\u0131\u011f\u0131 ekim makinesi, yerf\u0131st\u0131\u011f\u0131 tohumunun ekiminden, yeti\u015ftirilmesine ve hasad\u0131na kadar ilk etapta \u00e7al\u0131\u015f\u0131r. Bu nedenle yer f\u0131st\u0131\u011f\u0131 ekimini \u00f6\u011frenmek \u00f6nemlidir.<\/p>   <div class=\"wp-block-image\"> <figure class=\"aligncenter size-full\"><img loading=\"lazy\" decoding=\"async\" width=\"720\" height=\"540\" src=\"https:\/\/taizyagromachine.com\/wp-content\/uploads\/2022\/01\/peanut-seedinggrowing-and-harvesting.jpg\" alt=\"f\u0131st\u0131k tohumlama, yeti\u015ftirme ve hasat\" class=\"wp-image-1861\"\/><figcaption class=\"wp-element-caption\">yer f\u0131st\u0131\u011f\u0131 ekimi, yeti\u015ftirilmesi ve hasad\u0131<\/figcaption><\/figure> <\/div>   <h2 class=\"wp-block-heading\"><strong>Taizy Yerf\u0131st\u0131\u011f\u0131 Tohumu Ekicisinin K\u00fcresel Vakalar\u0131 <\/strong><\/h2>    <h3 class=\"wp-block-heading\" id=\"successful-case-4-row-peanut-planter-exported-to-myanmar\"><strong>Ba\u015far\u0131l\u0131 \u00d6rnek: 4 S\u0131ral\u0131 Yer F\u0131st\u0131\u011f\u0131 Ekim Makinesi Myanmar'a \u0130hra\u00e7 Edildi<\/strong><\/h3>    <p class=\"translation-block\">Bu y\u0131l sat\u0131\u015f m\u00fcd\u00fcr\u00fcm\u00fcz Coco, Myanmar'dan yer f\u0131st\u0131\u011f\u0131 ekim makinesi hakk\u0131nda bir talep ald\u0131. Myanmar'daki bir m\u00fc\u015fterinin bir arazisi vard\u0131, bu y\u00fczden \u00e7ift\u00e7ilik i\u00e7in bir yer f\u0131st\u0131\u011f\u0131 ekim makinesi sat\u0131n almak istiyordu. M\u00fc\u015fterinin b\u00fct\u00e7esini ve \u00e7ift\u00e7ilik ihtiya\u00e7lar\u0131n\u0131 sorgulad\u0131ktan sonra Coco, d\u00f6rt s\u0131ral\u0131 s\u0131rt yapan yer f\u0131st\u0131\u011f\u0131 ekme makinesini tavsiye etti. Myanmar'l\u0131 m\u00fc\u015fteri \u015firketimizden sat\u0131n almaya karar verdi. Her iki taraf da makineleri tek tek teyit etti ve anla\u015fmay\u0131 sonu\u00e7land\u0131rd\u0131. Makineyi teslim ald\u0131ktan sonra bize iyi geri bildirimler g\u00f6nderdi ve makinelerimizi \u00f6vd\u00fc.<\/p>   <div class=\"wp-block-image\"> <figure class=\"aligncenter size-full\"><img loading=\"lazy\" decoding=\"async\" width=\"720\" height=\"540\" src=\"https:\/\/taizyagromachine.com\/wp-content\/uploads\/2022\/01\/Myanmar-customized-4-row-geoundnut-seeder.jpg\" alt=\"Myanmar m\u00fc\u015fterisi i\u00e7in \u00f6zelle\u015ftirilmi\u015f 4 s\u0131ral\u0131 yer f\u0131st\u0131\u011f\u0131 ekme makinesi\" class=\"wp-image-1862\"\/><figcaption class=\"wp-element-caption\"> Myanmar m\u00fc\u015fterisi i\u00e7in \u00f6zelle\u015ftirilmi\u015f 4 s\u0131ral\u0131 yer f\u0131st\u0131\u011f\u0131 ekme makinesi<\/figcaption><\/figure> <\/div>   <h3 class=\"wp-block-heading\"><strong>Ba\u015far\u0131l\u0131 Hikaye: 6 S\u0131ral\u0131 F\u0131st\u0131k Ekici Danimarka'ya Sat\u0131ld\u0131<\/strong><\/h3>    <p>Son teknoloji \u00fcr\u00fcn\u00fc 6 s\u0131ral\u0131 yerf\u0131st\u0131\u011f\u0131 ekim makinesi yak\u0131n zamanda Danimarka'ya ba\u015far\u0131yla ihra\u00e7 edilerek yerel tar\u0131msal \u00fcretime modern \u00e7\u00f6z\u00fcmler getirildi. Verimli 6 s\u0131ral\u0131 e\u015f zamanl\u0131 ekim fonksiyonuyla bu ekim makinesi, Danimarka'da yer f\u0131st\u0131\u011f\u0131 ekimi i\u00e7in daha h\u0131zl\u0131 ve daha uygun bir se\u00e7enek sunar. Geli\u015fmi\u015f teknolojisi yaln\u0131zca ekim verimlili\u011fini art\u0131rmakla kalm\u0131yor, ayn\u0131 zamanda Danimarkal\u0131 \u00e7ift\u00e7ilerin yerel ekim ortam\u0131na daha iyi uyum sa\u011flamas\u0131n\u0131 da sa\u011fl\u0131yor. <\/p>    <figure class=\"wp-block-gallery aligncenter has-nested-images columns-default is-cropped wp-block-gallery-5 is-layout-flex wp-block-gallery-is-layout-flex\"> <figure class=\"wp-block-image size-large\"><img loading=\"lazy\" decoding=\"async\" width=\"720\" height=\"540\" data-id=\"6160\" src=\"https:\/\/taizyagromachine.com\/wp-content\/uploads\/2022\/01\/6-row-groundnut-planter-for-sale.webp\" alt=\"Sat\u0131l\u0131k 6 s\u0131ral\u0131 yer f\u0131st\u0131\u011f\u0131 ekim makinesi\" class=\"wp-image-6160\"\/><figcaption class=\"wp-element-caption\">Sat\u0131l\u0131k 6 s\u0131ral\u0131 yer f\u0131st\u0131\u011f\u0131 ekim makinesi<\/figcaption><\/figure>    <figure class=\"wp-block-image size-large\"><img loading=\"lazy\" decoding=\"async\" width=\"720\" height=\"540\" data-id=\"6161\" src=\"https:\/\/taizyagromachine.com\/wp-content\/uploads\/2022\/01\/customized-peanut-planter-equipment.webp\" alt=\"\u00f6zelle\u015ftirilmi\u015f f\u0131st\u0131k ekme ekipman\u0131\" class=\"wp-image-6161\"\/><figcaption class=\"wp-element-caption\">\u00f6zelle\u015ftirilmi\u015f f\u0131st\u0131k ekme ekipman\u0131<\/figcaption><\/figure> <\/figure>    <figure class=\"wp-block-gallery aligncenter has-nested-images columns-default is-cropped wp-block-gallery-6 is-layout-flex wp-block-gallery-is-layout-flex\"> <figure class=\"wp-block-image size-large\"><img loading=\"lazy\" decoding=\"async\" width=\"720\" height=\"540\" data-id=\"6163\" src=\"https:\/\/taizyagromachine.com\/wp-content\/uploads\/2022\/01\/package-groundnut-sowing-machine-in-wooden-cases.webp\" alt=\"ah\u015fap kasalarda paket yer f\u0131st\u0131\u011f\u0131 ekim makinas\u0131\" class=\"wp-image-6163\"\/><figcaption class=\"wp-element-caption\">ah\u015fap kasalarda paket yer f\u0131st\u0131\u011f\u0131 ekim makinas\u0131<\/figcaption><\/figure>    <figure class=\"wp-block-image size-large\"><img loading=\"lazy\" decoding=\"async\" width=\"720\" height=\"540\" data-id=\"6162\" src=\"https:\/\/taizyagromachine.com\/wp-content\/uploads\/2022\/01\/export-6-row-peanut-planter-to-Denmark.webp\" alt=\"Danimarka&#039;ya 6 s\u0131ral\u0131 f\u0131st\u0131k ekme makinesi ihra\u00e7 edildi\" class=\"wp-image-6162\"\/><figcaption class=\"wp-element-caption\">Danimarka'ya 6 s\u0131ral\u0131 f\u0131st\u0131k ekme makinesi ihra\u00e7 edildi<\/figcaption><\/figure> <\/figure>    <p>Bu ihracat etkinli\u011fi yaln\u0131zca tar\u0131m makineleri teknolojisinin s\u0131n\u0131r \u00f6tesi bir al\u0131\u015fveri\u015fi de\u011fil, ayn\u0131 zamanda yerel tar\u0131m i\u00e7in daha geli\u015fmi\u015f tohumlama ara\u00e7lar\u0131n\u0131n ba\u015flat\u0131lmas\u0131n\u0131 sa\u011flayarak Danimarka tar\u0131m\u0131n\u0131n modernizasyonuna da olumlu bir katk\u0131 sa\u011fl\u0131yor.<\/p>    <h2 class=\"wp-block-heading\"><strong>Taizy'den Yer F\u0131st\u0131\u011f\u0131 Ekim Makinas\u0131 Videosu<\/strong><\/h2>    <figure class=\"wp-block-embed is-type-video is-provider-youtube wp-block-embed-youtube wp-embed-aspect-16-9 wp-has-aspect-ratio\"><div class=\"wp-block-embed__wrapper\"> <iframe loading=\"lazy\" title=\"Taizy 2023&#039;ten \u00c7ok S\u0131ral\u0131 F\u0131st\u0131k Ekme Makinesi-Yerf\u0131st\u0131\u011f\u0131 Ekim Makinesi #planter #f\u0131st\u0131k #ar\u0131m\" width=\"500\" height=\"281\" src=\"https:\/\/www.youtube.com\/embed\/rTrY3IFrM9Y?feature=oembed\" frameborder=\"0\" allow=\"accelerometer; autoplay; clipboard-write; encrypted-media; gyroscope; picture-in-picture; web-share\" referrerpolicy=\"strict-origin-when-cross-origin\" allowfullscreen><\/iframe> <\/div><\/figure>","protected":false},"excerpt":{"rendered":"<p>Groundnut sowing machine&nbsp;is designed for groundnuts planting in the sandy land, wheat stubble land, and soft lands(no stones). The groundnut planter should work with the tractor of 40-70HP, adopting a 3-linkage suspension. Because the peanut planter itself has no power to drive. The peanut seeder has advantages of precision planting, high efficiency, and stable performance. [&hellip;]<\/p>\n","protected":false},"author":1,"featured_media":2164,"parent":0,"template":"","tags":[154,45,46,149,40,39,42,152,151,43,153,44,150],"product-type":[21],"class_list":["post-1858","product","type-product","status-publish","has-post-thumbnail","hentry","tag-2-row-peanut-planter","tag-4-row-groundnut-sowing-machine","tag-4-row-peanut-sowing-machine","tag-double-row-planter","tag-groundnut-planter","tag-groundnut-sowing-machine","tag-peanut-planter","tag-peanut-planter-equipment","tag-peanut-planter-machine","tag-peanut-planting-machine","tag-peanut-seed-planter","tag-peanut-sowing-machine","tag-twin-row-peanut-planter-for-sale","product-type-peanut-machine"],"_links":{"self":[{"href":"https:\/\/taizyagromachine.com\/tr\/wp-json\/wp\/v2\/product\/1858","targetHints":{"allow":["GET"]}}],"collection":[{"href":"https:\/\/taizyagromachine.com\/tr\/wp-json\/wp\/v2\/product"}],"about":[{"href":"https:\/\/taizyagromachine.com\/tr\/wp-json\/wp\/v2\/types\/product"}],"author":[{"embeddable":true,"href":"https:\/\/taizyagromachine.com\/tr\/wp-json\/wp\/v2\/users\/1"}],"wp:featuredmedia":[{"embeddable":true,"href":"https:\/\/taizyagromachine.com\/tr\/wp-json\/wp\/v2\/media\/2164"}],"wp:attachment":[{"href":"https:\/\/taizyagromachine.com\/tr\/wp-json\/wp\/v2\/media?parent=1858"}],"wp:term":[{"taxonomy":"post_tag","embeddable":true,"href":"https:\/\/taizyagromachine.com\/tr\/wp-json\/wp\/v2\/tags?post=1858"},{"taxonomy":"product-type","embeddable":true,"href":"https:\/\/taizyagromachine.com\/tr\/wp-json\/wp\/v2\/product-type?post=1858"}],"curies":[{"name":"wp","href":"https:\/\/api.w.org\/{rel}","templated":true}]}}