{"id":1974,"date":"2022-02-08T06:54:20","date_gmt":"2022-02-08T06:54:20","guid":{"rendered":"https:\/\/taizyagromachine.com\/"},"modified":"2025-02-26T10:27:05","modified_gmt":"2025-02-26T02:27:05","slug":"automatic-sesame-seed-peeling-and-hulling-machine","status":"publish","type":"product","link":"https:\/\/taizyagromachine.com\/tr\/product\/automatic-sesame-seed-peeling-and-hulling-machine\/","title":{"rendered":"Susam Soyma Makinas\u0131 | Otomatik Susam Tohumu Soyma Makinesi"},"content":{"rendered":"<p class=\"translation-block\"><strong>Susam soyma makinesi<\/strong>, \u00e7o\u011funlukla g\u0131da end\u00fcstrilerinde \u00e7e\u015fitli kullan\u0131mlar i\u00e7in susam, kabak \u00e7ekirde\u011fi ay\u0131klamak \u00fczere \u00f6zel olarak tasarlanm\u0131\u015ft\u0131r. Bu susam kabuk soyma makinesi, temizleme ve susam kabu\u011fu soyma i\u015flemini birle\u015ftirerek y\u00fcksek kaliteli susam elde etmeyi sa\u011flar. Ayr\u0131ca, susam soyma makinesinin ay\u0131klama oran\u0131 -85'tir. Bunun yan\u0131 s\u0131ra, otomatik susam tohumu y\u0131kama ve soyma makinesi, tam soyma, kusursuz taneler, beyaz ve parlakl\u0131k gibi avantajlara sahiptir. <\/p>    <p>\u00dcstelik sat\u0131l\u0131k bu susam y\u0131kama ve soyma makinesi CE belgesine sahiptir. B\u00f6ylece yabanc\u0131 m\u00fc\u015fteriler bunu daha iyi ve kolay kabul edebiliyor. Bu nedenle susam y\u0131kama ve soyma makinemiz Nijerya, Burkina Faso, Gana, Tanzanya, Yemen vb. gibi bir\u00e7ok yabanc\u0131 \u00fclke ve b\u00f6lgede olduk\u00e7a pop\u00fclerdir. <\/p>    <p>Tohumlar\u0131n \u0131slak y\u00f6ntemle soyulmas\u0131 ilginizi \u00e7ekiyorsa hemen bizimle ileti\u015fime ge\u00e7in, size en k\u0131sa s\u00fcrede geri d\u00f6n\u00fc\u015f yapal\u0131m!<\/p>    <figure class=\"wp-block-embed is-type-video is-provider-youtube wp-block-embed-youtube wp-embed-aspect-16-9 wp-has-aspect-ratio\"><div class=\"wp-block-embed__wrapper\"> <iframe loading=\"lazy\" title=\"Kabak \u00c7ekirde\u011fi Soyma ve Y\u0131kama Makinesi - Susam Soyma Makinesi \u00dcreticisi ve Tedarik\u00e7isi\" width=\"500\" height=\"281\" src=\"https:\/\/www.youtube.com\/embed\/z8xSX3G2aGU?feature=oembed\" frameborder=\"0\" allow=\"accelerometer; autoplay; clipboard-write; encrypted-media; gyroscope; picture-in-picture; web-share\" referrerpolicy=\"strict-origin-when-cross-origin\" allowfullscreen><\/iframe> <\/div><figcaption class=\"wp-element-caption\">susam tohumu soyma makinesinin \u0131slak y\u00f6ntemle videosu<\/figcaption><\/figure>    <h2 class=\"wp-block-heading\"><strong>Susam Soyma Makinas\u0131n\u0131n Teknik Parametreleri<\/strong><\/h2>    <figure class=\"wp-block-table\"><table><tbody><tr><td>Makine ad\u0131<\/td><td>Susam soyma makinesi<\/td><\/tr><tr><td>G\u00fc\u00e7<\/td><td>Kabuk ay\u0131rma motoru 2.2kw,<br>Ay\u0131rma motoru 1,5 kw<\/td><\/tr><tr><td>Kapasite<\/td><td>400-500kg\/saat<br>30-50kg\/varil<\/td><\/tr><tr><td>Kabuk ay\u0131rma oran\u0131<\/td><td>80%-85%<\/td><\/tr><tr><td>A\u011f\u0131rl\u0131k<\/td><td>500kg<\/td><\/tr><tr><td>Boyut<\/td><td>1400*700*2000mm<\/td><\/tr><tr><td>Makine malzemesi<\/td><td>Paslanmaz \u00e7elikten yap\u0131lm\u0131\u015f<\/td><\/tr><\/tbody><\/table><figcaption class=\"wp-element-caption\">susam tohumu soyma makinesinin detayl\u0131 verileri<\/figcaption><\/figure>    <h2 class=\"wp-block-heading\" id=\"features-of-sesame-peeling-machine-for-sale\"><strong>Sat\u0131l\u0131k Susam Soyma Makinas\u0131n\u0131n \u00d6zellikleri<\/strong><\/h2>    <ul class=\"wp-block-list\"> <li>K\u00fc\u00e7\u00fck boyut, basit yap\u0131, g\u00fczel g\u00f6r\u00fcn\u00fcm, kolay kullan\u0131m ve d\u00fc\u015f\u00fck bak\u0131m oran\u0131.<\/li>    <li>Paslanmaz \u00e7elik malzemeler, dayan\u0131kl\u0131 ve \u00e7evreye zarars\u0131zd\u0131r.<\/li>    <li>\u0130yi mekanik \u00f6zellikler, uzun servis \u00f6mr\u00fc.<\/li>    <li>\u0130yi korozyon direnci ve a\u015f\u0131nma direnci.<\/li>    <li>Bu susam soyma makinesi parlak ve temiz, y\u00fcksek derecelidir.<\/li> <\/ul>    <h2 class=\"wp-block-heading\" id=\"sesame-hulling-process\"><strong>Susam Soyma \u0130\u015flemi Nedir?<\/strong><\/h2>   <div id=\"rank-math-howto\" class=\"rank-math-block\" > <div class=\"rank-math-howto-description\">  <p>Profesyonel bir tar\u0131m makinesi \u00fcreticisi ve tedarik\u00e7isi olarak susam y\u0131kama ve soyma makinesi, susam\u0131 kabuklamak i\u00e7in belirli bir prosed\u00fcr izler. S\u00fcre\u00e7 a\u015fa\u011f\u0131daki gibidir:<\/p>  <\/div>  <div class=\"rank-math-steps\"> <div id=\"howto-step-1704185703290\" class=\"rank-math-step\"> <h3 class=\"rank-math-step-title\"><strong>Haz\u0131rl\u0131k ve \u0130lk Peeling \u0130\u015flemi<\/strong><\/h3> <div class=\"rank-math-step-content\"><p>\u0130lk a\u015famada, profesyonel bir tar\u0131m makinesi \u00fcreticisi olarak, soyma i\u015flemini kolayla\u015ft\u0131rmak i\u00e7in ham susam tohumlar\u0131n\u0131 yakla\u015f\u0131k 20% su ile kar\u0131\u015ft\u0131rarak ba\u015flay\u0131n. Kar\u0131\u015f\u0131m yeterli miktarda haz\u0131rland\u0131ktan sonra susam soyma makinesini \u00e7al\u0131\u015ft\u0131r\u0131n.<\/p> <\/div> <\/div> <div id=\"howto-step-1704185761442\" class=\"rank-math-step\"> <h3 class=\"rank-math-step-title\"><strong>Peeling<\/strong><\/h3> <div class=\"rank-math-step-content\"><p>Belirlenen soyma s\u00fcresinden sonra bir sonraki ad\u0131m, soyulmu\u015f susam tohumlar\u0131n\u0131n aktar\u0131lmas\u0131d\u0131r. Soyma makinesinin bo\u015faltma kapa\u011f\u0131n\u0131 a\u00e7\u0131n ve tohumlar\u0131 makinenin ay\u0131r\u0131c\u0131 bile\u015fenine dikkatlice d\u00f6k\u00fcn. Makinenin bu k\u0131sm\u0131 soyulmu\u015f susamlar\u0131 kabuklar\u0131ndan ay\u0131r\u0131r.<\/p> <\/div> <\/div> <div id=\"howto-step-1704185934488\" class=\"rank-math-step\"> <h3 class=\"rank-math-step-title\"><strong>Ay\u0131rma<\/strong><\/h3> <div class=\"rank-math-step-content\"><p>Ay\u0131rma i\u015flemi s\u0131ras\u0131nda optimal su\/susam oran\u0131n\u0131n 3:1 olmas\u0131 \u00e7ok \u00f6nemlidir. Bu, temiz susamlar\u0131 kabuklar\u0131ndan ay\u0131r\u0131rken separat\u00f6r\u00fcn en verimli \u015fekilde \u00e7al\u0131\u015fmas\u0131n\u0131 sa\u011flar. Ayn\u0131 anda ay\u0131r\u0131c\u0131n\u0131n alt vanas\u0131n\u0131 a\u00e7\u0131n.<\/p> <\/div> <\/div> <\/div> <\/div>       <figure class=\"wp-block-embed is-type-video is-provider-youtube wp-block-embed-youtube wp-embed-aspect-16-9 wp-has-aspect-ratio\"><div class=\"wp-block-embed__wrapper\"> <iframe loading=\"lazy\" title=\"Susam tohumu soyma makinesinin do\u011fru \u00e7al\u0131\u015fmas\u0131 i\u00e7in k\u0131lavuz | Siyah beyaz susam y\u0131kama ve soyucu\" width=\"500\" height=\"281\" src=\"https:\/\/www.youtube.com\/embed\/23n8PzepCoA?feature=oembed\" frameborder=\"0\" allow=\"accelerometer; autoplay; clipboard-write; encrypted-media; gyroscope; picture-in-picture; web-share\" referrerpolicy=\"strict-origin-when-cross-origin\" allowfullscreen><\/iframe> <\/div><figcaption class=\"wp-element-caption\">Susam Tohumlar\u0131 y\u0131kama ve soyma i\u015flemi<\/figcaption><\/figure>    <h2 class=\"wp-block-heading\" id=\"wide-applications-of-sesames\"><strong>Soyulmu\u015f Geni\u015f Uygulamalar<\/strong> <strong>susam<\/strong> <\/h2>    <p>Susamlar\u0131n kabuklar\u0131n\u0131 soyduktan sonra kaliteli susam elde edebiliyoruz. Peki en \u00e7ok nerede kullan\u0131l\u0131r? Cevap kesinlikle g\u0131da end\u00fcstrisindedir.<\/p>   <div class=\"wp-block-image\"> <figure class=\"aligncenter size-full\"><img loading=\"lazy\" decoding=\"async\" width=\"720\" height=\"540\" src=\"https:\/\/taizyagromachine.com\/wp-content\/uploads\/2022\/02\/wide-applications-sesame-dehulling-machine.jpg\" alt=\"geni\u015f uygulama alanlar\u0131-susam-kabuk \u00e7\u0131karma-makinesi\" class=\"wp-image-1976\" srcset=\"https:\/\/taizyagromachine.com\/wp-content\/uploads\/2022\/02\/wide-applications-sesame-dehulling-machine.jpg 720w, https:\/\/taizyagromachine.com\/wp-content\/uploads\/2022\/02\/wide-applications-sesame-dehulling-machine-300x225.jpg 300w\" sizes=\"auto, (max-width: 720px) 100vw, 720px\" \/><figcaption class=\"wp-element-caption\">susam tohumu soyma ve soyma makinesinin geni\u015f uygulamalar\u0131<\/figcaption><\/figure> <\/div>   <ul class=\"wp-block-list\"> <li>F\u0131r\u0131nlara, kurabiyelere ve tatl\u0131lara susam ekleyerek onlar\u0131 daha \u00e7ekici ve lezzetli hale getirin.<\/li>    <li>Hammadde olarak, yapmak i\u00e7in kullan\u0131l\u0131r <a href=\"https:\/\/en.wikipedia.org\/wiki\/Tahini\" target=\"_blank\" rel=\"noreferrer noopener\">tahin<\/a>.<\/li>    <li>Genellikle yiyecekleri daha ho\u015f kokulu ve lezzetli hale getirmek i\u00e7in her zaman yenilebilir susam ya\u011f\u0131m\u0131z vard\u0131r. Ayr\u0131ca susam ya\u011f\u0131 insanlar i\u00e7in de faydal\u0131d\u0131r.<\/li>    <li>Susam ya\u011f\u0131 v\u00fccut masaj\u0131 ve sa\u011fl\u0131k tedavisi i\u00e7indir.<\/li> <\/ul>    <p>Yukar\u0131dakilerin hepsi susam soyma makinesine ihtiya\u00e7 duyar. Bu nedenle daha fazla bilgi i\u00e7in bizimle ileti\u015fime ge\u00e7mekten \u00e7ekinmeyin!<\/p>    <h2 class=\"wp-block-heading\" id=\"how-does-sesame-peeling-machine-work\"><strong>Otomatik Susam \u00c7ekirde\u011fi Soyma Makinas\u0131 Nas\u0131l \u00c7al\u0131\u015f\u0131r?<\/strong><\/h2>    <p>Bu video susam soyma makinesinin \u00e7al\u0131\u015fma durumlar\u0131n\u0131 detayland\u0131rmaktad\u0131r. Susam soyma makinesinin yenilebilir susam elde etmek i\u00e7in \u00e7al\u0131\u015ft\u0131\u011f\u0131n\u0131 videodan a\u00e7\u0131k\u00e7a anlayabilirsiniz.<\/p>    <figure class=\"wp-block-embed is-type-video is-provider-youtube wp-block-embed-youtube\"><div class=\"wp-block-embed__wrapper\"> <iframe loading=\"lazy\" title=\"Susam soyma makinesi | susam kabuk soyma makinesi | susam tohumu soyma makinesi | susam kabuk ay\u0131r\u0131c\u0131\" width=\"500\" height=\"281\" src=\"https:\/\/www.youtube.com\/embed\/3vg5t99RnuE?feature=oembed\" frameborder=\"0\" allow=\"accelerometer; autoplay; clipboard-write; encrypted-media; gyroscope; picture-in-picture; web-share\" referrerpolicy=\"strict-origin-when-cross-origin\" allowfullscreen><\/iframe> <\/div><figcaption class=\"wp-element-caption\">susam soyma makinesi \u00e7al\u0131\u015fma videosu<\/figcaption><\/figure>    <h2 class=\"wp-block-heading\" id=\"attentions-during-operation\"><strong>Susam Soyma ve Soyma Makinesini \u00c7al\u0131\u015ft\u0131r\u0131rken Dikkat Edilmesi Gerekenler<\/strong><\/h2>    <p>Susam soyma makinesini kullan\u0131rken dikkat etmeniz gereken baz\u0131 hususlar \u015funlard\u0131r:<\/p>    <ul class=\"wp-block-list\"> <li>Susam soyma makinesindeki susam tamamen bo\u015falmam\u0131\u015fsa normal s\u0131cakl\u0131ktaki suyla durulay\u0131n.<\/li>    <li>Soyulmu\u015f susamlar\u0131 ay\u0131r\u0131c\u0131ya koymadan \u00f6nce, susam kabu\u011funun s\u00fczgeci t\u0131kamas\u0131n\u0131 \u00f6nlemek i\u00e7in 1\/3 oran\u0131nda su ekleyin.<\/li>    <li>Giri\u015f miktar\u0131 \u00e7\u0131k\u0131\u015f miktar\u0131na e\u015fittir.\u00a0Ay\u0131rman\u0131n tamamlanmas\u0131 yakla\u015f\u0131k 5-10 dakika s\u00fcrer.<\/li> <\/ul>    <h2 class=\"wp-block-heading\" id=\"h-installation-maintenance\"><strong>Susam Soyma Makinesi Kurulumu ve Bak\u0131m\u0131<\/strong><\/h2>    <ul class=\"wp-block-list\"> <li>Susam soyucuyu ilk kez kurarken. ekipman\u0131 d\u00fczeltin. \u00c7evrede su, elektrik ve iyi drenaj tesisleri bulunmal\u0131d\u0131r.<\/li>    <li>G\u00fcc\u00fc a\u00e7\u0131n ve ekipman\u0131n do\u011fru \u015fekilde d\u00f6n\u00fcp d\u00f6nmedi\u011fini kontrol edin.<\/li>    <li>Giri\u015f borusu su kayna\u011f\u0131na ba\u011flanmal\u0131d\u0131r. Su kayna\u011f\u0131n\u0131n bas\u0131nc\u0131 yeterli de\u011filse su pompas\u0131n\u0131n bas\u0131nc\u0131n\u0131 artt\u0131rman\u0131z gerekir.<\/li>    <li>Kullan\u0131mdan sonra ekipman kal\u0131nt\u0131lar\u0131n\u0131 her g\u00fcn temizleyin. Ay\u0131rma ele\u011fi y\u00fczeyini suyla durulay\u0131n. T\u0131kan\u0131kl\u0131k varsa y\u00fcksek bas\u0131n\u00e7l\u0131 su tabancas\u0131 kullanabilirsiniz.<\/li>    <li>Red\u00fckt\u00f6r d\u00fczenli olarak ya\u011fla de\u011fi\u015ftirilmelidir.<\/li> <\/ul>    <h2 class=\"wp-block-heading\" id=\"h-successful-case-4-sets-of-sesame-hulling-machine-exported-to-nigeria\"><strong>Ba\u015far\u0131l\u0131 \u00d6rnek: Nijerya'ya 4 Tak\u0131m Susam Soyma Makinesi \u0130hra\u00e7 Edildi  <\/strong><\/h2>    <p>Bu y\u0131l\u0131n mart ay\u0131nda Nijerya'daki bir m\u00fc\u015fterimizden susam soyma makinesiyle ilgili bir talep ald\u0131k. Esas olarak baz\u0131 g\u0131da i\u015fleme tesislerine kaliteli susam tohumlar\u0131 tedarik ediyor. Bu nedenle verimlili\u011fini art\u0131rmak ve ayn\u0131 zamanda susam\u0131n kalitesini garanti alt\u0131na almak i\u00e7in bir susam tohumu soyma makinesi sat\u0131n almak istedi. <\/p>    <p>Gereksinim zaten a\u00e7\u0131k oldu\u011fundan, sat\u0131\u015f y\u00f6neticimiz Coco kendisine susam soyma makinemizin performans\u0131n\u0131, parametrelerini, konfig\u00fcrasyonunu ve i\u015flevlerini tan\u0131tt\u0131 ve ayr\u0131ca foto\u011fraflar ve \u00e7al\u0131\u015fma videolar\u0131 g\u00f6nderdi. Nijeryal\u0131 m\u00fc\u015fteri memnun kald\u0131 ve hemen 4 adet sipari\u015f verdi. Daha sonra makineleri ah\u015fap kutulara paketleyip \u00fclkesine g\u00f6nderdik.<\/p>    <figure class=\"wp-block-gallery aligncenter has-nested-images columns-default is-cropped wp-block-gallery-2 is-layout-flex wp-block-gallery-is-layout-flex\"> <figure class=\"wp-block-image size-full\"><img loading=\"lazy\" decoding=\"async\" width=\"720\" height=\"540\" data-id=\"2684\" src=\"https:\/\/taizyagromachine.com\/wp-content\/uploads\/2022\/05\/packing-sesame-seed-hulling-machine.jpg\" alt=\"paketleme-susam-tohum-soyma-makinesi\" class=\"wp-image-2684\"\/><figcaption class=\"wp-element-caption\">susam tohumu soyma makinesi ambalaj<\/figcaption><\/figure>    <figure class=\"wp-block-image size-full\"><img loading=\"lazy\" decoding=\"async\" width=\"720\" height=\"540\" data-id=\"2683\" src=\"https:\/\/taizyagromachine.com\/wp-content\/uploads\/2022\/05\/package.jpg\" alt=\"paket\" class=\"wp-image-2683\"\/><figcaption class=\"wp-element-caption\">paket<\/figcaption><\/figure> <\/figure>    <h2 class=\"wp-block-heading\" id=\"h-\"><strong>Susam Soyma Makinas\u0131 Fiyat\u0131n\u0131 Sorgulay\u0131n!<\/strong><\/h2>    <p class=\"translation-block\">H\u0131zl\u0131 ve g\u00fcvenli bir tohum soyma m\u0131 istiyorsunuz? Bu <a href=\"https:\/\/taizyagromachine.com\/tr\/product\/multifunctional-thresher\/\">multifunctional thresher machine<\/a> ile farkl\u0131d\u0131r, daha fazla bilgi isterseniz l\u00fctfen bizimle ileti\u015fime ge\u00e7in; ihtiya\u00e7lar\u0131n\u0131za en uygun susam soyma makinesini ve en iyi teklifi \u00f6nerece\u011fiz.<\/p>","protected":false},"excerpt":{"rendered":"<p>Susam soyma makinesi, susam, kabak tohumlar\u0131, 80%-85% dehulling oran\u0131na sahip, kabak tohumlar\u0131 i\u00e7in \u00f6zel olarak tasarlanm\u0131\u015ft\u0131r.   Bu makale makinenin parametrelerini, uygulamas\u0131n\u0131 ve susam soyucunun nas\u0131l kullan\u0131laca\u011f\u0131n\u0131 ayr\u0131nt\u0131l\u0131 olarak a\u00e7\u0131klamaktad\u0131r.<\/p>","protected":false},"author":1,"featured_media":2161,"parent":0,"template":"","tags":[215],"product-type":[22],"class_list":["post-1974","product","type-product","status-publish","has-post-thumbnail","hentry","tag-sesame-peeling-machine","product-type-others"],"_links":{"self":[{"href":"https:\/\/taizyagromachine.com\/tr\/wp-json\/wp\/v2\/product\/1974","targetHints":{"allow":["GET"]}}],"collection":[{"href":"https:\/\/taizyagromachine.com\/tr\/wp-json\/wp\/v2\/product"}],"about":[{"href":"https:\/\/taizyagromachine.com\/tr\/wp-json\/wp\/v2\/types\/product"}],"author":[{"embeddable":true,"href":"https:\/\/taizyagromachine.com\/tr\/wp-json\/wp\/v2\/users\/1"}],"wp:featuredmedia":[{"embeddable":true,"href":"https:\/\/taizyagromachine.com\/tr\/wp-json\/wp\/v2\/media\/2161"}],"wp:attachment":[{"href":"https:\/\/taizyagromachine.com\/tr\/wp-json\/wp\/v2\/media?parent=1974"}],"wp:term":[{"taxonomy":"post_tag","embeddable":true,"href":"https:\/\/taizyagromachine.com\/tr\/wp-json\/wp\/v2\/tags?post=1974"},{"taxonomy":"product-type","embeddable":true,"href":"https:\/\/taizyagromachine.com\/tr\/wp-json\/wp\/v2\/product-type?post=1974"}],"curies":[{"name":"wp","href":"https:\/\/api.w.org\/{rel}","templated":true}]}}