{"id":1989,"date":"2022-02-09T06:55:47","date_gmt":"2022-02-09T06:55:47","guid":{"rendered":"https:\/\/taizyagromachine.com\/"},"modified":"2025-01-02T13:55:56","modified_gmt":"2025-01-02T05:55:56","slug":"watermelon-and-pumpkin-seed-harvester","status":"publish","type":"product","link":"https:\/\/taizyagromachine.com\/tr\/product\/watermelon-and-pumpkin-seed-harvester\/","title":{"rendered":"Karpuz ve Kabak \u00c7ekirde\u011fi Hasat Makinas\u0131"},"content":{"rendered":"<p class=\"translation-block\"><strong>Balkaba\u011f\u0131 \u00e7ekirde\u011fi hasat makinesi<\/strong> esas olarak balkaba\u011f\u0131 hasad\u0131 ve \u00e7ekirdeklerinin \u00e7\u0131kar\u0131lmas\u0131 i\u00e7in kullan\u0131l\u0131r. Bu balkaba\u011f\u0131 \u00e7ekirde\u011fi ay\u0131klama makinesinin s\u0131ras\u0131yla POT, motor ve dizel motor olmak \u00fczere \u00fc\u00e7 g\u00fc\u00e7 se\u00e7ene\u011fi vard\u0131r. M\u00fc\u015fteriler ger\u00e7ek duruma g\u00f6re uygun olan\u0131 se\u00e7ebilirler. Ayr\u0131ca, balkaba\u011f\u0131 hasat makinesi kavun \u00e7ekirde\u011fi, kabak \u00e7ekirde\u011fi, karpuz \u00e7ekirde\u011fi vb. de hasat edebilir. Ayr\u0131ca, balkaba\u011f\u0131 \u00e7ekirde\u011fi ay\u0131rma makinemiz bir\u00e7ok \u00fclke ve b\u00f6lge taraf\u0131ndan iyi kar\u015f\u0131lanmaktad\u0131r. \u00d6rne\u011fin, Meksika, Amerika Birle\u015fik Devletleri, Fransa, Avustralya, Filipinler, Fas, \u0130srail, G\u00fcney Afrika, Kanada vb. Ve bu \u00fclkelerde balkaba\u011f\u0131 \u00e7ekirde\u011fi toplay\u0131c\u0131 hakk\u0131nda ba\u015far\u0131l\u0131 referanslar\u0131m\u0131z bulunmaktad\u0131r. Gelip bizimle ileti\u015fime ge\u00e7mekten \u00e7ekinmeyin!<\/p>    <h2 class=\"wp-block-heading\" id=\"h-type-1-small-size-melon-and-pumpkin-seed-extractor\"><strong>Tip 1: K\u00fc\u00e7\u00fck Boy Kavun ve Kabak \u00c7ekirde\u011fi S\u0131kma Makinas\u0131<\/strong><\/h2>    <p>Bu k\u00fc\u00e7\u00fck kabak \u00e7ekirde\u011fi \u00e7\u0131karma makinesi, 30-50 hp'lik bir trakt\u00f6rle \u00e7al\u0131\u015ft\u0131r\u0131l\u0131r ve se\u00e7ilen elek ve i\u015flenebilecek kavun say\u0131s\u0131 farkl\u0131l\u0131k g\u00f6sterir. Makine CE belgesine sahiptir. Ayr\u0131ca makine, 85% temizli\u011finde ve 5%'den daha az k\u0131rmaya sahip \u00e7e\u015fitli kavunlar\u0131 i\u015fler. E\u011fer ilgileniyorsan\u0131z, bizimle ileti\u015fime ge\u00e7mekten memnuniyet duyar\u0131z.<\/p>   <div class=\"wp-block-image\"> <figure class=\"aligncenter size-full\"><img loading=\"lazy\" decoding=\"async\" width=\"720\" height=\"540\" src=\"https:\/\/taizyagromachine.com\/wp-content\/uploads\/2022\/02\/pumpkin-seed-picker-machine.jpg\" alt=\"kabak \u00e7ekirde\u011fi toplama makinesi\" class=\"wp-image-2160\" srcset=\"https:\/\/taizyagromachine.com\/wp-content\/uploads\/2022\/02\/pumpkin-seed-picker-machine.jpg 720w, https:\/\/taizyagromachine.com\/wp-content\/uploads\/2022\/02\/pumpkin-seed-picker-machine-300x225.jpg 300w\" sizes=\"auto, (max-width: 720px) 100vw, 720px\" \/><figcaption>kabak \u00e7ekirde\u011fi toplama makinesi<\/figcaption><\/figure> <\/div>   <h3 class=\"wp-block-heading\"><strong>Kabak \u00c7ekirde\u011fi Toplama Makinas\u0131n\u0131n Yap\u0131s\u0131<\/strong><\/h3>    <p class=\"translation-block\"><a href=\"https:\/\/taizyagromachine.com\/tr\/\" target=\"_blank\" rel=\"noreferrer noopener\">Taizy Agro Machine Co.<\/a> olarak, balkaba\u011f\u0131 hasat makinemiz, giri\u015f, balkaba\u011f\u0131 \u00e7ekirdekleri \u00e7\u0131k\u0131\u015flar\u0131, balkaba\u011f\u0131 kabu\u011fu dahil olmak \u00fczere \u00e7ok basit bir yap\u0131ya sahiptir. Bu nedenle anla\u015f\u0131lmas\u0131 ve i\u015fletilmesi kolayd\u0131r.<\/p>   <div class=\"wp-block-image\"> <figure class=\"aligncenter size-full\"><img loading=\"lazy\" decoding=\"async\" width=\"720\" height=\"540\" src=\"https:\/\/taizyagromachine.com\/wp-content\/uploads\/2022\/02\/structure-of-pumpkin-seed-harvester.jpg\" alt=\"kabak \u00e7ekirde\u011fi hasat makinesinin yap\u0131s\u0131\" class=\"wp-image-1996\" srcset=\"https:\/\/taizyagromachine.com\/wp-content\/uploads\/2022\/02\/structure-of-pumpkin-seed-harvester.jpg 720w, https:\/\/taizyagromachine.com\/wp-content\/uploads\/2022\/02\/structure-of-pumpkin-seed-harvester-300x225.jpg 300w\" sizes=\"auto, (max-width: 720px) 100vw, 720px\" \/><figcaption>kabak \u00e7ekirde\u011fi hasat makinesinin yap\u0131s\u0131<\/figcaption><\/figure> <\/div>   <h3 class=\"wp-block-heading\"><strong>Kavun \u00c7ekirde\u011fi Harvester Parametreleri <\/strong><\/h3>    <figure class=\"wp-block-table\"><table><tbody><tr><td>Modeli<strong><\/strong><\/td><td>5TZ-500<\/td><\/tr><tr><td>Boyut<\/td><td>2500*2000*1800mm<\/td><\/tr><tr><td>A\u011f\u0131rl\u0131k<\/td><td>400kg<\/td><\/tr><tr><td>\u00c7al\u0131\u015fma h\u0131z\u0131<\/td><td>4-6km\/saat<\/td><\/tr><tr><td>Kapasite<\/td><td>300-500kg\/saat<\/td><\/tr><tr><td>Temizleme oran\u0131<\/td><td>\u226585%<\/td><\/tr><tr><td>K\u0131r\u0131lma oran\u0131<\/td><td>\u22645%<\/td><\/tr><tr><td>Minimum g\u00fc\u00e7<\/td><td>30hp<\/td><\/tr><tr><td>Maksimum g\u00fc\u00e7<\/td><td>50hp<\/td><\/tr><tr><td>RPM<\/td><td>40<\/td><\/tr><tr><td>Ba\u011flant\u0131 yolu<\/td><td>\u00fc\u00e7 noktal\u0131 ba\u011flant\u0131<\/td><\/tr><\/tbody><\/table><\/figure>    <h2 class=\"wp-block-heading\"><strong>Tip 2: B\u00fcy\u00fck Boy Kabak \u00c7ekirde\u011fi \u00c7\u0131karma Makinas\u0131<\/strong><\/h2>    <p>Kabak \u00e7ekirde\u011fi hasat makinesinin toplama, k\u0131rma, s\u0131kma, ay\u0131rma, temizleme, depolama ve bo\u015faltma fonksiyonlar\u0131 bulunmaktad\u0131r. Karpuz ve kabak \u00e7ekirde\u011fi hasad\u0131nda ise farkl\u0131 ay\u0131rma a\u011flar\u0131 se\u00e7ilebilmektedir. Ayr\u0131ca makine, \u00f6zellikle d\u00fcz tar\u0131m i\u015fletmesi i\u00e7in uygun olan PTO arac\u0131l\u0131\u011f\u0131yla bir trakt\u00f6r taraf\u0131ndan tahrik edilmektedir. \u00c7ekirdek \u00e7\u0131karma makinesinin yaln\u0131zca olgun karpuz ve kabaklar\u0131n hasad\u0131 i\u00e7in kullan\u0131labilece\u011fini, olgunla\u015fmam\u0131\u015f veya \u00e7\u00fcr\u00fcm\u00fc\u015f olmalar\u0131 durumunda performans\u0131n\u0131n ideal olmayaca\u011f\u0131 unutulmamal\u0131d\u0131r.<\/p>    <p>\u0130ki k\u00fc\u00e7\u00fck kabak \u00e7ekirde\u011fi hasat makinesine e\u015fit miktarda otomatik olarak kavun y\u00fckleyen tam otomatik bir tohum toplama makinesidir.<\/p>    <div class=\"wp-block-columns is-layout-flex wp-container-core-columns-is-layout-9d6595d7 wp-block-columns-is-layout-flex\"> <div class=\"wp-block-column is-layout-flow wp-block-column-is-layout-flow\"><div class=\"wp-block-image\"> <figure class=\"aligncenter size-full\"><img loading=\"lazy\" decoding=\"async\" width=\"720\" height=\"540\" src=\"https:\/\/taizyagromachine.com\/wp-content\/uploads\/2022\/05\/pumkin-seeds-extractor.jpg\" alt=\"kabak \u00e7ekirde\u011fi \u00e7\u0131kar\u0131c\u0131\" class=\"wp-image-2811\"\/><figcaption>kabak \u00e7ekirde\u011fi \u00e7\u0131kar\u0131c\u0131<\/figcaption><\/figure> <\/div><\/div>    <div class=\"wp-block-column is-layout-flow wp-block-column-is-layout-flow\"><div class=\"wp-block-image\"> <figure class=\"aligncenter size-full\"><img loading=\"lazy\" decoding=\"async\" width=\"720\" height=\"540\" src=\"https:\/\/taizyagromachine.com\/wp-content\/uploads\/2022\/05\/pumpkin-harvester.jpg\" alt=\"kabak hasat makinesi\" class=\"wp-image-2812\"\/><figcaption>kabak hasat makinesi<\/figcaption><\/figure> <\/div><\/div> <\/div>    <h3 class=\"wp-block-heading\"><strong>Sat\u0131l\u0131k Kabak Hasat Makinesinin Yap\u0131s\u0131<\/strong><\/h3>    <p>Karpuz \u00e7ekirde\u011fi hasat makinesi ve \u00e7\u0131kar\u0131c\u0131, \u00e7er\u00e7eve, karpuz toplama varili, tohum \u00e7\u0131kar\u0131c\u0131, k\u0131rma kab\u0131, temizleme varili, asans\u00f6r, tohum depolama kutusu, di\u015fli kutusu, lastik ve hidrolik borudan olu\u015fur.<\/p>    <figure class=\"wp-block-gallery aligncenter has-nested-images columns-default is-cropped wp-block-gallery-2 is-layout-flex wp-block-gallery-is-layout-flex\"> <figure class=\"wp-block-image size-large\"><img loading=\"lazy\" decoding=\"async\" width=\"720\" height=\"540\" data-id=\"2814\" src=\"https:\/\/taizyagromachine.com\/wp-content\/uploads\/2022\/05\/watermelon-seed-picker-structure.jpg\" alt=\"karpuz \u00e7ekirde\u011fi toplay\u0131c\u0131 yap\u0131s\u0131\" class=\"wp-image-2814\"\/><figcaption>karpuz \u00e7ekirde\u011fi se\u00e7ici yap\u0131s\u0131<\/figcaption><\/figure>    <figure class=\"wp-block-image size-large\"><img loading=\"lazy\" decoding=\"async\" width=\"720\" height=\"540\" data-id=\"2815\" src=\"https:\/\/taizyagromachine.com\/wp-content\/uploads\/2022\/05\/pumpkin-seed-pikcer-structure.jpg\" alt=\"kabak \u00e7ekirde\u011fi-pikcer-yap\u0131s\u0131\" class=\"wp-image-2815\"\/><figcaption>kabak \u00e7ekirde\u011fi pikcer yap\u0131s\u0131<\/figcaption><\/figure>    <figure class=\"wp-block-image size-large\"><img loading=\"lazy\" decoding=\"async\" width=\"720\" height=\"540\" data-id=\"2816\" src=\"https:\/\/taizyagromachine.com\/wp-content\/uploads\/2022\/05\/seed-extraxtor-structure.jpg\" alt=\"tohum \u00e7\u0131kar\u0131c\u0131 yap\u0131s\u0131\" class=\"wp-image-2816\"\/><figcaption>tohum \u00e7\u0131kar\u0131c\u0131 yap\u0131s\u0131<\/figcaption><\/figure> <\/figure>    <h3 class=\"wp-block-heading\"><strong>Kabak \u00c7ekirde\u011fi Se\u00e7ici Parametreleri Nelerdir?<\/strong><\/h3>    <figure class=\"wp-block-table\"><table><tbody><tr><td>Modeli<strong><\/strong><\/td><td>5TZ-1500<\/td><\/tr><tr><td>A\u011f\u0131rl\u0131k<\/td><td>3388 kg<\/td><\/tr><tr><td>\u00c7al\u0131\u015fma h\u0131z\u0131<\/td><td>2-5 km\/saat (6600 m)<sup>2<\/sup>\/H)<\/td><\/tr><tr><td>Malzeme kab\u0131<\/td><td>1.288m\u00b3<\/td><\/tr><tr><td>Temizleme oran\u0131<\/td><td>\u226585%<\/td><\/tr><tr><td>K\u0131r\u0131lma oran\u0131<\/td><td>\u22640,3%<\/td><\/tr><tr><td>G\u00fc\u00e7<\/td><td>60-90kW<\/td><\/tr><tr><td>Giri\u015f h\u0131z\u0131<\/td><td>540-720rpm<\/td><\/tr><tr><td>Ba\u011flant\u0131 yolu<\/td><td>\u00fc\u00e7 noktal\u0131 ba\u011flant\u0131<\/td><\/tr><\/tbody><\/table><\/figure>    <h2 class=\"wp-block-heading\" id=\"characteristics-of-pumpkin-seed-collecting-machine\"><strong>Kabak \u00c7ekirde\u011fi Toplama Makinas\u0131n\u0131n \u00d6zellikleri<\/strong><\/h2>    <ul class=\"wp-block-list\" type=\"1\"><li>Kullan\u0131m\u0131 basit, kullan\u0131m\u0131 kolay, g\u00fcvenli ve g\u00fcvenilir \u00e7al\u0131\u015fma.<\/li><li>Makul yap\u0131, istikrarl\u0131 performans, s\u00fcper kalite.<\/li><li>\u00dc\u00e7 g\u00fc\u00e7 sistemi. Bu kabak \u00e7ekirde\u011fi hasat makinesi PTO, motor, dizel motor kullanabilir.<\/li><li>G\u00fc\u00e7l\u00fc esneklik. Karpuz \u00e7ekirde\u011fi \u00e7\u0131kar\u0131c\u0131 \u00fc\u00e7 g\u00fc\u00e7 kayna\u011f\u0131 kullanabildi\u011finden, saha operasyonlar\u0131 veya d\u00fcz alanlardaki sabit durumlar i\u00e7in uygundur.<\/li><li>CE belgesi. Sat\u0131l\u0131k kabak hasat makinesi pazar gereksinimlerine uygun CE sertifikas\u0131na sahiptir.&nbsp;<\/li><\/ul>    <figure class=\"wp-block-gallery has-nested-images columns-default is-cropped wp-block-gallery-3 is-layout-flex wp-block-gallery-is-layout-flex\"> <figure class=\"wp-block-image size-full\"><img loading=\"lazy\" decoding=\"async\" width=\"720\" height=\"540\" data-id=\"1993\" src=\"https:\/\/taizyagromachine.com\/wp-content\/uploads\/2022\/02\/PTO-pumpkin-harvester.jpg\" alt=\"\" class=\"wp-image-1993\" srcset=\"https:\/\/taizyagromachine.com\/wp-content\/uploads\/2022\/02\/PTO-pumpkin-harvester.jpg 720w, https:\/\/taizyagromachine.com\/wp-content\/uploads\/2022\/02\/PTO-pumpkin-harvester-300x225.jpg 300w\" sizes=\"auto, (max-width: 720px) 100vw, 720px\" \/><figcaption>PTO<\/figcaption><\/figure>    <figure class=\"wp-block-image size-large\"><img loading=\"lazy\" decoding=\"async\" width=\"720\" height=\"540\" data-id=\"1995\" src=\"https:\/\/taizyagromachine.com\/wp-content\/uploads\/2022\/02\/motor-pumpkin-harvester.jpg\" alt=\"motor\" class=\"wp-image-1995\" srcset=\"https:\/\/taizyagromachine.com\/wp-content\/uploads\/2022\/02\/motor-pumpkin-harvester.jpg 720w, https:\/\/taizyagromachine.com\/wp-content\/uploads\/2022\/02\/motor-pumpkin-harvester-300x225.jpg 300w\" sizes=\"auto, (max-width: 720px) 100vw, 720px\" \/><figcaption>motor<\/figcaption><\/figure>    <figure class=\"wp-block-image size-full\"><img loading=\"lazy\" decoding=\"async\" width=\"720\" height=\"540\" data-id=\"1994\" src=\"https:\/\/taizyagromachine.com\/wp-content\/uploads\/2022\/02\/diesel-pumpkin-aeed-harvester.jpg\" alt=\"dizel motor\" class=\"wp-image-1994\" srcset=\"https:\/\/taizyagromachine.com\/wp-content\/uploads\/2022\/02\/diesel-pumpkin-aeed-harvester.jpg 720w, https:\/\/taizyagromachine.com\/wp-content\/uploads\/2022\/02\/diesel-pumpkin-aeed-harvester-300x225.jpg 300w\" sizes=\"auto, (max-width: 720px) 100vw, 720px\" \/><figcaption>dizel motor<\/figcaption><\/figure> <\/figure>    <h2 class=\"wp-block-heading\" id=\"wide-applications-of-watermelon-and-pumpkin-seeds-harvester\"><strong>Karpuz ve Kabak \u00c7ekirde\u011fi Bi\u00e7erd\u00f6verinin Geni\u015f Uygulamalar\u0131<\/strong><\/h2>    <p>Genel olarak konu\u015fursak, balkaba\u011f\u0131ndan \u00e7ekirdeklerin \u00e7\u0131kar\u0131lmas\u0131na y\u00f6nelik bu makinenin geni\u015f bir uygulama yelpazesi vard\u0131r. Karpuz tohumlar\u0131, kavun tohumlar\u0131, kabak tohumlar\u0131 ve di\u011ferleri gibi \u00e7e\u015fitli meyve tohumlar\u0131 alabilir. Dolay\u0131s\u0131yla bu kabak \u00e7ekirde\u011fi hasat makinesi b\u00fcy\u00fck bir potansiyel pazara sahiptir. Herhangi bir \u015f\u00fcpheniz varsa, a\u00e7\u0131klamalar i\u00e7in l\u00fctfen istedi\u011finiz zaman bizimle ileti\u015fime ge\u00e7in\uff01<\/p>   <div class=\"wp-block-image\"> <figure class=\"aligncenter size-full\"><img loading=\"lazy\" decoding=\"async\" width=\"720\" height=\"540\" src=\"https:\/\/taizyagromachine.com\/wp-content\/uploads\/2022\/02\/applications-pumpkin-harvester.jpg\" alt=\"geni\u015f uygulamalar-kabak \u00e7ekirde\u011fi hasat makinesi\" class=\"wp-image-1997\" srcset=\"https:\/\/taizyagromachine.com\/wp-content\/uploads\/2022\/02\/applications-pumpkin-harvester.jpg 720w, https:\/\/taizyagromachine.com\/wp-content\/uploads\/2022\/02\/applications-pumpkin-harvester-300x225.jpg 300w\" sizes=\"auto, (max-width: 720px) 100vw, 720px\" \/><figcaption>geni\u015f uygulamalar<\/figcaption><\/figure> <\/div>   <h2 class=\"wp-block-heading\" id=\"usage-of-pumpkin-seeds\"><strong>Kabak \u00c7ekirde\u011fi Kullan\u0131m\u0131<\/strong><strong><\/strong><\/h2>    <p>Herkesin bildi\u011fi gibi kabak \u00e7ekirde\u011fini kabak \u00e7ekirde\u011fi \u00e7\u0131kar\u0131c\u0131dan alabiliyoruz. Peki kabak \u00e7ekirde\u011finin, hatta karpuzun ve di\u011fer tohumlar\u0131n ne gibi i\u015flevleri var? Asl\u0131nda bu tohumlar Sa\u011fl\u0131k ve Cilt Bak\u0131m \u00dcr\u00fcnlerinde yayg\u0131n olarak kullan\u0131lmaktad\u0131r. \u00dcstelik kabak \u00e7ekirde\u011fini yemek, ekim vb. ama\u00e7larla topluyoruz. Tabii di\u011fer tohumlar da ayn\u0131.<\/p>    <h2 class=\"wp-block-heading\" id=\"h-how-are-pumpkin-seeds-shelled\"><strong>Kabak \u00c7ekirde\u011fi Nas\u0131l Kabuklan\u0131r?<\/strong><\/h2>    <p>Karpuz ve kabak hasat makinesi, \u00e7al\u0131\u015f\u0131rken k\u00fc\u00e7\u00fck trakt\u00f6re ba\u011flanabilir. Trakt\u00f6r kuyruk mili ile \u00e7al\u0131\u015fan makineyi tahrik eder.<\/p>    <p>1. Karpuz ve balkaba\u011f\u0131 hasat makinesi, karpuz veya balkaba\u011f\u0131n\u0131 hazneye alabilir (b\u00fcy\u00fck boy kabak \u00e7ekirde\u011fi hasat makinesi otomatik olarak, k\u00fc\u00e7\u00fck boy ise manuel olarak toplar). &nbsp;<\/p>    <p>2. Makine karpuzu veya balkaba\u011f\u0131n\u0131 k\u0131r\u0131c\u0131 \u015faftla k\u0131rar.<\/p>    <p>3.\u00a0Ezilmi\u015f karpuz veya balkaba\u011f\u0131 ay\u0131rma tamburuna gider.<\/p>    <p>4.\u00a0\u015eaft \u00e7al\u0131\u015f\u0131rken, karpuz veya kabak derisi ve eti ay\u0131rma tamburundan bo\u015falt\u0131l\u0131r ve karpuz veya kabak \u00e7ekirde\u011fi temizleme tamburunun i\u00e7ine \u00e7ekilir.<\/p>    <p>5. Temizleme \u015faft\u0131 \u00e7al\u0131\u015f\u0131rken karpuz veya kabak \u00e7ekirdekleri tekrar temizlenip ayr\u0131l\u0131r.<\/p>    <p>6.\u00a0Tohumlar temizleme mili d\u00f6n\u00fc\u015f\u00fcyle \u200b\u200bd\u0131\u015far\u0131 bo\u015falt\u0131l\u0131r.<\/p>    <h2 class=\"wp-block-heading\" id=\"equipment-used-with-pumpkin-seed-harvesting-machine\"><strong>Kabak \u00c7ekirde\u011fi Hasat Makinas\u0131nda Kullan\u0131lan Ekipmanlar<\/strong><strong><\/strong><\/h2>    <p>Bu ayn\u0131 zamanda kabak ve karpuz i\u00e7in de bir hasat makinesidir. Kabak veya karpuzun saplar\u0131n\u0131 k\u0131rabilir, balkaba\u011f\u0131 veya karpuzun toplay\u0131p bir kenara koyabilir. Yani bu ekipman \u00e7iftliklerin zamandan tasarruf etmesine yard\u0131mc\u0131 oluyor. Ayr\u0131ca genel olarak kabak \u00e7ekirde\u011fi hasat makinas\u0131 ile \u00e7al\u0131\u015fmaktad\u0131r. Soru\u015fturman\u0131z\u0131 sab\u0131rs\u0131zl\u0131kla bekliyorum!<\/p>   <div class=\"wp-block-image\"> <figure class=\"aligncenter size-full\"><img loading=\"lazy\" decoding=\"async\" width=\"720\" height=\"500\" src=\"https:\/\/taizyagromachine.com\/wp-content\/uploads\/2022\/02\/harvesting-machine-for-pumpkin.jpg\" alt=\"kabak, karpuz vb. i\u00e7in hasat makinesi\" class=\"wp-image-1998\" srcset=\"https:\/\/taizyagromachine.com\/wp-content\/uploads\/2022\/02\/harvesting-machine-for-pumpkin.jpg 720w, https:\/\/taizyagromachine.com\/wp-content\/uploads\/2022\/02\/harvesting-machine-for-pumpkin-300x208.jpg 300w\" sizes=\"auto, (max-width: 720px) 100vw, 720px\" \/><figcaption>kabak, karpuz vb. i\u00e7in hasat makinesi<\/figcaption><\/figure> <\/div>   <h2 class=\"wp-block-heading\" id=\"successful-case-pumpkin-seed-collector-sold-to-france\"><strong>Ba\u015far\u0131l\u0131 \u00d6rnek: Kabak \u00c7ekirde\u011fi Hasat Makinesi Fransa'ya Sat\u0131ld\u0131<\/strong><\/h2>    <p>Sat\u0131\u015f m\u00fcd\u00fcr\u00fcm\u00fcz Winnie, Frans\u0131z bir m\u00fc\u015fteriden tohum hasat makinesiyle ilgili bir soru ald\u0131. Uzun y\u0131llard\u0131r ekim i\u015fiyle u\u011fra\u015fmaktad\u0131r. Ayr\u0131ca geni\u015f bir alanda kabak tarlalar\u0131 yeti\u015ftiriyor ve \u00e7o\u011funlukla sa\u011fl\u0131k \u00fcr\u00fcnleri yapmak i\u00e7in kabak \u00e7ekirde\u011fi sat\u0131yor. Kabak \u00e7ekirde\u011fi \u00e7\u0131kar\u0131c\u0131m\u0131z\u0131 internet sitesinde g\u00f6rm\u00fc\u015f ve kendisine \u00e7ok faydal\u0131 oldu\u011funu d\u00fc\u015f\u00fcnerek kabak \u00e7ekirde\u011fi hasat makinesi fiyat\u0131n\u0131 \u00f6\u011frenmek i\u00e7in bizimle ileti\u015fime ge\u00e7me giri\u015fiminde bulunmu\u015ftur. Sat\u0131\u015f m\u00fcd\u00fcr\u00fcm\u00fcz Winnie resmi ve \u00e7al\u0131\u015fma videosunu g\u00f6nderdi, \u00e7ok memnun kald\u0131. Her iki taraf da s\u00f6zle\u015fmeyi imzalad\u0131. <\/p>    <p class=\"translation-block\">Daha sonra temizleme varili se\u00e7ilirken, Frans\u0131z m\u00fc\u015fterinin toplamak istedi\u011fi balkaba\u011f\u0131 \u00e7ekirdekleri \u00f6l\u00e7\u00fclm\u00fc\u015f ve uygun elek teli ile e\u015fle\u015ftirilmi\u015ftir. Son olarak deniz yoluyla Fransa'ya ba\u015far\u0131yla g\u00f6nderilmi\u015ftir. Ayr\u0131ca susam soyma makinesi, ya\u011f pres makinesi ve di\u011fer \u00e7e\u015fitli tar\u0131m makineleri de sunuyoruz. <\/p>    <figure class=\"wp-block-gallery has-nested-images columns-default is-cropped wp-block-gallery-4 is-layout-flex wp-block-gallery-is-layout-flex\"> <figure class=\"wp-block-image size-large\"><img loading=\"lazy\" decoding=\"async\" width=\"720\" height=\"540\" data-id=\"1999\" src=\"https:\/\/taizyagromachine.com\/wp-content\/uploads\/2022\/02\/machien-parts-to-pack.jpg\" alt=\"paketlenecek makine par\u00e7alar\u0131\" class=\"wp-image-1999\" srcset=\"https:\/\/taizyagromachine.com\/wp-content\/uploads\/2022\/02\/machien-parts-to-pack.jpg 720w, https:\/\/taizyagromachine.com\/wp-content\/uploads\/2022\/02\/machien-parts-to-pack-300x225.jpg 300w\" sizes=\"auto, (max-width: 720px) 100vw, 720px\" \/><figcaption>paketlenecek makine par\u00e7alar\u0131<\/figcaption><\/figure>    <figure class=\"wp-block-image size-large\"><img loading=\"lazy\" decoding=\"async\" width=\"1024\" height=\"768\" data-id=\"2000\" src=\"https:\/\/taizyagromachine.com\/wp-content\/uploads\/2022\/02\/measure-seed-size-1024x768.jpg\" alt=\"tohum boyutunu \u00f6l\u00e7\" class=\"wp-image-2000\" srcset=\"https:\/\/taizyagromachine.com\/wp-content\/uploads\/2022\/02\/measure-seed-size-1024x768.jpg 1024w, https:\/\/taizyagromachine.com\/wp-content\/uploads\/2022\/02\/measure-seed-size-300x225.jpg 300w, https:\/\/taizyagromachine.com\/wp-content\/uploads\/2022\/02\/measure-seed-size-768x576.jpg 768w, https:\/\/taizyagromachine.com\/wp-content\/uploads\/2022\/02\/measure-seed-size.jpg 1080w\" sizes=\"auto, (max-width: 1024px) 100vw, 1024px\" \/><figcaption>tohum boyutunu \u00f6l\u00e7<\/figcaption><\/figure> <\/figure>    <h2 class=\"wp-block-heading\" id=\"h-faq\"><strong>Karpuz ve Kabak \u00c7ekirde\u011fi Hasat Makinesi Hakk\u0131nda SSS<\/strong><\/h2>   <div id=\"rank-math-faq\" class=\"rank-math-block\"> <div class=\"rank-math-list\"> <div id=\"faq-question-1665562690660\" class=\"rank-math-list-item\"> <h3 class=\"rank-math-question\"><strong>S: Kavun tohumlar\u0131n\u0131n boyutu nas\u0131l do\u011frulan\u0131r?<\/strong><\/h3> <div class=\"rank-math-answer\">  <p>A: Kavun tohumlar\u0131n\u0131n uzunlu\u011funu ve geni\u015fli\u011fini \u00f6l\u00e7\u00fcn.<\/p>  <\/div> <\/div> <div id=\"faq-question-1665562695862\" class=\"rank-math-list-item\"> <h3 class=\"rank-math-question\"><strong>S: Trakt\u00f6r ara ak\u0131\u015f miline ne dersiniz?<\/strong><\/h3> <div class=\"rank-math-answer\">  <p>C: 6 veya 8.<\/p>  <\/div> <\/div> <div id=\"faq-question-1665562704903\" class=\"rank-math-list-item\"> <h3 class=\"rank-math-question\"><strong>Soru: Ne t\u00fcr tohumlar uygundur?<\/strong><\/h3> <div class=\"rank-math-answer\">  <p class=\"translation-block\">C: Kabak, karpuz, balkaba\u011f\u0131, salatal\u0131k, kavun (Avustralya).<\/p>  <\/div> <\/div> <\/div> <\/div>","protected":false},"excerpt":{"rendered":"<p>Pumpkin seed harvester&nbsp;is mainly used for harvesting and deseeding pumpkins. This pumpkin seed extractor has three options for power, respectively POT, motor, and diesel engine. Customers can choose the suitable one based on the actual situation. Besides, the pumpkin harvester machine can harvest the cantaloupe seed, gourd seed, melon seed, etc. Also, our pumpkin seed [&hellip;]<\/p>\n","protected":false},"author":1,"featured_media":2813,"parent":0,"template":"","tags":[112,114,109,113,111,110,115],"product-type":[22],"class_list":["post-1989","product","type-product","status-publish","has-post-thumbnail","hentry","tag-melon-seed-harvester","tag-pumpkin-seed-collector","tag-pumpkin-seed-harvester","tag-pumpkin-seed-picker","tag-seed-extractor","tag-watermelon-seed-harvester","tag-watermelon-seed-picker-machine","product-type-others"],"_links":{"self":[{"href":"https:\/\/taizyagromachine.com\/tr\/wp-json\/wp\/v2\/product\/1989","targetHints":{"allow":["GET"]}}],"collection":[{"href":"https:\/\/taizyagromachine.com\/tr\/wp-json\/wp\/v2\/product"}],"about":[{"href":"https:\/\/taizyagromachine.com\/tr\/wp-json\/wp\/v2\/types\/product"}],"author":[{"embeddable":true,"href":"https:\/\/taizyagromachine.com\/tr\/wp-json\/wp\/v2\/users\/1"}],"wp:featuredmedia":[{"embeddable":true,"href":"https:\/\/taizyagromachine.com\/tr\/wp-json\/wp\/v2\/media\/2813"}],"wp:attachment":[{"href":"https:\/\/taizyagromachine.com\/tr\/wp-json\/wp\/v2\/media?parent=1989"}],"wp:term":[{"taxonomy":"post_tag","embeddable":true,"href":"https:\/\/taizyagromachine.com\/tr\/wp-json\/wp\/v2\/tags?post=1989"},{"taxonomy":"product-type","embeddable":true,"href":"https:\/\/taizyagromachine.com\/tr\/wp-json\/wp\/v2\/product-type?post=1989"}],"curies":[{"name":"wp","href":"https:\/\/api.w.org\/{rel}","templated":true}]}}