{"id":2002,"date":"2022-02-10T08:13:22","date_gmt":"2022-02-10T08:13:22","guid":{"rendered":"https:\/\/taizyagromachine.com\/"},"modified":"2025-04-27T14:16:30","modified_gmt":"2025-04-27T06:16:30","slug":"two-wheel-drive-walking-type-tractor","status":"publish","type":"product","link":"https:\/\/taizyagromachine.com\/tr\/product\/two-wheel-drive-walking-type-tractor\/","title":{"rendered":"\u0130ki Tekerlekten \u00c7eki\u015fli Y\u00fcr\u00fcyen Tip trakt\u00f6r"},"content":{"rendered":"<p class=\"translation-block\"><strong>Y\u00fcr\u00fcyen Tip Trakt\u00f6r<\/strong>, bir\u00e7ok farkl\u0131 ekipman\u0131 \u00e7al\u0131\u015ft\u0131rmaya yetenekli, temel bir 2 tekerlekli \u00e7ift\u00e7i y\u00fcr\u00fcyen trakt\u00f6rd\u00fcr. Y\u00fcr\u00fcyen trakt\u00f6r, d\u00fcnya \u00e7ap\u0131nda yayg\u0131n olarak kullan\u0131lan g\u00fc\u00e7 kaynaklar\u0131n\u0131 sa\u011flar. El trakt\u00f6r\u00fc, \u00e7oklu fonksiyonlar, kolay kullan\u0131m, kompakt yap\u0131 avantajlar\u0131na sahiptir. Ayr\u0131ca, bu y\u00fcr\u00fcyen trakt\u00f6r pulluk, kar\u0131k a\u00e7ma makinesi, <a href=\"https:\/\/cornmachines.com\/corn-planter-machine\/\" target=\"_blank\" rel=\"noreferrer noopener\">ekim makinesi<\/a>, su pompas\u0131 vb. gibi farkl\u0131 ekipmanlarla e\u015fle\u015ftirilebilir. Y\u00fcr\u00fcyen trakt\u00f6r ata\u015fmanlar\u0131 \u00e7e\u015fitli olabilir. Ekonomik fiyat\u0131 nedeniyle, iki tekerlekli trakt\u00f6r G\u00fcney Afrika, Mauritius, Amerika, Zimbabve, Uganda vb. aras\u0131nda iyi kar\u015f\u0131lanmaktad\u0131r. \u0130lgileniyorsan\u0131z, l\u00fctfen istedi\u011finiz zaman bizimle ileti\u015fime ge\u00e7in.<\/p>    <h2 class=\"wp-block-heading\" id=\"features-of-walking-type-tractor\"><strong>Y\u00fcr\u00fcyen Tip Trakt\u00f6r\u00fcn \u00d6zellikleri<\/strong><strong><\/strong><\/h2>    <ul class=\"wp-block-list\"> <li>Basit yap\u0131, kaliteli, istikrarl\u0131 performans.<\/li>    <li>Piyasada rekabet\u00e7i fiyat. Y\u00fcr\u00fcyen trakt\u00f6r fiyat\u0131 Kenya gibi \u00e7o\u011fu \u00fclkede insanlar i\u00e7in uygun fiyatl\u0131d\u0131r.<\/li>    <li>\u00c7oklu i\u015flevler. Bu iki tekerlekli trakt\u00f6r, hendek a\u00e7ma, ekim, s\u0131rt, hasat vb. i\u015flemleri ger\u00e7ekle\u015ftirmek i\u00e7in farkl\u0131 tipte makinelerle \u00e7al\u0131\u015fabilir.<\/li>    <li>Bir\u00e7ok \u00fclkeye ve b\u00f6lgeye ihra\u00e7 edildi. Fiyat g\u00fcc\u00fc nedeniyle bu y\u00fcr\u00fcyen el trakt\u00f6r\u00fc s\u0131kl\u0131kla Afrika'ya ihra\u00e7 edilmektedir. Lesoto, Gana, G\u00fcney Afrika, Kenya, Zimbabve, Nijerya, Yemen, Somali, Botsvana vb.<\/li>    <li>G\u00fc\u00e7l\u00fc uygulanabilirlik. Bu \u00e7iftlik el y\u00fcr\u00fcy\u00fc\u015fl\u00fc trakt\u00f6r, k\u00f6t\u00fc durumda olan insanlar i\u00e7in \u00e7ok daha uygun ko\u015fullar yarat\u0131r.<\/li> <\/ul>    <h2 class=\"wp-block-heading\" id=\"working-video-of-walking-type-tractor-implements\"><strong>Y\u00fcr\u00fcyen Tip Trakt\u00f6r Aletlerinin \u00c7al\u0131\u015fma Videosu<\/strong><\/h2>    <p>Bu k\u00fc\u00e7\u00fck ve sadelik y\u00fcr\u00fcy\u00fc\u015f trakt\u00f6r\u00fcn\u00fcn m\u00fc\u015fterilerin taleplerine dayal\u0131 bir\u00e7ok olas\u0131l\u0131\u011f\u0131 vard\u0131r. A\u015fa\u011f\u0131daki video, \u00e7e\u015fitli olas\u0131l\u0131k ve i\u015flevleri yeterince g\u00f6stermektedir.<\/p>    <figure class=\"wp-block-embed is-type-video is-provider-youtube wp-block-embed-youtube\"><div class=\"wp-block-embed__wrapper\"> <iframe loading=\"lazy\" title=\"Y\u00fcr\u00fcyen trakt\u00f6r | el trakt\u00f6r\u00fc | iki tekerlekli y\u00fcr\u00fcy\u00fc\u015f trakt\u00f6r\u00fc | dizel cihazl\u0131 arkadan \u00e7ekmeli trakt\u00f6r\" width=\"500\" height=\"281\" src=\"https:\/\/www.youtube.com\/embed\/TQMlzGjxFTs?feature=oembed\" frameborder=\"0\" allow=\"accelerometer; autoplay; clipboard-write; encrypted-media; gyroscope; picture-in-picture; web-share\" referrerpolicy=\"strict-origin-when-cross-origin\" allowfullscreen><\/iframe> <\/div><\/figure>    <h2 class=\"wp-block-heading\" id=\"functional-diversification-of-walking-tractor\"><strong>Y\u00fcr\u00fcyen Trakt\u00f6r\u00fcn Fonksiyonel \u00c7e\u015fitlendirilmesi<\/strong><strong><\/strong><\/h2>    <p class=\"translation-block\">Bu iki tekerlekli trakt\u00f6r yaln\u0131zca g\u00fc\u00e7 kayna\u011f\u0131 sa\u011flad\u0131\u011f\u0131 i\u00e7in, farkl\u0131 i\u015flevleri yerine getirmek \u00fczere bir\u00e7ok tar\u0131m makinesiyle birle\u015ftirilebilir. \u00d6rne\u011fin, y\u00fcr\u00fcyen trakt\u00f6r pulluk ile ekim i\u00e7in topra\u011f\u0131 i\u015fleyebilir. El trakt\u00f6r\u00fc, m\u0131s\u0131r ekim makinesi, <a href=\"https:\/\/taizyagromachine.com\/tr\/product\/wheat-planter\/\" target=\"_blank\" rel=\"noreferrer noopener\">bu\u011fday ekim makinesi<\/a> gibi ekim makineleri ile ayn\u0131 anda ekim ve g\u00fcbreleme yapabilir. Ayr\u0131ca, r\u00f6morklu y\u00fcr\u00fcyen tip trakt\u00f6r e\u015fyalar\u0131 y\u00fckleyebilir. Ayr\u0131ca, pirin\u00e7 tarlalar\u0131 i\u00e7in s\u0131radan tekerle\u011fi pirin\u00e7 tarlas\u0131 tekerle\u011fi ile de\u011fi\u015ftirebilir. Sonu\u00e7 olarak, bu 2 tekerlekli \u00e7eki\u015fli trakt\u00f6r, bir\u00e7ok makineyle birlikte birden \u00e7ok i\u015flevi yerine getirebilir. Sorgunuzu bekliyoruz!<\/p>    <figure class=\"wp-block-gallery has-nested-images columns-default is-cropped wp-block-gallery-2 is-layout-flex wp-block-gallery-is-layout-flex\"> <figure class=\"wp-block-image size-large\"><img loading=\"lazy\" decoding=\"async\" width=\"720\" height=\"540\" data-id=\"2008\" src=\"https:\/\/taizyagromachine.com\/wp-content\/uploads\/2022\/02\/2-wheel-tractor-with-corn-planter.jpg\" alt=\"2 tekerlekli trakt\u00f6r m\u0131s\u0131r ekme makinesi ile\" class=\"wp-image-2008\" srcset=\"https:\/\/taizyagromachine.com\/wp-content\/uploads\/2022\/02\/2-wheel-tractor-with-corn-planter.jpg 720w, https:\/\/taizyagromachine.com\/wp-content\/uploads\/2022\/02\/2-wheel-tractor-with-corn-planter-300x225.jpg 300w\" sizes=\"auto, (max-width: 720px) 100vw, 720px\" \/><figcaption class=\"wp-element-caption\">2 tekerlekli trakt\u00f6r m\u0131s\u0131r ekme makinesi ile<\/figcaption><\/figure>    <figure class=\"wp-block-image size-large\"><img loading=\"lazy\" decoding=\"async\" width=\"720\" height=\"540\" data-id=\"2011\" src=\"https:\/\/taizyagromachine.com\/wp-content\/uploads\/2022\/02\/walk-behind-tractor-with-wheat-planter.jpg\" alt=\"bu\u011fday ekme makineli arkadan \u00e7ekmeli trakt\u00f6r\" class=\"wp-image-2011\" srcset=\"https:\/\/taizyagromachine.com\/wp-content\/uploads\/2022\/02\/walk-behind-tractor-with-wheat-planter.jpg 720w, https:\/\/taizyagromachine.com\/wp-content\/uploads\/2022\/02\/walk-behind-tractor-with-wheat-planter-300x225.jpg 300w\" sizes=\"auto, (max-width: 720px) 100vw, 720px\" \/><figcaption class=\"wp-element-caption\">bu\u011fday ekme makineli arkadan \u00e7ekmeli trakt\u00f6r<\/figcaption><\/figure>    <figure class=\"wp-block-image size-large\"><img loading=\"lazy\" decoding=\"async\" width=\"720\" height=\"540\" data-id=\"2013\" src=\"https:\/\/taizyagromachine.com\/wp-content\/uploads\/2022\/02\/walking-trator-trailer.jpg\" alt=\"Y\u00fcr\u00fcyen tip trator-r\u00f6mork\" class=\"wp-image-2013\" srcset=\"https:\/\/taizyagromachine.com\/wp-content\/uploads\/2022\/02\/walking-trator-trailer.jpg 720w, https:\/\/taizyagromachine.com\/wp-content\/uploads\/2022\/02\/walking-trator-trailer-300x225.jpg 300w\" sizes=\"auto, (max-width: 720px) 100vw, 720px\" \/><figcaption class=\"wp-element-caption\">r\u00f6mork<\/figcaption><\/figure> <\/figure>    <figure class=\"wp-block-gallery has-nested-images columns-default is-cropped wp-block-gallery-3 is-layout-flex wp-block-gallery-is-layout-flex\"> <figure class=\"wp-block-image size-large\"><img loading=\"lazy\" decoding=\"async\" width=\"720\" height=\"540\" data-id=\"2014\" src=\"https:\/\/taizyagromachine.com\/wp-content\/uploads\/2022\/02\/electric-start-device-walking-tractor.jpg\" alt=\"elektrikli \u00e7al\u0131\u015ft\u0131rma cihaz\u0131-y\u00fcr\u00fcyen trakt\u00f6r\" class=\"wp-image-2014\" srcset=\"https:\/\/taizyagromachine.com\/wp-content\/uploads\/2022\/02\/electric-start-device-walking-tractor.jpg 720w, https:\/\/taizyagromachine.com\/wp-content\/uploads\/2022\/02\/electric-start-device-walking-tractor-300x225.jpg 300w\" sizes=\"auto, (max-width: 720px) 100vw, 720px\" \/><figcaption class=\"wp-element-caption\">elektrikli \u00e7al\u0131\u015ft\u0131rma cihaz\u0131-y\u00fcr\u00fcyen trakt\u00f6r<\/figcaption><\/figure>    <figure class=\"wp-block-image size-large\"><img loading=\"lazy\" decoding=\"async\" width=\"720\" height=\"540\" data-id=\"2012\" src=\"https:\/\/taizyagromachine.com\/wp-content\/uploads\/2022\/02\/water-pump-hand-tractor.jpg\" alt=\"su pompas\u0131\" class=\"wp-image-2012\" srcset=\"https:\/\/taizyagromachine.com\/wp-content\/uploads\/2022\/02\/water-pump-hand-tractor.jpg 720w, https:\/\/taizyagromachine.com\/wp-content\/uploads\/2022\/02\/water-pump-hand-tractor-300x225.jpg 300w\" sizes=\"auto, (max-width: 720px) 100vw, 720px\" \/><figcaption class=\"wp-element-caption\">su pompas\u0131<\/figcaption><\/figure> <\/figure>    <h2 class=\"wp-block-heading\" id=\"walking-tractor-attachments\">Y\u00fcr\u00fcyen Trakt\u00f6r Ata\u015fmanlar\u0131<\/h2>    <p>Profesyonel bir tar\u0131m makinesi \u00fcreticisi ve tedarik\u00e7isi olarak size g\u00f6sterecek \u00e7e\u015fitli s\u0131ralamalar\u0131m\u0131z var.<\/p>    <h3 class=\"wp-block-heading\" id=\"walking-type-tractor-with-rovatator\">Rotovat\u00f6rl\u00fc y\u00fcr\u00fcyen tip trakt\u00f6r<\/h3>    <p>Bu ikisi birlikte \u00e7al\u0131\u015ft\u0131\u011f\u0131nda, sulu tarlalar ve kuru alanlara kadar uygundur. Ayr\u0131ca, resimden, kullan\u0131c\u0131lar i\u00e7in uygun ko\u015fullar olu\u015fturmak i\u00e7in bir koltuk tasar\u0131m\u0131 oldu\u011funu a\u00e7\u0131k\u00e7a g\u00f6rebiliriz.<\/p>   <div class=\"wp-block-image\"> <figure class=\"aligncenter size-full\"><img loading=\"lazy\" decoding=\"async\" width=\"720\" height=\"540\" src=\"https:\/\/taizyagromachine.com\/wp-content\/uploads\/2022\/02\/walking-type-tractor-with-rotavator.jpg\" alt=\"rotovat\u00f6rl\u00fc y\u00fcr\u00fcyen tip trakt\u00f6r\" class=\"wp-image-2006\" srcset=\"https:\/\/taizyagromachine.com\/wp-content\/uploads\/2022\/02\/walking-type-tractor-with-rotavator.jpg 720w, https:\/\/taizyagromachine.com\/wp-content\/uploads\/2022\/02\/walking-type-tractor-with-rotavator-300x225.jpg 300w\" sizes=\"auto, (max-width: 720px) 100vw, 720px\" \/><figcaption class=\"wp-element-caption\">rotovat\u00f6rl\u00fc y\u00fcr\u00fcyen tip trakt\u00f6r<\/figcaption><\/figure> <\/div>   <h3 class=\"wp-block-heading\" id=\"2-wheel-drive-tractor-with-double-disc-plough\">\u00c7ift diskli pulluklu 2 tekerlekten \u00e7eki\u015fli trakt\u00f6r<\/h3>    <p>\u00c7ift diskli pulluk esas olarak kurak alanlar\u0131 i\u015flemek i\u00e7indir. Bu kombinasyon, kolay kullan\u0131m, h\u0131zl\u0131 h\u0131z ve y\u00fcksek verimlilik avantajlar\u0131na sahiptir.<\/p>   <div class=\"wp-block-image\"> <figure class=\"aligncenter size-full\"><img loading=\"lazy\" decoding=\"async\" width=\"720\" height=\"540\" src=\"https:\/\/taizyagromachine.com\/wp-content\/uploads\/2022\/02\/2-wheel-rive-tractor-with-double-disc-plough.jpg\" alt=\"\u00c7ift diskli pulluklu 2 tekerlekten \u00e7eki\u015fli trakt\u00f6r\" class=\"wp-image-2007\" srcset=\"https:\/\/taizyagromachine.com\/wp-content\/uploads\/2022\/02\/2-wheel-rive-tractor-with-double-disc-plough.jpg 720w, https:\/\/taizyagromachine.com\/wp-content\/uploads\/2022\/02\/2-wheel-rive-tractor-with-double-disc-plough-300x225.jpg 300w\" sizes=\"auto, (max-width: 720px) 100vw, 720px\" \/><figcaption class=\"wp-element-caption\">\u00c7ift diskli pulluklu 2 tekerlekten \u00e7eki\u015fli trakt\u00f6r<\/figcaption><\/figure> <\/div>   <h3 class=\"wp-block-heading\" id=\"hand-tractor-with-double-plough\">\u00c7ift pulluklu el trakt\u00f6r\u00fc<\/h3>    <p>\u00c7ift pulluklu el trakt\u00f6r\u00fc, kuru tarlalarda topra\u011f\u0131 d\u00f6nd\u00fcrmek ve gev\u015fetmek amac\u0131yla yayg\u0131n olarak kullan\u0131lmaktad\u0131r.<\/p>   <div class=\"wp-block-image\"> <figure class=\"aligncenter size-full\"><img loading=\"lazy\" decoding=\"async\" width=\"720\" height=\"540\" src=\"https:\/\/taizyagromachine.com\/wp-content\/uploads\/2022\/02\/hand-tractor-with-double-plough.jpg\" alt=\"\u00e7ift \u200b\u200bpulluklu el trakt\u00f6r\u00fc\" class=\"wp-image-2009\" srcset=\"https:\/\/taizyagromachine.com\/wp-content\/uploads\/2022\/02\/hand-tractor-with-double-plough.jpg 720w, https:\/\/taizyagromachine.com\/wp-content\/uploads\/2022\/02\/hand-tractor-with-double-plough-300x225.jpg 300w\" sizes=\"auto, (max-width: 720px) 100vw, 720px\" \/><figcaption class=\"wp-element-caption\">\u00e7ift \u200b\u200bpulluklu el trakt\u00f6r\u00fc<\/figcaption><\/figure> <\/div>   <h3 class=\"wp-block-heading\" id=\"two-wheel-drive-tractor-with-paddy-wheel\">\u00c7eltik tekerlekli iki tekerlekten \u00e7eki\u015fli trakt\u00f6r<\/h3>    <p>\u00c7eltik \u00e7arkl\u0131 bu tip y\u00fcr\u00fcyen trakt\u00f6r esas olarak \u00e7eltikli sulu tarlalar i\u00e7indir. Bu \u00e7eltik \u00e7ark\u0131, topraklarda s\u0131k\u0131\u015f\u0131p kalmak de\u011fil, sulu tarlalarda y\u00fcr\u00fcmek i\u00e7in faydal\u0131d\u0131r.<\/p>   <div class=\"wp-block-image\"> <figure class=\"aligncenter size-full\"><img loading=\"lazy\" decoding=\"async\" width=\"720\" height=\"540\" src=\"https:\/\/taizyagromachine.com\/wp-content\/uploads\/2022\/02\/two-whell-drive-tractor-with-paddy-wheel.jpg\" alt=\"\u00e7eltik tekerlekli iki tekerlekten \u00e7eki\u015fli trakt\u00f6r\" class=\"wp-image-2010\" srcset=\"https:\/\/taizyagromachine.com\/wp-content\/uploads\/2022\/02\/two-whell-drive-tractor-with-paddy-wheel.jpg 720w, https:\/\/taizyagromachine.com\/wp-content\/uploads\/2022\/02\/two-whell-drive-tractor-with-paddy-wheel-300x225.jpg 300w\" sizes=\"auto, (max-width: 720px) 100vw, 720px\" \/><figcaption class=\"wp-element-caption\">\u00e7eltik tekerlekli iki tekerlekten \u00e7eki\u015fli trakt\u00f6r<\/figcaption><\/figure> <\/div>   <h2 class=\"wp-block-heading\" id=\"successful-case-hand-tractor-exported-to-mauritius-and-south-africa\"><strong>Ba\u015far\u0131l\u0131 \u00d6rnek: El Trakt\u00f6r\u00fc Mauritius ve G\u00fcney Afrika'ya \u0130hra\u00e7 Edildi<\/strong><strong><\/strong><\/h2>    <p>Asl\u0131nda bu arkadan \u00e7ekmeli trakt\u00f6r d\u00fcnyada \u00e7ok pop\u00fcler. Basitli\u011fi nedeniyle iki tekerlekli trakt\u00f6r fiyat g\u00fcc\u00fcne sahiptir. Dahas\u0131, farkl\u0131 makinelerle birden fazla i\u015flevi vard\u0131r. Yani geni\u015f pazarlar\u0131 var. Sat\u0131\u015f m\u00fcd\u00fcr\u00fcm\u00fcz Coco s\u0131ras\u0131yla Mauritius ve G\u00fcney Afrika'dan teklif davetleri ald\u0131. Y\u00fcr\u00fcyen tip trakt\u00f6rler g\u00fc\u00e7 kayna\u011f\u0131 olarak kullan\u0131labildi\u011finden ve farkl\u0131 makinelerle \u00e7al\u0131\u015fabildi\u011finden, Mauritius ve G\u00fcney Afrika'daki m\u00fc\u015fteriler sadece el trakt\u00f6rleri de\u011fil, ayn\u0131 zamanda su pompalar\u0131, pulluklar, kaz\u0131c\u0131lar, \u00e7eltik \u00e7arklar\u0131, elektrikli ate\u015fleyiciler vb. de sipari\u015f ettiler. tahta sand\u0131klar\u0131 konteynere y\u00fckledi ve deniz yoluyla Mauritius ve G\u00fcney Afrika'ya ihra\u00e7 etti. Daha fazla bilgi i\u00e7in bizimle ileti\u015fime ge\u00e7mekten memnuniyet duyar\u0131z!<\/p>   <div class=\"wp-block-image\"> <figure class=\"aligncenter size-full\"><img loading=\"lazy\" decoding=\"async\" width=\"720\" height=\"540\" src=\"https:\/\/taizyagromachine.com\/wp-content\/uploads\/2022\/02\/pack-walking-tractor-into-wooden-cases.jpg\" alt=\"el trakt\u00f6r\u00fcn\u00fc tahta sand\u0131klara koyun\" class=\"wp-image-2004\" srcset=\"https:\/\/taizyagromachine.com\/wp-content\/uploads\/2022\/02\/pack-walking-tractor-into-wooden-cases.jpg 720w, https:\/\/taizyagromachine.com\/wp-content\/uploads\/2022\/02\/pack-walking-tractor-into-wooden-cases-300x225.jpg 300w\" sizes=\"auto, (max-width: 720px) 100vw, 720px\" \/><figcaption class=\"wp-element-caption\">El trakt\u00f6r\u00fcn\u00fc tahta sand\u0131klara konteynere y\u00fckleyin<\/figcaption><\/figure> <\/div>   <figure class=\"wp-block-embed is-type-video is-provider-youtube wp-block-embed-youtube wp-embed-aspect-16-9 wp-has-aspect-ratio\"><div class=\"wp-block-embed__wrapper\"> <iframe loading=\"lazy\" title=\"Yer f\u0131st\u0131\u011f\u0131 ve patates hasad\u0131 i\u00e7in hasat makinesi ile el y\u00fcr\u00fcy\u00fc\u015fl\u00fc trakt\u00f6r | Yer f\u0131st\u0131\u011f\u0131 hasat ekipmanlar\u0131\" width=\"500\" height=\"281\" src=\"https:\/\/www.youtube.com\/embed\/DzLEq9Kn4m4?feature=oembed\" frameborder=\"0\" allow=\"accelerometer; autoplay; clipboard-write; encrypted-media; gyroscope; picture-in-picture; web-share\" referrerpolicy=\"strict-origin-when-cross-origin\" allowfullscreen><\/iframe> <\/div><figcaption class=\"wp-element-caption\">bi\u00e7er ile el trakt\u00f6r\u00fc videosu<\/figcaption><\/figure>","protected":false},"excerpt":{"rendered":"<p>Walking type tractor&nbsp;is an essential 2 wheel farm walking tractor, capable of operating many different implements. Walk-behind tractor supplies the power sources, widely used worldwide. The hand tractor has advantages of multi functions, easy operation, compact structure. Besides, this walking tractor can match with the different equipment, like plough, ridger, planter, water pump, etc. The [&hellip;]<\/p>\n","protected":false},"author":1,"featured_media":2159,"parent":0,"template":"","tags":[],"product-type":[22],"class_list":["post-2002","product","type-product","status-publish","has-post-thumbnail","hentry","product-type-others"],"_links":{"self":[{"href":"https:\/\/taizyagromachine.com\/tr\/wp-json\/wp\/v2\/product\/2002","targetHints":{"allow":["GET"]}}],"collection":[{"href":"https:\/\/taizyagromachine.com\/tr\/wp-json\/wp\/v2\/product"}],"about":[{"href":"https:\/\/taizyagromachine.com\/tr\/wp-json\/wp\/v2\/types\/product"}],"author":[{"embeddable":true,"href":"https:\/\/taizyagromachine.com\/tr\/wp-json\/wp\/v2\/users\/1"}],"wp:featuredmedia":[{"embeddable":true,"href":"https:\/\/taizyagromachine.com\/tr\/wp-json\/wp\/v2\/media\/2159"}],"wp:attachment":[{"href":"https:\/\/taizyagromachine.com\/tr\/wp-json\/wp\/v2\/media?parent=2002"}],"wp:term":[{"taxonomy":"post_tag","embeddable":true,"href":"https:\/\/taizyagromachine.com\/tr\/wp-json\/wp\/v2\/tags?post=2002"},{"taxonomy":"product-type","embeddable":true,"href":"https:\/\/taizyagromachine.com\/tr\/wp-json\/wp\/v2\/product-type?post=2002"}],"curies":[{"name":"wp","href":"https:\/\/api.w.org\/{rel}","templated":true}]}}