{"id":2019,"date":"2022-02-11T06:41:24","date_gmt":"2022-02-11T06:41:24","guid":{"rendered":"https:\/\/taizyagromachine.com\/"},"modified":"2025-01-02T13:52:41","modified_gmt":"2025-01-02T05:52:41","slug":"small-groundnut-harvester","status":"publish","type":"product","link":"https:\/\/taizyagromachine.com\/tr\/product\/small-groundnut-harvester\/","title":{"rendered":"Yer F\u0131st\u0131\u011f\u0131 Bi\u00e7erd\u00f6ver | F\u0131st\u0131k Hasat Ekipmanlar\u0131"},"content":{"rendered":"<p class=\"translation-block\"><strong>Yer f\u0131st\u0131\u011f\u0131 hasat makinesi<\/strong>, yer f\u0131st\u0131\u011f\u0131 meyvelerini topraktan ay\u0131rma amac\u0131 i\u00e7in ideal ekipmand\u0131r. Genellikle, yer f\u0131st\u0131\u011f\u0131 hasat makinesi trakt\u00f6rle montelenmi\u015f olarak tarlalarda \u00e7al\u0131\u015f\u0131r. Ayr\u0131ca, bu yer f\u0131st\u0131\u011f\u0131 hasat makinesinin saatte 0.3-0.5 d\u00f6n\u00fcm gibi iyi bir kapasitesi vard\u0131r. Yer f\u0131st\u0131\u011f\u0131 hasat makinesinin toplama oran\u0131 \u2265 iken, k\u0131r\u0131lma oran\u0131 \u2264%1'dir. Hepimiz yer f\u0131st\u0131\u011f\u0131n\u0131n yer alt\u0131nda biraz toprak bar\u0131nd\u0131rd\u0131\u011f\u0131n\u0131 biliyoruz. Ve yer f\u0131st\u0131\u011f\u0131 hasat ekipman\u0131n\u0131n 'ten fazla bir temizleme oran\u0131 vard\u0131r. Bu nedenle, bu yer f\u0131st\u0131\u011f\u0131 kaz\u0131c\u0131, yer f\u0131st\u0131\u011f\u0131 makine pazar\u0131nda pop\u00fclerdir. Sorular\u0131n\u0131z\u0131 bekliyoruz!<\/p>    <h2 class=\"wp-block-heading\" id=\"characteristics-of-peanut-harvester-for-sale\"><strong>Sat\u0131l\u0131k F\u0131st\u0131k Hasat Ekipman\u0131n\u0131n \u00d6zellikleri<\/strong><\/h2>    <ul class=\"wp-block-list\" type=\"1\"> <li>Basit yap\u0131, kolay kullan\u0131m, y\u00fcksek verimlilik.<\/li>    <li>Silindir, f\u0131st\u0131k bitkilerinin topra\u011fa batmas\u0131n\u0131 \u00f6nler ve kazmay\u0131 kolayla\u015ft\u0131r\u0131r.<\/li>    <li>E\u011fim a\u00e7\u0131s\u0131, f\u0131st\u0131klar\u0131n bir tarafta yataca\u011f\u0131n\u0131 garanti edebilir.<\/li>    <li>Yer f\u0131st\u0131\u011f\u0131 hasat makinesinin \u00fcniversal tahrik mili, testere di\u015flerini tahrik edecek \u015fekilde ayarlanarak s\u00fcspansiyon ba\u011flant\u0131s\u0131yla trakt\u00f6re ba\u011flan\u0131r.<\/li>    <li>\u015eanz\u0131man mili f\u0131st\u0131k meyvelerini aktarmak i\u00e7indir.<\/li> <\/ul>    <figure class=\"wp-block-gallery has-nested-images columns-default is-cropped wp-block-gallery-2 is-layout-flex wp-block-gallery-is-layout-flex\"> <figure class=\"wp-block-image size-full\"><img loading=\"lazy\" decoding=\"async\" width=\"720\" height=\"540\" data-id=\"2025\" src=\"https:\/\/taizyagromachine.com\/wp-content\/uploads\/2022\/02\/transmission-shaft-ground-nut-harvesting-machine.jpg\" alt=\"\u015fanz\u0131man mili\" class=\"wp-image-2025\" srcset=\"https:\/\/taizyagromachine.com\/wp-content\/uploads\/2022\/02\/transmission-shaft-ground-nut-harvesting-machine.jpg 720w, https:\/\/taizyagromachine.com\/wp-content\/uploads\/2022\/02\/transmission-shaft-ground-nut-harvesting-machine-300x225.jpg 300w\" sizes=\"auto, (max-width: 720px) 100vw, 720px\" \/><figcaption class=\"wp-element-caption\">\u015fanz\u0131man mili<\/figcaption><\/figure>    <figure class=\"wp-block-image size-large\"><img loading=\"lazy\" decoding=\"async\" width=\"720\" height=\"540\" data-id=\"2023\" src=\"https:\/\/taizyagromachine.com\/wp-content\/uploads\/2022\/02\/vebel-angle-and-roller-peanut-harvest.jpg\" alt=\"e\u011fim a\u00e7\u0131s\u0131 ve silindir\" class=\"wp-image-2023\" srcset=\"https:\/\/taizyagromachine.com\/wp-content\/uploads\/2022\/02\/vebel-angle-and-roller-peanut-harvest.jpg 720w, https:\/\/taizyagromachine.com\/wp-content\/uploads\/2022\/02\/vebel-angle-and-roller-peanut-harvest-300x225.jpg 300w\" sizes=\"auto, (max-width: 720px) 100vw, 720px\" \/><figcaption class=\"wp-element-caption\">e\u011fim a\u00e7\u0131s\u0131 ve silindir<\/figcaption><\/figure> <\/figure>    <h2 class=\"wp-block-heading\" id=\"principle-of-groundnut-harvesting-machine\"><strong>Yerf\u0131st\u0131\u011f\u0131 Hasat Makinas\u0131 Prensibi<\/strong><\/h2>    <p>Bu yeni tip yer f\u0131st\u0131\u011f\u0131 hasat makinesi, titre\u015fimli elek prensibini benimser, topra\u011f\u0131 temiz bir \u015fekilde sallar ve yer f\u0131st\u0131\u011f\u0131n\u0131 d\u00fczg\u00fcn bir \u015fekilde bir tarafa yerle\u015ftirir. B\u00f6ylece, bu f\u0131st\u0131k hasat makinesi, f\u0131st\u0131k fidesini bir tarafa d\u00fczg\u00fcn bir \u015fekilde koyarak, f\u0131st\u0131klar\u0131 topraktan ay\u0131rma amac\u0131na ula\u015fmaktad\u0131r. &nbsp;<\/p>   <div class=\"wp-block-image\"> <figure class=\"aligncenter size-full\"><img loading=\"lazy\" decoding=\"async\" width=\"720\" height=\"540\" src=\"https:\/\/taizyagromachine.com\/wp-content\/uploads\/2022\/02\/vibratimg-screen-peanut-harvester.jpg\" alt=\"titre\u015fimli ekran\" class=\"wp-image-2021\" srcset=\"https:\/\/taizyagromachine.com\/wp-content\/uploads\/2022\/02\/vibratimg-screen-peanut-harvester.jpg 720w, https:\/\/taizyagromachine.com\/wp-content\/uploads\/2022\/02\/vibratimg-screen-peanut-harvester-300x225.jpg 300w\" sizes=\"auto, (max-width: 720px) 100vw, 720px\" \/><figcaption class=\"wp-element-caption\">titre\u015fimli ekran<\/figcaption><\/figure> <\/div>   <h2 class=\"wp-block-heading\" id=\"advantages-of-groundnut-harvester\"><strong>Yer F\u0131st\u0131\u011f\u0131 Hasat Makinesinin Avantajlar\u0131<\/strong><\/h2>    <ol class=\"wp-block-list\" type=\"1\"> <li>Bu otomatik f\u0131st\u0131k hasat makinesi \u226598% gibi y\u00fcksek bir toplama oran\u0131na sahiptir, bu nedenle y\u00fcksek verime sahiptir.<\/li>    <li>K\u00fc\u00e7\u00fck yer f\u0131st\u0131\u011f\u0131 kaz\u0131c\u0131m\u0131z\u0131n iki patenti vard\u0131r; bir faydal\u0131 model ve bir d\u0131\u015f tasar\u0131m Ulusal taraf\u0131ndan onaylanm\u0131\u015ft\u0131r.&nbsp;<a href=\"https:\/\/en.wikipedia.org\/wiki\/Patent_office\" target=\"_blank\" rel=\"noreferrer noopener\">Patent Ofisi<\/a>.<\/li>    <li>F\u0131st\u0131k trakt\u00f6r\u00fcyle \u00e7al\u0131\u015fan hasat makinesinde, titremeden kendi kendine ko\u015fmaktan daha h\u0131zl\u0131 \u00e7al\u0131\u015fan, h\u0131zl\u0131 istifleme ve bo\u015faltma yapan ve \u00e7imler taraf\u0131ndan engellenmeyen bir trakt\u00f6r bulunur.<\/li> <\/ol>    <h2 class=\"wp-block-heading\" id=\"successful-case-hanging-peanut-harvest-equipment-to-botswana\"><strong>Ba\u015far\u0131l\u0131 \u00d6rnek: As\u0131l\u0131 F\u0131st\u0131k Hasat Ekipman\u0131 Botsvana'ya g\u00f6nderildi<\/strong> <\/h2>    <p class=\"translation-block\">Botsvana'dan bir m\u00fc\u015fteri, Taizy Agro Makine web sitemizde bir makale okuyarak bizimle ileti\u015fime ge\u00e7ti. Profesyonel sat\u0131\u015f y\u00f6neticimiz Emily, ona yan\u0131t verdi. \u0130leti\u015fimimiz s\u0131ras\u0131nda, b\u00fcy\u00fck bir yer f\u0131st\u0131\u011f\u0131 tarlas\u0131 ekti\u011fini \u00f6\u011frendik ve talebinin bir tarla trakt\u00f6r\u00fc yer f\u0131st\u0131\u011f\u0131 hasat makinesi oldu\u011funu anlad\u0131k. Bu y\u00fczden, saatte 0.3-0.5 d\u00f6n\u00fcm hasat yapabilen bu k\u00fc\u00e7\u00fck yer f\u0131st\u0131\u011f\u0131 hasat makinesini ona \u00f6nerdi. Yer f\u0131st\u0131\u011f\u0131 hasat makinesinin \u00e7al\u0131\u015fma videosunu ve resimlerini izledikten sonra hemen bizden sipari\u015f verdi. Ayr\u0131ca, sat\u0131l\u0131k yer f\u0131st\u0131\u011f\u0131 ekim makinesi, yer f\u0131st\u0131\u011f\u0131 toplay\u0131c\u0131, <a href=\"https:\/\/taizyagromachine.com\/tr\/peanut-machine\/peanut-sheller\/\" target=\"_blank\" rel=\"noreferrer noopener\">yer f\u0131st\u0131\u011f\u0131 kabuklar\u0131<\/a> da mevcut. \u0130htiya\u00e7lar\u0131na g\u00f6re se\u00e7im yapabilir. Son olarak, makineyi paketledik ve makine deniz yoluyla var\u0131\u015f noktas\u0131na ula\u015ft\u0131.<\/p>   <div class=\"wp-block-image\"> <figure class=\"aligncenter size-full\"><img loading=\"lazy\" decoding=\"async\" width=\"720\" height=\"220\" src=\"https:\/\/taizyagromachine.com\/wp-content\/uploads\/2022\/02\/packing-loading-shipping-groundnut-harvester.jpg\" alt=\"paketleme, y\u00fckleme, nakliye-yerf\u0131st\u0131\u011f\u0131 hasat makinesi\" class=\"wp-image-2022\" srcset=\"https:\/\/taizyagromachine.com\/wp-content\/uploads\/2022\/02\/packing-loading-shipping-groundnut-harvester.jpg 720w, https:\/\/taizyagromachine.com\/wp-content\/uploads\/2022\/02\/packing-loading-shipping-groundnut-harvester-300x92.jpg 300w\" sizes=\"auto, (max-width: 720px) 100vw, 720px\" \/><figcaption class=\"wp-element-caption\">paketleme, y\u00fckleme, nakliye <\/figcaption><\/figure> <\/div>   <h2 class=\"wp-block-heading\"><strong>F\u0131st\u0131k Yer F\u0131st\u0131\u011f\u0131 Hasat Makinesi Videosu<\/strong><\/h2>    <figure class=\"wp-block-embed is-type-video is-provider-youtube wp-block-embed-youtube wp-embed-aspect-16-9 wp-has-aspect-ratio\"><div class=\"wp-block-embed__wrapper\"> <iframe loading=\"lazy\" title=\"F\u0131st\u0131k Hasat Makinas\u0131 - Sat\u0131l\u0131k Yer F\u0131st\u0131\u011f\u0131 Hasat Ekipman\u0131, 2023 #f\u0131st\u0131k\" width=\"500\" height=\"281\" src=\"https:\/\/www.youtube.com\/embed\/SPkTTtFYb6k?feature=oembed\" frameborder=\"0\" allow=\"accelerometer; autoplay; clipboard-write; encrypted-media; gyroscope; picture-in-picture; web-share\" referrerpolicy=\"strict-origin-when-cross-origin\" allowfullscreen><\/iframe> <\/div><\/figure>","protected":false},"excerpt":{"rendered":"<p>Groundnut harvester&nbsp;is the ideal equipment for the purpose of separating peanut fruit from the soil. Commonly, the peanut harvester is mounted with the tractor, working the fields. Besides, this peanut harvesting machine has a good capacity of 0.3-0.5 acres per hour. Also, the picking rate of the groundnut harvesting machine is \u226598%, while the breaking [&hellip;]<\/p>\n","protected":false},"author":1,"featured_media":2151,"parent":0,"template":"","tags":[],"product-type":[21],"class_list":["post-2019","product","type-product","status-publish","has-post-thumbnail","hentry","product-type-peanut-machine"],"_links":{"self":[{"href":"https:\/\/taizyagromachine.com\/tr\/wp-json\/wp\/v2\/product\/2019","targetHints":{"allow":["GET"]}}],"collection":[{"href":"https:\/\/taizyagromachine.com\/tr\/wp-json\/wp\/v2\/product"}],"about":[{"href":"https:\/\/taizyagromachine.com\/tr\/wp-json\/wp\/v2\/types\/product"}],"author":[{"embeddable":true,"href":"https:\/\/taizyagromachine.com\/tr\/wp-json\/wp\/v2\/users\/1"}],"wp:featuredmedia":[{"embeddable":true,"href":"https:\/\/taizyagromachine.com\/tr\/wp-json\/wp\/v2\/media\/2151"}],"wp:attachment":[{"href":"https:\/\/taizyagromachine.com\/tr\/wp-json\/wp\/v2\/media?parent=2019"}],"wp:term":[{"taxonomy":"post_tag","embeddable":true,"href":"https:\/\/taizyagromachine.com\/tr\/wp-json\/wp\/v2\/tags?post=2019"},{"taxonomy":"product-type","embeddable":true,"href":"https:\/\/taizyagromachine.com\/tr\/wp-json\/wp\/v2\/product-type?post=2019"}],"curies":[{"name":"wp","href":"https:\/\/api.w.org\/{rel}","templated":true}]}}