{"id":2028,"date":"2022-02-14T07:07:09","date_gmt":"2022-02-14T07:07:09","guid":{"rendered":"https:\/\/taizyagromachine.com\/"},"modified":"2024-01-03T17:49:47","modified_gmt":"2024-01-03T09:49:47","slug":"animal-feed-pellet-machine","status":"publish","type":"product","link":"https:\/\/taizyagromachine.com\/tr\/product\/animal-feed-pellet-machine\/","title":{"rendered":"S\u0131\u011f\u0131r, Tavuk Hayvanc\u0131l\u0131\u011f\u0131 i\u00e7in Hayvan Yemi Pelet Makinesi"},"content":{"rendered":"<p class=\"translation-block\"><strong>Hay yemli\u011fi pelet makineleri<\/strong> \u00f6zellikle inekler, ke\u00e7iler ve k\u00fcmes hayvanc\u0131l\u0131\u011f\u0131 i\u00e7in yem \u00fcretir, tavuk ve \u00f6rdek gibi. Bu pelet makinesi basit bir yap\u0131ya, istikrarl\u0131 performansa ve kullan\u0131m\u0131 kolay \u00e7al\u0131\u015fmaya sahiptir. Ayr\u0131ca, hayvan yemi pelet makinelerinin hammaddesi \u00e7ay\u0131r ve tah\u0131llard\u0131r, m\u0131s\u0131r, soya fasulyesi, pirin\u00e7 kabu\u011fu ve di\u011ferleri gibi. <\/p>    <p>Dahas\u0131, yem pelet de\u011firmenimiz bir\u00e7ok \u00fclkeye ve b\u00f6lgeye ihra\u00e7 edildi ve m\u00fc\u015fterilerimizden b\u00fcy\u00fck be\u011feni toplad\u0131. K\u00fc\u00e7\u00fck yem pelet makinesi nedeniyle pop\u00fcler \u00fclkeler Filipinler, Nijerya, Pakistan, Malezya, Nepal, Avustralya, Gana vb.'dir. Sorular\u0131n\u0131z\u0131 d\u00f6rt g\u00f6zle bekliyorum!<\/p>    <figure class=\"wp-block-embed is-type-video is-provider-youtube wp-block-embed-youtube wp-embed-aspect-16-9 wp-has-aspect-ratio\"><div class=\"wp-block-embed__wrapper\"> <iframe loading=\"lazy\" title=\"Hayvan Yemi Pelet De\u011firmeni - Hayvan Yemi Olarak Pelet Yapmak \u0130\u00e7in Kuru Ot Nas\u0131l Kullan\u0131l\u0131r? #animalfeed #peletler\" width=\"500\" height=\"281\" src=\"https:\/\/www.youtube.com\/embed\/0ziMguB0ahU?feature=oembed\" frameborder=\"0\" allow=\"accelerometer; autoplay; clipboard-write; encrypted-media; gyroscope; picture-in-picture; web-share\" referrerpolicy=\"strict-origin-when-cross-origin\" allowfullscreen><\/iframe> <\/div><figcaption class=\"wp-element-caption\">hayvan yemi yapma makinesi \u00e7al\u0131\u015fma videosu<\/figcaption><\/figure>    <h2 class=\"wp-block-heading\" id=\"technical-specifications-of-animal-feed-pellet-machine\"><strong>Yem Pelet Makinas\u0131 Teknik \u00d6zellikleri<\/strong><\/h2>    <p>Hayvan yemi yapma makinesi fiyat\u0131, farkl\u0131 konfig\u00fcrasyonlara g\u00f6re farkl\u0131l\u0131k g\u00f6sterir. Makine modelini kal\u0131p tesisi \u00e7ap\u0131na g\u00f6re s\u0131n\u0131fland\u0131r\u0131yoruz. Kal\u0131p plakas\u0131n\u0131n b\u00fcy\u00fcmesiyle birlikte kapasite de artar. <\/p>    <p>Ayr\u0131ca kapasitesi ne kadar fazlaysa elektrik motorunu veya dizel motorunu \u00f6neriyoruz. Daha detayl\u0131 bilgi i\u00e7in bizimle ileti\u015fime ge\u00e7ebilirsiniz. \u00c7ok yak\u0131nda size geri d\u00f6nece\u011fiz.<\/p>    <figure class=\"wp-block-table is-style-stripes\"><table><tbody><tr><td>Modeli&nbsp;<\/td><td>Kapasite<\/td><td>G\u00fc\u00e7<\/td><td>Kal\u0131p Plakas\u0131 \u00c7ap\u0131<\/td><td>Boyut<\/td><td>A\u011f\u0131rl\u0131k<\/td><\/tr><tr><td>KL-120<\/td><td>120kg\/saat<\/td><td>3kW<\/td><td>120mm<\/td><td>750*320*610mm<\/td><td>100kg<\/td><\/tr><tr><td>KL-150<\/td><td>150kg\/saat<\/td><td>3kW<\/td><td>150mm<\/td><td>750*350*650mm<\/td><td>190kg<\/td><\/tr><tr><td>KL-210<\/td><td>400kg\/saat<\/td><td>7,5kW<\/td><td>210mm<\/td><td>1000*450*960mm<\/td><td>230kg<\/td><\/tr><tr><td>KBL-260<\/td><td>800kg\/saat<\/td><td>15kW<\/td><td>260 mm<\/td><td>1460*460*1150mm<\/td><td>360kg<\/td><\/tr><tr><td>KBL-300<\/td><td>1000-1200kg\/saat<\/td><td>22kW<\/td><td>300 mm<\/td><td>1360*570*1150mm<\/td><td>450kg<\/td><\/tr><\/tbody><\/table><figcaption class=\"wp-element-caption\">hayvan yemi yapma makinesinin teknik parametreleri<\/figcaption><\/figure>    <figure class=\"wp-block-embed is-type-video is-provider-youtube wp-block-embed-youtube wp-embed-aspect-16-9 wp-has-aspect-ratio\"><div class=\"wp-block-embed__wrapper\"> <iframe loading=\"lazy\" title=\"K\u00fcmes Hayvanlar\u0131 Yemi, S\u0131\u011f\u0131r Yemi, Tav\u015fan Yemi i\u00e7in S\u0131cak Sat\u0131\u015f Yem Pelet De\u011firmeni: Hayvan Yemi Yapma Makinesi\" width=\"500\" height=\"281\" src=\"https:\/\/www.youtube.com\/embed\/9AQQHeaSnsM?start=11&#038;feature=oembed\" frameborder=\"0\" allow=\"accelerometer; autoplay; clipboard-write; encrypted-media; gyroscope; picture-in-picture; web-share\" referrerpolicy=\"strict-origin-when-cross-origin\" allowfullscreen><\/iframe> <\/div><figcaption class=\"wp-element-caption\">hayvan yemi \u00e7al\u0131\u015fma videosu i\u00e7in pelet makinesi<\/figcaption><\/figure>    <h2 class=\"wp-block-heading\" id=\"reasonable-structure-of-feed-pelleting-machine\"><strong>Yem Peletleme Makinesinin Makul Yap\u0131s\u0131<\/strong><\/h2>    <p>Profesyonel bir hayvan yemi pelet makinesi \u00fcreticisi ve tedarik\u00e7isi olarak teknisyenler, yem pelet makinesini pazara y\u00f6nelik olarak tasarlar. Besleme hunisi, \u00e7al\u0131\u015fma odas\u0131, g\u00fc\u00e7 sistemi ve di\u015fli kutusundan olu\u015fur.<\/p>    <p>\u00c7al\u0131\u015fma odas\u0131nda merdane ve kal\u0131p plakas\u0131 sarf malzemeleridir.<\/p>   <div class=\"wp-block-image\"> <figure class=\"aligncenter size-full\"><img loading=\"lazy\" decoding=\"async\" width=\"720\" height=\"540\" src=\"https:\/\/taizyagromachine.com\/wp-content\/uploads\/2022\/02\/structure-animal-feed-pellet-mill.jpg\" alt=\"sat\u0131l\u0131k yap\u0131-tavuk-yem-pelet-de\u011firmeni\" class=\"wp-image-2051\" srcset=\"https:\/\/taizyagromachine.com\/wp-content\/uploads\/2022\/02\/structure-animal-feed-pellet-mill.jpg 720w, https:\/\/taizyagromachine.com\/wp-content\/uploads\/2022\/02\/structure-animal-feed-pellet-mill-300x225.jpg 300w\" sizes=\"auto, (max-width: 720px) 100vw, 720px\" \/><figcaption class=\"wp-element-caption\">sat\u0131l\u0131k hayvan yemi pelet de\u011firmeninin yap\u0131s\u0131<\/figcaption><\/figure> <\/div>   <h2 class=\"wp-block-heading\" id=\"working-principle-of-animal-feed-pellet-machine\"><strong>Hayvan Yemi Pelet Makinas\u0131n\u0131n \u00c7al\u0131\u015fma Prensibi<\/strong><strong><\/strong><\/h2>    <p>\u00c7al\u0131\u015fma odas\u0131 hayvan yemi gran\u00fclat\u00f6r\u00fcn\u00fcn ruhudur. Bask\u0131 silindiri, kal\u0131p plakas\u0131 ve kesiciye sahiptir. \u00d6\u011f\u00fctme ilerleme h\u0131z\u0131 ve pelet uzunlu\u011fu ayarlanabilir.<\/p>   <div class=\"wp-block-image\"> <figure class=\"aligncenter size-full\"><img loading=\"lazy\" decoding=\"async\" width=\"720\" height=\"540\" src=\"https:\/\/taizyagromachine.com\/wp-content\/uploads\/2022\/02\/roller-and-mill-plate-of-animal-feed-pelllet-machine.jpg\" alt=\"hayvan yemi pelet makinesinin silindir ve de\u011firmen plakas\u0131\" class=\"wp-image-2056\" srcset=\"https:\/\/taizyagromachine.com\/wp-content\/uploads\/2022\/02\/roller-and-mill-plate-of-animal-feed-pelllet-machine.jpg 720w, https:\/\/taizyagromachine.com\/wp-content\/uploads\/2022\/02\/roller-and-mill-plate-of-animal-feed-pelllet-machine-300x225.jpg 300w\" sizes=\"auto, (max-width: 720px) 100vw, 720px\" \/><figcaption class=\"wp-element-caption\">silindir ve de\u011firmen plakas\u0131<\/figcaption><\/figure> <\/div>   <p>\u00d6ncelikle ham maddeleri besleme haznesine koyun. Kal\u0131p plakas\u0131n\u0131n \u00fczerindeki d\u00f6nen silindirlerin \u00fczerine d\u00fc\u015fecekler.<\/p>    <p>Daha sonra kal\u0131p plakas\u0131 y\u00fczeyi ile d\u00f6nen silindirler aras\u0131na malzemeler s\u0131k\u0131\u015ft\u0131r\u0131lacakt\u0131r. Peletler kal\u0131ptan \u00e7\u0131kacak ve keskin bir b\u0131\u00e7akla belirtilen uzunluklarda kesilecektir. &nbsp;<\/p>    <figure class=\"wp-block-embed is-type-video is-provider-youtube wp-block-embed-youtube wp-embed-aspect-16-9 wp-has-aspect-ratio\"><div class=\"wp-block-embed__wrapper\"> <iframe loading=\"lazy\" title=\"M\u0131s\u0131r \u00c7ekirdeklerini Birinci S\u0131n\u0131f Hayvan Yemi Peletlerine D\u00f6n\u00fc\u015ft\u00fcr\u00fcyor! \ud83c\udf3d\ud83d\udc13 Sat\u0131l\u0131k Hayvan Yemi Pelet Makinas\u0131\" width=\"500\" height=\"281\" src=\"https:\/\/www.youtube.com\/embed\/F8roiuXcgoc?feature=oembed\" frameborder=\"0\" allow=\"accelerometer; autoplay; clipboard-write; encrypted-media; gyroscope; picture-in-picture; web-share\" referrerpolicy=\"strict-origin-when-cross-origin\" allowfullscreen><\/iframe> <\/div><figcaption class=\"wp-element-caption\">m\u0131s\u0131rdan hayvan yemi yap\u0131m\u0131<\/figcaption><\/figure>    <h2 class=\"wp-block-heading\" id=\"features-of-animal-feed-pellet-machine\"><strong>Sat\u0131l\u0131k Hayvan Yemi Pelet Makinas\u0131n\u0131n \u00d6zellikleri<\/strong><\/h2>    <ul class=\"wp-block-list\"> <li><strong>\u00dc\u00e7 g\u00fc\u00e7 kayna\u011f\u0131<\/strong>. Elektrik motoru, dizel motoru ve benzinli motoru mevcuttur. Bu d\u00fcz kal\u0131pl\u0131 pelet de\u011firmeni d\u00fcnyan\u0131n her yerinde kullan\u0131labilir, \u00f6zellikle elektrik arz\u0131n\u0131n k\u0131s\u0131tl\u0131 oldu\u011fu b\u00f6lgeler i\u00e7in pop\u00fclerdir.<\/li>    <li><strong>Kullan\u0131m\u0131 ve temizli\u011fi basit<\/strong>. Yaln\u0131zca 1 veya 2 i\u015f\u00e7i yeterlidir.<\/li>    <li>Yedek par\u00e7alar\u0131n de\u011fi\u015ftirilmesi kolayd\u0131r, silindir ve kal\u0131plar\u0131n maliyeti daha azd\u0131r.<\/li>    <li>Kompakt yap\u0131 ve hafif, ta\u015f\u0131nmas\u0131 kolay ve k\u00fc\u00e7\u00fck pelet \u00fcretimi i\u00e7in uygundur.<\/li>    <li>D\u00fczg\u00fcn pelet bile\u015fimi ve d\u00fczg\u00fcn \u015fekil.\u00a0Par\u00e7ac\u0131k \u00e7ap\u0131 \u015fu \u015fekilde ayr\u0131labilir: \u03c62, \u03c62,5, \u03c63, \u03c63,5, \u03c64, \u03c65, \u03c66, \u03c67, \u03c68 vb.<\/li> <\/ul>    <figure class=\"wp-block-gallery has-nested-images columns-default is-cropped wp-block-gallery-2 is-layout-flex wp-block-gallery-is-layout-flex\"> <figure class=\"wp-block-image size-large\"><img loading=\"lazy\" decoding=\"async\" width=\"720\" height=\"540\" data-id=\"2052\" src=\"https:\/\/taizyagromachine.com\/wp-content\/uploads\/2022\/02\/animal-feed-pellet-machine-with-motor.jpg\" alt=\"motorlu yem pelet de\u011firmeni\" class=\"wp-image-2052\" srcset=\"https:\/\/taizyagromachine.com\/wp-content\/uploads\/2022\/02\/animal-feed-pellet-machine-with-motor.jpg 720w, https:\/\/taizyagromachine.com\/wp-content\/uploads\/2022\/02\/animal-feed-pellet-machine-with-motor-300x225.jpg 300w\" sizes=\"auto, (max-width: 720px) 100vw, 720px\" \/><figcaption class=\"wp-element-caption\">motorlu yem pelet de\u011firmeni<\/figcaption><\/figure>    <figure class=\"wp-block-image size-large\"><img loading=\"lazy\" decoding=\"async\" width=\"720\" height=\"540\" data-id=\"2053\" src=\"https:\/\/taizyagromachine.com\/wp-content\/uploads\/2022\/02\/feed-pellet-mill-with-diesel.jpg\" alt=\"dizel motorlu yem pelet de\u011firmeni\" class=\"wp-image-2053\" srcset=\"https:\/\/taizyagromachine.com\/wp-content\/uploads\/2022\/02\/feed-pellet-mill-with-diesel.jpg 720w, https:\/\/taizyagromachine.com\/wp-content\/uploads\/2022\/02\/feed-pellet-mill-with-diesel-300x225.jpg 300w\" sizes=\"auto, (max-width: 720px) 100vw, 720px\" \/><figcaption class=\"wp-element-caption\">dizel motorlu yem pelet de\u011firmeni<\/figcaption><\/figure> <\/figure>    <h2 class=\"wp-block-heading\" id=\"applications-of-animal-feed-pelleting-machine\"><strong>Hayvan Yemi Peletleme Makinesi Uygulamalar\u0131<\/strong><strong><\/strong><\/h2>    <p>Bu yem pelet yapma makinesi m\u0131s\u0131r, pirin\u00e7 kabu\u011fu, pamuk sap\u0131, pamuk tohumu derileri, bu\u011fday kepe\u011fi ve her t\u00fcrl\u00fc tah\u0131l tozu vb. kullanabilir. Bu hayvan yemi pelet makinesi taraf\u0131ndan i\u015flendikten sonra s\u0131\u011f\u0131r, ke\u00e7i, domuz, tavuk yeti\u015ftirebilir. \u00f6rdek vb. <\/p>    <p>\u00d6rne\u011fin, s\u0131\u011f\u0131r yemi pelet form\u00fcl\u00fcne bak\u0131n, b\u00f6ylece ham maddelerin nas\u0131l kar\u0131\u015ft\u0131r\u0131laca\u011f\u0131n\u0131 a\u00e7\u0131k\u00e7a bilebilirsiniz. Daha sonra gerekli peletleri \u00fcretmek i\u00e7in bu makineyi kullan\u0131yoruz.<\/p>   <div class=\"wp-block-image\"> <figure class=\"aligncenter size-full\"><img loading=\"lazy\" decoding=\"async\" width=\"720\" height=\"400\" src=\"https:\/\/taizyagromachine.com\/wp-content\/uploads\/2022\/02\/applications-of-animal-feed-mill.jpg\" alt=\"hayvan-yem-de\u011firmeni-uygulamalar\u0131\" class=\"wp-image-2054\" srcset=\"https:\/\/taizyagromachine.com\/wp-content\/uploads\/2022\/02\/applications-of-animal-feed-mill.jpg 720w, https:\/\/taizyagromachine.com\/wp-content\/uploads\/2022\/02\/applications-of-animal-feed-mill-300x167.jpg 300w\" sizes=\"auto, (max-width: 720px) 100vw, 720px\" \/><figcaption class=\"wp-element-caption\">hayvan yemi de\u011firmeni uygulamalar\u0131<\/figcaption><\/figure> <\/div>   <h2 class=\"wp-block-heading\" id=\"working-principle-of-animal-feed-pellet-machine\"><strong>Hayvan Yemi Pelet Makinas\u0131n\u0131n \u00c7al\u0131\u015fma Prensibi<\/strong><strong><\/strong><\/h2>    <p>\u00c7al\u0131\u015fma odas\u0131 hayvan yemi gran\u00fclat\u00f6r\u00fcn\u00fcn ruhudur. Bask\u0131 silindiri, kal\u0131p plakas\u0131 ve kesiciye sahiptir. \u00d6\u011f\u00fctme ilerleme h\u0131z\u0131 ve pelet uzunlu\u011fu ayarlanabilir.<\/p>   <div class=\"wp-block-image\"> <figure class=\"aligncenter size-full\"><img loading=\"lazy\" decoding=\"async\" width=\"720\" height=\"540\" src=\"https:\/\/taizyagromachine.com\/wp-content\/uploads\/2022\/02\/roller-and-mill-plate-of-animal-feed-pelllet-machine.jpg\" alt=\"hayvan yemi pelet makinesinin silindir ve de\u011firmen plakas\u0131\" class=\"wp-image-2056\" srcset=\"https:\/\/taizyagromachine.com\/wp-content\/uploads\/2022\/02\/roller-and-mill-plate-of-animal-feed-pelllet-machine.jpg 720w, https:\/\/taizyagromachine.com\/wp-content\/uploads\/2022\/02\/roller-and-mill-plate-of-animal-feed-pelllet-machine-300x225.jpg 300w\" sizes=\"auto, (max-width: 720px) 100vw, 720px\" \/><figcaption class=\"wp-element-caption\">silindir ve de\u011firmen plakas\u0131<\/figcaption><\/figure> <\/div>   <p>\u00d6ncelikle ham maddeleri besleme haznesine koyun. Kal\u0131p plakas\u0131n\u0131n \u00fczerindeki d\u00f6nen silindirlerin \u00fczerine d\u00fc\u015fecekler.<\/p>    <p>Daha sonra kal\u0131p plakas\u0131 y\u00fczeyi ile d\u00f6nen silindirler aras\u0131na malzemeler s\u0131k\u0131\u015ft\u0131r\u0131lacakt\u0131r. Peletler kal\u0131ptan \u00e7\u0131kacak ve keskin bir b\u0131\u00e7akla belirtilen uzunluklarda kesilecektir. &nbsp;<\/p>    <h2 class=\"wp-block-heading\" id=\"advantages-of-pellets-processed-by-feed-pellet-mill\"><strong>Yem Pelet De\u011firmeninde \u0130\u015flenen Peletlerin Avantajlar\u0131<\/strong><strong><\/strong><\/h2>    <p>\u0130\u015fleme s\u0131ras\u0131nda s\u0131cakl\u0131k yakla\u015f\u0131k 70\u00b0C'dir, dolay\u0131s\u0131yla protein donar. Besin de\u011feri artar ve hayvanlar i\u00e7in sindirimi kolayd\u0131r. Hayvan yemi pelet makinesi taraf\u0131ndan yap\u0131lan peletlerin i\u00e7 k\u0131sm\u0131 olgunla\u015f\u0131r, d\u0131\u015f k\u0131sm\u0131 yeterince serttir. Bu \u00f6zellikleri nedeniyle uzun s\u00fcreli depolamaya uygundur.<\/p>    <h2 class=\"wp-block-heading\"><strong>Toplu Hayvan Yemi \u00dcretimi i\u00e7in Yem Pelet Tesisi<\/strong><\/h2>    <p>Hayvan yemi pelet \u00fcretimi i\u00e7in komple d\u00fcz kal\u0131pl\u0131 pelet de\u011firmeni setleri tedarik ediyoruz ve 500kg, 1000kg ve 2000kg'l\u0131k farkl\u0131 \u00fcretim seviyeleri i\u00e7in komple \u00e7\u00f6z\u00fcmler sa\u011fl\u0131yoruz. <\/p>    <figure class=\"wp-block-gallery aligncenter has-nested-images columns-default is-cropped wp-block-gallery-3 is-layout-flex wp-block-gallery-is-layout-flex\"> <figure class=\"wp-block-image size-large\"><img loading=\"lazy\" decoding=\"async\" width=\"720\" height=\"540\" data-id=\"6374\" src=\"https:\/\/taizyagromachine.com\/wp-content\/uploads\/2022\/02\/small-animal-feed-pellet-machine-plant.webp\" alt=\"k\u00fc\u00e7\u00fck hayvan yemi pelet makinesi tesisi\" class=\"wp-image-6374\"\/><figcaption class=\"wp-element-caption\">k\u00fc\u00e7\u00fck hayvan yemi pelet makinesi tesisi<\/figcaption><\/figure>    <figure class=\"wp-block-image size-large\"><img loading=\"lazy\" decoding=\"async\" width=\"720\" height=\"540\" data-id=\"6373\" src=\"https:\/\/taizyagromachine.com\/wp-content\/uploads\/2022\/02\/animal-feed-pellet-processing-line.webp\" alt=\"hayvan yemi pelet i\u015fleme hatt\u0131\" class=\"wp-image-6373\"\/><figcaption class=\"wp-element-caption\">hayvan yemi pelet i\u015fleme hatt\u0131<\/figcaption><\/figure> <\/figure>    <p>Hammadde k\u0131rma, kar\u0131\u015ft\u0131rma, pelet presleme ve so\u011futma paketlemeye kadar y\u00fcksek verimli otomatik \u00fcretim ger\u00e7ekle\u015ftirmekte ve \u00e7iftlik \u00f6l\u00e7e\u011finde her t\u00fcrl\u00fc ihtiyac\u0131 kar\u015f\u0131lamaktad\u0131r.<\/p>    <figure class=\"wp-block-gallery aligncenter has-nested-images columns-default is-cropped wp-block-gallery-4 is-layout-flex wp-block-gallery-is-layout-flex\"> <figure class=\"wp-block-image size-large\"><img loading=\"lazy\" decoding=\"async\" width=\"720\" height=\"540\" data-id=\"6376\" src=\"https:\/\/taizyagromachine.com\/wp-content\/uploads\/2022\/02\/large-feed-pellet-machine-plant.webp\" alt=\"b\u00fcy\u00fck yem pelet makinesi tesisi\" class=\"wp-image-6376\"\/><figcaption class=\"wp-element-caption\">b\u00fcy\u00fck yem pelet makinesi tesisi<\/figcaption><\/figure>    <figure class=\"wp-block-image size-large\"><img loading=\"lazy\" decoding=\"async\" width=\"720\" height=\"540\" data-id=\"6375\" src=\"https:\/\/taizyagromachine.com\/wp-content\/uploads\/2022\/02\/feed-pellet-mill-for-mass-animal-feed-production.webp\" alt=\"Toplu hayvan yemi \u00fcretimi i\u00e7in yem pelet de\u011firmeni\" class=\"wp-image-6375\"\/><figcaption class=\"wp-element-caption\">Toplu hayvan yemi \u00fcretimi i\u00e7in yem pelet de\u011firmeni<\/figcaption><\/figure> <\/figure>    <h2 class=\"wp-block-heading\"><strong>Hayvanc\u0131l\u0131k Hayvan Yemi Pelet Fabrikas\u0131na Sunulan Hizmet<\/strong><\/h2>    <p class=\"translation-block\">Bilinen bir hayvan yemi pelet makineleri \u00fcreticisi olarak,<strong> <\/strong>size b\u00fcy\u00fck ve k\u00fc\u00e7\u00fckba\u015f hayvan yemi pelet \u00fcretim hizmetlerinin tam bir yelpazesini sunuyoruz; ana olarak \u015fu hizmetleri i\u00e7erir:<\/p>    <ul class=\"wp-block-list\"> <li><strong>Ekipman temini<\/strong>: 500kg, 1000kg ve 2000kg gibi farkl\u0131 \u00e7\u0131k\u0131\u015f seviyelerinde komple yem \u00fcretim ekipman\u0131 setleri dahil olmak \u00fczere \u00e7e\u015fitli \u00f6zelliklerde ve kapasitelerde (120-1200kg\/saat) d\u00fcz kal\u0131pl\u0131 pelet de\u011firmenleri sa\u011fl\u0131yoruz.<\/li>    <li><strong>Kalite g\u00fcvencesi<\/strong>: M\u00fc\u015fterilerin ekonomik verimlili\u011fi art\u0131rmalar\u0131na yard\u0131mc\u0131 olmak amac\u0131yla yem pelet de\u011firmeninin \u00fcst\u00fcn performansa, dayan\u0131kl\u0131l\u0131\u011fa ve g\u00fcvenilirli\u011fe sahip olmas\u0131n\u0131 sa\u011flamak i\u00e7in t\u00fcm \u00fcr\u00fcnler s\u0131k\u0131 kalite testlerinden ge\u00e7mi\u015ftir.<\/li>    <li><strong>\u00d6zelle\u015ftirilmi\u015f \u00e7\u00f6z\u00fcmler<\/strong>: Verimli ve istikrarl\u0131 bir hayvan yemi pelet \u00fcretim s\u00fcreci sa\u011flamak i\u00e7in \u00f6zel ihtiya\u00e7lar\u0131n\u0131za ve \u00e7ift\u00e7ilik \u00f6l\u00e7e\u011finize g\u00f6re \u00f6zel olarak haz\u0131rlanm\u0131\u015f hayvan yemi pelet makinesi veya \u00fcretim hatt\u0131 tasar\u0131m \u00e7\u00f6z\u00fcmleri.<\/li>    <li><strong>Teknik destek<\/strong>: Profesyonel bir teknik ekiple donat\u0131lm\u0131\u015f olarak, ekipman kurulumu ve devreye alma, i\u015fletme e\u011fitimi, bak\u0131m ve di\u011fer tam teknik destek hizmetlerini sa\u011fl\u0131yoruz.<\/li>    <li><strong>Hammadde form\u00fcl k\u0131lavuzu<\/strong>: Sekt\u00f6r uzmanlar\u0131yla i\u015fbirli\u011fi yap\u0131yor, hayvanlar\u0131n beslenme ihtiya\u00e7lar\u0131n\u0131 kar\u015f\u0131layan yem form\u00fcllerini sizin i\u00e7in ara\u015ft\u0131r\u0131yor, geli\u015ftiriyor ve hammadde se\u00e7imi konusunda profesyonel tavsiyelerde bulunuyoruz.<\/li>    <li><strong>Sat\u0131\u015f sonras\u0131 servis<\/strong>: Taizy, ihtiya\u00e7lar\u0131n\u0131za h\u0131zl\u0131 yan\u0131t vermek ve ekipman\u0131n \u00e7al\u0131\u015fmas\u0131 s\u00fcrecindeki her t\u00fcrl\u00fc sorunu an\u0131nda \u00e7\u00f6zmek i\u00e7in m\u00fckemmel bir sat\u0131\u015f sonras\u0131 hizmet sistemi kurmu\u015ftur.<\/li> <\/ul>    <h2 class=\"wp-block-heading\" id=\"related-machines\"><strong>\u0130lgili Makineler<\/strong><\/h2>    <p class=\"translation-block\">Bir ba\u015fka hat\u0131rlatma olarak, bal\u0131k yemi i\u00e7in olan bir makinemiz de mevcuttur, ad\u0131 <a href=\"https:\/\/taizyagromachine.com\/tr\/product\/fish-feed-extruder\/\" target=\"_blank\" rel=\"noreferrer noopener\">bal\u0131k yemi pelet makinesi<\/a>. Ayr\u0131ca, saman do\u011fray\u0131c\u0131, k\u0131r\u0131c\u0131, mikser ve hayvan yemi pelet makinesinden olu\u015fan yem pelet \u00fcretim hatt\u0131n\u0131 da sa\u011fl\u0131yoruz. Makineyi sat\u0131n almadan \u00f6nce bizimle ileti\u015fime ge\u00e7in. Ger\u00e7ek taleplerinize dayanarak size en uygun olan\u0131n\u0131 \u00f6nerece\u011fiz.<\/p>    <h2 class=\"wp-block-heading\"><strong>Hayvan Yemi Pelet Makinas\u0131 Hakk\u0131nda Sorgulama!<\/strong><\/h2>    <p class=\"translation-block\">Her t\u00fcrl\u00fc <a href=\"https:\/\/en.wikipedia.org\/wiki\/Animal_feed\" target=\"_blank\" rel=\"noopener\">hayvan yemi<\/a> \u00fcretimi yapmak m\u0131 istiyorsunuz? \u0130htiya\u00e7lar\u0131n\u0131z\u0131 kar\u015f\u0131layacak \u00e7ok say\u0131da d\u00fcz disk pelet makinesi t\u00fcr\u00fcm\u00fcz var. Bizimle ileti\u015fime ge\u00e7in, size en iyi \u00e7\u00f6z\u00fcm\u00fc tasarlayacak ve en iyi teklifi verece\u011fiz.<\/p>","protected":false},"excerpt":{"rendered":"<p>Yem Pelet Makinas\u0131 \u00f6zellikle b\u00fcy\u00fckba\u015f, ke\u00e7i, k\u00fcmes hayvanlar\u0131, tav\u015fan vb. canl\u0131lar i\u00e7in 120-1200 kg\/saat kapasite ile b\u00fcy\u00fckba\u015f hayvan yemi \u00fcretmek \u00fczere tasarlanm\u0131\u015ft\u0131r. Bu makale, d\u00fcz kal\u0131pl\u0131 pelet de\u011firmeninin \u00e7e\u015fitli modellerini ve sa\u011flayabilece\u011fimiz \u00e7e\u015fitli hizmetleri i\u00e7ermektedir; dan\u0131\u015fmaktan memnuniyet duyar\u0131z.<\/p>","protected":false},"author":1,"featured_media":2157,"parent":0,"template":"","tags":[72,68,63,64,71,70,67,69,62,65,74,66,73],"product-type":[29],"class_list":["post-2028","product","type-product","status-publish","has-post-thumbnail","hentry","tag-animal-feed-granulator","tag-animal-feed-making-machine-price","tag-animal-feed-pellet-machine","tag-animal-feed-pellet-mill","tag-applications-of-animal-feed-pelleting-machine","tag-cattle-feed-pellet-formula","tag-feed-pellet-machine","tag-feed-pellet-making-machine","tag-feed-pellet-mill","tag-feed-pellet-mill-machine","tag-feed-pellet-mill-production-line","tag-feed-pelleting-machine","tag-fish-feed-pellet-machine","product-type-feed-pellet-machine"],"_links":{"self":[{"href":"https:\/\/taizyagromachine.com\/tr\/wp-json\/wp\/v2\/product\/2028","targetHints":{"allow":["GET"]}}],"collection":[{"href":"https:\/\/taizyagromachine.com\/tr\/wp-json\/wp\/v2\/product"}],"about":[{"href":"https:\/\/taizyagromachine.com\/tr\/wp-json\/wp\/v2\/types\/product"}],"author":[{"embeddable":true,"href":"https:\/\/taizyagromachine.com\/tr\/wp-json\/wp\/v2\/users\/1"}],"wp:featuredmedia":[{"embeddable":true,"href":"https:\/\/taizyagromachine.com\/tr\/wp-json\/wp\/v2\/media\/2157"}],"wp:attachment":[{"href":"https:\/\/taizyagromachine.com\/tr\/wp-json\/wp\/v2\/media?parent=2028"}],"wp:term":[{"taxonomy":"post_tag","embeddable":true,"href":"https:\/\/taizyagromachine.com\/tr\/wp-json\/wp\/v2\/tags?post=2028"},{"taxonomy":"product-type","embeddable":true,"href":"https:\/\/taizyagromachine.com\/tr\/wp-json\/wp\/v2\/product-type?post=2028"}],"curies":[{"name":"wp","href":"https:\/\/api.w.org\/{rel}","templated":true}]}}