{"id":2029,"date":"2022-02-14T05:56:23","date_gmt":"2022-02-14T05:56:23","guid":{"rendered":"https:\/\/taizyagromachine.com\/"},"modified":"2025-01-02T13:53:53","modified_gmt":"2025-01-02T05:53:53","slug":"paddy-dryer","status":"publish","type":"product","link":"https:\/\/taizyagromachine.com\/tr\/product\/paddy-dryer\/","title":{"rendered":"Tah\u0131l, M\u0131s\u0131r, Pirin\u00e7, Bu\u011fday i\u00e7in \u00c7eltik Kurutma Makinesi"},"content":{"rendered":"<p class=\"translation-block\"><strong>Pirin\u00e7 kurutucu<\/strong>, m\u0131s\u0131r, pirin\u00e7, bu\u011fday, soya fasulyesi vb. gibi \u00e7e\u015fitli tah\u0131llar\u0131 kurutmak i\u00e7in kullan\u0131lan ideal bir ekipmand\u0131r. Tah\u0131l kurutucu, toplu sirk\u00fclasyonlu, d\u00fc\u015f\u00fck s\u0131cakl\u0131kl\u0131 ve enerji tasarruflu bir kurutucudur. Makul bir yap\u0131ya, kolay kullan\u0131ma ve d\u00fc\u015f\u00fck g\u00fcr\u00fclt\u00fcye sahiptir. <\/p>    <p>Genel olarak konu\u015fursak, Taizy Company'nin sat\u0131l\u0131k tah\u0131l kurutucular\u0131nda 5H-15 ve 5H-32 mevcuttur. Ayr\u0131ca \u0131s\u0131tma y\u00f6ntemi iste\u011fe ba\u011fl\u0131d\u0131r. Kule kurutucu ticari kullan\u0131m i\u00e7in yayg\u0131nd\u0131r. <\/p>    <p>\u00d6rne\u011fin, pirin\u00e7 de\u011firmeni tesisinde bu makine, tatmin edici \u00e7eltik elde etmek i\u00e7in pirin\u00e7 kurutucusu olarak kullan\u0131l\u0131r. Ayn\u0131 teoriye g\u00f6re m\u0131s\u0131r kurutma makinesi olarak da uygulanabilir. Daha fazla bilgi i\u00e7in bizimle ileti\u015fime ge\u00e7mekten memnuniyet duyar\u0131z!<\/p>    <figure class=\"wp-block-embed is-type-video is-provider-youtube wp-block-embed-youtube wp-embed-aspect-16-9 wp-has-aspect-ratio\"><div class=\"wp-block-embed__wrapper\"> <iframe loading=\"lazy\" title=\"\u00c7eltik, Bu\u011fday, M\u0131s\u0131r, Soya Fasulyesi, Sorgum, Kolza Tohumu vb. \u0130\u00e7in Kullan\u0131lan End\u00fcstriyel Dikey Tah\u0131l Kurutucu\" width=\"500\" height=\"281\" src=\"https:\/\/www.youtube.com\/embed\/7hceHg7rS_k?feature=oembed\" frameborder=\"0\" allow=\"accelerometer; autoplay; clipboard-write; encrypted-media; gyroscope; picture-in-picture; web-share\" referrerpolicy=\"strict-origin-when-cross-origin\" allowfullscreen><\/iframe> <\/div><figcaption class=\"wp-element-caption\">\u00e7eltik kurutma makinesi \u00e7al\u0131\u015fma videosu<\/figcaption><\/figure>    <h2 class=\"wp-block-heading\"><strong>Sat\u0131l\u0131k \u00c7eltik Kurutma Makinesinin Teknik Parametreleri<\/strong><\/h2>    <figure class=\"wp-block-table\"><table><tbody><tr><td>Modeli<\/td><td>5Y-15<\/td><td>5H-32<\/td><\/tr><tr><td>Kurutma kapasitesi<\/td><td>15-20t\u00b7%\/saat<\/td><td>25-35t\u00b7%\/saat<\/td><\/tr><tr><td>Beslenme zaman\u0131<\/td><td>Yakla\u015f\u0131k 63 dakika<\/td><td>Yakla\u015f\u0131k 58 dakika<\/td><\/tr><tr><td>De\u015farj s\u00fcresi<\/td><td>Yakla\u015f\u0131k 69 dakika<\/td><td>Yakla\u015f\u0131k 64 dakika<\/td><\/tr><tr><td>G\u00fc\u00e7<\/td><td>6,5kW (82\/3HP)<\/td><td>12.65kW<\/td><\/tr><tr><td>Toplam a\u011f\u0131rl\u0131k<\/td><td>3200kg<\/td><td>7500kg<\/td><\/tr><\/tbody><\/table><figcaption class=\"wp-element-caption\">tah\u0131l kurutma makinesinin teknik verileri<\/figcaption><\/figure>    <figure class=\"wp-block-gallery aligncenter has-nested-images columns-default is-cropped wp-block-gallery-2 is-layout-flex wp-block-gallery-is-layout-flex\"> <figure class=\"wp-block-image size-large\"><img loading=\"lazy\" decoding=\"async\" width=\"640\" height=\"640\" data-id=\"6420\" src=\"https:\/\/taizyagromachine.com\/wp-content\/uploads\/2022\/02\/corn-dryer-for-sale.webp\" alt=\"sat\u0131l\u0131k m\u0131s\u0131r kurutma makinesi\" class=\"wp-image-6420\"\/><figcaption class=\"wp-element-caption\">sat\u0131l\u0131k m\u0131s\u0131r kurutma makinesi<\/figcaption><\/figure>    <figure class=\"wp-block-image size-large\"><img loading=\"lazy\" decoding=\"async\" width=\"640\" height=\"640\" data-id=\"6421\" src=\"https:\/\/taizyagromachine.com\/wp-content\/uploads\/2022\/02\/grain-dryer-for-sale.webp\" alt=\"sat\u0131l\u0131k tah\u0131l kurutma makinesi\" class=\"wp-image-6421\"\/><figcaption class=\"wp-element-caption\">sat\u0131l\u0131k tah\u0131l kurutma makinesi<\/figcaption><\/figure>    <figure class=\"wp-block-image size-large\"><img loading=\"lazy\" decoding=\"async\" width=\"640\" height=\"640\" data-id=\"6422\" src=\"https:\/\/taizyagromachine.com\/wp-content\/uploads\/2022\/02\/paddy-dryer-in-batches.webp\" alt=\"partiler halinde \u00e7eltik kurutma makinesi\" class=\"wp-image-6422\"\/><figcaption class=\"wp-element-caption\">partiler halinde \u00e7eltik kurutma makinesi<\/figcaption><\/figure> <\/figure>    <h2 class=\"wp-block-heading\" id=\"machine-details\"><strong>D\u00fc\u015f\u00fck S\u0131cakl\u0131kl\u0131 Dairesel \u00c7eltik Kurutucu Tasar\u0131m\u0131<\/strong><\/h2>    <div class=\"wp-block-columns is-layout-flex wp-container-core-columns-is-layout-9d6595d7 wp-block-columns-is-layout-flex\"> <div class=\"wp-block-column is-layout-flow wp-block-column-is-layout-flow\"> <figure class=\"wp-block-image size-full\"><img loading=\"lazy\" decoding=\"async\" width=\"720\" height=\"540\" src=\"https:\/\/taizyagromachine.com\/wp-content\/uploads\/2022\/02\/PLC-tower-grain-dryer.jpg\" alt=\"PLC kontrol kabini\" class=\"wp-image-2042\" srcset=\"https:\/\/taizyagromachine.com\/wp-content\/uploads\/2022\/02\/PLC-tower-grain-dryer.jpg 720w, https:\/\/taizyagromachine.com\/wp-content\/uploads\/2022\/02\/PLC-tower-grain-dryer-300x225.jpg 300w\" sizes=\"auto, (max-width: 720px) 100vw, 720px\" \/><figcaption class=\"wp-element-caption\">PLC kontrol kabini<\/figcaption><\/figure> <\/div>    <div class=\"wp-block-column is-vertically-aligned-center is-layout-flow wp-block-column-is-layout-flow\"> <p class=\"has-text-align-center translation-block\"><strong>PLC kontrol panosu<\/strong><\/p>    <p>Siemens elektrik, dokunmatik ekran kullan\u0131m\u0131, do\u011fru ar\u0131za g\u00f6sterimi<\/p> <\/div> <\/div>    <div class=\"wp-block-columns is-layout-flex wp-container-core-columns-is-layout-9d6595d7 wp-block-columns-is-layout-flex\"> <div class=\"wp-block-column is-vertically-aligned-center is-layout-flow wp-block-column-is-layout-flow\"> <p class=\"has-text-align-center translation-block\"><strong>Is\u0131tma y\u00f6ntemleri<\/strong><\/p>    <p>\u00c7e\u015fitli \u0131s\u0131 kaynaklar\u0131 se\u00e7iminize uygundur: biyok\u00fctle s\u0131cak hava sobas\u0131, dizel soba, do\u011fal gaz, elektrikli br\u00fcl\u00f6r. Birini se\u00e7mek faydalar\u0131n\u0131z\u0131 en \u00fcst d\u00fczeye \u00e7\u0131kar\u0131r.&nbsp;&nbsp;<\/p> <\/div>    <div class=\"wp-block-column is-layout-flow wp-block-column-is-layout-flow\"> <figure class=\"wp-block-image size-full\"><img loading=\"lazy\" decoding=\"async\" width=\"720\" height=\"540\" src=\"https:\/\/taizyagromachine.com\/wp-content\/uploads\/2022\/02\/heating-method-grain-dryer.jpg\" alt=\"tah\u0131l kurutma makinesinin \u0131s\u0131tma y\u00f6ntemleri\" class=\"wp-image-2043\" srcset=\"https:\/\/taizyagromachine.com\/wp-content\/uploads\/2022\/02\/heating-method-grain-dryer.jpg 720w, https:\/\/taizyagromachine.com\/wp-content\/uploads\/2022\/02\/heating-method-grain-dryer-300x225.jpg 300w\" sizes=\"auto, (max-width: 720px) 100vw, 720px\" \/><figcaption class=\"wp-element-caption\">tah\u0131l kurutma makinesinin \u0131s\u0131tma y\u00f6ntemleri<\/figcaption><\/figure> <\/div> <\/div>    <div class=\"wp-block-columns is-layout-flex wp-container-core-columns-is-layout-9d6595d7 wp-block-columns-is-layout-flex\"> <div class=\"wp-block-column is-layout-flow wp-block-column-is-layout-flow\"> <figure class=\"wp-block-image size-full\"><img loading=\"lazy\" decoding=\"async\" width=\"720\" height=\"540\" src=\"https:\/\/taizyagromachine.com\/wp-content\/uploads\/2022\/02\/elevator-corn-dryer.jpg\" alt=\"m\u0131s\u0131r kurutma makinesi asans\u00f6r\u00fc\" class=\"wp-image-2044\" srcset=\"https:\/\/taizyagromachine.com\/wp-content\/uploads\/2022\/02\/elevator-corn-dryer.jpg 720w, https:\/\/taizyagromachine.com\/wp-content\/uploads\/2022\/02\/elevator-corn-dryer-300x225.jpg 300w\" sizes=\"auto, (max-width: 720px) 100vw, 720px\" \/><figcaption class=\"wp-element-caption\">m\u0131s\u0131r kurutma makinesi asans\u00f6r\u00fc<\/figcaption><\/figure> <\/div>    <div class=\"wp-block-column is-vertically-aligned-center is-layout-flow wp-block-column-is-layout-flow\"> <p class=\"has-text-align-center translation-block\"><strong>Konvey\u00f6r<\/strong><\/p>    <p>Kemer saf naylon kanvas kemerden yap\u0131lm\u0131\u015ft\u0131r, kova iyi toklu\u011fa sahip ve k\u0131r\u0131lgan olmayan i\u015flenmemi\u015f naylon plastik kullan\u0131r.<\/p> <\/div> <\/div>    <div class=\"wp-block-columns is-layout-flex wp-container-core-columns-is-layout-9d6595d7 wp-block-columns-is-layout-flex\"> <div class=\"wp-block-column is-vertically-aligned-center is-layout-flow wp-block-column-is-layout-flow\"> <p class=\"has-text-align-center translation-block\"><strong>Pirin\u00e7 kurutucu tasar\u0131m hesaplamas\u0131<\/strong><\/p>    <p>A\u00e7\u0131l\u0131 al\u0131m, tah\u0131llar\u0131n kurumas\u0131n\u0131 kolayla\u015ft\u0131r\u0131r. &nbsp;&nbsp;<\/p> <\/div>    <div class=\"wp-block-column is-layout-flow wp-block-column-is-layout-flow\"> <figure class=\"wp-block-image size-full\"><img loading=\"lazy\" decoding=\"async\" width=\"750\" height=\"416\" src=\"https:\/\/taizyagromachine.com\/wp-content\/uploads\/2022\/02\/circulation-drying-dryer.jpg\" alt=\"Tah\u0131l kurutucunun sirk\u00fclasyonlu kurutmas\u0131\" class=\"wp-image-2045\" srcset=\"https:\/\/taizyagromachine.com\/wp-content\/uploads\/2022\/02\/circulation-drying-dryer.jpg 750w, https:\/\/taizyagromachine.com\/wp-content\/uploads\/2022\/02\/circulation-drying-dryer-300x166.jpg 300w\" sizes=\"auto, (max-width: 750px) 100vw, 750px\" \/><figcaption class=\"wp-element-caption\">Tah\u0131l kurutucunun sirk\u00fclasyonlu kurutmas\u0131<\/figcaption><\/figure> <\/div> <\/div>    <p><\/p>    <h2 class=\"wp-block-heading\" id=\"advantages-of-rice-dryer-for-sale\"><strong>Sat\u0131l\u0131k Pirin\u00e7 Kurutma Makinesinin Avantajlar\u0131<\/strong><\/h2>    <ul class=\"wp-block-list\"> <li><strong>Rahat kullan\u0131m<\/strong>. \u00c7\u00fcnk\u00fc bu \u00e7eltik kurutma makinesinin herhangi bir par\u00e7ay\u0131 de\u011fi\u015ftirmesine gerek yoktur, do\u011frudan kuru m\u0131s\u0131r, pirin\u00e7, bu\u011fday, kolza tohumu, soya fasulyesi vb.'ye uyum sa\u011flar.<\/li>    <li><strong>Geli\u015fmi\u015f tah\u0131l kurutma teknolojisi<\/strong>. Bu teknoloji tah\u0131llar\u0131 e\u015fit \u015fekilde \u0131s\u0131t\u0131r, susuzla\u015ft\u0131rma h\u0131z\u0131 h\u0131zl\u0131d\u0131r ve kurutma maliyeti d\u00fc\u015f\u00fckt\u00fcr.<\/li>    <li><strong>Paslanmaz \u00e7elik malzeme<\/strong>. Tah\u0131l kurutucunun i\u00e7indeki \u00f6nemli par\u00e7alar, ekipman\u0131n servis \u00f6mr\u00fcn\u00fc etkili bir \u015fekilde uzatan paslanmaz \u00e7elik malzemeleri benimser.<\/li>    <li>M\u0131s\u0131r kurutma makinesinin kendi <strong>kendi so\u011futma hava da\u011f\u0131t\u0131m sistemi<\/strong>Kurutulmu\u015f tah\u0131l\u0131n kalitesini etkili bir \u015fekilde sa\u011flayabilen ve tah\u0131l\u0131n korunmas\u0131n\u0131 kolayla\u015ft\u0131rabilen.<\/li>    <li>Kolay kullan\u0131m, y\u00fcksek kurutma verimlili\u011fi, kirlilik i\u00e7ermez.<\/li>    <li><strong>\u0130ste\u011fe ba\u011fl\u0131 \u0131s\u0131tma y\u00f6ntemleri<\/strong>. Biyok\u00fctle s\u0131cak hava sobas\u0131, dizel soba, do\u011falgaz, elektrikli br\u00fcl\u00f6r mevcuttur.<\/li> <\/ul>    <h2 class=\"wp-block-heading\" id=\"wide-applications-of-vertical-grain-dryer\"><strong>Dikey Tah\u0131l Kurutucunun Geni\u015f Uygulamalar\u0131<\/strong><\/h2>    <p class=\"translation-block\">Bu dikey tah\u0131l kurutucu \u00e7e\u015fitli uygulamalara sahiptir. <strong>Pirin\u00e7, bu\u011fday, m\u0131s\u0131r, soya fasulyesi, sorgum, dar\u0131, kolza tohumu, ay\u00e7i\u00e7e\u011fi \u00e7ekirde\u011fi<\/strong> gibi tah\u0131llar\u0131 toplu olarak kurutabilir. <\/p>   <div class=\"wp-block-image\"> <figure class=\"aligncenter size-full\"><img loading=\"lazy\" decoding=\"async\" width=\"720\" height=\"540\" src=\"https:\/\/taizyagromachine.com\/wp-content\/uploads\/2022\/02\/applications-tower-grain-dryer.jpg\" alt=\"\u00e7eltik kurutma makinesi uygulamas\u0131\" class=\"wp-image-2046\" srcset=\"https:\/\/taizyagromachine.com\/wp-content\/uploads\/2022\/02\/applications-tower-grain-dryer.jpg 720w, https:\/\/taizyagromachine.com\/wp-content\/uploads\/2022\/02\/applications-tower-grain-dryer-300x225.jpg 300w\" sizes=\"auto, (max-width: 720px) 100vw, 720px\" \/><figcaption class=\"wp-element-caption\">\u00e7eltik kurutma makinesi uygulamas\u0131<\/figcaption><\/figure> <\/div>   <h2 class=\"wp-block-heading\" id=\"how-does-a-paddy-dryer-work\"><strong>Ham \u00c7eltik Kurutma Makinesi Nas\u0131l \u00c7al\u0131\u015f\u0131r?<\/strong><\/h2>   <div id=\"rank-math-howto\" class=\"rank-math-block\" > <div class=\"rank-math-howto-description\">  <\/div>  <div class=\"rank-math-steps\"> <div id=\"howto-step-1704706129384\" class=\"rank-math-step\"> <h3 class=\"rank-math-step-title\"><strong>Besleme a\u015famas\u0131<\/strong><\/h3> <div class=\"rank-math-step-content\"><p>\u00c7eltik kurutma i\u015flemine ba\u015flamadan \u00f6nce, hasat edilen \u0131slak \u00e7eltik, tah\u0131l\u0131n ilk y\u00fcklemesini tamamlamak i\u00e7in ilk olarak kald\u0131rma ekipman\u0131 (\u00f6rne\u011fin koval\u0131 elevat\u00f6r veya bantl\u0131 konvey\u00f6r) arac\u0131l\u0131\u011f\u0131yla a\u015famaland\u0131rma alan\u0131ndan \u00e7eltik kurutucunun giri\u015fine beslenir.<\/p> <\/div> <\/div> <div id=\"howto-step-1704706148500\" class=\"rank-math-step\"> <h3 class=\"rank-math-step-title\"><strong>\u00d6n \u0131s\u0131tma haz\u0131rl\u0131\u011f\u0131<\/strong><\/h3> <div class=\"rank-math-step-content\"><p>Kurutucu tamamen \u00e7eltikle dolmadan \u00f6nce operat\u00f6r\u00fcn kurutucunun i\u00e7indeki br\u00fcl\u00f6r\u00fc a\u00e7mas\u0131 gerekir. Ekipman\u0131n t\u00fcr\u00fcne ba\u011fl\u0131 olarak, br\u00fcl\u00f6r\u00fcn s\u00fcrekli yanmas\u0131n\u0131 ve kurutma i\u015flemi i\u00e7in bir \u0131s\u0131 kayna\u011f\u0131 sa\u011flamak \u00fczere yeterli \u0131s\u0131 \u00fcretmesini sa\u011flamak i\u00e7in ya\u011f, gaz, biyok\u00fctle veya di\u011fer enerji t\u00fcrleri kullan\u0131labilir.<\/p> <\/div> <\/div> <div id=\"howto-step-1704706186044\" class=\"rank-math-step\"> <h3 class=\"rank-math-step-title\"><strong>Dairesel kurutma i\u015flemi<\/strong><\/h3> <div class=\"rank-math-step-content\"><p>Yakma f\u0131r\u0131n\u0131 \u00f6nceden belirlenmi\u015f bir s\u0131cakl\u0131\u011fa ula\u015ft\u0131\u011f\u0131nda ve d\u00fczenli olarak \u0131s\u0131 sa\u011flamaya ba\u015flad\u0131\u011f\u0131nda, kurutucunun sirk\u00fclasyon sistemi ba\u015flat\u0131l\u0131r. <br \/>\u00c7eltik ile \u0131s\u0131 al\u0131\u015fveri\u015finde bulunmak esas olarak f\u0131r\u0131n odas\u0131nda \u00fcretilen \u0131s\u0131ya dayan\u0131r. S\u0131cak hava kurutucunun i\u00e7inde dola\u015f\u0131r ve \u00e7elti\u011fi \u00e7ok katmanl\u0131 kurutma plakalar\u0131 veya \u00f6zel olarak tasarlanm\u0131\u015f kurutma kanallar\u0131 arac\u0131l\u0131\u011f\u0131yla e\u015fit \u015fekilde \u0131s\u0131t\u0131r ve i\u00e7indeki nemi uzakla\u015ft\u0131r\u0131r.<\/p> <\/div> <\/div> <div id=\"howto-step-1704706222538\" class=\"rank-math-step\"> <h3 class=\"rank-math-step-title\"><strong>Kurutma ve bo\u015faltman\u0131n sonu<\/strong><\/h3> <div class=\"rank-math-step-content\"><p>\u00c7eltikteki nem depolamaya uygun standarda d\u00fc\u015ft\u00fc\u011f\u00fcnde kurutma i\u015flemi tamamlan\u0131r. Yakma f\u0131r\u0131n\u0131n\u0131 kapat\u0131n, kurutucunun bo\u015faltma cihaz\u0131n\u0131 ayarlay\u0131n, ayarlanan h\u0131za g\u00f6re \u00e7elti\u011fin kurutucunun taban\u0131ndan veya \u00f6zel \u00e7\u0131k\u0131\u015ftan d\u00fczenli olarak bo\u015falt\u0131lmas\u0131n\u0131 kontrol edin. <br \/>Kurutulduktan sonra \u00e7eltik so\u011futulur ve bir sonraki depolama veya i\u015fleme ad\u0131m\u0131na haz\u0131r hale gelir.<\/p> <\/div> <\/div> <\/div> <\/div>       <figure class=\"wp-block-gallery aligncenter has-nested-images columns-default is-cropped wp-block-gallery-3 is-layout-flex wp-block-gallery-is-layout-flex\"> <figure class=\"wp-block-image size-large\"><img loading=\"lazy\" decoding=\"async\" width=\"640\" height=\"640\" data-id=\"6424\" src=\"https:\/\/taizyagromachine.com\/wp-content\/uploads\/2022\/02\/paddy-dryer-machine-for-corn.webp\" alt=\"m\u0131s\u0131r i\u00e7in \u00e7eltik kurutma makinesi\" class=\"wp-image-6424\"\/><figcaption class=\"wp-element-caption\">m\u0131s\u0131r i\u00e7in \u00e7eltik kurutma makinesi<\/figcaption><\/figure>    <figure class=\"wp-block-image size-large\"><img loading=\"lazy\" decoding=\"async\" width=\"640\" height=\"640\" data-id=\"6425\" src=\"https:\/\/taizyagromachine.com\/wp-content\/uploads\/2022\/02\/rice-dryer-on-site.webp\" alt=\"yerinde pirin\u00e7 kurutma makinesi\" class=\"wp-image-6425\"\/><figcaption class=\"wp-element-caption\">yerinde pirin\u00e7 kurutma makinesi<\/figcaption><\/figure> <\/figure>    <h2 class=\"wp-block-heading\" id=\"four-questions-we-should-confirm\"><strong>Tah\u0131l \u00c7eltik Kurutma Makinesi Al\u0131rken SSS<\/strong><\/h2>   <div id=\"rank-math-faq\" class=\"rank-math-block\"> <div class=\"rank-math-list\"> <div id=\"faq-question-1704705433446\" class=\"rank-math-list-item\"> <h3 class=\"rank-math-question\"><strong>Ne t\u00fcr tah\u0131llar\u0131 kurutmak istiyorsunuz? Pirin\u00e7, m\u0131s\u0131r, sorgum, bu\u011fday veya di\u011fer tah\u0131llar?<\/strong><\/h3> <div class=\"rank-math-answer\">  <p>Tah\u0131l kurutucumuz yukar\u0131dakilerin hepsini kurutabilir.<\/p>  <\/div> <\/div> <div id=\"faq-question-1704705476297\" class=\"rank-math-list-item\"> <h3 class=\"rank-math-question\"><strong>Parti ba\u015f\u0131na veya g\u00fcnde ka\u00e7 ton kurutmak istiyorsunuz?<\/strong><\/h3> <div class=\"rank-math-answer\">  <p>Tah\u0131l kurutma makinemiz, genellikle 15 ton\/parti veya 32 ton\/parti olmak \u00fczere gruplar halinde \u00e7al\u0131\u015f\u0131r. Daha b\u00fcy\u00fck kapasiteye ihtiyac\u0131n\u0131z varsa, sizin i\u00e7in de donatabiliriz.<\/p>  <\/div> <\/div> <div id=\"faq-question-1704705577780\" class=\"rank-math-list-item\"> <h3 class=\"rank-math-question\"><strong>Kurumadan \u00f6nceki nem oran\u0131 nedir? Kuruduktan sonra hangi nemi elde etmek istiyorsunuz?<\/strong><\/h3> <div class=\"rank-math-answer\">  <p>Genellikle kurutmadan \u00f6nce nem 40%'dir;\u00a0kuruduktan sonra 20% olmas\u0131n\u0131 istiyorsunuz.<\/p>  <\/div> <\/div> <div id=\"faq-question-1704705597446\" class=\"rank-math-list-item\"> <h3 class=\"rank-math-question\"><strong>Yanma f\u0131r\u0131n\u0131 i\u00e7in yak\u0131t olarak k\u00f6m\u00fcr, dizel ve biyok\u00fctleyi se\u00e7ebilirsiniz. Hangisini tercih edersiniz?\u00a0<\/strong><\/h3> <div class=\"rank-math-answer\">  <p>M\u0131s\u0131r kurutucumuz bunlar\u0131n hepsini kullanabilir.<\/p>  <\/div> <\/div> <\/div> <\/div>   <p>Yukar\u0131daki d\u00f6rt soru gereksinimlerinizi daha iyi anlamam\u0131za yard\u0131mc\u0131 olacak temel bilgilerdir. \u0130\u015fletmenize uygun bir ticari \u00e7eltik kurutma makinesi \u00f6nerebiliriz. Bizimle ileti\u015fime ge\u00e7in, size en k\u0131sa s\u00fcrede geri d\u00f6n\u00fc\u015f yapaca\u011f\u0131z!<\/p>    <figure class=\"wp-block-gallery aligncenter has-nested-images columns-default is-cropped wp-block-gallery-4 is-layout-flex wp-block-gallery-is-layout-flex\"> <figure class=\"wp-block-image size-large\"><img loading=\"lazy\" decoding=\"async\" width=\"3000\" height=\"4000\" data-id=\"6427\" src=\"https:\/\/taizyagromachine.com\/wp-content\/uploads\/2022\/02\/grain-drying-machine-in-stock.webp\" alt=\"tah\u0131l kurutma makinesi stoklar\u0131m\u0131zda\" class=\"wp-image-6427\"\/><figcaption class=\"wp-element-caption\">tah\u0131l kurutma makinesi stoklar\u0131m\u0131zda<\/figcaption><\/figure>    <figure class=\"wp-block-image size-large\"><img loading=\"lazy\" decoding=\"async\" width=\"3000\" height=\"4000\" data-id=\"6428\" src=\"https:\/\/taizyagromachine.com\/wp-content\/uploads\/2022\/02\/paddy-grain-dryer.webp\" alt=\"\u00e7eltik tah\u0131l kurutma makinesi\" class=\"wp-image-6428\"\/><figcaption class=\"wp-element-caption\">\u00e7eltik tah\u0131l kurutma makinesi<\/figcaption><\/figure>    <figure class=\"wp-block-image size-large\"><img loading=\"lazy\" decoding=\"async\" width=\"3000\" height=\"4000\" data-id=\"6429\" src=\"https:\/\/taizyagromachine.com\/wp-content\/uploads\/2022\/02\/paddy-rice-dryer-factory.webp\" alt=\"\u00e7eltik pirin\u00e7 kurutma fabrikas\u0131\" class=\"wp-image-6429\"\/><figcaption class=\"wp-element-caption\">\u00e7eltik pirin\u00e7 kurutma fabrikas\u0131<\/figcaption><\/figure> <\/figure>    <h2 class=\"wp-block-heading\"><strong>Tah\u0131l Kurutma Makinesi Fiyat\u0131 \u0130\u00e7in Bize Ula\u015f\u0131n!<\/strong><\/h2>    <p class=\"translation-block\"><a href=\"https:\/\/en.wikipedia.org\/wiki\/Maize\" target=\"_blank\" rel=\"noopener\">m\u0131s\u0131r<\/a>, pirin\u00e7, bu\u011fday ve soya fasulyesi i\u00e7in kurutucuya gelip bizimle ileti\u015fime ge\u00e7in! M\u0131s\u0131r kurutma makinemiz tah\u0131llar\u0131n\u0131z\u0131 h\u0131zl\u0131 ve toplu olarak kurutman\u0131za yard\u0131mc\u0131 olabilir. Ve makinemiz rekabet\u00e7i bir fiyata sahiptir, bu da sizi cezbeder! <\/p>","protected":false},"excerpt":{"rendered":"<p>Paddy dryer&nbsp;is ideal equipment that mainly functions to dry various grains, such as corn, rice, wheat, soybean, etc. The grain dryer belongs to batch circulation dryer, low temperature, and energy saving. It has a reasonable structure, easy operation, and low noise. Generally speaking, grain dryers for sale from Taizy Company have 5H-15 and 5H-32 available. [&hellip;]<\/p>\n","protected":false},"author":1,"featured_media":2158,"parent":0,"template":"","tags":[223],"product-type":[30],"class_list":["post-2029","product","type-product","status-publish","has-post-thumbnail","hentry","tag-grain-drying","product-type-grain-dryer"],"_links":{"self":[{"href":"https:\/\/taizyagromachine.com\/tr\/wp-json\/wp\/v2\/product\/2029","targetHints":{"allow":["GET"]}}],"collection":[{"href":"https:\/\/taizyagromachine.com\/tr\/wp-json\/wp\/v2\/product"}],"about":[{"href":"https:\/\/taizyagromachine.com\/tr\/wp-json\/wp\/v2\/types\/product"}],"author":[{"embeddable":true,"href":"https:\/\/taizyagromachine.com\/tr\/wp-json\/wp\/v2\/users\/1"}],"wp:featuredmedia":[{"embeddable":true,"href":"https:\/\/taizyagromachine.com\/tr\/wp-json\/wp\/v2\/media\/2158"}],"wp:attachment":[{"href":"https:\/\/taizyagromachine.com\/tr\/wp-json\/wp\/v2\/media?parent=2029"}],"wp:term":[{"taxonomy":"post_tag","embeddable":true,"href":"https:\/\/taizyagromachine.com\/tr\/wp-json\/wp\/v2\/tags?post=2029"},{"taxonomy":"product-type","embeddable":true,"href":"https:\/\/taizyagromachine.com\/tr\/wp-json\/wp\/v2\/product-type?post=2029"}],"curies":[{"name":"wp","href":"https:\/\/api.w.org\/{rel}","templated":true}]}}