{"id":2030,"date":"2022-02-14T03:22:31","date_gmt":"2022-02-14T03:22:31","guid":{"rendered":"https:\/\/taizyagromachine.com\/"},"modified":"2025-12-18T15:04:00","modified_gmt":"2025-12-18T07:04:00","slug":"single-row-corn-harvester","status":"publish","type":"product","link":"https:\/\/taizyagromachine.com\/tr\/product\/single-row-corn-harvester\/","title":{"rendered":"Tek S\u0131ral\u0131 M\u0131s\u0131r Bi\u00e7erd\u00f6ver"},"content":{"rendered":"<p class=\"translation-block\"><strong>Tek s\u0131ral\u0131 m\u0131s\u0131r hasat makinesi<\/strong>, \u00e7o\u011funlukla k\u00fc\u00e7\u00fck arazilerde, da\u011fl\u0131k b\u00f6lgelerde, engebeli arazilerde kullan\u0131lan, kendi y\u00fcr\u00fcr m\u0131s\u0131r toplama ekipman\u0131d\u0131r. Dizel veya benzinli motorla \u00e7al\u0131\u015fan k\u00fc\u00e7\u00fck bir m\u0131s\u0131r hasat makinesidir. Ayr\u0131ca, tek s\u0131ral\u0131 m\u0131s\u0131r toplama makinesi m\u0131s\u0131r toplama ve saplar\u0131 ezme i\u015flevlerine sahiptir. Ezilen saplar tarlaya geri d\u00f6ner. <\/p>    <p class=\"translation-block\">Ayr\u0131ca, m\u0131s\u0131r saplar\u0131n\u0131n k\u00f6k y\u00fcksekli\u011fi gereksinimlerinize g\u00f6re ayarlanabilir. Dahas\u0131, bu makinenin hasat k\u0131sm\u0131 ba\u011f\u0131ms\u0131z olarak tasarlanm\u0131\u015ft\u0131r ve \u00e7\u0131kar\u0131labilir. Geriye kalan k\u0131s\u0131m ise k\u00fc\u00e7\u00fck bir toprak i\u015fleme makinesi olarak kullan\u0131labilir. M\u0131s\u0131r hasad\u0131ndan sonra m\u0131s\u0131r tanelerini elde etmek i\u00e7in <a href=\"https:\/\/taizyagromachine.com\/tr\/corn-machine\/maize-thresher\/\" target=\"_blank\" rel=\"noreferrer noopener\">m\u0131s\u0131r kabu\u011fu soyma makinesi<\/a> kullanabilirsiniz. Bu m\u0131s\u0131r bi\u00e7erd\u00f6veriyle ilgileniyor musunuz? L\u00fctfen en k\u0131sa s\u00fcrede bizimle ileti\u015fime ge\u00e7in!<\/p>    <h2 class=\"wp-block-heading\" id=\"structure-of-one-row-maize-harvester-for-sale\"><strong>Sat\u0131l\u0131k Tek S\u0131ral\u0131 M\u0131s\u0131r Hasat Makinesinin Yap\u0131s\u0131<\/strong><\/h2>    <p>A\u00e7\u0131k\u00e7as\u0131, bu tek s\u0131ra m\u0131s\u0131r hasat makinesi basit ve kompakt bir yap\u0131ya sahip. Makineyi kontrol etmek i\u00e7in bir kol dayama var. Ayr\u0131ca, yap\u0131s\u0131ndan dolay\u0131 kullan\u0131m\u0131 kolay ve kullan\u0131c\u0131 dostu oldu\u011fu anla\u015f\u0131lmaktad\u0131r.<\/p>   <div class=\"wp-block-image\"> <figure class=\"aligncenter size-full\"><img loading=\"lazy\" decoding=\"async\" width=\"720\" height=\"540\" src=\"https:\/\/taizyagromachine.com\/wp-content\/uploads\/2022\/02\/structure-1-row-corn-harvester.jpg\" alt=\"yap\u0131-tek s\u0131ral\u0131 m\u0131s\u0131r hasat makinesi\" class=\"wp-image-2037\" srcset=\"https:\/\/taizyagromachine.com\/wp-content\/uploads\/2022\/02\/structure-1-row-corn-harvester.jpg 720w, https:\/\/taizyagromachine.com\/wp-content\/uploads\/2022\/02\/structure-1-row-corn-harvester-300x225.jpg 300w\" sizes=\"auto, (max-width: 720px) 100vw, 720px\" \/><figcaption class=\"wp-element-caption\">yap\u0131<\/figcaption><\/figure> <\/div>   <h2 class=\"wp-block-heading\" id=\"features-of-corn-reaper\"><strong>Sat\u0131l\u0131k Tek S\u0131ral\u0131 M\u0131s\u0131r Hasat Makinas\u0131n\u0131n \u00d6zellikleri<\/strong><\/h2>    <ul class=\"wp-block-list\"> <li>\u00c7oklu i\u015flevler. Bu 1 s\u0131ral\u0131 m\u0131s\u0131r m\u0131s\u0131r toplay\u0131c\u0131, ayn\u0131 anda m\u0131s\u0131r toplamay\u0131 ve saplar\u0131 tarlalara k\u0131rmay\u0131 tamamlayabilir.<\/li>    <li>G\u00fc\u00e7l\u00fc uyarlanabilirlik. Tek s\u0131ral\u0131 m\u0131s\u0131r hasat makinesi da\u011fl\u0131k ve engebeli b\u00f6lgelerde, k\u00fc\u00e7\u00fck tarlalarda \u00e7al\u0131\u015fma yapabilir.<\/li>    <li>Y\u00fcksek verimlilik. Yetenekli bir operat\u00f6r saatte 0,03-0,06 hektara ula\u015fabilir.<\/li>    <li>Kolay kullan\u0131m. \u0130nsanlar\u0131n uzmanl\u0131\u011fa ve \u00e7ok fazla e\u011fitime ihtiya\u00e7lar\u0131 yoktur.<\/li>    <li>Esnek \u00e7al\u0131\u015fma, k\u00fc\u00e7\u00fck m\u0131s\u0131r hasat makinesi, basit yap\u0131.<\/li>    <li>D\u00fc\u015f\u00fck ya\u011f t\u00fcketimi, uygun maliyetli, dolay\u0131s\u0131yla d\u00fc\u015f\u00fck maliyetli.<\/li> <\/ul>    <h2 class=\"wp-block-heading\" id=\"working-principles-of-single-row-corn-picker\"><strong>Tek S\u0131ral\u0131 M\u0131s\u0131r M\u0131s\u0131r Toplay\u0131c\u0131n\u0131n \u00c7al\u0131\u015fma Prensipleri<\/strong><\/h2>    <p>Bu kendinden tahrikli m\u0131s\u0131r hasat makinesi, di\u015fli kutusu arac\u0131l\u0131\u011f\u0131yla g\u00fc\u00e7 sa\u011flayan ilgili motorla donat\u0131lm\u0131\u015ft\u0131r. Y\u00fcr\u00fcyen lastikler, bir di\u015fli kutusu arac\u0131l\u0131\u011f\u0131yla sa\u011flanan g\u00fc\u00e7le \u00e7al\u0131\u015f\u0131yor. Di\u011fer di\u015fli kutusu ise iki adet hasat \u00e7ark\u0131n\u0131 ve bir adet k\u0131r\u0131c\u0131 b\u0131\u00e7ak setini tahrik etmektedir. 1 s\u0131ral\u0131 m\u0131s\u0131r bi\u00e7me makinesi ilerledi\u011finde m\u0131s\u0131r sap\u0131n\u0131 hasat giri\u015fine \u00e7ekin. Daha sonra hasat \u00e7ark\u0131 m\u0131s\u0131r sap\u0131n\u0131 a\u015fa\u011f\u0131 \u00e7eker. Ancak ini\u015f s\u0131ras\u0131nda m\u0131s\u0131rlar\u0131n b\u00fcy\u00fckl\u00fc\u011f\u00fc nedeniyle m\u0131s\u0131rlar hasat ambar\u0131na \u00e7ekilebilmektedir. K\u0131rma b\u0131\u00e7a\u011f\u0131 seti sayesinde m\u0131s\u0131r saplar\u0131 k\u0131r\u0131lacakt\u0131r.<\/p>    <h2 class=\"wp-block-heading\" id=\"successful-cases-of-single-row-corn-harvesting-machine\"><strong>Tek S\u0131ral\u0131 M\u0131s\u0131r Hasat Makinesinin Ba\u015far\u0131l\u0131 \u00d6rnekleri<\/strong><\/h2>    <p>Bu y\u0131l, sat\u0131\u015f m\u00fcd\u00fcr\u00fcm\u00fcz Winne Nijerya'dan 1 s\u0131ral\u0131 m\u0131s\u0131r hasat makinesi hakk\u0131nda bir soru\u015fturma ald\u0131. Kendi m\u0131s\u0131r \u00e7iftlikleri i\u00e7in sat\u0131n ald\u0131. Ancak \u00e7iftlikleri engebeli b\u00f6lgelerdeydi. Bu nedenle, Winne ona bu t\u00fcr kendinden tahrikli m\u0131s\u0131r hasat makinesini \u00f6nerdi. Tabii ki, di\u011fer \u00fcreticilere ve tedarik\u00e7ilere de sordu. Bu \u015firketlerle kar\u015f\u0131la\u015ft\u0131r\u0131ld\u0131\u011f\u0131nda, profesyonel ve g\u00fcvenilir bir \u015firket oldu\u011fumuzu fark etti. Bu y\u00fczden, Taizy \u015eirketimizden 30 setlik 1 s\u0131ral\u0131 m\u0131s\u0131r hasat makinesi sipari\u015f etti. Makineleri ald\u0131ktan sonra, bize iyi geri bildirim g\u00f6nderdi ve tekrar i\u015fbirli\u011fi yapmay\u0131 umdu.<\/p>    <figure class=\"wp-block-gallery has-nested-images columns-default is-cropped wp-block-gallery-2 is-layout-flex wp-block-gallery-is-layout-flex\"> <figure class=\"wp-block-image size-full\"><img loading=\"lazy\" decoding=\"async\" width=\"720\" height=\"540\" data-id=\"2040\" src=\"https:\/\/taizyagromachine.com\/wp-content\/uploads\/2022\/02\/pack-in-the-woooden-case-1-row-corn-harvester.jpg\" alt=\"tahta sand\u0131k i\u00e7inde paketi\" class=\"wp-image-2040\" srcset=\"https:\/\/taizyagromachine.com\/wp-content\/uploads\/2022\/02\/pack-in-the-woooden-case-1-row-corn-harvester.jpg 720w, https:\/\/taizyagromachine.com\/wp-content\/uploads\/2022\/02\/pack-in-the-woooden-case-1-row-corn-harvester-300x225.jpg 300w\" sizes=\"auto, (max-width: 720px) 100vw, 720px\" \/><figcaption class=\"wp-element-caption\">tahta sand\u0131k i\u00e7inde paketi<\/figcaption><\/figure>    <figure class=\"wp-block-image size-full\"><img loading=\"lazy\" decoding=\"async\" width=\"720\" height=\"540\" data-id=\"2039\" src=\"https:\/\/taizyagromachine.com\/wp-content\/uploads\/2022\/02\/load-into-the-container-1-rowcorn-harvester.jpg\" alt=\"konteynere y\u00fckleyin\" class=\"wp-image-2039\" srcset=\"https:\/\/taizyagromachine.com\/wp-content\/uploads\/2022\/02\/load-into-the-container-1-rowcorn-harvester.jpg 720w, https:\/\/taizyagromachine.com\/wp-content\/uploads\/2022\/02\/load-into-the-container-1-rowcorn-harvester-300x225.jpg 300w\" sizes=\"auto, (max-width: 720px) 100vw, 720px\" \/><figcaption class=\"wp-element-caption\">konteynere y\u00fckleyin<\/figcaption><\/figure> <\/figure>    <h2 class=\"wp-block-heading\" id=\"faq\"><strong>Tek S\u0131ral\u0131 M\u0131s\u0131r Bi\u00e7erd\u00f6ver Hakk\u0131nda SSS<\/strong><\/h2>   <div id=\"rank-math-faq\" class=\"rank-math-block\"> <div class=\"rank-math-list\"> <div id=\"faq-question-1663830814557\" class=\"rank-math-list-item\"> <h3 class=\"rank-math-question\"><strong>S: Bu bi\u00e7erd\u00f6ver m\u0131s\u0131r\u0131n kabu\u011funu soyabilir mi?<\/strong><\/h3> <div class=\"rank-math-answer\">  <p>C: Hay\u0131r, olamaz.<\/p>  <\/div> <\/div> <div id=\"faq-question-1663830821594\" class=\"rank-math-list-item\"> <h3 class=\"rank-math-question\"><strong>Soru: Hasattan sonra m\u0131s\u0131r saplar\u0131 nerede?<\/strong><\/h3> <div class=\"rank-math-answer\">  <p>C: M\u0131s\u0131r saplar\u0131 makinenin alt k\u0131sm\u0131nda bulunan 10 adet b\u0131\u00e7aktan k\u0131r\u0131larak tarlaya geri d\u00f6ner.<\/p>  <\/div> <\/div> <div id=\"faq-question-1663830840907\" class=\"rank-math-list-item\"> <h3 class=\"rank-math-question\"><strong>S: An\u0131z y\u00fcksekli\u011fi nas\u0131l?<\/strong><\/h3> <div class=\"rank-math-answer\">  <p>A: Ayarlanabilir, ancak minimum y\u00fckseklik 10 cm'dir.<\/p>  <\/div> <\/div> <div id=\"faq-question-1663830861138\" class=\"rank-math-list-item\"> <h3 class=\"rank-math-question\"><strong>S: B\u0131\u00e7ak kolayca hasar g\u00f6r\u00fcr m\u00fc? Ne kadar s\u00fcre kullanabilirim?<\/strong><\/h3> <div class=\"rank-math-answer\">  <p>C: Evet, b\u0131\u00e7aklar \u00f6zellikle b\u00fcy\u00fck ta\u015flarla veya di\u011fer \u00e7ok sert engellerle kar\u015f\u0131la\u015f\u0131ld\u0131\u011f\u0131nda kolayca k\u0131r\u0131l\u0131r. Genellikle bir y\u0131ll\u0131k kullan\u0131m \u00f6mr\u00fcne sahiptir. Teslimat s\u0131ras\u0131nda m\u0131s\u0131r hasat makinesiyle birlikte size ekstra 1 adet (10 adet) \u00fccretsiz g\u00f6nderiyoruz.<\/p>  <\/div> <\/div> <div id=\"faq-question-1663830876948\" class=\"rank-math-list-item\"> <h3 class=\"rank-math-question\"><strong>S:\u00a0Bu m\u0131s\u0131r hasat makinesi hangi g\u00fcc\u00fc kullan\u0131yor?<\/strong><\/h3> <div class=\"rank-math-answer\">  <p>A: 188F benzinli motor veya 188F hava so\u011futmal\u0131 dizel motor.<\/p>  <\/div> <\/div> <div id=\"faq-question-1663830896543\" class=\"rank-math-list-item\"> <h3 class=\"rank-math-question\"><strong>S: Hasat edilemeyen m\u0131s\u0131r olacak m\u0131?<\/strong><\/h3> <div class=\"rank-math-answer\">  <p>C: Uygulama tecr\u00fcbesiyle m\u0131s\u0131r hasat oran\u0131 98%'den fazlad\u0131r.<\/p>  <\/div> <\/div> <div id=\"faq-question-1663830913428\" class=\"rank-math-list-item\"> <h3 class=\"rank-math-question\">S: Makinenin yan taraf\u0131ndaki ah\u0131rda ka\u00e7 tane m\u0131s\u0131r toplanabilir?<\/h3> <div class=\"rank-math-answer\">  <p>C: M\u0131s\u0131r b\u00fcy\u00fckl\u00fc\u011f\u00fcne ba\u011fl\u0131 olarak genellikle 30-50 adet toplanabilir.<\/p>  <\/div> <\/div> <\/div> <\/div>   <h2 class=\"wp-block-heading\"><strong>Tek S\u0131ral\u0131 M\u0131s\u0131r Hasat Makinesi Videosu<\/strong><\/h2>    <figure class=\"wp-block-embed is-type-video is-provider-youtube wp-block-embed-youtube wp-embed-aspect-16-9 wp-has-aspect-ratio\"><div class=\"wp-block-embed__wrapper\"> <iframe loading=\"lazy\" title=\"Elle \u0130tilmi\u015f Tek S\u0131ral\u0131 M\u0131s\u0131r Bi\u00e7erd\u00f6ver Makinesi | Toptan Sat\u0131\u015f 1 S\u0131ral\u0131 M\u0131s\u0131r M\u0131s\u0131r Se\u00e7ici #corn\" width=\"500\" height=\"281\" src=\"https:\/\/www.youtube.com\/embed\/oWVc9HTAemk?feature=oembed\" frameborder=\"0\" allow=\"accelerometer; autoplay; clipboard-write; encrypted-media; gyroscope; picture-in-picture; web-share\" referrerpolicy=\"strict-origin-when-cross-origin\" allowfullscreen><\/iframe> <\/div><\/figure>","protected":false},"excerpt":{"rendered":"<p>Single row corn harvester&nbsp;is self-propelled maize reaping equipment, mostly used in the small cornfields in small land blocks, mountainous regions, hilly grounds. It\u2019s small maize harvester, powered by diesel engine or gasoline engine. Besides, the one-row corn picker has functions of corn picking and stalks crushing. The crushed stalks get back to the field. Also, [&hellip;]<\/p>\n","protected":false},"author":1,"featured_media":2143,"parent":0,"template":"","tags":[],"product-type":[17],"class_list":["post-2030","product","type-product","status-publish","has-post-thumbnail","hentry","product-type-corn-machine"],"_links":{"self":[{"href":"https:\/\/taizyagromachine.com\/tr\/wp-json\/wp\/v2\/product\/2030","targetHints":{"allow":["GET"]}}],"collection":[{"href":"https:\/\/taizyagromachine.com\/tr\/wp-json\/wp\/v2\/product"}],"about":[{"href":"https:\/\/taizyagromachine.com\/tr\/wp-json\/wp\/v2\/types\/product"}],"author":[{"embeddable":true,"href":"https:\/\/taizyagromachine.com\/tr\/wp-json\/wp\/v2\/users\/1"}],"wp:featuredmedia":[{"embeddable":true,"href":"https:\/\/taizyagromachine.com\/tr\/wp-json\/wp\/v2\/media\/2143"}],"wp:attachment":[{"href":"https:\/\/taizyagromachine.com\/tr\/wp-json\/wp\/v2\/media?parent=2030"}],"wp:term":[{"taxonomy":"post_tag","embeddable":true,"href":"https:\/\/taizyagromachine.com\/tr\/wp-json\/wp\/v2\/tags?post=2030"},{"taxonomy":"product-type","embeddable":true,"href":"https:\/\/taizyagromachine.com\/tr\/wp-json\/wp\/v2\/product-type?post=2030"}],"curies":[{"name":"wp","href":"https:\/\/api.w.org\/{rel}","templated":true}]}}