{"id":2057,"date":"2022-02-14T08:10:31","date_gmt":"2022-02-14T08:10:31","guid":{"rendered":"https:\/\/taizyagromachine.com\/"},"modified":"2025-01-02T13:53:35","modified_gmt":"2025-01-02T05:53:35","slug":"multifunctional-thresher","status":"publish","type":"product","link":"https:\/\/taizyagromachine.com\/tr\/product\/multifunctional-thresher\/","title":{"rendered":"\u00c7ok Fonksiyonlu Harman"},"content":{"rendered":"<p>\u00c7ok i\u015flevli harman makinesi, m\u0131s\u0131r, sorgum, soya fasulyesi ve dar\u0131 i\u00e7in uygun, m\u0131s\u0131r harman makinesini temel alan geli\u015ftirilmi\u015f bir ekipmand\u0131r.\u00a0G\u00fc\u00e7 cihaz\u0131 olarak dizel motor, benzinli motor veya elektrik motoruyla birlikte \u00e7al\u0131\u015fabilir. Ayr\u0131ca ilgili mahsuller i\u00e7in farkl\u0131 elekleri se\u00e7melisiniz. \u00c7ok i\u015flevli harman makinelerimiz yurt d\u0131\u015f\u0131nda \u00e7ok iyi tan\u0131nmakta ve Endonezya, Zimbabve, Benin, Nijerya, Botsvana ve di\u011fer bir\u00e7ok \u00fclkede insanlar taraf\u0131ndan sevilmektedir.<\/p>    <h2 class=\"wp-block-heading\" id=\"why-call-it-multipurpose-thresher\"><strong>Neden Onu Arayal\u0131m? <a href=\"https:\/\/cornmachines.com\/multifunctional-thresher-machine\/\" target=\"_blank\" rel=\"noreferrer noopener\">\u00c7ok Ama\u00e7l\u0131 Harman<\/a>?<\/strong>&nbsp;<\/h2>    <p>Sebepler a\u015fa\u011f\u0131daki gibidir:<\/p>    <ol class=\"wp-block-list\" type=\"1\"> <li><strong>Daha geni\u015f uygulamalar<\/strong>. M\u0131s\u0131r harman makinesiyle kar\u015f\u0131la\u015ft\u0131r\u0131ld\u0131\u011f\u0131nda, \u00e7ok i\u015flevli m\u0131s\u0131r harman makinesi ayn\u0131 zamanda sorgum, soya fasulyesi ve dar\u0131y\u0131 da kabuklayabilir.<\/li>    <li><strong>Daha fazla fonksiyon<\/strong>. Bu \u00e7ok i\u015flevli sorgum harman makinesi ayn\u0131 anda soyup harmanlayabilir.<\/li> <\/ol>    <h2 class=\"wp-block-heading\" id=\"h-hot-sell-multi-corn-threshing-machine-for-sale\"><strong>Sat\u0131l\u0131k S\u0131cak Sat\u0131\u015f \u00c7oklu M\u0131s\u0131r Harman Makinesi<\/strong><\/h2>    <p class=\"translation-block\"><a href=\"https:\/\/taizyagromachine.com\/tr\/\" target=\"_blank\" rel=\"noreferrer noopener\">Uzman bir tar\u0131m makineleri \u015firketi<\/a> olarak geni\u015f bir makine markas\u0131 yelpazesine sahibiz. \u00c7ok fonksiyonlu harman makinesi s\u00f6z konusu oldu\u011funda, uygun maliyetli, kullan\u0131m\u0131 kolay ve geni\u015f bir i\u015flev yelpazesine sahip iki modelimiz var: MT-860 ve MT-1200. \u00c7oklu \u00fcr\u00fcn harman makinesi, m\u0131s\u0131r harman makinesinden daha g\u00fc\u00e7l\u00fcd\u00fcr. Sonu\u00e7 olarak, bu makine tar\u0131m makineleri pazar\u0131nda daha pop\u00fclerdir.<\/p>    <figure class=\"wp-block-gallery aligncenter has-nested-images columns-default is-cropped wp-block-gallery-2 is-layout-flex wp-block-gallery-is-layout-flex\"> <figure class=\"wp-block-image size-large\"><img loading=\"lazy\" decoding=\"async\" width=\"720\" height=\"540\" data-id=\"2489\" src=\"https:\/\/taizyagromachine.com\/wp-content\/uploads\/2022\/04\/multi-crop-thresher-machine.jpg\" alt=\"\u00e7ok mahsul harman makinesi\" class=\"wp-image-2489\" srcset=\"https:\/\/taizyagromachine.com\/wp-content\/uploads\/2022\/04\/multi-crop-thresher-machine.jpg 720w, https:\/\/taizyagromachine.com\/wp-content\/uploads\/2022\/04\/multi-crop-thresher-machine-300x225.jpg 300w\" sizes=\"auto, (max-width: 720px) 100vw, 720px\" \/><figcaption class=\"wp-element-caption\">\u00e7ok mahsul harman makinesi<\/figcaption><\/figure>    <figure class=\"wp-block-image size-full\"><img loading=\"lazy\" decoding=\"async\" width=\"720\" height=\"540\" data-id=\"2615\" src=\"https:\/\/taizyagromachine.com\/wp-content\/uploads\/2022\/05\/multifunctional-corn-thresher-machine.jpg\" alt=\"\u00e7ok fonksiyonlu-m\u0131s\u0131r-harman makinesi\" class=\"wp-image-2615\"\/><figcaption class=\"wp-element-caption\">\u00e7ok fonksiyonlu m\u0131s\u0131r harman makinesi<\/figcaption><\/figure> <\/figure>    <h2 class=\"wp-block-heading\" id=\"structure-of-multi-purpose-maize-sheller\"><strong>\u00c7ok Ama\u00e7l\u0131 M\u0131s\u0131r Soyma Makinesinin Yap\u0131s\u0131<\/strong><strong><\/strong><\/h2>    <p>Pazar e\u011filimine hitap eden \u00e7ok i\u015flevli harman makinesi basit bir tasar\u0131ma sahiptir. Bu harman makinesi giri\u015f, m\u0131s\u0131r \u00e7ekirde\u011fi \u00e7\u0131k\u0131\u015f\u0131, yabanc\u0131 madde \u00e7\u0131k\u0131\u015f\u0131 ve taslak fandan olu\u015fur. Dikkat edilmesi gereken noktalardan biri, bu k\u00fc\u00e7\u00fck tah\u0131l harmanlama makinesi i\u00e7in tek \u00e7eki\u015fli fan ve \u00e7ift \u00e7eki\u015fli fanlard\u0131r. \u00c7ift \u00e7eki\u015fli fanlara sahip makinede mahsul tohumlar\u0131 \u00e7ok daha temizdir. &nbsp;<\/p>   <div class=\"wp-block-image\"> <figure class=\"aligncenter size-full\"><img loading=\"lazy\" decoding=\"async\" width=\"720\" height=\"350\" src=\"https:\/\/taizyagromachine.com\/wp-content\/uploads\/2022\/02\/structure-multi-thresher-MT860.jpg\" alt=\"yap\u0131-\u00e7oklu harman makinesi-MT860\" class=\"wp-image-2059\" srcset=\"https:\/\/taizyagromachine.com\/wp-content\/uploads\/2022\/02\/structure-multi-thresher-MT860.jpg 720w, https:\/\/taizyagromachine.com\/wp-content\/uploads\/2022\/02\/structure-multi-thresher-MT860-300x146.jpg 300w\" sizes=\"auto, (max-width: 720px) 100vw, 720px\" \/><figcaption class=\"wp-element-caption\">yap\u0131<\/figcaption><\/figure> <\/div>   <h2 class=\"wp-block-heading\" id=\"h-technical-parameters\"><strong>\u00c7ok Fonksiyonlu Harman Makinesinin Teknik Parametreleri<\/strong><\/h2>    <p>Parametre tablosundan da g\u00f6rebilece\u011finiz gibi MT-860 \u00e7ok fonksiyonlu harman makinesi saatte 1,5-2 ton kapasiteye sahipken, MT-1200'\u00fcn kapasitesi mahsule g\u00f6re de\u011fi\u015fmektedir. Dahas\u0131, ilki dizel, elektrikli veya benzinli bir motorla \u00e7al\u0131\u015ft\u0131r\u0131labilirken, ikincisi genellikle dizel motorla donat\u0131lm\u0131\u015ft\u0131r. Bununla birlikte, sorgum, soya fasulyesi, m\u0131s\u0131r ve dar\u0131n\u0131n harmanlanmas\u0131yla uygulama aral\u0131\u011f\u0131 her ikisi i\u00e7in de ayn\u0131d\u0131r.<\/p>    <figure class=\"wp-block-table\"><table><tbody><tr><td>Modeli<\/td><td>G\u00fc\u00e7<\/td><td>Kapasite<\/td><td>A\u011f\u0131rl\u0131k<\/td><td>Boyut<\/td><td>Ba\u015fvuru<\/td><\/tr><tr><td>MT-860<\/td><td>Dizel motor, benzinli motor, elektrik motoru<\/td><td>1,5-2 ton\/saat<\/td><td>112 kg<\/td><td>1150*860<em>*<\/em>1160mm<\/td><td>Sorgum, Dar\u0131, M\u0131s\u0131r, Soya Fasulyesi<\/td><\/tr><tr><td>MT-1200<\/td><td>10-12HP dizel motor<\/td><td>m\u0131s\u0131r 3 ton\/saat,<br>Soya fasulyesi 2 ton\/saat<br>Sorgum, Dar\u0131, Bu\u011fday, Pirin\u00e7 1,5 ton\/saat<\/td><td>200kg<\/td><td>2100*1700*1400mm<\/td><td>Sorgum, Dar\u0131, M\u0131s\u0131r, Soya Fasulyesi<\/td><\/tr><\/tbody><\/table><\/figure>    <h2 class=\"wp-block-heading\" id=\"characteristics-of-combined-peeler-and-thresher-machine\"><strong>Kombine Soyma ve Harman Makinesinin \u00d6zellikleri<\/strong><strong><\/strong><\/h2>    <ul class=\"wp-block-list\" type=\"1\"> <li>Y\u00fcksek verimlilik, d\u00fc\u015f\u00fck k\u0131r\u0131lma ve d\u00fc\u015f\u00fck kirlilik avantaj\u0131na sahiptir.<\/li>    <li>\u00dc\u00e7 g\u00fc\u00e7 cihaz\u0131 mevcuttur. Dizel motor, benzinli motor ve elektrik motorunun t\u00fcm\u00fc, k\u00fc\u00e7\u00fck \u00e7ok i\u015flevli harman makinesini \u00e7al\u0131\u015fmaya ta\u015f\u0131mak i\u00e7in uygundur.<\/li>    <li>Ekranlar. Bu makine m\u0131s\u0131r, sorgum, dar\u0131, fasulyeyi soyup kabuklayabilir, bu mahsullerin boyutlar\u0131 farkl\u0131d\u0131r, dolay\u0131s\u0131yla elekler mahsullere uygun olmal\u0131d\u0131r.<\/li>    <li>\u0130nsanc\u0131lla\u015ft\u0131r\u0131lm\u0131\u015f tasar\u0131m. K\u00fc\u00e7\u00fck tekerlekler donat\u0131lm\u0131\u015ft\u0131r ve ta\u015f\u0131nmas\u0131 kolayd\u0131r. Makine y\u00fcksekli\u011fi insan boyuna uygundur, tah\u0131l koymaya uygundur.<\/li>    <li>Uygun maliyetli. Yoksul \u00e7ift\u00e7ilerin paras\u0131 makineye yetiyor ve paradan tasarruf edebiliyor. Ayr\u0131ca makine \u00e7ok fonksiyonludur.<\/li> <\/ul>   <div class=\"wp-block-image\"> <figure class=\"aligncenter size-full\"><img loading=\"lazy\" decoding=\"async\" width=\"720\" height=\"250\" src=\"https:\/\/taizyagromachine.com\/wp-content\/uploads\/2022\/02\/three-engines-MT860.jpg\" alt=\"\u00fc\u00e7 motor\" class=\"wp-image-2061\" srcset=\"https:\/\/taizyagromachine.com\/wp-content\/uploads\/2022\/02\/three-engines-MT860.jpg 720w, https:\/\/taizyagromachine.com\/wp-content\/uploads\/2022\/02\/three-engines-MT860-300x104.jpg 300w\" sizes=\"auto, (max-width: 720px) 100vw, 720px\" \/><figcaption class=\"wp-element-caption\">\u00fc\u00e7 motor<\/figcaption><\/figure> <\/div>   <h2 class=\"wp-block-heading\" id=\"what-screens-are-suitable\"><strong>Hangi Ekranlar Uygundur?<\/strong><\/h2>    <p>\u00c7ok i\u015flevli harman makinesinde, mahsulleri harmanlamak i\u00e7in e\u015fle\u015fen elekleri kullanmal\u0131s\u0131n\u0131z.<\/p>    <p>M\u0131s\u0131r harmanlan\u0131r, \u00d820 elek ve \u00e7eki\u00e7 tak\u0131l\u0131r, alt elek \u00d8 6 kullan\u0131r.&nbsp;<\/p>    <p>Sorgum ay\u0131klama, \u00d88 elek ve harman pen\u00e7esi tak\u0131n, alt elek \u00d8 6 kullan\u0131r.<\/p>    <p>Dar\u0131 harmanlama, \u00d85 elek kurulumu, alt elek 1,5*1,5 kullan\u0131r.<\/p>   <div class=\"wp-block-image\"> <figure class=\"aligncenter size-full\"><img loading=\"lazy\" decoding=\"async\" width=\"720\" height=\"540\" src=\"https:\/\/taizyagromachine.com\/wp-content\/uploads\/2022\/02\/matched-screen-multi-thresher.jpg\" alt=\"e\u015fle\u015ftirilmi\u015f ekranl\u0131 \u00e7oklu harmanlay\u0131c\u0131\" class=\"wp-image-2060\" srcset=\"https:\/\/taizyagromachine.com\/wp-content\/uploads\/2022\/02\/matched-screen-multi-thresher.jpg 720w, https:\/\/taizyagromachine.com\/wp-content\/uploads\/2022\/02\/matched-screen-multi-thresher-300x225.jpg 300w\" sizes=\"auto, (max-width: 720px) 100vw, 720px\" \/><figcaption class=\"wp-element-caption\">e\u015fle\u015fen ekran<\/figcaption><\/figure> <\/div>   <h2 class=\"wp-block-heading\" id=\"comparison-of-maize-thresher-and-multifunctional-thresher\"><strong>M\u0131s\u0131r Harman Makinesi ile \u00c7ok Fonksiyonlu Harman Makinesinin Kar\u015f\u0131la\u015ft\u0131r\u0131lmas\u0131<\/strong><strong><\/strong><\/h2>    <ol class=\"wp-block-list\" type=\"1\"> <li>Uygulama aral\u0131\u011f\u0131. <a href=\"https:\/\/taizyagromachine.com\/tr\/corn-machine\/maize-thresher\/\" target=\"_blank\" rel=\"noreferrer noopener\">m\u0131s\u0131r harman makinesi<\/a> sadece m\u0131s\u0131rlar i\u00e7indir. Bu k\u00fc\u00e7\u00fck \u00f6l\u00e7ekli tah\u0131l harmanlay\u0131c\u0131 m\u0131s\u0131r, sorgum, dar\u0131 ve soya fasulyesi i\u00e7in uygundur.<\/li>    <li>Farkl\u0131 i\u015flevler. M\u0131s\u0131r soyma makinesi, m\u0131s\u0131r\u0131 herhangi bir kabuk olmadan harmanlayabilir. Ancak \u00e7ok i\u015flevli harman makinesi mahsulleri soyabilir ve kabuklar\u0131n\u0131 soyabilir.<\/li>    <li>Kapasite. M\u0131s\u0131r soyma makinesi saatte 6 tondur, b\u00fcy\u00fck kapasitelidir. M\u0131s\u0131r, soya fasulyesi, dar\u0131 ve sorgum i\u00e7in kullan\u0131lan harman makinesinin saatte yaln\u0131zca 1,5-2 ton verimi vard\u0131r.<\/li> <\/ol>    <figure class=\"wp-block-gallery has-nested-images columns-default is-cropped wp-block-gallery-3 is-layout-flex wp-block-gallery-is-layout-flex\"> <figure class=\"wp-block-image size-large\"><img loading=\"lazy\" decoding=\"async\" width=\"720\" height=\"500\" data-id=\"2062\" src=\"https:\/\/taizyagromachine.com\/wp-content\/uploads\/2022\/02\/applications-multi-function-thresher.jpg\" alt=\"m\u0131s\u0131r ve sorgum\" class=\"wp-image-2062\" srcset=\"https:\/\/taizyagromachine.com\/wp-content\/uploads\/2022\/02\/applications-multi-function-thresher.jpg 720w, https:\/\/taizyagromachine.com\/wp-content\/uploads\/2022\/02\/applications-multi-function-thresher-300x208.jpg 300w\" sizes=\"auto, (max-width: 720px) 100vw, 720px\" \/><figcaption class=\"wp-element-caption\">m\u0131s\u0131r ve sorgum<\/figcaption><\/figure>    <figure class=\"wp-block-image size-large\"><img loading=\"lazy\" decoding=\"async\" width=\"720\" height=\"500\" data-id=\"2063\" src=\"https:\/\/taizyagromachine.com\/wp-content\/uploads\/2022\/02\/applications-multifunctional-thresher.jpg\" alt=\"fasulye ve dar\u0131\" class=\"wp-image-2063\" srcset=\"https:\/\/taizyagromachine.com\/wp-content\/uploads\/2022\/02\/applications-multifunctional-thresher.jpg 720w, https:\/\/taizyagromachine.com\/wp-content\/uploads\/2022\/02\/applications-multifunctional-thresher-300x208.jpg 300w\" sizes=\"auto, (max-width: 720px) 100vw, 720px\" \/><figcaption class=\"wp-element-caption\">fasulye ve dar\u0131<\/figcaption><\/figure> <\/figure>    <h2 class=\"wp-block-heading\" id=\"h-successful-case-multi-corn-thresher-machine-exported-to-zimbabwe\"><strong>Ba\u015far\u0131l\u0131 \u00d6rnek: \u00c7oklu M\u0131s\u0131r Harman Makinesi Zimbabve'ye \u0130hra\u00e7 Edildi<\/strong><\/h2>    <p id=\"h-zimbabwe-is-a-large-agricultural-country-with-vast-plains-where-maize-can-be-grown-and-where-the-local-people-eat-three-meals-a-day-based-on-maize-flour-our-sales-manager-grace-received-an-enquiry-from-a-customer-in-zimbabwe-he-wanted-to-buy-a-maize-threshing-machine-for-threshing-maize-after-understanding-his-needs-grace-recommended-this-multifunctional-thresher-as-it-was-more-versatile-and-cost-effective-than-the-others-the-zimbabwean-customer-was-so-pleased-with-the-parameters-and-the-video-that-he-placed-an-order-immediately\" class=\"translation-block\"><strong> <\/strong>Zimbabve, m\u0131s\u0131r yeti\u015ftirilebilen geni\u015f ovalara sahip b\u00fcy\u00fck bir tar\u0131m \u00fclkesidir ve yerel halk g\u00fcnde \u00fc\u00e7 \u00f6\u011f\u00fcn m\u0131s\u0131r ununa dayal\u0131 beslenir. Sat\u0131\u015f M\u00fcd\u00fcr\u00fcm\u00fcz Grace, Zimbabve'den bir m\u00fc\u015fteriden bir sorgu ald\u0131. M\u0131s\u0131r harmanlamak i\u00e7in bir m\u0131s\u0131r harman makinesi sat\u0131n almak istiyordu. Grace, ihtiya\u00e7lar\u0131n\u0131 anlad\u0131ktan sonra, di\u011ferlerinden daha \u00e7ok y\u00f6nl\u00fc ve uygun maliyetli oldu\u011fu i\u00e7in bu \u00e7ok fonksiyonlu harman makinesini \u00f6nerdi. Zimbabveli m\u00fc\u015fteri, parametrelerden ve videodan o kadar memnun kald\u0131 ki hemen sipari\u015f verdi.<\/p>    <h2 class=\"wp-block-heading\" id=\"faq\"><strong>\u00c7ok Fonksiyonlu Harman Makinesi Hakk\u0131nda SSS<\/strong><\/h2>   <div id=\"rank-math-faq\" class=\"rank-math-block\"> <div class=\"rank-math-list\"> <div id=\"faq-question-1663830468690\" class=\"rank-math-list-item\"> <h3 class=\"rank-math-question\"><strong>S: Farkl\u0131 mahsullerin kabuklar\u0131 nas\u0131l soyulur?<\/strong><\/h3> <div class=\"rank-math-answer\">  <p>C: Kapa\u011f\u0131 a\u00e7\u0131n ve ard\u0131ndan ekran\u0131 de\u011fi\u015ftirin. M\u0131s\u0131rlar\u0131 harmanlarken i\u00e7erideki d\u00f6rt silindiri \u00e7\u0131kar\u0131n.<\/p>  <\/div> <\/div> <div id=\"faq-question-1663830506354\" class=\"rank-math-list-item\"> <h3 class=\"rank-math-question\"><strong>S: Makineyi kullanma konusunda hi\u00e7bir fikrim yoksa ne yapmal\u0131y\u0131m?<\/strong><\/h3> <div class=\"rank-math-answer\">  <p>C: Endi\u015felenmeyin. Makine ile birlikte kurulum, \u00e7al\u0131\u015ft\u0131rma, ekran de\u011fi\u015ftirme vb. konularda kullan\u0131m k\u0131lavuzlar\u0131 ve videolar da sa\u011fl\u0131yoruz.<\/p>  <\/div> <\/div> <div id=\"faq-question-1663830517291\" class=\"rank-math-list-item\"> <h3 class=\"rank-math-question\"><strong>Soru: Hareket etmek uygun mu?<\/strong><\/h3> <div class=\"rank-math-answer\">  <p>C: Tabii ki, \u00e7ok i\u015flevli m\u0131s\u0131r harman makinesinin ta\u015f\u0131nmas\u0131 kolay tekerlekler ve \u00e7ekme \u00e7ubuklar\u0131 vard\u0131r.<\/p>  <\/div> <\/div> <div id=\"faq-question-1663830529940\" class=\"rank-math-list-item\"> <h3 class=\"rank-math-question\"><strong>S: Bu \u00e7ok i\u015flevli harman makinesini hangi \u00fcr\u00fcnler kullanabilir?<\/strong><\/h3> <div class=\"rank-math-answer\">  <p>C: M\u0131s\u0131r, sorgum, dar\u0131, soya fasulyesi.<\/p>  <\/div> <\/div> <div id=\"faq-question-1663830545523\" class=\"rank-math-list-item\"> <h3 class=\"rank-math-question\"><strong>S: MT-860'\u0131n g\u00fcc\u00fc nas\u0131l?<\/strong><\/h3> <div class=\"rank-math-answer\">  <p>A: 2.2-3kW elektrik motoru, 6-8Hp dizel motor, 170F benzinli motor.<\/p>  <\/div> <\/div> <div id=\"faq-question-1663830561860\" class=\"rank-math-list-item\"> <h3 class=\"rank-math-question\"><strong>S: Bu MT-860 tah\u0131l harman makinesinin kapasitesi nedir? Harman oran\u0131 m\u0131?<\/strong><\/h3> <div class=\"rank-math-answer\">  <p>A: S\u0131ras\u0131yla saatte 1,5-2 ton, \u226595%.\u00a0<\/p>  <\/div> <\/div> <\/div> <\/div>   <h2 class=\"wp-block-heading\"><strong>M\u0131s\u0131r, Fasulye, Sorgum, Dar\u0131 Harmanlama i\u00e7in \u00c7ok Fonksiyonlu Harman Makinesi Videosu<\/strong><\/h2>    <figure class=\"wp-block-embed is-type-video is-provider-youtube wp-block-embed-youtube wp-embed-aspect-16-9 wp-has-aspect-ratio\"><div class=\"wp-block-embed__wrapper\"> <iframe loading=\"lazy\" title=\"\u00c7ok Fonksiyonlu Harman Makinesi | Harman M\u0131s\u0131r, Dar\u0131, Benas, Sorgum #corn #millet\" width=\"500\" height=\"281\" src=\"https:\/\/www.youtube.com\/embed\/Nz2M6Ba3iqo?feature=oembed\" frameborder=\"0\" allow=\"accelerometer; autoplay; clipboard-write; encrypted-media; gyroscope; picture-in-picture; web-share\" referrerpolicy=\"strict-origin-when-cross-origin\" allowfullscreen><\/iframe> <\/div><\/figure>    <p><\/p>    <p><\/p>","protected":false},"excerpt":{"rendered":"<p>The multifunctional&nbsp;thresher is upgraded equipment based on the maize thresher, suitable for corns, sorghum, soybeans, millet.&nbsp;It can collocate with the diesel engine, gasoline engine, or electric motor as the power device. Besides, you should choose the different screens for the corresponding crops. Our multifunctional threshing machines are very well known abroad and loved by people [&hellip;]<\/p>\n","protected":false},"author":1,"featured_media":2142,"parent":0,"template":"","tags":[],"product-type":[17],"class_list":["post-2057","product","type-product","status-publish","has-post-thumbnail","hentry","product-type-corn-machine"],"_links":{"self":[{"href":"https:\/\/taizyagromachine.com\/tr\/wp-json\/wp\/v2\/product\/2057","targetHints":{"allow":["GET"]}}],"collection":[{"href":"https:\/\/taizyagromachine.com\/tr\/wp-json\/wp\/v2\/product"}],"about":[{"href":"https:\/\/taizyagromachine.com\/tr\/wp-json\/wp\/v2\/types\/product"}],"author":[{"embeddable":true,"href":"https:\/\/taizyagromachine.com\/tr\/wp-json\/wp\/v2\/users\/1"}],"wp:featuredmedia":[{"embeddable":true,"href":"https:\/\/taizyagromachine.com\/tr\/wp-json\/wp\/v2\/media\/2142"}],"wp:attachment":[{"href":"https:\/\/taizyagromachine.com\/tr\/wp-json\/wp\/v2\/media?parent=2057"}],"wp:term":[{"taxonomy":"post_tag","embeddable":true,"href":"https:\/\/taizyagromachine.com\/tr\/wp-json\/wp\/v2\/tags?post=2057"},{"taxonomy":"product-type","embeddable":true,"href":"https:\/\/taizyagromachine.com\/tr\/wp-json\/wp\/v2\/product-type?post=2057"}],"curies":[{"name":"wp","href":"https:\/\/api.w.org\/{rel}","templated":true}]}}