{"id":2064,"date":"2022-02-14T09:37:14","date_gmt":"2022-02-14T09:37:14","guid":{"rendered":"https:\/\/taizyagromachine.com\/"},"modified":"2025-04-14T16:20:07","modified_gmt":"2025-04-14T08:20:07","slug":"maize-thresher","status":"publish","type":"product","link":"https:\/\/taizyagromachine.com\/tr\/product\/maize-thresher\/","title":{"rendered":"M\u0131s\u0131r Bombard\u0131man\u0131 i\u00e7in Ticari M\u0131s\u0131r Harman Makinesi"},"content":{"rendered":"<p class=\"translation-block\"><strong>M\u0131s\u0131r Harman Makinesi<\/strong>, m\u0131s\u0131r ko\u00e7anlar\u0131ndaki m\u0131s\u0131rlar\u0131 ve m\u0131s\u0131r tanelerini saatte 6 ton kapasiteyle ay\u0131rmak i\u00e7in profesyonelce tasarlanm\u0131\u015ft\u0131r. M\u0131s\u0131r ko\u00e7anlar\u0131 ve taneleri k\u0131r\u0131lmadan b\u00fct\u00fcn haldedir. Ayr\u0131ca, bu b\u00fcy\u00fck kapasiteli otomatik bir m\u0131s\u0131r ay\u0131klama makinesidir. <\/p>    <p>M\u0131s\u0131r harman makinesi dizel motor veya elektrik motoruyla \u00e7al\u0131\u015ft\u0131r\u0131labilir. Art\u0131k bu t\u00fcr m\u0131s\u0131r soyma makineleri m\u00fc\u015fterilerin gereksinimlerine g\u00f6re geli\u015ftirildi. Orta \u00f6l\u00e7ekli ve b\u00fcy\u00fck \u00f6l\u00e7ekli \u00e7iftlik sahipleri aras\u0131nda \u00e7ok daha pop\u00fcler. Sorular\u0131n\u0131z\u0131 sab\u0131rs\u0131zl\u0131kla bekliyorum!<\/p>    <figure class=\"wp-block-embed is-type-video is-provider-youtube wp-block-embed-youtube wp-embed-aspect-16-9 wp-has-aspect-ratio\"><div class=\"wp-block-embed__wrapper\"> <iframe loading=\"lazy\" title=\"B\u00fcy\u00fck Kapasiteli M\u0131s\u0131r Harman\u0131 | Taizy 2022&#039;den M\u0131s\u0131r M\u0131s\u0131r Harman Makinesi #corn #maize\" width=\"500\" height=\"281\" src=\"https:\/\/www.youtube.com\/embed\/do6M5uIGU_U?feature=oembed\" frameborder=\"0\" allow=\"accelerometer; autoplay; clipboard-write; encrypted-media; gyroscope; picture-in-picture; web-share\" referrerpolicy=\"strict-origin-when-cross-origin\" allowfullscreen><\/iframe> <\/div><figcaption class=\"wp-element-caption\">b\u00fcy\u00fck m\u0131s\u0131r harman makinesi \u00e7al\u0131\u015fma videosu<\/figcaption><\/figure>    <h2 class=\"wp-block-heading\"><strong>Sat\u0131l\u0131k M\u0131s\u0131r Soyma Makinas\u0131 T\u00fcrleri<\/strong><\/h2>    <p>De\u011fi\u015fen ihtiya\u00e7lar\u0131n\u0131z\u0131 kar\u015f\u0131lamak i\u00e7in her ikisi de m\u00fckemmel harmanlama performans\u0131 ve stabilitesi ile \u00f6ne \u00e7\u0131kan iki tip b\u00fcy\u00fck m\u0131s\u0131r ay\u0131klama makinesi sunuyoruz: <\/p>    <ul class=\"wp-block-list\"> <li>Bunlardan biri, b\u00fcy\u00fck \u00f6l\u00e7ekli s\u00fcrekli \u00e7al\u0131\u015fmaya uygun, ak\u0131ll\u0131 bir besleme sistemi ile donat\u0131lm\u0131\u015f, y\u00fcksek verimli, tam otomatik bir modeldir; <\/li>    <li>Di\u011feri ise yenilik\u00e7i katlan\u0131r tasar\u0131ma sahip, kurulumu ve ta\u015f\u0131nmas\u0131 kolay, ayn\u0131 zamanda birden fazla konumda \u00e7al\u0131\u015ft\u0131r\u0131labilen, esnek, ta\u015f\u0131nabilir bir modeldir.<\/li> <\/ul>    <h3 class=\"wp-block-heading\"><strong>B\u00fcy\u00fck Tip M\u0131s\u0131r Harman Makinas\u0131<\/strong><\/h3>    <p>Bu m\u0131s\u0131r soyma makinesi, esas olarak m\u0131s\u0131r ko\u00e7anlar\u0131n\u0131n bir s\u00fcre kurutulduktan sonra toplu i\u015flenmesi i\u00e7in kullan\u0131lan bir t\u00fcr y\u00fcksek verimli tar\u0131m makine ve ekipman\u0131d\u0131r.<\/p>    <figure class=\"wp-block-gallery aligncenter has-nested-images columns-default is-cropped wp-block-gallery-2 is-layout-flex wp-block-gallery-is-layout-flex\"> <figure class=\"wp-block-image size-large\"><img loading=\"lazy\" decoding=\"async\" width=\"720\" height=\"540\" data-id=\"6328\" src=\"https:\/\/taizyagromachine.com\/wp-content\/uploads\/2022\/02\/big-size-corn-sheller.webp\" alt=\"b\u00fcy\u00fck boy m\u0131s\u0131r soyucu\" class=\"wp-image-6328\"\/><figcaption class=\"wp-element-caption\">b\u00fcy\u00fck boy m\u0131s\u0131r soyucu<\/figcaption><\/figure>    <figure class=\"wp-block-image size-large\"><img loading=\"lazy\" decoding=\"async\" width=\"720\" height=\"540\" data-id=\"6329\" src=\"https:\/\/taizyagromachine.com\/wp-content\/uploads\/2022\/02\/large-maize-shelling-machine.webp\" alt=\"b\u00fcy\u00fck m\u0131s\u0131r bombard\u0131man\u0131 makinesi\" class=\"wp-image-6329\"\/><figcaption class=\"wp-element-caption\">b\u00fcy\u00fck m\u0131s\u0131r bombard\u0131man\u0131 makinesi<\/figcaption><\/figure> <\/figure>    <p>Eksenel merdane veya dikey harman diski yap\u0131s\u0131 sayesinde m\u0131s\u0131r tanelerini ko\u00e7anlardan ay\u0131ran, b\u00fcy\u00fck miktarlardaki m\u0131s\u0131r\u0131n harman i\u015flemini h\u0131zl\u0131 bir \u015fekilde tamamlayabilen otomatik veya yar\u0131 otomatik y\u00fckleme sistemi ile donat\u0131lm\u0131\u015ft\u0131r. Bu arada, m\u0131s\u0131r hasad\u0131 ve i\u015fleme verimlili\u011fini b\u00fcy\u00fck \u00f6l\u00e7\u00fcde art\u0131ran d\u00fc\u015f\u00fck enerji t\u00fcketimi, istikrarl\u0131 \u00e7al\u0131\u015fma ve kolay bak\u0131m \u00f6zelliklerine sahiptir.<\/p>    <figure class=\"wp-block-gallery aligncenter has-nested-images columns-default is-cropped wp-block-gallery-3 is-layout-flex wp-block-gallery-is-layout-flex\"> <figure class=\"wp-block-image size-large\"><img loading=\"lazy\" decoding=\"async\" width=\"720\" height=\"540\" data-id=\"6330\" src=\"https:\/\/taizyagromachine.com\/wp-content\/uploads\/2022\/02\/industrial-corn-thresher-machine.webp\" alt=\"end\u00fcstriyel m\u0131s\u0131r harman makinesi\" class=\"wp-image-6330\"\/><figcaption class=\"wp-element-caption\">end\u00fcstriyel m\u0131s\u0131r harman makinesi<\/figcaption><\/figure>    <figure class=\"wp-block-image size-large\"><img loading=\"lazy\" decoding=\"async\" width=\"720\" height=\"540\" data-id=\"6331\" src=\"https:\/\/taizyagromachine.com\/wp-content\/uploads\/2022\/02\/Taizy-maize-thresher-for-sale.webp\" alt=\"Sat\u0131l\u0131k Taizy m\u0131s\u0131r harman makinesi\" class=\"wp-image-6331\"\/><figcaption class=\"wp-element-caption\">Sat\u0131l\u0131k Taizy m\u0131s\u0131r harman makinesi<\/figcaption><\/figure> <\/figure>    <p class=\"translation-block\"><strong>M\u0131s\u0131r Harman Makinesi Tasar\u0131m\u0131<\/strong><\/p>    <p>M\u0131s\u0131r soyma makinesi basit bir yap\u0131ya sahiptir. M\u0131s\u0131r giri\u015fi, m\u0131s\u0131r ko\u00e7an\u0131 \u00e7\u0131k\u0131\u015f\u0131, m\u0131s\u0131r tanesi \u00e7\u0131k\u0131\u015f\u0131, toz \u00e7\u0131k\u0131\u015f\u0131, konvey\u00f6r bant ve borulardan olu\u015fur.<\/p>   <div class=\"wp-block-image\"> <figure class=\"aligncenter size-full\"><img loading=\"lazy\" decoding=\"async\" width=\"720\" height=\"400\" src=\"https:\/\/taizyagromachine.com\/wp-content\/uploads\/2022\/02\/structure-maize-thresher.jpg\" alt=\"yap\u0131-m\u0131s\u0131r-harman\" class=\"wp-image-2066\" srcset=\"https:\/\/taizyagromachine.com\/wp-content\/uploads\/2022\/02\/structure-maize-thresher.jpg 720w, https:\/\/taizyagromachine.com\/wp-content\/uploads\/2022\/02\/structure-maize-thresher-300x167.jpg 300w\" sizes=\"auto, (max-width: 720px) 100vw, 720px\" \/><figcaption class=\"wp-element-caption\">yap\u0131<\/figcaption><\/figure> <\/div>   <h3 class=\"wp-block-heading\"><strong>Yeni Tip M\u0131s\u0131r Harman Makinas\u0131<\/strong><\/h3>    <figure class=\"wp-block-embed is-type-video is-provider-youtube wp-block-embed-youtube wp-embed-aspect-16-9 wp-has-aspect-ratio\"><div class=\"wp-block-embed__wrapper\"> <iframe loading=\"lazy\" title=\"Devrim niteli\u011findeki M\u0131s\u0131r Harman\u0131: Yeni Nesil M\u0131s\u0131r Harmanlay\u0131c\u0131 \u0130\u015f Ba\u015f\u0131nda! \u0130yi Fiyata Sat\u0131l\u0131k M\u0131s\u0131r Harman\u0131\" width=\"500\" height=\"281\" src=\"https:\/\/www.youtube.com\/embed\/8jyFGYTMc4U?feature=oembed\" frameborder=\"0\" allow=\"accelerometer; autoplay; clipboard-write; encrypted-media; gyroscope; picture-in-picture; web-share\" referrerpolicy=\"strict-origin-when-cross-origin\" allowfullscreen><\/iframe> <\/div><figcaption class=\"wp-element-caption\">yeni tip m\u0131s\u0131r harman makinas\u0131 videosu<\/figcaption><\/figure>    <p>Taizy\u2019nin en son m\u0131s\u0131r bombard\u0131man makinesi, kompakt ve kurulumu ve ta\u015f\u0131nmas\u0131 kolay yenilik\u00e7i bir katlanma tasar\u0131m\u0131d\u0131r. Makine, bo\u015fluk ve esnekli\u011fi optimize ederken y\u00fcksek harmanlama performans\u0131n\u0131 korur. <\/p>    <figure class=\"wp-block-gallery aligncenter has-nested-images columns-default is-cropped wp-block-gallery-4 is-layout-flex wp-block-gallery-is-layout-flex\"> <figure class=\"wp-block-image size-large\"><img loading=\"lazy\" decoding=\"async\" width=\"720\" height=\"540\" data-id=\"6321\" src=\"https:\/\/taizyagromachine.com\/wp-content\/uploads\/2022\/02\/diesel-powered-corn-shelling-machine.webp\" alt=\"dizel motorlu m\u0131s\u0131r bombard\u0131man\u0131 makinesi\" class=\"wp-image-6321\"\/><figcaption class=\"wp-element-caption\">dizel motorlu m\u0131s\u0131r bombard\u0131man\u0131 makinesi<\/figcaption><\/figure>    <figure class=\"wp-block-image size-large\"><img loading=\"lazy\" decoding=\"async\" width=\"720\" height=\"540\" data-id=\"6322\" src=\"https:\/\/taizyagromachine.com\/wp-content\/uploads\/2022\/02\/maize-thresher-machine-with-folded-conveyor.webp\" alt=\"katlanm\u0131\u015f konvey\u00f6rl\u00fc m\u0131s\u0131r harman makinesi\" class=\"wp-image-6322\"\/><figcaption class=\"wp-element-caption\">katlanm\u0131\u015f konvey\u00f6rl\u00fc m\u0131s\u0131r harman makinesi<\/figcaption><\/figure>    <figure class=\"wp-block-image size-large\"><img loading=\"lazy\" decoding=\"async\" width=\"720\" height=\"540\" data-id=\"6323\" src=\"https:\/\/taizyagromachine.com\/wp-content\/uploads\/2022\/02\/totally-display-of-Taizy-corn-sheller-machine.webp\" alt=\"Taizy m\u0131s\u0131r soyma makinesinin tamamen g\u00f6sterimi\" class=\"wp-image-6323\"\/><figcaption class=\"wp-element-caption\">Taizy m\u0131s\u0131r soyma makinesinin tamamen g\u00f6sterimi<\/figcaption><\/figure> <\/figure>    <p>Kullan\u0131c\u0131lar olarak makineyi kolayca s\u00f6kebilir, ta\u015f\u0131yabilir ve saklayabilirsiniz; bu da m\u0131s\u0131r\u0131n hasat sonras\u0131 i\u015flenmesini b\u00fcy\u00fck \u00f6l\u00e7\u00fcde basitle\u015ftirir ve m\u00fckemmel kolayl\u0131k ve pratiklik sa\u011flar.<\/p>    <figure class=\"wp-block-gallery aligncenter has-nested-images columns-default is-cropped wp-block-gallery-5 is-layout-flex wp-block-gallery-is-layout-flex\"> <figure class=\"wp-block-image size-large\"><img loading=\"lazy\" decoding=\"async\" width=\"720\" height=\"540\" data-id=\"6324\" src=\"https:\/\/taizyagromachine.com\/wp-content\/uploads\/2022\/02\/maize-shelling-machine-in-stock.webp\" alt=\"m\u0131s\u0131r bombard\u0131man\u0131 makinesi stokta\" class=\"wp-image-6324\"\/><figcaption class=\"wp-element-caption\">m\u0131s\u0131r bombard\u0131man\u0131 makinesi stokta<\/figcaption><\/figure>    <figure class=\"wp-block-image size-large\"><img loading=\"lazy\" decoding=\"async\" width=\"720\" height=\"540\" data-id=\"6325\" src=\"https:\/\/taizyagromachine.com\/wp-content\/uploads\/2022\/02\/maize-thresher-machine-for-sale.webp\" alt=\"sat\u0131l\u0131k m\u0131s\u0131r harman makinesi\" class=\"wp-image-6325\"\/><figcaption class=\"wp-element-caption\">sat\u0131l\u0131k m\u0131s\u0131r harman makinesi<\/figcaption><\/figure> <\/figure>    <h2 class=\"wp-block-heading\" id=\"advantages-of-maize-sheller\"><strong>Sat\u0131l\u0131k M\u0131s\u0131r Soyma Makinesinin Avantajlar\u0131<\/strong><\/h2>    <ul class=\"wp-block-list\"> <li>M\u0131s\u0131rdaki kabuklanma y\u00fczdesi 99,5%'ye kadar ula\u015farak m\u0131s\u0131r\u0131n etkili bir \u015fekilde kabuk soyulmas\u0131n\u0131 sa\u011flar.<\/li>    <li>M\u0131s\u0131r\u0131n ta\u015f\u0131nmas\u0131 i\u00e7in konvey\u00f6r band\u0131, i\u015f\u00e7ilikten tasarruf sa\u011flar.<\/li>    <li>Y\u00fcksek \u00e7al\u0131\u015fma verimlili\u011fi, kapasite yakla\u015f\u0131k 6 ton\/saattir.<\/li>    <li>\u00dcfleyici yabanc\u0131 maddeleri \u00fcfleyerek m\u0131s\u0131r tohumunun \u00e7ok temiz olmas\u0131n\u0131 garanti eder.<\/li>    <li>Dizel motorlar veya elektrik motorlar\u0131 elektri\u011fin bulunmad\u0131\u011f\u0131 b\u00f6lge i\u00e7in iyi se\u00e7imlerdir.<\/li>    <li>\u00c7ekme \u00e7ubuklar\u0131 ve tekerlekler sayesinde ta\u015f\u0131nmas\u0131 kolayd\u0131r.<\/li> <\/ul>    <h2 class=\"wp-block-heading\" id=\"working-process-of-maize-thresher\"><strong>Taizy M\u0131s\u0131r Harman Makinesinin \u00c7al\u0131\u015fma S\u00fcreci<\/strong><\/h2>   <div id=\"rank-math-howto\" class=\"rank-math-block\" > <div class=\"rank-math-howto-description\">  <p class=\"translation-block\">Profesyonel bir tar\u0131m \u015firketi olarak bu m\u0131s\u0131r soyma makinesi ticari bir <a href=\"https:\/\/taizyagromachine.com\/tr\/product\/corn-threshing-machine\/\">m\u0131s\u0131r ay\u0131klama makinesidir<\/a>. M\u0131s\u0131r harman makinesinin s\u00fcrecini daha iyi \u00f6\u011frenelim.<\/p>  <\/div>  <div class=\"rank-math-steps\"> <div id=\"howto-step-1704181461787\" class=\"rank-math-step\"> <h3 class=\"rank-math-step-title\">Konvey\u00f6r band\u0131yla m\u0131s\u0131r y\u00fckleme ve ta\u015f\u0131ma<\/h3> <div class=\"rank-math-step-content\"><p>M\u0131s\u0131rlar harman odas\u0131na ula\u015fana kadar m\u0131s\u0131r\u0131 ta\u015f\u0131ma band\u0131ndan ge\u00e7irin.<\/p> <\/div> <\/div> <div id=\"howto-step-1704181510328\" class=\"rank-math-step\"> <h3 class=\"rank-math-step-title\">Harman ve yabanc\u0131 maddelerin uzakla\u015ft\u0131r\u0131lmas\u0131 i\u015flemi<\/h3> <div class=\"rank-math-step-content\"><p>Harmanlama ve ay\u0131rma i\u015fleminden sonra, hafif yabanc\u0131 maddeler toz \u00e7\u0131k\u0131\u015f\u0131ndan d\u0131\u015far\u0131 \u00fcflenecektir.<\/p> <\/div> <\/div> <div id=\"howto-step-1704181531183\" class=\"rank-math-step\"> <h3 class=\"rank-math-step-title\">M\u0131s\u0131r ko\u00e7an\u0131 tahliyesi ve m\u0131s\u0131r tohumlar\u0131n\u0131n toplanmas\u0131<\/h3> <div class=\"rank-math-step-content\"><img loading=\"lazy\" decoding=\"async\" width=\"720\" height=\"540\" src=\"https:\/\/taizyagromachine.com\/wp-content\/uploads\/2022\/02\/working-screne-of-corn-thresher.jpg\" class=\"attachment-full size-full\" alt=\"m\u0131s\u0131r harman makinesinin \u00e7al\u0131\u015fma ekran\u0131\" srcset=\"https:\/\/taizyagromachine.com\/wp-content\/uploads\/2022\/02\/working-screne-of-corn-thresher.jpg 720w, https:\/\/taizyagromachine.com\/wp-content\/uploads\/2022\/02\/working-screne-of-corn-thresher-300x225.jpg 300w\" sizes=\"auto, (max-width: 720px) 100vw, 720px\" \/><p>M\u0131s\u0131r ko\u00e7an\u0131n\u0131n tamam\u0131 m\u0131s\u0131r ko\u00e7an\u0131 \u00e7\u0131k\u0131\u015f\u0131ndan \u00e7\u0131kar, ayn\u0131 zamanda m\u0131s\u0131r tohumlar\u0131 da ilgili \u00e7\u0131k\u0131\u015ftan bo\u015falt\u0131l\u0131r.<\/p> <\/div> <\/div> <\/div> <\/div>       <h2 class=\"wp-block-heading\" id=\"optional-equipment\"><strong>B\u00fcy\u00fck M\u0131s\u0131r Harman Makinas\u0131 \u0130\u00e7in Opsiyonel Ekipmanlar<\/strong><\/h2>    <p id=\"optional-equipment\" class=\"translation-block\"><strong>1. Konvey\u00f6r bant<\/strong><\/p>    <p>Bu ta\u015f\u0131ma band\u0131 m\u0131s\u0131r\u0131n ta\u015f\u0131nmas\u0131 i\u00e7indir. \u0130\u015fg\u00fcc\u00fc tasarrufu ve y\u00fcksek verimlilik i\u00e7in m\u0131s\u0131r harman makinesinde kullan\u0131l\u0131r.<\/p>    <p class=\"translation-block\"><strong>2. M\u0131s\u0131r tanelerini ta\u015f\u0131mak i\u00e7in boru<\/strong><\/p>    <p>Cihaz \u00e7ift\u00e7ilere fayda sa\u011fl\u0131yor \u00e7\u00fcnk\u00fc m\u0131s\u0131r tohumlar\u0131n\u0131 depolamak i\u00e7in do\u011frudan b\u00fcy\u00fck konteynere ula\u015fabiliyor.<\/p>    <p>Dikkat edin, m\u0131s\u0131r harman makinesi fiyat\u0131 farkl\u0131 s\u0131ralamalara g\u00f6re de\u011fi\u015fmektedir.<\/p>   <div class=\"wp-block-image\"> <figure class=\"aligncenter size-full\"><img loading=\"lazy\" decoding=\"async\" width=\"720\" height=\"540\" src=\"https:\/\/taizyagromachine.com\/wp-content\/uploads\/2022\/02\/optional-conveyor-and-pipe-corn-thresher.jpg\" alt=\"iste\u011fe ba\u011fl\u0131-konvey\u00f6rl\u00fc-ve-borulu-m\u0131s\u0131r harmanlay\u0131c\u0131\" class=\"wp-image-2068\" srcset=\"https:\/\/taizyagromachine.com\/wp-content\/uploads\/2022\/02\/optional-conveyor-and-pipe-corn-thresher.jpg 720w, https:\/\/taizyagromachine.com\/wp-content\/uploads\/2022\/02\/optional-conveyor-and-pipe-corn-thresher-300x225.jpg 300w\" sizes=\"auto, (max-width: 720px) 100vw, 720px\" \/><figcaption class=\"wp-element-caption\">iste\u011fe ba\u011fl\u0131 konvey\u00f6r ve boru<\/figcaption><\/figure> <\/div>   <h2 class=\"wp-block-heading\"><strong>M\u0131s\u0131r Harman Fiyat\u0131n\u0131 Etkileyen Fakt\u00f6rler<\/strong><\/h2>    <p>M\u0131s\u0131r harman makinas\u0131 fiyat\u0131n\u0131 etkileyen bir\u00e7ok fakt\u00f6r bulunmaktad\u0131r. Referans\u0131n\u0131z i\u00e7in sadece birka\u00e7 fakt\u00f6r\u00fc listeliyoruz.<\/p>    <ul class=\"wp-block-list\"> <li><strong>\u0130ste\u011fe ba\u011fl\u0131 ekipman<\/strong>. Yukar\u0131da belirtildi\u011fi gibi, bu b\u00fcy\u00fck m\u0131s\u0131r harman makinesi i\u00e7in farkl\u0131 konfig\u00fcrasyonlar mevcuttur. Boru ve konvey\u00f6r bants\u0131z ile boru ve konvey\u00f6r bantl\u0131 fiyatlar\u0131 tamamen farkl\u0131d\u0131r.<\/li>    <li><strong>Makinenin g\u00fcc\u00fc<\/strong>. M\u0131s\u0131r harman makinesi dizel motorla veya elektrik motoruyla \u00e7al\u0131\u015ft\u0131r\u0131labilir. Dizel motor veya elektrik motoru ile fiyat farkl\u0131d\u0131r. <\/li>    <li><strong>Makinenin kalitesi<\/strong>. M\u0131s\u0131r harman makinesi \u00fcreticileri ve tedarik\u00e7ileri piyasada \u00e7oktur. Belki baz\u0131 tedarik\u00e7iler, m\u0131s\u0131r e\u015fle\u015ftiricimizle kar\u015f\u0131la\u015ft\u0131r\u0131ld\u0131\u011f\u0131nda makineyi daha ucuz bir fiyata sahiptir, ancak makinenin kalitesine de dikkat etmelisiniz. <\/li> <\/ul>    <h2 class=\"wp-block-heading\"><strong>Taizy'nin G\u00fc\u00e7l\u00fc Y\u00f6nleri - G\u00fcvenilir M\u0131s\u0131r E\u015fleme \u00dcreticileri ve Tedarik\u00e7ileri<\/strong><\/h2>    <ol class=\"wp-block-list\"> <li><strong>Rekabet\u00e7i fiyat<\/strong>. Biz hem imalat\u00e7\u0131y\u0131z, hem \u00fcreticiyiz, dolay\u0131s\u0131yla makine fiyat\u0131na ekstra maliyet katmadan fiyat avantaj\u0131na sahip oluyoruz.<\/li>    <li><strong>CE belgesi<\/strong>. M\u0131s\u0131r harman makinalar\u0131m\u0131z ilgili otorite taraf\u0131ndan belgelendirilmi\u015f olup, makinan\u0131n kalitesi garantili olup kullan\u0131m \u00f6mr\u00fc uzundur.<\/li>    <li><strong>Sat\u0131\u015f sonras\u0131 servis<\/strong>. M\u0131s\u0131r harman makinesinin kullan\u0131m\u0131 s\u00fcrecinde kar\u015f\u0131la\u015fabilece\u011finiz her t\u00fcrl\u00fc soruyu cevaplamak i\u00e7in personelimiz size profesyonel sat\u0131\u015f sonras\u0131 hizmet sunacakt\u0131r.<\/li>    <li><strong>\u00c7evrimi\u00e7i hizmet, video rehberli\u011fi vb.<\/strong>. Makineyi teslim ald\u0131\u011f\u0131n\u0131z anda, ka\u00e7\u0131n\u0131lmaz olarak makineye yabanc\u0131s\u0131n\u0131zd\u0131r. Bu a\u015famada, \u00e7evrimi\u00e7i rehberlik sa\u011flayaca\u011f\u0131z veya video, m\u00fc\u015fterilerin makinenin kullan\u0131m\u0131na m\u00fcmk\u00fcn olan en k\u0131sa s\u00fcrede al\u0131\u015fmalar\u0131na yard\u0131mc\u0131 olabilir.<\/li> <\/ol>   <div class=\"wp-block-image\"> <figure class=\"aligncenter size-full\"><img loading=\"lazy\" decoding=\"async\" width=\"720\" height=\"540\" src=\"https:\/\/taizyagromachine.com\/wp-content\/uploads\/2022\/04\/strong-strength-Taizy-Argo-Machine.jpg\" alt=\"g\u00fc\u00e7l\u00fc g\u00fc\u00e7-Taizy Argo Makinesi\" class=\"wp-image-2452\" srcset=\"https:\/\/taizyagromachine.com\/wp-content\/uploads\/2022\/04\/strong-strength-Taizy-Argo-Machine.jpg 720w, https:\/\/taizyagromachine.com\/wp-content\/uploads\/2022\/04\/strong-strength-Taizy-Argo-Machine-300x225.jpg 300w\" sizes=\"auto, (max-width: 720px) 100vw, 720px\" \/><figcaption class=\"wp-element-caption\">g\u00fc\u00e7l\u00fc g\u00fc\u00e7-Taizy Argo Makinesi<\/figcaption><\/figure> <\/div>   <h2 class=\"wp-block-heading\" id=\"several-things-to-clarify\"><strong>M\u0131s\u0131r M\u0131s\u0131r Kabuk soyma Makinesi \u0130\u00e7in A\u00e7\u0131kl\u0131\u011fa kavu\u015fturulmas\u0131 Gereken Birka\u00e7 \u015eey<\/strong><\/h2>   <div id=\"rank-math-faq\" class=\"rank-math-block\"> <div class=\"rank-math-list\"> <div id=\"faq-question-1668158967005\" class=\"rank-math-list-item\"> <h3 class=\"rank-math-question\"><strong><strong>Bu makine sadece m\u0131s\u0131r i\u00e7in mi<\/strong><\/strong>? Dar\u0131 gibi di\u011fer mahsuller ve <strong><strong>sorgum, bu makine uygulanabilir mi?<\/strong><\/strong><\/h3> <div class=\"rank-math-answer\">  <p>Bu m\u0131s\u0131r harman makinesi yaln\u0131zca kuru m\u0131s\u0131r\u0131n ay\u0131klanmas\u0131 i\u00e7in kullan\u0131labilir. Di\u011fer mahsuller di\u011fer harman makinelerini se\u00e7ebilir. \u00d6rne\u011fin sorgum \u00e7ok i\u015flevli harman makinesini kullanabilir.<\/p>  <\/div> <\/div> <div id=\"faq-question-1668158977898\" class=\"rank-math-list-item\"> <h3 class=\"rank-math-question\"><strong><strong>M\u0131s\u0131r harman makinesi m\u0131s\u0131r kabu\u011funu soyabilir mi?<\/strong><\/strong><\/h3> <div class=\"rank-math-answer\">  <p>Hay\u0131r, bu m\u0131s\u0131r harman makinesi kabuksuz m\u0131s\u0131r i\u00e7in uygundur.<\/p>  <\/div> <\/div> <div id=\"faq-question-1668158995127\" class=\"rank-math-list-item\"> <h3 class=\"rank-math-question\"><strong><strong>Tatl\u0131 m\u0131s\u0131r bu m\u0131s\u0131r soyma makinesini harmanlamak i\u00e7in kullanabilir mi?<\/strong><\/strong><\/h3> <div class=\"rank-math-answer\">  <p>Sat\u0131l\u0131k m\u0131s\u0131r soyma makinesi tatl\u0131 m\u0131s\u0131r harmanlama makinesinden farkl\u0131d\u0131r. Bu makine kuru m\u0131s\u0131r\u0131 harmanl\u0131yor. Tatl\u0131 m\u0131s\u0131r\u0131 harmanlamak istiyorsan\u0131z tatl\u0131 m\u0131s\u0131r soyma makinesi daha iyi bir se\u00e7imdir.<\/p>  <\/div> <\/div> <\/div> <\/div>   <h2 class=\"wp-block-heading\"><strong>Big Taizy M\u0131s\u0131r Harman\u0131n\u0131n Teknik Parametreleri<\/strong><\/h2>    <figure class=\"wp-block-table\"><table><tbody><tr><td>Modeli<\/td><td>5TY-80D<\/td><\/tr><tr><td>G\u00fc\u00e7<\/td><td>15HP dizel motor veya 7,5 kW motor<\/td><\/tr><tr><td>Kapasite<\/td><td>6 t\/h (M\u0131s\u0131r tohumlar\u0131)<\/td><\/tr><tr><td>Harman oran\u0131<\/td><td>\u226599,5%<\/td><\/tr><tr><td>Kay\u0131p oran\u0131<\/td><td>\u22642,0%<\/td><\/tr><tr><td>K\u0131r\u0131lma oran\u0131<\/td><td>\u22641,5%<\/td><\/tr><tr><td>Safs\u0131zl\u0131k oran\u0131<\/td><td>\u22641,0%<\/td><\/tr><tr><td>A\u011f\u0131rl\u0131k<\/td><td>350kg<\/td><\/tr><tr><td>Boyut<\/td><td>3860*1360*2480 mm<\/td><\/tr><\/tbody><\/table><figcaption class=\"wp-element-caption\">m\u0131s\u0131r harman makinesi parametreleri<\/figcaption><\/figure>    <h2 class=\"wp-block-heading\"><strong>M\u0131s\u0131r Harman\u0131n\u0131za \u015eimdi Ba\u015flay\u0131n!<\/strong><\/h2>    <p class=\"translation-block\">Hemen <a href=\"https:\/\/en.wikipedia.org\/wiki\/Maize\" target=\"_blank\" rel=\"noopener\">m\u0131s\u0131r<\/a> hasat yolculu\u011funuza ba\u015flay\u0131n! Verimli ve kullan\u0131\u015fl\u0131 b\u00fcy\u00fck m\u0131s\u0131r harman makinemizi se\u00e7in, tek tu\u015fla toplu m\u0131s\u0131r harman modunu a\u00e7\u0131n. Daha fazla m\u0131s\u0131r harman makinesi detay\u0131 ve en iyi fiyat i\u00e7in hemen bizimle ileti\u015fime ge\u00e7in!<\/p>    <figure class=\"wp-block-embed is-type-video is-provider-youtube wp-block-embed-youtube wp-embed-aspect-16-9 wp-has-aspect-ratio\"><div class=\"wp-block-embed__wrapper\"> <iframe loading=\"lazy\" title=\"M\u0131s\u0131r harmanlama i\u00e7in y\u00fcksek hacimli m\u0131s\u0131r kabuklu makinesi | 6t\/s ile m\u0131s\u0131r bombard\u0131man\u0131 i\u00e7in m\u0131s\u0131r harmanl\u0131\u011f\u0131\" width=\"500\" height=\"281\" src=\"https:\/\/www.youtube.com\/embed\/ZE9BoK5BwqM?feature=oembed\" frameborder=\"0\" allow=\"accelerometer; autoplay; clipboard-write; encrypted-media; gyroscope; picture-in-picture; web-share\" referrerpolicy=\"strict-origin-when-cross-origin\" allowfullscreen><\/iframe> <\/div><figcaption class=\"wp-element-caption\">M\u0131s\u0131r harman makinesinin videosu<\/figcaption><\/figure>","protected":false},"excerpt":{"rendered":"<p>M\u0131s\u0131r Thresher \u00f6zellikle m\u0131s\u0131r \u00e7ekirde\u011fi ve m\u0131s\u0131r ko\u00e7an\u0131 olarak, tip katlanm\u0131\u015f konvey\u00f6r olan saatte 6t b\u00fcy\u00fck bir kapasiteye sahip olmak i\u00e7in \u00f6zel olarak! Se\u00e7erken referans\u0131n\u0131z i\u00e7in makine parametreleri ile birlikte en son m\u0131s\u0131r hari\u00e7 tiplerini a\u00e7\u0131kl\u0131yoruz.<\/p>","protected":false},"author":1,"featured_media":2141,"parent":0,"template":"","tags":[],"product-type":[17],"class_list":["post-2064","product","type-product","status-publish","has-post-thumbnail","hentry","product-type-corn-machine"],"_links":{"self":[{"href":"https:\/\/taizyagromachine.com\/tr\/wp-json\/wp\/v2\/product\/2064","targetHints":{"allow":["GET"]}}],"collection":[{"href":"https:\/\/taizyagromachine.com\/tr\/wp-json\/wp\/v2\/product"}],"about":[{"href":"https:\/\/taizyagromachine.com\/tr\/wp-json\/wp\/v2\/types\/product"}],"author":[{"embeddable":true,"href":"https:\/\/taizyagromachine.com\/tr\/wp-json\/wp\/v2\/users\/1"}],"wp:featuredmedia":[{"embeddable":true,"href":"https:\/\/taizyagromachine.com\/tr\/wp-json\/wp\/v2\/media\/2141"}],"wp:attachment":[{"href":"https:\/\/taizyagromachine.com\/tr\/wp-json\/wp\/v2\/media?parent=2064"}],"wp:term":[{"taxonomy":"post_tag","embeddable":true,"href":"https:\/\/taizyagromachine.com\/tr\/wp-json\/wp\/v2\/tags?post=2064"},{"taxonomy":"product-type","embeddable":true,"href":"https:\/\/taizyagromachine.com\/tr\/wp-json\/wp\/v2\/product-type?post=2064"}],"curies":[{"name":"wp","href":"https:\/\/api.w.org\/{rel}","templated":true}]}}