{"id":2092,"date":"2022-02-17T09:56:31","date_gmt":"2022-02-17T09:56:31","guid":{"rendered":"https:\/\/taizyagromachine.com\/"},"modified":"2025-05-07T11:30:30","modified_gmt":"2025-05-07T03:30:30","slug":"automatic-groundnut-oil-sunflower-oil-making-machine","status":"publish","type":"product","link":"https:\/\/taizyagromachine.com\/tr\/product\/automatic-groundnut-oil-sunflower-oil-making-machine\/","title":{"rendered":"Yer F\u0131st\u0131\u011f\u0131 Ya\u011f\u0131 Yapma Makinesi | F\u0131st\u0131k Ya\u011f\u0131 Pres Makinas\u0131"},"content":{"rendered":"<p class=\"translation-block\">Taizy <strong>yer f\u0131st\u0131\u011f\u0131 ya\u011f\u0131 yapma makinesi<\/strong>, s\u0131cak presleme ile vidal\u0131 s\u0131kma yoluyla yer f\u0131st\u0131\u011f\u0131 \u00e7ekirdeklerinden veya kabuklu yer f\u0131st\u0131klar\u0131ndan ya\u011f ve kat\u0131 ya\u011f \u00e7\u0131karmada uzmanla\u015fm\u0131\u015ft\u0131r. Bir vidal\u0131 ya\u011f presidir, ay \u00e7ekirde\u011fi, soya fasulyesi vb. i\u00e7in de uygundur. \u00c7\u0131kt\u0131s\u0131 40-600kg\/saat aras\u0131ndad\u0131r.<\/p>    <p>Bu f\u0131st\u0131k ya\u011f\u0131 pres makinesi, 43-54% ya\u011f ekstraksiyon oran\u0131na sahiptir. Preslenmi\u015f yer f\u0131st\u0131\u011f\u0131 i\u00e7in s\u0131cakl\u0131k 100-200 \u2103 ve makinenin s\u0131cakl\u0131\u011f\u0131 180 \u2103 civar\u0131ndad\u0131r.<\/p>    <p>Basit yap\u0131, kolay \u00e7al\u0131\u015fma ve y\u00fcksek ya\u011f verimi ile karakterizedir ve k\u00fc\u00e7\u00fck petrol evlerinde ve aile at\u00f6lyelerinde yayg\u0131n olarak kullan\u0131lmaktad\u0131r. Daha fazla bilgi istiyorsan\u0131z, daha fazla makine ayr\u0131nt\u0131s\u0131 i\u00e7in l\u00fctfen benimle ileti\u015fime ge\u00e7in!<\/p>    <figure class=\"wp-block-embed is-type-video is-provider-youtube wp-block-embed-youtube wp-embed-aspect-16-9 wp-has-aspect-ratio\"><div class=\"wp-block-embed__wrapper\"> <iframe loading=\"lazy\" title=\"So\u011fuk ve K\u0131zg\u0131n Ya\u011f Presi ile F\u0131st\u0131k Ya\u011f\u0131 Nas\u0131l \u00c7\u0131kar\u0131l\u0131r? Yerf\u0131st\u0131\u011f\u0131 Tohumu Kabu\u011fu i\u00e7in Ya\u011f \u00c7\u0131karma Makinesi\" width=\"500\" height=\"281\" src=\"https:\/\/www.youtube.com\/embed\/drwu4FR4itc?feature=oembed\" frameborder=\"0\" allow=\"accelerometer; autoplay; clipboard-write; encrypted-media; gyroscope; picture-in-picture; web-share\" referrerpolicy=\"strict-origin-when-cross-origin\" allowfullscreen><\/iframe> <\/div><figcaption class=\"wp-element-caption\">vidal\u0131 ya\u011f presleme makinesinin videosu<\/figcaption><\/figure>    <h2 class=\"wp-block-heading\" id=\"features-of-groundnut-oil-processing-machine\"><strong>Taizy yer f\u0131st\u0131\u011f\u0131 ya\u011f\u0131 \u00e7\u0131karma makinas\u0131n\u0131n \u00f6zellikleri<\/strong>&nbsp;<\/h2>    <ul class=\"wp-block-list\"> <li>Bu makine geni\u015f bir yelpazeye sahiptir. <strong>40-600kg\/saat kapasite<\/strong>olduk\u00e7a verimlidir.<\/li>    <li>Bir <strong>43-54% y\u00fcksek ya\u011f verimi<\/strong>, i\u015finize fayda sa\u011flar.<\/li>    <li>Ekipman yaln\u0131zca a\u015fa\u011f\u0131dakiler i\u00e7in ge\u00e7erli de\u011fildir: <strong>f\u0131st\u0131k<\/strong>, ancak ayn\u0131 zamanda \u015funun i\u00e7in de kullan\u0131labilir: <strong>ay\u00e7i\u00e7e\u011fi tohumu, soya fasulyesi<\/strong> ve di\u011fer ya\u011fl\u0131 bitkiler.<\/li>    <li>Yer f\u0131st\u0131\u011f\u0131 ya\u011f\u0131 i\u015fleme makinesi olabilir <strong>vakum filtreleri ile donat\u0131lm\u0131\u015f<\/strong>, daha y\u00fcksek kalitede yenilebilir ya\u011f elde ediyoruz.<\/li>    <li>Vida bir <strong>\u00fc\u00e7 dereceli pres<\/strong>, malzemeleri bir defa koyarak son yemeklik ya\u011f\u0131 elde ediyoruz.<\/li>    <li>Basit bir yap\u0131ya sahiptir, <strong>kullan\u0131m\u0131 kolay<\/strong>.<\/li>    <li>Bu f\u0131st\u0131k ya\u011f\u0131 pres makinesi <strong>y\u00fcksek kaliteli malzemelerden yap\u0131lm\u0131\u015f<\/strong>ve istikrarl\u0131 bir performansa ve uzun hizmet \u00f6mr\u00fcne sahiptir.<\/li> <\/ul>    <figure class=\"wp-block-gallery aligncenter has-nested-images columns-default is-cropped wp-block-gallery-2 is-layout-flex wp-block-gallery-is-layout-flex\"> <figure class=\"wp-block-image size-large\"><img loading=\"lazy\" decoding=\"async\" width=\"950\" height=\"540\" data-id=\"7116\" src=\"https:\/\/taizyagromachine.com\/wp-content\/uploads\/2022\/02\/peanut-oil-expeller-machine-for-groundnut-oil.webp\" alt=\"Yer f\u0131st\u0131\u011f\u0131 ya\u011f\u0131 i\u00e7in yer f\u0131st\u0131\u011f\u0131 ya\u011f\u0131 \u00e7\u0131karma makinesi\" class=\"wp-image-7116\" srcset=\"https:\/\/taizyagromachine.com\/wp-content\/uploads\/2022\/02\/peanut-oil-expeller-machine-for-groundnut-oil.webp 950w, https:\/\/taizyagromachine.com\/wp-content\/uploads\/2022\/02\/peanut-oil-expeller-machine-for-groundnut-oil-18x10.webp 18w\" sizes=\"auto, (max-width: 950px) 100vw, 950px\" \/><figcaption class=\"wp-element-caption\">Yer f\u0131st\u0131\u011f\u0131 ya\u011f\u0131 i\u00e7in yer f\u0131st\u0131\u011f\u0131 ya\u011f\u0131 \u00e7\u0131karma makinesi<\/figcaption><\/figure> <\/figure>    <h2 class=\"wp-block-heading\"><strong>Yer f\u0131st\u0131\u011f\u0131 ya\u011f\u0131 yapma makinesinin teknik parametreleri<\/strong><\/h2>    <figure class=\"wp-block-table\"><table class=\"has-fixed-layout\"><tbody><tr><td>Modeli<\/td><td>6YL-60<\/td><td>6YL-70<\/td><td>6YL-100<\/td><td>6YL-125<\/td><td>6YL-150<\/td><\/tr><tr><td>Kapasite(kg\/saat)<\/td><td>40-60<\/td><td>45-70<\/td><td>150-230<\/td><td>300-400<\/td><td>500-600<\/td><\/tr><tr><td>Vida \u00e7ap\u0131 (mm)<\/td><td>\u03a660<\/td><td>\u03c670<\/td><td>\u03a6100<\/td><td>\u03a6125<\/td><td>\u03a6150<\/td><\/tr><tr><td>Vida h\u0131z\u0131 (dev\/dak)<\/td><td>64<\/td><td>37<\/td><td>37<\/td><td>35<\/td><td>35<\/td><\/tr><tr><td>Motor g\u00fcc\u00fc(kw)<\/td><td>2.5<\/td><td>3<\/td><td>7.5<\/td><td>15<\/td><td>30<\/td><\/tr><tr><td>A\u011f\u0131rl\u0131k(kg)<\/td><td>240<\/td><td>320<\/td><td>1100<\/td><td>1320<\/td><td>1420<\/td><\/tr><tr><td>Boyut(mm)<\/td><td>1020*780*1100<\/td><td>1450*870*1180<\/td><td>1800*1200*1550<\/td><td>2100*1400*1700<\/td><td>2300*1400*1700<\/td><\/tr><\/tbody><\/table><figcaption class=\"wp-element-caption\">yer f\u0131st\u0131\u011f\u0131 ya\u011f\u0131 \u00e7\u0131karma makinas\u0131n\u0131n teknik verileri<\/figcaption><\/figure>    <h2 class=\"wp-block-heading\" id=\"structure-of-groundnut-oil-extraction\"><strong>Yer f\u0131st\u0131\u011f\u0131 ya\u011f\u0131 yapma makinesinin yap\u0131s\u0131<\/strong><\/h2>    <p>Genel olarak yap\u0131 basittir. Esas olarak be\u015f par\u00e7adan olu\u015fur: elektrik kontrol par\u00e7as\u0131, \u0131s\u0131tma ve presleme par\u00e7as\u0131, ayar par\u00e7as\u0131, \u015fanz\u0131man par\u00e7as\u0131 ve vakum ya\u011f filtresi. <\/p>    <ul class=\"wp-block-list\"> <li>Yerf\u0131st\u0131\u011f\u0131 ya\u011f\u0131 yapma makinelerinden birinde, elektrik kontrol k\u0131sm\u0131 t\u00fcm makinenin devresini kontrol eder. <\/li>    <li>Is\u0131tma ve presleme k\u0131sm\u0131, esas olarak malzemeyi yenilebilir ya\u011fa d\u00f6n\u00fc\u015ft\u00fcren \u00e7ekirdektir. <\/li>    <li>Ayar ve aktarma k\u0131sm\u0131 da vazge\u00e7ilmez par\u00e7alardand\u0131r. <\/li>    <li>Vakumlu ya\u011f filtresi k\u0131sm\u0131 esas olarak yenilebilir ya\u011f\u0131 vakumla filtreler.<\/li> <\/ul>   <div class=\"wp-block-image\"> <figure class=\"aligncenter size-full\"><img loading=\"lazy\" decoding=\"async\" width=\"720\" height=\"540\" src=\"https:\/\/taizyagromachine.com\/wp-content\/uploads\/2022\/02\/structure-of-groundnut-oil-processing-machine.jpg\" alt=\"yer f\u0131st\u0131\u011f\u0131 ya\u011f\u0131 i\u015fleme makinesinin yap\u0131s\u0131\" class=\"wp-image-2094\" srcset=\"https:\/\/taizyagromachine.com\/wp-content\/uploads\/2022\/02\/structure-of-groundnut-oil-processing-machine.jpg 720w, https:\/\/taizyagromachine.com\/wp-content\/uploads\/2022\/02\/structure-of-groundnut-oil-processing-machine-300x225.jpg 300w\" sizes=\"auto, (max-width: 720px) 100vw, 720px\" \/><figcaption class=\"wp-element-caption\">yer f\u0131st\u0131\u011f\u0131 ya\u011f\u0131 i\u015fleme makinesinin yap\u0131s\u0131<\/figcaption><\/figure> <\/div>   <figure class=\"wp-block-table is-style-stripes\"><table><tbody><tr><td>1. s\u0131cakl\u0131k reg\u00fclat\u00f6r\u00fc<\/td><td>7. besleme giri\u015fi<\/td><\/tr><tr><td>2. duman tahliyesi<\/td><td>8. ayar b\u00f6l\u00fcm\u00fc<\/td><\/tr><tr><td>3. g\u00fc\u00e7 da\u011f\u0131t\u0131m kabini<\/td><td>9. \u0131s\u0131tma eleman\u0131<\/td><\/tr><tr><td>4. ya\u011flama konumu<\/td><td>10. ya\u011f \u00e7\u0131k\u0131\u015f k\u0131sm\u0131<\/td><\/tr><tr><td>5. red\u00fckt\u00f6r<\/td><td>11. bas\u0131n k\u0131sm\u0131<\/td><\/tr><tr><td>6. motor<\/td><td>12. vakumlu ya\u011f filtresi<\/td><\/tr><\/tbody><\/table><figcaption class=\"wp-element-caption\">yer f\u0131st\u0131\u011f\u0131 ya\u011f\u0131 pres makinesinin isim listesi<\/figcaption><\/figure>    <h2 class=\"wp-block-heading\" id=\"how-to-do-extraction-of-oil-from-groundnut-seed\"><strong>Yer f\u0131st\u0131\u011f\u0131ndan yer f\u0131st\u0131\u011f\u0131 ya\u011f\u0131 nas\u0131l \u00e7\u0131kar\u0131l\u0131r?<\/strong><\/h2>   <div class=\"wp-block-image\"> <figure class=\"aligncenter size-full\"><img loading=\"lazy\" decoding=\"async\" width=\"720\" height=\"540\" src=\"https:\/\/taizyagromachine.com\/wp-content\/uploads\/2022\/02\/screw-sunflower-oil-press.jpg\" alt=\"vida\" class=\"wp-image-2100\" srcset=\"https:\/\/taizyagromachine.com\/wp-content\/uploads\/2022\/02\/screw-sunflower-oil-press.jpg 720w, https:\/\/taizyagromachine.com\/wp-content\/uploads\/2022\/02\/screw-sunflower-oil-press-300x225.jpg 300w\" sizes=\"auto, (max-width: 720px) 100vw, 720px\" \/><figcaption class=\"wp-element-caption\">vida<\/figcaption><\/figure> <\/div>   <p class=\"translation-block\">Bu yer f\u0131st\u0131\u011f\u0131 ya\u011f\u0131 yapma makinesi, ya\u011f presleme i\u00e7in vidal\u0131 bir \u015fafta sahip bir <a href=\"https:\/\/taizyagromachine.com\/tr\/product\/oil-press-machine-cold-oil-press-hot-oil-press-machine\/\">vidal\u0131 ya\u011f presidir<\/a>. Peki, yer f\u0131st\u0131\u011f\u0131 ya\u011f\u0131 nas\u0131l yap\u0131l\u0131r? A\u015fa\u011f\u0131daki ad\u0131mlara bak\u0131n.<\/p>    <ol class=\"wp-block-list\"> <li><strong>Hammadde haz\u0131rlama<\/strong> <ul class=\"wp-block-list\"> <li>Kirlili\u011fin temizlenmesi ve giderilmesi: f\u0131st\u0131klar\u0131 temizleyin, topra\u011f\u0131, ta\u015flar\u0131, yabanc\u0131 maddeleri vb. \u00e7\u0131kar\u0131n.<\/li>    <li>Kavurma: Ya\u011f verimini artt\u0131rmak i\u00e7in temizlenmi\u015f f\u0131st\u0131klar\u0131 kavurun. S\u0131cakl\u0131k 100-120\u00b0C'ye ula\u015f\u0131r, bu da sonraki s\u0131cak ya\u011f preslemesi i\u00e7in daha iyidir. <\/li> <\/ul> <\/li>    <li><strong>Ya\u011f presinin \u00f6n \u0131s\u0131t\u0131lmas\u0131<\/strong> <ul class=\"wp-block-list\"> <li>Makineyi \u00e7al\u0131\u015ft\u0131r\u0131n: resmi ya\u011f \u00e7\u0131karma i\u015fleminden \u00f6nce, vidal\u0131 ya\u011f presini \u00e7al\u0131\u015ft\u0131r\u0131n ve uygun \u00f6n \u0131s\u0131tma i\u015flemini ger\u00e7ekle\u015ftirin. Yer f\u0131st\u0131\u011f\u0131 ya\u011f\u0131n\u0131n daha kolay akabilmesi i\u00e7in yer f\u0131st\u0131\u011f\u0131 ya\u011f\u0131 makinesinin \u00e7al\u0131\u015fma s\u0131cakl\u0131\u011f\u0131na ula\u015ft\u0131\u011f\u0131ndan emin olun.<\/li>    <li>Besleme portunu kontrol edin: besleme portunun temiz ve t\u0131kal\u0131 olmad\u0131\u011f\u0131ndan, beslemeye ba\u015flamaya haz\u0131r oldu\u011fundan emin olun.<\/li> <\/ul> <\/li>    <li><strong>Besleme ve ya\u011f \u00e7\u0131karma<\/strong> <ul class=\"wp-block-list\"> <li>E\u015fit besleme: f\u0131st\u0131klar\u0131 vidal\u0131 presin besleme portuna yava\u015f ve e\u015fit bir \u015fekilde koyun.<\/li>    <li>Vida presleme: Vidal\u0131 ya\u011f \u00e7\u0131karma makinesi, vida milinin d\u00f6n\u00fc\u015f\u00fc yoluyla yer f\u0131st\u0131\u011f\u0131na bask\u0131 uygular. Yer f\u0131st\u0131\u011f\u0131 yava\u015f yava\u015f ezilir, bas\u0131n\u00e7 alt\u0131na al\u0131n\u0131r ve ya\u011f ile birlikte serbest b\u0131rak\u0131l\u0131r.<\/li>    <li>Ya\u011f-tortu ayr\u0131m\u0131: Presleme i\u015flemi s\u0131ras\u0131nda ya\u011f ve tortular ayr\u0131l\u0131r. Yer f\u0131st\u0131\u011f\u0131 ya\u011f\u0131 \u00e7\u0131k\u0131\u015ftan d\u0131\u015far\u0131 akarken, kal\u0131nt\u0131 (f\u0131st\u0131k keki) di\u011fer u\u00e7tan bo\u015falt\u0131l\u0131r.<\/li> <\/ul> <\/li>    <li><strong>Ya\u011f ve gresin filtrelenmesi<\/strong> <ul class=\"wp-block-list\"> <li>Filtrasyon: S\u0131cak preslenmi\u015f yer f\u0131st\u0131\u011f\u0131 ya\u011f\u0131, ya\u011f kal\u0131nt\u0131s\u0131n\u0131n \u00e7o\u011fundan filtreleme yoluyla ayr\u0131labilen bir miktar kal\u0131nt\u0131 i\u00e7erecektir.<\/li> <\/ul> <\/li>    <li><strong>Ya\u011f toplama ve depolama<\/strong> <ul class=\"wp-block-list\"> <li>Yer f\u0131st\u0131\u011f\u0131 ya\u011f\u0131n\u0131n toplanmas\u0131: Filtrelenmi\u015f yer f\u0131st\u0131\u011f\u0131 ya\u011f\u0131n\u0131 temiz bir kapta toplay\u0131n, ya\u011f\u0131n safl\u0131\u011f\u0131n\u0131 korumak i\u00e7in yabanc\u0131 maddelerle veya nemle temas\u0131ndan ka\u00e7\u0131n\u0131n.<\/li>    <li>Depolama: Yer f\u0131st\u0131\u011f\u0131 ya\u011f\u0131, raf \u00f6mr\u00fcn\u00fc uzatmak i\u00e7in hava ge\u00e7irmez bir kapta, serin ve kuru bir yerde saklanmal\u0131d\u0131r.<\/li> <\/ul> <\/li>    <li><strong>Kal\u0131nt\u0131 ar\u0131tma<\/strong> <ul class=\"wp-block-list\"> <li>F\u0131st\u0131k kekinin imhas\u0131: Preslendikten sonra f\u0131st\u0131k keki, hi\u00e7bir hammadde israf\u0131 olmadan hayvan yemi olarak veya di\u011fer end\u00fcstriyel ama\u00e7lar i\u00e7in kullan\u0131labilir.<\/li> <\/ul> <\/li> <\/ol>    <figure class=\"wp-block-embed is-type-video is-provider-youtube wp-block-embed-youtube wp-embed-aspect-16-9 wp-has-aspect-ratio\"><div class=\"wp-block-embed__wrapper\"> <iframe loading=\"lazy\" title=\"Yer f\u0131st\u0131\u011f\u0131, ay\u00e7i\u00e7e\u011fi \u00e7ekirde\u011fi ve susam i\u00e7in vidal\u0131 ya\u011f presi | Ya\u011f \u00e7\u0131karma makinas\u0131 nas\u0131l \u00e7al\u0131\u015f\u0131r?\" width=\"500\" height=\"281\" src=\"https:\/\/www.youtube.com\/embed\/Z-tnbuRlQzc?feature=oembed\" frameborder=\"0\" allow=\"accelerometer; autoplay; clipboard-write; encrypted-media; gyroscope; picture-in-picture; web-share\" referrerpolicy=\"strict-origin-when-cross-origin\" allowfullscreen><\/iframe> <\/div><figcaption class=\"wp-element-caption\">ya\u011f\u0131n nas\u0131l \u00e7\u0131kar\u0131laca\u011f\u0131na dair video<\/figcaption><\/figure>    <h2 class=\"wp-block-heading\"><strong>Ekstraksiyon s\u00fcrecinde y\u00fcksek kaliteli yenilebilir yer f\u0131st\u0131\u011f\u0131 ya\u011f\u0131 nas\u0131l elde edilir?<\/strong><\/h2>    <p>Yemeklik ya\u011f ekstraksiyonunda m\u00fc\u015fteriler en \u00e7ok ya\u011f\u0131n kalitesiyle ilgilenmektedir. Peki kaliteli yemeklik ya\u011f nas\u0131l elde edilir?<\/p>    <p>Ya\u011f filtreleme teknolojisinin kullan\u0131lmas\u0131, yabanc\u0131 maddeleri ve k\u00f6t\u00fc tatlar\u0131 gidererek yenilebilir ya\u011flar\u0131n kalitesini etkili bir \u015fekilde art\u0131rabilir, b\u00f6ylece daha berrak, daha saf ya\u011flar elde edilebilir. Bu nedenle, yer f\u0131st\u0131\u011f\u0131 ya\u011f\u0131 yapma makinemiz genellikle m\u00fc\u015fterilerin bu hedefi ger\u00e7ekle\u015ftirmesine yard\u0131mc\u0131 olabilecek ya\u011f filtreleme tamburlar\u0131yla donat\u0131lm\u0131\u015ft\u0131r.<\/p>    <figure class=\"wp-block-gallery has-nested-images columns-default is-cropped wp-block-gallery-3 is-layout-flex wp-block-gallery-is-layout-flex\"> <figure class=\"wp-block-image size-large\"><img loading=\"lazy\" decoding=\"async\" width=\"720\" height=\"540\" data-id=\"7109\" src=\"https:\/\/taizyagromachine.com\/wp-content\/uploads\/2022\/02\/new-groundnut-oil-making-machine-with-oil-filter.webp\" alt=\"Ya\u011f filtreli yeni yer f\u0131st\u0131\u011f\u0131 ya\u011f\u0131 yapma makinesi\" class=\"wp-image-7109\" srcset=\"https:\/\/taizyagromachine.com\/wp-content\/uploads\/2022\/02\/new-groundnut-oil-making-machine-with-oil-filter.webp 720w, https:\/\/taizyagromachine.com\/wp-content\/uploads\/2022\/02\/new-groundnut-oil-making-machine-with-oil-filter-16x12.webp 16w\" sizes=\"auto, (max-width: 720px) 100vw, 720px\" \/><figcaption class=\"wp-element-caption\">Ya\u011f filtreli yeni yer f\u0131st\u0131\u011f\u0131 ya\u011f\u0131 yapma makinesi<\/figcaption><\/figure>    <figure class=\"wp-block-image size-large\"><img loading=\"lazy\" decoding=\"async\" width=\"720\" height=\"540\" data-id=\"7110\" src=\"https:\/\/taizyagromachine.com\/wp-content\/uploads\/2022\/02\/oil-filtering-drum.webp\" alt=\"ya\u011f filtreleme tamburu\" class=\"wp-image-7110\" srcset=\"https:\/\/taizyagromachine.com\/wp-content\/uploads\/2022\/02\/oil-filtering-drum.webp 720w, https:\/\/taizyagromachine.com\/wp-content\/uploads\/2022\/02\/oil-filtering-drum-16x12.webp 16w\" sizes=\"auto, (max-width: 720px) 100vw, 720px\" \/><figcaption class=\"wp-element-caption\">ya\u011f filtreleme tamburu<\/figcaption><\/figure> <\/figure>    <h2 class=\"wp-block-heading\" id=\"what-materials-is-suitable-for-peanut-oil-press-machine\"><strong>Yer f\u0131st\u0131\u011f\u0131 ya\u011f\u0131 yapma makinesine uygun hammaddeler<\/strong><\/h2>    <p>Bu end\u00fcstriyel yer f\u0131st\u0131\u011f\u0131 ya\u011f\u0131 yapma makinesi a\u015fa\u011f\u0131dakiler i\u00e7in uygundur:<\/p>    <p class=\"translation-block\"><strong>Soya fasulyesi, yer f\u0131st\u0131\u011f\u0131, pamuk tohumu, <a href=\"https:\/\/en.wikipedia.org\/wiki\/Rapeseed\" target=\"_blank\" rel=\"noopener\">kolza<\/a>, ay \u00e7ekirde\u011fi, biber tohumu<\/strong> vb.<\/p>    <p>Yani biz buna ay\u00e7i\u00e7ek ya\u011f\u0131 yapma makinesi, pamuk ya\u011f\u0131 presi de diyoruz. Ayr\u0131nt\u0131lar i\u00e7in l\u00fctfen dan\u0131\u015fmak i\u00e7in bizimle ileti\u015fime ge\u00e7in.<\/p>   <div class=\"wp-block-image\"> <figure class=\"aligncenter size-full\"><img loading=\"lazy\" decoding=\"async\" width=\"720\" height=\"540\" src=\"https:\/\/taizyagromachine.com\/wp-content\/uploads\/2022\/02\/application-of-screw-groudnut-oil-extraction.jpg\" alt=\"vidal\u0131 yerf\u0131st\u0131\u011f\u0131 ya\u011f\u0131 \u00e7\u0131karma uygulamas\u0131\" class=\"wp-image-2135\" srcset=\"https:\/\/taizyagromachine.com\/wp-content\/uploads\/2022\/02\/application-of-screw-groudnut-oil-extraction.jpg 720w, https:\/\/taizyagromachine.com\/wp-content\/uploads\/2022\/02\/application-of-screw-groudnut-oil-extraction-300x225.jpg 300w\" sizes=\"auto, (max-width: 720px) 100vw, 720px\" \/><figcaption class=\"wp-element-caption\">vidal\u0131 yerf\u0131st\u0131\u011f\u0131 ya\u011f\u0131 \u00e7\u0131karma uygulamas\u0131<\/figcaption><\/figure> <\/div>   <p>Ya\u011f \u00e7e\u015fitlerinin farkl\u0131 ya\u011f i\u00e7eri\u011fine ek olarak \u00e7al\u0131\u015fma teknolojisi ve ya\u011f \u00f6n i\u015flemindeki farkl\u0131l\u0131k nedeniyle a\u015fa\u011f\u0131daki tablodaki veriler referans ama\u00e7l\u0131d\u0131r.<\/p>    <figure class=\"wp-block-table is-style-stripes\"><table><tbody><tr><td>\u0130\u015flenmemi\u015f i\u00e7erikler<\/td><td>Ya\u011f \u00e7\u0131karma oran\u0131<\/td><td>Ya\u011f kekinde kalan ya\u011f oran\u0131<\/td><\/tr><tr><td>Susam<\/td><td>45-55%<\/td><td>\u22646%<\/td><\/tr><tr><td>F\u0131st\u0131k<\/td><td>43-54%<\/td><td>\u22647%<\/td><\/tr><tr><td>kolza tohumu<\/td><td>32-44%<\/td><td>\u22647%<\/td><\/tr><tr><td>Ay\u00e7i\u00e7e\u011fi<\/td><td>32-43%<\/td><td>\u22647%<\/td><\/tr><tr><td>Soya fasulyesi<\/td><td>12-18%<\/td><td>\u22646%<\/td><\/tr><\/tbody><\/table><figcaption class=\"wp-element-caption\">petrol verim oran\u0131 tablosu<\/figcaption><\/figure>   <div class=\"wp-block-image\"> <figure class=\"aligncenter size-large\"><img loading=\"lazy\" decoding=\"async\" width=\"803\" height=\"450\" src=\"https:\/\/taizyagromachine.com\/wp-content\/uploads\/2022\/02\/high-quality-edible-oil.webp\" alt=\"y\u00fcksek kaliteli yemeklik ya\u011f\" class=\"wp-image-7115\" srcset=\"https:\/\/taizyagromachine.com\/wp-content\/uploads\/2022\/02\/high-quality-edible-oil.webp 803w, https:\/\/taizyagromachine.com\/wp-content\/uploads\/2022\/02\/high-quality-edible-oil-18x10.webp 18w\" sizes=\"auto, (max-width: 803px) 100vw, 803px\" \/><figcaption class=\"wp-element-caption\">y\u00fcksek kaliteli yemeklik ya\u011f<\/figcaption><\/figure> <\/div>   <h2 class=\"wp-block-heading\"><strong>Yer f\u0131st\u0131\u011f\u0131 ya\u011f\u0131 yapma makinesi i\u00e7in uyumlu ekipman<\/strong><\/h2>    <p class=\"translation-block\"><strong>Kavurma makinesi ile yer f\u0131st\u0131\u011f\u0131 ya\u011f\u0131 pres makinesi<\/strong><\/p>    <p>Bu yerf\u0131st\u0131\u011f\u0131 ya\u011f\u0131 yapma makinesi, yer f\u0131st\u0131\u011f\u0131 i\u00e7in s\u0131cak preslemeyi benimser, bu nedenle kavurma makinesi, \u00e7\u0131kar\u0131c\u0131ya gelmeden \u00f6nce uygulan\u0131r.<\/p>    <figure class=\"wp-block-gallery aligncenter has-nested-images columns-default is-cropped wp-block-gallery-4 is-layout-flex wp-block-gallery-is-layout-flex\"> <figure class=\"wp-block-image size-full\"><img loading=\"lazy\" decoding=\"async\" width=\"720\" height=\"540\" data-id=\"2097\" src=\"https:\/\/taizyagromachine.com\/wp-content\/uploads\/2022\/02\/peanut-oil-extraction-with-the-roaster-machine.jpg\" alt=\"kavurma makinesi ile ya\u011f \u00e7\u0131karma\" class=\"wp-image-2097\" srcset=\"https:\/\/taizyagromachine.com\/wp-content\/uploads\/2022\/02\/peanut-oil-extraction-with-the-roaster-machine.jpg 720w, https:\/\/taizyagromachine.com\/wp-content\/uploads\/2022\/02\/peanut-oil-extraction-with-the-roaster-machine-300x225.jpg 300w\" sizes=\"auto, (max-width: 720px) 100vw, 720px\" \/><figcaption class=\"wp-element-caption\"> kavurma makinesi ile ya\u011f \u00e7\u0131karma<\/figcaption><\/figure>    <figure class=\"wp-block-image size-full\"><img loading=\"lazy\" decoding=\"async\" width=\"720\" height=\"540\" data-id=\"7118\" src=\"https:\/\/taizyagromachine.com\/wp-content\/uploads\/2022\/02\/roaster-machine.webp\" alt=\"kavurma makinesi\" class=\"wp-image-7118\" srcset=\"https:\/\/taizyagromachine.com\/wp-content\/uploads\/2022\/02\/roaster-machine.webp 720w, https:\/\/taizyagromachine.com\/wp-content\/uploads\/2022\/02\/roaster-machine-16x12.webp 16w\" sizes=\"auto, (max-width: 720px) 100vw, 720px\" \/><figcaption class=\"wp-element-caption\">kavurma makinesi<\/figcaption><\/figure> <\/figure>    <p>Bu t\u00fcr petrol bas\u0131n\u0131 hakk\u0131nda daha fazla bilgi edinmek istiyorsan\u0131z, istedi\u011finiz zaman bizimle ileti\u015fime ge\u00e7in! Petrol i\u015finize fayda sa\u011flamak i\u00e7in en uygun \u00e7\u00f6z\u00fcm\u00fc sunaca\u011f\u0131z!<\/p>","protected":false},"excerpt":{"rendered":"<p>Taizy yer f\u0131st\u0131\u011f\u0131 ya\u011f\u0131 yapma makinesi, s\u0131cak preslemeyle vidal\u0131 s\u0131kma yoluyla yer f\u0131st\u0131\u011f\u0131ndan s\u0131v\u0131 ve kat\u0131 ya\u011f \u00e7\u0131karma konusunda uzmanla\u015fm\u0131\u015ft\u0131r. \u00c7\u0131k\u0131\u015f\u0131 40-600 kg\/saattir.<\/p>","protected":false},"author":1,"featured_media":2156,"parent":0,"template":"","tags":[163,166,158,159,161,157,165,167,162,164],"product-type":[21],"class_list":["post-2092","product","type-product","status-publish","has-post-thumbnail","hentry","tag-groundnut-oil-making-machine","tag-groundnut-oil-rxtraction","tag-oil-expeller","tag-oil-extraction-machine","tag-oil-press","tag-oil-press-machine","tag-oil-pressing-machine","tag-peanut-oil-extraction","tag-peanut-oil-making-machine","tag-sunflower-oil-making-machine","product-type-peanut-machine"],"_links":{"self":[{"href":"https:\/\/taizyagromachine.com\/tr\/wp-json\/wp\/v2\/product\/2092","targetHints":{"allow":["GET"]}}],"collection":[{"href":"https:\/\/taizyagromachine.com\/tr\/wp-json\/wp\/v2\/product"}],"about":[{"href":"https:\/\/taizyagromachine.com\/tr\/wp-json\/wp\/v2\/types\/product"}],"author":[{"embeddable":true,"href":"https:\/\/taizyagromachine.com\/tr\/wp-json\/wp\/v2\/users\/1"}],"wp:featuredmedia":[{"embeddable":true,"href":"https:\/\/taizyagromachine.com\/tr\/wp-json\/wp\/v2\/media\/2156"}],"wp:attachment":[{"href":"https:\/\/taizyagromachine.com\/tr\/wp-json\/wp\/v2\/media?parent=2092"}],"wp:term":[{"taxonomy":"post_tag","embeddable":true,"href":"https:\/\/taizyagromachine.com\/tr\/wp-json\/wp\/v2\/tags?post=2092"},{"taxonomy":"product-type","embeddable":true,"href":"https:\/\/taizyagromachine.com\/tr\/wp-json\/wp\/v2\/product-type?post=2092"}],"curies":[{"name":"wp","href":"https:\/\/api.w.org\/{rel}","templated":true}]}}