{"id":2242,"date":"2022-03-18T08:12:32","date_gmt":"2022-03-18T08:12:32","guid":{"rendered":"https:\/\/taizyagromachine.com\/"},"modified":"2023-12-29T16:37:07","modified_gmt":"2023-12-29T08:37:07","slug":"wheat-thresher","status":"publish","type":"product","link":"https:\/\/taizyagromachine.com\/tr\/product\/wheat-thresher\/","title":{"rendered":"\u00c7eltik Bu\u011fday, Arpa, Soya Fasulyesi i\u00e7in \u00c7ok Fonksiyonlu Bu\u011fday Harman Makinesi"},"content":{"rendered":"<p class=\"translation-block\"><strong>Bu\u011fday Harman Makinesi<\/strong> temel olarak arpa, bu\u011fday, pirin\u00e7 ve di\u011fer tah\u0131llar\u0131 (sorgum, tane, soya fasulyesi vb.) harmanlamak i\u00e7in kullan\u0131l\u0131r. Kapasitesi 500-1200 kg\/saat'tir ve kay\u0131p ve hasar oran\u0131 \u2264%1,5'tir.<\/p>    <p>Pirin\u00e7 bu\u011fday\u0131na y\u00f6nelik bu harman makinesi esas olarak mahsullerin harmanlama i\u015flemini ger\u00e7ekle\u015ftirmek i\u00e7in kullan\u0131l\u0131r, \u00f6zellikle tar\u0131m arazilerinde b\u00fcy\u00fck \u00f6l\u00e7ekli hasat sonras\u0131 harmanlama i\u00e7in uygundur. Bu nedenle un i\u015fleme fabrikalar\u0131 veya yat\u0131r\u0131m yapan i\u015fadamlar\u0131 i\u00e7in kar elde etmek iyi bir se\u00e7imdir.<\/p>    <p>Pirin\u00e7 bu\u011fday harman makinemiz bir\u00e7ok \u00fclkede \u00e7ok pop\u00fcler olmu\u015ftur. Peru, Nijerya, ABD, Sierra Leone, Umman, Gana, Gambiya, Trinidad ve Tobago gibi \u00fclkeler. Bu nedenle, e\u011fer ilgileniyorsan\u0131z, l\u00fctfen istedi\u011finiz zaman benimle ileti\u015fime ge\u00e7in!<\/p>    <figure class=\"wp-block-embed is-type-video is-provider-youtube wp-block-embed-youtube wp-embed-aspect-16-9 wp-has-aspect-ratio\"><div class=\"wp-block-embed__wrapper\"> <iframe loading=\"lazy\" title=\"Pirin\u00e7, Bu\u011fday, Sorgum, Dar\u0131, Fasulye, Kolza Edilmi\u015f \u00c7eltik Bu\u011fday\u0131 Harman Makinesi #harman Makinesi\" width=\"500\" height=\"281\" src=\"https:\/\/www.youtube.com\/embed\/VCyiJiKC3Fo?feature=oembed\" frameborder=\"0\" allow=\"accelerometer; autoplay; clipboard-write; encrypted-media; gyroscope; picture-in-picture; web-share\" referrerpolicy=\"strict-origin-when-cross-origin\" allowfullscreen><\/iframe> <\/div><figcaption class=\"wp-element-caption\">\u00e7e\u015fitli tah\u0131llar i\u00e7in pirin\u00e7 ve bu\u011fday harmanlay\u0131c\u0131<\/figcaption><\/figure>    <h2 class=\"wp-block-heading\"><strong>Sat\u0131l\u0131k Mevcut Bu\u011fday Harman Makinesi<\/strong><\/h2>    <p>Bu\u011fday harman makinemizin fonksiyonlar\u0131 \u015funlard\u0131r:<\/p>    <ul class=\"wp-block-list\"> <li><strong>Harman<\/strong>: Pirin\u00e7 ve bu\u011fday\u0131n ba\u015faklar\u0131ndaki taneleri mekanik y\u00f6ntemlerle saplardan ay\u0131r\u0131n.<\/li>    <li><strong>Temizlik<\/strong>: Tohumlar\u0131n safl\u0131\u011f\u0131n\u0131 sa\u011flamak i\u00e7in harmanlama i\u015fleminde senkronize temizleme, d\u00f6k\u00fcnt\u00fclerin, s\u00f6nm\u00fc\u015f tanelerin, saman par\u00e7alar\u0131n\u0131n vb. giderilmesi.<\/li>    <li><strong>Kar\u0131\u015ft\u0131rmay\u0131 \u00f6nleme<\/strong>: \u0130yi kar\u0131\u015fma \u00f6nleme performans\u0131yla, farkl\u0131 \u00e7e\u015fitlerdeki tohumlar\u0131n kar\u0131\u015fmayaca\u011f\u0131ndan emin olun.<\/li> <\/ul>    <p>Tah\u0131l harmanlama makinelerinin d\u00f6rt modeli mevcuttur ve teknik parametreler referans olmas\u0131 a\u00e7\u0131s\u0131ndan a\u015fa\u011f\u0131da listelenmi\u015ftir.<\/p>    <figure class=\"wp-block-table\"><table><tbody><tr><td>Modeli<\/td><td>D\u0131\u015f boyut<\/td><td>E\u015fle\u015fen g\u00fc\u00e7<br>(<strong>elektrik motoru<\/strong>)<\/td><td>E\u015fle\u015fen g\u00fc\u00e7<br><strong>(dizel motor<\/strong>)<\/td><td>Toplam a\u011f\u0131rl\u0131k<\/td><td>\u0130\u015f verimlili\u011fi<\/td><td>Silindir d\u00f6n\u00fc\u015f h\u0131z\u0131<\/td><td>Fan d\u00f6n\u00fc\u015f h\u0131z\u0131<\/td><td>S\u0131kl\u0131\u011f\u0131&nbsp;<br>titre\u015fimli ekran<\/td><td>Toplam kay\u0131p oran\u0131<\/td><td>Toplam hasar oran\u0131<\/td><\/tr><tr><td>5TD-50<\/td><td>1400\u00d7900\u00d71050mm<\/td><td>2,2-3kW<\/td><td>6-8HP<\/td><td>150kg<\/td><td>500-800kg\/saat<\/td><td>1400 dev\/dak<\/td><td>2500 dev\/dak<\/td><td>580zaman\/dakika<\/td><td>\u22643,0%<\/td><td>\u22641,5%<\/td><\/tr><tr><td>5TD-75<\/td><td>1070\u00d72060\u00d71340mm<\/td><td>7,5kW<\/td><td>12-15HP<\/td><td>260kg<\/td><td>700-1000kg\/saat<\/td><td>1200 dev\/dak<\/td><td>2400 dev\/dak<\/td><td>320zaman\/dakika<\/td><td>\u22643,0%<\/td><td>\u22641,5%<\/td><\/tr><tr><td>5TD-90<\/td><td>2300\u00d72000\u00d71500mm<\/td><td>7.5-11kW<\/td><td>18-20HP<\/td><td>420kg<\/td><td>1000-1500kg\/saat<\/td><td>1060 dev\/dak<\/td><td>2500 dev\/dak<\/td><td>320zaman\/dakika<\/td><td>\u22641,5%<\/td><td>\u22641,5%<\/td><\/tr><tr><td>5TD-125<\/td><td>2400\u00d72490\u00d71530mm<\/td><td>11-13kW<\/td><td>24-25HP<\/td><td>450kg<\/td><td>1500-2000kg\/saat<\/td><td>1000 dev\/dak<\/td><td>2500 dev\/dak<\/td><td>&nbsp;240zaman\/dakika<\/td><td>\u22641,5%<\/td><td>\u22641,5%<\/td><\/tr><\/tbody><\/table><figcaption class=\"wp-element-caption\">4 \u00e7e\u015fit bu\u011fday pirinci harmanlama parametresi<\/figcaption><\/figure>    <figure class=\"wp-block-gallery aligncenter has-nested-images columns-2 is-cropped wp-block-gallery-2 is-layout-flex wp-block-gallery-is-layout-flex\"> <figure class=\"wp-block-image size-full\"><img loading=\"lazy\" decoding=\"async\" width=\"720\" height=\"540\" data-id=\"2254\" src=\"https:\/\/taizyagromachine.com\/wp-content\/uploads\/2022\/03\/soybean-thresher-5TD-50.jpg\" alt=\"soya-harman-5TD-50\" class=\"wp-image-2254\" srcset=\"https:\/\/taizyagromachine.com\/wp-content\/uploads\/2022\/03\/soybean-thresher-5TD-50.jpg 720w, https:\/\/taizyagromachine.com\/wp-content\/uploads\/2022\/03\/soybean-thresher-5TD-50-300x225.jpg 300w\" sizes=\"auto, (max-width: 720px) 100vw, 720px\" \/><figcaption class=\"wp-element-caption\">soya harman makinesi-5TD-50<\/figcaption><\/figure>    <figure class=\"wp-block-image size-large\"><img loading=\"lazy\" decoding=\"async\" width=\"720\" height=\"540\" data-id=\"2255\" src=\"https:\/\/taizyagromachine.com\/wp-content\/uploads\/2022\/03\/sorghum-thresher-5TD-75.jpg\" alt=\"sorgum-harman-5TD-75\" class=\"wp-image-2255\" srcset=\"https:\/\/taizyagromachine.com\/wp-content\/uploads\/2022\/03\/sorghum-thresher-5TD-75.jpg 720w, https:\/\/taizyagromachine.com\/wp-content\/uploads\/2022\/03\/sorghum-thresher-5TD-75-300x225.jpg 300w\" sizes=\"auto, (max-width: 720px) 100vw, 720px\" \/><figcaption class=\"wp-element-caption\">sorgum harman makinesi-5TD-75<\/figcaption><\/figure>    <figure class=\"wp-block-image size-full\"><img loading=\"lazy\" decoding=\"async\" width=\"720\" height=\"540\" data-id=\"2257\" src=\"https:\/\/taizyagromachine.com\/wp-content\/uploads\/2022\/03\/rice-thresher-5TD-90.jpg\" alt=\"pirin\u00e7 harman makinesi-5TD-90\" class=\"wp-image-2257\" srcset=\"https:\/\/taizyagromachine.com\/wp-content\/uploads\/2022\/03\/rice-thresher-5TD-90.jpg 720w, https:\/\/taizyagromachine.com\/wp-content\/uploads\/2022\/03\/rice-thresher-5TD-90-300x225.jpg 300w\" sizes=\"auto, (max-width: 720px) 100vw, 720px\" \/><figcaption class=\"wp-element-caption\">pirin\u00e7 harman makinesi-5TD-90<\/figcaption><\/figure>    <figure class=\"wp-block-image size-large\"><img loading=\"lazy\" decoding=\"async\" width=\"720\" height=\"540\" data-id=\"2258\" src=\"https:\/\/taizyagromachine.com\/wp-content\/uploads\/2022\/03\/wehat-thresher-5TD-125.jpg\" alt=\"wehat harmanlay\u0131c\u0131-5TD-125\" class=\"wp-image-2258\" srcset=\"https:\/\/taizyagromachine.com\/wp-content\/uploads\/2022\/03\/wehat-thresher-5TD-125.jpg 720w, https:\/\/taizyagromachine.com\/wp-content\/uploads\/2022\/03\/wehat-thresher-5TD-125-300x225.jpg 300w\" sizes=\"auto, (max-width: 720px) 100vw, 720px\" \/><figcaption class=\"wp-element-caption\">wehat harman makinesi-5TD-125<\/figcaption><\/figure> <\/figure>    <h2 class=\"wp-block-heading\" id=\"h-what-materials-are-threshed-by-soybean-thresher\"><strong>Soya Fasulyesi Harman\u0131nda Hangi Malzemeler Harmanlan\u0131r?<\/strong><\/h2>    <p>Pirin\u00e7 ve un g\u00fcnl\u00fck ya\u015famda \u00e7ok yayg\u0131nd\u0131r.  G\u00fcnl\u00fck ya\u015famda ve her insan\u0131n ailesinde \u00e7ok s\u0131k yenirler. Bu nedenle bu\u011fday ve \u00e7eltik harmanlamak i\u00e7in harman makinesi gereklidir.<\/p>    <p>Ayr\u0131ca sorgum ve soya fasulyesinin kabuklar\u0131 da soyulabilmektedir. \u0130nsan sa\u011fl\u0131\u011f\u0131na y\u00f6nelik besinler a\u00e7\u0131s\u0131ndan zengindirler. Soya fasulyesi ve sorgum, sindirimi te\u015fvik etme, kan \u015fekerini ve lipidi azaltma, cilt bak\u0131m\u0131n\u0131 beyazlatma ve ba\u011f\u0131\u015f\u0131kl\u0131\u011f\u0131 g\u00fc\u00e7lendirme i\u015flevlerine sahiptir. <\/p>    <figure class=\"wp-block-gallery has-nested-images columns-default is-cropped wp-block-gallery-3 is-layout-flex wp-block-gallery-is-layout-flex\"> <figure class=\"wp-block-image size-full\"><img loading=\"lazy\" decoding=\"async\" width=\"540\" height=\"720\" data-id=\"2261\" src=\"https:\/\/taizyagromachine.com\/wp-content\/uploads\/2022\/03\/applicable-materials.jpg\" alt=\"uygulanabilir malzemeler\" class=\"wp-image-2261\" srcset=\"https:\/\/taizyagromachine.com\/wp-content\/uploads\/2022\/03\/applicable-materials.jpg 540w, https:\/\/taizyagromachine.com\/wp-content\/uploads\/2022\/03\/applicable-materials-225x300.jpg 225w\" sizes=\"auto, (max-width: 540px) 100vw, 540px\" \/><figcaption class=\"wp-element-caption\">uygulanabilir malzemeler<\/figcaption><\/figure>    <figure class=\"wp-block-image size-full\"><img loading=\"lazy\" decoding=\"async\" width=\"540\" height=\"720\" data-id=\"2260\" src=\"https:\/\/taizyagromachine.com\/wp-content\/uploads\/2022\/03\/threshed-materials.jpg\" alt=\"harmanlanm\u0131\u015f malzemeler\" class=\"wp-image-2260\" srcset=\"https:\/\/taizyagromachine.com\/wp-content\/uploads\/2022\/03\/threshed-materials.jpg 540w, https:\/\/taizyagromachine.com\/wp-content\/uploads\/2022\/03\/threshed-materials-225x300.jpg 225w\" sizes=\"auto, (max-width: 540px) 100vw, 540px\" \/><figcaption class=\"wp-element-caption\">harmanlanm\u0131\u015f malzemeler<\/figcaption><\/figure> <\/figure>    <h2 class=\"wp-block-heading\" id=\"h-advantages-of-sorghum-thresher\"><strong>Bu\u011fday Pirinci \u0130\u00e7in Tah\u0131l Harman\u0131n\u0131n Yap\u0131 Avantajlar\u0131<\/strong><\/h2>    <ul class=\"wp-block-list\"> <li><strong>G\u00fc\u00e7l\u00fc Pratiklik<\/strong>. Farkl\u0131 mahsuller farkl\u0131 elekler kullan\u0131r ve bir\u00e7ok tah\u0131l harmanlanabilir.<\/li>    <li><strong>B\u00fcy\u00fck tekerlekler ve braketler<\/strong>. Bu harman makinesinin ta\u015f\u0131nmas\u0131 kolayd\u0131r ve yap\u0131s\u0131 Afrikal\u0131 m\u00fc\u015fteriler aras\u0131nda olduk\u00e7a pop\u00fclerdir.<\/li>    <li><strong>G\u00fc\u00e7 sistemi<\/strong>. Bir dizel motor ve bir motorla donat\u0131labilir ve 5TD-50 pirin\u00e7 harman makinesi, yetersiz g\u00fc\u00e7 sorununu \u00e7\u00f6zen bir benzinli motor da kullanabilir.<\/li>    <li><strong>\u00d6zelle\u015ftirilmi\u015f hizmet<\/strong>. Bu k\u00fc\u00e7\u00fck bu\u011fday harman makinas\u0131 i\u00e7in ihtiyac\u0131n\u0131za g\u00f6re farkl\u0131 modellerde adres makinalar\u0131 sunmaktay\u0131z.<\/li> <\/ul>    <h2 class=\"wp-block-heading\"><strong>\u00c7eltik harman makinesinin spot \u0131\u015f\u0131klar\u0131<\/strong><\/h2>    <ul class=\"wp-block-list\"> <li><strong>Y\u00fcksek verimlilik ve stabilite<\/strong>: Bu \u00e7ok mahsull\u00fc \u00e7eltik harmanlay\u0131c\u0131, harmanlama g\u00f6revini h\u0131zl\u0131 ve verimli bir \u015fekilde tamamlayabilir ve mahsullerin kuru ve \u0131slak durumuna g\u00fc\u00e7l\u00fc bir uyum sa\u011flayarak istikrarl\u0131 bir harmanlama etkisini korur.<\/li>    <li><strong>D\u00fc\u015f\u00fck kay\u0131p oran\u0131<\/strong>: Harmanlama s\u0131ras\u0131nda daha az dane kayb\u0131, hasat verimlili\u011fini art\u0131r\u0131r ve ekonomik fayda sa\u011flar.<\/li>    <li><strong>Rahat kullan\u0131m<\/strong>: Basit yap\u0131s\u0131, kullan\u0131m\u0131 kolay, modelin bir k\u0131sm\u0131 elek de\u011fi\u015ftirilerek farkl\u0131 tipteki tah\u0131l harmanlar\u0131na uygulanabilmektedir.<\/li>    <li><strong>Geni\u015f uygulama yelpazesi<\/strong>: Sadece pirin\u00e7 ve bu\u011fday i\u00e7in de\u011fil ayn\u0131 zamanda \u00e7e\u015fitli tah\u0131l harmanlama i\u015flerinde de uygulanabilir.<\/li>    <li><strong>G\u00fc\u00e7l\u00fc esneklik<\/strong>: Laboratuvar k\u00fc\u00e7\u00fck elektrikli harman makinesi i\u00e7in, ince harmanlama i\u015flemi i\u00e7in belirli say\u0131da ba\u015fak \u00f6rne\u011fine tek bir ba\u015fak i\u00e7in kullan\u0131labilir.<\/li>    <li><strong>\u0130yi dayan\u0131kl\u0131l\u0131k<\/strong>: \u00c7eltik harman makinesinin g\u00f6vdesi korozyona dayan\u0131kl\u0131, dayan\u0131kl\u0131 ve uzun vadeli tar\u0131msal faaliyetlerin ihtiya\u00e7lar\u0131n\u0131 kar\u015f\u0131layabilecek malzemelerden yap\u0131lm\u0131\u015ft\u0131r.<\/li> <\/ul>    <h2 class=\"wp-block-heading\" id=\"h-wheat-thresher-machine-benefits-and-price-analysis\"><strong>Bu\u011fday Harman Makinas\u0131 Faydalar\u0131 ve Fiyat Analizi<\/strong><\/h2>    <p class=\"translation-block\"><strong>Sat\u0131l\u0131k Bu\u011fday Harman Makinesinin Fayda Analizi<\/strong><\/p>    <p class=\"translation-block\">D\u00fcnyada b\u00fcy\u00fck bir n\u00fcfus var ve hem Bat\u0131 hem de \u00c7in mutfa\u011f\u0131 olsun, neredeyse tamam\u0131 pirin\u00e7 ve una dayan\u0131yor. Bu nedenle genel olarak pirin\u00e7 ve un pazar\u0131 \u00e7ok geni\u015ftir. Bu\u011fday harman makinesi \u00e7e\u015fitli tah\u0131llar\u0131 harmanlayabilir, bu da \u00e7ok kullan\u0131\u015fl\u0131 oldu\u011funu g\u00f6sterir. Pirin\u00e7 harmanlamay\u0131 \u00f6rnek al\u0131rsak, pirin\u00e7 harman makinesini kulland\u0131ktan sonra ham pirin\u00e7 elde edebilir, ard\u0131ndan <a href=\"https:\/\/taizyagromachine.com\/tr\/product\/rice-mill\/\" target=\"_blank\" rel=\"noreferrer noopener\">pirin\u00e7 de\u011firmeni tesisi<\/a> kullanabilir ve son olarak yenilebilir pirin\u00e7 elde edebilirsiniz. <\/p>    <p>Ayr\u0131ca bu\u011fday ve pirin\u00e7, dar\u0131, sorgum, fasulye i\u00e7in kullan\u0131lan bu harman makinesi b\u00fcy\u00fck \u00e7arklar ve tepsilerle \u00fcretilmektedir. Bu t\u00fcr harman makinesi Afrika'da \u00e7ok pop\u00fcler. <\/p>    <p class=\"translation-block\"><strong>Bu\u011fday Harman Makinesi Fiyat Analizi<\/strong><\/p>    <p>D\u00f6rt modelimiz mevcuttur. Ve her modelin kar\u015f\u0131l\u0131k gelen kapasitesi, e\u015fle\u015fen g\u00fcc\u00fc ve di\u011fer \u00f6zellikleri vard\u0131r. Ayr\u0131ca \u00e7eltik harman makinesi fiyat\u0131 zaman maliyeti, i\u015f\u00e7ilik maliyeti, \u00fcretim vb. fakt\u00f6rlerden etkilenir. Detayl\u0131 taleplerinizi bize iletebilirsiniz, referans\u0131n\u0131z i\u00e7in \u00e7eltik harman makinesi hakk\u0131nda profesyonel tavsiyeler sunabiliriz.<\/p>    <h2 class=\"wp-block-heading\" id=\"h-how-to-choose-proper-place-to-put-wheat-thresher\"><strong>Bu\u011fday Harman\u0131 Koyacak Do\u011fru Yer Nas\u0131l Se\u00e7ilir?<\/strong><\/h2>    <ol class=\"wp-block-list\"> <li>Bu\u011fuyu gidermek i\u00e7in ihtiyac\u0131n\u0131z olan i\u015f miktar\u0131na g\u00f6re nispeten geni\u015f, sertle\u015ftirilmi\u015f bir zemin belirleyin.<\/li>    <li>Mesafe nispeten engelsiz tutulmal\u0131d\u0131r.<\/li>    <li>Yerle\u015fim alanlar\u0131ndan m\u00fcmk\u00fcn oldu\u011fu kadar uzakta enerji nakil hatt\u0131n\u0131n alt\u0131nda olmamal\u0131d\u0131r.<\/li>    <li>Kum y\u0131\u011f\u0131nlar\u0131 ve su veya yang\u0131n s\u00f6nd\u00fcr\u00fcc\u00fclerle dolu su tanklar\u0131 gibi uygun yang\u0131n \u00f6nleme tesisleri sa\u011flanmal\u0131d\u0131r.<\/li>    <li>Gece \u00e7al\u0131\u015f\u0131rken uygun ayd\u0131nlatma ile donat\u0131lmal\u0131d\u0131r.<\/li>    <li>\u00c7im tahliye \u00e7\u0131k\u0131\u015f\u0131n\u0131n y\u00f6n\u00fc m\u00fcmk\u00fcn oldu\u011funca r\u00fczgar y\u00f6n\u00fcne uygun olmal\u0131d\u0131r.<\/li>    <li>Motor g\u00fc\u00e7 olarak kullan\u0131ld\u0131\u011f\u0131nda, sahada kullan\u0131lan elektrikli ekipman ve hatlar\u0131n ulusal elektrik g\u00fcc\u00fc standard\u0131 h\u00fck\u00fcmlerine uygun olmas\u0131 ve b\u0131\u00e7a\u011f\u0131n, makinenin rahat\u00e7a ula\u015fabilece\u011fi, operat\u00f6r\u00fcn hemen ula\u015fabilece\u011fi bir yere tak\u0131lmas\u0131 gerekir. zaman\u0131nda durdurulmal\u0131d\u0131r.<\/li>    <li>Dizel motoru g\u00fc\u00e7 olarak kullan\u0131rken, kullan\u0131c\u0131 bacay\u0131 dizel egzoz borusuna ba\u011flamal\u0131 ve yang\u0131n tehlikesi olmamas\u0131 gereksinimlerini kar\u015f\u0131lamak i\u00e7in yang\u0131n\u0131 yere y\u00f6nlendirmelidir.<\/li> <\/ol>    <h2 class=\"wp-block-heading\" id=\"h-maintennace-of-commercial-thresher\"><strong>Ticari Bu\u011fday Harman\u0131n\u0131n Bak\u0131m\u0131<\/strong><\/h2>    <ol class=\"wp-block-list\"> <li>Her 40 saatlik \u00e7al\u0131\u015fmada, silindir ve fan yataklar\u0131n\u0131 kontrol edin ve uygun miktarda tereya\u011f\u0131 ekleyin.<\/li>    <li>Her kullan\u0131m\u0131n sonunda, makinede kalan yemin d\u0131\u015far\u0131 at\u0131lmas\u0131 i\u00e7in harman makinesinin 5 dakika bo\u015f \u00e7al\u0131\u015ft\u0131r\u0131lmas\u0131 gerekir.<\/li>    <li>\u0130\u015fin sonunda makine par\u00e7alar\u0131n\u0131n durumunu kontrol edin ve bak\u0131m\u0131n\u0131 yap\u0131n.<\/li> <\/ol>    <h2 class=\"wp-block-heading\" id=\"h-successful-case-rice-wheat-thresher-exported-to-pakistan\"><strong>Ba\u015far\u0131l\u0131 \u00d6rnek: Pirin\u00e7 Bu\u011fday\u0131 Harman Makinesi Pakistan'a \u0130hra\u00e7 Edildi<\/strong><\/h2>    <p>Bu y\u0131l\u0131n Ocak ay\u0131nda sat\u0131\u015f m\u00fcd\u00fcr\u00fcm\u00fcz Coco Pakistan'dan bir talep ald\u0131. Bu Pakistanl\u0131 m\u00fc\u015fteri bir harman makinesi hakk\u0131nda soru sordu. Sorgum harmanlamak istedi\u011fini \u00f6\u011frenen Coco, ona bu harman makinesini tavsiye etti. Ayr\u0131ca Coco ona \u00e7al\u0131\u015fma videolar\u0131n\u0131 ve resimlerini g\u00f6nderdi. <\/p>    <p>Pakistan'daki bu\u011fday harman makinesi fiyat\u0131yla kar\u015f\u0131la\u015ft\u0131r\u0131ld\u0131\u011f\u0131nda Pakistanl\u0131 m\u00fc\u015fteriler bizden sat\u0131n almaya karar veriyor. Her iki taraf da makinenin ayr\u0131nt\u0131lar\u0131n\u0131 tek tek do\u011frulad\u0131 ve ard\u0131ndan s\u00f6zle\u015fmeyi imzalad\u0131. Ve makine bu y\u0131l\u0131n Mart ay\u0131nda ba\u015far\u0131yla Pakistan'a sevk edildi.<\/p>   <div class=\"wp-block-image\"> <figure class=\"aligncenter size-full\"><img loading=\"lazy\" decoding=\"async\" width=\"720\" height=\"540\" src=\"https:\/\/taizyagromachine.com\/wp-content\/uploads\/2022\/03\/package-wheat-thresher-machine.jpg\" alt=\"paket-bu\u011fday-harman-makinesi\" class=\"wp-image-2263\" srcset=\"https:\/\/taizyagromachine.com\/wp-content\/uploads\/2022\/03\/package-wheat-thresher-machine.jpg 720w, https:\/\/taizyagromachine.com\/wp-content\/uploads\/2022\/03\/package-wheat-thresher-machine-300x225.jpg 300w\" sizes=\"auto, (max-width: 720px) 100vw, 720px\" \/><figcaption class=\"wp-element-caption\">paket bu\u011fday harman makinesi<\/figcaption><\/figure> <\/div>   <h2 class=\"wp-block-heading\"><strong>Pirin\u00e7, Bu\u011fday Harman Makinesi Hakk\u0131nda M\u00fc\u015fteri Geri Bildirimi<\/strong><\/h2>    <p class=\"translation-block\"><strong>Afrika'dan trakt\u00f6rl\u00fc bu\u011fday harman makinesi geri bildirimi<\/strong><\/p>    <p>Afrikal\u0131 kullan\u0131c\u0131lar harman makinesini bu\u011fday i\u00e7in kulland\u0131ktan sonra pratik deneyimlerini videolar arac\u0131l\u0131\u011f\u0131yla payla\u015ft\u0131lar. \u00c7eltik pirin\u00e7 makinesini y\u00fcksek verimlili\u011fi ve dayan\u0131kl\u0131l\u0131\u011f\u0131, de\u011fi\u015fen hava ko\u015fullar\u0131ndaki m\u00fckemmel performans\u0131, yerel tar\u0131m arazilerinin hasad\u0131n\u0131n verimlili\u011fini b\u00fcy\u00fck \u00f6l\u00e7\u00fcde art\u0131rmas\u0131, \u00e7ift\u00e7ilerin emek yo\u011funlu\u011funu \u00f6nemli \u00f6l\u00e7\u00fcde azaltmas\u0131 ve \u00e7ift\u00e7ilerin \u00e7o\u011funlu\u011fu taraf\u0131ndan iyi kar\u015f\u0131lanmas\u0131 nedeniyle \u00f6vd\u00fc.<\/p>    <figure class=\"wp-block-embed is-type-video is-provider-youtube wp-block-embed-youtube wp-embed-aspect-16-9 wp-has-aspect-ratio\"><div class=\"wp-block-embed__wrapper\"> <iframe loading=\"lazy\" title=\"Y\u00fcksek Verimli Pirin\u00e7 ve Bu\u011fday Harman Makinesi: Afrika Dar\u0131, Pirin\u00e7, Bu\u011fday, Kolza Tohumu Harmanlama\" width=\"500\" height=\"281\" src=\"https:\/\/www.youtube.com\/embed\/cN2OVH9_M58?feature=oembed\" frameborder=\"0\" allow=\"accelerometer; autoplay; clipboard-write; encrypted-media; gyroscope; picture-in-picture; web-share\" referrerpolicy=\"strict-origin-when-cross-origin\" allowfullscreen><\/iframe> <\/div><figcaption class=\"wp-element-caption\">Afrika'dan \u00e7eltik bu\u011fday harman makinesi geribildirimi<\/figcaption><\/figure>    <p class=\"translation-block\"><strong>Gana'dan bu\u011fday harman makinesi geri bildirimi<\/strong><\/p>    <p>Gana'l\u0131 m\u00fc\u015fteriler, bu\u011fday harman makinesinin yerel pazardaki ger\u00e7ek uygulama etkisini video geri bildirimi yoluyla g\u00f6sterdiler. Ekipman\u0131n m\u00fckemmel harmanlama performans\u0131ndan, kolay kullan\u0131m\u0131ndan ve iyi uyarlanabilirli\u011finden \u00f6vg\u00fcyle s\u00f6z ettiler ve bunun Gana'daki pirin\u00e7 ve bu\u011fday hasad\u0131 sorununu etkili bir \u015fekilde \u00e7\u00f6zd\u00fc\u011f\u00fcne, tar\u0131msal verimlili\u011fi \u00f6nemli \u00f6l\u00e7\u00fcde art\u0131rd\u0131\u011f\u0131na inand\u0131lar ve daha fazla i\u015fbirli\u011fi ve te\u015fviki d\u00f6rt g\u00f6zle beklediler.<\/p>    <figure class=\"wp-block-embed is-type-video is-provider-youtube wp-block-embed-youtube wp-embed-aspect-16-9 wp-has-aspect-ratio\"><div class=\"wp-block-embed__wrapper\"> <iframe loading=\"lazy\" title=\"Bu\u011fday Harman Makinesinin B\u00fcy\u00fck Harman Etkisi Gana&#039;dan Geri Bildirim: Pirin\u00e7 Bu\u011fday M\u0131s\u0131r i\u00e7in Harman Makinesi\" width=\"500\" height=\"281\" src=\"https:\/\/www.youtube.com\/embed\/tgtGHWs_AUM?feature=oembed\" frameborder=\"0\" allow=\"accelerometer; autoplay; clipboard-write; encrypted-media; gyroscope; picture-in-picture; web-share\" referrerpolicy=\"strict-origin-when-cross-origin\" allowfullscreen><\/iframe> <\/div><figcaption class=\"wp-element-caption\">Gana'dan bu\u011fday harmanlay\u0131c\u0131 geri bildirimi<\/figcaption><\/figure>    <h2 class=\"wp-block-heading\"><strong>Tah\u0131l Harman\u0131n\u0131za \u015eimdi Ba\u015flay\u0131n!<\/strong><\/h2>    <p class=\"translation-block\"><a href=\"https:\/\/en.wikipedia.org\/wiki\/Grain\" target=\"_blank\" rel=\"noopener\">Tah\u0131l<\/a> harmanlamaya kolayca ba\u015flamak m\u0131 istiyorsunuz? Pirin\u00e7 ve bu\u011fday i\u00e7in harman makinesinde en iyi fiyat\u0131 almak i\u00e7in hemen bizimle ileti\u015fime ge\u00e7in. Tah\u0131l hasad\u0131 mekanizasyonunu kolayca ger\u00e7ekle\u015ftirmenize yard\u0131mc\u0131 olacak en iyi \u00e7\u00f6z\u00fcm\u00fc sa\u011flayabiliriz.<\/p>","protected":false},"excerpt":{"rendered":"<p>Bu\u011fday Harman\u0131 arpa, bu\u011fday, pirin\u00e7, sorgum, tah\u0131l, soya fasulyesi ve dar\u0131y\u0131 harmanlamak i\u00e7indir. Bu tah\u0131l harman makinesinin \u00e7e\u015fitlerini, avantajlar\u0131n\u0131, m\u00fc\u015fteri geri bildirimlerini vb. belirtiyoruz. Bu makineyi istiyorsan\u0131z zaman\u0131nda bizimle ileti\u015fime ge\u00e7in.<\/p>","protected":false},"author":1,"featured_media":2265,"parent":0,"template":"","tags":[205,204],"product-type":[20],"class_list":["post-2242","product","type-product","status-publish","has-post-thumbnail","hentry","tag-rice-wheat-thresher","tag-wheat-thresher","product-type-rice-and-wheat-machine"],"_links":{"self":[{"href":"https:\/\/taizyagromachine.com\/tr\/wp-json\/wp\/v2\/product\/2242","targetHints":{"allow":["GET"]}}],"collection":[{"href":"https:\/\/taizyagromachine.com\/tr\/wp-json\/wp\/v2\/product"}],"about":[{"href":"https:\/\/taizyagromachine.com\/tr\/wp-json\/wp\/v2\/types\/product"}],"author":[{"embeddable":true,"href":"https:\/\/taizyagromachine.com\/tr\/wp-json\/wp\/v2\/users\/1"}],"wp:featuredmedia":[{"embeddable":true,"href":"https:\/\/taizyagromachine.com\/tr\/wp-json\/wp\/v2\/media\/2265"}],"wp:attachment":[{"href":"https:\/\/taizyagromachine.com\/tr\/wp-json\/wp\/v2\/media?parent=2242"}],"wp:term":[{"taxonomy":"post_tag","embeddable":true,"href":"https:\/\/taizyagromachine.com\/tr\/wp-json\/wp\/v2\/tags?post=2242"},{"taxonomy":"product-type","embeddable":true,"href":"https:\/\/taizyagromachine.com\/tr\/wp-json\/wp\/v2\/product-type?post=2242"}],"curies":[{"name":"wp","href":"https:\/\/api.w.org\/{rel}","templated":true}]}}