{"id":2280,"date":"2022-03-24T07:51:15","date_gmt":"2022-03-24T07:51:15","guid":{"rendered":"https:\/\/taizyagromachine.com\/?post_type=product&#038;p=2280"},"modified":"2024-10-16T13:46:28","modified_gmt":"2024-10-16T05:46:28","slug":"fish-feed-extruder","status":"publish","type":"product","link":"https:\/\/taizyagromachine.com\/tr\/product\/fish-feed-extruder\/","title":{"rendered":"Akvaryum i\u00e7in Y\u00fczen Bal\u0131k Yemi Ekstruder Makinesi"},"content":{"rendered":"<p class=\"translation-block\"><strong>Bal\u0131k yemi ekstr\u00fcderimiz<\/strong>, y\u00fczen bal\u0131k yemi pelet makinesi olarak da adland\u0131r\u0131l\u0131r, \u00e7e\u015fitli m\u0131s\u0131r unu, bal\u0131k unu, un ve di\u011fer kar\u0131\u015f\u0131mlar\u0131n belirli bir oran\u0131nda \u0131s\u0131t\u0131p genle\u015ftirerek bal\u0131k yemi peletleri \u00fcretebilir. Bu bal\u0131k yemi pelet yapma makinesi, bal\u0131k gibi su \u00fcr\u00fcnleri i\u00e7in yem \u00fcretmenin yan\u0131 s\u0131ra k\u00f6pek ve kediler gibi evcil hayvan yemi de \u00fcretebilir. <\/p>    <p>Buna ek olarak, bu bal\u0131k yemi peletleme makinesi, y\u00fczen ve batan malzeme \u00fcretmek i\u00e7in elektrik motorunu veya dizel motorunu kullanabilir, sadece vida man\u015fonunu de\u011fi\u015ftirmeniz yeterlidir. Saatte 40-450kg kapasiteye sahiptir. Yem pelet boyutu 1-13 mm aras\u0131nda de\u011fi\u015fir ve sizin i\u00e7in boyutu ve \u015fekli \u00f6zelle\u015ftirebiliriz.<\/p>    <p>Bal\u0131k yemi pelet makinemiz Peru, Gana, Nijer, Angola, Malezya, Bel\u00e7ika gibi \u00fclkelerde ve yurt i\u00e7inde iyi bir \u015fekilde sat\u0131lmaktad\u0131r. Bal\u0131k yemi pelet \u00fcretimi yapmak istiyorsan\u0131z, istedi\u011finiz zaman bizimle ileti\u015fime ge\u00e7ebilirsiniz.<\/p>    <figure class=\"wp-block-embed is-type-video is-provider-youtube wp-block-embed-youtube wp-embed-aspect-16-9 wp-has-aspect-ratio\"><div class=\"wp-block-embed__wrapper\"> <iframe loading=\"lazy\" title=\"Verimli Y\u00fczen Bal\u0131k Yemi Pelet \u00dcretimi i\u00e7in Bal\u0131k Yemi Pelet Yapma Makinesi\ud83d\udc1f\ud83c\udf1f#fishfeedmachine\" width=\"500\" height=\"281\" src=\"https:\/\/www.youtube.com\/embed\/rAkP9XOblyA?feature=oembed\" frameborder=\"0\" allow=\"accelerometer; autoplay; clipboard-write; encrypted-media; gyroscope; picture-in-picture; web-share\" referrerpolicy=\"strict-origin-when-cross-origin\" allowfullscreen><\/iframe> <\/div><figcaption class=\"wp-element-caption\">y\u00fczen bal\u0131k yemi pelet makinesi \u00e7al\u0131\u015fma videosu<\/figcaption><\/figure>    <h2 class=\"wp-block-heading\"><strong><strong>Bal\u0131k Yemi Pelet Makinesinin Parametreleri Nelerdir?<\/strong><\/strong><\/h2>    <p>A\u015fa\u011f\u0131daki tablodan farkl\u0131 t\u00fcrleri oldu\u011funu g\u00f6rebilirsiniz. Bu bal\u0131k yemi ekstruder makinesine ihtiyac\u0131n\u0131z oldu\u011funda l\u00fctfen bize gereksinimlerinizi, makine kapasitesini, makine konfig\u00fcrasyonunu, makine g\u00fcc\u00fcn\u00fc vb. bildirin, sat\u0131\u015f y\u00f6neticimiz profesyonel bilgi birikimiyle en uygun plan\u0131 sa\u011flayacakt\u0131r.<\/p>    <figure class=\"wp-block-table\"><table><tbody><tr><td>Modeli<\/td><td>Kapasite<\/td><td>Ana g\u00fc\u00e7<\/td><td>Kesici g\u00fcc\u00fc<\/td><td>Besleme besleme g\u00fcc\u00fc<\/td><td>Vida \u00e7ap\u0131<\/td><td>Boyut<\/td><td>A\u011f\u0131rl\u0131k<\/td><\/tr><tr><td>DGP-40<\/td><td>40-50kg\/saat<\/td><td>7,5kW<\/td><td>0,4kW<\/td><td>0,4kW<\/td><td>40mm<\/td><td>1260*860*1250mm<\/td><td>290kg<\/td><\/tr><tr><td>DGP-60<\/td><td>150kg\/saat<\/td><td>15kW<\/td><td>0,4kW<\/td><td>0,4kW<\/td><td>60 mm<\/td><td>1450*950*1430mm<\/td><td>480kg<\/td><\/tr><tr><td>DGP-70<\/td><td>180-250kg\/saat<\/td><td>18,5kW<\/td><td>0,4kW<\/td><td>0,4kW<\/td><td>70mm<\/td><td>1600*1400*1450mm<\/td><td>600kg<\/td><\/tr><tr><td>DGP-80<\/td><td>300-350kg\/saat<\/td><td>22kW<\/td><td>0,4kW<\/td><td>0,4kW<\/td><td>80mm<\/td><td>1850*1470*1500mm<\/td><td>800kg<\/td><\/tr><tr><td>DGP-100<\/td><td>400-450kg\/saat<\/td><td>37kW<\/td><td>1.1kW<\/td><td>1.5kW<\/td><td>100 mm<\/td><td>2000*1600*1600mm<\/td><td>1500kg<\/td><\/tr><\/tbody><\/table><figcaption class=\"wp-element-caption\">y\u00fczen bal\u0131k yemi ekstruder makinesinin teknik parametreleri<\/figcaption><\/figure>    <h2 class=\"wp-block-heading\" id=\"h-floating-fish-feed-extruder-machine-for-sale\"><strong>Sat\u0131l\u0131k Y\u00fczer Bal\u0131k Yemi Ekstruder Makinesi<\/strong><\/h2>    <p>Profesyonel bir tar\u0131m makinesi \u015firketi olarak, \u00e7e\u015fitli y\u00fczen bal\u0131k yemi makinelerimiz mevcuttur. Genel olarak konu\u015fursak, GSYH-40, GSY\u0130H-60, GSYH-70, GSYH-80, GSY\u0130H-100, GSY\u0130H-100'\u00fcm\u00fcz var. Daha b\u00fcy\u00fck kapasiteye ihtiyac\u0131n\u0131z varsa bal\u0131k yemi \u00fcretim hatt\u0131m\u0131z mevcuttur. Daha fazla a\u00e7\u0131klama i\u00e7in bizimle ileti\u015fime ge\u00e7mekten memnuniyet duyar\u0131z!<\/p>    <figure class=\"wp-block-gallery aligncenter has-nested-images columns-default is-cropped wp-block-gallery-2 is-layout-flex wp-block-gallery-is-layout-flex\"> <figure class=\"wp-block-image size-full\"><img loading=\"lazy\" decoding=\"async\" width=\"720\" height=\"540\" data-id=\"3925\" src=\"https:\/\/taizyagromachine.com\/wp-content\/uploads\/2022\/11\/electric-motor-fish-feed-extruder-machine.webp\" alt=\"elektrik motoru-bal\u0131k yemi-ekstruder-makinesi\" class=\"wp-image-3925\"\/><figcaption class=\"wp-element-caption\">elektrik motoru bal\u0131k yemi ekstruder makinesi<\/figcaption><\/figure>    <figure class=\"wp-block-image size-full\"><img loading=\"lazy\" decoding=\"async\" width=\"720\" height=\"540\" data-id=\"3929\" src=\"https:\/\/taizyagromachine.com\/wp-content\/uploads\/2022\/11\/diesel-engine-fish-feed-extruder-machinel.webp\" alt=\"dizel motor bal\u0131k yemi ekstruder makinesi\" class=\"wp-image-3929\"\/><figcaption class=\"wp-element-caption\">dizel motor bal\u0131k yemi ekstruder makinesi<\/figcaption><\/figure> <\/figure>    <h2 class=\"wp-block-heading\" id=\"h-progress-video-for-producing-floating-fish-feed\"><strong>Y\u00fczen Bal\u0131k Yemi \u00dcretimine \u0130li\u015fkin \u0130lerleme Videosu<\/strong><\/h2>    <p>Hammaddelerin kar\u0131\u015ft\u0131r\u0131lmas\u0131ndan hayvan yemi \u00fcretimine kadar her ad\u0131m\u0131n \u00e7ok net bir a\u00e7\u0131klamas\u0131 vard\u0131r. Ve son olarak \u00fcretim tamamland\u0131ktan sonra videoda makinenin nas\u0131l temizlenece\u011fi anlat\u0131l\u0131yor. Bu video sayesinde istedi\u011finiz yem peletini \u00fcretmek i\u00e7in bal\u0131k yemi ekstruderini nas\u0131l kullanaca\u011f\u0131n\u0131z\u0131 anlayabilirsiniz.<\/p>    <figure class=\"wp-block-embed aligncenter is-type-video is-provider-youtube wp-block-embed-youtube wp-embed-aspect-16-9 wp-has-aspect-ratio\"><div class=\"wp-block-embed__wrapper\"> <iframe loading=\"lazy\" title=\"bal\u0131k yemi yapma y\u00fczen pelet makinesi |  S\u0131\u011f\u0131r, yay\u0131n bal\u0131\u011f\u0131, ke\u00e7i i\u00e7in hayvan yemi pelet makinesi...\" width=\"500\" height=\"281\" src=\"https:\/\/www.youtube.com\/embed\/5P-SJe4C0-I?feature=oembed\" frameborder=\"0\" allow=\"accelerometer; autoplay; clipboard-write; encrypted-media; gyroscope; picture-in-picture; web-share\" referrerpolicy=\"strict-origin-when-cross-origin\" allowfullscreen><\/iframe> <\/div><figcaption class=\"wp-element-caption\">y\u00fczen bal\u0131k yemi \u00fcretim s\u00fcreci<\/figcaption><\/figure>    <p>Belirli bir miktar bal\u0131k yemi peleti \u00fcrettikten sonra k\u00fcf, malzemelerle t\u0131kanabilir. \u015eu anda bal\u0131k yemi pelet yapma makinesinin kal\u0131b\u0131n\u0131 temizlemeniz gerekiyor, tam temizleme i\u015flemi videoda g\u00f6sterilmektedir:<\/p>    <figure class=\"wp-block-embed is-type-video is-provider-youtube wp-block-embed-youtube wp-embed-aspect-16-9 wp-has-aspect-ratio\"><div class=\"wp-block-embed__wrapper\"> <iframe loading=\"lazy\" title=\"Bal\u0131k Yemi Pelet Makinesini Kulland\u0131ktan Sonra Verimli Kal\u0131p Temizli\u011fi! Y\u00fczen Bal\u0131k Yemi Pelet Makinesi\" width=\"500\" height=\"281\" src=\"https:\/\/www.youtube.com\/embed\/ulpNlVMb1d0?feature=oembed\" frameborder=\"0\" allow=\"accelerometer; autoplay; clipboard-write; encrypted-media; gyroscope; picture-in-picture; web-share\" referrerpolicy=\"strict-origin-when-cross-origin\" allowfullscreen><\/iframe> <\/div><figcaption class=\"wp-element-caption\">bal\u0131k yemi kal\u0131plar\u0131 temizleme i\u015flemi<\/figcaption><\/figure>    <h2 class=\"wp-block-heading\" id=\"h-what-are-the-parameters-of-the-fish-feed-machine\"><strong>Bal\u0131k Yemi Ekstruderinin Uygulamalar\u0131<\/strong><\/h2>    <p>Taizy y\u00fczen bal\u0131k yemi pelet makinesi, \u00e7e\u015fitli alanlar i\u00e7in kullan\u0131lan \u00e7e\u015fitli yem peletleri \u00fcretebilir. Bu makine hayvanlar, su hayvanlar\u0131 yemi, evcil hayvan yemi vb. i\u00e7in \u00e7e\u015fitli yem peletleri \u00fcretebilir. \u00d6rne\u011fin her t\u00fcrl\u00fc bal\u0131k, kaplumba\u011fa, ku\u015f, evcil k\u00f6pek ve kedi vb. i\u00e7in. E\u011fer ilgileniyorsan\u0131z, l\u00fctfen bizimle ileti\u015fime ge\u00e7mekten \u00e7ekinmeyin!<\/p>    <figure class=\"wp-block-gallery aligncenter has-nested-images columns-default is-cropped wp-block-gallery-3 is-layout-flex wp-block-gallery-is-layout-flex\"> <figure class=\"wp-block-image size-full\"><img loading=\"lazy\" decoding=\"async\" width=\"720\" height=\"540\" data-id=\"6258\" src=\"https:\/\/taizyagromachine.com\/wp-content\/uploads\/2023\/12\/applications-of-small-floating-fish-feed-machine.webp\" alt=\"k\u00fc\u00e7\u00fck y\u00fczen bal\u0131k yemi makinesinin uygulamalar\u0131\" class=\"wp-image-6258\"\/><figcaption class=\"wp-element-caption\">k\u00fc\u00e7\u00fck y\u00fczen bal\u0131k yemi makinesinin uygulamalar\u0131<\/figcaption><\/figure>    <figure class=\"wp-block-image size-large\"><img loading=\"lazy\" decoding=\"async\" width=\"720\" height=\"450\" data-id=\"2303\" src=\"https:\/\/taizyagromachine.com\/wp-content\/uploads\/2022\/03\/wide-applications-fish-feed-extruder.jpg\" alt=\"geni\u015f uygulamalar-bal\u0131k yemi ekstruder\" class=\"wp-image-2303\" srcset=\"https:\/\/taizyagromachine.com\/wp-content\/uploads\/2022\/03\/wide-applications-fish-feed-extruder.jpg 720w, https:\/\/taizyagromachine.com\/wp-content\/uploads\/2022\/03\/wide-applications-fish-feed-extruder-300x188.jpg 300w\" sizes=\"auto, (max-width: 720px) 100vw, 720px\" \/><figcaption class=\"wp-element-caption\">geni\u015f uygulamalar-bal\u0131k yemi ekstruder<\/figcaption><\/figure> <\/figure>    <h2 class=\"wp-block-heading\" id=\"h-fish-feed-extruder-design-and-parts\"><strong>Bal\u0131k Yemi Ekstruder Tasar\u0131m\u0131 ve Par\u00e7alar\u0131<\/strong><\/h2>    <p>D\u00fcr\u00fcst olmak gerekirse, bal\u0131k yemi \u00fcretim makinelerinde s\u0131ras\u0131yla besleyici, ekstr\u00fczyon cihaz\u0131 ve elektronik kontrol sistemi olmak \u00fczere \u00fc\u00e7 par\u00e7a bulunur. <\/p>    <p>Bunlar aras\u0131nda ekstr\u00fczyon \u015fi\u015firme cihaz\u0131, ekstr\u00fcderin \u00e7ekirdek k\u0131sm\u0131d\u0131r. \u0130lgili kombinasyon farkl\u0131 kullan\u0131mlara g\u00f6re se\u00e7ilir. Yani, farkl\u0131 malzemelerin ekstr\u00fczyona tabi tutulmas\u0131 ve farkl\u0131 bo\u015faltma y\u00f6ntemleri.<\/p>    <p>Elektronik kontrol sistemi ayr\u0131 olarak sabitlenmi\u015ftir. Ana bilgisayar\u0131n g\u00fc\u00e7 boyutuna ve besleme bi\u00e7imine g\u00f6re konfig\u00fcrasyon da farkl\u0131d\u0131r.<\/p>   <div class=\"wp-block-image\"> <figure class=\"aligncenter size-full\"><img loading=\"lazy\" decoding=\"async\" width=\"720\" height=\"450\" src=\"https:\/\/taizyagromachine.com\/wp-content\/uploads\/2022\/03\/structure-of-fish-feed-pellet-mill.jpg\" alt=\"bal\u0131k yemi pelet de\u011firmeninin yap\u0131s\u0131\" class=\"wp-image-2301\" srcset=\"https:\/\/taizyagromachine.com\/wp-content\/uploads\/2022\/03\/structure-of-fish-feed-pellet-mill.jpg 720w, https:\/\/taizyagromachine.com\/wp-content\/uploads\/2022\/03\/structure-of-fish-feed-pellet-mill-300x188.jpg 300w\" sizes=\"auto, (max-width: 720px) 100vw, 720px\" \/><figcaption class=\"wp-element-caption\">bal\u0131k yemi pelet de\u011firmeninin yap\u0131s\u0131<\/figcaption><\/figure> <\/div>   <h2 class=\"wp-block-heading\" id=\"h-spotlights-of-floating-fish-feed-machine\"><strong>Y\u00fczen Bal\u0131k Yemi Makinesinin Spot I\u015f\u0131klar\u0131<\/strong><\/h2>    <ol class=\"wp-block-list\"> <li><strong>G\u00fc\u00e7l\u00fc uyarlanabilirlik<\/strong>. Bu kuru \u0131slak bal\u0131k yemi ekstr\u00fcderi, k\u00fc\u00e7\u00fck k\u00fc\u00e7\u00fck elektrikli bal\u0131k yemi ekstruder makinesinden b\u00fcy\u00fck yem \u00fcretimine kadar farkl\u0131 \u00fcretim ihtiya\u00e7lar\u0131na uyum sa\u011flayabilir. B\u00fcy\u00fck ve orta \u00f6l\u00e7ekli y\u00fczer yem ekstruder makinesi, makineyi hammadde i\u015fleme veya \u00f6zel yem \u00fcretimi i\u00e7in kullanabilir.<\/li>    <li><strong>Geni\u015f uygulama aral\u0131\u011f\u0131<\/strong>. \u015ei\u015firilmi\u015f tam ya\u011fl\u0131 soya fasulyesi, \u015fi\u015firilmi\u015f m\u0131s\u0131r, pamuk unu (veya kolza tohumu k\u00fcspesi) veya \u015fi\u015firilmi\u015f evcil hayvan yemi, su yemi, tilki yemi veya di\u011fer \u00f6zel yemlerin detoksifikasyonu gibi.<\/li>    <li><strong>Farkl\u0131 malzemelere uygulanabilir<\/strong>. Bu makine otomatik h\u0131z ayarl\u0131 besleyiciyle donat\u0131lm\u0131\u015ft\u0131r ve besleme miktar\u0131 duruma g\u00f6re de\u011fi\u015ftirilebilir.<\/li>    <li>Basit yap\u0131, m\u00fckemmel uygulanabilirlik, zarif g\u00f6r\u00fcn\u00fcm.<\/li>    <li>Kolay kullan\u0131m, bak\u0131m\u0131 uygun.<\/li> <\/ol>   <div class=\"wp-block-image\"> <figure class=\"aligncenter size-full\"><img loading=\"lazy\" decoding=\"async\" width=\"720\" height=\"540\" src=\"https:\/\/taizyagromachine.com\/wp-content\/uploads\/2022\/03\/dry-type-fish-feed-extruder-DGP-80.jpg\" alt=\"kuru tip bal\u0131k yemi ekstruder-DGP-80\" class=\"wp-image-2291\" srcset=\"https:\/\/taizyagromachine.com\/wp-content\/uploads\/2022\/03\/dry-type-fish-feed-extruder-DGP-80.jpg 720w, https:\/\/taizyagromachine.com\/wp-content\/uploads\/2022\/03\/dry-type-fish-feed-extruder-DGP-80-300x225.jpg 300w\" sizes=\"auto, (max-width: 720px) 100vw, 720px\" \/><figcaption class=\"wp-element-caption\">kuru tip bal\u0131k yemi ekstruder-DGP-80<\/figcaption><\/figure> <\/div>   <h2 class=\"wp-block-heading\" id=\"h-what-affects-fish-feed-extruder-machine-price\"><strong>Bal\u0131k Yemi Ekstruder Makinesi Fiyat\u0131n\u0131 Ne Etkiler?<\/strong><\/h2>    <p class=\"translation-block\"><strong>Yap\u0131land\u0131rmalar<\/strong>. Pelet makinesinin yap\u0131land\u0131rmas\u0131 de\u011fi\u015fti\u011fi i\u00e7in. \u00c7\u0131kt\u0131, g\u00fc\u00e7 vb. bal\u0131k pelet makinesinin yap\u0131land\u0131rmas\u0131n\u0131 etkileyebilir. \u00d6rne\u011fin, k\u00fc\u00e7\u00fck bir elektrikli bal\u0131k yemi ekstr\u00fcder makinesinin fiyat\u0131 b\u00fcy\u00fck bir makineden daha ucuzdur.<\/p>    <p class=\"translation-block\"><strong>\u0130\u015flevler<\/strong>. Bu bal\u0131k yemi y\u00fczen pelet yapma makinesi tam i\u015flevseldir ve farkl\u0131 yem peletleri \u00fcretebilir. Farkl\u0131 par\u00e7ac\u0131klar\u0131n \u00fcretimi ilgili kal\u0131plar\u0131 gerektirir. Bu da fiyat\u0131 etkileyen bir fakt\u00f6rd\u00fcr.<\/p>    <figure class=\"wp-block-gallery aligncenter has-nested-images columns-default is-cropped wp-block-gallery-4 is-layout-flex wp-block-gallery-is-layout-flex\"> <figure class=\"wp-block-image size-large\"><img loading=\"lazy\" decoding=\"async\" width=\"715\" height=\"954\" data-id=\"2298\" src=\"https:\/\/taizyagromachine.com\/wp-content\/uploads\/2022\/03\/nolds-of-floating-fish-feed-extruder-machine.jpg\" alt=\"y\u00fczer-bal\u0131k yemi-ekstruder-makinesinin kal\u0131plar\u0131\" class=\"wp-image-2298\" srcset=\"https:\/\/taizyagromachine.com\/wp-content\/uploads\/2022\/03\/nolds-of-floating-fish-feed-extruder-machine.jpg 715w, https:\/\/taizyagromachine.com\/wp-content\/uploads\/2022\/03\/nolds-of-floating-fish-feed-extruder-machine-225x300.jpg 225w\" sizes=\"auto, (max-width: 715px) 100vw, 715px\" \/><figcaption class=\"wp-element-caption\">kal\u0131plar<\/figcaption><\/figure>    <figure class=\"wp-block-image size-large\"><img loading=\"lazy\" decoding=\"async\" width=\"540\" height=\"720\" data-id=\"2299\" src=\"https:\/\/taizyagromachine.com\/wp-content\/uploads\/2022\/03\/various-types-of-animal-feed.jpg\" alt=\"\u00e7e\u015fitli-hayvan-yemi t\u00fcrleri\" class=\"wp-image-2299\" srcset=\"https:\/\/taizyagromachine.com\/wp-content\/uploads\/2022\/03\/various-types-of-animal-feed.jpg 540w, https:\/\/taizyagromachine.com\/wp-content\/uploads\/2022\/03\/various-types-of-animal-feed-225x300.jpg 225w\" sizes=\"auto, (max-width: 540px) 100vw, 540px\" \/><figcaption class=\"wp-element-caption\">\u00e7e\u015fitli hayvan yemi t\u00fcrleri<\/figcaption><\/figure> <\/figure>    <p class=\"translation-block\"><strong>Malzemeler<\/strong>. Bu makine y\u00fcksek kaliteli malzemeler kullan\u0131r, bu nedenle makine y\u00fcksek kaliteli ve uzun hizmet \u00f6mr\u00fcne sahiptir ve fiyat\u0131 buna g\u00f6re y\u00fcksek olacakt\u0131r.<\/p>    <h2 class=\"wp-block-heading\" id=\"h-why-is-taizy-agro-the-top-choice\"><strong>Y\u00fczen Bal\u0131k Yemi Ekstruderinde Taizy Agro Neden En \u0130yi Se\u00e7im? <\/strong><\/h2>    <ul class=\"wp-block-list\"> <li><strong>CE belgesi<\/strong>. Y\u00fczen bal\u0131k yemi de\u011firmenimiz, makinenin kaliteli oldu\u011funu belirten CE sertifikas\u0131na sahiptir. Ve ilgili y\u00f6netmelik ve kurallara uygundur.<\/li>    <li><strong>Profesyonel kadro<\/strong>. \u015eirketimizde \u00e7al\u0131\u015fan ki\u015filer mesleki bilgi birikimine sahiptir ve en iyi \u00e7\u00f6z\u00fcmleri sunabilmektedir. Sat\u0131\u015f y\u00f6neticilerimiz i\u015finizi kolayla\u015ft\u0131racak en uygun \u00e7\u00f6z\u00fcm\u00fc her zaman bulabilir.<\/li>    <li><strong>Sat\u0131\u015f sonras\u0131 servis<\/strong>. Asl\u0131nda makineyi teslim ald\u0131ktan sonra sat\u0131\u015f sonras\u0131 hizmet de \u00e7ok \u00f6nemli. 24 saat hizmet veriyoruz, b\u00f6ylece bizi istedi\u011finiz zaman bulabilirsiniz.<\/li> <\/ul>   <div class=\"wp-block-image\"> <figure class=\"aligncenter size-full\"><img loading=\"lazy\" decoding=\"async\" width=\"720\" height=\"540\" src=\"https:\/\/taizyagromachine.com\/wp-content\/uploads\/2022\/03\/professional-team.jpg\" alt=\"profesyonel ekip\" class=\"wp-image-2304\" srcset=\"https:\/\/taizyagromachine.com\/wp-content\/uploads\/2022\/03\/professional-team.jpg 720w, https:\/\/taizyagromachine.com\/wp-content\/uploads\/2022\/03\/professional-team-300x225.jpg 300w\" sizes=\"auto, (max-width: 720px) 100vw, 720px\" \/><figcaption class=\"wp-element-caption\">profesyonel ekip<\/figcaption><\/figure> <\/div>   <h2 class=\"wp-block-heading\" id=\"h-operation-precautions\"><strong>Kuru Tip Bal\u0131k Yemi Ekstruder Makinas\u0131n\u0131n \u00c7al\u0131\u015fma Uyar\u0131lar\u0131<\/strong><\/h2>    <ol class=\"wp-block-list\"> <li>\u00dcretim s\u0131ras\u0131nda ekstruderin bo\u015faltma a\u011fz\u0131n\u0131n \u00f6n\u00fcnde durmak yasakt\u0131r.<\/li>    <li>Operat\u00f6rler yan\u0131klar\u0131 \u00f6nlemek i\u00e7in y\u00fcksek s\u0131cakl\u0131\u011fa dayan\u0131kl\u0131 eldivenler giymelidir.<\/li>    <li>Ekipmana ba\u015flamadan \u00f6nce tak\u0131mlar\u0131n ve di\u011fer \u00f6\u011felerin ekstruderden \u00e7\u0131kar\u0131ld\u0131\u011f\u0131ndan emin olunmal\u0131d\u0131r.<\/li>    <li>Ekipman\u0131n \u00e7al\u0131\u015fmas\u0131 s\u0131ras\u0131nda operat\u00f6r, t\u00fcm \u00fcnitenin \u00e7al\u0131\u015fmas\u0131n\u0131 s\u0131k s\u0131k denetlemeli ve herhangi bir anormallik bulunursa zaman\u0131nda ayarlama yapmal\u0131d\u0131r.<\/li>    <li>Makine durdurulduktan sonra bo\u015faltma kutusunu s\u00f6kerken makine i\u00e7indeki buhardan dolay\u0131 yanmamak i\u00e7in makine kafas\u0131n\u0131n \u00f6n\u00fcnde kimsenin olmamas\u0131na dikkat edin.<\/li> <\/ol>    <h2 class=\"wp-block-heading\"><strong>Ba\u015far\u0131l\u0131 \u00d6rnek: D\u00fcnya Pazar\u0131 i\u00e7in Y\u00fczen Bal\u0131k Yemi Yapma Makinesi<\/strong><\/h2>    <p class=\"translation-block\"><strong>Nijerya'ya \u0130hra\u00e7 Edilen Bal\u0131k Pelet Yapma Makinesi<\/strong><\/p>    <p id=\"h-\">Bu y\u0131l sat\u0131\u015f m\u00fcd\u00fcr\u00fcm\u00fcz Grace, Nijerya'daki bir bal\u0131k yemi ekstruder makinesinin fiyat\u0131 hakk\u0131nda bir m\u00fc\u015fteri sorgusu ald\u0131. K\u00fc\u00e7\u00fck bir yem fabrikas\u0131 i\u015fletiyor ve bal\u0131k yemi i\u00e7in bir ekstruder makinesi sat\u0131n almak istiyor. Bunun \u00fczerine Grace ilgili \u00e7al\u0131\u015fma videolar\u0131n\u0131 ve foto\u011fraflar\u0131n\u0131 g\u00f6nderdi. <\/p>    <p id=\"h-\">Asl\u0131nda bal\u0131k yemi peletlerinin boyutu konusunda \u00e7ok endi\u015feliydi. Grace bunu ona a\u00e7\u0131klad\u0131. Makine bo\u015faltma deli\u011fi \u00e7ap\u0131 serimiz \u03c61mm, \u03c61.5mm, \u03c62mm, \u03c63mm, \u03c63.5mm, \u03c64mm, \u03c65mm, \u03c66.8mm'dir. Kullan\u0131c\u0131lar bunlardan se\u00e7im yapabilir. Bunun ard\u0131ndan Nijeryal\u0131 m\u00fc\u015fteri bizimle s\u00f6zle\u015fme imzalad\u0131 ve depozito \u00f6dedi. Makineyi ald\u0131ktan sonra kendisi de \u00e7ok memnun kald\u0131.<\/p>   <div class=\"wp-block-image\"> <figure class=\"aligncenter size-full\"><img loading=\"lazy\" decoding=\"async\" width=\"720\" height=\"540\" src=\"https:\/\/taizyagromachine.com\/wp-content\/uploads\/2022\/03\/packaging-and-shipping-fish-pellet-making-machine.jpg\" alt=\"paketleme ve nakliye-bal\u0131k pelet yapma makinesi\" class=\"wp-image-2307\" srcset=\"https:\/\/taizyagromachine.com\/wp-content\/uploads\/2022\/03\/packaging-and-shipping-fish-pellet-making-machine.jpg 720w, https:\/\/taizyagromachine.com\/wp-content\/uploads\/2022\/03\/packaging-and-shipping-fish-pellet-making-machine-300x225.jpg 300w\" sizes=\"auto, (max-width: 720px) 100vw, 720px\" \/><figcaption class=\"wp-element-caption\">paketleme ve nakliye-bal\u0131k pelet yapma makinesi<\/figcaption><\/figure> <\/div>   <p class=\"translation-block\"><strong>Kamerun i\u00e7in k\u00fc\u00e7\u00fck y\u00fczen bal\u0131k yemi makinesi<\/strong><\/p>    <p>Lansman\u0131n\u0131 yapt\u0131\u011f\u0131m\u0131z dizel motorlu bal\u0131k yemi pelet makinesi Kamerun'a ba\u015far\u0131yla sat\u0131ld\u0131. Bu makine, g\u00fc\u00e7l\u00fc g\u00fcc\u00fc ve verimli \u00fcretim performans\u0131yla yerel \u00e7ift\u00e7ilerin be\u011fenisini kazand\u0131. Her t\u00fcrl\u00fc bal\u0131k yemi i\u00e7eri\u011fini besleyici peletlere d\u00f6n\u00fc\u015ft\u00fcrerek Kamerun'un bal\u0131k\u00e7\u0131l\u0131k end\u00fcstrisinin geli\u015fmesine yard\u0131mc\u0131 olur ve \u00e7ift\u00e7ili\u011fin faydalar\u0131n\u0131 art\u0131r\u0131r.<\/p>    <figure class=\"wp-block-gallery aligncenter has-nested-images columns-default is-cropped wp-block-gallery-5 is-layout-flex wp-block-gallery-is-layout-flex\"> <figure class=\"wp-block-image size-large\"><img loading=\"lazy\" decoding=\"async\" width=\"720\" height=\"540\" data-id=\"6263\" src=\"https:\/\/taizyagromachine.com\/wp-content\/uploads\/2022\/03\/diesel-engined-fish-feed-pellet-machine.webp\" alt=\"dizel motorlu bal\u0131k yemi pelet makinesi\" class=\"wp-image-6263\"\/><figcaption class=\"wp-element-caption\">dizel motorlu bal\u0131k yemi pelet makinesi<\/figcaption><\/figure>    <figure class=\"wp-block-image size-large\"><img loading=\"lazy\" decoding=\"async\" width=\"720\" height=\"540\" data-id=\"6264\" src=\"https:\/\/taizyagromachine.com\/wp-content\/uploads\/2022\/03\/floating-feed-making-machine-for-sale.webp\" alt=\"sat\u0131l\u0131k y\u00fczer yem yapma makinesi\" class=\"wp-image-6264\"\/><figcaption class=\"wp-element-caption\">sat\u0131l\u0131k y\u00fczer yem yapma makinesi<\/figcaption><\/figure> <\/figure>    <p>Pek \u00e7ok ba\u015far\u0131l\u0131 vakam\u0131z var, baz\u0131lar\u0131n\u0131 a\u015fa\u011f\u0131da s\u0131ral\u0131yoruz:<\/p>    <p><strong><a href=\"https:\/\/taizyagromachine.com\/tr\/info\/fish-pellet-machine-mozambique\/\">\u00c7ok satan bal\u0131k yemi peletleme makinesi Mozambik'e sat\u0131ld\u0131&nbsp;<\/a><\/strong><\/p>    <p><a href=\"https:\/\/taizyagromachine.com\/tr\/info\/fish-feed-extruder-machine-bukifaso\/\"><strong>Burkina Faso i\u00e7in yeni tip y\u00fczen bal\u0131k yemi pelet makinesi<\/strong><\/a><\/p>    <h2 class=\"wp-block-heading\"><strong>Y\u00fczen Bal\u0131k Yemi Ekstruder Makinesi Hakk\u0131nda Sorgulama!<\/strong><\/h2>    <p class=\"translation-block\">Y\u00fcksek kaliteli<a href=\"https:\/\/en.wikipedia.org\/wiki\/Aquarium_fish_feed\" target=\"_blank\" rel=\"noopener\"> bal\u0131k yemi<\/a> nas\u0131l \u00fcretilir biliyor musunuz? Acele edin ve bizimle ileti\u015fime ge\u00e7in! Size en uygun \u00e7\u00f6z\u00fcm\u00fc ve en iyi teklifi sunaca\u011f\u0131z.<\/p>","protected":false},"excerpt":{"rendered":"<p>Bal\u0131k yemi ekstruderimiz 1-13 mm aras\u0131 bal\u0131k yemi pelet \u00fcretimini 40-450 kg\/saat \u00fcretim kapasitesiyle ger\u00e7ekle\u015ftirebildi\u011fi gibi, iste\u011fe g\u00f6re de \u00fcretim yapabilmektedir. Bu makale esas olarak sat\u0131l\u0131k bal\u0131k yemi pelet makinesinin t\u00fcr\u00fcn\u00fc, \u00fcretim s\u00fcrecini, \u00fcretilebilecek bal\u0131k yemi yemini ve referans\u0131n\u0131z i\u00e7in ba\u015far\u0131l\u0131 vakalar\u0131 a\u00e7\u0131klamaktad\u0131r.<\/p>","protected":false},"author":1,"featured_media":3923,"parent":0,"template":"","tags":[147,139,148,143,135,137,142,138,140,146,144,136,145,141],"product-type":[29],"class_list":["post-2280","product","type-product","status-publish","has-post-thumbnail","hentry","tag-animal-feed-extruder","tag-extruder-fish-feed-machine","tag-feed-pellets","tag-fish-feed-extruder","tag-fish-feed-machine","tag-fish-feed-machine-price","tag-fish-feed-pelleting-machine","tag-fish-feeding-machine-for-aquarium","tag-fish-floating-feed-machine","tag-fish-pellet-making-machine","tag-floating-fish-feed","tag-floating-fish-feed-machine","tag-floating-fish-feed-mill","tag-sinking-fish-feed-machine","product-type-feed-pellet-machine"],"_links":{"self":[{"href":"https:\/\/taizyagromachine.com\/tr\/wp-json\/wp\/v2\/product\/2280","targetHints":{"allow":["GET"]}}],"collection":[{"href":"https:\/\/taizyagromachine.com\/tr\/wp-json\/wp\/v2\/product"}],"about":[{"href":"https:\/\/taizyagromachine.com\/tr\/wp-json\/wp\/v2\/types\/product"}],"author":[{"embeddable":true,"href":"https:\/\/taizyagromachine.com\/tr\/wp-json\/wp\/v2\/users\/1"}],"wp:featuredmedia":[{"embeddable":true,"href":"https:\/\/taizyagromachine.com\/tr\/wp-json\/wp\/v2\/media\/3923"}],"wp:attachment":[{"href":"https:\/\/taizyagromachine.com\/tr\/wp-json\/wp\/v2\/media?parent=2280"}],"wp:term":[{"taxonomy":"post_tag","embeddable":true,"href":"https:\/\/taizyagromachine.com\/tr\/wp-json\/wp\/v2\/tags?post=2280"},{"taxonomy":"product-type","embeddable":true,"href":"https:\/\/taizyagromachine.com\/tr\/wp-json\/wp\/v2\/product-type?post=2280"}],"curies":[{"name":"wp","href":"https:\/\/api.w.org\/{rel}","templated":true}]}}