{"id":2333,"date":"2022-03-31T01:53:37","date_gmt":"2022-03-31T01:53:37","guid":{"rendered":"https:\/\/taizyagromachine.com\/?post_type=product&#038;p=2333"},"modified":"2022-11-16T10:28:06","modified_gmt":"2022-11-16T02:28:06","slug":"hand-corn-planter-walk-behind-corn-planter-1-row-corn-planter","status":"publish","type":"product","link":"https:\/\/taizyagromachine.com\/tr\/product\/hand-corn-planter-walk-behind-corn-planter-1-row-corn-planter\/","title":{"rendered":"El M\u0131s\u0131r Ekici | M\u0131s\u0131r Ekicisinin Arkas\u0131nda Y\u00fcr\u00fcmek | 1 S\u0131ral\u0131 M\u0131s\u0131r Ekme Makinas\u0131"},"content":{"rendered":"<p class=\"translation-block\">M\u0131s\u0131r, d\u00fcnyan\u0131n en \u00f6nemli \u00fcr\u00fcnlerinden biridir. Bu nedenle, ekimden hasada kadar ilgili m\u0131s\u0131r makinelerinden ayr\u0131lamaz. Bug\u00fcn tan\u0131t\u0131lacak olan <strong>elle m\u0131s\u0131r ekme makinesi<\/strong>, m\u0131s\u0131r ekimi i\u00e7in \u00f6zel olarak tasarlanm\u0131\u015ft\u0131r. Elbette bu\u011fday, yer f\u0131st\u0131\u011f\u0131, fasulye, sorgum, kolza, pamuk vb. ekmek i\u00e7in de kullan\u0131labilir. Bu elle m\u0131s\u0131r ekme makinesi, tepelik, da\u011fl\u0131k alanlar vb. yerlerde ekim i\u00e7in uygundur. Elle s\u0131ra ekme makinemiz Nijerya, Kenya ve di\u011fer b\u00f6lgelerde \u00e7ok pop\u00fclerdir. \u0130stedi\u011finiz zaman dan\u0131\u015fmaya ho\u015f geldiniz.<\/p>    <h2 class=\"wp-block-heading\" id=\"h-type-one-walk-behind-corn-planter\"><strong>Birinci Tip: M\u0131s\u0131r Ekicisinin Arkas\u0131nda Y\u00fcr\u00fcmek<\/strong><\/h2>    <p class=\"translation-block\">Bu t\u00fcr elle m\u0131s\u0131r ekme makinesi \u00e7ok basit bir yap\u0131ya ve kolay bir kullan\u0131ma sahiptir. Asl\u0131nda, bu <a href=\"https:\/\/cornmachines.com\/manual-seed-planter\/\" target=\"_blank\" rel=\"noreferrer noopener\">tek s\u0131ral\u0131 ekici<\/a> iki ki\u015finin birlikte \u00e7al\u0131\u015fmas\u0131n\u0131 gerektirir. Bir ki\u015fi ipi \u00e7ekip ileri do\u011fru hareket ederken, di\u011fer ki\u015fi m\u0131s\u0131r ekme makinesini tutar. Yap\u0131s\u0131ndan, elle m\u0131s\u0131r ekme makinesinin g\u00fcbreleme ve ekim yapabildi\u011fini, ancak ayn\u0131 anda ikisini birden yapamad\u0131\u011f\u0131n\u0131 a\u00e7\u0131k\u00e7a anlayabiliriz. Bu k\u00fc\u00e7\u00fck m\u0131s\u0131r ekme makinesi herhangi bir g\u00fc\u00e7 kullanmaz, sadece insan g\u00fcc\u00fc kullan\u0131r. Bu nedenle, \u00f6zellikle baz\u0131 \u00fclkelerdeki yard\u0131m projeleri i\u00e7in uygundur ve yoksul b\u00f6lgelerdeki insanlara kolayl\u0131k sa\u011flar.<\/p>   <div class=\"wp-block-image\"> <figure class=\"aligncenter size-full\"><img loading=\"lazy\" decoding=\"async\" width=\"720\" height=\"540\" src=\"https:\/\/taizyagromachine.com\/wp-content\/uploads\/2022\/03\/walk-behind-corn-planter.jpg\" alt=\"m\u0131s\u0131r ekicisinin arkas\u0131nda y\u00fcr\u00fcmek\" class=\"wp-image-2369\" srcset=\"https:\/\/taizyagromachine.com\/wp-content\/uploads\/2022\/03\/walk-behind-corn-planter.jpg 720w, https:\/\/taizyagromachine.com\/wp-content\/uploads\/2022\/03\/walk-behind-corn-planter-300x225.jpg 300w\" sizes=\"auto, (max-width: 720px) 100vw, 720px\" \/><figcaption class=\"wp-element-caption\">m\u0131s\u0131r ekicisinin arkas\u0131nda y\u00fcr\u00fcmek<\/figcaption><\/figure> <\/div>   <h3 class=\"wp-block-heading\"><strong>Sat\u0131l\u0131k El M\u0131s\u0131r Ekicilerinin \u00c7al\u0131\u015fma Videosu<\/strong><\/h3>    <figure class=\"wp-block-embed aligncenter is-type-video is-provider-youtube wp-block-embed-youtube wp-embed-aspect-16-9 wp-has-aspect-ratio\"><div class=\"wp-block-embed__wrapper\"> <iframe loading=\"lazy\" title=\"Manuel m\u0131s\u0131r ekme makinesi el kumandal\u0131 m\u0131s\u0131r tohumu ekici f\u0131st\u0131k bu\u011fday fasulye sorgum tecav\u00fcz ekici\" width=\"500\" height=\"281\" src=\"https:\/\/www.youtube.com\/embed\/1PT06n0p09I?feature=oembed\" frameborder=\"0\" allow=\"accelerometer; autoplay; clipboard-write; encrypted-media; gyroscope; picture-in-picture; web-share\" referrerpolicy=\"strict-origin-when-cross-origin\" allowfullscreen><\/iframe> <\/div><\/figure>    <h3 class=\"wp-block-heading\"><strong>Teknik \u00d6zellikler<\/strong><\/h3>    <figure class=\"wp-block-table\"><table><tbody><tr><td>Modeli<\/td><td>TZY-100<\/td><\/tr><tr><td>Kapasite<\/td><td>0,5 d\u00f6n\u00fcm\/saat<\/td><\/tr><tr><td>Boyut<\/td><td>1370*420*900mm<\/td><\/tr><tr><td>A\u011f\u0131rl\u0131k<\/td><td>12 kg<\/td><\/tr><\/tbody><\/table><\/figure>    <h2 class=\"wp-block-heading\"><strong>Tip \u0130ki: Benzinli Motorlu 1 S\u0131ral\u0131 M\u0131s\u0131r Ekim Makinas\u0131<\/strong><\/h2>    <p>Bu manuel m\u0131s\u0131r ekme makinesi, benzinli motorla donat\u0131lm\u0131\u015f eski moda tohum ekme makinesini temel alan bir y\u00fckseltmedir. Bu el m\u0131s\u0131r ekici, tohumlar\u0131 bir ki\u015fi taraf\u0131ndan ekebilir ve benzinli motora sahiptir, bu da insan g\u00fcc\u00fcnden b\u00fcy\u00fck \u00f6l\u00e7\u00fcde tasarruf sa\u011flayabilir ve verimlili\u011fi art\u0131rabilir. <\/p>   <div class=\"wp-block-image\"> <figure class=\"aligncenter size-full\"><img loading=\"lazy\" decoding=\"async\" width=\"720\" height=\"540\" src=\"https:\/\/taizyagromachine.com\/wp-content\/uploads\/2022\/03\/gasoline-engine-equipped-walk-behind-planter.jpg\" alt=\"benzinli motor el m\u0131s\u0131r ekme makinesi\" class=\"wp-image-2371\" srcset=\"https:\/\/taizyagromachine.com\/wp-content\/uploads\/2022\/03\/gasoline-engine-equipped-walk-behind-planter.jpg 720w, https:\/\/taizyagromachine.com\/wp-content\/uploads\/2022\/03\/gasoline-engine-equipped-walk-behind-planter-300x225.jpg 300w\" sizes=\"auto, (max-width: 720px) 100vw, 720px\" \/><figcaption class=\"wp-element-caption\">benzinli motor el m\u0131s\u0131r ekme makinesi<\/figcaption><\/figure> <\/div>   <p>Birinci tip makineyle kar\u015f\u0131la\u015ft\u0131r\u0131ld\u0131\u011f\u0131nda, benzinli motor d\u0131\u015f\u0131nda geri kalan\u0131 temelde ayn\u0131d\u0131r. Herhangi bir sorunuz varsa istedi\u011finiz zaman bizimle ileti\u015fime ge\u00e7ebilirsiniz.<\/p>    <h3 class=\"wp-block-heading\"><strong>Benzinli Motor ile donat\u0131lm\u0131\u015ft\u0131r<\/strong><\/h3>    <p>Fabrikam\u0131zda iki \u00e7e\u015fit benzinli motor bulunmaktad\u0131r. Biri 170F benzinli motor, di\u011feri ise 152F benzinli motordur. Makinenin \u00f6zel \u015fekli a\u015fa\u011f\u0131daki \u015fekilde g\u00f6sterilmektedir.<\/p>   <div class=\"wp-block-image\"> <figure class=\"aligncenter size-full\"><img loading=\"lazy\" decoding=\"async\" width=\"720\" height=\"540\" src=\"https:\/\/taizyagromachine.com\/wp-content\/uploads\/2022\/03\/1-row-corn-planter-with-the-gasoline-engine.jpg\" alt=\"benzinli motorla ekim makinesinin arkas\u0131nda y\u00fcr\u00fcmek\" class=\"wp-image-2373\" srcset=\"https:\/\/taizyagromachine.com\/wp-content\/uploads\/2022\/03\/1-row-corn-planter-with-the-gasoline-engine.jpg 720w, https:\/\/taizyagromachine.com\/wp-content\/uploads\/2022\/03\/1-row-corn-planter-with-the-gasoline-engine-300x225.jpg 300w\" sizes=\"auto, (max-width: 720px) 100vw, 720px\" \/><figcaption class=\"wp-element-caption\">iki farkl\u0131 benzinli motor<\/figcaption><\/figure> <\/div>   <h2 class=\"wp-block-heading\"><strong>Tip \u00dc\u00e7: Tek S\u0131ral\u0131 El M\u0131s\u0131r Ekici<\/strong><\/h2>    <p>Elle m\u0131s\u0131r ekme makinesinde, ekim \u00e7ark\u0131 de\u011fi\u015ftirilerek ilgili mahsuller i\u00e7in kullan\u0131labilen bir \u00f6rdek gagas\u0131 bulunur. Toplam 8 tip ekim \u00e7ark\u0131 bulunmaktad\u0131r. Ayr\u0131ca \u00f6rdek gagas\u0131 say\u0131s\u0131 bitki aral\u0131\u011f\u0131n\u0131n b\u00fcy\u00fckl\u00fc\u011f\u00fcn\u00fc belirler. \u00d6rdek gagas\u0131 ne kadar fazla olursa bitki aral\u0131\u011f\u0131 o kadar k\u00fc\u00e7\u00fck olur. Ve en fazla 12 adet \u00f6rdek gagas\u0131 var. Ekim derinli\u011fi 3,5-7,8 cm'dir. Bu makinenin k\u00fc\u00e7\u00fck bir kabinini Zambiya\u2019ya ihra\u00e7 ediyoruz.<\/p>   <div class=\"wp-block-image\"> <figure class=\"aligncenter size-large\"><img loading=\"lazy\" decoding=\"async\" width=\"1024\" height=\"384\" src=\"https:\/\/taizyagromachine.com\/wp-content\/uploads\/2022\/03\/different-colors-of-1-row-hand-corn-planter-1024x384.jpg\" alt=\"1 s\u0131ral\u0131 el m\u0131s\u0131r ekicisinin farkl\u0131 renkleri\" class=\"wp-image-2376\" srcset=\"https:\/\/taizyagromachine.com\/wp-content\/uploads\/2022\/03\/different-colors-of-1-row-hand-corn-planter-1024x384.jpg 1024w, https:\/\/taizyagromachine.com\/wp-content\/uploads\/2022\/03\/different-colors-of-1-row-hand-corn-planter-300x113.jpg 300w, https:\/\/taizyagromachine.com\/wp-content\/uploads\/2022\/03\/different-colors-of-1-row-hand-corn-planter-768x288.jpg 768w, https:\/\/taizyagromachine.com\/wp-content\/uploads\/2022\/03\/different-colors-of-1-row-hand-corn-planter.jpg 1440w\" sizes=\"auto, (max-width: 1024px) 100vw, 1024px\" \/><figcaption class=\"wp-element-caption\">1 s\u0131ral\u0131 el m\u0131s\u0131r ekicisinin farkl\u0131 renkleri<\/figcaption><\/figure> <\/div>   <h3 class=\"wp-block-heading\"><strong>M\u0131s\u0131r S\u0131ras\u0131 Ekicinin Yap\u0131s\u0131<\/strong><\/h3>    <p>Asl\u0131nda ileri itmek i\u00e7in bir kol dayama yeri var. Tohum sand\u0131\u011f\u0131, tohumlar\u0131 tutacak ve ard\u0131ndan \u00f6rdek gagas\u0131n\u0131 ekecek. Tekerlek topra\u011f\u0131 kaplamak i\u00e7indir. Ayr\u0131ca bu el m\u0131s\u0131r ekme makinesi i\u00e7in farkl\u0131 renklerimiz var. Neyi tercih etti\u011finizi se\u00e7ebilirsiniz.<\/p>   <div class=\"wp-block-image\"> <figure class=\"aligncenter size-full\"><img loading=\"lazy\" decoding=\"async\" width=\"720\" height=\"540\" src=\"https:\/\/taizyagromachine.com\/wp-content\/uploads\/2022\/03\/structure-of-hand-pushed-corn-seeder.jpg\" alt=\"elle itilen m\u0131s\u0131r ekme makinesinin yap\u0131s\u0131\" class=\"wp-image-2379\" srcset=\"https:\/\/taizyagromachine.com\/wp-content\/uploads\/2022\/03\/structure-of-hand-pushed-corn-seeder.jpg 720w, https:\/\/taizyagromachine.com\/wp-content\/uploads\/2022\/03\/structure-of-hand-pushed-corn-seeder-300x225.jpg 300w\" sizes=\"auto, (max-width: 720px) 100vw, 720px\" \/><figcaption class=\"wp-element-caption\">elle itilen m\u0131s\u0131r ekme makinesinin yap\u0131s\u0131<\/figcaption><\/figure> <\/div>   <h3 class=\"wp-block-heading\"><strong>Teknik Parametreler<\/strong><\/h3>    <figure class=\"wp-block-table\"><table><tbody><tr><td>Ekim derinli\u011fi<\/td><td>3,5-7,8 cm<\/td><\/tr><tr><td>Ekim miktar\u0131<\/td><td>1-3 adet, ayarlanabilir<\/td><\/tr><tr><td>\u00d6rdek gagas\u0131<\/td><td>Maks. 12 adet<\/td><\/tr><tr><td>A\u011f\u0131rl\u0131k<\/td><td>11 kilo<\/td><\/tr><tr><td>Ambalaj boyutu<\/td><td>58*58*25 mm<\/td><\/tr><\/tbody><\/table><\/figure>    <h2 class=\"wp-block-heading\" id=\"h-highlights-of-single-row-walk-behind-corn-planter\"><strong>M\u0131s\u0131r Ekici Arkas\u0131nda Tek S\u0131ral\u0131 Y\u00fcr\u00fcy\u00fc\u015f\u00fcn \u00d6ne \u00c7\u0131kan Noktalar\u0131<\/strong> <\/h2>    <ol class=\"wp-block-list\"> <li>Kolay kullan\u0131m, basit yap\u0131, kaliteli.<\/li>    <li>Hafiftir, ta\u015f\u0131nmas\u0131 kolayd\u0131r.<\/li>    <li>Engebeli, da\u011fl\u0131k alanlar i\u00e7in uygundur.<\/li>    <li>Bu\u011fday, pamuk, sorgum, bu\u011fday, fasulye, m\u0131s\u0131r, kolza tohumu vb. gibi \u00e7e\u015fitli mahsulleri ekmek i\u00e7in uygundur.<\/li>    <li>\u00c7evre korumas\u0131. Manuel \u00e7al\u0131\u015fma, \u00e7evreye dost.<\/li> <\/ol>    <h2 class=\"wp-block-heading\" id=\"h-why-choose-taizy-as-top-choice\"><strong>Neden En \u0130yi Se\u00e7im Olarak Taizy'yi Se\u00e7melisiniz?<\/strong><\/h2>    <p class=\"translation-block\"><strong>ISO sertifikas\u0131<\/strong>. Elle m\u0131s\u0131r ekme makinemiz ISO sertifikas\u0131na sahiptir ve ilgili y\u00f6netmelik ve kurallara uygundur. Bu nedenle makineler iyi kalitededir ve ulusal standartlara ula\u015f\u0131r. <\/p>    <p class=\"translation-block\"><strong>Zengin ihracat deneyimi.<\/strong> Zambiya, Afrika, G\u00fcney Amerika, Nijerya, Peru gibi bir\u00e7ok \u00fclkeye ve b\u00f6lgeye m\u0131s\u0131r hasat makinesi, <a href=\"https:\/\/taizyagromachine.com\/tr\/product\/maize-thresher\/\" target=\"_blank\" rel=\"noreferrer noopener\">m\u0131s\u0131r harman makinesi<\/a> gibi \u00e7e\u015fitli tar\u0131m makinelerimizi ihra\u00e7 ettik. Bu nedenle, ihracat konusunda bir\u00e7ok deneyimimiz var. <\/p>    <p class=\"translation-block\"><strong>D\u00fc\u015f\u00fcnceli sat\u0131\u015f sonras\u0131 hizmet.<\/strong> Makineleri teslim ald\u0131ktan sonra bile m\u00fc\u015fterilerimizin durumunu takip ediyoruz. Ayr\u0131ca m\u00fc\u015fterilerden gelen t\u00fcm sorular\u0131 yan\u0131tlamak i\u00e7in 7\/24 \u00e7evrimi\u00e7i hizmet sa\u011fl\u0131yoruz. <\/p>   <div class=\"wp-block-image\"> <figure class=\"aligncenter size-full\"><img loading=\"lazy\" decoding=\"async\" width=\"720\" height=\"540\" src=\"https:\/\/taizyagromachine.com\/wp-content\/uploads\/2022\/03\/professional-team.jpg\" alt=\"profesyonel ekip\" class=\"wp-image-2304\" srcset=\"https:\/\/taizyagromachine.com\/wp-content\/uploads\/2022\/03\/professional-team.jpg 720w, https:\/\/taizyagromachine.com\/wp-content\/uploads\/2022\/03\/professional-team-300x225.jpg 300w\" sizes=\"auto, (max-width: 720px) 100vw, 720px\" \/><figcaption class=\"wp-element-caption\">profesyonel ekip<\/figcaption><\/figure> <\/div>   <h2 class=\"wp-block-heading\"><strong>Ba\u015far\u0131l\u0131 \u00d6rnek: Elle Kumandal\u0131 M\u0131s\u0131r Ekici Peru'ya \u0130hra\u00e7 Edildi<\/strong><\/h2>    <p>Yorumu Google web sitemizden ald\u0131k. Peru m\u00fc\u015fterimiz 20 adet 1 s\u0131ral\u0131 benzinli motorlu m\u0131s\u0131r ekim makinesi istedi\u011fini s\u00f6yledi. B\u00fcy\u00fck bir \u00e7iftlik sahibi oldu\u011fu i\u00e7in eme\u011finin kar\u015f\u0131l\u0131\u011f\u0131n\u0131 sat\u0131n almak istiyordu. Sat\u0131\u015f m\u00fcd\u00fcr\u00fcm\u00fcz Coco kendisine hizmet verdi. Peru m\u00fc\u015fterisi bir kez 20 adet sipari\u015f verdi ve teslimat s\u00fcresi konusunda endi\u015feliydi. Coco ona fabrikam\u0131z\u0131n makineyi zaman\u0131nda \u00fcretece\u011fini anlatt\u0131 ve ona bir ilerleme plan\u0131 yapt\u0131. \u00dcstelik Coco ilerlemeyi ona g\u00f6nderecekti. Peru m\u00fc\u015fterisi bunu okuduktan sonra rahatlad\u0131, bir s\u00f6zle\u015fme imzalad\u0131 ve \u00f6demenin tamam\u0131n\u0131 h\u0131zla \u00f6dedi.<\/p>    <h2 class=\"wp-block-heading\"><strong>El M\u0131s\u0131r Ekici Hakk\u0131nda SSS<\/strong><\/h2>   <div id=\"rank-math-faq\" class=\"rank-math-block\"> <div class=\"rank-math-list\"> <div id=\"faq-question-1668565608199\" class=\"rank-math-list-item\"> <h3 class=\"rank-math-question\"><strong>S: Bir defada ka\u00e7 adet sipari\u015f edilmelidir?<\/strong><\/h3> <div class=\"rank-math-answer\">  <p>Cevap: Minimum sipari\u015f miktar\u0131 20 adettir.<\/p>  <\/div> <\/div> <div id=\"faq-question-1668565613558\" class=\"rank-math-list-item\"> <h3 class=\"rank-math-question\"><strong>S: Bu ekici taraf\u0131ndan hangi \u00fcr\u00fcnler ekilebilir?<\/strong><\/h3> <div class=\"rank-math-answer\">  <p>C: Pek \u00e7ok \u00fcr\u00fcn mevcut. \u00d6rne\u011fin bu\u011fday, pamuk, sorgum, yer f\u0131st\u0131\u011f\u0131, fasulye, kolza tohumu vb.<\/p>  <\/div> <\/div> <div id=\"faq-question-1668565623984\" class=\"rank-math-list-item\"> <h3 class=\"rank-math-question\"><strong>S: Bir kez 100 adet sipari\u015f verirseniz \u00fcretimi nas\u0131l garanti edersiniz?<\/strong><\/h3> <div class=\"rank-math-answer\">  <p>A: Entegre \u00fcretim ve ticaret yap\u0131yoruz. Bu nedenle, ihtiya\u00e7 duydu\u011funuz \u00fcr\u00fcnleri zaman\u0131nda \u00fcretme konusunda g\u00fc\u00e7l\u00fc bir kapasitemiz var. Ayr\u0131ca, haklar\u0131n\u0131z\u0131 g\u00fcvence alt\u0131na almak i\u00e7in bir ilerleme plan\u0131 olu\u015fturaca\u011f\u0131z.<\/p>  <\/div> <\/div> <div id=\"faq-question-1668565639991\" class=\"rank-math-list-item\"> <h3 class=\"rank-math-question\"><strong>S: Makineleri ne kadar s\u00fcrede teslim edebilirsiniz?<\/strong><\/h3> <div class=\"rank-math-answer\">  <p>C: Genel olarak konu\u015fursak, depozitoyu ald\u0131ktan sonra mallar\u0131 d\u00fczenlemek i\u00e7in bir haftaya ihtiyac\u0131m\u0131z var. Yani her \u015fey yolunda giderse bir hafta sonra makineleri teslim etmeye ba\u015fl\u0131yoruz.<\/p>  <\/div> <\/div> <div id=\"faq-question-1668565653725\" class=\"rank-math-list-item\"> <h3 class=\"rank-math-question\"><strong>S: Hangi ula\u015f\u0131m y\u00f6ntemini kullan\u0131yorsunuz?<\/strong><\/h3> <div class=\"rank-math-answer\">  <p>C: Genellikle deniz yoluyla. Ba\u015fka gereksinimleriniz varsa l\u00fctfen bizi bilgilendirin. Ve en uygun ula\u015f\u0131m y\u00f6ntemini ayarlayaca\u011f\u0131z.<\/p>  <\/div> <\/div> <\/div> <\/div>   <p><\/p>","protected":false},"excerpt":{"rendered":"<p>Corn is one of the most important crops in the world. Therefore, from the beginning of planting to harvesting, it is inseparable from the relevant corn machinery. The hand corn planter to be introduced today is specially designed for corn sowing. Of course, it can also sow wheat, peanuts, beans, sorghum, rape, cotton, etc. This [&hellip;]<\/p>\n","protected":false},"author":1,"featured_media":2368,"parent":0,"template":"","tags":[],"product-type":[17],"class_list":["post-2333","product","type-product","status-publish","has-post-thumbnail","hentry","product-type-corn-machine"],"_links":{"self":[{"href":"https:\/\/taizyagromachine.com\/tr\/wp-json\/wp\/v2\/product\/2333","targetHints":{"allow":["GET"]}}],"collection":[{"href":"https:\/\/taizyagromachine.com\/tr\/wp-json\/wp\/v2\/product"}],"about":[{"href":"https:\/\/taizyagromachine.com\/tr\/wp-json\/wp\/v2\/types\/product"}],"author":[{"embeddable":true,"href":"https:\/\/taizyagromachine.com\/tr\/wp-json\/wp\/v2\/users\/1"}],"wp:featuredmedia":[{"embeddable":true,"href":"https:\/\/taizyagromachine.com\/tr\/wp-json\/wp\/v2\/media\/2368"}],"wp:attachment":[{"href":"https:\/\/taizyagromachine.com\/tr\/wp-json\/wp\/v2\/media?parent=2333"}],"wp:term":[{"taxonomy":"post_tag","embeddable":true,"href":"https:\/\/taizyagromachine.com\/tr\/wp-json\/wp\/v2\/tags?post=2333"},{"taxonomy":"product-type","embeddable":true,"href":"https:\/\/taizyagromachine.com\/tr\/wp-json\/wp\/v2\/product-type?post=2333"}],"curies":[{"name":"wp","href":"https:\/\/api.w.org\/{rel}","templated":true}]}}