{"id":2416,"date":"2022-04-06T09:36:20","date_gmt":"2022-04-06T09:36:20","guid":{"rendered":"https:\/\/taizyagromachine.com\/?post_type=product&#038;p=2416"},"modified":"2025-01-02T13:53:45","modified_gmt":"2025-01-02T05:53:45","slug":"oil-press-machine-cold-oil-press-hot-oil-press-machine","status":"publish","type":"product","link":"https:\/\/taizyagromachine.com\/tr\/product\/oil-press-machine-cold-oil-press-hot-oil-press-machine\/","title":{"rendered":"Ya\u011f Pres Makinas\u0131 | Ya\u011f \u00c7\u0131karma Makinas\u0131"},"content":{"rendered":"<p class=\"translation-block\">Yenilebilir ya\u011f, insanlar\u0131n g\u00fcnl\u00fck ya\u015fam\u0131ndan ayr\u0131lmaz bir b\u00fct\u00fcnd\u00fcr. Yenilebilir ya\u011f\u0131n \u00e7\u0131kar\u0131lmas\u0131 i\u00e7in bir ya\u011f presine ihtiya\u00e7 vard\u0131r. Bu nedenle, <strong>ya\u011f presi makinesi<\/strong>ne yat\u0131r\u0131m yapmak yat\u0131r\u0131mc\u0131lara b\u00fcy\u00fck karlar getirebilir. Profesyonel bir ya\u011f presi \u00fcreticisi ve tedarik\u00e7isi olarak, ya\u011f \u00e7\u0131kar\u0131c\u0131 makinemiz piyasadaki hemen hemen t\u00fcm \u00e7e\u015fitleri kapsamaktad\u0131r. Ayr\u0131ca, ya\u011f \u00e7\u0131karma makinemiz s\u0131cak presleme ve so\u011fuk presleme \u00f6zelliklerine sahiptir. \u0130htiya\u00e7lar\u0131n\u0131za g\u00f6re se\u00e7im yapabilirsiniz. Dahas\u0131, otomatik ya\u011f preslerimiz Mali, Angola, Nijerya, Burkina Faso, Tayland vb. \u00fclkelere de ihra\u00e7 edilmektedir. K\u0131sacas\u0131, ya\u011f presi makinesi sahibine gelir getirebilir.<\/p>    <h2 class=\"wp-block-heading\" id=\"h-type-one-automatic-screw-hot-oil-press-machine\"><strong>Tip Bir: Otomatik Vidal\u0131 K\u0131zg\u0131n Ya\u011f Pres Makinas\u0131<\/strong><\/h2>    <p class=\"translation-block\">\u00c7ok satan otomatik ya\u011f \u00e7\u0131kar\u0131c\u0131 preslerden biri olan <a href=\"https:\/\/taizyagromachine.com\/tr\/product\/automatic-groundnut-oil-sunflower-oil-making-machine\/\" target=\"_blank\" rel=\"noreferrer noopener\">vidal\u0131 ya\u011f presi<\/a>, benzersiz bir tasar\u0131ma, \u00e7ekici bir g\u00f6r\u00fcn\u00fcme ve iyi bir performansa sahiptir. Bu makine bir motorla donat\u0131lm\u0131\u015ft\u0131r ve y\u00fcksek ya\u011f verimi ve ho\u015f kokulu ya\u011f elde edilmesi nedeniyle s\u0131cak presleme y\u00f6ntemini benimser. Ek olarak, otomatik \u00e7\u0131kar\u0131c\u0131 pres makinesi, makinenin verimini b\u00fcy\u00fck \u00f6l\u00e7\u00fcde garanti eden iki adet vakum filtre haznesine sahiptir. <\/p>    <p>\u00dcstelik kullan\u0131lan hammaddeler \u00e7ok geni\u015ftir. \u00d6rne\u011fin soya fasulyesi, yer f\u0131st\u0131\u011f\u0131, pamuk tohumu, kolza tohumu, ay\u00e7i\u00e7e\u011fi tohumu, biber tohumu vb. Herhangi bir sorunuz varsa, a\u00e7\u0131klama i\u00e7in bizimle her zaman ileti\u015fime ge\u00e7ebilirsiniz.<\/p>   <div class=\"wp-block-image\"> <figure class=\"aligncenter size-full\"><img loading=\"lazy\" decoding=\"async\" width=\"720\" height=\"540\" src=\"https:\/\/taizyagromachine.com\/wp-content\/uploads\/2022\/04\/hot-screw-oil-press-machine.jpg\" alt=\"s\u0131cak vidal\u0131 ya\u011f pres makinesi\" class=\"wp-image-2418\" srcset=\"https:\/\/taizyagromachine.com\/wp-content\/uploads\/2022\/04\/hot-screw-oil-press-machine.jpg 720w, https:\/\/taizyagromachine.com\/wp-content\/uploads\/2022\/04\/hot-screw-oil-press-machine-300x225.jpg 300w\" sizes=\"auto, (max-width: 720px) 100vw, 720px\" \/><figcaption class=\"wp-element-caption\">s\u0131cak vidal\u0131 ya\u011f pres makinesi<\/figcaption><\/figure> <\/div>   <h3 class=\"wp-block-heading\" id=\"h-reasonable-structure-of-electric-oil-press-machine\"><strong>Elektrikli Ya\u011f Pres Makinesinin Makul Yap\u0131s\u0131 <\/strong><\/h3>    <p>Olduk\u00e7a benzersiz ve basit bir tasar\u0131ma, besleme giri\u015fine, kontrol kabinine, vidaya ve vakum filtresine sahiptir. <\/p>   <div class=\"wp-block-image\"> <figure class=\"aligncenter size-full\"><img loading=\"lazy\" decoding=\"async\" width=\"720\" height=\"540\" src=\"https:\/\/taizyagromachine.com\/wp-content\/uploads\/2022\/02\/structure-of-groundnut-oil-processing-machine.jpg\" alt=\"yer f\u0131st\u0131\u011f\u0131 ya\u011f\u0131 i\u015fleme makinesinin yap\u0131s\u0131\" class=\"wp-image-2094\" srcset=\"https:\/\/taizyagromachine.com\/wp-content\/uploads\/2022\/02\/structure-of-groundnut-oil-processing-machine.jpg 720w, https:\/\/taizyagromachine.com\/wp-content\/uploads\/2022\/02\/structure-of-groundnut-oil-processing-machine-300x225.jpg 300w\" sizes=\"auto, (max-width: 720px) 100vw, 720px\" \/><figcaption class=\"wp-element-caption\">yer f\u0131st\u0131\u011f\u0131 ya\u011f\u0131 i\u015fleme makinesinin yap\u0131s\u0131<\/figcaption><\/figure> <\/div>   <figure class=\"wp-block-table\"><table><tbody><tr><td>1. s\u0131cakl\u0131k reg\u00fclat\u00f6r\u00fc<\/td><td>7. besleme giri\u015fi<\/td><\/tr><tr><td>2. duman tahliyesi<\/td><td>8. ayar b\u00f6l\u00fcm\u00fc<\/td><\/tr><tr><td>3. g\u00fc\u00e7 da\u011f\u0131t\u0131m kabini<\/td><td>9. \u0131s\u0131tma eleman\u0131<\/td><\/tr><tr><td>4. ya\u011flama konumu<\/td><td>10. ya\u011f \u00e7\u0131k\u0131\u015f k\u0131sm\u0131<\/td><\/tr><tr><td>5. red\u00fckt\u00f6r<\/td><td>11. bas\u0131n k\u0131sm\u0131<\/td><\/tr><tr><td>6. motor<\/td><td>12. vakumlu ya\u011f filtresi<\/td><\/tr><\/tbody><\/table><\/figure>    <h3 class=\"wp-block-heading\"><strong>Paslanmaz \u00c7elik Vidal\u0131 K\u0131zg\u0131n Ya\u011f \u00c7\u0131karma Makinas\u0131n\u0131n \u00c7al\u0131\u015fma Prensibi<\/strong><\/h3>    <p>Ad\u0131ndan da anla\u015f\u0131laca\u011f\u0131 gibi, bu makine esas olarak ham maddelerden ya\u011f basmak i\u00e7in viday\u0131 kullan\u0131r. Bu nedenle vida \u00e7ekirdek k\u0131s\u0131md\u0131r. Daha sonra preslenen ya\u011f vakum filtresinden s\u00fcz\u00fcl\u00fcr. Vidam\u0131z g\u0131da s\u0131n\u0131f\u0131 gereksinimleri olan y\u00fcksek kaliteli paslanmaz \u00e7eliktir.<\/p>   <div class=\"wp-block-image\"> <figure class=\"aligncenter size-full\"><img loading=\"lazy\" decoding=\"async\" width=\"720\" height=\"540\" src=\"https:\/\/taizyagromachine.com\/wp-content\/uploads\/2022\/02\/screw-sunflower-oil-press.jpg\" alt=\"vida\" class=\"wp-image-2100\" srcset=\"https:\/\/taizyagromachine.com\/wp-content\/uploads\/2022\/02\/screw-sunflower-oil-press.jpg 720w, https:\/\/taizyagromachine.com\/wp-content\/uploads\/2022\/02\/screw-sunflower-oil-press-300x225.jpg 300w\" sizes=\"auto, (max-width: 720px) 100vw, 720px\" \/><figcaption class=\"wp-element-caption\">vida<\/figcaption><\/figure> <\/div>   <h3 class=\"wp-block-heading\"><strong>Teknik Parametreler<\/strong><\/h3>    <p>Aralar\u0131ndan se\u00e7im yapabilece\u011finiz \u00e7e\u015fitli t\u00fcrlerimiz var. Modeli vida \u00e7ap\u0131na g\u00f6re s\u0131n\u0131fland\u0131rd\u0131\u011f\u0131m\u0131z\u0131 bilmelisiniz. Yani kapasitesini a\u00e7\u0131k\u00e7a bilebilirsiniz. A\u015fa\u011f\u0131daki veriler cihaz\u0131n ana g\u00fcc\u00fcn\u00fc, kapasitesini, a\u011f\u0131rl\u0131\u011f\u0131n\u0131, boyutunu vb. a\u00e7\u0131k\u00e7a belirtmektedir. Hala \u015f\u00fcpheleriniz varsa, istedi\u011finiz zaman bizimle ileti\u015fime ge\u00e7ebilirsiniz.<\/p>    <figure class=\"wp-block-table\"><table><tbody><tr><td>Modeli<\/td><td>6YL-60<\/td><td>6YL-70<\/td><td>6YL-80<\/td><td>6YL-100<\/td><td>6YL-125<\/td><\/tr><tr><td>Vida \u00e7ap\u0131 (mm)<\/td><td>\u03a655<\/td><td>\u03a665<\/td><td>\u03a680<\/td><td>\u03a6100<\/td><td>\u03a6125<\/td><\/tr><tr><td>Vida d\u00f6nme h\u0131z\u0131 (r\/dak)<\/td><td>64<\/td><td>38<\/td><td>35<\/td><td>37<\/td><td>34<\/td><\/tr><tr><td>Ana g\u00fc\u00e7(kW)<\/td><td>2.2<\/td><td>3<\/td><td>4<\/td><td>7.5<\/td><td>15<\/td><\/tr><tr><td>Vakum pompas\u0131 g\u00fcc\u00fc (kW)<\/td><td>0.75<\/td><td>0.75<\/td><td>0.55<\/td><td>0.75<\/td><td>0.75<\/td><\/tr><tr><td>Is\u0131tma g\u00fcc\u00fc (kW)<\/td><td>0.9<\/td><td>1.8<\/td><td>2.2<\/td><td>3<\/td><td>3.75<\/td><\/tr><tr><td>Kapasite(kg\/saat)<\/td><td>40-60<\/td><td>50-70<\/td><td>80-120<\/td><td>150-230<\/td><td>300-350<\/td><\/tr><tr><td>A\u011f\u0131rl\u0131k (kg)<\/td><td>220<\/td><td>280<\/td><td>880<\/td><td>1100<\/td><td>1400<\/td><\/tr><tr><td>Boyut (mm)<\/td><td>1200*480*1100<\/td><td>1400*500*1200<\/td><td>1700*110*1600<\/td><td>1900*1200*1300<\/td><td>2600*1300*2300<\/td><\/tr><\/tbody><\/table><\/figure>    <h2 class=\"wp-block-heading\" id=\"h-type-two-commercial-oil-hydraulic-press-machine\"><strong>Tip \u0130ki: Ticari Ya\u011f Hidrolik Pres Makinas\u0131<\/strong><\/h2>    <p>Birinci tiple kar\u015f\u0131la\u015ft\u0131r\u0131ld\u0131\u011f\u0131nda bu hidrolik ya\u011f \u00e7\u0131karma makinesinin kapasitesi daha k\u00fc\u00e7\u00fckt\u00fcr. Bu nedenle bu makine genellikle susam ya\u011f\u0131 \u00fcretiminde kullan\u0131lmaktad\u0131r. Kesinlikle s\u0131cak presi benimsiyor. Ve kaliteli susam ya\u011f\u0131 \u00fcretimi sa\u011flamak i\u00e7in separat\u00f6r\u00fc kullan\u0131yoruz. Ayr\u0131ca susam art\u0131\u011f\u0131 ezilerek yem olarak da kullan\u0131labilir. <\/p>    <p>Dahas\u0131, susam, ceviz ve f\u0131nd\u0131k bu makineyi kullanabilir. Cevizlerin susam boyutuna ezilmesi ve \u00f6nce k\u0131zart\u0131lmas\u0131 gerekti\u011fine dikkat edilmelidir.<\/p>    <figure class=\"wp-block-gallery aligncenter has-nested-images columns-default is-cropped wp-block-gallery-2 is-layout-flex wp-block-gallery-is-layout-flex\"> <figure class=\"wp-block-image size-large\"><img loading=\"lazy\" decoding=\"async\" width=\"720\" height=\"540\" data-id=\"2419\" src=\"https:\/\/taizyagromachine.com\/wp-content\/uploads\/2022\/04\/hydraulic-oil-expeller.jpg\" alt=\"hidrolik ya\u011f \u00e7\u0131kar\u0131c\u0131\" class=\"wp-image-2419\" srcset=\"https:\/\/taizyagromachine.com\/wp-content\/uploads\/2022\/04\/hydraulic-oil-expeller.jpg 720w, https:\/\/taizyagromachine.com\/wp-content\/uploads\/2022\/04\/hydraulic-oil-expeller-300x225.jpg 300w\" sizes=\"auto, (max-width: 720px) 100vw, 720px\" \/><figcaption class=\"wp-element-caption\">hidrolik ya\u011f \u00e7\u0131kar\u0131c\u0131<\/figcaption><\/figure>    <figure class=\"wp-block-image size-large\"><img loading=\"lazy\" decoding=\"async\" width=\"720\" height=\"540\" data-id=\"2420\" src=\"https:\/\/taizyagromachine.com\/wp-content\/uploads\/2022\/04\/machine-display.jpg\" alt=\"makine ekran\u0131\" class=\"wp-image-2420\" srcset=\"https:\/\/taizyagromachine.com\/wp-content\/uploads\/2022\/04\/machine-display.jpg 720w, https:\/\/taizyagromachine.com\/wp-content\/uploads\/2022\/04\/machine-display-300x225.jpg 300w\" sizes=\"auto, (max-width: 720px) 100vw, 720px\" \/><figcaption class=\"wp-element-caption\">makine ekran\u0131<\/figcaption><\/figure> <\/figure>    <h3 class=\"wp-block-heading\" id=\"h-hydraulic-hot-oil-press-structure\"><strong>Hidrolik K\u0131zg\u0131n Ya\u011f Pres Yap\u0131s\u0131<\/strong><\/h3>    <p>Bu tip makineler az yer kaplar. Ana \u00e7al\u0131\u015fma par\u00e7as\u0131, ay\u0131r\u0131c\u0131 vb. dahil olmak \u00fczere silindirdir. Ayn\u0131 zamanda makineyi destekleyecek bir kaideye de sahiptir.<\/p>   <div class=\"wp-block-image\"> <figure class=\"aligncenter size-full\"><img loading=\"lazy\" decoding=\"async\" width=\"720\" height=\"500\" src=\"https:\/\/taizyagromachine.com\/wp-content\/uploads\/2022\/04\/structure-of-hydraulic-oil-press-machine.jpg\" alt=\"hidrolik ya\u011f pres makinesinin yap\u0131s\u0131\" class=\"wp-image-2421\" srcset=\"https:\/\/taizyagromachine.com\/wp-content\/uploads\/2022\/04\/structure-of-hydraulic-oil-press-machine.jpg 720w, https:\/\/taizyagromachine.com\/wp-content\/uploads\/2022\/04\/structure-of-hydraulic-oil-press-machine-300x208.jpg 300w\" sizes=\"auto, (max-width: 720px) 100vw, 720px\" \/><figcaption class=\"wp-element-caption\">hidrolik ya\u011f pres makinesinin yap\u0131s\u0131<\/figcaption><\/figure> <\/div>   <h3 class=\"wp-block-heading\" id=\"h-hydraulic-oil-press-machine-specifications\"><strong>Hidrolik Ya\u011f Pres Makinesi \u00d6zellikleri<\/strong><\/h3>    <p>Firmam\u0131zda hala bir\u00e7ok \u00e7e\u015fit bulunmaktad\u0131r. A\u015fa\u011f\u0131daki verilere g\u00f6re uygun olan\u0131 se\u00e7ebilirsiniz. Hi\u00e7bir fikriniz yoksa bizimle ileti\u015fime ge\u00e7mekten memnuniyet duyar\u0131z. Profesyonel sat\u0131\u015f y\u00f6neticimiz size teknik tavsiyelerde bulunacakt\u0131r. <\/p>    <figure class=\"wp-block-table\"><table><tbody><tr><td>Modeli<\/td><td>6YZ-180<\/td><td>6YZ-230<\/td><td>6YZ-260<\/td><td>6YZ-320<\/td><\/tr><tr><td>Boyut(mm)<\/td><td>920*480*1190<\/td><td>1065*540*1550<\/td><td>900*1000*1560<\/td><td>980*1050*1680<\/td><\/tr><tr><td>A\u011f\u0131rl\u0131k(kg)<\/td><td>450<\/td><td>880<\/td><td>1250<\/td><td>1680<\/td><\/tr><tr><td>Kg bas\u0131n\u00e7(kn)<\/td><td>1600<\/td><td>2200<\/td><td>2600<\/td><td>3000<\/td><\/tr><tr><td>Maksimum \u00e7al\u0131\u015fma bas\u0131nc\u0131<\/td><td>55Mpa<\/td><td>55Mpa<\/td><td>55Mpa<\/td><td>55Mpa<\/td><\/tr><tr><td>Elektrikli \u0131s\u0131tma g\u00fcc\u00fc<\/td><td>1<\/td><td>1<\/td><td>1.2<\/td><td>2<\/td><\/tr><tr><td>Susam tohumlar\u0131n\u0131n a\u011f\u0131rl\u0131\u011f\u0131 (her seferinde)<\/td><td>&nbsp;2-4 &nbsp;&nbsp;&nbsp;&nbsp;&nbsp;&nbsp;<\/td><td>5 -8<\/td><td>&nbsp;6-10<\/td><td>&nbsp;7-18<\/td><\/tr><tr><td>G\u00fc\u00e7(kW)<\/td><td>3(220v)<\/td><td>1.5<\/td><td>1.5<\/td><td>2.2<\/td><\/tr><\/tbody><\/table><\/figure>    <h2 class=\"wp-block-heading\"><strong>Tip \u00dc\u00e7: Sat\u0131l\u0131k En \u0130yi So\u011fuk ve K\u0131zg\u0131n Ya\u011f Pres Makinesi<\/strong><\/h2>    <p>Ad\u0131ndan sonra, bu t\u00fcr bir ya\u011f kovma i\u015fleminin s\u0131cak veya so\u011fuk ya\u011f presini kullanabilece\u011fini kolayca bilebiliriz. G\u00f6r\u00fcn\u00fc\u015f\u00fcnden bir asans\u00f6r var. Bu nedenle, ay\u0131rt etmek kolayd\u0131r. <\/p>    <p>K\u0131zg\u0131n ya\u011f presi kullan\u0131rsan\u0131z ya\u011f\u0131n rengi koyu olur ve verimi y\u00fcksektir.<\/p>    <p>So\u011fuk ya\u011f presi kullan\u0131rsan\u0131z ya\u011f\u0131n rengi a\u00e7\u0131k olur.<\/p>   <div class=\"wp-block-image\"> <figure class=\"aligncenter size-full\"><img loading=\"lazy\" decoding=\"async\" width=\"720\" height=\"540\" src=\"https:\/\/taizyagromachine.com\/wp-content\/uploads\/2022\/04\/cold-and-hot-oil-press-machine.jpg\" alt=\"so\u011fuk ve s\u0131cak ya\u011f pres makinesi\" class=\"wp-image-2422\" srcset=\"https:\/\/taizyagromachine.com\/wp-content\/uploads\/2022\/04\/cold-and-hot-oil-press-machine.jpg 720w, https:\/\/taizyagromachine.com\/wp-content\/uploads\/2022\/04\/cold-and-hot-oil-press-machine-300x225.jpg 300w\" sizes=\"auto, (max-width: 720px) 100vw, 720px\" \/><figcaption class=\"wp-element-caption\">so\u011fuk ve s\u0131cak ya\u011f pres makinesi<\/figcaption><\/figure> <\/div>   <h3 class=\"wp-block-heading\" id=\"h-technical-parameters\"><strong>Teknik Parametreler<\/strong><\/h3>    <p>Farkl\u0131 t\u00fcrlerin farkl\u0131 kapasiteleri vard\u0131r. Elbette kar\u015f\u0131l\u0131k gelen motora, boyuta ve a\u011f\u0131rl\u0131\u011fa sahip olmal\u0131d\u0131r.<\/p>    <figure class=\"wp-block-table\"><table><tbody><tr><td>Modeli<\/td><td>ZY-125<\/td><td>ZY-150<\/td><\/tr><tr><td>Motor<\/td><td>&nbsp;15kw<\/td><td>37 kW<\/td><\/tr><tr><td>Vakum pompas\u0131 motoru<\/td><td>1,5 kW<\/td><td>2,2 kW<\/td><\/tr><tr><td>Kapasite<\/td><td>150-200kg\/saat<\/td><td>300-350kg\/saat<\/td><\/tr><tr><td>A\u011f\u0131rl\u0131k<\/td><td>986 kg<\/td><td>2500kg<\/td><\/tr><tr><td>Boyut<\/td><td>1900*1100*1500mm<\/td><td>2100*1300*1700mm<\/td><\/tr><\/tbody><\/table><\/figure>    <h2 class=\"wp-block-heading\"><strong>Tip D\u00f6rt: Teklif Projeleri i\u00e7in Toptan Manuel Ya\u011f Pres Makinesi<\/strong><\/h2>    <p>Bu yar\u0131 otomatik ya\u011f pres makinesinin en b\u00fcy\u00fck avantaj\u0131 mevcut dizel motordur. Ve \u00e7ok basit, \u00e7al\u0131\u015ft\u0131r\u0131lmas\u0131 kolay. \u00c7\u00fcnk\u00fc sadece yenilebilir ya\u011f\u0131 \u00fcreterek i\u015fe yarayacak vida var.<\/p>    <p>Bunun d\u0131\u015f\u0131nda bu makine \u00e7o\u011funlukla Afrikal\u0131 m\u00fc\u015fterilere y\u00f6nelik ihale projelerinde kullan\u0131l\u0131yor. <\/p>   <div class=\"wp-block-image\"> <figure class=\"aligncenter size-full\"><img loading=\"lazy\" decoding=\"async\" width=\"720\" height=\"540\" src=\"https:\/\/taizyagromachine.com\/wp-content\/uploads\/2022\/04\/semi-automatic-oil-extraction-machine.jpg\" alt=\"yar\u0131 otomatik ya\u011f \u00e7\u0131karma makinas\u0131\" class=\"wp-image-2423\" srcset=\"https:\/\/taizyagromachine.com\/wp-content\/uploads\/2022\/04\/semi-automatic-oil-extraction-machine.jpg 720w, https:\/\/taizyagromachine.com\/wp-content\/uploads\/2022\/04\/semi-automatic-oil-extraction-machine-300x225.jpg 300w\" sizes=\"auto, (max-width: 720px) 100vw, 720px\" \/><figcaption class=\"wp-element-caption\">yar\u0131 otomatik ya\u011f \u00e7\u0131karma makinas\u0131<\/figcaption><\/figure> <\/div>   <h2 class=\"wp-block-heading\"><strong>Geni\u015f Uygulamalar <\/strong><\/h2>    <p class=\"translation-block\">Ya\u011f presi makinesi i\u00e7in \u00e7e\u015fitli uygulamalar mevcuttur. Fasulye, yer f\u0131st\u0131\u011f\u0131, pamuk tohumu, kolza tohumu, ay\u00e7i\u00e7e\u011fi \u00e7ekirdekleri, biber tohumlar\u0131, susam, <a href=\"https:\/\/en.wikipedia.org\/wiki\/Walnut\" target=\"_blank\" rel=\"noreferrer noopener\">ceviz<\/a>, kuruyemi\u015f vb. i\u00e7in kullan\u0131labilir. <\/p>   <div class=\"wp-block-image\"> <figure class=\"aligncenter size-full\"><img loading=\"lazy\" decoding=\"async\" width=\"720\" height=\"540\" src=\"https:\/\/taizyagromachine.com\/wp-content\/uploads\/2022\/02\/application-of-screw-groudnut-oil-extraction.jpg\" alt=\"vidal\u0131 yerf\u0131st\u0131\u011f\u0131 ya\u011f\u0131 \u00e7\u0131karma uygulamas\u0131\" class=\"wp-image-2135\" srcset=\"https:\/\/taizyagromachine.com\/wp-content\/uploads\/2022\/02\/application-of-screw-groudnut-oil-extraction.jpg 720w, https:\/\/taizyagromachine.com\/wp-content\/uploads\/2022\/02\/application-of-screw-groudnut-oil-extraction-300x225.jpg 300w\" sizes=\"auto, (max-width: 720px) 100vw, 720px\" \/><figcaption class=\"wp-element-caption\">ba\u015fvuru<\/figcaption><\/figure> <\/div>   <h2 class=\"wp-block-heading\" id=\"h-working-video-of-oil-press-machine\"><strong>Ya\u011f Pres Makinas\u0131n\u0131n \u00c7al\u0131\u015fma Videosu<\/strong><\/h2>    <figure class=\"wp-block-embed is-type-video is-provider-youtube wp-block-embed-youtube wp-embed-aspect-16-9 wp-has-aspect-ratio\"><div class=\"wp-block-embed__wrapper\"> <iframe loading=\"lazy\" title=\"f\u0131st\u0131k ya\u011f\u0131 yapma makinesi | yer f\u0131st\u0131\u011f\u0131 ya\u011f\u0131 \u00e7\u0131karma | ay\u00e7i\u00e7e\u011fi, pamuk tohumu ya\u011f\u0131 yapma makinesi\" width=\"500\" height=\"281\" src=\"https:\/\/www.youtube.com\/embed\/o5xYWrWoEQg?feature=oembed\" frameborder=\"0\" allow=\"accelerometer; autoplay; clipboard-write; encrypted-media; gyroscope; picture-in-picture; web-share\" referrerpolicy=\"strict-origin-when-cross-origin\" allowfullscreen><\/iframe> <\/div><\/figure>    <h2 class=\"wp-block-heading\"><strong>Taizy Agro Machine Co., Ltd'nin G\u00fc\u00e7l\u00fc Y\u00f6nleri Nelerdir?<\/strong><\/h2>    <p class=\"translation-block\"><strong>Tam modeller<\/strong>. Bu makalenin tamam\u0131na g\u00f6z atarak, ya\u011f presi makinemizin piyasada bulunan modellerin neredeyse tamam\u0131n\u0131 kapsad\u0131\u011f\u0131n\u0131 \u00f6\u011frenebilirsiniz. Bu nedenle, bizden piyasada bulunan t\u00fcm tipleri bir kerede, \u00e7ok basit ve kullan\u0131\u015fl\u0131 bir \u015fekilde \u00f6\u011frenebilirsiniz.<\/p>    <p class=\"translation-block\"><strong>Profesyonel sat\u0131\u015f y\u00f6neticisi<\/strong>. Sat\u0131\u015f y\u00f6neticilerimiz zengin deneyime ve makineyi iyi anlama yetene\u011fine sahiptir. G\u00f6r\u00fc\u015fmelerinizden ihtiya\u00e7lar\u0131n\u0131z\u0131 net bir \u015fekilde anlayabilir ve m\u00fckemmel \u00e7\u00f6z\u00fcmler sunabilirler.<\/p>    <p class=\"translation-block\"><strong>D\u00fc\u015f\u00fcnceli sat\u0131\u015f sonras\u0131 hizmet<\/strong>. Firmam\u0131z online hizmet ve ayr\u0131ca video deste\u011fi sunmaktad\u0131r. Yard\u0131ma ihtiyac\u0131n\u0131z oldu\u011funda, biz her zaman yan\u0131n\u0131zday\u0131z.<\/p>    <h2 class=\"wp-block-heading\"><strong>Taizy Ya\u011f Pres Makinas\u0131 Bak\u0131m\u0131<\/strong><\/h2>    <ol class=\"wp-block-list\"> <li>Presleme miktar\u0131 azald\u0131\u011f\u0131nda ve kal\u0131nt\u0131 veya ya\u011f \u00e7\u0131k\u0131\u015f\u0131 anormal oldu\u011funda, vida milini d\u0131\u015far\u0131 \u00e7ekin ve vidan\u0131n, bask\u0131 \u00e7ubu\u011funun ve kal\u0131nt\u0131 halkas\u0131n\u0131n a\u015f\u0131nmas\u0131n\u0131 kontrol edin. A\u015f\u0131nm\u0131\u015f par\u00e7alar zaman\u0131nda de\u011fi\u015ftirilmelidir.<\/li>    <li>Her vardiyadan sonra makinede kalan tortu \u00e7\u0131kar\u0131lmal\u0131, makine y\u00fczeyindeki toz ve ya\u011flar silinerek temizlenmelidir.<\/li>    <li>\u00dcretim sezonu sonras\u0131nda uzun s\u00fcre depolanacaksa bak\u0131m yap\u0131lmal\u0131, preslenmi\u015f salyangozlar, preslenmi\u015f \u00e7ubuklar ve kal\u0131nt\u0131 halkalar\u0131 s\u00f6k\u00fcl\u00fcp y\u0131kan\u0131p tekrar ya\u011flan\u0131p kuru bir yere konulmal\u0131d\u0131r.<\/li> <\/ol>    <h2 class=\"wp-block-heading\"><strong>Ba\u015far\u0131l\u0131 Durum:<\/strong> <strong>Tayland'a Tam Otomatik S\u0131cak Vidal\u0131 Ya\u011f Pres Makinas\u0131 Sat\u0131ld\u0131<\/strong><\/h2>    <p>Sat\u0131\u015f m\u00fcd\u00fcr\u00fcm\u00fcz Winne bir Tayland m\u00fc\u015fterisinden bir soru\u015fturma ald\u0131. Bu Taylandl\u0131 m\u00fc\u015fteri bir yer f\u0131st\u0131\u011f\u0131 ya\u011f i\u015fleme tesisi i\u015fletiyor. Ekipman\u0131 g\u00fcncellemek istiyor. \u0130leti\u015fim yoluyla, Taylandl\u0131 m\u00fc\u015fteri \u00e7ok \u00e7e\u015fitli kullan\u0131lm\u0131\u015f ya\u011flar satmaktad\u0131r. F\u0131st\u0131k ya\u011f\u0131, kolza ya\u011f\u0131, ay\u00e7i\u00e7e\u011fi ya\u011f\u0131 vb. Daha sonra g\u00fcnl\u00fck sat\u0131\u015f hacmine g\u00f6re Winne 60 t\u00fcr\u00fcn\u00fc \u00f6nerdi. Petrol satt\u0131\u011f\u0131 ve daha fazla netli\u011fe sahip olmak istedi\u011finden, santrif\u00fcj bir ya\u011f filtresi istiyor. Makinenin performans\u0131, parametreleri, \u00e7al\u0131\u015fma videolar\u0131 vb. Hakk\u0131nda ayr\u0131nt\u0131l\u0131 bir anlay\u0131\u015fa sahip olduktan sonra bizimle i\u015fbirli\u011fine ula\u015ft\u0131.<\/p>   <div class=\"wp-block-image\"> <figure class=\"aligncenter size-full\"><img loading=\"lazy\" decoding=\"async\" width=\"720\" height=\"280\" src=\"https:\/\/taizyagromachine.com\/wp-content\/uploads\/2022\/04\/order-details-fully-automatic-screw-oil-press-machine.jpg\" alt=\"sipari\u015f detaylar\u0131 - tam otomatik vidal\u0131 ya\u011f pres makinesi\" class=\"wp-image-2426\" srcset=\"https:\/\/taizyagromachine.com\/wp-content\/uploads\/2022\/04\/order-details-fully-automatic-screw-oil-press-machine.jpg 720w, https:\/\/taizyagromachine.com\/wp-content\/uploads\/2022\/04\/order-details-fully-automatic-screw-oil-press-machine-300x117.jpg 300w\" sizes=\"auto, (max-width: 720px) 100vw, 720px\" \/><figcaption class=\"wp-element-caption\">sipari\u015f detaylar\u0131 - tam otomatik vidal\u0131 ya\u011f pres makinesi<\/figcaption><\/figure> <\/div>   <h2 class=\"wp-block-heading\" id=\"h-\"><strong> <\/strong><\/h2>","protected":false},"excerpt":{"rendered":"<p>Edible oil is inseparable from people&#8217;s daily life. Edible oil requires an oil press for extraction. Therefore, investing in oil press machine can bring huge profits to investors. As a professional oil press manufacturer and supplier, our oil expeller covers almost all varieties on the market. Besides, our oil extraction machine has hot pressing and [&hellip;]<\/p>\n","protected":false},"author":1,"featured_media":2417,"parent":0,"template":"","tags":[],"product-type":[22],"class_list":["post-2416","product","type-product","status-publish","has-post-thumbnail","hentry","product-type-others"],"_links":{"self":[{"href":"https:\/\/taizyagromachine.com\/tr\/wp-json\/wp\/v2\/product\/2416","targetHints":{"allow":["GET"]}}],"collection":[{"href":"https:\/\/taizyagromachine.com\/tr\/wp-json\/wp\/v2\/product"}],"about":[{"href":"https:\/\/taizyagromachine.com\/tr\/wp-json\/wp\/v2\/types\/product"}],"author":[{"embeddable":true,"href":"https:\/\/taizyagromachine.com\/tr\/wp-json\/wp\/v2\/users\/1"}],"wp:featuredmedia":[{"embeddable":true,"href":"https:\/\/taizyagromachine.com\/tr\/wp-json\/wp\/v2\/media\/2417"}],"wp:attachment":[{"href":"https:\/\/taizyagromachine.com\/tr\/wp-json\/wp\/v2\/media?parent=2416"}],"wp:term":[{"taxonomy":"post_tag","embeddable":true,"href":"https:\/\/taizyagromachine.com\/tr\/wp-json\/wp\/v2\/tags?post=2416"},{"taxonomy":"product-type","embeddable":true,"href":"https:\/\/taizyagromachine.com\/tr\/wp-json\/wp\/v2\/product-type?post=2416"}],"curies":[{"name":"wp","href":"https:\/\/api.w.org\/{rel}","templated":true}]}}