{"id":2431,"date":"2022-04-08T09:50:52","date_gmt":"2022-04-08T09:50:52","guid":{"rendered":"https:\/\/taizyagromachine.com\/?post_type=product&#038;p=2431"},"modified":"2025-04-28T16:51:17","modified_gmt":"2025-04-28T08:51:17","slug":"groundnut-shelling-machine-groundnut-shell-removing-machine","status":"publish","type":"product","link":"https:\/\/taizyagromachine.com\/tr\/product\/groundnut-shelling-machine-groundnut-shell-removing-machine\/","title":{"rendered":"F\u0131st\u0131k Kabu\u011fu \u00c7\u0131karma i\u00e7in Yer F\u0131st\u0131\u011f\u0131 Bombard\u0131man\u0131 Makinesi"},"content":{"rendered":"<p class=\"translation-block\"><strong>Yer f\u0131st\u0131\u011f\u0131 kabu\u011fu soyman makinesi<\/strong> kolayca f\u0131st\u0131k kabu\u011funu temiz ve b\u00fct\u00fcn f\u0131st\u0131k \u00e7ekirdeklerini elde etmek i\u00e7in \u00e7al\u0131\u015f\u0131r. Bu t\u00fcr f\u0131st\u0131k kabu\u011fu soyucu makine 200-800kg\/h kapasiteye sahiptir, esnek g\u00fc\u00e7 sistemleri, y\u00fcksek soyma oran\u0131 ve d\u00fc\u015f\u00fck k\u0131r\u0131k oran\u0131 gibi avantajlara sahiptir.<\/p>    <p>Yer f\u0131st\u0131\u011f\u0131 besin a\u00e7\u0131s\u0131ndan zengindir. Sadece petrol \u00e7\u0131kar\u0131m\u0131 i\u00e7in de\u011fil, ayn\u0131 zamanda g\u0131da end\u00fcstrisi i\u00e7in de. Ayr\u0131ca do\u011frudan da yenilebilir. Bu y\u00fczden yer f\u0131st\u0131\u011f\u0131 soyucuyu kullan\u0131yoruz. Ayr\u0131ca f\u0131st\u0131k soyma makinemiz CE belgesine sahiptir. <\/p>    <p>Ayr\u0131ca f\u0131st\u0131k soyma makinemiz bir\u00e7ok \u00fclke ve b\u00f6lgede olduk\u00e7a pop\u00fclerdir. Senegal, Nijerya, Kenya, Kongo, Zimbabve, Gambiya, Yunanistan vb.<\/p>    <figure class=\"wp-block-embed is-type-video is-provider-youtube wp-block-embed-youtube wp-embed-aspect-16-9 wp-has-aspect-ratio\"><div class=\"wp-block-embed__wrapper\"> <iframe loading=\"lazy\" title=\"Maliyet etkin yer f\u0131st\u0131\u011f\u0131 kabuklar\u0131 i\u00e7in kabuk \u00e7\u0131kar\u0131c\u0131 | End\u00fcstriyel yer f\u0131st\u0131\u011f\u0131 kabuk \u00e7\u0131kar\u0131c\u0131 nas\u0131l \u00e7al\u0131\u015f\u0131r?\" width=\"500\" height=\"281\" src=\"https:\/\/www.youtube.com\/embed\/laJ9QAIVMf0?feature=oembed\" frameborder=\"0\" allow=\"accelerometer; autoplay; clipboard-write; encrypted-media; gyroscope; picture-in-picture; web-share\" referrerpolicy=\"strict-origin-when-cross-origin\" allowfullscreen><\/iframe> <\/div><figcaption class=\"wp-element-caption\">f\u0131st\u0131k kabu\u011fu ay\u0131rma makinesi videosu<\/figcaption><\/figure>    <h2 class=\"wp-block-heading\" id=\"h-industrial-automatic-peanut-shelling-machine-for-sale\"><strong>Sat\u0131l\u0131k End\u00fcstriyel Otomatik F\u0131st\u0131k Bombard\u0131man Makinesi<\/strong><\/h2>    <p>Lider ve profesyonel bir tar\u0131m makinesi \u00fcreticisi ve tedarik\u00e7isi olarak ihtiya\u00e7lar\u0131n\u0131z\u0131 kar\u015f\u0131layacak \u00e7e\u015fitli modellerimiz bulunmaktad\u0131r. Elbette her yer f\u0131st\u0131\u011f\u0131 soyma makinesi modelinin kendine has g\u00fcc\u00fc ve \u00f6zellikleri vard\u0131r. Bunlar\u0131 sizlere tek tek tan\u0131t\u0131yorum.<\/p>    <h3 class=\"wp-block-heading\"><strong>TBH-200 K\u00fc\u00e7\u00fck Yer F\u0131st\u0131\u011f\u0131 Bombard\u0131man\u0131 Makinas\u0131<\/strong><\/h3>    <p>Bu t\u00fcr yer f\u0131st\u0131\u011f\u0131 soyucu dizel motoru, motoru ve benzinli motoru kullanabilir. Bu ay\u0131klama makinesinde tek elek kullan\u0131lmaktad\u0131r. Ama makineyle birlikte iki elek de ayarlayaca\u011f\u0131z. <\/p>    <p>Ele\u011fi f\u0131st\u0131k \u015fekline g\u00f6re de \u00f6zelle\u015ftirebilirsiniz. Bu t\u00fcr f\u0131st\u0131k kabu\u011fu \u00e7\u0131karma makinesi, y\u00fcksek verimlilik, d\u00fc\u015f\u00fck hasar ve y\u00fcksek bombard\u0131man oran\u0131 avantajlar\u0131na sahiptir. Yani ev ve k\u00fc\u00e7\u00fck i\u015fletmelere y\u00f6nelik bir f\u0131st\u0131k ay\u0131klama makinesidir.<\/p>   <div class=\"wp-block-image\"> <figure class=\"aligncenter size-full\"><img loading=\"lazy\" decoding=\"async\" width=\"720\" height=\"540\" src=\"https:\/\/taizyagromachine.com\/wp-content\/uploads\/2022\/04\/peanut-shelling-machine-TBH-200.jpg\" alt=\"f\u0131st\u0131k soyma makinas\u0131-TBH-200\" class=\"wp-image-2433\" srcset=\"https:\/\/taizyagromachine.com\/wp-content\/uploads\/2022\/04\/peanut-shelling-machine-TBH-200.jpg 720w, https:\/\/taizyagromachine.com\/wp-content\/uploads\/2022\/04\/peanut-shelling-machine-TBH-200-300x225.jpg 300w\" sizes=\"auto, (max-width: 720px) 100vw, 720px\" \/><figcaption class=\"wp-element-caption\">f\u0131st\u0131k soyma makinas\u0131-TBH-200<\/figcaption><\/figure> <\/div>   <figure class=\"wp-block-embed is-type-video is-provider-youtube wp-block-embed-youtube wp-embed-aspect-16-9 wp-has-aspect-ratio\"><div class=\"wp-block-embed__wrapper\"> <iframe loading=\"lazy\" title=\"F\u0131st\u0131k soyucu nas\u0131l \u00e7al\u0131\u015f\u0131r? F\u0131st\u0131k kabuklar\u0131n\u0131 nas\u0131l \u00e7\u0131kar\u0131yorlar?\" width=\"500\" height=\"281\" src=\"https:\/\/www.youtube.com\/embed\/ItqAlwJXEL8?feature=oembed\" frameborder=\"0\" allow=\"accelerometer; autoplay; clipboard-write; encrypted-media; gyroscope; picture-in-picture; web-share\" referrerpolicy=\"strict-origin-when-cross-origin\" allowfullscreen><\/iframe> <\/div><figcaption class=\"wp-element-caption\">f\u0131st\u0131k soyma makinesi \u00e7al\u0131\u015fma videosu<\/figcaption><\/figure>    <h3 class=\"wp-block-heading\"><strong>TBH-400 Otomatik Yer F\u0131st\u0131\u011f\u0131 Kabuk S\u00f6k\u00fcc\u00fc <\/strong><\/h3>    <p>Yer f\u0131st\u0131\u011f\u0131 soyucu TBH-200'e benzer bir g\u00fc\u00e7 sistemine sahiptir; \u00fc\u00e7 g\u00fc\u00e7 cihaz\u0131 mevcuttur.  Ayr\u0131ca iki elek mevcuttur ve yaln\u0131zca bir tanesi tak\u0131l\u0131d\u0131r. \u00dcfleyici kirleri uzakla\u015ft\u0131r\u0131yor. Kau\u00e7uk bir rulo kullan\u0131r. <\/p>    <p>Yukar\u0131daki makineyle kar\u015f\u0131la\u015ft\u0131r\u0131ld\u0131\u011f\u0131nda, bu end\u00fcstriyel f\u0131st\u0131k ay\u0131klama makinesi daha b\u00fcy\u00fck bir kapasiteye sahiptir.<\/p>    <figure class=\"wp-block-gallery aligncenter has-nested-images columns-default is-cropped wp-block-gallery-2 is-layout-flex wp-block-gallery-is-layout-flex\"> <figure class=\"wp-block-image size-large\"><img loading=\"lazy\" decoding=\"async\" width=\"540\" height=\"720\" data-id=\"2435\" src=\"https:\/\/taizyagromachine.com\/wp-content\/uploads\/2022\/04\/groundnut-sheller-TBH-400.jpg\" alt=\"yer f\u0131st\u0131\u011f\u0131 soyucu-TBH-400\" class=\"wp-image-2435\" srcset=\"https:\/\/taizyagromachine.com\/wp-content\/uploads\/2022\/04\/groundnut-sheller-TBH-400.jpg 540w, https:\/\/taizyagromachine.com\/wp-content\/uploads\/2022\/04\/groundnut-sheller-TBH-400-225x300.jpg 225w\" sizes=\"auto, (max-width: 540px) 100vw, 540px\" \/><figcaption class=\"wp-element-caption\">yer f\u0131st\u0131\u011f\u0131 soyucu-TBH-400<\/figcaption><\/figure>    <figure class=\"wp-block-image size-full\"><img loading=\"lazy\" decoding=\"async\" width=\"540\" height=\"720\" data-id=\"2436\" src=\"https:\/\/taizyagromachine.com\/wp-content\/uploads\/2022\/04\/peanut-shell-removing-machine-TBH-400.jpg\" alt=\"f\u0131st\u0131k kabu\u011fu \u00e7\u0131karma makinas\u0131-TBH-400\" class=\"wp-image-2436\" srcset=\"https:\/\/taizyagromachine.com\/wp-content\/uploads\/2022\/04\/peanut-shell-removing-machine-TBH-400.jpg 540w, https:\/\/taizyagromachine.com\/wp-content\/uploads\/2022\/04\/peanut-shell-removing-machine-TBH-400-225x300.jpg 225w\" sizes=\"auto, (max-width: 540px) 100vw, 540px\" \/><figcaption class=\"wp-element-caption\">f\u0131st\u0131k kabu\u011fu \u00e7\u0131karma makinas\u0131-TBH-400<\/figcaption><\/figure> <\/figure>    <figure class=\"wp-block-gallery aligncenter has-nested-images columns-default is-cropped wp-block-gallery-3 is-layout-flex wp-block-gallery-is-layout-flex\"> <figure class=\"wp-block-image size-full\"><img loading=\"lazy\" decoding=\"async\" width=\"720\" height=\"540\" data-id=\"2434\" src=\"https:\/\/taizyagromachine.com\/wp-content\/uploads\/2022\/04\/rubber-roller.jpg\" alt=\"kau\u00e7uk rulo\" class=\"wp-image-2434\" srcset=\"https:\/\/taizyagromachine.com\/wp-content\/uploads\/2022\/04\/rubber-roller.jpg 720w, https:\/\/taizyagromachine.com\/wp-content\/uploads\/2022\/04\/rubber-roller-300x225.jpg 300w\" sizes=\"auto, (max-width: 720px) 100vw, 720px\" \/><figcaption class=\"wp-element-caption\">kau\u00e7uk rulo<\/figcaption><\/figure> <\/figure>    <h3 class=\"wp-block-heading\"><strong>TBH-800 Ticari Yer F\u0131st\u0131\u011f\u0131 Bombard\u0131man Makinesi<\/strong>  <\/h3>    <p>Yer f\u0131st\u0131\u011f\u0131 dekortikat\u00f6r makinesi \u00fc\u00e7 elektrikli cihaz kullanabilir. Ayr\u0131ca iki \u00fcfleyici ve iki elek tak\u0131l\u0131 olman\u0131n avantajlar\u0131na sahiptir. Harman f\u0131st\u0131klar\u0131na demir merdane uygulan\u0131r. <\/p>    <p>Ayr\u0131ca bu otomatik f\u0131st\u0131k ay\u0131klama makinesi, yer f\u0131st\u0131\u011f\u0131n\u0131 iki kez soyabilir, bu da \u00e7ok daha temiz yer f\u0131st\u0131\u011f\u0131 \u00e7ekirde\u011fi elde edilmesini sa\u011flar.<\/p>   <div class=\"wp-block-image\"> <figure class=\"aligncenter size-full\"><img loading=\"lazy\" decoding=\"async\" width=\"720\" height=\"540\" src=\"https:\/\/taizyagromachine.com\/wp-content\/uploads\/2022\/04\/peanut-skin-remover-TBH-800.jpg\" alt=\"f\u0131st\u0131k derisi \u00e7\u0131kar\u0131c\u0131-TBH-800\" class=\"wp-image-2438\" srcset=\"https:\/\/taizyagromachine.com\/wp-content\/uploads\/2022\/04\/peanut-skin-remover-TBH-800.jpg 720w, https:\/\/taizyagromachine.com\/wp-content\/uploads\/2022\/04\/peanut-skin-remover-TBH-800-300x225.jpg 300w\" sizes=\"auto, (max-width: 720px) 100vw, 720px\" \/><figcaption class=\"wp-element-caption\">f\u0131st\u0131k derisi \u00e7\u0131kar\u0131c\u0131-TBH-800<\/figcaption><\/figure> <\/div>   <h3 class=\"wp-block-heading\"><strong>6BHD-800D Projeye Y\u00f6nelik Yer F\u0131st\u0131\u011f\u0131 Bombard\u0131man Makinesi<\/strong><\/h3>    <p>Bu f\u0131st\u0131k ay\u0131klama ekipman\u0131 TBH-800'e \u00e7ok benzer. Ancak bu makine b\u00fcy\u00fck tekerleklerle donat\u0131labilir. Afrikal\u0131 m\u00fc\u015fteriler bu tip portatif yer f\u0131st\u0131\u011f\u0131 soyucuyu \u00e7ok seviyorlar. Yani Afrika'da herhangi bir projeniz varsa, i\u015finizi kolayla\u015ft\u0131racak bu modeli se\u00e7mek i\u00e7in bizimle ileti\u015fime ge\u00e7ebilirsiniz.<\/p>   <div class=\"wp-block-image\"> <figure class=\"aligncenter size-full\"><img loading=\"lazy\" decoding=\"async\" width=\"720\" height=\"540\" src=\"https:\/\/taizyagromachine.com\/wp-content\/uploads\/2022\/04\/groundnut-shell-removing-machine-6BHD-800B.jpg\" alt=\"yer f\u0131st\u0131\u011f\u0131 kabu\u011fu \u00e7\u0131karma makinas\u0131-6BHD-800B\" class=\"wp-image-2439\" srcset=\"https:\/\/taizyagromachine.com\/wp-content\/uploads\/2022\/04\/groundnut-shell-removing-machine-6BHD-800B.jpg 720w, https:\/\/taizyagromachine.com\/wp-content\/uploads\/2022\/04\/groundnut-shell-removing-machine-6BHD-800B-300x225.jpg 300w\" sizes=\"auto, (max-width: 720px) 100vw, 720px\" \/><figcaption class=\"wp-element-caption\">yer f\u0131st\u0131\u011f\u0131 kabu\u011fu \u00e7\u0131karma makinas\u0131-6BHD-800B<\/figcaption><\/figure> <\/div>   <h2 class=\"wp-block-heading\"><strong>Yer F\u0131st\u0131\u011f\u0131 Bombard\u0131man\u0131 Makinas\u0131n\u0131n Teknik Parametreleri<\/strong><\/h2>    <figure class=\"wp-block-table\"><table><tbody><tr><td>Modeli<\/td><td>Kapasite<\/td><td>G\u00fc\u00e7<\/td><td>A\u011f\u0131rl\u0131k<\/td><td>Boyut<\/td><\/tr><tr><td>TBH-200<\/td><td>200kg\/saat<\/td><td>2.2kW motor, 170F benzinli motor, 6hp dizel motor<\/td><td>40kg<\/td><td>650*<em>560<\/em>*1000mm<\/td><\/tr><tr><td>TBH-400<\/td><td>300-400kg\/saat<\/td><td>3kW motor, 170F benzinli motor, 8hp dizel motor<\/td><td>\/<\/td><td>\/<\/td><\/tr><tr><td>TBH-800<\/td><td>600-800kg\/saat<\/td><td>3kW motor VEYA 170F benzinli motor, 8hp dizel motor<\/td><td>160kg<\/td><td>1330*750*1570mm<\/td><\/tr><tr><td>6BHD-800B<\/td><td>600-800kg\/saat<\/td><td>2.2-3.0kW motor<\/td><td>160kg<\/td><td>1330*750*1570mm<\/td><\/tr><\/tbody><\/table><figcaption class=\"wp-element-caption\">f\u0131st\u0131k soyucunun teknik parametreleri<\/figcaption><\/figure>    <h2 class=\"wp-block-heading\" id=\"h-highlights-of-groundnut-shell-removing-machine\"><strong>Yer F\u0131st\u0131\u011f\u0131 Kabu\u011fu \u00c7\u0131karma Makinesinin \u00d6nemli Noktalar\u0131<\/strong><\/h2>    <ul class=\"wp-block-list\"> <li><strong>\u00dc\u00e7 g\u00fc\u00e7 sistemi mevcuttur<\/strong>. Dizel motor, elektrik motoru ve benzinli motorun t\u00fcm\u00fc bu d\u00f6rt modele uygulanabilir. Dolay\u0131s\u0131yla \u00e7ok fazla se\u00e7im alan\u0131n\u0131z var.<\/li>    <li><strong>Elekler \u00f6zelle\u015ftirilebilir<\/strong>. Asl\u0131nda yer f\u0131st\u0131\u011f\u0131 ay\u0131klama makinesiyle birlikte yeterince elek dizdik. Ancak yine de s\u00fczgeci f\u0131st\u0131k \u015fekline g\u00f6re \u00f6zelle\u015ftirebiliriz.<\/li>    <li><strong>Farkl\u0131 kapasiteler taleplerinizi kar\u015f\u0131layabilir<\/strong>. F\u0131st\u0131k derisi s\u00f6k\u00fcc\u00fcm\u00fcz, f\u0131st\u0131k derilerini saatte 200 kg'dan saatte 800 kg'a kadar soymakt\u0131r. Dolay\u0131s\u0131yla bu, \u00e7e\u015fitli i\u015f \u00f6l\u00e7eklerinizi kar\u015f\u0131layabilir.<\/li>    <li>Basit yap\u0131, kolay kullan\u0131m ve istikrarl\u0131 performans.<\/li>    <li>Y\u00fcksek bombard\u0131man oran\u0131, d\u00fc\u015f\u00fck hasar oran\u0131.<\/li> <\/ul>   <div class=\"wp-block-image\"> <figure class=\"aligncenter size-full\"><img loading=\"lazy\" decoding=\"async\" width=\"720\" height=\"400\" src=\"https:\/\/taizyagromachine.com\/wp-content\/uploads\/2022\/04\/sieve.jpg\" alt=\"elek\" class=\"wp-image-2440\" srcset=\"https:\/\/taizyagromachine.com\/wp-content\/uploads\/2022\/04\/sieve.jpg 720w, https:\/\/taizyagromachine.com\/wp-content\/uploads\/2022\/04\/sieve-300x167.jpg 300w\" sizes=\"auto, (max-width: 720px) 100vw, 720px\" \/><figcaption class=\"wp-element-caption\">elek<\/figcaption><\/figure> <\/div>   <h2 class=\"wp-block-heading\"><strong>Yer F\u0131st\u0131\u011f\u0131 Bombard\u0131man\u0131 Makina Tasar\u0131m\u0131 ve \u0130malat\u0131<\/strong><\/h2>    <p>Firmam\u0131zda f\u0131st\u0131k ay\u0131klama makinas\u0131 tasar\u0131m\u0131 ve imalat\u0131 esasen kullan\u0131c\u0131 dostudur. Hazneden giri\u015fe kadar t\u00fcm yap\u0131n\u0131n anla\u015f\u0131lmas\u0131 \u00e7ok kolayd\u0131r. <\/p>    <p>Giri\u015f ve \u00e7\u0131k\u0131\u015f\u0131 i\u00e7erir. Makine detaylar\u0131nda kau\u00e7uk merdane, filtre s\u00fczgeci, kontrol sapt\u0131rma \u015faft\u0131 ve fan bulunmaktad\u0131r. \u00d6rnek olarak TBH-400'\u00fc al\u0131rsak, a\u015fa\u011f\u0131da g\u00f6sterilmi\u015ftir:<\/p>    <figure class=\"wp-block-gallery aligncenter has-nested-images columns-default is-cropped wp-block-gallery-4 is-layout-flex wp-block-gallery-is-layout-flex\"> <figure class=\"wp-block-image size-full\"><img loading=\"lazy\" decoding=\"async\" width=\"720\" height=\"540\" data-id=\"2441\" src=\"https:\/\/taizyagromachine.com\/wp-content\/uploads\/2022\/04\/structure-of-groundnut-skin-remover.jpg\" alt=\"yerf\u0131st\u0131\u011f\u0131n\u0131n kabu\u011funu \u00e7\u0131kar\u0131c\u0131 yap\u0131s\u0131\" class=\"wp-image-2441\" srcset=\"https:\/\/taizyagromachine.com\/wp-content\/uploads\/2022\/04\/structure-of-groundnut-skin-remover.jpg 720w, https:\/\/taizyagromachine.com\/wp-content\/uploads\/2022\/04\/structure-of-groundnut-skin-remover-300x225.jpg 300w\" sizes=\"auto, (max-width: 720px) 100vw, 720px\" \/><figcaption class=\"wp-element-caption\">yer f\u0131st\u0131\u011f\u0131 kabu\u011fu \u00e7\u0131kar\u0131c\u0131n\u0131n yap\u0131s\u0131<\/figcaption><\/figure>    <figure class=\"wp-block-image size-full\"><img loading=\"lazy\" decoding=\"async\" width=\"720\" height=\"540\" data-id=\"2442\" src=\"https:\/\/taizyagromachine.com\/wp-content\/uploads\/2022\/04\/machine-details-groundnut-shelling-machine.jpg\" alt=\"makine-detaylar\u0131-yerf\u0131st\u0131\u011f\u0131-kabartma-makinesi\" class=\"wp-image-2442\" srcset=\"https:\/\/taizyagromachine.com\/wp-content\/uploads\/2022\/04\/machine-details-groundnut-shelling-machine.jpg 720w, https:\/\/taizyagromachine.com\/wp-content\/uploads\/2022\/04\/machine-details-groundnut-shelling-machine-300x225.jpg 300w\" sizes=\"auto, (max-width: 720px) 100vw, 720px\" \/><figcaption class=\"wp-element-caption\">makine detaylar\u0131 <\/figcaption><\/figure> <\/figure>    <h2 class=\"wp-block-heading\"><strong>End\u00fcstriyel Yer F\u0131st\u0131\u011f\u0131 Bombard\u0131man\u0131 Makinas\u0131n\u0131n \u00c7al\u0131\u015fma Prensibi<\/strong><\/h2>    <ol class=\"wp-block-list\"> <li>Yer f\u0131st\u0131\u011f\u0131n\u0131 hazneye besleyin. Daha sonra, s\u00fcspansiyon man\u015fonunun d\u00f6n\u00fc\u015f\u00fcne ve i\u00e7b\u00fckey plakan\u0131n s\u00fcrt\u00fcnme kuvvetine ba\u011fl\u0131 olarak yer f\u0131st\u0131\u011f\u0131 kabu\u011funu ve \u00e7ekirdeklerini tamamen ay\u0131rmak i\u00e7in.<\/li>    <li>Daha sonra yer\u00e7ekimi ay\u0131rma ele\u011fine uygun olarak ikinci se\u00e7meye ba\u015flay\u0131n.<\/li>    <li>\u00c7ekirdekler \u00e7\u0131k\u0131\u015ftan d\u0131\u015far\u0131 \u00e7\u0131kar. <\/li> <\/ol>    <h2 class=\"wp-block-heading\"><strong>Neden En \u0130yi F\u0131st\u0131k Bombard\u0131man\u0131 Makinesi \u00dcreticisinin Se\u00e7imi Olarak Taizy'yi Se\u00e7melisiniz?<\/strong><\/h2>    <ol class=\"wp-block-list\"> <li><strong>CE belgesi<\/strong>. Yer f\u0131st\u0131\u011f\u0131 ay\u0131klama makinemiz CE belgesine sahiptir. <\/li>    <li><strong>Zengin deneyim<\/strong>. Sat\u0131\u015f y\u00f6neticilerimiz \u00fcr\u00fcnler hakk\u0131nda zengin bilgi birikimine ve ihracat tecr\u00fcbesine sahiptir.  <\/li>    <li><strong>\u00dcnl\u00fc marka<\/strong>. 2011 y\u0131l\u0131nda kuruldu\u011fumuzdan bu yana 80'den fazla \u00fclkeye makine sa\u011flad\u0131k. \u00d6rne\u011fin <strong>Nijerya, Kenya, Uganda, Angola, Zimbabve, Kolombiya, Gana, Singapur<\/strong>, vesaire.<\/li> <\/ol>    <h2 class=\"wp-block-heading\"><strong>Ba\u015far\u0131l\u0131 \u00d6rnek: Nijerya'ya 4 Tak\u0131m F\u0131st\u0131k Soyma Makinesi \u0130hra\u00e7 Edildi<\/strong><\/h2>    <p>Bu Nijeryal\u0131 m\u00fc\u015fterinin f\u0131st\u0131k yeti\u015ftiren b\u00fcy\u00fck bir \u00e7iftli\u011fi var, bu y\u00fczden bir yer f\u0131st\u0131\u011f\u0131 ay\u0131klama makinesi sat\u0131n almak istiyor. Ve i\u015f\u00e7i \u00e7al\u0131\u015ft\u0131raca\u011f\u0131 i\u00e7in birden fazla makineye ihtiyac\u0131 vard\u0131. Sat\u0131\u015f m\u00fcd\u00fcr\u00fcm\u00fcz kendisine ileterek 4 makine istedi\u011fini ve \u00e7\u0131kt\u0131n\u0131n 700 kg civar\u0131nda oldu\u011funu biliyordu. <\/p>    <p class=\"translation-block\">Bir Nijerya m\u00fc\u015fterisinin talebi \u00fczerine Winne ona <a href=\"https:\/\/taizyagromachine.com\/tr\/product\/groundnut-sheller\/\">TBH-800 end\u00fcstriyel yer f\u0131st\u0131\u011f\u0131 soyucu makine<\/a> \u00f6nerdi. Makinenin parametreleri, performans\u0131, yap\u0131land\u0131rmas\u0131 vb. hakk\u0131nda ayr\u0131nt\u0131l\u0131 bir tan\u0131t\u0131m ve \u00e7al\u0131\u015fma videosu g\u00f6nderdi. Onu g\u00f6rd\u00fckten sonra \u00e7ok memnun kald\u0131 ve bizimle bir s\u00f6zle\u015fme imzalad\u0131.<\/p>    <h2 class=\"wp-block-heading\"><strong>Taizy F\u0131st\u0131k Bombalama Makinesi Fiyat\u0131 \u0130\u00e7in Bize Ula\u015f\u0131n!<\/strong><\/h2>    <p class=\"translation-block\">H\u0131zl\u0131 bir <a href=\"https:\/\/en.wikipedia.org\/wiki\/Peanut\" target=\"_blank\" rel=\"noopener\">yer f\u0131st\u0131\u011f\u0131<\/a> soyma m\u0131 yapmak istiyorsunuz? Bize ula\u015f\u0131n ve size en uygun \u00e7\u00f6z\u00fcm\u00fc ve teklifi sunal\u0131m.<\/p>    <p><\/p>","protected":false},"excerpt":{"rendered":"<p>Yer F\u0131st\u0131\u011f\u0131 Ezme Makinas\u0131 400-800 kg\/saat kapasite ile pranut kabu\u011funu soyup, temiz ve b\u00fct\u00fcn yer f\u0131st\u0131\u011f\u0131 i\u00e7lerini elde etme i\u015flevi g\u00f6rmektedir. Bu yaz\u0131da referans olmas\u0131 a\u00e7\u0131s\u0131ndan d\u00f6rt tip f\u0131st\u0131k soyucuyu tan\u0131t\u0131yoruz; her zaman ihtiya\u00e7lar\u0131n\u0131za uygun bir tane vard\u0131r.<\/p>","protected":false},"author":1,"featured_media":2432,"parent":0,"template":"","tags":[],"product-type":[21],"class_list":["post-2431","product","type-product","status-publish","has-post-thumbnail","hentry","product-type-peanut-machine"],"_links":{"self":[{"href":"https:\/\/taizyagromachine.com\/tr\/wp-json\/wp\/v2\/product\/2431","targetHints":{"allow":["GET"]}}],"collection":[{"href":"https:\/\/taizyagromachine.com\/tr\/wp-json\/wp\/v2\/product"}],"about":[{"href":"https:\/\/taizyagromachine.com\/tr\/wp-json\/wp\/v2\/types\/product"}],"author":[{"embeddable":true,"href":"https:\/\/taizyagromachine.com\/tr\/wp-json\/wp\/v2\/users\/1"}],"wp:featuredmedia":[{"embeddable":true,"href":"https:\/\/taizyagromachine.com\/tr\/wp-json\/wp\/v2\/media\/2432"}],"wp:attachment":[{"href":"https:\/\/taizyagromachine.com\/tr\/wp-json\/wp\/v2\/media?parent=2431"}],"wp:term":[{"taxonomy":"post_tag","embeddable":true,"href":"https:\/\/taizyagromachine.com\/tr\/wp-json\/wp\/v2\/tags?post=2431"},{"taxonomy":"product-type","embeddable":true,"href":"https:\/\/taizyagromachine.com\/tr\/wp-json\/wp\/v2\/product-type?post=2431"}],"curies":[{"name":"wp","href":"https:\/\/api.w.org\/{rel}","templated":true}]}}