{"id":2457,"date":"2022-04-15T10:28:05","date_gmt":"2022-04-15T10:28:05","guid":{"rendered":"https:\/\/taizyagromachine.com\/?post_type=product&#038;p=2457"},"modified":"2025-02-11T16:31:15","modified_gmt":"2025-02-11T08:31:15","slug":"vegetable-transplanter","status":"publish","type":"product","link":"https:\/\/taizyagromachine.com\/tr\/product\/vegetable-transplanter\/","title":{"rendered":"Sebze Dikme Makinas\u0131 | Sebze Fide Dikme Makinas\u0131 | Fide Dikme Makinas\u0131"},"content":{"rendered":"<p class=\"translation-block\">Ad\u0131ndan da anla\u015f\u0131laca\u011f\u0131 gibi, <strong>sebze fide dikim makinesi<\/strong> \u00f6zel olarak \u00e7e\u015fitli sebze, meyve ve \u00e7i\u00e7ek fidelerini dikmek i\u00e7in kullan\u0131l\u0131r. <a href=\"https:\/\/nurseryseedingmachine.com\/vegetable-transplanter\/\" target=\"_blank\" rel=\"noreferrer noopener\">Fide dikim makineleri<\/a> 2-12 s\u0131ra aras\u0131nda geni\u015f bir s\u0131ra yelpazesine sahiptir. Bu, ihtiya\u00e7lar\u0131n\u0131za tam olarak uyum sa\u011flayabilen \u00f6zel bir makinedir. G\u00fc\u00e7 genellikle benzinli bir motordur, ancak gereksinimlerinize g\u00f6re de de\u011fi\u015ftirilebilir. Ek olarak, sebze fide dikim makinemize damla sulama, \u00f6rt\u00fc malzemesi kaplama, d\u00f6ner k\u00fcltivat\u00f6r gibi bir\u00e7ok fonksiyon eklenebilir. Bu, \u00f6zel gereksinimlerinize ba\u011fl\u0131d\u0131r. Her zaman sorgulamaya ho\u015f geldiniz.<\/p>    <p class=\"translation-block\"><br> <a href=\"https:\/\/taizyagromachine.com\/tr\/\" target=\"_blank\" rel=\"noreferrer noopener\">Kredili bir makine \u00fcreticisi ve tedarik\u00e7isi<\/a> olarak makinelerimiz CE sertifikal\u0131d\u0131r ve genellikle <strong>Kolombiya, Amerika Birle\u015fik Devletleri, Finlandiya, Fas, Avustralya<\/strong> ve di\u011fer \u00fclke ve b\u00f6lgelere ihra\u00e7 edilmektedir.<\/p>    <h2 class=\"wp-block-heading\" id=\"h-working-video-of-tractor-driven-vegetable-transplanter-machine\"><strong>Trakt\u00f6rle \u00c7al\u0131\u015fan Sebze Dikme Makinas\u0131n\u0131n \u00c7al\u0131\u015fma Videosu<\/strong><\/h2>    <figure class=\"wp-block-embed is-type-video is-provider-youtube wp-block-embed-youtube wp-embed-aspect-16-9 wp-has-aspect-ratio\"><div class=\"wp-block-embed__wrapper\"> <iframe loading=\"lazy\" title=\"Trakt\u00f6r tipi sebze ekim makinesi d\u00fcz tarlalarda \u00e7al\u0131\u015farak film kaplama i\u015flevini de ekler.\" width=\"500\" height=\"281\" src=\"https:\/\/www.youtube.com\/embed\/u7n76TRlcD8?feature=oembed\" frameborder=\"0\" allow=\"accelerometer; autoplay; clipboard-write; encrypted-media; gyroscope; picture-in-picture; web-share\" referrerpolicy=\"strict-origin-when-cross-origin\" allowfullscreen><\/iframe> <\/div><\/figure>    <h2 class=\"wp-block-heading\" id=\"h-fully-automatic-vegetable-transplanter-for-sale\"><strong>Sat\u0131l\u0131k Tam Otomatik Sebze Dikme Makinesi<\/strong><\/h2>    <p><br>Her sebze ekim makinesinin kendine has avantajlar\u0131 ve \u00f6zellikleri vard\u0131r ve hepsi ihtiya\u00e7lar\u0131n\u0131za g\u00f6re \u00f6zelle\u015ftirilebilen makinelerdir.<\/p>    <h3 class=\"wp-block-heading\"><br><strong>Tip 1: Kunda\u011f\u0131 Motorlu Ekim Makinesi<\/strong><\/h3>    <p><br>Bu fide dikme makinesinin yaln\u0131zca 2 ve 4 s\u0131ras\u0131 vard\u0131r ve bitki aral\u0131\u011f\u0131 ve s\u0131ra aral\u0131\u011f\u0131 k\u00fc\u00e7\u00fckt\u00fcr. Kullan\u0131lan g\u00fc\u00e7 benzinli bir motordur. So\u011fan, domates, marul, patl\u0131can vb. her t\u00fcrl\u00fc sebzeye uygundur. Bu makine olduk\u00e7a ekonomik ve pratiktir. D\u00fcz veya \u00e7\u0131k\u0131nt\u0131l\u0131 sahalarda kullan\u0131labilir. Bu, toprak i\u015flemesiz bir sebze ekim makinesidir.<\/p>   <div class=\"wp-block-image\"> <figure class=\"aligncenter size-full\"><img loading=\"lazy\" decoding=\"async\" width=\"720\" height=\"540\" src=\"https:\/\/taizyagromachine.com\/wp-content\/uploads\/2022\/04\/self-propelled-transplanter-machine.jpg\" alt=\"kendinden tahrikli fide dikme makinesi\" class=\"wp-image-2462\" srcset=\"https:\/\/taizyagromachine.com\/wp-content\/uploads\/2022\/04\/self-propelled-transplanter-machine.jpg 720w, https:\/\/taizyagromachine.com\/wp-content\/uploads\/2022\/04\/self-propelled-transplanter-machine-300x225.jpg 300w\" sizes=\"auto, (max-width: 720px) 100vw, 720px\" \/><figcaption class=\"wp-element-caption\">kendinden tahrikli fide dikme makinesi<\/figcaption><\/figure> <\/div>   <h4 class=\"wp-block-heading\"><strong>El Tipi Sebze Dikme Makinas\u0131n\u0131n Tasar\u0131m\u0131<\/strong><\/h4>    <p>Bu t\u00fcr ekim makinelerinin en b\u00fcy\u00fck \u00f6zelli\u011fi, ilerleme y\u00f6n\u00fcn\u00fc kontrol etmek i\u00e7in elle tutulmas\u0131n\u0131n gerekmesidir. Tepsiler, fide kaplar\u0131, oturaklar ve kanallar dahil olmak \u00fczere di\u011fer yap\u0131lar da benzerdir.<\/p>   <div class=\"wp-block-image\"> <figure class=\"aligncenter size-full\"><img loading=\"lazy\" decoding=\"async\" width=\"720\" height=\"540\" src=\"https:\/\/taizyagromachine.com\/wp-content\/uploads\/2022\/04\/strcture-of-self-propelled-vegetable-transplanter-machine.jpg\" alt=\"kendinden tahrikli sebze dikme makinesinin yap\u0131s\u0131\" class=\"wp-image-2459\" srcset=\"https:\/\/taizyagromachine.com\/wp-content\/uploads\/2022\/04\/strcture-of-self-propelled-vegetable-transplanter-machine.jpg 720w, https:\/\/taizyagromachine.com\/wp-content\/uploads\/2022\/04\/strcture-of-self-propelled-vegetable-transplanter-machine-300x225.jpg 300w\" sizes=\"auto, (max-width: 720px) 100vw, 720px\" \/><figcaption class=\"wp-element-caption\">kendinden tahrikli sebze dikme makinesinin yap\u0131s\u0131<\/figcaption><\/figure> <\/div>   <h4 class=\"wp-block-heading\" id=\"h-technical-parameters\"><strong>Kendili\u011finden Hareket Eden Fide Dikim Makinesinin Teknik Parametreleri<\/strong><\/h4>    <figure class=\"wp-block-table\"><table><tbody><tr><td>Modeli<\/td><td>2ZBZ-2<\/td><td>2ZBZ-4<\/td><\/tr><tr><td>Bitki aral\u0131\u011f\u0131<\/td><td>200-500mm<\/td><td>200-500mm<\/td><\/tr><tr><td>Sat\u0131r aral\u0131\u011f\u0131<\/td><td>300-500mm<\/td><td>150-300mm<\/td><\/tr><tr><td>Kapasite<\/td><td>1000-1400\u33a1\/saat<\/td><td>1400-2000\u33a1\/saat<\/td><\/tr><tr><td>S\u0131ra<\/td><td>2<\/td><td>4<\/td><\/tr><tr><td>G\u00fc\u00e7<\/td><td>4.05kw<\/td><td>4.05kw<\/td><\/tr><\/tbody><\/table><\/figure>    <h4 class=\"wp-block-heading\"><strong>Kendili\u011finden Hareket Eden Fide Dikim Makinesinin \u00c7al\u0131\u015fma Videosu<\/strong><\/h4>    <figure class=\"wp-block-embed is-type-video is-provider-youtube wp-block-embed-youtube wp-embed-aspect-16-9 wp-has-aspect-ratio\"><div class=\"wp-block-embed__wrapper\"> <iframe loading=\"lazy\" title=\"Kendili\u011finden hareket eden fide dikim makinesi operat\u00f6r rehberi: verimli ekim i\u00e7in kolay ipu\u00e7lar\u0131! Fide dikim makinesi\" width=\"500\" height=\"281\" src=\"https:\/\/www.youtube.com\/embed\/_AfuL5t-4YM?feature=oembed\" frameborder=\"0\" allow=\"accelerometer; autoplay; clipboard-write; encrypted-media; gyroscope; picture-in-picture; web-share\" referrerpolicy=\"strict-origin-when-cross-origin\" allowfullscreen><\/iframe> <\/div><figcaption class=\"wp-element-caption\">mekanik fide dikim makinesi<\/figcaption><\/figure>    <h3 class=\"wp-block-heading\"><strong>Tip 2: Paletli Tip Sebze Fide Dikim Makinas\u0131<\/strong><\/h3>    <p>Bitki ekim makinesi, ilerlemek i\u00e7in bir tank gibi t\u0131rt\u0131l yolunu benimser.  Sat\u0131r say\u0131s\u0131 4-12'dir (\u00e7ift sat\u0131rlar). Kullan\u0131lan benzinli motor, kendinden tahrikli ekim makinesinden daha b\u00fcy\u00fckt\u00fcr. Ayr\u0131ca dizel motorla da de\u011fi\u015ftirilebilir. Bu makine bitki aral\u0131\u011f\u0131 ve s\u0131ra aral\u0131\u011f\u0131 i\u00e7in k\u00fc\u00e7\u00fck bir ayar aral\u0131\u011f\u0131na sahiptir. Ancak film kaplama ve damla sulama fonksiyonlar\u0131 da eklenebilir. S\u0131rt\u0131n y\u00fcksekli\u011fi 20 cm i\u00e7inde olabilir.<\/p>   <div class=\"wp-block-image\"> <figure class=\"aligncenter size-full\"><img loading=\"lazy\" decoding=\"async\" width=\"720\" height=\"540\" src=\"https:\/\/taizyagromachine.com\/wp-content\/uploads\/2022\/04\/crawler-type-transplanter.jpg\" alt=\"paletli tip ekim makinesi\" class=\"wp-image-2463\" srcset=\"https:\/\/taizyagromachine.com\/wp-content\/uploads\/2022\/04\/crawler-type-transplanter.jpg 720w, https:\/\/taizyagromachine.com\/wp-content\/uploads\/2022\/04\/crawler-type-transplanter-300x225.jpg 300w\" sizes=\"auto, (max-width: 720px) 100vw, 720px\" \/><figcaption class=\"wp-element-caption\">paletli tip ekim makinesi<\/figcaption><\/figure> <\/div>   <h4 class=\"wp-block-heading\"><strong>No Till Sebze Ekim Makinas\u0131n\u0131n Yap\u0131s\u0131<\/strong><\/h4>    <p>En b\u00fcy\u00fck fark\u0131 paletlerin olmas\u0131 ve makinenin tamam\u0131n\u0131 kontrol eden ki\u015fiye \u00f6zel tasarlanm\u0131\u015f bir koltu\u011fun bulunmas\u0131d\u0131r. Gerisi ayn\u0131.<\/p>   <div class=\"wp-block-image\"> <figure class=\"aligncenter size-full\"><img loading=\"lazy\" decoding=\"async\" width=\"720\" height=\"540\" src=\"https:\/\/taizyagromachine.com\/wp-content\/uploads\/2022\/04\/strucutre-of-cralwer-vegetable-transplanter-machine.jpg\" alt=\"Cralwer sebze dikme makinesinin yap\u0131s\u0131\" class=\"wp-image-2460\" srcset=\"https:\/\/taizyagromachine.com\/wp-content\/uploads\/2022\/04\/strucutre-of-cralwer-vegetable-transplanter-machine.jpg 720w, https:\/\/taizyagromachine.com\/wp-content\/uploads\/2022\/04\/strucutre-of-cralwer-vegetable-transplanter-machine-300x225.jpg 300w\" sizes=\"auto, (max-width: 720px) 100vw, 720px\" \/><figcaption class=\"wp-element-caption\">paletli sebze dikme makinesinin yap\u0131s\u0131<\/figcaption><\/figure> <\/div>   <h4 class=\"wp-block-heading\" id=\"h-technical-parameters-1\"><strong>Fide Dikim Makinesinin Teknik Parametreleri<\/strong><\/h4>    <figure class=\"wp-block-table\"><table><tbody><tr><td>Modeli<\/td><td>2ZBLZ-4<\/td><td>2ZBLZ-6<\/td><td>2ZBLZ-8<\/td><td>2ZBLZ-10<\/td><td>2ZBLZ-12<\/td><\/tr><tr><td>Bitki aral\u0131\u011f\u0131<\/td><td>200-450mm<\/td><td>80-200mm<\/td><td>80-200mm<\/td><td>80-200mm<\/td><td>80-200mm<\/td><\/tr><tr><td>Sat\u0131r aral\u0131\u011f\u0131<\/td><td>100 mm<\/td><td>150-200mm<\/td><td>100-200mm<\/td><td>150mm<\/td><td>100-150mm<\/td><\/tr><tr><td>S\u0131ra<\/td><td>4<\/td><td>6<\/td><td>8<\/td><td>10<\/td><td>12<\/td><\/tr><tr><td>G\u00fc\u00e7<\/td><td>4.05kW<\/td><td>7,5kW<\/td><td>7,5kW<\/td><td>7,5kW<\/td><td>7,5kW<\/td><\/tr><\/tbody><\/table><\/figure>    <h3 class=\"wp-block-heading\"><strong>Tip 3: Trakt\u00f6rle \u00c7al\u0131\u015fan Fide Dikme Makinas\u0131<\/strong><\/h3>    <p>Bu ekim makinesi trakt\u00f6rle \u00e7al\u0131\u015ft\u0131r\u0131lan bir \u00f6zelli\u011fe sahiptir.  Ekim s\u0131ralar\u0131 2-12 (\u00e7ift s\u0131ra) aras\u0131nda de\u011fi\u015fir. Ancak g\u00fcbreleme, d\u00f6ner toprak i\u015fleme, s\u0131rt, ekim, damla sulama, film kaplama ve sulama gibi \u00e7o\u011fu fonksiyon mevcuttur. Herhangi bir ihtiyac\u0131n\u0131z varsa, istedi\u011finiz zaman bizimle ileti\u015fime ge\u00e7ebilirsiniz.<\/p>   <div class=\"wp-block-image\"> <figure class=\"aligncenter size-full\"><img loading=\"lazy\" decoding=\"async\" width=\"720\" height=\"540\" src=\"https:\/\/taizyagromachine.com\/wp-content\/uploads\/2022\/04\/tractor-driven-type-tranaplanter-machine-.jpg\" alt=\"trakt\u00f6r tahrikli tip ekim makinesi \" class=\"wp-image-2464\" srcset=\"https:\/\/taizyagromachine.com\/wp-content\/uploads\/2022\/04\/tractor-driven-type-tranaplanter-machine-.jpg 720w, https:\/\/taizyagromachine.com\/wp-content\/uploads\/2022\/04\/tractor-driven-type-tranaplanter-machine--300x225.jpg 300w\" sizes=\"auto, (max-width: 720px) 100vw, 720px\" \/><figcaption class=\"wp-element-caption\">trakt\u00f6r tahrikli tip ekim makinesi <\/figcaption><\/figure> <\/div>   <h4 class=\"wp-block-heading\"><strong>Trakt\u00f6rle \u00c7al\u0131\u015fan Ekim Makinas\u0131 Yap\u0131m\u0131<\/strong><\/h4>    <p>Bu sebze ekim makinesinde trakt\u00f6r bulunmaktad\u0131r, bir operat\u00f6r bulunmal\u0131d\u0131r. Di\u011ferleri yukar\u0131daki iki t\u00fcre benzer bir yap\u0131ya sahiptir.<\/p>   <div class=\"wp-block-image\"> <figure class=\"aligncenter size-full\"><img loading=\"lazy\" decoding=\"async\" width=\"720\" height=\"540\" src=\"https:\/\/taizyagromachine.com\/wp-content\/uploads\/2022\/04\/structure-of-tractor-type-vegetable-transplanter-machine.jpg\" alt=\"trakt\u00f6r tipi sebze ekim makinesinin yap\u0131s\u0131\" class=\"wp-image-2458\" srcset=\"https:\/\/taizyagromachine.com\/wp-content\/uploads\/2022\/04\/structure-of-tractor-type-vegetable-transplanter-machine.jpg 720w, https:\/\/taizyagromachine.com\/wp-content\/uploads\/2022\/04\/structure-of-tractor-type-vegetable-transplanter-machine-300x225.jpg 300w\" sizes=\"auto, (max-width: 720px) 100vw, 720px\" \/><figcaption class=\"wp-element-caption\">trakt\u00f6r tipi fide dikme makinesinin yap\u0131s\u0131<\/figcaption><\/figure> <\/div>   <h4 class=\"wp-block-heading\" id=\"h-technical-parameters-2\"><strong>Trakt\u00f6r Tahrikli Fide Dikim Makinesinin Teknik Parametreleri<\/strong><\/h4>    <figure class=\"wp-block-table\"><table><tbody><tr><td>Modeli<\/td><td>2ZBX-2<\/td><td>2ZBX-4<\/td><td>2ZBX-6<\/td><td>2ZBX-8<\/td><td>2ZBX-10<\/td><td>2ZBX-12<\/td><\/tr><tr><td>Bitki aral\u0131\u011f\u0131<\/td><td>200-500mm<\/td><td>200-500mm<\/td><td>100-400mm<\/td><td>100-400mm<\/td><td>100-400mm<\/td><td>100-400mm<\/td><\/tr><tr><td>Sat\u0131r aral\u0131\u011f\u0131<\/td><td>250-500mm<\/td><td>250-300mm<\/td><td>150-300mm<\/td><td>150-300mm<\/td><td>150-300mm<\/td><td>150-300mm<\/td><\/tr><tr><td>Kapasite<\/td><td>1000-1700\u33a1\/saat<\/td><td>1000-2700\u33a1\/saat<\/td><td>1400-3400\u33a1\/saat<\/td><td>2000-4000\u33a1\/saat<\/td><td>2700-5400\u33a1\/saat<\/td><td>3700-6700\u33a1\/saat<\/td><\/tr><tr><td>S\u0131ra<\/td><td>2<\/td><td>4<\/td><td>6<\/td><td>8<\/td><td>10<\/td><td>12<\/td><\/tr><tr><td>G\u00fc\u00e7<\/td><td>\u226530<\/td><td>\u226550<\/td><td>\u226560<\/td><td>\u226560<\/td><td>\u226560<\/td><td>\u226560<\/td><\/tr><\/tbody><\/table><\/figure>    <h2 class=\"wp-block-heading\"><strong>Sebze Fidesi Dikim Makinas\u0131n\u0131n Geni\u015f Uygulamalar\u0131<\/strong><\/h2>    <p>Bu makinenin sebzeler, kavunlar, \u00e7i\u00e7ekler ve di\u011ferleri dahil olmak \u00fczere \u00e7e\u015fitli uygulamalar\u0131 vard\u0131r.<\/p>    <p>So\u011fan, domates, marul, lahana, patl\u0131can, biber, salatal\u0131k vb. sebzeler.<br>Karpuz, kavun, kabak, kabak vb. gibi kavunlar.<br>\u015eakay\u0131k, yasemin vb. \u00e7i\u00e7ekler.<br>Di\u011ferleri kenevir, t\u00fct\u00fcn vb. gibi.<\/p>    <p>Sorular\u0131n\u0131z\u0131 sab\u0131rs\u0131zl\u0131kla bekliyorum, \u00e7ok yak\u0131nda size geri d\u00f6nece\u011fiz.<\/p>   <div class=\"wp-block-image\"> <figure class=\"aligncenter size-full\"><img loading=\"lazy\" decoding=\"async\" width=\"720\" height=\"540\" src=\"https:\/\/taizyagromachine.com\/wp-content\/uploads\/2022\/04\/wide-applications.jpg\" alt=\"geni\u015f uygulamalar\" class=\"wp-image-2461\" srcset=\"https:\/\/taizyagromachine.com\/wp-content\/uploads\/2022\/04\/wide-applications.jpg 720w, https:\/\/taizyagromachine.com\/wp-content\/uploads\/2022\/04\/wide-applications-300x225.jpg 300w\" sizes=\"auto, (max-width: 720px) 100vw, 720px\" \/><figcaption class=\"wp-element-caption\">geni\u015f uygulamalar<\/figcaption><\/figure> <\/div>   <h2 class=\"wp-block-heading\"><strong>Kunda\u011f\u0131 Motorlu Ekim Makinesi ile Paletli Tip Ekim Makinesinin Kar\u015f\u0131la\u015ft\u0131r\u0131lmas\u0131<\/strong><\/h2>    <p class=\"translation-block\">1. <strong>Farkl\u0131 Uygulanabilir S\u0131ralar<\/strong><\/p>    <p>Manuel ekim makinesi, 2 s\u0131ra ve 4 s\u0131ra gibi k\u00fc\u00e7\u00fck \u00e7al\u0131\u015fma s\u0131ralar\u0131 i\u00e7in uygundur. 4 s\u0131ran\u0131n \u00fczerinde ekim yap\u0131l\u0131yorsa l\u00fctfen di\u011fer t\u00fcrleri de\u011fi\u015ftirin., \u00a0Taray\u0131c\u0131 tipi 4-12 s\u0131ral\u0131 iken tank gibi \u00e7al\u0131\u015f\u0131rken \u00f6zel bir \u00e7er\u00e7eve ile daha stabil hale gelir.<\/p>    <p class=\"translation-block\">2. <strong>Bitki Aral\u0131\u011f\u0131 ve S\u0131ra Aral\u0131\u011f\u0131<\/strong><\/p>    <p>Dikim alan\u0131 15 cm'nin alt\u0131ndaysa, kendinden tahrikli t\u00fcr\u00fc sat\u0131n almak iyi bir se\u00e7im de\u011fildir. <\/p>    <p>Paletli tip, 10*10cm gibi dar ekim alan\u0131na ve dar s\u0131ra aral\u0131\u011f\u0131na sahip olup, y\u00fcksek ekim yo\u011funlu\u011funa sahiptir. \u00a0Bitki s\u0131ralar\u0131 2 ila 12 s\u0131ra aras\u0131nda olabilir. \u00a0Paletli tip bir ekim makinesi \u00f6neriyoruz.<\/p>    <p class=\"translation-block\">3. <strong>\u00c7al\u0131\u015fma Alan\u0131<\/strong><\/p>    <p>Kunda\u011f\u0131 motorlu tip makine esas olarak sera, masif ve engebeli alan gibi k\u00fc\u00e7\u00fck tarlalarda \u00e7al\u0131\u015f\u0131r. Engebeli arazilerde \u00e7al\u0131\u015fmak da iyidir. Boyutu k\u00fc\u00e7\u00fckt\u00fcr ve kullan\u0131m\u0131 kolayd\u0131r.<\/p>    <p>Paletli tip esas olarak b\u00fcy\u00fck tar\u0131m arazilerinde, d\u00fcz arazilerde \u00e7al\u0131\u015f\u0131r, s\u0131rts\u0131z \u00e7al\u0131\u015fmak daha iyi olacakt\u0131r. Y\u00fcksek \u00e7al\u0131\u015fma verimlili\u011fine sahiptir.<\/p>    <h2 class=\"wp-block-heading\"><strong>Ba\u015far\u0131l\u0131 \u00d6rnek: Kolombiya'ya \u0130hra\u00e7 Edilen Otomatik Sebze Dikme Makinesi<\/strong><\/h2>    <p>Bu Kolombiyal\u0131 m\u00fc\u015fteri marul nakletmeye haz\u0131r ve marul fideleri yeti\u015ftirmeye y\u00f6nelik bir makinesi zaten var. Yani Google sitesinden bize geldikten sonra amac\u0131 \u00e7ok a\u00e7\u0131kt\u0131, yani marul nakli yapmak. Yani detaylardan bahsederken sat\u0131\u015f m\u00fcd\u00fcr\u00fcm\u00fcz d\u00fcz bir zeminde ekim yapt\u0131\u011f\u0131n\u0131 biliyordu ve 4 s\u0131rayd\u0131. Bu nedenle sat\u0131\u015f y\u00f6neticimiz kendinden tahrikli fide dikme makinesini kendisine tavsiye etti. \u0130lgili makine performans\u0131n\u0131, parametrelerini, \u00e7al\u0131\u015fma videolar\u0131n\u0131 vb. anlad\u0131ktan sonra bu y\u0131l i\u015fbirli\u011fine vard\u0131k. Nisan ay\u0131nda da makineyi haz\u0131rlayarak gidece\u011fi yere sevk ettik.<\/p>    <h2 class=\"wp-block-heading\"><strong>Sebze Ekim Makinesi Hakk\u0131nda SSS<\/strong><\/h2>   <div id=\"rank-math-faq\" class=\"rank-math-block\"> <div class=\"rank-math-list\"> <div id=\"faq-question-1665561421755\" class=\"rank-math-list-item\"> <h3 class=\"rank-math-question\"><strong>S: Fabrikan\u0131z nerede?<\/strong><\/h3> <div class=\"rank-math-answer\">  <p>C: Shangdong Eyaleti, Qingzhou \u015fehri. Buras\u0131 fabrikalar\u0131n \u015fehri.<\/p>  <\/div> <\/div> <div id=\"faq-question-1665561428575\" class=\"rank-math-list-item\"> <h3 class=\"rank-math-question\"><strong>S: Bu makinenin nakli i\u00e7in hangi sebzeler uygundur?<\/strong><a href=\"\/tr\/What vegetables are suitable for this machine to transplant\/\"><\/a><\/h3> <div class=\"rank-math-answer\">  <p>C: Domates, marul, \u00c7in lahanas\u0131, lahana, tatl\u0131 m\u0131s\u0131r, kabak, kenevir tohumu, bamya, salatal\u0131k, patl\u0131can, kavun, karpuz, k\u0131rm\u0131z\u0131 biber, k\u0131rm\u0131z\u0131 biber, fasulye vb.\u00a0<\/p>  <\/div> <\/div> <div id=\"faq-question-1665561446928\" class=\"rank-math-list-item\"> <h3 class=\"rank-math-question\"><strong>S: Trakt\u00f6rle \u00e7al\u0131\u015fan sebze ekim makinesinin kapasitesi nedir?<\/strong><\/h3> <div class=\"rank-math-answer\">  <p>C: 3600 tesis\/saat.<\/p>  <\/div> <\/div> <div id=\"faq-question-1665561466160\" class=\"rank-math-list-item\"> <h3 class=\"rank-math-question\"><strong>S: Bu makinenin film i\u015flevi olabilir mi?<\/strong><\/h3> <div class=\"rank-math-answer\">  <p>C: Elbette hem paletli tip hem de trakt\u00f6r tipi bunu yapabilir.<\/p>  <\/div> <\/div> <div id=\"faq-question-1665561479407\" class=\"rank-math-list-item\"> <h3 class=\"rank-math-question\"><strong>S: S\u0131rt fonksiyonuna ne dersiniz?<\/strong><\/h3> <div class=\"rank-math-answer\">  <p>C: Yaln\u0131zca trakt\u00f6rle \u00e7al\u0131\u015fan tip ekim makinesi mevcuttur.<\/p>  <\/div> <\/div> <div id=\"faq-question-1665561496575\" class=\"rank-math-list-item\"> <h3 class=\"rank-math-question\"><strong>S: Garanti ve servis sonras\u0131 nas\u0131l?<\/strong><\/h3> <div class=\"rank-math-answer\">  <p>A: garanti olarak 2 y\u0131l. Makinenin par\u00e7alar\u0131n\u0131, makinenin nas\u0131l kurulaca\u011f\u0131na ili\u015fkin videolar\u0131 ve \u00e7evrimi\u00e7i m\u00fchendislik hizmetini sunuyoruz.<\/p>  <\/div> <\/div> <div id=\"faq-question-1665561509407\" class=\"rank-math-list-item\"> <h3 class=\"rank-math-question\"><strong>Soru: En yak\u0131n havaalan\u0131 hangisi?<\/strong><\/h3> <div class=\"rank-math-answer\">  <p>C: Qingdao havaalan\u0131. Havaalan\u0131ndan fabrikaya arabayla 3 saat s\u00fcr\u00fcyor.<\/p>  <\/div> <\/div> <\/div> <\/div>   <h2 class=\"wp-block-heading\"><strong>4 S\u0131ral\u0131 Sebze Dikme Makinesi Videosu<\/strong><\/h2>    <figure class=\"wp-block-embed is-type-video is-provider-youtube wp-block-embed-youtube wp-embed-aspect-16-9 wp-has-aspect-ratio\"><div class=\"wp-block-embed__wrapper\"> <iframe loading=\"lazy\" title=\"Trakt\u00f6r Tahrikli 4 S\u0131ral\u0131 Sebze Fide Ekim Makinas\u0131 Nas\u0131l \u00c7al\u0131\u015f\u0131r? | Ekim Makinesi #replant\" width=\"500\" height=\"281\" src=\"https:\/\/www.youtube.com\/embed\/-hwDno985Kk?feature=oembed\" frameborder=\"0\" allow=\"accelerometer; autoplay; clipboard-write; encrypted-media; gyroscope; picture-in-picture; web-share\" referrerpolicy=\"strict-origin-when-cross-origin\" allowfullscreen><\/iframe> <\/div><\/figure>","protected":false},"excerpt":{"rendered":"<p>As the name suggests, the vegetable transplanter is specially transplanting various vegetables, fruits, and flower seedlings. Seed transplanter machines are available in a wide range of rows, from 2-12 rows. This is a custom machine that can exactly fit your needs. The power is usually a gasoline engine, but it can also be changed according [&hellip;]<\/p>\n","protected":false},"author":1,"featured_media":2465,"parent":0,"template":"","tags":[],"product-type":[31],"class_list":["post-2457","product","type-product","status-publish","has-post-thumbnail","hentry","product-type-nursery-transplanter"],"_links":{"self":[{"href":"https:\/\/taizyagromachine.com\/tr\/wp-json\/wp\/v2\/product\/2457","targetHints":{"allow":["GET"]}}],"collection":[{"href":"https:\/\/taizyagromachine.com\/tr\/wp-json\/wp\/v2\/product"}],"about":[{"href":"https:\/\/taizyagromachine.com\/tr\/wp-json\/wp\/v2\/types\/product"}],"author":[{"embeddable":true,"href":"https:\/\/taizyagromachine.com\/tr\/wp-json\/wp\/v2\/users\/1"}],"wp:featuredmedia":[{"embeddable":true,"href":"https:\/\/taizyagromachine.com\/tr\/wp-json\/wp\/v2\/media\/2465"}],"wp:attachment":[{"href":"https:\/\/taizyagromachine.com\/tr\/wp-json\/wp\/v2\/media?parent=2457"}],"wp:term":[{"taxonomy":"post_tag","embeddable":true,"href":"https:\/\/taizyagromachine.com\/tr\/wp-json\/wp\/v2\/tags?post=2457"},{"taxonomy":"product-type","embeddable":true,"href":"https:\/\/taizyagromachine.com\/tr\/wp-json\/wp\/v2\/product-type?post=2457"}],"curies":[{"name":"wp","href":"https:\/\/api.w.org\/{rel}","templated":true}]}}