{"id":2551,"date":"2022-05-07T02:48:46","date_gmt":"2022-05-07T02:48:46","guid":{"rendered":"https:\/\/taizyagromachine.com\/?post_type=product&#038;p=2551"},"modified":"2025-01-06T14:21:19","modified_gmt":"2025-01-06T06:21:19","slug":"chaff-cutter-and-grain-grinder","status":"publish","type":"product","link":"https:\/\/taizyagromachine.com\/tr\/product\/chaff-cutter-and-grain-grinder\/","title":{"rendered":"Saman Kesici ve Tah\u0131l \u00d6\u011f\u00fct\u00fcc\u00fc"},"content":{"rendered":"<p>Bu saman kesici ve tah\u0131l \u00f6\u011f\u00fct\u00fcc\u00fc makinesi, \u00e7im kesme ve tah\u0131l \u00f6\u011f\u00fctme i\u00e7in geli\u015ftirilmi\u015f \u00fcr\u00fcn\u00fcm\u00fczd\u00fcr. 9ZRF serisi makineler yap\u0131 olarak basit, tasar\u0131m a\u00e7\u0131s\u0131ndan makul ve kullan\u0131m\u0131 kolayd\u0131r. Bu saman kesici ve tah\u0131l k\u0131rma makinesi, \u00e7ok \u00e7e\u015fitli mahsul samanlar\u0131n\u0131n i\u015flenmesini ger\u00e7ekle\u015ftirebilir ve s\u0131\u011f\u0131r, domuz, kaz ve at gibi daha b\u00fcy\u00fck s\u0131ral\u0131 hayvanlar\u0131n kullan\u0131m\u0131na uygundur. Makine, saman\u0131 ve \u00e7imi e\u015fit uzunlukta yumu\u015fak \u015feritler halinde kesebilir. Ayr\u0131ca k\u00fcmes hayvanlar\u0131na uygun hayvan yemi olarak tah\u0131llar\u0131 da \u00f6\u011f\u00fctebilmektedir. E\u011fer ilgileniyorsan\u0131z, l\u00fctfen bizimle ileti\u015fime ge\u00e7mekten \u00e7ekinmeyin.<\/p>    <h2 class=\"wp-block-heading\" id=\"h-working-video-of-combined-grass-grain-grinder-machine\"><strong>Kombine \u00c7im Tah\u0131l \u00d6\u011f\u00fctme Makinas\u0131n\u0131n \u00c7al\u0131\u015fma Videosu<\/strong><\/h2>    <figure class=\"wp-block-embed is-type-video is-provider-youtube wp-block-embed-youtube wp-embed-aspect-16-9 wp-has-aspect-ratio\"><div class=\"wp-block-embed__wrapper\"> <iframe loading=\"lazy\" title=\"\u00c7im Kesme ve Tah\u0131l K\u0131rma Makinesi - \u00c7im ve Saplar Nas\u0131l Do\u011fray\u0131l\u0131r ve M\u0131s\u0131r \u00d6\u011f\u00fct\u00fcl\u00fcr? #chaff kesici #silaj\" width=\"500\" height=\"281\" src=\"https:\/\/www.youtube.com\/embed\/G5bzZxbTA6I?feature=oembed\" frameborder=\"0\" allow=\"accelerometer; autoplay; clipboard-write; encrypted-media; gyroscope; picture-in-picture; web-share\" referrerpolicy=\"strict-origin-when-cross-origin\" allowfullscreen><\/iframe> <\/div><\/figure>    <figure class=\"wp-block-embed is-type-video is-provider-youtube wp-block-embed-youtube wp-embed-aspect-16-9 wp-has-aspect-ratio\"><div class=\"wp-block-embed__wrapper\"> <iframe loading=\"lazy\" title=\"Saman kesici ve tah\u0131l \u00f6\u011f\u00fct\u00fcc\u00fc | kombine \u00e7im \u00f6\u011f\u00fct\u00fcc\u00fc | saman kesici ve tah\u0131l \u00f6\u011f\u00fct\u00fcc\u00fc\" width=\"500\" height=\"281\" src=\"https:\/\/www.youtube.com\/embed\/cF8y2xCfVfk?feature=oembed\" frameborder=\"0\" allow=\"accelerometer; autoplay; clipboard-write; encrypted-media; gyroscope; picture-in-picture; web-share\" referrerpolicy=\"strict-origin-when-cross-origin\" allowfullscreen><\/iframe> <\/div><\/figure>    <h2 class=\"wp-block-heading\"><strong>Saman Kesici ve Tah\u0131l \u00d6\u011f\u00fct\u00fcc\u00fc Makinas\u0131n\u0131n Yap\u0131s\u0131 <\/strong><\/h2>    <p>Bu sat\u0131l\u0131k \u00e7im \u00f6\u011f\u00fctme makinesi son derece kullan\u0131c\u0131 dostu bir tasar\u0131ma sahiptir. \u00c7\u00fcnk\u00fc tar\u0131msal geli\u015fmeye uygun olarak \u00fcretilmektedir. \u00d6ncelikle farkl\u0131 giri\u015flerden \u00e7imen ve tah\u0131llar girer. Ayr\u0131ca kesilen \u00e7imin uzunlu\u011fu da ayarlanabilmektedir. Tozu azaltmak i\u00e7in alt\u0131na bez torba tak\u0131labilen siklon da bulunmaktad\u0131r. Kombine \u00e7im tah\u0131l \u00f6\u011f\u00fctme makinesi genel olarak bir elektrik motoru kullan\u0131r ancak makinenin \u00e7al\u0131\u015fmas\u0131 i\u00e7in yeterli g\u00fcc\u00fc sa\u011flamak \u00fczere bir dizel motorla da donat\u0131labilir.<\/p>   <div class=\"wp-block-image\"> <figure class=\"aligncenter size-full\"><img loading=\"lazy\" decoding=\"async\" width=\"720\" height=\"540\" src=\"https:\/\/taizyagromachine.com\/wp-content\/uploads\/2022\/05\/structure-of-chaff-cutter-and-grinder.jpg\" alt=\"saman kesici ve \u00f6\u011f\u00fct\u00fcc\u00fcn\u00fcn yap\u0131s\u0131\" class=\"wp-image-2555\"\/><figcaption class=\"wp-element-caption\">saman kesici ve \u00f6\u011f\u00fct\u00fcc\u00fcn\u00fcn yap\u0131s\u0131<\/figcaption><\/figure> <\/div>   <h2 class=\"wp-block-heading\"><strong>Saman Kesici ve Tah\u0131l \u00d6\u011f\u00fct\u00fcc\u00fcn\u00fcn Teknik Parametreleri<\/strong><\/h2>    <p>Saman kesici ve tah\u0131l \u00f6\u011f\u00fct\u00fcc\u00fc makinesi farkl\u0131 verimlerde mevcuttur, b\u00f6ylece size uygun olan\u0131 se\u00e7ebilirsiniz. Kanat say\u0131s\u0131 ayn\u0131 olmas\u0131na ra\u011fmen kanatlar ayn\u0131 uzunlukta olmad\u0131\u011f\u0131ndan verim farkl\u0131l\u0131k g\u00f6sterir.<\/p>    <figure class=\"wp-block-table\"><table><tbody><tr><td>Modeli<\/td><td>G\u00fc\u00e7<\/td><td>Kapasite<\/td><td>B\u0131\u00e7ak uzunlu\u011fu<\/td><td>B\u0131\u00e7ak miktar\u0131<\/td><td>Genel boyut<\/td><\/tr><tr><td>9ZRF-3.8<\/td><td>iki fazl\u0131 4,5kW, \u00fc\u00e7 fazl\u0131 3kW<\/td><td>3800kg\/saat<\/td><td>220*70*6mm<\/td><td>5<\/td><td>1700*1200*1500mm<\/td><\/tr><tr><td>9ZRF-4.8<\/td><td>iki fazl\u0131 4,5kW, \u00fc\u00e7 fazl\u0131 3kW<\/td><td>4000kg\/saat<\/td><td>280*70*6mm<\/td><td>5<\/td><td>1950*1200*1800mm<\/td><\/tr><\/tbody><\/table><\/figure>    <h2 class=\"wp-block-heading\" id=\"h-spotlights-of-straw-cutter-and-grain-grinder\"><strong>Saman Kesici ve Tah\u0131l \u00d6\u011f\u00fct\u00fcc\u00fcn\u00fcn Spot I\u015f\u0131klar\u0131<\/strong><\/h2>    <ul class=\"wp-block-list\"> <li>Otomatik besleme. Giri\u015fe \u0131slak veya kuru \u00e7im koyun; \u00e7im otomatik olarak \u00e7al\u0131\u015fma bo\u015flu\u011funa girecek, \u00e7ok rahat ve h\u0131zl\u0131 bir \u015fekilde zamandan tasarruf sa\u011flayacakt\u0131r.<\/li>    <li>B\u0131\u00e7aklar a\u015f\u0131nmaya kar\u015f\u0131 dayan\u0131kl\u0131d\u0131r ve uzun s\u00fcre dayan\u0131r. Bu saman kesici ve tah\u0131l \u00f6\u011f\u00fct\u00fcc\u00fc, uzun servis \u00f6mr\u00fc i\u00e7in y\u00fcksek kaliteli b\u0131\u00e7aklardan yap\u0131lm\u0131\u015ft\u0131r.<\/li>    <li>Hava \u00fcfleyici, \u00e7imin ve tah\u0131l\u0131n h\u0131zl\u0131 ve verimli bir \u015fekilde bo\u015falt\u0131lmas\u0131n\u0131 sa\u011flar.<\/li>    <li>\u00c7ok y\u00f6nl\u00fc. Bu \u00e7im kesme ve m\u0131s\u0131r \u00f6\u011f\u00fctme makinesi yaln\u0131zca \u00e7imleri kesmekle kalmaz, ayn\u0131 zamanda tah\u0131llar\u0131 da \u00f6\u011f\u00fct\u00fcr.<\/li>    <li>\u00dc\u00e7 tip b\u0131\u00e7akla donat\u0131lm\u0131\u015ft\u0131r. Malzeme at\u00f6lyeye girdi\u011finde b\u0131\u00e7ak, kesilen \u00e7imin daha yumu\u015fak ve ince olmas\u0131n\u0131 sa\u011flar.<\/li> <\/ul>    <figure class=\"wp-block-gallery aligncenter has-nested-images columns-default is-cropped wp-block-gallery-2 is-layout-flex wp-block-gallery-is-layout-flex\"> <figure class=\"wp-block-image size-large\"><img loading=\"lazy\" decoding=\"async\" width=\"720\" height=\"540\" data-id=\"2562\" src=\"https:\/\/taizyagromachine.com\/wp-content\/uploads\/2022\/05\/automatic-feeding.jpg\" alt=\"otomatik besleme\" class=\"wp-image-2562\"\/><figcaption class=\"wp-element-caption\">otomatik besleme<\/figcaption><\/figure>    <figure class=\"wp-block-image size-full\"><img loading=\"lazy\" decoding=\"async\" width=\"720\" height=\"540\" data-id=\"2561\" src=\"https:\/\/taizyagromachine.com\/wp-content\/uploads\/2022\/05\/internal-blades.jpg\" alt=\"i\u00e7 b\u0131\u00e7aklar\" class=\"wp-image-2561\"\/><figcaption class=\"wp-element-caption\">i\u00e7 b\u0131\u00e7aklar<\/figcaption><\/figure>    <figure class=\"wp-block-image size-full\"><img loading=\"lazy\" decoding=\"async\" width=\"720\" height=\"540\" data-id=\"2560\" src=\"https:\/\/taizyagromachine.com\/wp-content\/uploads\/2022\/05\/blower.jpg\" alt=\"\u00fcfleyici\" class=\"wp-image-2560\"\/><figcaption class=\"wp-element-caption\">\u00fcfleyici<\/figcaption><\/figure> <\/figure>    <h2 class=\"wp-block-heading\"><strong>Hayvan Yemi Saman Kesici Makinesinin Hangi Uygulamalar\u0131?<\/strong><\/h2>    <p class=\"translation-block\"><a href=\"https:\/\/taizyagromachine.com\/tr\/\" target=\"_blank\" rel=\"noreferrer noopener\">profesyonel bir tar\u0131m makineleri \u00fcreticisi ve tedarik\u00e7isi<\/a> olarak, \u00e7e\u015fitli \u00fcr\u00fcnlerimiz bulunmaktad\u0131r. Bu t\u00fcr yem kesme makinesi \u00e7ok fonksiyonludur. Bu makine otlar\u0131 ezme ve tah\u0131llar\u0131 \u00f6\u011f\u00fctme yetene\u011fine sahiptir. Yonca, pelin otu, m\u0131s\u0131r sap\u0131, mor pelin otu, bu\u011fday saman\u0131, mera otu vb. gibi kuru ve \u0131slak otlar. M\u0131s\u0131r, soya fasulyesi, yulaf, dar\u0131, yer f\u0131st\u0131\u011f\u0131 kabuklar\u0131, m\u0131s\u0131r ko\u00e7anlar\u0131 vb. tah\u0131llar. Asl\u0131nda uygulama alan\u0131 \u00e7ok geni\u015ftir. Sat\u0131n al\u0131nabilecek \u00e7ok iyi bir makinedir.<\/p>    <div class=\"wp-block-columns is-layout-flex wp-container-core-columns-is-layout-9d6595d7 wp-block-columns-is-layout-flex\"> <div class=\"wp-block-column is-layout-flow wp-block-column-is-layout-flow\"><div class=\"wp-block-image\"> <figure class=\"aligncenter size-full\"><img loading=\"lazy\" decoding=\"async\" width=\"720\" height=\"540\" src=\"https:\/\/taizyagromachine.com\/wp-content\/uploads\/2022\/05\/applicable-grass.jpg\" alt=\"uygulanabilir \u00e7im\" class=\"wp-image-2558\"\/><figcaption class=\"wp-element-caption\">uygulanabilir \u00e7im<\/figcaption><\/figure> <\/div><\/div>    <div class=\"wp-block-column is-layout-flow wp-block-column-is-layout-flow\"><div class=\"wp-block-image\"> <figure class=\"aligncenter size-full\"><img loading=\"lazy\" decoding=\"async\" width=\"720\" height=\"540\" src=\"https:\/\/taizyagromachine.com\/wp-content\/uploads\/2022\/05\/various-grains.jpg\" alt=\"\u00e7e\u015fitli tah\u0131llar\" class=\"wp-image-2559\"\/><figcaption class=\"wp-element-caption\">\u00e7e\u015fitli tah\u0131llar<\/figcaption><\/figure> <\/div><\/div> <\/div>    <h2 class=\"wp-block-heading\" id=\"h-working-principle-of-grass-cutting-and-grain-crushing-machine\"><strong>\u00c7im Kesme ve Tah\u0131l K\u0131rma Makinas\u0131n\u0131n \u00c7al\u0131\u015fma Prensibi<\/strong><\/h2>    <p>\u00c7im malzemeleri elle giri\u015fe konulur ve otomatik olarak iletilir. Y\u00fcksek h\u0131zl\u0131 d\u00f6nen b\u0131\u00e7aklar\u0131n ortak hareketi ve k\u00fcre\u011fin (r\u00fczgar b\u0131\u00e7a\u011f\u0131) neden oldu\u011fu hava ak\u0131\u015f\u0131 alt\u0131nda, malzemeler at\u00f6lyeye girer ve hareketli b\u0131\u00e7aklar ve sabit b\u0131\u00e7aklar taraf\u0131ndan gev\u015fek ve k\u0131r\u0131lm\u0131\u015f ipek halinde do\u011fran\u0131r, kesilir, y\u0131rt\u0131l\u0131r ve yo\u011frulur. r\u00fczgar b\u0131\u00e7a\u011f\u0131 taraf\u0131ndan makineden d\u0131\u015far\u0131 at\u0131lan \u015feritler.<br>Tah\u0131l malzemeleri elekten ge\u00e7meleri ve \u00e7\u0131k\u0131\u015ftan bo\u015falt\u0131lmalar\u0131 d\u0131\u015f\u0131nda ayn\u0131 \u00f6zelliklere sahiptir.<\/p>   <div class=\"wp-block-image\"> <figure class=\"aligncenter size-full\"><img loading=\"lazy\" decoding=\"async\" width=\"720\" height=\"540\" src=\"https:\/\/taizyagromachine.com\/wp-content\/uploads\/2022\/05\/combined-straw-cutter-and-grinder-machine.jpg\" alt=\"kombine saman kesici ve \u00f6\u011f\u00fct\u00fcc\u00fc makinesi\" class=\"wp-image-2571\"\/><figcaption class=\"wp-element-caption\">kombine saman kesici ve \u00f6\u011f\u00fct\u00fcc\u00fc makinesi<\/figcaption><\/figure> <\/div>   <h2 class=\"wp-block-heading\"><strong>Neden Taizy Machinery Kredili Saman K\u00fct\u00fc\u011f\u00fc ve Tah\u0131l \u00d6\u011f\u00fct\u00fcc\u00fc \u00dcreticisi ve Tedarik\u00e7isini Se\u00e7melisiniz?<\/strong><\/h2>    <ol class=\"wp-block-list\"> <li><strong>Uygun maliyetli<\/strong>. Entegre bir fabrika ve ticaret oldu\u011fumuz i\u00e7in makine fiyatlar\u0131 fabrika fiyatlar\u0131 oldu\u011fundan k\u0131yasland\u0131\u011f\u0131nda fiyat avantaj\u0131m\u0131z oluyor. Ayn\u0131 zamanda makinelerimizin kalitesi de olduk\u00e7a iyidir.<\/li>    <li><strong>\u0130hracat konusunda deneyimli<\/strong>. On y\u0131ldan fazla bir s\u00fcredir d\u0131\u015f ticaret sekt\u00f6r\u00fcnde faaliyet g\u00f6steriyoruz, b\u00f6ylece personelimiz d\u0131\u015f ticaret s\u00fcrecine daha rahat ve h\u0131zl\u0131 a\u015fina oluyor.<\/li>    <li><strong>Sa\u011flam mesleki bilgi<\/strong>. Personelimiz tar\u0131m makineleri \u00fcr\u00fcnlerimizi \u00e7ok iyi tan\u0131yor ve anl\u0131yor. \u00d6rne\u011fin saman kesme makinesine ihtiyac\u0131n\u0131z varsa sat\u0131\u015f personelimiz size ihtiya\u00e7lar\u0131n\u0131za g\u00f6re do\u011fru makineyi sa\u011flayacakt\u0131r.<\/li> <\/ol>    <h2 class=\"wp-block-heading\"><strong>Saman Kesici ve Tah\u0131l \u00d6\u011f\u00fct\u00fcc\u00fcn\u00fcn Dikkat ve \u00d6nlemleri<\/strong><\/h2>    <ol class=\"wp-block-list\"> <li>Saman kesici ve tah\u0131l \u00f6\u011f\u00fct\u00fcc\u00fc makinesini \u00e7al\u0131\u015ft\u0131r\u0131rken g\u00fcvenlik koruma ekipmanlar\u0131n\u0131n eksiksiz olmas\u0131 gerekmektedir.<\/li>    <li>Operat\u00f6r makinenin performans\u0131n\u0131 tam olarak anlamal\u0131d\u0131r ve makineyi i\u00e7ki i\u00e7tikten sonra, hasta veya a\u015f\u0131r\u0131 yorgunken \u00e7al\u0131\u015ft\u0131rmak kesinlikle yasakt\u0131r. <\/li>    <li>\u00c7al\u0131\u015fma alan\u0131 geni\u015f olmal\u0131 ve yang\u0131n \u00f6nleme ekipmanlar\u0131yla donat\u0131lmal\u0131d\u0131r.<\/li>    <li>Giyotinin \u00f6ng\u00f6r\u00fclen h\u0131zda \u00e7al\u0131\u015fmas\u0131 gerekir ve a\u015f\u0131r\u0131 h\u0131z veya a\u015f\u0131r\u0131 y\u00fckte \u00e7al\u0131\u015fmas\u0131 kesinlikle yasakt\u0131r.<\/li>    <li>Malzeme besleme miktar\u0131 uygun olmal\u0131d\u0131r, \u00e7ok fazla olmas\u0131 a\u015f\u0131r\u0131 y\u00fcklemenin durmas\u0131na neden olabilir. Elbette \u00e7ok az\u0131 de\u011fil, \u00e7ok az\u0131 kesme verimini etkileyecektir.<\/li>    <li>\u00c7al\u0131\u015fmay\u0131 durdurmadan \u00f6nce de\u011fi\u015fken kol 0 konumuna \u00e7ekilmeli, makine yakla\u015f\u0131k 2 dakika r\u00f6lantide b\u0131rak\u0131lmal\u0131, ard\u0131ndan makinenin i\u00e7indeki toz ve yabani otlar temizlendikten sonra durdurulmal\u0131d\u0131r.<\/li> <\/ol>    <h2 class=\"wp-block-heading\"><strong>Ba\u015far\u0131l\u0131 \u00d6rnek: Keyna'ya \u0130hra\u00e7 Edilen Ticari Saman Kesici ve Tah\u0131l \u00d6\u011f\u00fctme Makinesi<\/strong><\/h2>    <p class=\"translation-block\">Bu y\u0131l\u0131n \u015fubat ay\u0131nda, Kenya'dan bir m\u00fc\u015fteri ot kesici ve ezici makineler hakk\u0131nda bilgi istedi. B\u00fcy\u00fckba\u015f, k\u00fc\u00e7\u00fckba\u015f ve tavuklar\u0131 olan b\u00fcy\u00fck bir tar\u0131m i\u015fletmesi var. Bu nedenle her g\u00fcn b\u00fcy\u00fck miktarda yeme ihtiya\u00e7 duyuyor. Durumu anlad\u0131ktan sonra sat\u0131\u015f m\u00fcd\u00fcr\u00fcm\u00fcz Coco ona kombine saman kesici ve \u00f6\u011f\u00fctme makinesi tavsiye etti. \u00c7\u00fcnk\u00fc makine hem ot kesmek hem de tah\u0131l \u00f6\u011f\u00fctmek i\u00e7in kullan\u0131labilir. \u00c7ok pratiktir. Coco ayr\u0131ca makinenin videolar\u0131n\u0131 ve foto\u011fraflar\u0131n\u0131 da g\u00f6nderdi. Bunu izledikten sonra Kenyal\u0131 m\u00fc\u015fteri hemen sipari\u015f verdi. Makineyi konteynerle deniz yoluyla var\u0131\u015f noktas\u0131na teslim ettik. \u0130ki hafta sonra ba\u015fka bir <a href=\"https:\/\/taizyagromachine.com\/tr\/product\/silage-baler\/\">balyalama ve sarma makinesi<\/a> sat\u0131n ald\u0131.<\/p>   <div class=\"wp-block-image\"> <figure class=\"aligncenter size-full\"><img loading=\"lazy\" decoding=\"async\" width=\"720\" height=\"540\" src=\"https:\/\/taizyagromachine.com\/wp-content\/uploads\/2022\/04\/load-into-the-container-maize-grits-milling-machine.jpg\" alt=\"konteynere-m\u0131s\u0131r-irmik-frezeleme-makinesine y\u00fckleme\" class=\"wp-image-2385\" srcset=\"https:\/\/taizyagromachine.com\/wp-content\/uploads\/2022\/04\/load-into-the-container-maize-grits-milling-machine.jpg 720w, https:\/\/taizyagromachine.com\/wp-content\/uploads\/2022\/04\/load-into-the-container-maize-grits-milling-machine-300x225.jpg 300w\" sizes=\"auto, (max-width: 720px) 100vw, 720px\" \/><figcaption class=\"wp-element-caption\">konteynere y\u00fckleyin <\/figcaption><\/figure> <\/div>   <h2 class=\"wp-block-heading\"><strong>SSS<\/strong><\/h2>   <div id=\"rank-math-faq\" class=\"rank-math-block\"> <div class=\"rank-math-list\"> <div id=\"faq-question-1666246457624\" class=\"rank-math-list-item\"> <h3 class=\"rank-math-question\"><strong>Soru: Aksesuarlar mevcut mu?<\/strong><\/h3> <div class=\"rank-math-answer\">  <p>C: Ekstra b\u0131\u00e7ak sat\u0131n alabilirsiniz.<\/p>  <\/div> <\/div> <div id=\"faq-question-1666246461628\" class=\"rank-math-list-item\"> <h3 class=\"rank-math-question\"><strong>S: Saman kesici ve tah\u0131l \u00f6\u011f\u00fct\u00fcc\u00fc makinesi \u015feker kam\u0131\u015f\u0131n\u0131 ezebilir mi?<\/strong><\/h3> <div class=\"rank-math-answer\">  <p>C: Evet, ancak b\u0131\u00e7aklar a\u015f\u0131nacakt\u0131r.<\/p>  <\/div> <\/div> <div id=\"faq-question-1666246478374\" class=\"rank-math-list-item\"> <h3 class=\"rank-math-question\"><strong>S: Dizel motorla donat\u0131labilir mi?<\/strong><\/h3> <div class=\"rank-math-answer\">  <p>C: Evet, ilgili dizel motoru g\u00fc\u00e7 gereksinimlerine g\u00f6re e\u015fle\u015ftirmeniz yeterli.<\/p>  <\/div> <\/div> <div id=\"faq-question-1666246494123\" class=\"rank-math-list-item\"> <h3 class=\"rank-math-question\"><strong>S: Saman kesici ve k\u0131r\u0131c\u0131yla kar\u015f\u0131la\u015ft\u0131r\u0131ld\u0131\u011f\u0131nda \u00fc\u00e7\u00fc aras\u0131ndaki fark nedir?<\/strong><\/h3> <div class=\"rank-math-answer\">  <p class=\"translation-block\">C: <a href=\"https:\/\/silagebaler.com\/chaff-chopper-corn-stalk-cutter\/\" target=\"_blank\" rel=\"noreferrer noopener\">Yem kesme makinesi<\/a> otlar\u0131 k\u00fc\u00e7\u00fck par\u00e7alara kesmek i\u00e7indir; yem kesici ve tah\u0131l \u00f6\u011f\u00fctme makinesi otlar\u0131 daha yumu\u015fak ve daha ince par\u00e7alara kesmek i\u00e7indir; yem kesici ve tah\u0131l \u00f6\u011f\u00fct\u00fcc\u00fc sadece ot kesmekle kalmaz, ayn\u0131 zamanda tah\u0131l \u00f6\u011f\u00fctebilir.<\/p>  <\/div> <\/div> <div id=\"faq-question-1666246509069\" class=\"rank-math-list-item\"> <h3 class=\"rank-math-question\"><strong>S: Saman kesici ve tah\u0131l \u00f6\u011f\u00fct\u00fcc\u00fcn\u00fcn garanti s\u00fcresi ne durumda?<\/strong><\/h3> <div class=\"rank-math-answer\">  <p>C: 1 y\u0131l.<\/p>  <\/div> <\/div> <div id=\"faq-question-1666246532341\" class=\"rank-math-list-item\"> <h3 class=\"rank-math-question\"><strong>S: Saman kesici ve k\u0131rma makinesi nas\u0131l kullan\u0131l\u0131r?<\/strong><\/h3> <div class=\"rank-math-answer\">  <p>C: \u0130\u015flem \u00e7ok basittir ve gerekirse video yard\u0131m\u0131 ve \u00e7evrimi\u00e7i rehberlik sa\u011flayaca\u011f\u0131z.<\/p>  <\/div> <\/div> <\/div> <\/div>","protected":false},"excerpt":{"rendered":"<p>This chaff cutter and grain grinder machine is our upgraded product for grass cutting and grain grinding. 9ZRF series machines are simple in structure, reasonable in design and easy to operate. This straw cutter and grain crusher machine can carry out the processing of a wide range of crop straws and is suitable for the [&hellip;]<\/p>\n","protected":false},"author":1,"featured_media":2574,"parent":0,"template":"","tags":[],"product-type":[19],"class_list":["post-2551","product","type-product","status-publish","has-post-thumbnail","hentry","product-type-silage-machine"],"_links":{"self":[{"href":"https:\/\/taizyagromachine.com\/tr\/wp-json\/wp\/v2\/product\/2551","targetHints":{"allow":["GET"]}}],"collection":[{"href":"https:\/\/taizyagromachine.com\/tr\/wp-json\/wp\/v2\/product"}],"about":[{"href":"https:\/\/taizyagromachine.com\/tr\/wp-json\/wp\/v2\/types\/product"}],"author":[{"embeddable":true,"href":"https:\/\/taizyagromachine.com\/tr\/wp-json\/wp\/v2\/users\/1"}],"wp:featuredmedia":[{"embeddable":true,"href":"https:\/\/taizyagromachine.com\/tr\/wp-json\/wp\/v2\/media\/2574"}],"wp:attachment":[{"href":"https:\/\/taizyagromachine.com\/tr\/wp-json\/wp\/v2\/media?parent=2551"}],"wp:term":[{"taxonomy":"post_tag","embeddable":true,"href":"https:\/\/taizyagromachine.com\/tr\/wp-json\/wp\/v2\/tags?post=2551"},{"taxonomy":"product-type","embeddable":true,"href":"https:\/\/taizyagromachine.com\/tr\/wp-json\/wp\/v2\/product-type?post=2551"}],"curies":[{"name":"wp","href":"https:\/\/api.w.org\/{rel}","templated":true}]}}