{"id":2620,"date":"2022-05-10T03:11:54","date_gmt":"2022-05-10T03:11:54","guid":{"rendered":"https:\/\/taizyagromachine.com\/?post_type=product&#038;p=2620"},"modified":"2025-01-02T13:55:15","modified_gmt":"2025-01-02T05:55:15","slug":"straw-cutter-and-grain-grinder","status":"publish","type":"product","link":"https:\/\/taizyagromachine.com\/tr\/product\/straw-cutter-and-grain-grinder\/","title":{"rendered":"Saman Kesici ve Tah\u0131l \u00d6\u011f\u00fct\u00fcc\u00fc"},"content":{"rendered":"<p class=\"translation-block\">Bu saman kesici ve tah\u0131l \u00f6\u011f\u00fct\u00fcc\u00fc serisi, giyotin ve tah\u0131l ezme i\u015flemlerine olanak tan\u0131yan \u00e7ok ama\u00e7l\u0131 kullan\u0131ma olanak tan\u0131r. Bu giyotin y\u00fcksek performans, d\u00fc\u015f\u00fck g\u00fcr\u00fclt\u00fc, y\u00fcksek verim, g\u00fcvenlik ve stabilite, y\u00fcksek verimlilik, d\u00fc\u015f\u00fck enerji t\u00fcketimi, sa\u011flaml\u0131k ve dayan\u0131kl\u0131l\u0131k \u00f6zelliklerine sahiptir. <a href=\"https:\/\/taizyagromachine.com\/tr\/product\/chaff-cutter-and-grain-grinder\/\" target=\"_blank\" rel=\"noreferrer noopener\">saman kesici ve \u00f6\u011f\u00fct\u00fcc\u00fc kombine makinesi<\/a> sadece kuru ve \u0131slak saman\u0131, pirin\u00e7 saman\u0131, bu\u011fday saman\u0131, pamuk saman\u0131, \u00e7e\u015fitli otlar\u0131 de\u011fil, ayn\u0131 zamanda tah\u0131l, yer f\u0131st\u0131\u011f\u0131 kabuklar\u0131, m\u0131s\u0131r ko\u00e7anlar\u0131, tatl\u0131 saman ba\u015flar\u0131 gibi tah\u0131llar\u0131 da ezebilir. Ezilmi\u015f nihai \u00fcr\u00fcn hayvan yemi olarak kullan\u0131labilir. Bu nedenle makine, k\u00fc\u00e7\u00fck ve orta \u00f6l\u00e7ekli fabrikalar i\u00e7in oldu\u011fu kadar ev kullan\u0131m\u0131 i\u00e7in de uygundur.<br>Makinalar\u0131m\u0131z Kenya, Zimbabve, Peru, Dubai, G\u00fcney Afrika, Lesotho gibi yurt d\u0131\u015f\u0131nda da olduk\u00e7a pop\u00fclerdir.<\/p>    <h2 class=\"wp-block-heading\" id=\"h-type-one-9zf-500b-new-type-chaff-cutter-and-grinder-machine\"><strong>Tip One: 9ZF-500B (Yeni Tip) Saman K\u0131rma ve \u00d6\u011f\u00fctme Makinas\u0131<\/strong><\/h2>    <p>Bu giyotin \u00f6\u011f\u00fct\u00fcc\u00fcn\u00fcn \u00fc\u00e7\u00fc \u00e7\u0131k\u0131\u015f, ikisi giri\u015f olmak \u00fczere be\u015f portu vard\u0131r. Bu makinenin kullan\u0131m\u0131 kolayd\u0131r, geni\u015f bir i\u015fleme aral\u0131\u011f\u0131na sahiptir ve \u00e7ok \u00e7e\u015fitli mahsulleri ezme kapasitesine sahiptir. Malzeme \u00fczerinde iyi bir k\u0131rma etkisi vard\u0131r ve uzun bir depolama s\u00fcresine sahiptir. Bu nedenle \u00e7iftliklerde kullan\u0131m i\u00e7in idealdir.<\/p>   <div class=\"wp-block-image\"> <figure class=\"aligncenter size-full\"><img loading=\"lazy\" decoding=\"async\" width=\"720\" height=\"540\" src=\"https:\/\/taizyagromachine.com\/wp-content\/uploads\/2022\/05\/combined-hay-cutter-and-grain-grinder.jpg\" alt=\"kombine saman kesici ve tah\u0131l \u00f6\u011f\u00fct\u00fcc\u00fc\" class=\"wp-image-2635\"\/><figcaption class=\"wp-element-caption\">kombine saman kesici ve tah\u0131l \u00f6\u011f\u00fct\u00fcc\u00fc<\/figcaption><\/figure> <\/div>   <h3 class=\"wp-block-heading\"><strong>Saman K\u0131r\u0131c\u0131 ve Tah\u0131l \u00d6\u011f\u00fct\u00fcc\u00fcn\u00fcn Yap\u0131s\u0131 <\/strong><\/h3>    <p class=\"translation-block\">Bu <a href=\"https:\/\/silagebaler.com\/combined-chaff-cutter-and-grain-crusher\/\" target=\"_blank\" rel=\"noreferrer noopener\">ot kesme ve \u00f6\u011f\u00fctme makinesi<\/a>, biri \u00fcstte, biri ortada ve biri altta olmak \u00fczere \u00fc\u00e7 \u00e7\u0131k\u0131\u015fa ve s\u0131ras\u0131yla ot ve tah\u0131l giri\u015flerine sahiptir. Makine, saf bak\u0131r motor ve makinenin hareketini kolayla\u015ft\u0131rmak i\u00e7in hareketli tekerlekler ile donat\u0131lm\u0131\u015ft\u0131r. \u00dc\u00e7 \u00e7\u0131k\u0131\u015ftan \u00fcstteki kuru ot, ortadaki \u0131slak ot ve alttaki tah\u0131l i\u00e7indir. Ot ayr\u0131 kesildi\u011finde elek geri \u00e7ekilebilir.<\/p>   <div class=\"wp-block-image\"> <figure class=\"aligncenter size-full\"><img loading=\"lazy\" decoding=\"async\" width=\"720\" height=\"540\" src=\"https:\/\/taizyagromachine.com\/wp-content\/uploads\/2022\/05\/structure-of-straw-cutting-and-grain-grinding-machine.jpg\" alt=\"saman kesme ve tah\u0131l \u00f6\u011f\u00fctme makinesinin yap\u0131s\u0131\" class=\"wp-image-2632\"\/><figcaption class=\"wp-element-caption\">saman kesme ve tah\u0131l \u00f6\u011f\u00fctme makinesinin yap\u0131s\u0131<\/figcaption><\/figure> <\/div>   <h3 class=\"wp-block-heading\"><strong>Saman Kesici ve Tah\u0131l \u00d6\u011f\u00fct\u00fcc\u00fc Teknik \u00d6zellikleri<\/strong><\/h3>    <figure class=\"wp-block-table\"><table><tbody><tr><td>Modeli<\/td><td>9ZF-500B (Yeni Tip)<\/td><\/tr><tr><td>E\u015fle\u015fen ekranlar<\/td><td>4 adet(2\/3\/10\/30)<\/td><\/tr><tr><td>E\u015fle\u015fen g\u00fc\u00e7<\/td><td>3kW motor<\/td><\/tr><tr><td>Motor h\u0131z\u0131<\/td><td>2800rpm<\/td><\/tr><tr><td>Makine a\u011f\u0131rl\u0131\u011f\u0131<\/td><td>68kg (motor hari\u00e7)<\/td><\/tr><tr><td>Nominal gerilim<\/td><td>220V<\/td><\/tr><tr><td>Makine \u00e7\u0131k\u0131\u015f\u0131<\/td><td>1200kg\/saat<\/td><\/tr><tr><td>Genel boyutlar<\/td><td>1220*1070*1190mm<\/td><\/tr><\/tbody><\/table><\/figure>    <h2 class=\"wp-block-heading\"><strong>\u0130kinci Tip: 9ZF-500B Saman Kesici ve K\u0131r\u0131c\u0131 <\/strong><\/h2>    <p>Yukar\u0131daki makineyle kar\u015f\u0131la\u015ft\u0131r\u0131ld\u0131\u011f\u0131nda bu daha basittir ve performans\u0131 ayn\u0131d\u0131r. Bu saman kesme ve tane \u00f6\u011f\u00fctme makinas\u0131 k\u0131r\u0131ld\u0131\u011f\u0131nda k\u0131r\u0131lan malzemenin irili\u011fi elek deliklerinin b\u00fcy\u00fckl\u00fc\u011f\u00fc ile kontrol edilir. Ve elek de\u011fi\u015ftirilebilir. Ayr\u0131ca ekranlar\u0131n m\u00fc\u015fteri ihtiya\u00e7lar\u0131na g\u00f6re \u00f6zelle\u015ftirilmesi de m\u00fcmk\u00fcnd\u00fcr.<\/p>   <div class=\"wp-block-image\"> <figure class=\"aligncenter size-full\"><img loading=\"lazy\" decoding=\"async\" width=\"720\" height=\"540\" src=\"https:\/\/taizyagromachine.com\/wp-content\/uploads\/2022\/05\/chaff-cutter-and-grain-crusher-machine.jpg\" alt=\"saman kesici ve tah\u0131l k\u0131r\u0131c\u0131 makine\" class=\"wp-image-2637\"\/><figcaption class=\"wp-element-caption\">saman kesici ve tah\u0131l k\u0131r\u0131c\u0131 makine<\/figcaption><\/figure> <\/div>   <h3 class=\"wp-block-heading\"><strong>Saman Kesme ve Tah\u0131l \u00d6\u011f\u00fctme Makinas\u0131n\u0131n Yap\u0131s\u0131 <\/strong><\/h3>    <p>Saman kesici makine ve tah\u0131l k\u0131r\u0131c\u0131, giyotin giri\u015fi, tah\u0131l giri\u015fi, y\u00fcksek p\u00fcsk\u00fcrtme \u00e7\u0131k\u0131\u015f\u0131, k\u0131rma \u00e7\u0131k\u0131\u015f\u0131 ve bant koruyucusu, saf bak\u0131r \u00e7ekirdekli motor ve hareketli tekerleklerden olu\u015fur. Baz\u0131 konfig\u00fcrasyonlar m\u00fc\u015fteri gereksinimlerine g\u00f6re \u00f6zelle\u015ftirilebilir. Detaylar i\u00e7in l\u00fctfen aray\u0131n\u0131z.<\/p>   <div class=\"wp-block-image\"> <figure class=\"aligncenter size-full\"><img loading=\"lazy\" decoding=\"async\" width=\"720\" height=\"540\" src=\"https:\/\/taizyagromachine.com\/wp-content\/uploads\/2022\/05\/construction-of-combined-chaff-cutter.jpg\" alt=\"kombine saman kesicinin yap\u0131m\u0131\" class=\"wp-image-2633\"\/><figcaption class=\"wp-element-caption\">kombine saman kesicinin yap\u0131m\u0131<\/figcaption><\/figure> <\/div>   <h3 class=\"wp-block-heading\"><strong>Saman Kesici ve Tah\u0131l \u00d6\u011f\u00fct\u00fcc\u00fcn\u00fcn Teknik Parametreleri<\/strong><\/h3>    <figure class=\"wp-block-table\"><table><tbody><tr><td>Modeli<\/td><td>9ZF-500B<\/td><\/tr><tr><td>E\u015fle\u015fen ekranlar<\/td><td>4 adet<\/td><\/tr><tr><td>E\u015fle\u015fen g\u00fc\u00e7<\/td><td>3kW motor<\/td><\/tr><tr><td>Motor h\u0131z\u0131<\/td><td>2800rpm<\/td><\/tr><tr><td>Makine a\u011f\u0131rl\u0131\u011f\u0131<\/td><td>55kg (motor hari\u00e7)<\/td><\/tr><tr><td>Genel boyutlar<\/td><td>920*930*1250mm<\/td><\/tr><tr><td>Makine \u00e7\u0131k\u0131\u015f\u0131<\/td><td>1200kg\/saat<\/td><\/tr><tr><td>K\u0131rma verimlili\u011fi<\/td><td>300-500kg\/saat<\/td><\/tr><tr><td>B\u0131\u00e7ak say\u0131s\u0131<\/td><td>3 adet<\/td><\/tr><tr><td>F\u0131rlat\u0131lan b\u0131\u00e7aklar<\/td><td>24 adet<\/td><\/tr><tr><td>\u00dc\u00e7gen s\u00fcrt\u00fcnme b\u0131\u00e7aklar\u0131<\/td><td>18 par\u00e7a<\/td><\/tr><tr><td>Besleme y\u00f6ntemi<\/td><td>manuel besleme<\/td><\/tr><tr><td>De\u015farj etkisi<\/td><td>Yumu\u015fak ipeksi\/Pudra<\/td><\/tr><\/tbody><\/table><\/figure>    <h2 class=\"wp-block-heading\"><strong>Tip \u00dc\u00e7: 9ZF-1800 Kombine Saman Kesici ve \u00d6\u011f\u00fct\u00fcc\u00fc Makinas\u0131<\/strong><\/h2>    <p>\u015eekilden bu sap kesme makinesinin di\u011fer iki modele g\u00f6re daha y\u00fcksek bo\u015faltma a\u00e7\u0131kl\u0131\u011f\u0131na sahip oldu\u011fu a\u00e7\u0131k\u00e7a g\u00f6r\u00fclmektedir. Bu makine, k\u0131yasland\u0131\u011f\u0131nda \u00e7ok daha ince ve daha uzundur ve daha y\u00fcksek bir \u015fasiye sahiptir. \u00c7al\u0131\u015ft\u0131r\u0131lmas\u0131 da \u00e7ok kolayd\u0131r.<\/p>   <div class=\"wp-block-image\"> <figure class=\"aligncenter size-full\"><img loading=\"lazy\" decoding=\"async\" width=\"720\" height=\"540\" src=\"https:\/\/taizyagromachine.com\/wp-content\/uploads\/2022\/05\/multifunctional-chaff-cutter.jpg\" alt=\"\u00e7ok fonksiyonlu saman kesici\" class=\"wp-image-2638\"\/><figcaption class=\"wp-element-caption\">\u00e7ok fonksiyonlu saman kesici<\/figcaption><\/figure> <\/div>   <h3 class=\"wp-block-heading\"><strong>Kombine Saman Kesici ve K\u0131rma Makinas\u0131n\u0131n Yap\u0131s\u0131<\/strong><\/h3>    <p>Bu saman kesici ve tah\u0131l \u00f6\u011f\u00fct\u00fcc\u00fc, y\u00fcksek bo\u015faltma portu, al\u00e7ak bo\u015faltma portu, tah\u0131l giri\u015fi, saman giri\u015fi, motor ve hareketli tekerleklerden olu\u015fur. <\/p>   <div class=\"wp-block-image\"> <figure class=\"aligncenter size-full\"><img loading=\"lazy\" decoding=\"async\" width=\"720\" height=\"540\" src=\"https:\/\/taizyagromachine.com\/wp-content\/uploads\/2022\/05\/structure-details-of-grass-cutting-machine.jpg\" alt=\"\u00e7im kesme makinesinin yap\u0131 detaylar\u0131\" class=\"wp-image-2634\"\/><figcaption class=\"wp-element-caption\">\u00e7im kesme makinesinin yap\u0131 detaylar\u0131<\/figcaption><\/figure> <\/div>   <h3 class=\"wp-block-heading\"><strong>Saman Kesici ve Tah\u0131l \u00d6\u011f\u00fct\u00fcc\u00fc Teknik \u00d6zellikleri<\/strong><\/h3>    <figure class=\"wp-block-table\"><table><tbody><tr><td>Modeli<\/td><td>9ZF-1800<\/td><\/tr><tr><td>E\u015fle\u015fen g\u00fc\u00e7<\/td><td>3kW tek fazl\u0131 motor<\/td><\/tr><tr><td>Motor h\u0131z\u0131<\/td><td>2800rpm<\/td><\/tr><tr><td>Makine a\u011f\u0131rl\u0131\u011f\u0131<\/td><td>75kg(motor hari\u00e7)<\/td><\/tr><tr><td>Nominal gerilim<\/td><td>220V<\/td><\/tr><tr><td>Makine \u00e7\u0131k\u0131\u015f\u0131<\/td><td>1800kg\/saat<\/td><\/tr><tr><td>Uygulanabilir kapsam<\/td><td>inekler, koyunlar, domuzlar, tavuklar, \u00f6rdekler, tav\u015fanlar ve di\u011fer \u00e7iftlik hayvanlar\u0131<\/td><\/tr><\/tbody><\/table><\/figure>    <h2 class=\"wp-block-heading\" id=\"h-how-does-straw-cutting-and-corn-grinding-machine-mill-grains\"><strong>Saman Kesme ve M\u0131s\u0131r \u00d6\u011f\u00fctme Makinas\u0131 Tah\u0131llar\u0131 Nas\u0131l \u00d6\u011f\u00fct\u00fcr?<\/strong><\/h2>    <figure class=\"wp-block-embed is-type-video is-provider-youtube wp-block-embed-youtube wp-embed-aspect-16-9 wp-has-aspect-ratio\"><div class=\"wp-block-embed__wrapper\"> <iframe loading=\"lazy\" title=\"Saman Kesici ve Tah\u0131l \u00d6\u011f\u00fct\u00fcc\u00fc | Kombine Saman Kesici ve \u00d6\u011f\u00fct\u00fcc\u00fc Nas\u0131l \u00c7al\u0131\u015f\u0131r? #ta\u015flama #frezeleme\" width=\"500\" height=\"281\" src=\"https:\/\/www.youtube.com\/embed\/Wafde3zwTtA?feature=oembed\" frameborder=\"0\" allow=\"accelerometer; autoplay; clipboard-write; encrypted-media; gyroscope; picture-in-picture; web-share\" referrerpolicy=\"strict-origin-when-cross-origin\" allowfullscreen><\/iframe> <\/div><\/figure>    <h2 class=\"wp-block-heading\"><strong>\u00c7im Kesme ve Tah\u0131l \u00d6\u011f\u00fct\u00fcc\u00fcn\u00fcn Faydalar\u0131<\/strong><\/h2>    <ul class=\"wp-block-list\"> <li>Kal\u0131nla\u015ft\u0131r\u0131lm\u0131\u015f manganese l\u0131 \u00e7elik b\u0131\u00e7ak, g\u00fc\u00e7l\u00fc ve sa\u011flam ve dayan\u0131kl\u0131d\u0131r.<\/li>    <li>Tam g\u00fc\u00e7 ve uzun servis \u00f6mr\u00fc sa\u011flayan saf bak\u0131r \u00e7ekirdekli motor.<\/li>    <li>Sa\u011flam ayakl\u0131\u011f\u0131 sayesinde motor daha sa\u011flam yerle\u015fir ve daha stabil \u00e7al\u0131\u015f\u0131r.<\/li>    <li>Daha uzun ve daha geni\u015f olan kal\u0131nla\u015ft\u0131r\u0131lm\u0131\u015f saman besleyici, beslemeyi daha rahat ve h\u0131zl\u0131 hale getirir.<\/li>    <li>Tah\u0131l giri\u015fi, daha kal\u0131n ve daha g\u00fc\u00e7l\u00fc, daha dayan\u0131kl\u0131.<\/li>    <li>At, s\u0131\u011f\u0131r, koyun, domuz, tav\u015fan, tavuk, \u00f6rdek ve kaz gibi hayvanlar\u0131n beslenmesi i\u00e7in \u00fcretilen geni\u015f yelpazedeki malzemeler.<\/li> <\/ul>    <h2 class=\"wp-block-heading\"><strong>Saman Kesici ve Tah\u0131l \u00d6\u011f\u00fct\u00fcc\u00fcn\u00fcn Kurulumu ve Devreye Al\u0131nmas\u0131<\/strong><\/h2>    <ol class=\"wp-block-list\"> <li>Saman kesici ve tah\u0131l \u00f6\u011f\u00fct\u00fcc\u00fc makinesi d\u00fcz ve sa\u011flam bir yere kurulmal\u0131d\u0131r.<\/li>    <li>Motoru belirtilen gereksinimlere g\u00f6re donat\u0131n ve monte edin.<\/li>    <li>Kay\u0131\u015f\u0131 takmadan \u00f6nce indeksleme g\u00fcc\u00fcn\u00fcn d\u00f6n\u00fc\u015f y\u00f6n\u00fcn\u00fcn saman kesicinin kesme y\u00f6n\u00fcyle tutarl\u0131 olup olmad\u0131\u011f\u0131n\u0131 kontrol edin. Do\u011fru oldu\u011funu onaylay\u0131n ve ard\u0131ndan montaj kay\u0131\u015f\u0131n\u0131 ayarlay\u0131p uygun \u015fekilde s\u0131k\u0131lmas\u0131n\u0131 sa\u011flay\u0131n.<\/li>    <li>Saman k\u0131r\u0131c\u0131 ve taneleyiciyi \u00e7al\u0131\u015ft\u0131rmadan \u00f6nce hareketli ve sabit b\u0131\u00e7aklar aras\u0131ndaki bo\u015flu\u011fu kontrol edip ayarlay\u0131n, b\u00f6ylece bo\u015fluk \u00e7arpmadan 0,8 mm veya daha az olacak \u015fekilde ayarlan\u0131p kontrol edilebilir ve ard\u0131ndan c\u0131vatalar\u0131 kilitleyin.<\/li>    <li>T\u00fcm par\u00e7alar normal \u015fekilde ayarland\u0131ktan ve do\u011fru olduklar\u0131 onayland\u0131ktan sonra, deneme i\u015fletimi i\u00e7in g\u00fcc\u00fc a\u00e7\u0131n. Ve her bir par\u00e7an\u0131n ba\u011flant\u0131 elemanlar\u0131nda gev\u015feklik olup olmad\u0131\u011f\u0131n\u0131 ve d\u00f6nen her par\u00e7ada anormal bir ses olup olmad\u0131\u011f\u0131n\u0131 kontrol edin.<\/li> <\/ol>    <h2 class=\"wp-block-heading\"><strong>Ba\u015far\u0131l\u0131 \u00d6rnek: 20 Tak\u0131m Saman Kesici ve Tah\u0131l K\u0131r\u0131c\u0131 Peru'ya \u0130hra\u00e7 Edildi<\/strong><\/h2>    <p>Perulu m\u00fc\u015fterinin b\u00fcy\u00fckba\u015f hayvan ve tavuk yeti\u015ftiren b\u00fcy\u00fck bir \u00e7iftli\u011fi var. Hayvanc\u0131l\u0131k i\u00e7in saman kesici ve tah\u0131l \u00f6\u011f\u00fct\u00fcc\u00fc almak istiyordu. Sat\u0131\u015f m\u00fcd\u00fcr\u00fcm\u00fcz Emily ona makinenin ilgili parametrelerini, videolar\u0131 ve foto\u011fraflar\u0131 vb. g\u00f6nderdi. Perulu m\u00fc\u015fteri bu bilgilere bakt\u0131ktan sonra makinede baz\u0131 de\u011fi\u015fiklikler yapmay\u0131 \u00f6nerdi (4 b\u00fcy\u00fck tekerlek, b\u00f6lmeli hazne). Bir \u00f6rnek haz\u0131rlad\u0131k ve onaylamas\u0131 i\u00e7in ona foto\u011fraflar ve bir video g\u00f6nderdik. Sonunda Perulu m\u00fc\u015fteri bize 20 adetlik sipari\u015f verdi ve biz de bu sipari\u015fi, kendi ihtiyac\u0131na g\u00f6re gidece\u011fi yere teslim ettik.<\/p>    <div class=\"wp-block-columns is-layout-flex wp-container-core-columns-is-layout-9d6595d7 wp-block-columns-is-layout-flex\"> <div class=\"wp-block-column is-layout-flow wp-block-column-is-layout-flow\"><div class=\"wp-block-image\"> <figure class=\"aligncenter size-full\"><img loading=\"lazy\" decoding=\"async\" width=\"720\" height=\"540\" src=\"https:\/\/taizyagromachine.com\/wp-content\/uploads\/2022\/05\/customized-straw-cutter-and-grinder.jpg\" alt=\"\u00f6zelle\u015ftirilmi\u015f saman kesici ve \u00f6\u011f\u00fct\u00fcc\u00fc\" class=\"wp-image-2654\"\/><figcaption class=\"wp-element-caption\">\u00f6zelle\u015ftirilmi\u015f saman kesici ve \u00f6\u011f\u00fct\u00fcc\u00fc<\/figcaption><\/figure> <\/div><\/div>    <div class=\"wp-block-column is-layout-flow wp-block-column-is-layout-flow\"><div class=\"wp-block-image\"> <figure class=\"aligncenter size-full\"><img loading=\"lazy\" decoding=\"async\" width=\"720\" height=\"540\" src=\"https:\/\/taizyagromachine.com\/wp-content\/uploads\/2022\/05\/package-straw-cutter-and-grain-grinder-machine.jpg\" alt=\"paket saman kesici ve tah\u0131l \u00f6\u011f\u00fct\u00fcc\u00fc makinesi\" class=\"wp-image-2657\"\/><figcaption class=\"wp-element-caption\">paket<\/figcaption><\/figure> <\/div><\/div> <\/div>    <h2 class=\"wp-block-heading\"><strong>SSS<\/strong><\/h2>   <div id=\"rank-math-faq\" class=\"rank-math-block\"> <div class=\"rank-math-list\"> <div id=\"faq-question-1666246094471\" class=\"rank-math-list-item\"> <h3 class=\"rank-math-question\"><strong>S: Saman kesici ve tah\u0131l \u00f6\u011f\u00fct\u00fcc\u00fc i\u00e7in ne t\u00fcr bir motivasyona ihtiya\u00e7 var?<\/strong><\/h3> <div class=\"rank-math-answer\">  <p>A: Dizel motor, elektrik motoru, benzinli motor. Makineye g\u00f6re donat\u0131lm\u0131\u015ft\u0131r.<\/p>  <\/div> <\/div> <div id=\"faq-question-1666246100452\" class=\"rank-math-list-item\"> <h3 class=\"rank-math-question\"><strong>S: 4 ekranl\u0131 dahili ekranlar de\u011fi\u015ftirilebilir mi?<\/strong><\/h3> <div class=\"rank-math-answer\">  <p>C: Ekranlar m\u00fc\u015fteri ihtiya\u00e7lar\u0131na g\u00f6re \u00f6zelle\u015ftirilebilir.<\/p>  <\/div> <\/div> <div id=\"faq-question-1666246109190\" class=\"rank-math-list-item\"> <h3 class=\"rank-math-question\"><strong>S: 9ZF-500(yeni tip) kombine \u00e7im tah\u0131l \u00f6\u011f\u00fct\u00fcc\u00fcn\u00fcn \u00fc\u00e7 \u00e7\u0131k\u0131\u015f\u0131 var, yem nas\u0131l \u00e7\u0131k\u0131yor?<\/strong><\/h3> <div class=\"rank-math-answer\">  <p>C: \u00dcst ve orta \u00e7\u0131k\u0131\u015flardan \u00e7im \u00e7\u0131kar, alt \u00e7\u0131k\u0131\u015ftan da tah\u0131l \u00e7\u0131kar.<\/p>  <\/div> <\/div> <div id=\"faq-question-1666246122276\" class=\"rank-math-list-item\"> <h3 class=\"rank-math-question\"><strong>S: Se\u00e7enek olarak hangi par\u00e7alar mevcut?<\/strong><\/h3> <div class=\"rank-math-answer\">  <p>A: Tekerlekler ve koruyucu kapak.<\/p>  <\/div> <\/div> <div id=\"faq-question-1666246133492\" class=\"rank-math-list-item\"> <h3 class=\"rank-math-question\"><strong>S: Makine \u00e7er\u00e7evesi neden hareketlidir?<\/strong><\/h3> <div class=\"rank-math-answer\">  <p>C: Uzun s\u00fcreli kullan\u0131mda kemer gev\u015fedi\u011finden ve \u00e7er\u00e7evenin hareket ettirilmesi kemeri s\u0131kabilece\u011finden.<\/p>  <\/div> <\/div> <\/div> <\/div>   <h2 class=\"wp-block-heading\"><strong>Taizy Saman Kesici ve Tah\u0131l \u00d6\u011f\u00fct\u00fcc\u00fcn\u00fcn \u00c7al\u0131\u015fma Videosu<\/strong><\/h2>    <figure class=\"wp-block-embed is-type-video is-provider-youtube wp-block-embed-youtube wp-embed-aspect-16-9 wp-has-aspect-ratio\"><div class=\"wp-block-embed__wrapper\"> <iframe loading=\"lazy\" title=\"Saplar, Pipetler, \u00c7imler ve Tah\u0131llar i\u00e7in 2022 Taizy Kombine Saman Kesici \u00d6\u011f\u00fct\u00fcc\u00fc #chaffcutter #grinder\" width=\"500\" height=\"281\" src=\"https:\/\/www.youtube.com\/embed\/qBfLwxNCu6k?feature=oembed\" frameborder=\"0\" allow=\"accelerometer; autoplay; clipboard-write; encrypted-media; gyroscope; picture-in-picture; web-share\" referrerpolicy=\"strict-origin-when-cross-origin\" allowfullscreen><\/iframe> <\/div><\/figure>","protected":false},"excerpt":{"rendered":"<p>This series of straw cutter and grain grinder achieves multi-purpose use, allowing for guillotine and grain crushing. This guillotine features high performance, low noise, high output, safety and stability, high efficiency, low energy consumption, sturdiness and durability. The chaff cutter and grinder combined machine can not only crush dry and wet straw, rice straw, wheat [&hellip;]<\/p>\n","protected":false},"author":1,"featured_media":2629,"parent":0,"template":"","tags":[],"product-type":[19],"class_list":["post-2620","product","type-product","status-publish","has-post-thumbnail","hentry","product-type-silage-machine"],"_links":{"self":[{"href":"https:\/\/taizyagromachine.com\/tr\/wp-json\/wp\/v2\/product\/2620","targetHints":{"allow":["GET"]}}],"collection":[{"href":"https:\/\/taizyagromachine.com\/tr\/wp-json\/wp\/v2\/product"}],"about":[{"href":"https:\/\/taizyagromachine.com\/tr\/wp-json\/wp\/v2\/types\/product"}],"author":[{"embeddable":true,"href":"https:\/\/taizyagromachine.com\/tr\/wp-json\/wp\/v2\/users\/1"}],"wp:featuredmedia":[{"embeddable":true,"href":"https:\/\/taizyagromachine.com\/tr\/wp-json\/wp\/v2\/media\/2629"}],"wp:attachment":[{"href":"https:\/\/taizyagromachine.com\/tr\/wp-json\/wp\/v2\/media?parent=2620"}],"wp:term":[{"taxonomy":"post_tag","embeddable":true,"href":"https:\/\/taizyagromachine.com\/tr\/wp-json\/wp\/v2\/tags?post=2620"},{"taxonomy":"product-type","embeddable":true,"href":"https:\/\/taizyagromachine.com\/tr\/wp-json\/wp\/v2\/product-type?post=2620"}],"curies":[{"name":"wp","href":"https:\/\/api.w.org\/{rel}","templated":true}]}}