{"id":2822,"date":"2022-05-27T06:59:22","date_gmt":"2022-05-27T06:59:22","guid":{"rendered":"https:\/\/taizyagromachine.com\/?post_type=product&#038;p=2822"},"modified":"2025-01-02T13:55:22","modified_gmt":"2025-01-02T05:55:22","slug":"straw-cutting-machine","status":"publish","type":"product","link":"https:\/\/taizyagromachine.com\/tr\/product\/straw-cutting-machine\/","title":{"rendered":"Saman Kesme Makinas\u0131 | \u00c7ok Ama\u00e7l\u0131 Saman Kesici"},"content":{"rendered":"<p>Bu t\u00fcr saman kesme makineleri 9ZR serisine aittir. Toplumdaki benzer \u00fcr\u00fcnlerin ileri teknolojisi ve kullan\u0131c\u0131 g\u00f6r\u00fc\u015flerinden yola \u00e7\u0131karak firmam\u0131z taraf\u0131ndan tasarlan\u0131p \u00fcretilen yeni nesil \u00e7ok fonksiyonlu saman kesici ve par\u00e7alay\u0131c\u0131d\u0131r. Bu saman kesici makine serisi, makul yap\u0131, kullan\u0131m\u0131 kolay, g\u00fcvenli \u00e7al\u0131\u015fma, g\u00fczel \u015fekil ve g\u00fc\u00e7l\u00fc uyarlanabilirlik \u00f6zelliklerine sahiptir. M\u0131s\u0131r saplar\u0131n\u0131, pirin\u00e7 saman\u0131n\u0131, tah\u0131l saman\u0131n\u0131, bu\u011fday saman\u0131n\u0131, ye\u015fil ve kuru yabani otlar\u0131 ve di\u011fer malzemeleri giyotinle kesmek i\u00e7in uygundur. Kullan\u0131c\u0131lar yerel ve kendi \u015fartlar\u0131na g\u00f6re modellerinden herhangi birini se\u00e7ebilirler. Daha fazla bilgi i\u00e7in bizimle ileti\u015fime ge\u00e7mekten memnuniyet duyar\u0131z!<\/p>    <h2 class=\"wp-block-heading\"><strong>Sat\u0131l\u0131k \u00c7im Bi\u00e7me Makinas\u0131<\/strong><\/h2>    <p class=\"translation-block\"><a href=\"https:\/\/taizyagromachine.com\/tr\/\" target=\"_blank\" rel=\"noreferrer noopener\">Profesyonel bir tar\u0131m makineleri \u00fcreticisi ve tedarik\u00e7isi<\/a> olarak, sadece \u00e7im bi\u00e7me ve tah\u0131l \u00f6\u011f\u00fctme makinelerimiz de\u011fil, ayn\u0131 zamanda <a href=\"https:\/\/taizyagromachine.com\/tr\/product\/straw-baling-machine\/\" target=\"_blank\" rel=\"noreferrer noopener\">sap toplama ve balyalama makinesi<\/a> vb. \u00fcr\u00fcnlerimiz de bulunmaktad\u0131r. Taizy, \u00e7e\u015fitli \u00e7\u0131kt\u0131 ihtiya\u00e7lar\u0131n\u0131z\u0131 kar\u015f\u0131lamak i\u00e7in \u00e7e\u015fitli modellerde \u00e7im bi\u00e7me ve par\u00e7alama makinelerine sahiptir. Bunun yan\u0131 s\u0131ra, malzemeyi k\u00fc\u00e7\u00fck par\u00e7alara ay\u0131r\u0131p par\u00e7alad\u0131ktan sonra, silaj\u0131n depolama s\u00fcresini uzatmak i\u00e7in <a href=\"https:\/\/silagebaler.com\/silage-baler-machine-round-baler\/\" target=\"_blank\" rel=\"noreferrer noopener\">silaj sarma makinesi<\/a> kullanabilirsiniz.<\/p>    <figure class=\"wp-block-gallery aligncenter has-nested-images columns-default is-cropped wp-block-gallery-2 is-layout-flex wp-block-gallery-is-layout-flex\"> <figure class=\"wp-block-image size-large\"><img loading=\"lazy\" decoding=\"async\" width=\"720\" height=\"540\" data-id=\"2830\" src=\"https:\/\/taizyagromachine.com\/wp-content\/uploads\/2022\/05\/chaff-cutter-and-crusher-9ZR-2.5.jpg\" alt=\"saman kesici ve k\u0131r\u0131c\u0131\" class=\"wp-image-2830\"\/><figcaption class=\"wp-element-caption\">saman kesici ve k\u0131r\u0131c\u0131<\/figcaption><\/figure>    <figure class=\"wp-block-image size-large\"><img loading=\"lazy\" decoding=\"async\" width=\"720\" height=\"540\" data-id=\"2833\" src=\"https:\/\/taizyagromachine.com\/wp-content\/uploads\/2022\/05\/grass-cutter-machine-9ZR-3.8A.jpg\" alt=\"\u00e7im kesici makinesi\" class=\"wp-image-2833\"\/><figcaption class=\"wp-element-caption\">\u00e7im kesici makinesi<\/figcaption><\/figure>    <figure class=\"wp-block-image size-large\"><img loading=\"lazy\" decoding=\"async\" width=\"720\" height=\"540\" data-id=\"2834\" src=\"https:\/\/taizyagromachine.com\/wp-content\/uploads\/2022\/05\/chaff-cutter-and-crusher-for-sale-9ZR-3.8B.jpg\" alt=\"sat\u0131l\u0131k saman kesici ve k\u0131r\u0131c\u0131\" class=\"wp-image-2834\"\/><figcaption class=\"wp-element-caption\">sat\u0131l\u0131k saman kesici ve k\u0131r\u0131c\u0131<\/figcaption><\/figure> <\/figure>    <figure class=\"wp-block-gallery aligncenter has-nested-images columns-default is-cropped wp-block-gallery-3 is-layout-flex wp-block-gallery-is-layout-flex\"> <figure class=\"wp-block-image size-large\"><img loading=\"lazy\" decoding=\"async\" width=\"720\" height=\"540\" data-id=\"2836\" src=\"https:\/\/taizyagromachine.com\/wp-content\/uploads\/2022\/05\/straw-cutter-and-shredder-9ZR-4.8.jpg\" alt=\"saman kesici ve par\u00e7alay\u0131c\u0131\" class=\"wp-image-2836\"\/><figcaption class=\"wp-element-caption\">saman kesici ve par\u00e7alay\u0131c\u0131<\/figcaption><\/figure>    <figure class=\"wp-block-image size-large\"><img loading=\"lazy\" decoding=\"async\" width=\"720\" height=\"540\" data-id=\"2837\" src=\"https:\/\/taizyagromachine.com\/wp-content\/uploads\/2022\/05\/paddy-straw-cutter-machine-9ZR-6.8.jpg\" alt=\"\u00e7eltik saman kesici makinesi\" class=\"wp-image-2837\"\/><figcaption class=\"wp-element-caption\">\u00e7eltik saman kesici makinesi<\/figcaption><\/figure>    <figure class=\"wp-block-image size-large\"><img loading=\"lazy\" decoding=\"async\" width=\"720\" height=\"540\" data-id=\"2838\" src=\"https:\/\/taizyagromachine.com\/wp-content\/uploads\/2022\/05\/multipurpose-chaff-cutter-9ZR-8.jpg\" alt=\"\u00e7ok ama\u00e7l\u0131 saman kesici\" class=\"wp-image-2838\"\/><figcaption class=\"wp-element-caption\">\u00e7ok ama\u00e7l\u0131 saman kesici<\/figcaption><\/figure> <\/figure>    <h2 class=\"wp-block-heading\"><strong>\u00c7eltik Saman Kesme Makinesi Uygulamalar\u0131<\/strong><\/h2>    <p>9ZR serisi yatay saman kesici ve par\u00e7alay\u0131c\u0131, firmam\u0131z taraf\u0131ndan yak\u0131n zamanda geli\u015ftirilen bir t\u00fcr b\u00fcy\u00fck \u00f6l\u00e7ekli par\u00e7alama makinesidir. M\u0131s\u0131r, bu\u011fday, tah\u0131llar, f\u0131st\u0131k asmas\u0131, pirin\u00e7 saman\u0131, fasulye saman\u0131, m\u0131s\u0131r saplar\u0131, ye\u015fil \u00e7imen, yonca ve di\u011fer mahsul samanlar\u0131 i\u00e7in uygundur. <\/p>   <div class=\"wp-block-image\"> <figure class=\"aligncenter size-full\"><img loading=\"lazy\" decoding=\"async\" width=\"720\" height=\"540\" src=\"https:\/\/taizyagromachine.com\/wp-content\/uploads\/2022\/05\/wide-applications-of-straw-cutting-machine.jpg\" alt=\"saman kesme makinesinin geni\u015f uygulamalar\u0131\" class=\"wp-image-2842\"\/><figcaption class=\"wp-element-caption\">saman kesme makinesinin geni\u015f uygulamalar\u0131<\/figcaption><\/figure> <\/div>   <p>S\u0131\u011f\u0131r ve koyun yemi yo\u011furma i\u015flemi i\u00e7in, \u00e7im uzunlu\u011fu 10 mm -180 mm, geni\u015fli\u011fi 5 mm'den fazla olmayan k\u0131y\u0131lm\u0131\u015f malzeme. S\u0131\u011f\u0131r ve koyunlarda yemlerin lezzetini art\u0131r\u0131r ve yemden yararlanma oran\u0131n\u0131 artt\u0131r\u0131r. Bu nedenle bu saman kesme makinesi, orta ve b\u00fcy\u00fck \u00f6l\u00e7ekli yeti\u015ftiricilerin yem i\u015flemede tercih etti\u011fi ideal ekipmand\u0131r.<\/p>   <div class=\"wp-block-image\"> <figure class=\"aligncenter size-full\"><img loading=\"lazy\" decoding=\"async\" width=\"720\" height=\"400\" src=\"https:\/\/taizyagromachine.com\/wp-content\/uploads\/2022\/05\/animal-to-be-fed.jpg\" alt=\"beslenecek hayvan\" class=\"wp-image-2843\"\/><figcaption class=\"wp-element-caption\">beslenecek hayvan<\/figcaption><\/figure> <\/div>   <h2 class=\"wp-block-heading\"><strong>Yem Kesme Makinas\u0131n\u0131n \u00c7al\u0131\u015fma Prensibi<\/strong><\/h2>    <p>Konvey\u00f6r arac\u0131l\u0131\u011f\u0131yla malzemeyi (i\u015flenecek) yo\u011furma odas\u0131na ta\u015f\u0131y\u0131n. Y\u00fcksek d\u00f6nen \u00e7eki\u00e7 b\u0131\u00e7a\u011f\u0131 ve yo\u011furma plakas\u0131 etkile\u015fimi sayesinde malzeme yo\u011frulur. Saman kesme makinesi toplanan ham maddeleri yo\u011furacakt\u0131r. Saman\u0131n yo\u011furma etkisini ve k\u0131r\u0131lan malzeme miktar\u0131n\u0131 ayarlamak i\u00e7in ayarlanabilir \u00e7eki\u00e7 b\u0131\u00e7aklar\u0131n\u0131n say\u0131s\u0131n\u0131 kullan\u0131n. \u00c7eki\u00e7 b\u0131\u00e7aklar\u0131n\u0131n say\u0131s\u0131n\u0131 azalt\u0131n, \u00e7\u0131k\u0131\u015f saman\u0131 daha uzun olacak ve k\u0131r\u0131lan malzeme azalacakt\u0131r; \u00c7eki\u00e7 b\u0131\u00e7aklar\u0131n\u0131n say\u0131s\u0131 art\u0131r\u0131l\u0131rsa, \u00e7\u0131k\u0131\u015f saman\u0131 k\u0131salacak ve k\u0131r\u0131lan malzeme artacakt\u0131r.<\/p>    <p>Saman\u0131 d\u00fczle\u015ftirmek, dilimlemek, s\u0131kmak ve yo\u011furmak i\u00e7in saman\u0131 konvey\u00f6r band\u0131ndan otomatik olarak besler ve saman\u0131n y\u00fczeyindeki sert sap d\u00fc\u011f\u00fcmlerini yok eder. Besi hayvanlar\u0131n\u0131n besleyemeyece\u011fi saman\u0131, besi hayvanlar\u0131n\u0131n sindirimi ve absorbe etmesi kolay olan, besin de\u011ferlerini kaybetmeden, lezzetli ve iyi bir tada sahip k\u0131y\u0131lm\u0131\u015f yemlere do\u011frudan i\u015fleyin.<\/p>    <figure class=\"wp-block-gallery aligncenter has-nested-images columns-default is-cropped wp-block-gallery-4 is-layout-flex wp-block-gallery-is-layout-flex\"> <figure class=\"wp-block-image size-large\"><img loading=\"lazy\" decoding=\"async\" width=\"720\" height=\"450\" data-id=\"2865\" src=\"https:\/\/taizyagromachine.com\/wp-content\/uploads\/2022\/05\/multipurpose-chaff-cutter-blade.jpg\" alt=\"\u00e7ok ama\u00e7l\u0131-saman-kesici-b\u0131\u00e7ak\" class=\"wp-image-2865\"\/><figcaption class=\"wp-element-caption\">\u00e7ok ama\u00e7l\u0131 saman kesici b\u0131\u00e7ak<\/figcaption><\/figure>    <figure class=\"wp-block-image size-large\"><img loading=\"lazy\" decoding=\"async\" width=\"720\" height=\"450\" data-id=\"2866\" src=\"https:\/\/taizyagromachine.com\/wp-content\/uploads\/2022\/05\/straw-cutter-blade.jpg\" alt=\"saman kesici b\u0131\u00e7ak\" class=\"wp-image-2866\"\/><figcaption class=\"wp-element-caption\">saman kesici b\u0131\u00e7ak<\/figcaption><\/figure> <\/figure>    <h2 class=\"wp-block-heading\"><strong>Saman Saman Kesme Makinesinin Faydalar\u0131<\/strong><\/h2>    <ol class=\"wp-block-list\"> <li>Makine makul bir yap\u0131ya, g\u00fczel bir g\u00f6r\u00fcn\u00fcme, g\u00fcvenli ve g\u00fcvenilir, rahat kullan\u0131m ve bak\u0131ma ve y\u00fcksek \u00fcretim verimlili\u011fine sahiptir.<\/li>    <li>Makine sadece orta ve b\u00fcy\u00fck \u00e7ift\u00e7ilere de\u011fil ayn\u0131 zamanda ev i\u00e7in k\u00fc\u00e7\u00fck saman kesme makinesine de uygulanabilir.<\/li>    <li>\u0130ki \u00e7e\u015fit b\u0131\u00e7akla donat\u0131lm\u0131\u015ft\u0131r; biri kesme b\u0131\u00e7a\u011f\u0131, di\u011feri \u00fc\u00e7gen b\u0131\u00e7akt\u0131r.<\/li>    <li>Makine kullan\u0131m\u0131n\u0131n zor oldu\u011fu alanlarda elektrik kesintisi sorununu \u00e7\u00f6zen elektrik motoru ve dizel motorun her ikisi de mevcuttur.<\/li>    <li>Kuru ve \u0131slak, \u00e7ok ama\u00e7l\u0131 saman kesici.<\/li> <\/ol>    <h2 class=\"wp-block-heading\"><strong>Saman Par\u00e7alama Makinesini Ne Yapar?<\/strong><\/h2>    <p class=\"translation-block\">Bu t\u00fcr do\u011fray\u0131c\u0131 ve yo\u011furucu \u00e7ok basit bir yap\u0131ya sahiptir. Konvey\u00f6r, giri\u015f, \u00e7al\u0131\u015ft\u0131rma sistemi, \u00e7\u0131k\u0131\u015f, \u00e7er\u00e7eve, vites kolu, tekerlek, motor \u00e7er\u00e7evesi, motor ve koruyucu kapaktan olu\u015fur. Konvey\u00f6r, kuru\/\u0131slak otlar\u0131n giri\u015ften \u00e7al\u0131\u015fma odas\u0131na gelmesine yard\u0131mc\u0131 olur. \u00c7er\u00e7eve t\u00fcm makineyi desteklerken, koruyucu kapak, baz\u0131 <a href=\"https:\/\/taizyagromachine.com\/tr\/product\/forage-chopper-machine\/\" target=\"_blank\" rel=\"noreferrer noopener\">yem kesme makineleri<\/a> gibi personel \u00e7al\u0131\u015fma s\u0131ras\u0131nda korunmas\u0131na yard\u0131mc\u0131 olur. Dahas\u0131, motor makinenin gerektirdi\u011fi yeterli g\u00fcc\u00fc sa\u011flar.<\/p>   <div class=\"wp-block-image\"> <figure class=\"aligncenter size-full\"><img loading=\"lazy\" decoding=\"async\" width=\"720\" height=\"470\" src=\"https:\/\/taizyagromachine.com\/wp-content\/uploads\/2022\/05\/straw-cutting-machine-structure.jpg\" alt=\"saman kesme makinas\u0131 yap\u0131s\u0131\" class=\"wp-image-2847\"\/><figcaption class=\"wp-element-caption\">saman kesme makinas\u0131 yap\u0131s\u0131<\/figcaption><\/figure> <\/div>   <h2 class=\"wp-block-heading\" id=\"h-technical-parameters-of-rice-straw-cutting-and-shredding-machine\"><strong>Pirin\u00e7 Saman Kesme ve Par\u00e7alama Makinas\u0131n\u0131n Teknik Parametreleri<\/strong><\/h2>    <figure class=\"wp-block-table\"><table><tbody><tr><td>Modeli<\/td><td>9ZR-2.5<\/td><td>9ZR-3.8A<\/td><td>9ZR-3.8B<\/td><td>9ZR-4.8T<\/td><td>9ZR-6.8<\/td><td>9ZR-8<\/td><\/tr><tr><td>G\u00fc\u00e7<\/td><td>3-4.5kW<\/td><td>3-4.5kW<\/td><td>3-4.5kW<\/td><td>5.5kW<\/td><td>7,5kW<\/td><td>11kW<\/td><\/tr><tr><td>Kapasite<\/td><td>2500kg\/saat<\/td><td>3800kg\/saat<\/td><td>3800kg\/saat<\/td><td>4800kg\/saat<\/td><td>6800kg\/saat<\/td><td>8000kg\/saat<\/td><\/tr><tr><td>Boyut<\/td><td>1350*490*750mm<\/td><td>1650*550*900mm<\/td><td>1750*550*900mm<\/td><td>1750*600*930mm<\/td><td>2283*740*1040mm<\/td><td>3400*830*1200mm<\/td><\/tr><tr><td>A\u011f\u0131rl\u0131k<\/td><td>67 kg<\/td><td>88 kg<\/td><td>93 kg<\/td><td>116 kg<\/td><td>189kg<\/td><td>320kg<\/td><\/tr><\/tbody><\/table><\/figure>    <h2 class=\"wp-block-heading\"><strong>Ba\u015far\u0131l\u0131 \u00d6rnek: \u00c7ok Ama\u00e7l\u0131 Saman Kesici Kenya'ya \u0130hra\u00e7 Edildi<\/strong><\/h2>    <p>Bu y\u0131l\u0131n \u015fubat ay\u0131nda Kenyal\u0131 bir m\u00fc\u015fteri saman kesme makinesi hakk\u0131nda bilgi istedi. Sat\u0131\u015f m\u00fcd\u00fcr\u00fcm\u00fcz Grace onunla ileti\u015fim kurarak onu b\u00fcy\u00fckba\u015f hayvan yemi \u00fcretimi i\u00e7in sat\u0131n ald\u0131\u011f\u0131n\u0131 biliyordu. Bu nedenle Grace ona makinenin parametrelerini, foto\u011fraflar\u0131n\u0131 ve \u00e7al\u0131\u015fma videolar\u0131n\u0131 g\u00f6nderdi. Kenyal\u0131 m\u00fc\u015fteri makineyi inceledikten sonra 4800 kg\/saat kapasiteli saman kesme makinesini se\u00e7ti. Makinenin detaylar\u0131 onayland\u0131ktan sonra s\u00f6zle\u015fme imzaland\u0131. Makineyi onun belirledi\u011fi terminale g\u00f6nderdik. Kenyal\u0131 m\u00fc\u015fterimiz makineyi teslim ald\u0131ktan sonra bize olumlu geri bildirimler g\u00f6nderdi.<\/p>    <h2 class=\"wp-block-heading\"><strong>Saman Kesme Makinas\u0131 \u00c7al\u0131\u015fma Videosu<\/strong><\/h2>    <figure class=\"wp-block-embed is-type-video is-provider-youtube wp-block-embed-youtube wp-embed-aspect-16-9 wp-has-aspect-ratio\"><div class=\"wp-block-embed__wrapper\"> <iframe loading=\"lazy\" title=\"\u00c7ok Fonksiyonlu Saman Kesici Makinesi | Hayvan Yemi Olarak Silaj \u00dcretimi i\u00e7in Ot Kesme Makinesi\" width=\"500\" height=\"281\" src=\"https:\/\/www.youtube.com\/embed\/wYag_P8TQhY?feature=oembed\" frameborder=\"0\" allow=\"accelerometer; autoplay; clipboard-write; encrypted-media; gyroscope; picture-in-picture; web-share\" referrerpolicy=\"strict-origin-when-cross-origin\" allowfullscreen><\/iframe> <\/div><\/figure>","protected":false},"excerpt":{"rendered":"<p>This kind of straw cutting machine belongs to the 9ZR series. It is a new generation of multifunctional chaff cutter and shredder designed and manufactured by our company based on the advanced technology of similar products in the society and users&#8217; opinions. This series of straw cutter machines has the characteristics of reasonable structure, easy [&hellip;]<\/p>\n","protected":false},"author":1,"featured_media":2829,"parent":0,"template":"","tags":[96,93,206],"product-type":[19],"class_list":["post-2822","product","type-product","status-publish","has-post-thumbnail","hentry","tag-chaff-cutter-machine","tag-forage-chopper-machine","tag-straw-cutting-machine","product-type-silage-machine"],"_links":{"self":[{"href":"https:\/\/taizyagromachine.com\/tr\/wp-json\/wp\/v2\/product\/2822","targetHints":{"allow":["GET"]}}],"collection":[{"href":"https:\/\/taizyagromachine.com\/tr\/wp-json\/wp\/v2\/product"}],"about":[{"href":"https:\/\/taizyagromachine.com\/tr\/wp-json\/wp\/v2\/types\/product"}],"author":[{"embeddable":true,"href":"https:\/\/taizyagromachine.com\/tr\/wp-json\/wp\/v2\/users\/1"}],"wp:featuredmedia":[{"embeddable":true,"href":"https:\/\/taizyagromachine.com\/tr\/wp-json\/wp\/v2\/media\/2829"}],"wp:attachment":[{"href":"https:\/\/taizyagromachine.com\/tr\/wp-json\/wp\/v2\/media?parent=2822"}],"wp:term":[{"taxonomy":"post_tag","embeddable":true,"href":"https:\/\/taizyagromachine.com\/tr\/wp-json\/wp\/v2\/tags?post=2822"},{"taxonomy":"product-type","embeddable":true,"href":"https:\/\/taizyagromachine.com\/tr\/wp-json\/wp\/v2\/product-type?post=2822"}],"curies":[{"name":"wp","href":"https:\/\/api.w.org\/{rel}","templated":true}]}}