{"id":2905,"date":"2022-06-02T03:35:30","date_gmt":"2022-06-02T03:35:30","guid":{"rendered":"https:\/\/taizyagromachine.com\/?post_type=product&#038;p=2905"},"modified":"2025-03-27T15:18:33","modified_gmt":"2025-03-27T07:18:33","slug":"self-propelled-baler","status":"publish","type":"product","link":"https:\/\/taizyagromachine.com\/tr\/product\/self-propelled-baler\/","title":{"rendered":"Kunda\u011f\u0131 Motorlu Balya Makinas\u0131 | Saman Kesici ve Balya Makinesi"},"content":{"rendered":"<p class=\"translation-block\">Kendi y\u00fcr\u00fcr balya makinesi, \u201ctoplama, kesme ve balyalama\u201dy\u0131 entegre eden bir tar\u0131m makinesidir. Bu <a href=\"https:\/\/silagebaler.com\/hay-cutter-and-baler\/\" target=\"_blank\" rel=\"noreferrer noopener\">ot bi\u00e7me ve balyalama makinesi<\/a> sadece al\u00e7ak alanlarda \u00e7al\u0131\u015fmakla kalmaz, ayn\u0131 zamanda malzemeyi daha sorunsuz besler ve kolayca t\u0131kanmaz. Ayr\u0131ca, bu makine CE sertifikas\u0131na sahiptir ve i\u00e7 hem de d\u0131\u015f pazarda \u00e7ok pop\u00fclerdir. Makine, tekerlekli trakt\u00f6rle uyumludur ve tek bir trakt\u00f6r s\u00fcr\u00fcc\u00fcs\u00fc taraf\u0131ndan \u00e7al\u0131\u015ft\u0131r\u0131l\u0131r, bu da her t\u00fcrl\u00fc do\u011fal mera, ekili mera ve tar\u0131m arazisinde \u00e7al\u0131\u015fmaya uygundur.<\/p>    <p>Bu saman balyalama makinesi yurt i\u00e7i ve yurt d\u0131\u015f\u0131ndaki benzer \u00fcr\u00fcnlerin avantajlar\u0131n\u0131 birle\u015ftirerek ayn\u0131 zamanda tar\u0131m ve hayvanc\u0131l\u0131k \u00fcretiminin mevcut durumunu da bir araya getirmektedir. Bu nedenle, kendinden tahrikli balya makinesi geli\u015fmi\u015f yap\u0131ya, rahat \u00e7al\u0131\u015fmaya, istikrarl\u0131 ve g\u00fcvenilir performansa, d\u00fc\u015f\u00fck \u00fcretim maliyetine ve i\u015f\u00e7ilik tasarrufuna vb. Sahiptir. \u00c7e\u015fitli tar\u0131msal saman ve yemlerin hasat edilmesi ve balyalanmas\u0131 i\u00e7in en ideal \u00fcr\u00fcnd\u00fcr.<\/p>    <h2 class=\"wp-block-heading\" id=\"h-what-are-the-functions-of-the-self-propelled-baler-for-sale\"><strong>Sat\u0131l\u0131k Kunda\u011f\u0131 Motorlu Balya Makinesinin \u0130\u015flevleri Nelerdir?<\/strong><\/h2>    <p>Spesifik i\u015flevler a\u015fa\u011f\u0131daki gibidir:<\/p>    <ol class=\"wp-block-list\"> <li><strong>Toplama<\/strong>: Bi\u00e7erd\u00f6ver ile d\u0131\u015far\u0131 at\u0131lan ot, yonca, pirin\u00e7 saman\u0131 ve bu\u011fday saman\u0131n\u0131 toplayabilir.<\/li>    <li><strong>Kesme<\/strong>: Ot, yonca, m\u0131s\u0131r saman\u0131 hasad\u0131n\u0131n yan\u0131 s\u0131ra bu\u011fday\u0131n y\u00fcksek an\u0131zlar\u0131n\u0131 da ikinci kez kesebilir. An\u0131z 10 cm'nin alt\u0131na kadar azalt\u0131labilir. Birim alan ba\u015f\u0131na toplanan saman, toplay\u0131c\u0131n\u0131n toplad\u0131\u011f\u0131 saman\u0131n yakla\u015f\u0131k iki kat\u0131 kadard\u0131r. Saman toplama oran\u0131n\u0131 b\u00fcy\u00fck \u00f6l\u00e7\u00fcde art\u0131r\u0131r ve \u00e7ift\u00e7ilerin ekim yapmas\u0131n\u0131 ve d\u00f6n\u00fcm ba\u015f\u0131na toplanan saman miktar\u0131n\u0131 art\u0131rmas\u0131n\u0131 daha kolay hale getirir.<\/li>    <li><strong>Balyalama<\/strong>: yani, gev\u015fek saman s\u0131k\u0131\u015ft\u0131r\u0131l\u0131r ve kare veya yuvarlak balyalar halinde d\u00f6v\u00fcl\u00fcr (kare veya yuvarlak balyalar ta\u015f\u0131ma, istifleme ve muhafaza i\u00e7in uygundur).<\/li> <\/ol>   <div class=\"wp-block-image\"> <figure class=\"aligncenter size-full\"><img loading=\"lazy\" decoding=\"async\" width=\"720\" height=\"540\" src=\"https:\/\/taizyagromachine.com\/wp-content\/uploads\/2022\/06\/working-scenes.jpg\" alt=\"\u00e7al\u0131\u015fma sahneleri\" class=\"wp-image-2945\"\/><figcaption class=\"wp-element-caption\">\u00e7al\u0131\u015fma sahneleri<\/figcaption><\/figure> <\/div>   <h2 class=\"wp-block-heading\" id=\"h-type-1-self-propelled-round-baler\"><strong>Tip 1: Kunda\u011f\u0131 Motorlu Yuvarlak Balya Makinas\u0131<\/strong><\/h2>    <p class=\"translation-block\">Yuvarlak ezme ve toplama balya makinesi, \u015firketimiz taraf\u0131ndan bu\u011fday, pirin\u00e7, m\u0131s\u0131r ve di\u011fer \u00fcr\u00fcn saplar\u0131 ile \u00e7e\u015fitli yemlerin toplanmas\u0131 ve balyalanmas\u0131 i\u00e7in tasarlanm\u0131\u015f ve \u00fcretilmi\u015f \u00f6zel bir ekipmand\u0131r. \u015eirketimiz taraf\u0131ndan ba\u011f\u0131ms\u0131z olarak geli\u015ftirilmi\u015f yeni tip y\u00fcksek verimli \u00e7apraz s\u0131ral\u0131 yuvarlak balya makinesidir. Bu makine balyalama i\u00e7in ip ve a\u011f kullanabilir. Ger\u00e7ek duruma g\u00f6re y\u00fcksekli\u011fi ve balya yo\u011funlu\u011funu da ayarlayabilir. Bu makinenin <a href=\"https:\/\/taizyagromachine.com\/tr\/product\/silage-baler\/\" target=\"_blank\" rel=\"noreferrer noopener\">silaj balyalama ve sarma makinesi<\/a>nden farkl\u0131 olarak film sarma i\u015fleminin olmad\u0131\u011f\u0131 belirtilmelidir.<\/p>    <figure class=\"wp-block-gallery aligncenter has-nested-images columns-default is-cropped wp-block-gallery-2 is-layout-flex wp-block-gallery-is-layout-flex\"> <figure class=\"wp-block-image size-full\"><img loading=\"lazy\" decoding=\"async\" width=\"720\" height=\"540\" data-id=\"2948\" src=\"https:\/\/taizyagromachine.com\/wp-content\/uploads\/2022\/06\/round-self-propelled-hay-baler.jpg\" alt=\"yuvarlak kunda\u011f\u0131 motorlu saman balyalay\u0131c\u0131\" class=\"wp-image-2948\"\/><figcaption class=\"wp-element-caption\">yuvarlak kendinden tahrikli saman balyalay\u0131c\u0131<\/figcaption><\/figure>    <figure class=\"wp-block-image size-full\"><img loading=\"lazy\" decoding=\"async\" width=\"720\" height=\"540\" data-id=\"2949\" src=\"https:\/\/taizyagromachine.com\/wp-content\/uploads\/2022\/06\/round-hay-cutter-and-baler.jpg\" alt=\"yuvarlak saman kesici ve balya makinesi\" class=\"wp-image-2949\"\/><figcaption class=\"wp-element-caption\">yuvarlak saman kesici ve balya makinesi<\/figcaption><\/figure> <\/figure>    <figure class=\"wp-block-embed is-type-video is-provider-youtube wp-block-embed-youtube wp-embed-aspect-16-9 wp-has-aspect-ratio\"><div class=\"wp-block-embed__wrapper\"> <iframe loading=\"lazy\" title=\"Saman ezme saman yuvarlak balya i\u00e7in baling makinesi toplama | \u00c7iftlik silaj beslemesi i\u00e7in verimli \u00e7\u00f6z\u00fcm\" width=\"500\" height=\"281\" src=\"https:\/\/www.youtube.com\/embed\/pgxaeEiL908?feature=oembed\" frameborder=\"0\" allow=\"accelerometer; autoplay; clipboard-write; encrypted-media; gyroscope; picture-in-picture; web-share\" referrerpolicy=\"strict-origin-when-cross-origin\" allowfullscreen><\/iframe> <\/div><figcaption class=\"wp-element-caption\">Saman kesme toplama baling makinesinin videosu<\/figcaption><\/figure>    <h3 class=\"wp-block-heading\" id=\"h-construction-of-round-hay-cutter-and-baler\"><strong>Yuvarlak Saman Kesici ve Balya Makinas\u0131 \u0130n\u015faat\u0131<\/strong><\/h3>    <p>Yuvarlak kendinden tahrikli balya makinesinde PTO, besleyici, silo anahtar\u0131 ve hidrolik silindir bulunur. \u0130pli\u011fin yerini filenin alabilece\u011fini bilmelisiniz. <\/p>   <div class=\"wp-block-image\"> <figure class=\"aligncenter size-full\"><img loading=\"lazy\" decoding=\"async\" width=\"720\" height=\"540\" src=\"https:\/\/taizyagromachine.com\/wp-content\/uploads\/2022\/06\/structure-of-round-cutter-and-baler.jpg\" alt=\"yuvarlak kesici ve balya makinesinin yap\u0131s\u0131\" class=\"wp-image-2927\"\/><figcaption class=\"wp-element-caption\">yuvarlak kesici ve balya makinesinin yap\u0131s\u0131<\/figcaption><\/figure> <\/div>   <h3 class=\"wp-block-heading\" id=\"h-what-are-parameters-of-round-baling-machine\"><strong>Yuvarlak Balya Makinas\u0131 Parametreleri Nelerdir?<\/strong><\/h3>    <figure class=\"wp-block-table\"><table><tbody><tr><td>Modeli<\/td><td>9YY80<\/td><td>9YY100<\/td><\/tr><tr><td>Paketlenmi\u015f boyut<\/td><td>80cm*100cm<\/td><td>100cm*125cm<\/td><\/tr><tr><td>Hasat geni\u015fli\u011fi<\/td><td>1,3 m<\/td><td>1,8m<\/td><\/tr><tr><td>Net boyut<\/td><td>2000m*105cm<\/td><td>3000m*125cm<\/td><\/tr><tr><td>Trakt\u00f6r donan\u0131ml\u0131<\/td><td>70hp'den fazla<\/td><td>90hp'den fazla<\/td><\/tr><\/tbody><\/table><\/figure>    <h2 class=\"wp-block-heading\" id=\"h-type-2-self-propelled-square-baler\"><strong>Tip 2: Kunda\u011f\u0131 Motorlu Kare Balya Makinesi<\/strong><\/h2>    <p class=\"translation-block\">Kare kesme, toplama ve balyalama makinesi, tarladaki yemleri ezerek balya haline getiren bir hasat makinesidir. Esas olarak tarladaki \u00e7e\u015fitli yemleri, pirin\u00e7, bu\u011fday ve m\u0131s\u0131r saplar\u0131n\u0131 ve di\u011fer \u00fcr\u00fcn saplar\u0131n\u0131 toplamak ve balyalamak i\u00e7in kullan\u0131l\u0131r. Kendi y\u00fcr\u00fcr ot balya makinesi, tarlada serili ot \u015feritlerini otomatik olarak ezebilir ve toplayabilir ve besleme, s\u0131k\u0131\u015ft\u0131rma ve \u015fekillendirme, d\u00fc\u011f\u00fcmleme ve ba\u011flama i\u015flemleriyle gev\u015fek yemi d\u00fczg\u00fcn ve d\u00fczenli g\u00f6r\u00fcn\u00fcml\u00fc dikd\u00f6rtgen balyalara ba\u011flar. Balyalama i\u00e7in yaln\u0131zca ip kullan\u0131labilece\u011fi unutulmamal\u0131d\u0131r. Daha fazla ayr\u0131nt\u0131 i\u00e7in <a href=\"https:\/\/taizyagromachine.com\/tr\/contact\/\" target=\"_blank\" rel=\"noreferrer noopener\">bizimle ileti\u015fime ge\u00e7meye<\/a> ho\u015f geldiniz!<\/p>    <figure class=\"wp-block-gallery aligncenter has-nested-images columns-default is-cropped wp-block-gallery-3 is-layout-flex wp-block-gallery-is-layout-flex\"> <figure class=\"wp-block-image size-full\"><img loading=\"lazy\" decoding=\"async\" width=\"720\" height=\"540\" data-id=\"2953\" src=\"https:\/\/taizyagromachine.com\/wp-content\/uploads\/2022\/06\/square-cutter-and-baler.jpg\" alt=\"kare kesici ve balya makinesi\" class=\"wp-image-2953\"\/><figcaption class=\"wp-element-caption\">kare kesici ve balya makinesi<\/figcaption><\/figure>    <figure class=\"wp-block-image size-full\"><img loading=\"lazy\" decoding=\"async\" width=\"720\" height=\"540\" data-id=\"2952\" src=\"https:\/\/taizyagromachine.com\/wp-content\/uploads\/2022\/06\/square-self-propelled-baler.jpg\" alt=\"kare kendinden tahrikli balya makinesi\" class=\"wp-image-2952\"\/><figcaption class=\"wp-element-caption\">kare kendinden tahrikli balya makinesi<\/figcaption><\/figure> <\/figure>    <h3 class=\"wp-block-heading\"><strong>Kare Balyalama Ekipman\u0131n\u0131n Yap\u0131s\u0131<\/strong><\/h3>    <p>Kendinden tahrikli balya makinesi, iletim sistemi, \u00e7eki\u015f kiri\u015fi, toplay\u0131c\u0131, balyalama odas\u0131 ve \u00e7\u0131k\u0131\u015ftan olu\u015fur. \u00c7ok basit bir yap\u0131. <\/p>   <div class=\"wp-block-image\"> <figure class=\"aligncenter size-full\"><img loading=\"lazy\" decoding=\"async\" width=\"720\" height=\"450\" src=\"https:\/\/taizyagromachine.com\/wp-content\/uploads\/2022\/06\/structure-of-square-cutting-and-baling-machine.jpg\" alt=\"kare kesme ve balyalama makinesinin yap\u0131s\u0131\" class=\"wp-image-2928\"\/><figcaption class=\"wp-element-caption\">kare kesme ve balyalama makinesinin yap\u0131s\u0131<\/figcaption><\/figure> <\/div>   <h3 class=\"wp-block-heading\"><strong>Kare Balya Makinas\u0131n\u0131n Teknik Parametreleri<\/strong><\/h3>    <figure class=\"wp-block-table\"><table><tbody><tr><td>Modeli<\/td><td>9YFQ-2.0<\/td><\/tr><tr><td>Hasat geni\u015fli\u011fi<\/td><td>2,0m<\/td><\/tr><tr><td>Trakt\u00f6r donan\u0131ml\u0131<\/td><td>75hp'den fazla<\/td><\/tr><tr><td>\u00dcretim verimlili\u011fi<\/td><td>3 ton\/saat<\/td><\/tr><tr><td>Genel boyut<\/td><td>4150*2850*1800mm<\/td><\/tr><\/tbody><\/table><\/figure>    <h2 class=\"wp-block-heading\" id=\"h-applications-of-self-propelled-hay-baler\"><strong>Kunda\u011f\u0131 Motorlu Saman Balya Makinesi Uygulamalar\u0131<\/strong><\/h2>    <p>Bu t\u00fcr saman kesici ve balya makinesi saha \u00e7al\u0131\u015fmalar\u0131na uygun oldu\u011fundan \u00e7e\u015fitli uygulamalara sahiptir. M\u0131s\u0131r saplar\u0131, \u015feker kam\u0131\u015f\u0131 yapraklar\u0131, bu\u011fday saman\u0131, pirin\u00e7 saman\u0131, yer f\u0131st\u0131\u011f\u0131 fideleri, tatl\u0131 patates fideleri, ye\u015fil \u00e7imen, saman vb. <\/p>   <div class=\"wp-block-image\"> <figure class=\"aligncenter size-full\"><img loading=\"lazy\" decoding=\"async\" width=\"720\" height=\"450\" src=\"https:\/\/taizyagromachine.com\/wp-content\/uploads\/2022\/06\/wide-applications-of-self-propelled-hay-baler.jpg\" alt=\"kendinden tahrikli saman balyalay\u0131c\u0131n\u0131n geni\u015f uygulamalar\u0131\" class=\"wp-image-2932\"\/><figcaption class=\"wp-element-caption\">kendinden tahrikli saman balyalay\u0131c\u0131n\u0131n geni\u015f uygulamalar\u0131<\/figcaption><\/figure> <\/div>   <h2 class=\"wp-block-heading\"><strong>Saman Kesici ve Balya Makinas\u0131n\u0131n \u00d6zellikleri Nelerdir?<\/strong><\/h2>    <ol class=\"wp-block-list\"> <li>\u0130thal Alman d\u00fc\u011f\u00fcmleyici ve ana iletim sistemi olan kendinden tahrikli balya makinesinin tamam\u0131 istikrarl\u0131 performansa ve y\u00fcksek balya olu\u015fum oran\u0131na sahiptir.<\/li>    <li>Kendinden tahrikli balya makinesi simetrik bir uzunlamas\u0131na eksene sahiptir, iyi s\u00fcr\u00fc\u015f stabilitesine sahiptir, \u00e7eki\u015fi kolayd\u0131r ve k\u00fc\u00e7\u00fck ve d\u00fczensiz arazi par\u00e7alar\u0131nda \u00e7al\u0131\u015fmaya uyum sa\u011flayabilir.<\/li>    <li>\u00c7im \u015feritleri, toplama i\u015fleminden yerde balya olu\u015fturmaya kadar her zaman d\u00fcz bir \u00e7izgide hareket eder ve \u00e7im \u015feridi ta\u015f\u0131ma ve balyalama i\u015flemi makuld\u00fcr, bu da pistonun ileri geri hareket frekans\u0131n\u0131 iyile\u015ftirmeye ve \u00fcretim kapasitesini art\u0131rmaya yard\u0131mc\u0131 olur.<\/li>    <li>Balyalama odas\u0131 ve iplik ge\u00e7irme i\u011fnesi, al\u00e7ak yatakl\u0131 partilerde iplik ge\u00e7irme i\u011fnesi yere temas etmeden \u00e7al\u0131\u015fmak i\u00e7in yerden yeterince y\u00fcksek a\u00e7\u0131kl\u0131\u011fa sahiptir, b\u00f6ylece geleneksel iplik ge\u00e7irme i\u011fnesi koruma \u00e7er\u00e7evesini ortadan kald\u0131r\u0131r. Toplay\u0131c\u0131, al\u00e7akta bulunan partilerde \u00e7al\u0131\u015fmaya olanak tan\u0131yan bir profil olu\u015fturma tekerle\u011fi ile donat\u0131lm\u0131\u015ft\u0131r.<\/li>    <li>K\u0131rma ve toplama, trakt\u00f6rle 3 ba\u011flant\u0131l\u0131 s\u00fcspansiyon.<\/li> <\/ol>    <figure class=\"wp-block-gallery aligncenter has-nested-images columns-default is-cropped wp-block-gallery-4 is-layout-flex wp-block-gallery-is-layout-flex\"> <figure class=\"wp-block-image size-large\"><img loading=\"lazy\" decoding=\"async\" width=\"720\" height=\"540\" data-id=\"2939\" src=\"https:\/\/taizyagromachine.com\/wp-content\/uploads\/2022\/06\/German-knotter.jpg\" alt=\"Alman d\u00fc\u011f\u00fcmleyici kendinden tahrikli balya makinesi\" class=\"wp-image-2939\"\/><figcaption class=\"wp-element-caption\">Alman d\u00fc\u011f\u00fcmleyici<\/figcaption><\/figure>    <figure class=\"wp-block-image size-full\"><img loading=\"lazy\" decoding=\"async\" width=\"720\" height=\"540\" data-id=\"2940\" src=\"https:\/\/taizyagromachine.com\/wp-content\/uploads\/2022\/06\/multifunction-crushing-picking.jpg\" alt=\"\u00e7ok i\u015flevli k\u0131rma ve toplama\" class=\"wp-image-2940\"\/><figcaption class=\"wp-element-caption\">k\u0131rma ve toplama<\/figcaption><\/figure>    <figure class=\"wp-block-image size-full\"><img loading=\"lazy\" decoding=\"async\" width=\"720\" height=\"540\" data-id=\"2938\" src=\"https:\/\/taizyagromachine.com\/wp-content\/uploads\/2022\/06\/3-linkage-suspension.jpg\" alt=\"Trakt\u00f6r kendinden tahrikli balya makinesi ile 3 ba\u011flant\u0131l\u0131 s\u00fcspansiyon\" class=\"wp-image-2938\"\/><figcaption class=\"wp-element-caption\">3 ba\u011flant\u0131l\u0131 s\u00fcspansiyon<\/figcaption><\/figure> <\/figure>    <h2 class=\"wp-block-heading\" id=\"h-why-choose-taizy-company-as-top-choice\"><strong>Neden Taizy \u015eirketini En \u0130yi Se\u00e7im Olarak Se\u00e7melisiniz?<\/strong><\/h2>    <p class=\"translation-block\">Biz, <a href=\"https:\/\/taizyagromachine.com\/tr\/\" target=\"_blank\" rel=\"noreferrer noopener\">Taizy Agro Machinery<\/a>, 10 y\u0131l\u0131 a\u015fk\u0131n s\u00fcredir tar\u0131m sekt\u00f6r\u00fcndeyiz. Her zaman ilk tercih olmam\u0131z\u0131n nedeni, kendine \u00f6zg\u00fc avantajlar\u0131m\u0131z\u0131n olmas\u0131d\u0131r.<\/p>    <p class=\"translation-block\"><strong>M\u00fckemmel kalite<\/strong>. Kendi y\u00fcr\u00fcr balya makinemiz, s\u0131k\u0131 \u00fcretim kurallar\u0131na sahiptir, ayr\u0131ca sap balya makinesi, <a href=\"https:\/\/taizyagromachine.com\/tr\/product\/straw-crushing-and-recycling-machine\/\" target=\"_blank\" rel=\"noreferrer noopener\">silaj hasat ve geri d\u00f6n\u00fc\u015f\u00fcm makinesi<\/a> vb. Ayr\u0131ca tar\u0131m makinelerimiz CE sertifikas\u0131na sahip olup, yabanc\u0131 \u00fclkeler ve b\u00f6lgeler aras\u0131nda iyi kar\u015f\u0131lanmaktad\u0131r. <\/p>    <p class=\"translation-block\"><strong>Geli\u015fmi\u015f teknoloji<\/strong>. Balya makinesi, geli\u015fmi\u015f teknolojiyi benimser ve pazar taleplerini birle\u015ftirerek yeni tip bir yem balya makinesi tasarlar. Piyasada pop\u00fclerdir.<\/p>    <p class=\"translation-block\"><strong>M\u00fckemmel hizmet<\/strong>. Sat\u0131\u015f sonras\u0131, m\u00fc\u015fterilerin yak\u0131n gelecekte ortaya \u00e7\u0131kabilecek her t\u00fcrl\u00fc sorununu \u00e7\u00f6zmek i\u00e7in rahat bir sat\u0131\u015f sonras\u0131 hizmeti de sunuyoruz.<\/p>    <h2 class=\"wp-block-heading\" id=\"h-successful-case-self-propelled-small-square-baler-sold-to-iran\"><strong>Ba\u015far\u0131l\u0131 \u00d6rnek: Kunda\u011f\u0131 Motorlu K\u00fc\u00e7\u00fck Kare Balya Makinesi \u0130ran'a Sat\u0131ld\u0131  <\/strong><\/h2>    <p>Sat\u0131\u015f m\u00fcd\u00fcr\u00fcm\u00fcz Winnie, \u0130ran'daki bir m\u00fc\u015fteriden bir soru ald\u0131. Yem toplamak istiyor ve kendi trakt\u00f6r\u00fc var. \u0130ran Orta Do\u011fu'da yer ald\u0131\u011f\u0131ndan ve kare balyalar\u0131 tercih etti\u011finden, Winnie kare balya makinesi hakk\u0131nda parametreler, konfig\u00fcrasyon, foto\u011fraflar, videolar vb. dahil olmak \u00fczere ilgili bilgileri g\u00f6nderdi. Onayland\u0131ktan sonra \u0130ranl\u0131 m\u00fc\u015fteri onu \u00e7ok be\u011fendi. B\u00f6ylece s\u00f6zle\u015fme imzaland\u0131. Gidece\u011fi yere g\u00f6nderdik. \u0130ranl\u0131 m\u00fc\u015fteri, makineyi ald\u0131ktan sonra kendinden tahrikli balya makinesinin \u00e7ok iyi \u00e7al\u0131\u015ft\u0131\u011f\u0131n\u0131 ve tekrar birlikte \u00e7al\u0131\u015fma f\u0131rsat\u0131 bulaca\u011f\u0131m\u0131z\u0131 s\u00f6yledi.<\/p>    <h2 class=\"wp-block-heading\" id=\"h-faq\"><strong>SSS<\/strong><\/h2>   <div id=\"rank-math-faq\" class=\"rank-math-block\"> <div class=\"rank-math-list\"> <div id=\"faq-question-1665309290478\" class=\"rank-math-list-item\"> <h3 class=\"rank-math-question\"><strong>S: Kendinden tahrikli balya makinesinin toplama geni\u015fli\u011fi nedir?<\/strong><\/h3> <div class=\"rank-math-answer\">  <p>C: 1,3m, 1,8m, 2m.<\/p>  <\/div> <\/div> <div id=\"faq-question-1665309298217\" class=\"rank-math-list-item\"> <h3 class=\"rank-math-question\"><strong>S: Esas olarak ne t\u00fcr ekipmanlar \u00fcretiyorsunuz?<\/strong><\/h3> <div class=\"rank-math-answer\">  <p>C: Esas olarak tar\u0131m makineleri ve tar\u0131m makineleri \u00fcretiyoruz.<\/p>  <\/div> <\/div> <div id=\"faq-question-1665309313441\" class=\"rank-math-list-item\"> <h3 class=\"rank-math-question\"><strong>S: Nakliye yeri nerede?<\/strong><\/h3> <div class=\"rank-math-answer\">  <p>C: \u00c7in'in merkezi ovas\u0131 Henan'da yer ald\u0131\u011f\u0131ndan ula\u015f\u0131m ve h\u0131zl\u0131 teslimat\u0131 geli\u015ftirdik.<\/p>  <\/div> <\/div> <\/div> <\/div>   <h2 class=\"wp-block-heading\"><strong>Saman Kesici ve Balya Makinas\u0131n\u0131n \u00c7al\u0131\u015fma Videosu <\/strong><\/h2>    <figure class=\"wp-block-embed is-type-video is-provider-youtube wp-block-embed-youtube wp-embed-aspect-16-9 wp-has-aspect-ratio\"><div class=\"wp-block-embed__wrapper\"> <iframe loading=\"lazy\" title=\"Saman Kesici ve Balya Makinesi | Trakt\u00f6rl\u00fc Saman Toplama, K\u0131rma ve Balyalama Makinas\u0131 #hay #strawbale\" width=\"500\" height=\"281\" src=\"https:\/\/www.youtube.com\/embed\/PhkH7-TU5-I?feature=oembed\" frameborder=\"0\" allow=\"accelerometer; autoplay; clipboard-write; encrypted-media; gyroscope; picture-in-picture; web-share\" referrerpolicy=\"strict-origin-when-cross-origin\" allowfullscreen><\/iframe> <\/div><\/figure>","protected":false},"excerpt":{"rendered":"<p>The self propelled baler is an agricultural machine that integrates &#8220;picking, cutting and baling&#8221;. This hay cutter and baler machine can not only work in low-lying areas, but also feed the material more smoothly and not easily blocked. Besides, this machine has CE certificate, which is very popular in domestic and international market. The machine [&hellip;]<\/p>\n","protected":false},"author":1,"featured_media":2907,"parent":0,"template":"","tags":[120,117,103,119,118,122,121,116],"product-type":[19],"class_list":["post-2905","product","type-product","status-publish","has-post-thumbnail","hentry","tag-agriculture-machinery","tag-baling-machine","tag-hay-baler","tag-hay-baling-machine","tag-hay-cutter-and-baler","tag-self-propelled-round-baler","tag-self-propelled-square-baler","tag-silage","product-type-silage-machine"],"_links":{"self":[{"href":"https:\/\/taizyagromachine.com\/tr\/wp-json\/wp\/v2\/product\/2905","targetHints":{"allow":["GET"]}}],"collection":[{"href":"https:\/\/taizyagromachine.com\/tr\/wp-json\/wp\/v2\/product"}],"about":[{"href":"https:\/\/taizyagromachine.com\/tr\/wp-json\/wp\/v2\/types\/product"}],"author":[{"embeddable":true,"href":"https:\/\/taizyagromachine.com\/tr\/wp-json\/wp\/v2\/users\/1"}],"wp:featuredmedia":[{"embeddable":true,"href":"https:\/\/taizyagromachine.com\/tr\/wp-json\/wp\/v2\/media\/2907"}],"wp:attachment":[{"href":"https:\/\/taizyagromachine.com\/tr\/wp-json\/wp\/v2\/media?parent=2905"}],"wp:term":[{"taxonomy":"post_tag","embeddable":true,"href":"https:\/\/taizyagromachine.com\/tr\/wp-json\/wp\/v2\/tags?post=2905"},{"taxonomy":"product-type","embeddable":true,"href":"https:\/\/taizyagromachine.com\/tr\/wp-json\/wp\/v2\/product-type?post=2905"}],"curies":[{"name":"wp","href":"https:\/\/api.w.org\/{rel}","templated":true}]}}